{"id":2455,"date":"2020-03-02T17:32:50","date_gmt":"2020-03-02T16:32:50","guid":{"rendered":"https:\/\/www.hroyal.it\/?page_id=2455"},"modified":"2020-03-18T10:15:51","modified_gmt":"2020-03-18T09:15:51","slug":"webcam-torre-pedrera-rimini","status":"publish","type":"page","link":"https:\/\/www.hoteldoge.net\/pl\/webcam-torre-pedrera-rimini\/","title":{"rendered":"Webcam Torre Pedrera Rimini"},"content":{"rendered":"<section class=\"l-section wpb_row us_custom_33fe73d0 height_huge width_full\"><div class=\"l-section-h i-cf\"><div class=\"g-cols vc_row via_flex valign_top type_default stacking_default\"><div class=\"vc_col-sm-12 wpb_column vc_column_container\"><div class=\"vc_column-inner\"><div class=\"wpb_wrapper\">\n\t\t\t<!-- START cameraspiaggia REVOLUTION SLIDER 6.7.37 --><p class=\"rs-p-wp-fix\"><\/p>\n\t\t\t<rs-module-wrap id=\"rev_slider_7_1_wrapper\" data-source=\"gallery\" style=\"visibility:hidden;background:transparent;padding:0;margin:0px auto;margin-top:0;margin-bottom:0;\">\n\t\t\t\t<rs-module id=\"rev_slider_7_1\" style=\"\" data-version=\"6.7.37\">\n\t\t\t\t\t<rs-slides style=\"overflow: hidden; position: absolute;\">\n\t\t\t\t\t\t<rs-slide style=\"position: absolute;\" data-key=\"rs-8\" data-title=\"Slide\" data-anim=\"ms:1000;r:0;\" data-in=\"o:0;\" data-out=\"a:false;\">\n\t\t\t\t\t\t\t<img decoding=\"async\" src=\"\/\/www.hoteldoge.net\/wp-content\/plugins\/revslider\/sr6\/assets\/assets\/dummy.png\" alt=\"\" title=\"spiaggia-header\" width=\"1920\" height=\"1050\" class=\"rev-slidebg tp-rs-img rs-lazyload\" data-lazyload=\"\/\/www.hoteldoge.net\/wp-content\/uploads\/2019\/12\/spiaggia-header.jpg\" data-bg=\"p:center bottom;\" data-no-retina>\n<!---->\t\t\t\t\t<\/rs-slide>\n\t\t\t\t\t<\/rs-slides>\n\t\t\t\t<\/rs-module>\n\t\t\t\t<script>\n\t\t\t\t\tsetREVStartSize({c: 'rev_slider_7_1',rl:[1240,1024,778,480],el:[900],gw:[1240],gh:[900],type:'hero',justify:'',layout:'fullwidth',mh:\"0\"});if (window.RS_MODULES!==undefined && window.RS_MODULES.modules!==undefined && window.RS_MODULES.modules[\"revslider71\"]!==undefined) {window.RS_MODULES.modules[\"revslider71\"].once = false;window.revapi7 = undefined;if (window.RS_MODULES.checkMinimal!==undefined) window.RS_MODULES.checkMinimal()}\n\t\t\t\t<\/script>\n\t\t\t<\/rs-module-wrap>\n\t\t\t<!-- END REVOLUTION SLIDER -->\n<\/div><\/div><\/div><\/div><\/div><\/section><section class=\"l-section wpb_row us_custom_0974208a height_medium\"><div class=\"l-section-h i-cf\"><div class=\"g-cols vc_row via_flex valign_middle type_default stacking_default\"><div class=\"vc_col-sm-4 wpb_column vc_column_container\"><div class=\"vc_column-inner\"><div class=\"wpb_wrapper\">[vc_custom_heading text=&#8221;Webcam Hotel Doge Torre Pedrera&#8221; font_container=&#8221;tag:h1|font_size:30|text_align:left&#8221; google_fonts=&#8221;font_family:Raleway%3A100%2C200%2C300%2Cregular%2C500%2C600%2C700%2C800%2C900|font_style:700%20bold%20regular%3A700%3Anormal&#8221; css=&#8221;%7B%22default%22%3A%7B%22font-size%22%3A%2230%22%7D%7D&#8221;]<div class=\"wpb_text_column\"><div class=\"wpb_wrapper\"><p>Panorama Morza Adriatyckiego z miejsca widokowego Hotelu Doge w Torre Pedrera. Aktualizacja obrazu w czasie rzeczywistym odnawia si\u0119, co 30 sekund. [contentblock id=4].<br \/>\nHotel Doge, in Via San Salvador n. 156 a Torre Pedrera, Rimini.<\/p>\n<\/div><\/div><div class=\" ubtn-ctn-left \"><a class=\"ubtn-link ult-adjust-bottom-margin ubtn-left ubtn-large \" href=\"https:\/\/www.hoteldoge.net\/pl\/alla-inclusive-torre-pedrera.html\" ><button type=\"button\" id=\"ubtn-6932\"  class=\"ubtn ult-adjust-bottom-margin ult-responsive ubtn-large ubtn-no-hover-bg  none  ubtn-left   tooltip-6a06f4fc86308\"  data-hover=\"#000000\" data-border-color=\"\" data-bg=\"#a69180\" data-hover-bg=\"#f2e2c4\" data-border-hover=\"\" data-shadow-hover=\"\" data-shadow-click=\"none\" data-shadow=\"\" data-shd-shadow=\"\"  data-ultimate-target='#ubtn-6932'  data-responsive-json-new='{\"font-size\":\"desktop:18px;\",\"line-height\":\"\"}'  style=\"font-family:&#039;Raleway&#039;;font-weight:normal;border:none;background: #a69180;color: #000000;\"><span class=\"ubtn-hover\" style=\"background-color:#f2e2c4\"><\/span><span class=\"ubtn-data ubtn-text \" >Wi\u0119cej imformacji o cenach i ofertach.<\/span><\/button><\/a><\/div><div class=\"w-separator size_medium\"><\/div><\/div><\/div><\/div><div class=\"vc_col-sm-8 wpb_column vc_column_container\"><div class=\"vc_column-inner us_custom_4edece6e\"><div class=\"wpb_wrapper\"><div class=\"wpb_text_column\"><div class=\"wpb_wrapper\"><p><img decoding=\"async\" style=\"width: 100%; height: auto;\" src=\"http:\/\/213.152.212.3:85\/onvif\/snapshot.jpg\" alt=\"\" \/><\/p>\n<\/div><\/div><\/div><\/div><\/div><\/div><\/div><\/section><!-- Row Backgrounds --><div class=\"upb_color\" data-bg-override=\"0\" data-bg-color=\"#f2e1c5\" data-fadeout=\"\" data-fadeout-percentage=\"30\" data-parallax-content=\"\" data-parallax-content-sense=\"30\" data-row-effect-mobile-disable=\"true\" data-img-parallax-mobile-disable=\"true\" data-rtl=\"false\"  data-custom-vc-row=\"\"  data-vc=\"8.6.1\"  data-is_old_vc=\"\"  data-theme-support=\"\"   data-overlay=\"false\" data-overlay-color=\"\" data-overlay-pattern=\"\" data-overlay-pattern-opacity=\"\" data-overlay-pattern-size=\"\"    ><\/div><section class=\"l-section wpb_row us_custom_0974208a height_medium\"><div class=\"l-section-h i-cf\"><div class=\"g-cols vc_row via_flex valign_middle type_default stacking_default\"><div class=\"vc_col-sm-8 wpb_column vc_column_container\"><div class=\"vc_column-inner\"><div class=\"wpb_wrapper\"><div class=\"wpb_text_column\"><div class=\"wpb_wrapper\"><p><iframe loading=\"lazy\" style=\"border: none; overflow: hidden;\" src=\"https:\/\/www.facebook.com\/plugins\/video.php?href=https%3A%2F%2Fwww.facebook.com%2Fhoteldoge%2Fvideos%2F2179861708720696%2F&amp;show_text=0&amp;width=560\" width=\"750\" height=\"396\" frameborder=\"0\" scrolling=\"no\" allowfullscreen=\"allowfullscreen\"><\/iframe><\/p>\n<\/div><\/div><\/div><\/div><\/div><div class=\"vc_col-sm-4 wpb_column vc_column_container\"><div class=\"vc_column-inner\"><div class=\"wpb_wrapper\">[vc_custom_heading text=&#8221;Wideo Hotel Doge&#8221; font_container=&#8221;tag:h1|text_align:left&#8221; google_fonts=&#8221;font_family:Raleway%3A100%2C200%2C300%2Cregular%2C500%2C600%2C700%2C800%2C900|font_style:700%20bold%20regular%3A700%3Anormal&#8221; css=&#8221;%7B%22default%22%3A%7B%22font-size%22%3A%2230%22%7D%7D&#8221;]<div class=\"wpb_text_column\"><div class=\"wpb_wrapper\"><p>Wideofilm z hotelu Doge i nowej pla\u017cy Bela Burdela zrealizowany przy u\u017cyciu drona z kamer\u0105. <\/p>\n<\/div><\/div><div class=\" ubtn-ctn-left \"><a class=\"ubtn-link ult-adjust-bottom-margin ubtn-left ubtn-large \" href=\"https:\/\/www.hoteldoge.net\/pl\/kontakt.html\" ><button type=\"button\" id=\"ubtn-2735\"  class=\"ubtn ult-adjust-bottom-margin ult-responsive ubtn-large ubtn-no-hover-bg  none  ubtn-left   tooltip-6a06f4fc86bc6\"  data-hover=\"#000000\" data-border-color=\"\" data-bg=\"#a69180\" data-hover-bg=\"#f2e2c4\" data-border-hover=\"\" data-shadow-hover=\"\" data-shadow-click=\"none\" data-shadow=\"\" data-shd-shadow=\"\"  data-ultimate-target='#ubtn-2735'  data-responsive-json-new='{\"font-size\":\"desktop:18px;\",\"line-height\":\"\"}'  style=\"font-family:&#039;Raleway&#039;;font-weight:normal;border:none;background: #a69180;color: #000000;\"><span class=\"ubtn-hover\" style=\"background-color:#f2e2c4\"><\/span><span class=\"ubtn-data ubtn-text \" >zapytaj o wi\u0119cej informacji<\/span><\/button><\/a><\/div><div class=\"w-separator size_medium\"><\/div><div class=\"w-separator size_medium\"><\/div><\/div><\/div><\/div><\/div><\/div><\/section><!-- Row Backgrounds --><div class=\"upb_color\" data-bg-override=\"0\" data-bg-color=\"#7f9c96\" data-fadeout=\"\" data-fadeout-percentage=\"30\" data-parallax-content=\"\" data-parallax-content-sense=\"30\" data-row-effect-mobile-disable=\"true\" data-img-parallax-mobile-disable=\"true\" data-rtl=\"false\"  data-custom-vc-row=\"\"  data-vc=\"8.6.1\"  data-is_old_vc=\"\"  data-theme-support=\"\"   data-overlay=\"false\" data-overlay-color=\"\" data-overlay-pattern=\"\" data-overlay-pattern-opacity=\"\" data-overlay-pattern-size=\"\"    ><\/div>\n","protected":false},"excerpt":{"rendered":"[vc_custom_heading text=\"Webcam Hotel Doge Torre Pedrera\" font_container=\"tag:h1|font_size:30|text_align:left\" google_fonts=\"font_family:Raleway%3A100%2C200%2C300%2Cregular%2C500%2C600%2C700%2C800%2C900|font_style:700%20bold%20regular%3A700%3Anormal\" css=\"%7B%22default%22%3A%7B%22font-size%22%3A%2230%22%7D%7D\"]Panorama Morza Adriatyckiego z miejsca widokowego Hotelu Doge w Torre Pedrera. Aktualizacja obrazu w czasie rzeczywistym odnawia si\u0119, co 30 sekund. [contentblock id=4]. Hotel Doge, in Via San Salvador n. 156 a Torre Pedrera, Rimini. Wi\u0119cej imformacji o cenach i ofertach. [vc_custom_heading text=\"Wideo Hotel Doge\" font_container=\"tag:h1|text_align:left\" google_fonts=\"font_family:Raleway%3A100%2C200%2C300%2Cregular%2C500%2C600%2C700%2C800%2C900|font_style:700%20bold%20regular%3A700%3Anormal\"...","protected":false},"author":1,"featured_media":0,"parent":0,"menu_order":0,"comment_status":"closed","ping_status":"closed","template":"","meta":{"footnotes":""},"class_list":["post-2455","page","type-page","status-publish","hentry"],"yoast_head":"<!-- This site is optimized with the Yoast SEO plugin v26.5 - https:\/\/yoast.com\/wordpress\/plugins\/seo\/ -->\n<title>Webcam Torre Pedrera Rimini<\/title>\n<meta name=\"description\" content=\"Webcam Torre Pedrera Rimini \u2013 Panorama morza Adriatyckiego, widok z hotelu Doge w Torre Pedrera.\" \/>\n<meta name=\"robots\" content=\"index, follow, max-snippet:-1, max-image-preview:large, max-video-preview:-1\" \/>\n<link rel=\"canonical\" href=\"https:\/\/www.hoteldoge.net\/pl\/webcam-torre-pedrera-rimini\/\" \/>\n<meta property=\"og:locale\" content=\"pl_PL\" \/>\n<meta property=\"og:type\" content=\"article\" \/>\n<meta property=\"og:title\" content=\"Webcam Torre Pedrera Rimini\" \/>\n<meta property=\"og:description\" content=\"Webcam Torre Pedrera Rimini \u2013 Panorama morza Adriatyckiego, widok z hotelu Doge w Torre Pedrera.\" \/>\n<meta property=\"og:url\" content=\"https:\/\/www.hoteldoge.net\/pl\/webcam-torre-pedrera-rimini\/\" \/>\n<meta property=\"og:site_name\" content=\"Hotel Doge Torre Pedrera\" \/>\n<meta property=\"article:modified_time\" content=\"2020-03-18T09:15:51+00:00\" \/>\n<meta property=\"og:image\" content=\"http:\/\/213.152.212.3:85\/onvif\/snapshot.jpg\" \/>\n<meta name=\"twitter:card\" content=\"summary_large_image\" \/>\n<meta name=\"twitter:label1\" content=\"Szacowany czas czytania\" \/>\n\t<meta name=\"twitter:data1\" content=\"2 minuty\" \/>\n<script type=\"application\/ld+json\" class=\"yoast-schema-graph\">{\"@context\":\"https:\/\/schema.org\",\"@graph\":[{\"@type\":\"WebPage\",\"@id\":\"https:\/\/www.hoteldoge.net\/pl\/webcam-torre-pedrera-rimini\/\",\"url\":\"https:\/\/www.hoteldoge.net\/pl\/webcam-torre-pedrera-rimini\/\",\"name\":\"Webcam Torre Pedrera Rimini\",\"isPartOf\":{\"@id\":\"https:\/\/www.hoteldoge.net\/de\/#website\"},\"primaryImageOfPage\":{\"@id\":\"https:\/\/www.hoteldoge.net\/pl\/webcam-torre-pedrera-rimini\/#primaryimage\"},\"image\":{\"@id\":\"https:\/\/www.hoteldoge.net\/pl\/webcam-torre-pedrera-rimini\/#primaryimage\"},\"thumbnailUrl\":\"http:\/\/213.152.212.3:85\/onvif\/snapshot.jpg\",\"datePublished\":\"2020-03-02T16:32:50+00:00\",\"dateModified\":\"2020-03-18T09:15:51+00:00\",\"description\":\"Webcam Torre Pedrera Rimini \u2013 Panorama morza Adriatyckiego, widok z hotelu Doge w Torre Pedrera.\",\"breadcrumb\":{\"@id\":\"https:\/\/www.hoteldoge.net\/pl\/webcam-torre-pedrera-rimini\/#breadcrumb\"},\"inLanguage\":\"pl-PL\",\"potentialAction\":[{\"@type\":\"ReadAction\",\"target\":[\"https:\/\/www.hoteldoge.net\/pl\/webcam-torre-pedrera-rimini\/\"]}]},{\"@type\":\"ImageObject\",\"inLanguage\":\"pl-PL\",\"@id\":\"https:\/\/www.hoteldoge.net\/pl\/webcam-torre-pedrera-rimini\/#primaryimage\",\"url\":\"http:\/\/213.152.212.3:85\/onvif\/snapshot.jpg\",\"contentUrl\":\"http:\/\/213.152.212.3:85\/onvif\/snapshot.jpg\"},{\"@type\":\"BreadcrumbList\",\"@id\":\"https:\/\/www.hoteldoge.net\/pl\/webcam-torre-pedrera-rimini\/#breadcrumb\",\"itemListElement\":[{\"@type\":\"ListItem\",\"position\":1,\"name\":\"Home\",\"item\":\"https:\/\/www.hoteldoge.net\/it\/\"},{\"@type\":\"ListItem\",\"position\":2,\"name\":\"Webcam Torre Pedrera Rimini\"}]},{\"@type\":\"WebSite\",\"@id\":\"https:\/\/www.hoteldoge.net\/de\/#website\",\"url\":\"https:\/\/www.hoteldoge.net\/de\/\",\"name\":\"Hotel Doge Torre Pedrera\",\"description\":\"Hotel 3 stelle Torre Pedrera All inclusive con Piscina e Spiaggia\",\"potentialAction\":[{\"@type\":\"SearchAction\",\"target\":{\"@type\":\"EntryPoint\",\"urlTemplate\":\"https:\/\/www.hoteldoge.net\/de\/?s={search_term_string}\"},\"query-input\":{\"@type\":\"PropertyValueSpecification\",\"valueRequired\":true,\"valueName\":\"search_term_string\"}}],\"inLanguage\":\"pl-PL\"}]}<\/script>\n<!-- \/ Yoast SEO plugin. -->","yoast_head_json":{"title":"Webcam Torre Pedrera Rimini","description":"Webcam Torre Pedrera Rimini \u2013 Panorama morza Adriatyckiego, widok z hotelu Doge w Torre Pedrera.","robots":{"index":"index","follow":"follow","max-snippet":"max-snippet:-1","max-image-preview":"max-image-preview:large","max-video-preview":"max-video-preview:-1"},"canonical":"https:\/\/www.hoteldoge.net\/pl\/webcam-torre-pedrera-rimini\/","og_locale":"pl_PL","og_type":"article","og_title":"Webcam Torre Pedrera Rimini","og_description":"Webcam Torre Pedrera Rimini \u2013 Panorama morza Adriatyckiego, widok z hotelu Doge w Torre Pedrera.","og_url":"https:\/\/www.hoteldoge.net\/pl\/webcam-torre-pedrera-rimini\/","og_site_name":"Hotel Doge Torre Pedrera","article_modified_time":"2020-03-18T09:15:51+00:00","og_image":[{"url":"http:\/\/213.152.212.3:85\/onvif\/snapshot.jpg","type":"","width":"","height":""}],"twitter_card":"summary_large_image","twitter_misc":{"Szacowany czas czytania":"2 minuty"},"schema":{"@context":"https:\/\/schema.org","@graph":[{"@type":"WebPage","@id":"https:\/\/www.hoteldoge.net\/pl\/webcam-torre-pedrera-rimini\/","url":"https:\/\/www.hoteldoge.net\/pl\/webcam-torre-pedrera-rimini\/","name":"Webcam Torre Pedrera Rimini","isPartOf":{"@id":"https:\/\/www.hoteldoge.net\/de\/#website"},"primaryImageOfPage":{"@id":"https:\/\/www.hoteldoge.net\/pl\/webcam-torre-pedrera-rimini\/#primaryimage"},"image":{"@id":"https:\/\/www.hoteldoge.net\/pl\/webcam-torre-pedrera-rimini\/#primaryimage"},"thumbnailUrl":"http:\/\/213.152.212.3:85\/onvif\/snapshot.jpg","datePublished":"2020-03-02T16:32:50+00:00","dateModified":"2020-03-18T09:15:51+00:00","description":"Webcam Torre Pedrera Rimini \u2013 Panorama morza Adriatyckiego, widok z hotelu Doge w Torre Pedrera.","breadcrumb":{"@id":"https:\/\/www.hoteldoge.net\/pl\/webcam-torre-pedrera-rimini\/#breadcrumb"},"inLanguage":"pl-PL","potentialAction":[{"@type":"ReadAction","target":["https:\/\/www.hoteldoge.net\/pl\/webcam-torre-pedrera-rimini\/"]}]},{"@type":"ImageObject","inLanguage":"pl-PL","@id":"https:\/\/www.hoteldoge.net\/pl\/webcam-torre-pedrera-rimini\/#primaryimage","url":"http:\/\/213.152.212.3:85\/onvif\/snapshot.jpg","contentUrl":"http:\/\/213.152.212.3:85\/onvif\/snapshot.jpg"},{"@type":"BreadcrumbList","@id":"https:\/\/www.hoteldoge.net\/pl\/webcam-torre-pedrera-rimini\/#breadcrumb","itemListElement":[{"@type":"ListItem","position":1,"name":"Home","item":"https:\/\/www.hoteldoge.net\/it\/"},{"@type":"ListItem","position":2,"name":"Webcam Torre Pedrera Rimini"}]},{"@type":"WebSite","@id":"https:\/\/www.hoteldoge.net\/de\/#website","url":"https:\/\/www.hoteldoge.net\/de\/","name":"Hotel Doge Torre Pedrera","description":"Hotel 3 stelle Torre Pedrera All inclusive con Piscina e Spiaggia","potentialAction":[{"@type":"SearchAction","target":{"@type":"EntryPoint","urlTemplate":"https:\/\/www.hoteldoge.net\/de\/?s={search_term_string}"},"query-input":{"@type":"PropertyValueSpecification","valueRequired":true,"valueName":"search_term_string"}}],"inLanguage":"pl-PL"}]}},"_links":{"self":[{"href":"https:\/\/www.hoteldoge.net\/pl\/wp-json\/wp\/v2\/pages\/2455","targetHints":{"allow":["GET"]}}],"collection":[{"href":"https:\/\/www.hoteldoge.net\/pl\/wp-json\/wp\/v2\/pages"}],"about":[{"href":"https:\/\/www.hoteldoge.net\/pl\/wp-json\/wp\/v2\/types\/page"}],"author":[{"embeddable":true,"href":"https:\/\/www.hoteldoge.net\/pl\/wp-json\/wp\/v2\/users\/1"}],"replies":[{"embeddable":true,"href":"https:\/\/www.hoteldoge.net\/pl\/wp-json\/wp\/v2\/comments?post=2455"}],"version-history":[{"count":4,"href":"https:\/\/www.hoteldoge.net\/pl\/wp-json\/wp\/v2\/pages\/2455\/revisions"}],"predecessor-version":[{"id":2670,"href":"https:\/\/www.hoteldoge.net\/pl\/wp-json\/wp\/v2\/pages\/2455\/revisions\/2670"}],"wp:attachment":[{"href":"https:\/\/www.hoteldoge.net\/pl\/wp-json\/wp\/v2\/media?parent=2455"}],"curies":[{"name":"wp","href":"https:\/\/api.w.org\/{rel}","templated":true}]}}