{"id":2440,"date":"2020-03-02T17:19:59","date_gmt":"2020-03-02T16:19:59","guid":{"rendered":"https:\/\/www.hroyal.it\/?page_id=2440"},"modified":"2020-03-18T10:17:54","modified_gmt":"2020-03-18T09:17:54","slug":"torre-pedrera-rimini","status":"publish","type":"page","link":"https:\/\/www.hoteldoge.net\/pl\/torre-pedrera-rimini\/","title":{"rendered":"Co warto zobaczy\u0107 w Torre Pedrera"},"content":{"rendered":"<section class=\"l-section wpb_row us_custom_33fe73d0 height_medium\"><div class=\"l-section-h i-cf\"><div class=\"g-cols vc_row via_flex valign_top type_default stacking_default\"><div class=\"vc_col-sm-12 wpb_column vc_column_container\"><div class=\"vc_column-inner\"><div class=\"wpb_wrapper\">\n\t\t\t<!-- START cameraspiaggia REVOLUTION SLIDER 6.7.37 --><p class=\"rs-p-wp-fix\"><\/p>\n\t\t\t<rs-module-wrap id=\"rev_slider_7_1_wrapper\" data-source=\"gallery\" style=\"visibility:hidden;background:transparent;padding:0;margin:0px auto;margin-top:0;margin-bottom:0;\">\n\t\t\t\t<rs-module id=\"rev_slider_7_1\" style=\"\" data-version=\"6.7.37\">\n\t\t\t\t\t<rs-slides style=\"overflow: hidden; position: absolute;\">\n\t\t\t\t\t\t<rs-slide style=\"position: absolute;\" data-key=\"rs-8\" data-title=\"Slide\" data-anim=\"ms:1000;r:0;\" data-in=\"o:0;\" data-out=\"a:false;\">\n\t\t\t\t\t\t\t<img decoding=\"async\" src=\"\/\/www.hoteldoge.net\/wp-content\/plugins\/revslider\/sr6\/assets\/assets\/dummy.png\" alt=\"\" title=\"spiaggia-header\" width=\"1920\" height=\"1050\" class=\"rev-slidebg tp-rs-img rs-lazyload\" data-lazyload=\"\/\/www.hoteldoge.net\/wp-content\/uploads\/2019\/12\/spiaggia-header.jpg\" data-bg=\"p:center bottom;\" data-no-retina>\n<!---->\t\t\t\t\t<\/rs-slide>\n\t\t\t\t\t<\/rs-slides>\n\t\t\t\t<\/rs-module>\n\t\t\t\t<script>\n\t\t\t\t\tsetREVStartSize({c: 'rev_slider_7_1',rl:[1240,1024,778,480],el:[900],gw:[1240],gh:[900],type:'hero',justify:'',layout:'fullwidth',mh:\"0\"});if (window.RS_MODULES!==undefined && window.RS_MODULES.modules!==undefined && window.RS_MODULES.modules[\"revslider71\"]!==undefined) {window.RS_MODULES.modules[\"revslider71\"].once = false;window.revapi7 = undefined;if (window.RS_MODULES.checkMinimal!==undefined) window.RS_MODULES.checkMinimal()}\n\t\t\t\t<\/script>\n\t\t\t<\/rs-module-wrap>\n\t\t\t<!-- END REVOLUTION SLIDER -->\n<\/div><\/div><\/div><\/div><\/div><\/section><section class=\"l-section wpb_row height_medium\"><div class=\"l-section-h i-cf\"><div class=\"g-cols vc_row via_flex valign_top type_default stacking_default\"><div class=\"vc_col-sm-12 wpb_column vc_column_container\"><div class=\"vc_column-inner\"><div class=\"wpb_wrapper\"><div class=\"wpb_text_column\"><div class=\"wpb_wrapper\"><p>Torre Pedrera jest jedn\u0105 z najbardziej znanych miejscowo\u015bci nadmorskich wybrze\u017ca Emilii Romanii. Na czystych i doskonale zorganizowanych pla\u017cach mo\u017cna uprawia\u0107 surfing, \u017ceglarstwo, siatk\u00f3wk\u0119 pla\u017cow\u0105, i wiele innych sport\u00f3w i zabaw wodnych.<\/p>\n<p>Ma\u0142e go\u015bcinne miasteczko z eksplozj\u0105 barw, emanuje weso\u0142o\u015bci\u0105 i go\u015bcinno\u015bci\u0105 jego mieszka\u0144c\u00f3w, nie wspominaj\u0105c o kuchni regionalnej, kt\u00f3r\u0105 to mo\u017cna degustowa\u0107 w licznych nadmorskich lokalach.<\/p>\n<p>W porze letniej Torre Pedrera zamienia si\u0119 w centrum rozrywki, pokaz\u00f3w i festiwali. Miasteczko oferuje wi\u0119cej ni\u017c relaks i to jest jego sekret. Sami mieszka\u0144cy odkrywaj\u0105 je na nowo rozmawiaj\u0105c z zauroczonymi tym miejscem turystami i zdaj\u0105 sobie wtedy spraw\u0119, \u017ce zamieszkuj\u0105 jeden z najpi\u0119kniejszych zak\u0105tk\u00f3w wybrze\u017ca Romanii.<br \/>\nDa vedere a T<\/p>\n<p><strong>co warto zobaczy\u0107 w Torre Pedrera<\/strong><\/p>\n<ul>\n<li>Wybrze\u017ce morskie<\/li>\n<li>2 km z\u0142otej pla\u017cy<\/li>\n<li>Imprezy organizowane przez Stowarzyszenie Turystyczne<\/li>\n<li>Easty Coast Festiwal ( zlot ameryka\u0144skich samochod\u00f3w)<\/li>\n<li>R\u00f3\u017cow\u0105 noc<\/li>\n<li>\u201e Festa della Trebbiatura \u201e tradycyjne \u015bwi\u0119to rolnik\u00f3w zwi\u0105zane z m\u0142\u00f3ceniem zbo\u017ca<\/li>\n<li>Letni Sylwester w sierpniu.<\/li>\n<\/ul>\n<\/div><\/div><div class=\"g-cols wpb_row via_flex valign_top type_default stacking_default\"><div class=\"vc_col-sm-12 wpb_column vc_column_container\"><div class=\"vc_column-inner\"><div class=\"wpb_wrapper\"><div class=\"w-grid type_masonry layout_portfolio_3 cols_4 with_isotope ratio_1x1\" id=\"us_grid_1\" style=\"--columns:4;--gap:0.5rem;--item-ratio:1;\" data-filterable=\"true\"><style>@media (max-width:1280px){#us_grid_1{--columns:3!important}}@media (max-width:1024px){#us_grid_1{--columns:2!important}}@media (max-width:600px){#us_grid_1{--columns:1!important}}@media (min-width:1024px){#us_grid_1 .w-post-elm.post_title{font-size:0px!important}}.layout_portfolio_3 .w-grid-item-h{}.layout_portfolio_3 .usg_post_image_1{transition-duration:0.4s;transform-origin:50% 50%;transform:scale(1) translate(0%,0%);opacity:0.25}.layout_portfolio_3 .w-grid-item-h:focus-within .usg_post_image_1,.layout_portfolio_3 .w-grid-item-h:hover .usg_post_image_1{transform:scale(1) translate(0%,0%);opacity:1}.layout_portfolio_3 .usg_post_title_1{transition-duration:0.3s;transform-origin:50% 50%;transform:scale(1) translate(0%,0%)}.layout_portfolio_3 .w-grid-item-h:focus-within .usg_post_title_1,.layout_portfolio_3 .w-grid-item-h:hover .usg_post_title_1{transform:scale(1) translate(0%,-100%);opacity:0}.layout_portfolio_3 .usg_post_taxonomy_1{transition-duration:0.3s;transform-origin:50% 50%;transform:scale(1) translate(0%,0%)}.layout_portfolio_3 .w-grid-item-h:focus-within .usg_post_taxonomy_1,.layout_portfolio_3 .w-grid-item-h:hover .usg_post_taxonomy_1{transform:scale(1) translate(0%,100%);opacity:0}.layout_portfolio_3 .usg_post_image_1{position:absolute!important;top:0!important;right:0!important;bottom:0!important;left:0!important}.layout_portfolio_3 .usg_vwrapper_1{position:absolute!important;top:0!important;right:0!important;bottom:0!important;left:0!important;padding:2rem!important}.layout_portfolio_3 .usg_post_title_1{color:inherit!important;font-size:1.4rem!important}<\/style><div class=\"w-grid-list\">\t<article class=\"w-grid-item size_1x1 post-1452 attachment type-attachment status-inherit hentry\" data-id=\"1452\">\n\t\t<div class=\"w-grid-item-h\">\n\t\t\t\t\t\t\t<a ref=\"magnificPopupGrid\" href=\"https:\/\/www.hoteldoge.net\/wp-content\/uploads\/2020\/01\/11800338_550757341729661_8019005853056593309_n.jpg\" class=\"w-grid-item-anchor\" aria-label=\"11800338_550757341729661_8019005853056593309_n\"><\/a>\n\t\t\t\t\t\t<div class=\"w-post-elm post_image usg_post_image_1 stretched\"><img loading=\"lazy\" decoding=\"async\" width=\"720\" height=\"540\" src=\"https:\/\/www.hoteldoge.net\/wp-content\/uploads\/2020\/01\/11800338_550757341729661_8019005853056593309_n.jpg\" class=\"attachment-large size-large\" alt=\"\" srcset=\"https:\/\/www.hoteldoge.net\/wp-content\/uploads\/2020\/01\/11800338_550757341729661_8019005853056593309_n.jpg 720w, https:\/\/www.hoteldoge.net\/wp-content\/uploads\/2020\/01\/11800338_550757341729661_8019005853056593309_n-300x225.jpg 300w\" sizes=\"auto, (max-width: 720px) 100vw, 720px\" \/><\/div><div class=\"w-vwrapper usg_vwrapper_1 align_center valign_middle\"><h2 class=\"w-post-elm post_title usg_post_title_1 has_text_color entry-title color_link_inherit\">11800338_550757341729661_8019005853056593309_n<\/h2><\/div>\t\t<\/div>\n\t\t\t<\/article>\n\t<article class=\"w-grid-item size_1x1 post-1447 attachment type-attachment status-inherit hentry\" data-id=\"1447\">\n\t\t<div class=\"w-grid-item-h\">\n\t\t\t\t\t\t\t<a ref=\"magnificPopupGrid\" href=\"https:\/\/www.hoteldoge.net\/wp-content\/uploads\/2020\/01\/11824920_1004490569581178_6949019933174993473_n.jpg\" class=\"w-grid-item-anchor\" aria-label=\"11824920_1004490569581178_6949019933174993473_n\"><\/a>\n\t\t\t\t\t\t<div class=\"w-post-elm post_image usg_post_image_1 stretched\"><img loading=\"lazy\" decoding=\"async\" width=\"960\" height=\"720\" src=\"https:\/\/www.hoteldoge.net\/wp-content\/uploads\/2020\/01\/11824920_1004490569581178_6949019933174993473_n.jpg\" class=\"attachment-large size-large\" alt=\"\" srcset=\"https:\/\/www.hoteldoge.net\/wp-content\/uploads\/2020\/01\/11824920_1004490569581178_6949019933174993473_n.jpg 960w, https:\/\/www.hoteldoge.net\/wp-content\/uploads\/2020\/01\/11824920_1004490569581178_6949019933174993473_n-300x225.jpg 300w\" sizes=\"auto, (max-width: 960px) 100vw, 960px\" \/><\/div><div class=\"w-vwrapper usg_vwrapper_1 align_center valign_middle\"><h2 class=\"w-post-elm post_title usg_post_title_1 has_text_color entry-title color_link_inherit\">11824920_1004490569581178_6949019933174993473_n<\/h2><\/div>\t\t<\/div>\n\t\t\t<\/article>\n\t<article class=\"w-grid-item size_1x1 post-1442 attachment type-attachment status-inherit hentry\" data-id=\"1442\">\n\t\t<div class=\"w-grid-item-h\">\n\t\t\t\t\t\t\t<a ref=\"magnificPopupGrid\" href=\"https:\/\/www.hoteldoge.net\/wp-content\/uploads\/2020\/01\/pallavolo-giovani.jpg\" class=\"w-grid-item-anchor\" aria-label=\"pallavolo-giovani\"><\/a>\n\t\t\t\t\t\t<div class=\"w-post-elm post_image usg_post_image_1 stretched\"><img loading=\"lazy\" decoding=\"async\" width=\"1024\" height=\"681\" src=\"https:\/\/www.hoteldoge.net\/wp-content\/uploads\/2020\/01\/pallavolo-giovani-1024x681.jpg\" class=\"attachment-large size-large\" alt=\"\" srcset=\"https:\/\/www.hoteldoge.net\/wp-content\/uploads\/2020\/01\/pallavolo-giovani-1024x681.jpg 1024w, https:\/\/www.hoteldoge.net\/wp-content\/uploads\/2020\/01\/pallavolo-giovani-300x199.jpg 300w, https:\/\/www.hoteldoge.net\/wp-content\/uploads\/2020\/01\/pallavolo-giovani.jpg 1053w\" sizes=\"auto, (max-width: 1024px) 100vw, 1024px\" \/><\/div><div class=\"w-vwrapper usg_vwrapper_1 align_center valign_middle\"><h2 class=\"w-post-elm post_title usg_post_title_1 has_text_color entry-title color_link_inherit\">pallavolo-giovani<\/h2><\/div>\t\t<\/div>\n\t\t\t<\/article>\n\t<article class=\"w-grid-item size_1x1 post-1432 attachment type-attachment status-inherit hentry\" data-id=\"1432\">\n\t\t<div class=\"w-grid-item-h\">\n\t\t\t\t\t\t\t<a ref=\"magnificPopupGrid\" href=\"https:\/\/www.hoteldoge.net\/wp-content\/uploads\/2020\/01\/beach-volley-rimini.jpg\" class=\"w-grid-item-anchor\" aria-label=\"beach-volley-rimini\"><\/a>\n\t\t\t\t\t\t<div class=\"w-post-elm post_image usg_post_image_1 stretched\"><img loading=\"lazy\" decoding=\"async\" width=\"1024\" height=\"676\" src=\"https:\/\/www.hoteldoge.net\/wp-content\/uploads\/2020\/01\/beach-volley-rimini-1024x676.jpg\" class=\"attachment-large size-large\" alt=\"\" srcset=\"https:\/\/www.hoteldoge.net\/wp-content\/uploads\/2020\/01\/beach-volley-rimini-1024x676.jpg 1024w, https:\/\/www.hoteldoge.net\/wp-content\/uploads\/2020\/01\/beach-volley-rimini-300x198.jpg 300w, https:\/\/www.hoteldoge.net\/wp-content\/uploads\/2020\/01\/beach-volley-rimini.jpg 1060w\" sizes=\"auto, (max-width: 1024px) 100vw, 1024px\" \/><\/div><div class=\"w-vwrapper usg_vwrapper_1 align_center valign_middle\"><h2 class=\"w-post-elm post_title usg_post_title_1 has_text_color entry-title color_link_inherit\">beach-volley-rimini<\/h2><\/div>\t\t<\/div>\n\t\t\t<\/article>\n<\/div><div class=\"w-grid-preloader\">\t<div class=\"g-preloader type_1\">\n\t\t<div><\/div>\n\t<\/div>\n\t<\/div>\t<div class=\"w-grid-json hidden\" onclick='return {&quot;action&quot;:&quot;us_ajax_grid&quot;,&quot;infinite_scroll&quot;:0,&quot;max_num_pages&quot;:1,&quot;pagination&quot;:&quot;none&quot;,&quot;template_vars&quot;:{&quot;columns&quot;:&quot;4&quot;,&quot;exclude_items&quot;:&quot;none&quot;,&quot;img_size&quot;:&quot;default&quot;,&quot;ignore_items_size&quot;:0,&quot;items_layout&quot;:&quot;portfolio_3&quot;,&quot;items_offset&quot;:&quot;1&quot;,&quot;load_animation&quot;:&quot;none&quot;,&quot;overriding_link&quot;:&quot;%7B%22type%22%3A%22popup_image%22%7D&quot;,&quot;post_id&quot;:0,&quot;query_args&quot;:{&quot;post_type&quot;:[&quot;attachment&quot;],&quot;post__in&quot;:[&quot;1428&quot;,&quot;1443&quot;,&quot;1438&quot;,&quot;1448&quot;],&quot;post_status&quot;:&quot;inherit&quot;,&quot;post_mime_type&quot;:&quot;image&quot;,&quot;posts_per_page&quot;:&quot;10&quot;},&quot;orderby_query_args&quot;:{&quot;orderby&quot;:{&quot;date&quot;:&quot;DESC&quot;}},&quot;type&quot;:&quot;masonry&quot;,&quot;us_grid_post_type&quot;:&quot;attachment&quot;,&quot;us_grid_ajax_index&quot;:1,&quot;us_grid_filter_query_string&quot;:null,&quot;us_grid_index&quot;:1,&quot;page_args&quot;:[],&quot;lang&quot;:&quot;pl&quot;}}'><\/div>\n\t<\/div><\/div><\/div><\/div><\/div><\/div><\/div><\/div><\/div><\/div><\/section>\n","protected":false},"excerpt":{"rendered":"","protected":false},"author":1,"featured_media":0,"parent":0,"menu_order":0,"comment_status":"closed","ping_status":"closed","template":"","meta":{"footnotes":""},"class_list":["post-2440","page","type-page","status-publish","hentry"],"yoast_head":"<!-- This site is optimized with the Yoast SEO plugin v26.5 - https:\/\/yoast.com\/wordpress\/plugins\/seo\/ -->\n<title>Co warto zobaczy\u0107 w Torre Pedrera.- Wydarzenia i miejsca, kt\u00f3rych nie mo\u017cna pomin\u0105\u0107<\/title>\n<meta name=\"description\" content=\"Co warto zobaczy\u0107 w Torre Pedrera, wydarzenia i miejsca, kt\u00f3rych nie mo\u017cna zobaczy\u0107 w sezonie letnim\" \/>\n<meta name=\"robots\" content=\"index, follow, max-snippet:-1, max-image-preview:large, max-video-preview:-1\" \/>\n<link rel=\"canonical\" href=\"https:\/\/www.hoteldoge.net\/pl\/torre-pedrera-rimini\/\" \/>\n<meta property=\"og:locale\" content=\"pl_PL\" \/>\n<meta property=\"og:type\" content=\"article\" \/>\n<meta property=\"og:title\" content=\"Co warto zobaczy\u0107 w Torre Pedrera.- Wydarzenia i miejsca, kt\u00f3rych nie mo\u017cna pomin\u0105\u0107\" \/>\n<meta property=\"og:description\" content=\"Co warto zobaczy\u0107 w Torre Pedrera, wydarzenia i miejsca, kt\u00f3rych nie mo\u017cna zobaczy\u0107 w sezonie letnim\" \/>\n<meta property=\"og:url\" content=\"https:\/\/www.hoteldoge.net\/pl\/torre-pedrera-rimini\/\" \/>\n<meta property=\"og:site_name\" content=\"Hotel Doge Torre Pedrera\" \/>\n<meta property=\"article:modified_time\" content=\"2020-03-18T09:17:54+00:00\" \/>\n<meta name=\"twitter:card\" content=\"summary_large_image\" \/>\n<meta name=\"twitter:label1\" content=\"Szacowany czas czytania\" \/>\n\t<meta name=\"twitter:data1\" content=\"1 minuta\" \/>\n<script type=\"application\/ld+json\" class=\"yoast-schema-graph\">{\"@context\":\"https:\/\/schema.org\",\"@graph\":[{\"@type\":\"WebPage\",\"@id\":\"https:\/\/www.hoteldoge.net\/pl\/torre-pedrera-rimini\/\",\"url\":\"https:\/\/www.hoteldoge.net\/pl\/torre-pedrera-rimini\/\",\"name\":\"Co warto zobaczy\u0107 w Torre Pedrera.- Wydarzenia i miejsca, kt\u00f3rych nie mo\u017cna pomin\u0105\u0107\",\"isPartOf\":{\"@id\":\"https:\/\/www.hoteldoge.net\/de\/#website\"},\"datePublished\":\"2020-03-02T16:19:59+00:00\",\"dateModified\":\"2020-03-18T09:17:54+00:00\",\"description\":\"Co warto zobaczy\u0107 w Torre Pedrera, wydarzenia i miejsca, kt\u00f3rych nie mo\u017cna zobaczy\u0107 w sezonie letnim\",\"breadcrumb\":{\"@id\":\"https:\/\/www.hoteldoge.net\/pl\/torre-pedrera-rimini\/#breadcrumb\"},\"inLanguage\":\"pl-PL\",\"potentialAction\":[{\"@type\":\"ReadAction\",\"target\":[\"https:\/\/www.hoteldoge.net\/pl\/torre-pedrera-rimini\/\"]}]},{\"@type\":\"BreadcrumbList\",\"@id\":\"https:\/\/www.hoteldoge.net\/pl\/torre-pedrera-rimini\/#breadcrumb\",\"itemListElement\":[{\"@type\":\"ListItem\",\"position\":1,\"name\":\"Home\",\"item\":\"https:\/\/www.hoteldoge.net\/it\/\"},{\"@type\":\"ListItem\",\"position\":2,\"name\":\"Co warto zobaczy\u0107 w Torre Pedrera\"}]},{\"@type\":\"WebSite\",\"@id\":\"https:\/\/www.hoteldoge.net\/de\/#website\",\"url\":\"https:\/\/www.hoteldoge.net\/de\/\",\"name\":\"Hotel Doge Torre Pedrera\",\"description\":\"Hotel 3 stelle Torre Pedrera All inclusive con Piscina e Spiaggia\",\"potentialAction\":[{\"@type\":\"SearchAction\",\"target\":{\"@type\":\"EntryPoint\",\"urlTemplate\":\"https:\/\/www.hoteldoge.net\/de\/?s={search_term_string}\"},\"query-input\":{\"@type\":\"PropertyValueSpecification\",\"valueRequired\":true,\"valueName\":\"search_term_string\"}}],\"inLanguage\":\"pl-PL\"}]}<\/script>\n<!-- \/ Yoast SEO plugin. -->","yoast_head_json":{"title":"Co warto zobaczy\u0107 w Torre Pedrera.- Wydarzenia i miejsca, kt\u00f3rych nie mo\u017cna pomin\u0105\u0107","description":"Co warto zobaczy\u0107 w Torre Pedrera, wydarzenia i miejsca, kt\u00f3rych nie mo\u017cna zobaczy\u0107 w sezonie letnim","robots":{"index":"index","follow":"follow","max-snippet":"max-snippet:-1","max-image-preview":"max-image-preview:large","max-video-preview":"max-video-preview:-1"},"canonical":"https:\/\/www.hoteldoge.net\/pl\/torre-pedrera-rimini\/","og_locale":"pl_PL","og_type":"article","og_title":"Co warto zobaczy\u0107 w Torre Pedrera.- Wydarzenia i miejsca, kt\u00f3rych nie mo\u017cna pomin\u0105\u0107","og_description":"Co warto zobaczy\u0107 w Torre Pedrera, wydarzenia i miejsca, kt\u00f3rych nie mo\u017cna zobaczy\u0107 w sezonie letnim","og_url":"https:\/\/www.hoteldoge.net\/pl\/torre-pedrera-rimini\/","og_site_name":"Hotel Doge Torre Pedrera","article_modified_time":"2020-03-18T09:17:54+00:00","twitter_card":"summary_large_image","twitter_misc":{"Szacowany czas czytania":"1 minuta"},"schema":{"@context":"https:\/\/schema.org","@graph":[{"@type":"WebPage","@id":"https:\/\/www.hoteldoge.net\/pl\/torre-pedrera-rimini\/","url":"https:\/\/www.hoteldoge.net\/pl\/torre-pedrera-rimini\/","name":"Co warto zobaczy\u0107 w Torre Pedrera.- Wydarzenia i miejsca, kt\u00f3rych nie mo\u017cna pomin\u0105\u0107","isPartOf":{"@id":"https:\/\/www.hoteldoge.net\/de\/#website"},"datePublished":"2020-03-02T16:19:59+00:00","dateModified":"2020-03-18T09:17:54+00:00","description":"Co warto zobaczy\u0107 w Torre Pedrera, wydarzenia i miejsca, kt\u00f3rych nie mo\u017cna zobaczy\u0107 w sezonie letnim","breadcrumb":{"@id":"https:\/\/www.hoteldoge.net\/pl\/torre-pedrera-rimini\/#breadcrumb"},"inLanguage":"pl-PL","potentialAction":[{"@type":"ReadAction","target":["https:\/\/www.hoteldoge.net\/pl\/torre-pedrera-rimini\/"]}]},{"@type":"BreadcrumbList","@id":"https:\/\/www.hoteldoge.net\/pl\/torre-pedrera-rimini\/#breadcrumb","itemListElement":[{"@type":"ListItem","position":1,"name":"Home","item":"https:\/\/www.hoteldoge.net\/it\/"},{"@type":"ListItem","position":2,"name":"Co warto zobaczy\u0107 w Torre Pedrera"}]},{"@type":"WebSite","@id":"https:\/\/www.hoteldoge.net\/de\/#website","url":"https:\/\/www.hoteldoge.net\/de\/","name":"Hotel Doge Torre Pedrera","description":"Hotel 3 stelle Torre Pedrera All inclusive con Piscina e Spiaggia","potentialAction":[{"@type":"SearchAction","target":{"@type":"EntryPoint","urlTemplate":"https:\/\/www.hoteldoge.net\/de\/?s={search_term_string}"},"query-input":{"@type":"PropertyValueSpecification","valueRequired":true,"valueName":"search_term_string"}}],"inLanguage":"pl-PL"}]}},"_links":{"self":[{"href":"https:\/\/www.hoteldoge.net\/pl\/wp-json\/wp\/v2\/pages\/2440","targetHints":{"allow":["GET"]}}],"collection":[{"href":"https:\/\/www.hoteldoge.net\/pl\/wp-json\/wp\/v2\/pages"}],"about":[{"href":"https:\/\/www.hoteldoge.net\/pl\/wp-json\/wp\/v2\/types\/page"}],"author":[{"embeddable":true,"href":"https:\/\/www.hoteldoge.net\/pl\/wp-json\/wp\/v2\/users\/1"}],"replies":[{"embeddable":true,"href":"https:\/\/www.hoteldoge.net\/pl\/wp-json\/wp\/v2\/comments?post=2440"}],"version-history":[{"count":2,"href":"https:\/\/www.hoteldoge.net\/pl\/wp-json\/wp\/v2\/pages\/2440\/revisions"}],"predecessor-version":[{"id":2687,"href":"https:\/\/www.hoteldoge.net\/pl\/wp-json\/wp\/v2\/pages\/2440\/revisions\/2687"}],"wp:attachment":[{"href":"https:\/\/www.hoteldoge.net\/pl\/wp-json\/wp\/v2\/media?parent=2440"}],"curies":[{"name":"wp","href":"https:\/\/api.w.org\/{rel}","templated":true}]}}