{"id":2438,"date":"2020-03-02T17:12:58","date_gmt":"2020-03-02T16:12:58","guid":{"rendered":"https:\/\/www.hroyal.it\/?page_id=2438"},"modified":"2020-03-18T10:16:34","modified_gmt":"2020-03-18T09:16:34","slug":"jak-do-nas-dotrzec","status":"publish","type":"page","link":"https:\/\/www.hoteldoge.net\/pl\/jak-do-nas-dotrzec\/","title":{"rendered":"Jak Do Nas Dotrze\u0107"},"content":{"rendered":"<section class=\"l-section wpb_row us_custom_33fe73d0 height_huge width_full\"><div class=\"l-section-h i-cf\"><div class=\"g-cols vc_row via_flex valign_top type_default stacking_default\"><div class=\"vc_col-sm-12 wpb_column vc_column_container\"><div class=\"vc_column-inner\"><div class=\"wpb_wrapper\"><div class=\"wpb_text_column\"><div class=\"wpb_wrapper\"><p><iframe loading=\"lazy\" style=\"border: 0;\" src=\"https:\/\/www.google.com\/maps\/embed?pb=!1m18!1m12!1m3!1d2864.7050241171505!2d12.506533315838919!3d44.110078179108285!2m3!1f0!2f0!3f0!3m2!1i1024!2i768!4f13.1!3m3!1m2!1s0x132cc6949170ce37%3A0xbc18263ffdb27591!2sHotel%20Doge!5e0!3m2!1sit!2sit!4v1580231002659!5m2!1sit!2sit\" width=\"100%\" height=\"450\" frameborder=\"0\" allowfullscreen=\"allowfullscreen\"><\/iframe><\/p>\n<\/div><\/div><\/div><\/div><\/div><\/div><\/div><\/section><section class=\"l-section wpb_row height_medium\"><div class=\"l-section-h i-cf\"><div class=\"g-cols vc_row via_flex valign_top type_default stacking_default\"><div class=\"vc_col-sm-4 wpb_column vc_column_container\"><div class=\"vc_column-inner\"><div class=\"wpb_wrapper\"><div class=\"w-iconbox iconpos_top style_default color_primary align_center no_text no_title\"><div class=\"w-iconbox-icon\" style=\"font-size:100px;\"><i class=\"fas fa-car\"><\/i><\/div><div class=\"w-iconbox-meta\"><\/div><\/div><div class=\"w-separator size_small\"><\/div><div class=\"wpb_text_column\"><div class=\"wpb_wrapper\"><p><strong><span style=\"color: #f24607;\">Dla podr\u00f3\u017cuj\u0105cych samochodem:<\/span><\/strong> autostrad\u0105 A14 w kierunku Ankony, zjazd z autostrady Rimini Nord, kieruj\u0105c si\u0119 oznaczeniem Torre Pedrera.<\/p>\n<\/div><\/div><\/div><\/div><\/div><div class=\"vc_col-sm-4 wpb_column vc_column_container\"><div class=\"vc_column-inner\"><div class=\"wpb_wrapper\"><div class=\"w-iconbox iconpos_top style_default color_primary align_center no_text no_title\"><div class=\"w-iconbox-icon\" style=\"font-size:100px;\"><i class=\"fas fa-train\"><\/i><\/div><div class=\"w-iconbox-meta\"><\/div><\/div><div class=\"w-separator size_small\"><\/div><div class=\"wpb_text_column\"><div class=\"wpb_wrapper\"><p><strong><span style=\"color: #f24607;\">Dla podr\u00f3\u017cuj\u0105cych poci\u0105giem:<\/span><\/strong> na dworcu w Bolonii lini\u0105 Bolonia \u2013 Rimini. Dworzec w Rimini Torre Pedrera posiada wiele po\u0142\u0105cze\u0144 transportu publicznego.<\/p>\n<\/div><\/div><\/div><\/div><\/div><div class=\"vc_col-sm-4 wpb_column vc_column_container\"><div class=\"vc_column-inner\"><div class=\"wpb_wrapper\"><div class=\"w-iconbox iconpos_top style_default color_primary align_center no_text no_title\"><div class=\"w-iconbox-icon\" style=\"font-size:100px;\"><i class=\"fas fa-bus\"><\/i><\/div><div class=\"w-iconbox-meta\"><\/div><\/div><div class=\"w-separator size_small\"><\/div><div class=\"wpb_text_column\"><div class=\"wpb_wrapper\"><p><strong><span style=\"color: #f24607;\">Dla podr\u00f3\u017cuj\u0105cych autobusem:<\/span><\/strong> Start Romania stanowi lokalny transport publiczny z du\u017c\u0105 ilo\u015bci\u0105 po\u0142\u0105cze\u0144 do\/z Torre Pedrera.<\/p>\n<\/div><\/div><\/div><\/div><\/div><\/div><\/div><\/section>\n","protected":false},"excerpt":{"rendered":"Dla podr\u00f3\u017cuj\u0105cych samochodem: autostrad\u0105 A14 w kierunku Ankony, zjazd z autostrady Rimini Nord, kieruj\u0105c si\u0119 oznaczeniem Torre Pedrera. Dla podr\u00f3\u017cuj\u0105cych poci\u0105giem: na dworcu w Bolonii lini\u0105 Bolonia \u2013 Rimini. Dworzec w Rimini Torre Pedrera posiada wiele po\u0142\u0105cze\u0144 transportu publicznego. Dla podr\u00f3\u017cuj\u0105cych autobusem: Start Romania stanowi lokalny transport publiczny z du\u017c\u0105 ilo\u015bci\u0105 po\u0142\u0105cze\u0144 do\/z Torre Pedrera.","protected":false},"author":1,"featured_media":0,"parent":0,"menu_order":0,"comment_status":"closed","ping_status":"closed","template":"","meta":{"footnotes":""},"class_list":["post-2438","page","type-page","status-publish","hentry"],"yoast_head":"<!-- This site is optimized with the Yoast SEO plugin v26.5 - https:\/\/yoast.com\/wordpress\/plugins\/seo\/ -->\n<title>Lokalizacja Hotelu Doge w Torre Pedrera.<\/title>\n<meta name=\"description\" content=\"Jak dotrze\u0107 do Hotelu Doge w Torre Pedrera z Rimini samochodem, poci\u0105giem lub autobusem.\" \/>\n<meta name=\"robots\" content=\"index, follow, max-snippet:-1, max-image-preview:large, max-video-preview:-1\" \/>\n<link rel=\"canonical\" href=\"https:\/\/www.hoteldoge.net\/pl\/jak-do-nas-dotrzec\/\" \/>\n<meta property=\"og:locale\" content=\"pl_PL\" \/>\n<meta property=\"og:type\" content=\"article\" \/>\n<meta property=\"og:title\" content=\"Lokalizacja Hotelu Doge w Torre Pedrera.\" \/>\n<meta property=\"og:description\" content=\"Jak dotrze\u0107 do Hotelu Doge w Torre Pedrera z Rimini samochodem, poci\u0105giem lub autobusem.\" \/>\n<meta property=\"og:url\" content=\"https:\/\/www.hoteldoge.net\/pl\/jak-do-nas-dotrzec\/\" \/>\n<meta property=\"og:site_name\" content=\"Hotel Doge Torre Pedrera\" \/>\n<meta property=\"article:modified_time\" content=\"2020-03-18T09:16:34+00:00\" \/>\n<meta name=\"twitter:card\" content=\"summary_large_image\" \/>\n<meta name=\"twitter:label1\" content=\"Szacowany czas czytania\" \/>\n\t<meta name=\"twitter:data1\" content=\"1 minuta\" \/>\n<script type=\"application\/ld+json\" class=\"yoast-schema-graph\">{\"@context\":\"https:\/\/schema.org\",\"@graph\":[{\"@type\":\"WebPage\",\"@id\":\"https:\/\/www.hoteldoge.net\/pl\/jak-do-nas-dotrzec\/\",\"url\":\"https:\/\/www.hoteldoge.net\/pl\/jak-do-nas-dotrzec\/\",\"name\":\"Lokalizacja Hotelu Doge w Torre Pedrera.\",\"isPartOf\":{\"@id\":\"https:\/\/www.hoteldoge.net\/de\/#website\"},\"datePublished\":\"2020-03-02T16:12:58+00:00\",\"dateModified\":\"2020-03-18T09:16:34+00:00\",\"description\":\"Jak dotrze\u0107 do Hotelu Doge w Torre Pedrera z Rimini samochodem, poci\u0105giem lub autobusem.\",\"breadcrumb\":{\"@id\":\"https:\/\/www.hoteldoge.net\/pl\/jak-do-nas-dotrzec\/#breadcrumb\"},\"inLanguage\":\"pl-PL\",\"potentialAction\":[{\"@type\":\"ReadAction\",\"target\":[\"https:\/\/www.hoteldoge.net\/pl\/jak-do-nas-dotrzec\/\"]}]},{\"@type\":\"BreadcrumbList\",\"@id\":\"https:\/\/www.hoteldoge.net\/pl\/jak-do-nas-dotrzec\/#breadcrumb\",\"itemListElement\":[{\"@type\":\"ListItem\",\"position\":1,\"name\":\"Home\",\"item\":\"https:\/\/www.hoteldoge.net\/it\/\"},{\"@type\":\"ListItem\",\"position\":2,\"name\":\"Jak Do Nas Dotrze\u0107\"}]},{\"@type\":\"WebSite\",\"@id\":\"https:\/\/www.hoteldoge.net\/de\/#website\",\"url\":\"https:\/\/www.hoteldoge.net\/de\/\",\"name\":\"Hotel Doge Torre Pedrera\",\"description\":\"Hotel 3 stelle Torre Pedrera All inclusive con Piscina e Spiaggia\",\"potentialAction\":[{\"@type\":\"SearchAction\",\"target\":{\"@type\":\"EntryPoint\",\"urlTemplate\":\"https:\/\/www.hoteldoge.net\/de\/?s={search_term_string}\"},\"query-input\":{\"@type\":\"PropertyValueSpecification\",\"valueRequired\":true,\"valueName\":\"search_term_string\"}}],\"inLanguage\":\"pl-PL\"}]}<\/script>\n<!-- \/ Yoast SEO plugin. -->","yoast_head_json":{"title":"Lokalizacja Hotelu Doge w Torre Pedrera.","description":"Jak dotrze\u0107 do Hotelu Doge w Torre Pedrera z Rimini samochodem, poci\u0105giem lub autobusem.","robots":{"index":"index","follow":"follow","max-snippet":"max-snippet:-1","max-image-preview":"max-image-preview:large","max-video-preview":"max-video-preview:-1"},"canonical":"https:\/\/www.hoteldoge.net\/pl\/jak-do-nas-dotrzec\/","og_locale":"pl_PL","og_type":"article","og_title":"Lokalizacja Hotelu Doge w Torre Pedrera.","og_description":"Jak dotrze\u0107 do Hotelu Doge w Torre Pedrera z Rimini samochodem, poci\u0105giem lub autobusem.","og_url":"https:\/\/www.hoteldoge.net\/pl\/jak-do-nas-dotrzec\/","og_site_name":"Hotel Doge Torre Pedrera","article_modified_time":"2020-03-18T09:16:34+00:00","twitter_card":"summary_large_image","twitter_misc":{"Szacowany czas czytania":"1 minuta"},"schema":{"@context":"https:\/\/schema.org","@graph":[{"@type":"WebPage","@id":"https:\/\/www.hoteldoge.net\/pl\/jak-do-nas-dotrzec\/","url":"https:\/\/www.hoteldoge.net\/pl\/jak-do-nas-dotrzec\/","name":"Lokalizacja Hotelu Doge w Torre Pedrera.","isPartOf":{"@id":"https:\/\/www.hoteldoge.net\/de\/#website"},"datePublished":"2020-03-02T16:12:58+00:00","dateModified":"2020-03-18T09:16:34+00:00","description":"Jak dotrze\u0107 do Hotelu Doge w Torre Pedrera z Rimini samochodem, poci\u0105giem lub autobusem.","breadcrumb":{"@id":"https:\/\/www.hoteldoge.net\/pl\/jak-do-nas-dotrzec\/#breadcrumb"},"inLanguage":"pl-PL","potentialAction":[{"@type":"ReadAction","target":["https:\/\/www.hoteldoge.net\/pl\/jak-do-nas-dotrzec\/"]}]},{"@type":"BreadcrumbList","@id":"https:\/\/www.hoteldoge.net\/pl\/jak-do-nas-dotrzec\/#breadcrumb","itemListElement":[{"@type":"ListItem","position":1,"name":"Home","item":"https:\/\/www.hoteldoge.net\/it\/"},{"@type":"ListItem","position":2,"name":"Jak Do Nas Dotrze\u0107"}]},{"@type":"WebSite","@id":"https:\/\/www.hoteldoge.net\/de\/#website","url":"https:\/\/www.hoteldoge.net\/de\/","name":"Hotel Doge Torre Pedrera","description":"Hotel 3 stelle Torre Pedrera All inclusive con Piscina e Spiaggia","potentialAction":[{"@type":"SearchAction","target":{"@type":"EntryPoint","urlTemplate":"https:\/\/www.hoteldoge.net\/de\/?s={search_term_string}"},"query-input":{"@type":"PropertyValueSpecification","valueRequired":true,"valueName":"search_term_string"}}],"inLanguage":"pl-PL"}]}},"_links":{"self":[{"href":"https:\/\/www.hoteldoge.net\/pl\/wp-json\/wp\/v2\/pages\/2438","targetHints":{"allow":["GET"]}}],"collection":[{"href":"https:\/\/www.hoteldoge.net\/pl\/wp-json\/wp\/v2\/pages"}],"about":[{"href":"https:\/\/www.hoteldoge.net\/pl\/wp-json\/wp\/v2\/types\/page"}],"author":[{"embeddable":true,"href":"https:\/\/www.hoteldoge.net\/pl\/wp-json\/wp\/v2\/users\/1"}],"replies":[{"embeddable":true,"href":"https:\/\/www.hoteldoge.net\/pl\/wp-json\/wp\/v2\/comments?post=2438"}],"version-history":[{"count":1,"href":"https:\/\/www.hoteldoge.net\/pl\/wp-json\/wp\/v2\/pages\/2438\/revisions"}],"predecessor-version":[{"id":2439,"href":"https:\/\/www.hoteldoge.net\/pl\/wp-json\/wp\/v2\/pages\/2438\/revisions\/2439"}],"wp:attachment":[{"href":"https:\/\/www.hoteldoge.net\/pl\/wp-json\/wp\/v2\/media?parent=2438"}],"curies":[{"name":"wp","href":"https:\/\/api.w.org\/{rel}","templated":true}]}}