{"id":2421,"date":"2020-02-28T18:47:25","date_gmt":"2020-02-28T17:47:25","guid":{"rendered":"https:\/\/www.hroyal.it\/?page_id=2421"},"modified":"2025-09-30T10:56:28","modified_gmt":"2025-09-30T08:56:28","slug":"early-booking-rimini-rezerwuj-wczesniej-oszczedzaj","status":"publish","type":"page","link":"https:\/\/www.hoteldoge.net\/pl\/early-booking-rimini-rezerwuj-wczesniej-oszczedzaj\/","title":{"rendered":"Early Booking Rimini 2026: Rezerwuj wcze\u015bniej i oszcz\u0119dzaj!"},"content":{"rendered":"<section class=\"l-section wpb_row us_custom_33fe73d0 height_huge width_full\"><div class=\"l-section-h i-cf\"><div class=\"g-cols vc_row via_flex valign_top type_default stacking_default\"><div class=\"vc_col-sm-12 wpb_column vc_column_container\"><div class=\"vc_column-inner\"><div class=\"wpb_wrapper\">\n\t\t\t<!-- START cameraadriasea REVOLUTION SLIDER 6.7.37 --><p class=\"rs-p-wp-fix\"><\/p>\n\t\t\t<rs-module-wrap id=\"rev_slider_5_1_wrapper\" data-source=\"gallery\" style=\"visibility:hidden;background:transparent;padding:0;margin:0px auto;margin-top:0;margin-bottom:0;\">\n\t\t\t\t<rs-module id=\"rev_slider_5_1\" style=\"\" data-version=\"6.7.37\">\n\t\t\t\t\t<rs-slides style=\"overflow: hidden; position: absolute;\">\n\t\t\t\t\t\t<rs-slide style=\"position: absolute;\" data-key=\"rs-6\" data-title=\"Slide\" data-anim=\"ms:1000;r:0;\" data-in=\"o:0;\" data-out=\"a:false;\">\n\t\t\t\t\t\t\t<img decoding=\"async\" src=\"\/\/www.hoteldoge.net\/wp-content\/plugins\/revslider\/sr6\/assets\/assets\/dummy.png\" alt=\"\" title=\"camera-doge-vista-mare_DSC6992\" width=\"1920\" height=\"1197\" class=\"rev-slidebg tp-rs-img rs-lazyload\" data-lazyload=\"\/\/www.hoteldoge.net\/wp-content\/uploads\/2021\/07\/camera-doge-vista-mare_DSC6992.jpg\" data-bg=\"p:center bottom;\" data-no-retina>\n<!---->\t\t\t\t\t<\/rs-slide>\n\t\t\t\t\t\t<rs-slide style=\"position: absolute;\" data-key=\"rs-29\" data-title=\"Slide\" data-anim=\"ms:1000;r:0;\" data-in=\"o:0;\" data-out=\"a:false;\">\n\t\t\t\t\t\t\t<img decoding=\"async\" src=\"\/\/www.hoteldoge.net\/wp-content\/plugins\/revslider\/sr6\/assets\/assets\/dummy.png\" alt=\"\" title=\"camera-doge-vista-mare_DSC6961\" width=\"1920\" height=\"1280\" class=\"rev-slidebg tp-rs-img rs-lazyload\" data-lazyload=\"\/\/www.hoteldoge.net\/wp-content\/uploads\/2021\/07\/camera-doge-vista-mare_DSC6961-1.jpg\" data-bg=\"p:center bottom;\" data-no-retina>\n<!---->\t\t\t\t\t<\/rs-slide>\n\t\t\t\t\t\t<rs-slide style=\"position: absolute;\" data-key=\"rs-30\" data-title=\"Slide\" data-anim=\"ms:1000;r:0;\" data-in=\"o:0;\" data-out=\"a:false;\">\n\t\t\t\t\t\t\t<img decoding=\"async\" src=\"\/\/www.hoteldoge.net\/wp-content\/plugins\/revslider\/sr6\/assets\/assets\/dummy.png\" alt=\"\" title=\"camera-doge-vista-mare_DSC6975\" width=\"1920\" height=\"1124\" class=\"rev-slidebg tp-rs-img rs-lazyload\" data-lazyload=\"\/\/www.hoteldoge.net\/wp-content\/uploads\/2021\/07\/camera-doge-vista-mare_DSC6975.jpg\" data-bg=\"p:center bottom;\" data-no-retina>\n<!---->\t\t\t\t\t<\/rs-slide>\n\t\t\t\t\t<\/rs-slides>\n\t\t\t\t<\/rs-module>\n\t\t\t\t<script>\n\t\t\t\t\tsetREVStartSize({c: 'rev_slider_5_1',rl:[1240,1024,778,480],el:[900],gw:[1240],gh:[900],type:'standard',justify:'',layout:'fullwidth',mh:\"0\"});if (window.RS_MODULES!==undefined && window.RS_MODULES.modules!==undefined && window.RS_MODULES.modules[\"revslider51\"]!==undefined) {window.RS_MODULES.modules[\"revslider51\"].once = false;window.revapi5 = undefined;if (window.RS_MODULES.checkMinimal!==undefined) window.RS_MODULES.checkMinimal()}\n\t\t\t\t<\/script>\n\t\t\t<\/rs-module-wrap>\n\t\t\t<!-- END REVOLUTION SLIDER -->\n<\/div><\/div><\/div><\/div><\/div><\/section><section class=\"l-section wpb_row height_medium\"><div class=\"l-section-h i-cf\"><div class=\"g-cols vc_row via_flex valign_middle type_default stacking_default\"><div class=\"vc_col-sm-6 wpb_column vc_column_container\"><div class=\"vc_column-inner\"><div class=\"wpb_wrapper\"><div class=\"w-slider style_none fit_scaledown nav_none count_6\"><div class=\"w-slider-h\"><div class=\"royalSlider\"><div class=\"rsContent\"><a class=\"rsImg\" data-rsw=\"1024\" data-rsh=\"683\" href=\"https:\/\/www.hoteldoge.net\/wp-content\/uploads\/2019\/12\/39948989_1784831764971588_7743558604254347264_o-1024x683.jpg\"><span data-alt=\"\"><\/span><\/a><\/div><div class=\"rsContent\"><a class=\"rsImg\" data-rsw=\"1024\" data-rsh=\"638\" href=\"https:\/\/www.hoteldoge.net\/wp-content\/uploads\/2021\/07\/camera-doge-vista-mare_DSC6992-1024x638.jpg\"><span data-alt=\"\"><\/span><\/a><\/div><div class=\"rsContent\"><a class=\"rsImg\" data-rsw=\"1000\" data-rsh=\"671\" href=\"https:\/\/www.hoteldoge.net\/wp-content\/uploads\/2020\/01\/2007_persone-5.jpg\"><span data-alt=\"\"><\/span><\/a><\/div><div class=\"rsContent\"><a class=\"rsImg\" data-rsw=\"1024\" data-rsh=\"683\" href=\"https:\/\/www.hoteldoge.net\/wp-content\/uploads\/2024\/07\/esterno-doge-06680-1024x683.jpg\"><span data-alt=\"\"><\/span><\/a><\/div><div class=\"rsContent\"><a class=\"rsImg\" data-rsw=\"1024\" data-rsh=\"683\" href=\"https:\/\/www.hoteldoge.net\/wp-content\/uploads\/2019\/12\/panino-piscina-1024x683.jpg\"><span data-alt=\"\"><\/span><\/a><\/div><div class=\"rsContent\"><a class=\"rsImg\" data-rsw=\"1024\" data-rsh=\"682\" href=\"https:\/\/www.hoteldoge.net\/wp-content\/uploads\/2024\/07\/camera-doge-grande-6602-1-1024x682.jpg\"><span data-alt=\"\"><\/span><\/a><\/div><\/div><img decoding=\"async\" src=\"https:\/\/www.hoteldoge.net\/wp-content\/uploads\/2019\/12\/39948989_1784831764971588_7743558604254347264_o-1024x683.jpg\" width=\"1024\" height=\"683\" alt loading=\"lazy\"><\/div><div class=\"w-slider-json\" onclick='return {&quot;autoScaleSlider&quot;:true,&quot;addActiveClass&quot;:true,&quot;loop&quot;:true,&quot;fadeInLoadedSlide&quot;:false,&quot;slidesSpacing&quot;:0,&quot;imageScalePadding&quot;:0,&quot;numImagesToPreload&quot;:2,&quot;arrowsNav&quot;:true,&quot;arrowsNavAutoHide&quot;:false,&quot;transitionType&quot;:&quot;move&quot;,&quot;transitionSpeed&quot;:250,&quot;block&quot;:{&quot;moveEffect&quot;:&quot;none&quot;,&quot;speed&quot;:300},&quot;thumbs&quot;:{&quot;fitInViewport&quot;:false,&quot;firstMargin&quot;:false,&quot;spacing&quot;:4},&quot;controlNavigation&quot;:&quot;none&quot;,&quot;autoScaleSliderWidth&quot;:1024,&quot;autoScaleSliderHeight&quot;:683}'><\/div><\/div><div class=\"w-separator size_small\"><\/div><div class=\"wpb_text_column\"><div class=\"wpb_wrapper\"><h3 style=\"color: #d9534f; text-align: center; margin-bottom: 15px;\">\ud83d\udd04 Polityka Anulacji<\/h3>\n<ul style=\"list-style: none; padding: 0; margin: 0; font-size: 1.1em; color: #333;\">\n<li style=\"margin: 10px 0;\">\ud83d\udcc5 <strong>Do 14 dni przed przyjazdem:<\/strong> pe\u0142ny zwrot zaliczki.<\/li>\n<li style=\"margin: 10px 0;\">\ud83d\udcc5 <strong>W ci\u0105gu 14 dni przed przyjazdem:<\/strong> wydanie vouchera wa\u017cnego na przysz\u0142y pobyt w ci\u0105gu ca\u0142ego roku kalendarzowego.<\/li>\n<\/ul>\n<\/div><\/div><\/div><\/div><\/div><div class=\"vc_col-sm-6 wpb_column vc_column_container\"><div class=\"vc_column-inner\"><div class=\"wpb_wrapper\"><div class=\"wpb_text_column\"><div class=\"wpb_wrapper\"><h2 style=\"text-align: center;\">\ud83c\udf89 Early Booking 2026: Rezerwuj wcze\u015bniej i oszcz\u0119dzaj! \ud83d\udcc5<\/h2>\n<\/div><\/div><div class=\"w-separator size_small\"><\/div><div class=\"wpb_text_column\"><div class=\"wpb_wrapper\"><ul style=\"list-style: none; padding: 0; margin: 0; font-size: 1.1em; color: #333; text-align: center;\">\n<li style=\"margin: 15px 0; padding: 15px; border-radius: 8px; background: #fdecea;\">\ud83d\uddd3\ufe0f <strong>Do 31.01.2026 r.:<\/strong><br \/>\n<span style=\"color: #d9534f; font-size: 1.3em; font-weight: bold;\">-15%<\/span> | Przedp\u0142ata ca\u0142kowitej kwoty pobytu<br \/>\n\ud83c\udf81<span style=\"background: #fff3cd; color: #d9534f; font-weight: bold; padding: 3px 8px; border-radius: 6px;\">Bezp\u0142atny Zestaw Pla\u017cowy: <\/span><small><strong>\ud83d\udc5c Torba pla\u017cowa + \ud83c\udfd6\ufe0f 2 r\u0119czniki pla\u017cowe na pok\u00f3j<\/strong><\/small><\/li>\n<li style=\"margin: 15px 0; padding: 15px; border-radius: 8px; background: #fff4e5;\">\ud83d\uddd3\ufe0f <strong>Do 28.02.2026 r.:<\/strong><br \/>\n<span style=\"color: #f0ad4e; font-size: 1.3em; font-weight: bold;\">-10%<\/span> | Zaliczka w wysoko\u015bci 600 \u20ac <strong>zwrotna w przypadku anulacji<\/strong> zgodnie z nasz\u0105 polityk\u0105 anulowania<\/li>\n<li style=\"margin: 15px 0; padding: 15px; border-radius: 8px; background: #eafaf1;\">\ud83d\uddd3\ufe0f <strong>Do 31.03.2026 r.:<\/strong><br \/>\n<span style=\"color: #5cb85c; font-size: 1.3em; font-weight: bold;\">-5%<\/span> | Zaliczka w wysoko\u015bci 300 \u20ac <strong>zwrotna w przypadku anulacji<\/strong> zgodnie z nasz\u0105 polityk\u0105 anulowania<\/li>\n<\/ul>\n<\/div><\/div><div class=\"w-separator size_small\"><\/div><div class=\"w-btn-wrapper align_center\"><a class=\"w-btn us-btn-style_1\" href=\"https:\/\/www.hoteldoge.net\/pl\/kontakt\/\"><span class=\"w-btn-label\">\ud83d\udc49 Zarezerwuj teraz ofert\u0119 ze ZNI\u017bK\u0104 \ud83c\udf0a<\/span><\/a><\/div><\/div><\/div><\/div><\/div><\/div><\/section>\n","protected":false},"excerpt":{"rendered":"\ud83d\udd04 Polityka Anulacji \ud83d\udcc5 Do 14 dni przed przyjazdem: pe\u0142ny zwrot zaliczki. \ud83d\udcc5 W ci\u0105gu 14 dni przed przyjazdem: wydanie vouchera wa\u017cnego na przysz\u0142y pobyt w ci\u0105gu ca\u0142ego roku kalendarzowego. \ud83c\udf89 Early Booking 2026: Rezerwuj wcze\u015bniej i oszcz\u0119dzaj! \ud83d\udcc5 \ud83d\uddd3\ufe0f Do 31.01.2026 r.: -15% | Przedp\u0142ata ca\u0142kowitej kwoty pobytu \ud83c\udf81Bezp\u0142atny Zestaw Pla\u017cowy: \ud83d\udc5c Torba pla\u017cowa...","protected":false},"author":1,"featured_media":0,"parent":0,"menu_order":0,"comment_status":"closed","ping_status":"closed","template":"","meta":{"footnotes":""},"class_list":["post-2421","page","type-page","status-publish","hentry"],"yoast_head":"<!-- This site is optimized with the Yoast SEO plugin v26.5 - https:\/\/yoast.com\/wordpress\/plugins\/seo\/ -->\n<title>Promocja na wczesn\u0105 rezerwacje early booking Rimini<\/title>\n<meta name=\"description\" content=\"Zni\u017cka Early Booking Rimini, Zaoszcz\u0119d\u017a i Rezerwuj z wyprzedzeniem. Zni\u017cka 10% - je\u015bli zarezerwujesz do 31 grudnia, 5% - je\u015bli dokonasz rezerwacji do 31 marca.\" \/>\n<meta name=\"robots\" content=\"index, follow, max-snippet:-1, max-image-preview:large, max-video-preview:-1\" \/>\n<link rel=\"canonical\" href=\"https:\/\/www.hoteldoge.net\/pl\/early-booking-rimini-rezerwuj-wczesniej-oszczedzaj\/\" \/>\n<meta property=\"og:locale\" content=\"pl_PL\" \/>\n<meta property=\"og:type\" content=\"article\" \/>\n<meta property=\"og:title\" content=\"Promocja na wczesn\u0105 rezerwacje early booking Rimini\" \/>\n<meta property=\"og:description\" content=\"Zni\u017cka Early Booking Rimini, Zaoszcz\u0119d\u017a i Rezerwuj z wyprzedzeniem. Zni\u017cka 10% - je\u015bli zarezerwujesz do 31 grudnia, 5% - je\u015bli dokonasz rezerwacji do 31 marca.\" \/>\n<meta property=\"og:url\" content=\"https:\/\/www.hoteldoge.net\/pl\/early-booking-rimini-rezerwuj-wczesniej-oszczedzaj\/\" \/>\n<meta property=\"og:site_name\" content=\"Hotel Doge Torre Pedrera\" \/>\n<meta property=\"article:modified_time\" content=\"2025-09-30T08:56:28+00:00\" \/>\n<meta name=\"twitter:card\" content=\"summary_large_image\" \/>\n<meta name=\"twitter:label1\" content=\"Szacowany czas czytania\" \/>\n\t<meta name=\"twitter:data1\" content=\"1 minuta\" \/>\n<script type=\"application\/ld+json\" class=\"yoast-schema-graph\">{\"@context\":\"https:\/\/schema.org\",\"@graph\":[{\"@type\":\"WebPage\",\"@id\":\"https:\/\/www.hoteldoge.net\/pl\/early-booking-rimini-rezerwuj-wczesniej-oszczedzaj\/\",\"url\":\"https:\/\/www.hoteldoge.net\/pl\/early-booking-rimini-rezerwuj-wczesniej-oszczedzaj\/\",\"name\":\"Promocja na wczesn\u0105 rezerwacje early booking Rimini\",\"isPartOf\":{\"@id\":\"https:\/\/www.hoteldoge.net\/de\/#website\"},\"datePublished\":\"2020-02-28T17:47:25+00:00\",\"dateModified\":\"2025-09-30T08:56:28+00:00\",\"description\":\"Zni\u017cka Early Booking Rimini, Zaoszcz\u0119d\u017a i Rezerwuj z wyprzedzeniem. Zni\u017cka 10% - je\u015bli zarezerwujesz do 31 grudnia, 5% - je\u015bli dokonasz rezerwacji do 31 marca.\",\"breadcrumb\":{\"@id\":\"https:\/\/www.hoteldoge.net\/pl\/early-booking-rimini-rezerwuj-wczesniej-oszczedzaj\/#breadcrumb\"},\"inLanguage\":\"pl-PL\",\"potentialAction\":[{\"@type\":\"ReadAction\",\"target\":[\"https:\/\/www.hoteldoge.net\/pl\/early-booking-rimini-rezerwuj-wczesniej-oszczedzaj\/\"]}]},{\"@type\":\"BreadcrumbList\",\"@id\":\"https:\/\/www.hoteldoge.net\/pl\/early-booking-rimini-rezerwuj-wczesniej-oszczedzaj\/#breadcrumb\",\"itemListElement\":[{\"@type\":\"ListItem\",\"position\":1,\"name\":\"Home\",\"item\":\"https:\/\/www.hoteldoge.net\/it\/\"},{\"@type\":\"ListItem\",\"position\":2,\"name\":\"Early Booking Rimini 2026: Rezerwuj wcze\u015bniej i oszcz\u0119dzaj!\"}]},{\"@type\":\"WebSite\",\"@id\":\"https:\/\/www.hoteldoge.net\/de\/#website\",\"url\":\"https:\/\/www.hoteldoge.net\/de\/\",\"name\":\"Hotel Doge Torre Pedrera\",\"description\":\"Hotel 3 stelle Torre Pedrera All inclusive con Piscina e Spiaggia\",\"potentialAction\":[{\"@type\":\"SearchAction\",\"target\":{\"@type\":\"EntryPoint\",\"urlTemplate\":\"https:\/\/www.hoteldoge.net\/de\/?s={search_term_string}\"},\"query-input\":{\"@type\":\"PropertyValueSpecification\",\"valueRequired\":true,\"valueName\":\"search_term_string\"}}],\"inLanguage\":\"pl-PL\"}]}<\/script>\n<!-- \/ Yoast SEO plugin. -->","yoast_head_json":{"title":"Promocja na wczesn\u0105 rezerwacje early booking Rimini","description":"Zni\u017cka Early Booking Rimini, Zaoszcz\u0119d\u017a i Rezerwuj z wyprzedzeniem. Zni\u017cka 10% - je\u015bli zarezerwujesz do 31 grudnia, 5% - je\u015bli dokonasz rezerwacji do 31 marca.","robots":{"index":"index","follow":"follow","max-snippet":"max-snippet:-1","max-image-preview":"max-image-preview:large","max-video-preview":"max-video-preview:-1"},"canonical":"https:\/\/www.hoteldoge.net\/pl\/early-booking-rimini-rezerwuj-wczesniej-oszczedzaj\/","og_locale":"pl_PL","og_type":"article","og_title":"Promocja na wczesn\u0105 rezerwacje early booking Rimini","og_description":"Zni\u017cka Early Booking Rimini, Zaoszcz\u0119d\u017a i Rezerwuj z wyprzedzeniem. Zni\u017cka 10% - je\u015bli zarezerwujesz do 31 grudnia, 5% - je\u015bli dokonasz rezerwacji do 31 marca.","og_url":"https:\/\/www.hoteldoge.net\/pl\/early-booking-rimini-rezerwuj-wczesniej-oszczedzaj\/","og_site_name":"Hotel Doge Torre Pedrera","article_modified_time":"2025-09-30T08:56:28+00:00","twitter_card":"summary_large_image","twitter_misc":{"Szacowany czas czytania":"1 minuta"},"schema":{"@context":"https:\/\/schema.org","@graph":[{"@type":"WebPage","@id":"https:\/\/www.hoteldoge.net\/pl\/early-booking-rimini-rezerwuj-wczesniej-oszczedzaj\/","url":"https:\/\/www.hoteldoge.net\/pl\/early-booking-rimini-rezerwuj-wczesniej-oszczedzaj\/","name":"Promocja na wczesn\u0105 rezerwacje early booking Rimini","isPartOf":{"@id":"https:\/\/www.hoteldoge.net\/de\/#website"},"datePublished":"2020-02-28T17:47:25+00:00","dateModified":"2025-09-30T08:56:28+00:00","description":"Zni\u017cka Early Booking Rimini, Zaoszcz\u0119d\u017a i Rezerwuj z wyprzedzeniem. Zni\u017cka 10% - je\u015bli zarezerwujesz do 31 grudnia, 5% - je\u015bli dokonasz rezerwacji do 31 marca.","breadcrumb":{"@id":"https:\/\/www.hoteldoge.net\/pl\/early-booking-rimini-rezerwuj-wczesniej-oszczedzaj\/#breadcrumb"},"inLanguage":"pl-PL","potentialAction":[{"@type":"ReadAction","target":["https:\/\/www.hoteldoge.net\/pl\/early-booking-rimini-rezerwuj-wczesniej-oszczedzaj\/"]}]},{"@type":"BreadcrumbList","@id":"https:\/\/www.hoteldoge.net\/pl\/early-booking-rimini-rezerwuj-wczesniej-oszczedzaj\/#breadcrumb","itemListElement":[{"@type":"ListItem","position":1,"name":"Home","item":"https:\/\/www.hoteldoge.net\/it\/"},{"@type":"ListItem","position":2,"name":"Early Booking Rimini 2026: Rezerwuj wcze\u015bniej i oszcz\u0119dzaj!"}]},{"@type":"WebSite","@id":"https:\/\/www.hoteldoge.net\/de\/#website","url":"https:\/\/www.hoteldoge.net\/de\/","name":"Hotel Doge Torre Pedrera","description":"Hotel 3 stelle Torre Pedrera All inclusive con Piscina e Spiaggia","potentialAction":[{"@type":"SearchAction","target":{"@type":"EntryPoint","urlTemplate":"https:\/\/www.hoteldoge.net\/de\/?s={search_term_string}"},"query-input":{"@type":"PropertyValueSpecification","valueRequired":true,"valueName":"search_term_string"}}],"inLanguage":"pl-PL"}]}},"_links":{"self":[{"href":"https:\/\/www.hoteldoge.net\/pl\/wp-json\/wp\/v2\/pages\/2421","targetHints":{"allow":["GET"]}}],"collection":[{"href":"https:\/\/www.hoteldoge.net\/pl\/wp-json\/wp\/v2\/pages"}],"about":[{"href":"https:\/\/www.hoteldoge.net\/pl\/wp-json\/wp\/v2\/types\/page"}],"author":[{"embeddable":true,"href":"https:\/\/www.hoteldoge.net\/pl\/wp-json\/wp\/v2\/users\/1"}],"replies":[{"embeddable":true,"href":"https:\/\/www.hoteldoge.net\/pl\/wp-json\/wp\/v2\/comments?post=2421"}],"version-history":[{"count":14,"href":"https:\/\/www.hoteldoge.net\/pl\/wp-json\/wp\/v2\/pages\/2421\/revisions"}],"predecessor-version":[{"id":4707,"href":"https:\/\/www.hoteldoge.net\/pl\/wp-json\/wp\/v2\/pages\/2421\/revisions\/4707"}],"wp:attachment":[{"href":"https:\/\/www.hoteldoge.net\/pl\/wp-json\/wp\/v2\/media?parent=2421"}],"curies":[{"name":"wp","href":"https:\/\/api.w.org\/{rel}","templated":true}]}}