{"id":2406,"date":"2020-02-28T18:30:28","date_gmt":"2020-02-28T17:30:28","guid":{"rendered":"https:\/\/www.hroyal.it\/?page_id=2406"},"modified":"2024-10-22T16:37:13","modified_gmt":"2024-10-22T14:37:13","slug":"alla-inclusive-torre-pedrera","status":"publish","type":"page","link":"https:\/\/www.hoteldoge.net\/pl\/alla-inclusive-torre-pedrera\/","title":{"rendered":"Hotel All inclusive Torre Pedrera z widokiem na morzem i dzieci Gratis"},"content":{"rendered":"<section class=\"l-section wpb_row us_custom_33fe73d0 height_huge width_full\"><div class=\"l-section-h i-cf\"><div class=\"g-cols vc_row via_flex valign_top type_default stacking_default\"><div class=\"vc_col-sm-12 wpb_column vc_column_container\"><div class=\"vc_column-inner\"><div class=\"wpb_wrapper\">\n\t\t\t<!-- START prezzi REVOLUTION SLIDER 6.7.37 --><p class=\"rs-p-wp-fix\"><\/p>\n\t\t\t<rs-module-wrap id=\"rev_slider_11_1_wrapper\" data-source=\"gallery\" style=\"visibility:hidden;background:transparent;padding:0;margin:0px auto;margin-top:0;margin-bottom:0;\">\n\t\t\t\t<rs-module id=\"rev_slider_11_1\" style=\"\" data-version=\"6.7.37\">\n\t\t\t\t\t<rs-slides style=\"overflow: hidden; position: absolute;\">\n\t\t\t\t\t\t<rs-slide style=\"position: absolute;\" data-key=\"rs-16\" data-title=\"Slide\" data-thumb=\"\/\/www.hoteldoge.net\/wp-content\/uploads\/2019\/12\/hall4-hoteldoge.jpg\" data-anim=\"ms:1000;r:0;\" data-in=\"o:0;\" data-out=\"a:false;\">\n\t\t\t\t\t\t\t<img decoding=\"async\" src=\"\/\/www.hoteldoge.net\/wp-content\/plugins\/revslider\/sr6\/assets\/assets\/dummy.png\" alt=\"\" title=\"hall4-hoteldoge\" width=\"1920\" height=\"1050\" class=\"rev-slidebg tp-rs-img rs-lazyload\" data-lazyload=\"\/\/www.hoteldoge.net\/wp-content\/uploads\/2019\/12\/hall4-hoteldoge.jpg\" data-bg=\"p:center bottom;\" data-no-retina>\n<!---->\t\t\t\t\t<\/rs-slide>\n\t\t\t\t\t\t<rs-slide style=\"position: absolute;\" data-key=\"rs-32\" data-title=\"Slide\" data-thumb=\"\/\/www.hoteldoge.net\/wp-content\/uploads\/2021\/07\/camera-doge-vista-mare_DSC6992.jpg\" data-anim=\"ms:1000;r:0;\" data-in=\"o:0;\" data-out=\"a:false;\">\n\t\t\t\t\t\t\t<img decoding=\"async\" src=\"\/\/www.hoteldoge.net\/wp-content\/plugins\/revslider\/sr6\/assets\/assets\/dummy.png\" alt=\"\" title=\"camera-doge-vista-mare_DSC6992\" width=\"1920\" height=\"1197\" class=\"rev-slidebg tp-rs-img rs-lazyload\" data-lazyload=\"\/\/www.hoteldoge.net\/wp-content\/uploads\/2021\/07\/camera-doge-vista-mare_DSC6992.jpg\" data-bg=\"p:center bottom;\" data-no-retina>\n<!---->\t\t\t\t\t<\/rs-slide>\n\t\t\t\t\t\t<rs-slide style=\"position: absolute;\" data-key=\"rs-33\" data-title=\"Slide\" data-thumb=\"\/\/www.hoteldoge.net\/wp-content\/uploads\/2021\/07\/lungomare-serale-torre-pedrera-doge_DSC6863.jpg\" data-anim=\"ms:1000;r:0;\" data-in=\"o:0;\" data-out=\"a:false;\">\n\t\t\t\t\t\t\t<img decoding=\"async\" src=\"\/\/www.hoteldoge.net\/wp-content\/plugins\/revslider\/sr6\/assets\/assets\/dummy.png\" alt=\"\" title=\"lungomare-serale-torre-pedrera-doge_DSC6863\" width=\"2400\" height=\"1075\" class=\"rev-slidebg tp-rs-img rs-lazyload\" data-lazyload=\"\/\/www.hoteldoge.net\/wp-content\/uploads\/2021\/07\/lungomare-serale-torre-pedrera-doge_DSC6863.jpg\" data-bg=\"p:center bottom;\" data-no-retina>\n<!---->\t\t\t\t\t<\/rs-slide>\n\t\t\t\t\t\t<rs-slide style=\"position: absolute;\" data-key=\"rs-21\" data-title=\"Slide\" data-thumb=\"\/\/www.hoteldoge.net\/wp-content\/uploads\/2019\/12\/camera-confort-home-1.jpg\" data-anim=\"ms:1000;r:0;\" data-in=\"o:0;\" data-out=\"a:false;\">\n\t\t\t\t\t\t\t<img decoding=\"async\" src=\"\/\/www.hoteldoge.net\/wp-content\/plugins\/revslider\/sr6\/assets\/assets\/dummy.png\" alt=\"\" title=\"camera-confort-home\" width=\"1920\" height=\"1050\" class=\"rev-slidebg tp-rs-img rs-lazyload\" data-lazyload=\"\/\/www.hoteldoge.net\/wp-content\/uploads\/2019\/12\/camera-confort-home-1.jpg\" data-bg=\"p:center bottom;\" data-no-retina>\n<!---->\t\t\t\t\t<\/rs-slide>\n\t\t\t\t\t<\/rs-slides>\n\t\t\t\t<\/rs-module>\n\t\t\t\t<script>\n\t\t\t\t\tsetREVStartSize({c: 'rev_slider_11_1',rl:[1240,1024,778,480],el:[900],gw:[1240],gh:[900],type:'standard',justify:'',layout:'fullwidth',mh:\"0\"});if (window.RS_MODULES!==undefined && window.RS_MODULES.modules!==undefined && window.RS_MODULES.modules[\"revslider111\"]!==undefined) {window.RS_MODULES.modules[\"revslider111\"].once = false;window.revapi11 = undefined;if (window.RS_MODULES.checkMinimal!==undefined) window.RS_MODULES.checkMinimal()}\n\t\t\t\t<\/script>\n\t\t\t<\/rs-module-wrap>\n\t\t\t<!-- END REVOLUTION SLIDER -->\n<\/div><\/div><\/div><\/div><\/div><\/section><section class=\"l-section wpb_row height_medium\"><div class=\"l-section-h i-cf\"><div class=\"g-cols vc_row via_flex valign_middle type_default stacking_default\"><div class=\"vc_col-sm-12 wpb_column vc_column_container\"><div class=\"vc_column-inner\"><div class=\"wpb_wrapper\"><div class=\"wpb_text_column\"><div class=\"wpb_wrapper\"><h1 style=\"text-align: center; font-size: 250%;\">Ceny za cz\u0119\u015bciowe wy\u017cywienie All inclusive<\/h1>\n<\/div><\/div><div class=\"wpb_text_column\"><div class=\"wpb_wrapper\"><p>Ceny za cz\u0119\u015bciowe wy\u017cywienie ALL INCLUSIVE rozumiane s\u0105 jako cena za osobo\/dzie\u0144 i zawieraj\u0105 one :<\/p>\n<ul>\n<li>Cz\u0119\u015bciowe wy\u017cywienie (pobyt + \u015bniadanie + obiadokolacja)<\/li>\n<li>Parasol pla\u017cowy + dwa \u0142\u00f3\u017cka pla\u017cowe na pla\u017cy Bela Burdela<\/li>\n<li><strong>Obfite<\/strong> \u015bniadanie kontynentalne wydawane do godziny 10.00<\/li>\n<li><strong>Kolacja<\/strong> z menu do wyboru z bufetem przystawek, owoce i warzywa<\/li>\n<li>woda, wino, piwo i drinki do posi\u0142k\u00f3w<\/li>\n<li>parking, basen<\/li>\n<li>telewizor w pokoju, sejf, klimatyzacje, Wi-Fi<\/li>\n<li>Cena nie obejmuje dodatkowych zam\u00f3wie\u0144 w restauracji, barze i na pla\u017cy<\/li>\n<li>Cena nie obejmuje OP\u0141ATY KLIMATYCZNEJ ( 2 euro osobo\/dzie\u0144 za pierwszych 7 dni, dzieci do 14 lat nie obowi\u0105zuje op\u0142ata klimatyczna)<\/li>\n<li>Minimalny pobyt to 4 nocy<\/li>\n<\/ul>\n<\/div><\/div><div class=\" ubtn-ctn-center \"><a class=\"ubtn-link ult-adjust-bottom-margin ubtn-center ubtn-large \" href=\"https:\/\/www.hoteldoge.net\/pl\/kontakt.html\" ><button type=\"button\" id=\"ubtn-8554\"  class=\"ubtn ult-adjust-bottom-margin ult-responsive ubtn-large ubtn-no-hover-bg  ulta-grow  ubtn-center   tooltip-6a06f4f51857a\"  data-hover=\"\" data-border-color=\"\" data-bg=\"#e0e0e0\" data-hover-bg=\"\" data-border-hover=\"\" data-shadow-hover=\"\" data-shadow-click=\"none\" data-shadow=\"\" data-shd-shadow=\"\"  data-ultimate-target='#ubtn-8554'  data-responsive-json-new='{\"font-size\":\"desktop:16px;\",\"line-height\":\"\"}'  style=\"font-family:&#039;Raleway&#039;;font-weight:normal;border:none;background: #e0e0e0;color: #000000;\"><span class=\"ubtn-hover\" style=\"background-color:\"><\/span><span class=\"ubtn-data ubtn-text \" >opo\u015b o kalkulacje Obiadokolacja All inclusive<\/span><\/button><\/a><\/div><div class=\"w-separator size_small\"><\/div><\/div><\/div><\/div><div class=\"vc_col-sm-12 wpb_column vc_column_container\"><div class=\"vc_column-inner\"><div class=\"wpb_wrapper\"><div class=\"ult-spacer spacer-6a06f4f518806\" data-id=\"6a06f4f518806\" data-height=\"40\" data-height-mobile=\"10\" data-height-tab=\"10\" data-height-tab-portrait=\"10\" data-height-mobile-landscape=\"10\" style=\"clear:both;display:block;\"><\/div><div class=\"g-cols wpb_row via_flex valign_top type_default stacking_default\"><div class=\"vc_col-sm-6 wpb_column vc_column_container\"><div class=\"vc_column-inner\"><div class=\"wpb_wrapper\"><div class=\"w-actionbox color_primary controls_bottom\"><div class=\"w-actionbox-text\"><h2 class=\"w-actionbox-title\">odkryj promocje dla dzieci<\/h2><\/div><div class=\"w-actionbox-controls\"><a class=\"w-btn us-btn-style_1\" href=\"https:\/\/www.hoteldoge.net\/pl\/znizki-dla-dzieci\/\"><span class=\"w-btn-label\">dzieci gratis<\/span><\/a><\/div><\/div><\/div><\/div><\/div><div class=\"vc_col-sm-6 wpb_column vc_column_container\"><div class=\"vc_column-inner\"><div class=\"wpb_wrapper\"><div class=\"w-image style_circle align_none\"><div class=\"w-image-h\"><img decoding=\"async\" width=\"1024\" height=\"438\" src=\"https:\/\/www.hoteldoge.net\/wp-content\/uploads\/2019\/12\/bimbi-scontati-1024x438.jpg\" class=\"attachment-large size-large\" alt=\"\" loading=\"lazy\" srcset=\"https:\/\/www.hoteldoge.net\/wp-content\/uploads\/2019\/12\/bimbi-scontati-1024x438.jpg 1024w, https:\/\/www.hoteldoge.net\/wp-content\/uploads\/2019\/12\/bimbi-scontati-300x128.jpg 300w, https:\/\/www.hoteldoge.net\/wp-content\/uploads\/2019\/12\/bimbi-scontati.jpg 1501w\" sizes=\"auto, (max-width: 1024px) 100vw, 1024px\" \/><\/div><\/div><\/div><\/div><\/div><\/div><\/div><\/div><\/div><\/div><\/div><\/section>\n","protected":false},"excerpt":{"rendered":"Ceny za cz\u0119\u015bciowe wy\u017cywienie All inclusive Ceny za cz\u0119\u015bciowe wy\u017cywienie ALL INCLUSIVE rozumiane s\u0105 jako cena za osobo\/dzie\u0144 i zawieraj\u0105 one : Cz\u0119\u015bciowe wy\u017cywienie (pobyt + \u015bniadanie + obiadokolacja) Parasol pla\u017cowy + dwa \u0142\u00f3\u017cka pla\u017cowe na pla\u017cy Bela Burdela Obfite \u015bniadanie kontynentalne wydawane do godziny 10.00 Kolacja z menu do wyboru z bufetem przystawek, owoce...","protected":false},"author":1,"featured_media":0,"parent":0,"menu_order":0,"comment_status":"closed","ping_status":"closed","template":"","meta":{"footnotes":""},"class_list":["post-2406","page","type-page","status-publish","hentry"],"yoast_head":"<!-- This site is optimized with the Yoast SEO plugin v26.5 - https:\/\/yoast.com\/wordpress\/plugins\/seo\/ -->\n<title>Hotel All inclusive Torre Pedrera z widokiem na morzem i dzieci Gratis<\/title>\n<meta name=\"description\" content=\"Hotel Doge All inclusive w Torre Pedrera z promocj\u0105 dla rodzin \u2013dzieci Gratis lub w promocji. Po\u0142o\u017cenie przy pla\u017cy, z partnerk\u0105 pla\u017ca, Wi-Fi, parkingiem, formu\u0142\u0105 All inclusive\" \/>\n<meta name=\"robots\" content=\"index, follow, max-snippet:-1, max-image-preview:large, max-video-preview:-1\" \/>\n<link rel=\"canonical\" href=\"https:\/\/www.hoteldoge.net\/pl\/alla-inclusive-torre-pedrera\/\" \/>\n<meta property=\"og:locale\" content=\"pl_PL\" \/>\n<meta property=\"og:type\" content=\"article\" \/>\n<meta property=\"og:title\" content=\"Hotel All inclusive Torre Pedrera z widokiem na morzem i dzieci Gratis\" \/>\n<meta property=\"og:description\" content=\"Hotel Doge All inclusive w Torre Pedrera z promocj\u0105 dla rodzin \u2013dzieci Gratis lub w promocji. Po\u0142o\u017cenie przy pla\u017cy, z partnerk\u0105 pla\u017ca, Wi-Fi, parkingiem, formu\u0142\u0105 All inclusive\" \/>\n<meta property=\"og:url\" content=\"https:\/\/www.hoteldoge.net\/pl\/alla-inclusive-torre-pedrera\/\" \/>\n<meta property=\"og:site_name\" content=\"Hotel Doge Torre Pedrera\" \/>\n<meta property=\"article:modified_time\" content=\"2024-10-22T14:37:13+00:00\" \/>\n<meta name=\"twitter:card\" content=\"summary_large_image\" \/>\n<meta name=\"twitter:label1\" content=\"Szacowany czas czytania\" \/>\n\t<meta name=\"twitter:data1\" content=\"2 minuty\" \/>\n<script type=\"application\/ld+json\" class=\"yoast-schema-graph\">{\"@context\":\"https:\/\/schema.org\",\"@graph\":[{\"@type\":\"WebPage\",\"@id\":\"https:\/\/www.hoteldoge.net\/pl\/alla-inclusive-torre-pedrera\/\",\"url\":\"https:\/\/www.hoteldoge.net\/pl\/alla-inclusive-torre-pedrera\/\",\"name\":\"Hotel All inclusive Torre Pedrera z widokiem na morzem i dzieci Gratis\",\"isPartOf\":{\"@id\":\"https:\/\/www.hoteldoge.net\/de\/#website\"},\"datePublished\":\"2020-02-28T17:30:28+00:00\",\"dateModified\":\"2024-10-22T14:37:13+00:00\",\"description\":\"Hotel Doge All inclusive w Torre Pedrera z promocj\u0105 dla rodzin \u2013dzieci Gratis lub w promocji. Po\u0142o\u017cenie przy pla\u017cy, z partnerk\u0105 pla\u017ca, Wi-Fi, parkingiem, formu\u0142\u0105 All inclusive\",\"breadcrumb\":{\"@id\":\"https:\/\/www.hoteldoge.net\/pl\/alla-inclusive-torre-pedrera\/#breadcrumb\"},\"inLanguage\":\"pl-PL\",\"potentialAction\":[{\"@type\":\"ReadAction\",\"target\":[\"https:\/\/www.hoteldoge.net\/pl\/alla-inclusive-torre-pedrera\/\"]}]},{\"@type\":\"BreadcrumbList\",\"@id\":\"https:\/\/www.hoteldoge.net\/pl\/alla-inclusive-torre-pedrera\/#breadcrumb\",\"itemListElement\":[{\"@type\":\"ListItem\",\"position\":1,\"name\":\"Home\",\"item\":\"https:\/\/www.hoteldoge.net\/it\/\"},{\"@type\":\"ListItem\",\"position\":2,\"name\":\"Hotel All inclusive Torre Pedrera z widokiem na morzem i dzieci Gratis\"}]},{\"@type\":\"WebSite\",\"@id\":\"https:\/\/www.hoteldoge.net\/de\/#website\",\"url\":\"https:\/\/www.hoteldoge.net\/de\/\",\"name\":\"Hotel Doge Torre Pedrera\",\"description\":\"Hotel 3 stelle Torre Pedrera All inclusive con Piscina e Spiaggia\",\"potentialAction\":[{\"@type\":\"SearchAction\",\"target\":{\"@type\":\"EntryPoint\",\"urlTemplate\":\"https:\/\/www.hoteldoge.net\/de\/?s={search_term_string}\"},\"query-input\":{\"@type\":\"PropertyValueSpecification\",\"valueRequired\":true,\"valueName\":\"search_term_string\"}}],\"inLanguage\":\"pl-PL\"}]}<\/script>\n<!-- \/ Yoast SEO plugin. -->","yoast_head_json":{"title":"Hotel All inclusive Torre Pedrera z widokiem na morzem i dzieci Gratis","description":"Hotel Doge All inclusive w Torre Pedrera z promocj\u0105 dla rodzin \u2013dzieci Gratis lub w promocji. Po\u0142o\u017cenie przy pla\u017cy, z partnerk\u0105 pla\u017ca, Wi-Fi, parkingiem, formu\u0142\u0105 All inclusive","robots":{"index":"index","follow":"follow","max-snippet":"max-snippet:-1","max-image-preview":"max-image-preview:large","max-video-preview":"max-video-preview:-1"},"canonical":"https:\/\/www.hoteldoge.net\/pl\/alla-inclusive-torre-pedrera\/","og_locale":"pl_PL","og_type":"article","og_title":"Hotel All inclusive Torre Pedrera z widokiem na morzem i dzieci Gratis","og_description":"Hotel Doge All inclusive w Torre Pedrera z promocj\u0105 dla rodzin \u2013dzieci Gratis lub w promocji. Po\u0142o\u017cenie przy pla\u017cy, z partnerk\u0105 pla\u017ca, Wi-Fi, parkingiem, formu\u0142\u0105 All inclusive","og_url":"https:\/\/www.hoteldoge.net\/pl\/alla-inclusive-torre-pedrera\/","og_site_name":"Hotel Doge Torre Pedrera","article_modified_time":"2024-10-22T14:37:13+00:00","twitter_card":"summary_large_image","twitter_misc":{"Szacowany czas czytania":"2 minuty"},"schema":{"@context":"https:\/\/schema.org","@graph":[{"@type":"WebPage","@id":"https:\/\/www.hoteldoge.net\/pl\/alla-inclusive-torre-pedrera\/","url":"https:\/\/www.hoteldoge.net\/pl\/alla-inclusive-torre-pedrera\/","name":"Hotel All inclusive Torre Pedrera z widokiem na morzem i dzieci Gratis","isPartOf":{"@id":"https:\/\/www.hoteldoge.net\/de\/#website"},"datePublished":"2020-02-28T17:30:28+00:00","dateModified":"2024-10-22T14:37:13+00:00","description":"Hotel Doge All inclusive w Torre Pedrera z promocj\u0105 dla rodzin \u2013dzieci Gratis lub w promocji. Po\u0142o\u017cenie przy pla\u017cy, z partnerk\u0105 pla\u017ca, Wi-Fi, parkingiem, formu\u0142\u0105 All inclusive","breadcrumb":{"@id":"https:\/\/www.hoteldoge.net\/pl\/alla-inclusive-torre-pedrera\/#breadcrumb"},"inLanguage":"pl-PL","potentialAction":[{"@type":"ReadAction","target":["https:\/\/www.hoteldoge.net\/pl\/alla-inclusive-torre-pedrera\/"]}]},{"@type":"BreadcrumbList","@id":"https:\/\/www.hoteldoge.net\/pl\/alla-inclusive-torre-pedrera\/#breadcrumb","itemListElement":[{"@type":"ListItem","position":1,"name":"Home","item":"https:\/\/www.hoteldoge.net\/it\/"},{"@type":"ListItem","position":2,"name":"Hotel All inclusive Torre Pedrera z widokiem na morzem i dzieci Gratis"}]},{"@type":"WebSite","@id":"https:\/\/www.hoteldoge.net\/de\/#website","url":"https:\/\/www.hoteldoge.net\/de\/","name":"Hotel Doge Torre Pedrera","description":"Hotel 3 stelle Torre Pedrera All inclusive con Piscina e Spiaggia","potentialAction":[{"@type":"SearchAction","target":{"@type":"EntryPoint","urlTemplate":"https:\/\/www.hoteldoge.net\/de\/?s={search_term_string}"},"query-input":{"@type":"PropertyValueSpecification","valueRequired":true,"valueName":"search_term_string"}}],"inLanguage":"pl-PL"}]}},"_links":{"self":[{"href":"https:\/\/www.hoteldoge.net\/pl\/wp-json\/wp\/v2\/pages\/2406","targetHints":{"allow":["GET"]}}],"collection":[{"href":"https:\/\/www.hoteldoge.net\/pl\/wp-json\/wp\/v2\/pages"}],"about":[{"href":"https:\/\/www.hoteldoge.net\/pl\/wp-json\/wp\/v2\/types\/page"}],"author":[{"embeddable":true,"href":"https:\/\/www.hoteldoge.net\/pl\/wp-json\/wp\/v2\/users\/1"}],"replies":[{"embeddable":true,"href":"https:\/\/www.hoteldoge.net\/pl\/wp-json\/wp\/v2\/comments?post=2406"}],"version-history":[{"count":20,"href":"https:\/\/www.hoteldoge.net\/pl\/wp-json\/wp\/v2\/pages\/2406\/revisions"}],"predecessor-version":[{"id":4273,"href":"https:\/\/www.hoteldoge.net\/pl\/wp-json\/wp\/v2\/pages\/2406\/revisions\/4273"}],"wp:attachment":[{"href":"https:\/\/www.hoteldoge.net\/pl\/wp-json\/wp\/v2\/media?parent=2406"}],"curies":[{"name":"wp","href":"https:\/\/api.w.org\/{rel}","templated":true}]}}