{"id":2401,"date":"2020-02-28T18:11:52","date_gmt":"2020-02-28T17:11:52","guid":{"rendered":"https:\/\/www.hroyal.it\/?page_id=2401"},"modified":"2020-03-17T19:46:37","modified_gmt":"2020-03-17T18:46:37","slug":"uslugi-dla-dzieci","status":"publish","type":"page","link":"https:\/\/www.hoteldoge.net\/pl\/uslugi-dla-dzieci\/","title":{"rendered":"Rodzinny Hotel Torre Pedrera, wiele atrakcji dla dzieci"},"content":{"rendered":"<section class=\"l-section wpb_row us_custom_33fe73d0 height_huge width_full\"><div class=\"l-section-h i-cf\"><div class=\"g-cols vc_row via_flex valign_top type_default stacking_default\"><div class=\"vc_col-sm-12 wpb_column vc_column_container\"><div class=\"vc_column-inner\"><div class=\"wpb_wrapper\">\n\t\t\t<!-- START piscina REVOLUTION SLIDER 6.7.37 --><p class=\"rs-p-wp-fix\"><\/p>\n\t\t\t<rs-module-wrap id=\"rev_slider_3_1_wrapper\" data-source=\"gallery\" style=\"visibility:hidden;background:transparent;padding:0;margin:0px auto;margin-top:0;margin-bottom:0;\">\n\t\t\t\t<rs-module id=\"rev_slider_3_1\" style=\"\" data-version=\"6.7.37\">\n\t\t\t\t\t<rs-slides style=\"overflow: hidden; position: absolute;\">\n\t\t\t\t\t\t<rs-slide style=\"position: absolute;\" data-key=\"rs-4\" data-title=\"Slide\" data-anim=\"ms:1000;r:0;\" data-in=\"o:0;\" data-out=\"a:false;\">\n\t\t\t\t\t\t\t<img decoding=\"async\" src=\"\/\/www.hoteldoge.net\/wp-content\/plugins\/revslider\/sr6\/assets\/assets\/dummy.png\" alt=\"\" title=\"doge-pishina\" width=\"1500\" height=\"800\" class=\"rev-slidebg tp-rs-img rs-lazyload\" data-lazyload=\"\/\/www.hoteldoge.net\/wp-content\/uploads\/2019\/12\/doge-pishina.jpg\" data-bg=\"p:center bottom;\" data-no-retina>\n<!---->\t\t\t\t\t<\/rs-slide>\n\t\t\t\t\t<\/rs-slides>\n\t\t\t\t<\/rs-module>\n\t\t\t\t<script>\n\t\t\t\t\tsetREVStartSize({c: 'rev_slider_3_1',rl:[1240,1024,778,480],el:[900],gw:[1240],gh:[900],type:'hero',justify:'',layout:'fullwidth',mh:\"0\"});if (window.RS_MODULES!==undefined && window.RS_MODULES.modules!==undefined && window.RS_MODULES.modules[\"revslider31\"]!==undefined) {window.RS_MODULES.modules[\"revslider31\"].once = false;window.revapi3 = undefined;if (window.RS_MODULES.checkMinimal!==undefined) window.RS_MODULES.checkMinimal()}\n\t\t\t\t<\/script>\n\t\t\t<\/rs-module-wrap>\n\t\t\t<!-- END REVOLUTION SLIDER -->\n<\/div><\/div><\/div><\/div><\/div><\/section><section class=\"l-section wpb_row us_custom_34c5cc56 height_medium\"><div class=\"l-section-h i-cf\"><div class=\"g-cols vc_row via_flex valign_top type_default stacking_default\"><div class=\"vc_col-sm-12 wpb_column vc_column_container\"><div class=\"vc_column-inner\"><div class=\"wpb_wrapper\"><div class=\"wpb_text_column\"><div class=\"wpb_wrapper\"><h1 style=\"text-align: center;\">Us\u0142ugi dla Dzieci<\/h1>\n<\/div><\/div><\/div><\/div><\/div><\/div><\/div><\/section><section class=\"l-section wpb_row us_custom_d984a24d height_medium\"><div class=\"l-section-h i-cf\"><div class=\"g-cols vc_row via_flex valign_middle type_default stacking_default\"><div class=\"vc_col-sm-6 wpb_column vc_column_container\"><div class=\"vc_column-inner\"><div class=\"wpb_wrapper\">[vc_custom_heading text=&#8221;FAMILY HOTEL&#8221; font_container=&#8221;tag:h1|font_size:30|text_align:left&#8221; google_fonts=&#8221;font_family:Raleway%3A100%2C200%2C300%2Cregular%2C500%2C600%2C700%2C800%2C900|font_style:700%20bold%20regular%3A700%3Anormal&#8221; css=&#8221;%7B%22default%22%3A%7B%22font-size%22%3A%2230%22%7D%7D&#8221;]<div class=\"wpb_text_column\"><div class=\"wpb_wrapper\"><p>Hotel dbaj\u0105cy o najm\u0142odszych to hotel, kt\u00f3ry ma na wzgl\u0119dzie dobre samopoczucie swoich go\u015bci. <strong>Hotel rodzinny<\/strong> stworzy\u0142 wiele <strong>r\u00f3\u017cnorodnych us\u0142ug<\/strong>: od \u0142\u00f3\u017ceczek z por\u0119czami po menu dla dzieci, od rozrywki dla doros\u0142ych po animacje dla najm\u0142odszych. Nasze ceny dostosowane s\u0105 do bud\u017cetu rodzinnego ze <strong>specjalnymi zni\u017ckami<\/strong> dla rodzin wielodzietnych. <\/p>\n<\/div><\/div><div class=\" ubtn-ctn-left \"><a class=\"ubtn-link ult-adjust-bottom-margin ubtn-left ubtn-large \" href=\"https:\/\/www.hoteldoge.net\/it\/contatti.html\" ><button type=\"button\" id=\"ubtn-7348\"  class=\"ubtn ult-adjust-bottom-margin ult-responsive ubtn-large ubtn-no-hover-bg  none  ubtn-left   tooltip-6a06f4f475a5a\"  data-hover=\"#000000\" data-border-color=\"\" data-bg=\"#a69180\" data-hover-bg=\"#f2e2c4\" data-border-hover=\"\" data-shadow-hover=\"\" data-shadow-click=\"none\" data-shadow=\"\" data-shd-shadow=\"\"  data-ultimate-target='#ubtn-7348'  data-responsive-json-new='{\"font-size\":\"desktop:18px;\",\"line-height\":\"\"}'  style=\"font-family:&#039;Raleway&#039;;font-weight:normal;border:none;background: #a69180;color: #000000;\"><span class=\"ubtn-hover\" style=\"background-color:#f2e2c4\"><\/span><span class=\"ubtn-data ubtn-text \" >Richiedi preventivo FAMILY<\/span><\/button><\/a><\/div><div class=\"wpb_text_column\"><div class=\"wpb_wrapper\"><p><strong>Animacja dla dzieci w hotelu<\/strong>:<\/p>\n<ul>\n<li>Taniec dzieci\u0119cy<\/li>\n<li>Makija\u017c dzieci\u0119cy<\/li>\n<li>Poszukiwanie skarb\u00f3w<\/li>\n<li>Parady<\/li>\n<li>Inne zabawy dedykowane dzieciom<\/li>\n<li>Godziny animacji dla dzieci 13.30 \u2013 15.00 i 20.00 \u2013 22.00<\/li>\n<\/ul>\n<p><strong>Animacja dla dzieci na pla\u017cy Bela Burdela<\/strong>:<\/p>\n<ul>\n<li>Przestrze\u0144 zabaw w cieniu \/ chroni\u0105ca przed silnym nas\u0142onecznieniem<\/li>\n<li>Animacja z dzieci\u0119c\u0105 hostess\u0105<\/li>\n<li>Zaj\u0119cia rekreacyjne<\/li>\n<li>Przedszkole<\/li>\n<li>Toaleta dla dzieci<\/li>\n<li>Godziny animacji: 10.00 \u2013 12.00 i 14.00 \u2013 18.00<\/li>\n<\/ul>\n<\/div><\/div><div class=\"ult-spacer spacer-6a06f4f475b82\" data-id=\"6a06f4f475b82\" data-height=\"25\" data-height-mobile=\"25\" data-height-tab=\"25\" data-height-tab-portrait=\"\" data-height-mobile-landscape=\"\" style=\"clear:both;display:block;\"><\/div><div class=\"w-grid type_masonry layout_portfolio_3 cols_2 with_isotope ratio_1x1\" id=\"us_grid_1\" style=\"--columns:2;--gap:0.5rem;--item-ratio:1;\" data-filterable=\"true\"><style>@media (max-width:600px){#us_grid_1{--columns:1!important}}@media (min-width:1024px){#us_grid_1 .w-post-elm.post_title{font-size:0px!important}}.layout_portfolio_3 .w-grid-item-h{}.layout_portfolio_3 .usg_post_image_1{transition-duration:0.4s;transform-origin:50% 50%;transform:scale(1) translate(0%,0%);opacity:0.25}.layout_portfolio_3 .w-grid-item-h:focus-within .usg_post_image_1,.layout_portfolio_3 .w-grid-item-h:hover .usg_post_image_1{transform:scale(1) translate(0%,0%);opacity:1}.layout_portfolio_3 .usg_post_title_1{transition-duration:0.3s;transform-origin:50% 50%;transform:scale(1) translate(0%,0%)}.layout_portfolio_3 .w-grid-item-h:focus-within .usg_post_title_1,.layout_portfolio_3 .w-grid-item-h:hover .usg_post_title_1{transform:scale(1) translate(0%,-100%);opacity:0}.layout_portfolio_3 .usg_post_taxonomy_1{transition-duration:0.3s;transform-origin:50% 50%;transform:scale(1) translate(0%,0%)}.layout_portfolio_3 .w-grid-item-h:focus-within .usg_post_taxonomy_1,.layout_portfolio_3 .w-grid-item-h:hover .usg_post_taxonomy_1{transform:scale(1) translate(0%,100%);opacity:0}.layout_portfolio_3 .usg_post_image_1{position:absolute!important;top:0!important;right:0!important;bottom:0!important;left:0!important}.layout_portfolio_3 .usg_vwrapper_1{position:absolute!important;top:0!important;right:0!important;bottom:0!important;left:0!important;padding:2rem!important}.layout_portfolio_3 .usg_post_title_1{color:inherit!important;font-size:1.4rem!important}<\/style><div class=\"w-grid-list\">\t<article class=\"w-grid-item size_1x1 post-994 attachment type-attachment status-inherit hentry\" data-id=\"994\">\n\t\t<div class=\"w-grid-item-h\">\n\t\t\t\t\t\t\t<a ref=\"magnificPopupGrid\" href=\"https:\/\/www.hoteldoge.net\/wp-content\/uploads\/2019\/12\/bambini.jpg\" class=\"w-grid-item-anchor\" aria-label=\"bambini\"><\/a>\n\t\t\t\t\t\t<div class=\"w-post-elm post_image usg_post_image_1 stretched\"><img loading=\"lazy\" decoding=\"async\" width=\"1024\" height=\"627\" src=\"https:\/\/www.hoteldoge.net\/wp-content\/uploads\/2019\/12\/bambini-1024x627.jpg\" class=\"attachment-large size-large\" alt=\"\" srcset=\"https:\/\/www.hoteldoge.net\/wp-content\/uploads\/2019\/12\/bambini-1024x627.jpg 1024w, https:\/\/www.hoteldoge.net\/wp-content\/uploads\/2019\/12\/bambini-300x184.jpg 300w, https:\/\/www.hoteldoge.net\/wp-content\/uploads\/2019\/12\/bambini-1536x941.jpg 1536w, https:\/\/www.hoteldoge.net\/wp-content\/uploads\/2019\/12\/bambini.jpg 1913w\" sizes=\"auto, (max-width: 1024px) 100vw, 1024px\" \/><\/div><div class=\"w-vwrapper usg_vwrapper_1 align_center valign_middle\"><h2 class=\"w-post-elm post_title usg_post_title_1 has_text_color entry-title color_link_inherit\">bambini<\/h2><\/div>\t\t<\/div>\n\t\t\t<\/article>\n\t<article class=\"w-grid-item size_1x1 post-999 attachment type-attachment status-inherit hentry\" data-id=\"999\">\n\t\t<div class=\"w-grid-item-h\">\n\t\t\t\t\t\t\t<a ref=\"magnificPopupGrid\" href=\"https:\/\/www.hoteldoge.net\/wp-content\/uploads\/2019\/12\/bimbo-gioca-spiaggia-1.jpg\" class=\"w-grid-item-anchor\" aria-label=\"bimbo-gioca-spiaggia\"><\/a>\n\t\t\t\t\t\t<div class=\"w-post-elm post_image usg_post_image_1 stretched\"><img loading=\"lazy\" decoding=\"async\" width=\"900\" height=\"650\" src=\"https:\/\/www.hoteldoge.net\/wp-content\/uploads\/2019\/12\/bimbo-gioca-spiaggia-1.jpg\" class=\"attachment-large size-large\" alt=\"\" srcset=\"https:\/\/www.hoteldoge.net\/wp-content\/uploads\/2019\/12\/bimbo-gioca-spiaggia-1.jpg 900w, https:\/\/www.hoteldoge.net\/wp-content\/uploads\/2019\/12\/bimbo-gioca-spiaggia-1-300x217.jpg 300w\" sizes=\"auto, (max-width: 900px) 100vw, 900px\" \/><\/div><div class=\"w-vwrapper usg_vwrapper_1 align_center valign_middle\"><h2 class=\"w-post-elm post_title usg_post_title_1 has_text_color entry-title color_link_inherit\">bimbo-gioca-spiaggia<\/h2><\/div>\t\t<\/div>\n\t\t\t<\/article>\n<\/div><div class=\"w-grid-preloader\">\t<div class=\"g-preloader type_1\">\n\t\t<div><\/div>\n\t<\/div>\n\t<\/div>\t<div class=\"w-grid-json hidden\" onclick='return {&quot;action&quot;:&quot;us_ajax_grid&quot;,&quot;infinite_scroll&quot;:0,&quot;max_num_pages&quot;:1,&quot;pagination&quot;:&quot;none&quot;,&quot;template_vars&quot;:{&quot;columns&quot;:&quot;2&quot;,&quot;exclude_items&quot;:&quot;none&quot;,&quot;img_size&quot;:&quot;default&quot;,&quot;ignore_items_size&quot;:0,&quot;items_layout&quot;:&quot;portfolio_3&quot;,&quot;items_offset&quot;:&quot;1&quot;,&quot;load_animation&quot;:&quot;none&quot;,&quot;overriding_link&quot;:&quot;%7B%22type%22%3A%22popup_image%22%7D&quot;,&quot;post_id&quot;:0,&quot;query_args&quot;:{&quot;post_type&quot;:[&quot;attachment&quot;],&quot;post__in&quot;:[&quot;990&quot;,&quot;995&quot;],&quot;post_status&quot;:&quot;inherit&quot;,&quot;post_mime_type&quot;:&quot;image&quot;,&quot;posts_per_page&quot;:&quot;10&quot;},&quot;orderby_query_args&quot;:{&quot;orderby&quot;:{&quot;post__in&quot;:&quot;ASC&quot;},&quot;order&quot;:&quot;ASC&quot;},&quot;type&quot;:&quot;masonry&quot;,&quot;us_grid_post_type&quot;:&quot;attachment&quot;,&quot;us_grid_ajax_index&quot;:1,&quot;us_grid_filter_query_string&quot;:null,&quot;us_grid_index&quot;:1,&quot;page_args&quot;:[],&quot;lang&quot;:&quot;pl&quot;}}'><\/div>\n\t<\/div><\/div><\/div><\/div><div class=\"vc_col-sm-6 wpb_column vc_column_container\"><div class=\"vc_column-inner\"><div class=\"wpb_wrapper\"><div class=\"w-grid type_masonry layout_portfolio_3 cols_2 with_isotope ratio_1x1\" id=\"us_grid_2\" style=\"--columns:2;--gap:0.5rem;--item-ratio:1;\" data-filterable=\"true\"><style>@media (max-width:600px){#us_grid_2{--columns:1!important}}@media (min-width:1024px){#us_grid_2 .w-post-elm.post_title{font-size:0px!important}}<\/style><div class=\"w-grid-list\">\t<article class=\"w-grid-item size_1x1 post-974 attachment type-attachment status-inherit hentry\" data-id=\"974\">\n\t\t<div class=\"w-grid-item-h\">\n\t\t\t\t\t\t\t<a ref=\"magnificPopupGrid\" href=\"https:\/\/www.hoteldoge.net\/wp-content\/uploads\/2019\/12\/area-bimbi-1.jpg\" class=\"w-grid-item-anchor\" aria-label=\"area-bimbi\"><\/a>\n\t\t\t\t\t\t<div class=\"w-post-elm post_image usg_post_image_1 stretched\"><img loading=\"lazy\" decoding=\"async\" width=\"800\" height=\"538\" src=\"https:\/\/www.hoteldoge.net\/wp-content\/uploads\/2019\/12\/area-bimbi-1.jpg\" class=\"attachment-large size-large\" alt=\"\" srcset=\"https:\/\/www.hoteldoge.net\/wp-content\/uploads\/2019\/12\/area-bimbi-1.jpg 800w, https:\/\/www.hoteldoge.net\/wp-content\/uploads\/2019\/12\/area-bimbi-1-300x202.jpg 300w\" sizes=\"auto, (max-width: 800px) 100vw, 800px\" \/><\/div><div class=\"w-vwrapper usg_vwrapper_1 align_center valign_middle\"><h2 class=\"w-post-elm post_title usg_post_title_1 has_text_color entry-title color_link_inherit\">area-bimbi<\/h2><\/div>\t\t<\/div>\n\t\t\t<\/article>\n\t<article class=\"w-grid-item size_1x1 post-979 attachment type-attachment status-inherit hentry\" data-id=\"979\">\n\t\t<div class=\"w-grid-item-h\">\n\t\t\t\t\t\t\t<a ref=\"magnificPopupGrid\" href=\"https:\/\/www.hoteldoge.net\/wp-content\/uploads\/2019\/12\/area-bimbi-2-1.jpg\" class=\"w-grid-item-anchor\" aria-label=\"area-bimbi-2\"><\/a>\n\t\t\t\t\t\t<div class=\"w-post-elm post_image usg_post_image_1 stretched\"><img loading=\"lazy\" decoding=\"async\" width=\"800\" height=\"538\" src=\"https:\/\/www.hoteldoge.net\/wp-content\/uploads\/2019\/12\/area-bimbi-2-1.jpg\" class=\"attachment-large size-large\" alt=\"\" srcset=\"https:\/\/www.hoteldoge.net\/wp-content\/uploads\/2019\/12\/area-bimbi-2-1.jpg 800w, https:\/\/www.hoteldoge.net\/wp-content\/uploads\/2019\/12\/area-bimbi-2-1-300x202.jpg 300w\" sizes=\"auto, (max-width: 800px) 100vw, 800px\" \/><\/div><div class=\"w-vwrapper usg_vwrapper_1 align_center valign_middle\"><h2 class=\"w-post-elm post_title usg_post_title_1 has_text_color entry-title color_link_inherit\">area-bimbi-2<\/h2><\/div>\t\t<\/div>\n\t\t\t<\/article>\n\t<article class=\"w-grid-item size_1x1 post-984 attachment type-attachment status-inherit hentry\" data-id=\"984\">\n\t\t<div class=\"w-grid-item-h\">\n\t\t\t\t\t\t\t<a ref=\"magnificPopupGrid\" href=\"https:\/\/www.hoteldoge.net\/wp-content\/uploads\/2019\/12\/area-bimbi-3-1.jpg\" class=\"w-grid-item-anchor\" aria-label=\"area-bimbi-3\"><\/a>\n\t\t\t\t\t\t<div class=\"w-post-elm post_image usg_post_image_1 stretched\"><img loading=\"lazy\" decoding=\"async\" width=\"800\" height=\"538\" src=\"https:\/\/www.hoteldoge.net\/wp-content\/uploads\/2019\/12\/area-bimbi-3-1.jpg\" class=\"attachment-large size-large\" alt=\"\" srcset=\"https:\/\/www.hoteldoge.net\/wp-content\/uploads\/2019\/12\/area-bimbi-3-1.jpg 800w, https:\/\/www.hoteldoge.net\/wp-content\/uploads\/2019\/12\/area-bimbi-3-1-300x202.jpg 300w\" sizes=\"auto, (max-width: 800px) 100vw, 800px\" \/><\/div><div class=\"w-vwrapper usg_vwrapper_1 align_center valign_middle\"><h2 class=\"w-post-elm post_title usg_post_title_1 has_text_color entry-title color_link_inherit\">area-bimbi-3<\/h2><\/div>\t\t<\/div>\n\t\t\t<\/article>\n\t<article class=\"w-grid-item size_1x1 post-989 attachment type-attachment status-inherit hentry\" data-id=\"989\">\n\t\t<div class=\"w-grid-item-h\">\n\t\t\t\t\t\t\t<a ref=\"magnificPopupGrid\" href=\"https:\/\/www.hoteldoge.net\/wp-content\/uploads\/2019\/12\/bambine-piscina-1.jpg\" class=\"w-grid-item-anchor\" aria-label=\"bambine-piscina\"><\/a>\n\t\t\t\t\t\t<div class=\"w-post-elm post_image usg_post_image_1 stretched\"><img loading=\"lazy\" decoding=\"async\" width=\"900\" height=\"600\" src=\"https:\/\/www.hoteldoge.net\/wp-content\/uploads\/2019\/12\/bambine-piscina-1.jpg\" class=\"attachment-large size-large\" alt=\"\" srcset=\"https:\/\/www.hoteldoge.net\/wp-content\/uploads\/2019\/12\/bambine-piscina-1.jpg 900w, https:\/\/www.hoteldoge.net\/wp-content\/uploads\/2019\/12\/bambine-piscina-1-300x200.jpg 300w\" sizes=\"auto, (max-width: 900px) 100vw, 900px\" \/><\/div><div class=\"w-vwrapper usg_vwrapper_1 align_center valign_middle\"><h2 class=\"w-post-elm post_title usg_post_title_1 has_text_color entry-title color_link_inherit\">bambine-piscina<\/h2><\/div>\t\t<\/div>\n\t\t\t<\/article>\n<\/div><div class=\"w-grid-preloader\">\t<div class=\"g-preloader type_1\">\n\t\t<div><\/div>\n\t<\/div>\n\t<\/div>\t<div class=\"w-grid-json hidden\" onclick='return {&quot;action&quot;:&quot;us_ajax_grid&quot;,&quot;infinite_scroll&quot;:0,&quot;max_num_pages&quot;:1,&quot;pagination&quot;:&quot;none&quot;,&quot;template_vars&quot;:{&quot;columns&quot;:&quot;2&quot;,&quot;exclude_items&quot;:&quot;none&quot;,&quot;img_size&quot;:&quot;default&quot;,&quot;ignore_items_size&quot;:0,&quot;items_layout&quot;:&quot;portfolio_3&quot;,&quot;items_offset&quot;:&quot;1&quot;,&quot;load_animation&quot;:&quot;none&quot;,&quot;overriding_link&quot;:&quot;%7B%22type%22%3A%22popup_image%22%7D&quot;,&quot;post_id&quot;:0,&quot;query_args&quot;:{&quot;post_type&quot;:[&quot;attachment&quot;],&quot;post__in&quot;:[&quot;970&quot;,&quot;975&quot;,&quot;980&quot;,&quot;985&quot;],&quot;post_status&quot;:&quot;inherit&quot;,&quot;post_mime_type&quot;:&quot;image&quot;,&quot;posts_per_page&quot;:&quot;10&quot;},&quot;orderby_query_args&quot;:{&quot;orderby&quot;:{&quot;post__in&quot;:&quot;ASC&quot;},&quot;order&quot;:&quot;ASC&quot;},&quot;type&quot;:&quot;masonry&quot;,&quot;us_grid_post_type&quot;:&quot;attachment&quot;,&quot;us_grid_ajax_index&quot;:2,&quot;us_grid_filter_query_string&quot;:null,&quot;us_grid_index&quot;:2,&quot;page_args&quot;:[],&quot;lang&quot;:&quot;pl&quot;}}'><\/div>\n\t<\/div><div class=\"ult-spacer spacer-6a06f4f479089\" data-id=\"6a06f4f479089\" data-height=\"25\" data-height-mobile=\"25\" data-height-tab=\"25\" data-height-tab-portrait=\"\" data-height-mobile-landscape=\"\" style=\"clear:both;display:block;\"><\/div><div class=\"wpb_text_column\"><div class=\"wpb_wrapper\"><p><strong>Us\u0142ugi w pokoju<\/strong><\/p>\n<ul>\n<li>\u0141\u00f3\u017ceczka z regulacj\u0105 wysoko\u015bci<\/li>\n<li>Boki ochronne do \u0142\u00f3\u017cka<\/li>\n<li>Wanienka do k\u0105pieli<\/li>\n<li>Reduktor per WC<\/li>\n<li>Krzese\u0142ka<\/li>\n<li>Podgrzewacz butelek<\/li>\n<\/ul>\n<p><strong>Us\u0142ugi hotelowe<\/strong><\/p>\n<ul>\n<li>Sala zabaw<\/li>\n<li>W\u00f3zki spacerowe<\/li>\n<li>Rowerki dla dzieci<\/li>\n<li>Siode\u0142ka na rower dla doros\u0142ych do przewo\u017cenia dzieci<\/li>\n<\/ul>\n<p><strong>W sali restauracyjnej <\/strong><\/p>\n<ul>\n<li>Przestrze\u0144 dedykowana karmiacym mam\u0105<\/li>\n<li>Przygotowywanie roso\u0142u warzywnego, mi\u0119sa<\/li>\n<li>Przeciery warzywne i posi\u0142ki dla dzieci<\/li>\n<li>Krzese\u0142ka<\/li>\n<\/ul>\n<\/div><\/div><\/div><\/div><\/div><\/div><\/div><\/section>\n","protected":false},"excerpt":{"rendered":"","protected":false},"author":1,"featured_media":0,"parent":0,"menu_order":0,"comment_status":"closed","ping_status":"closed","template":"","meta":{"footnotes":""},"class_list":["post-2401","page","type-page","status-publish","hentry"],"yoast_head":"<!-- This site is optimized with the Yoast SEO plugin v26.5 - https:\/\/yoast.com\/wordpress\/plugins\/seo\/ -->\n<title>Rodzinny Hotel Torre Pedrera, wiele atrakcji dla dzieci<\/title>\n<meta name=\"description\" content=\"Rodzinny hotel Torre Pedrera w wieloma atrakcjami i udogodnieniami dla najm\u0142odszych go\u015bci w pokoju, restauracji i na pla\u017cy. Animacja dla najm\u0142odszych, plac zabaw i opieka nad dzie\u0107mi na pla\u017cy.\" \/>\n<meta name=\"robots\" content=\"index, follow, max-snippet:-1, max-image-preview:large, max-video-preview:-1\" \/>\n<link rel=\"canonical\" href=\"https:\/\/www.hoteldoge.net\/pl\/uslugi-dla-dzieci\/\" \/>\n<meta property=\"og:locale\" content=\"pl_PL\" \/>\n<meta property=\"og:type\" content=\"article\" \/>\n<meta property=\"og:title\" content=\"Rodzinny Hotel Torre Pedrera, wiele atrakcji dla dzieci\" \/>\n<meta property=\"og:description\" content=\"Rodzinny hotel Torre Pedrera w wieloma atrakcjami i udogodnieniami dla najm\u0142odszych go\u015bci w pokoju, restauracji i na pla\u017cy. Animacja dla najm\u0142odszych, plac zabaw i opieka nad dzie\u0107mi na pla\u017cy.\" \/>\n<meta property=\"og:url\" content=\"https:\/\/www.hoteldoge.net\/pl\/uslugi-dla-dzieci\/\" \/>\n<meta property=\"og:site_name\" content=\"Hotel Doge Torre Pedrera\" \/>\n<meta property=\"article:modified_time\" content=\"2020-03-17T18:46:37+00:00\" \/>\n<meta name=\"twitter:card\" content=\"summary_large_image\" \/>\n<meta name=\"twitter:label1\" content=\"Szacowany czas czytania\" \/>\n\t<meta name=\"twitter:data1\" content=\"2 minuty\" \/>\n<script type=\"application\/ld+json\" class=\"yoast-schema-graph\">{\"@context\":\"https:\/\/schema.org\",\"@graph\":[{\"@type\":\"WebPage\",\"@id\":\"https:\/\/www.hoteldoge.net\/pl\/uslugi-dla-dzieci\/\",\"url\":\"https:\/\/www.hoteldoge.net\/pl\/uslugi-dla-dzieci\/\",\"name\":\"Rodzinny Hotel Torre Pedrera, wiele atrakcji dla dzieci\",\"isPartOf\":{\"@id\":\"https:\/\/www.hoteldoge.net\/de\/#website\"},\"datePublished\":\"2020-02-28T17:11:52+00:00\",\"dateModified\":\"2020-03-17T18:46:37+00:00\",\"description\":\"Rodzinny hotel Torre Pedrera w wieloma atrakcjami i udogodnieniami dla najm\u0142odszych go\u015bci w pokoju, restauracji i na pla\u017cy. Animacja dla najm\u0142odszych, plac zabaw i opieka nad dzie\u0107mi na pla\u017cy.\",\"breadcrumb\":{\"@id\":\"https:\/\/www.hoteldoge.net\/pl\/uslugi-dla-dzieci\/#breadcrumb\"},\"inLanguage\":\"pl-PL\",\"potentialAction\":[{\"@type\":\"ReadAction\",\"target\":[\"https:\/\/www.hoteldoge.net\/pl\/uslugi-dla-dzieci\/\"]}]},{\"@type\":\"BreadcrumbList\",\"@id\":\"https:\/\/www.hoteldoge.net\/pl\/uslugi-dla-dzieci\/#breadcrumb\",\"itemListElement\":[{\"@type\":\"ListItem\",\"position\":1,\"name\":\"Home\",\"item\":\"https:\/\/www.hoteldoge.net\/it\/\"},{\"@type\":\"ListItem\",\"position\":2,\"name\":\"Rodzinny Hotel Torre Pedrera, wiele atrakcji dla dzieci\"}]},{\"@type\":\"WebSite\",\"@id\":\"https:\/\/www.hoteldoge.net\/de\/#website\",\"url\":\"https:\/\/www.hoteldoge.net\/de\/\",\"name\":\"Hotel Doge Torre Pedrera\",\"description\":\"Hotel 3 stelle Torre Pedrera All inclusive con Piscina e Spiaggia\",\"potentialAction\":[{\"@type\":\"SearchAction\",\"target\":{\"@type\":\"EntryPoint\",\"urlTemplate\":\"https:\/\/www.hoteldoge.net\/de\/?s={search_term_string}\"},\"query-input\":{\"@type\":\"PropertyValueSpecification\",\"valueRequired\":true,\"valueName\":\"search_term_string\"}}],\"inLanguage\":\"pl-PL\"}]}<\/script>\n<!-- \/ Yoast SEO plugin. -->","yoast_head_json":{"title":"Rodzinny Hotel Torre Pedrera, wiele atrakcji dla dzieci","description":"Rodzinny hotel Torre Pedrera w wieloma atrakcjami i udogodnieniami dla najm\u0142odszych go\u015bci w pokoju, restauracji i na pla\u017cy. Animacja dla najm\u0142odszych, plac zabaw i opieka nad dzie\u0107mi na pla\u017cy.","robots":{"index":"index","follow":"follow","max-snippet":"max-snippet:-1","max-image-preview":"max-image-preview:large","max-video-preview":"max-video-preview:-1"},"canonical":"https:\/\/www.hoteldoge.net\/pl\/uslugi-dla-dzieci\/","og_locale":"pl_PL","og_type":"article","og_title":"Rodzinny Hotel Torre Pedrera, wiele atrakcji dla dzieci","og_description":"Rodzinny hotel Torre Pedrera w wieloma atrakcjami i udogodnieniami dla najm\u0142odszych go\u015bci w pokoju, restauracji i na pla\u017cy. Animacja dla najm\u0142odszych, plac zabaw i opieka nad dzie\u0107mi na pla\u017cy.","og_url":"https:\/\/www.hoteldoge.net\/pl\/uslugi-dla-dzieci\/","og_site_name":"Hotel Doge Torre Pedrera","article_modified_time":"2020-03-17T18:46:37+00:00","twitter_card":"summary_large_image","twitter_misc":{"Szacowany czas czytania":"2 minuty"},"schema":{"@context":"https:\/\/schema.org","@graph":[{"@type":"WebPage","@id":"https:\/\/www.hoteldoge.net\/pl\/uslugi-dla-dzieci\/","url":"https:\/\/www.hoteldoge.net\/pl\/uslugi-dla-dzieci\/","name":"Rodzinny Hotel Torre Pedrera, wiele atrakcji dla dzieci","isPartOf":{"@id":"https:\/\/www.hoteldoge.net\/de\/#website"},"datePublished":"2020-02-28T17:11:52+00:00","dateModified":"2020-03-17T18:46:37+00:00","description":"Rodzinny hotel Torre Pedrera w wieloma atrakcjami i udogodnieniami dla najm\u0142odszych go\u015bci w pokoju, restauracji i na pla\u017cy. Animacja dla najm\u0142odszych, plac zabaw i opieka nad dzie\u0107mi na pla\u017cy.","breadcrumb":{"@id":"https:\/\/www.hoteldoge.net\/pl\/uslugi-dla-dzieci\/#breadcrumb"},"inLanguage":"pl-PL","potentialAction":[{"@type":"ReadAction","target":["https:\/\/www.hoteldoge.net\/pl\/uslugi-dla-dzieci\/"]}]},{"@type":"BreadcrumbList","@id":"https:\/\/www.hoteldoge.net\/pl\/uslugi-dla-dzieci\/#breadcrumb","itemListElement":[{"@type":"ListItem","position":1,"name":"Home","item":"https:\/\/www.hoteldoge.net\/it\/"},{"@type":"ListItem","position":2,"name":"Rodzinny Hotel Torre Pedrera, wiele atrakcji dla dzieci"}]},{"@type":"WebSite","@id":"https:\/\/www.hoteldoge.net\/de\/#website","url":"https:\/\/www.hoteldoge.net\/de\/","name":"Hotel Doge Torre Pedrera","description":"Hotel 3 stelle Torre Pedrera All inclusive con Piscina e Spiaggia","potentialAction":[{"@type":"SearchAction","target":{"@type":"EntryPoint","urlTemplate":"https:\/\/www.hoteldoge.net\/de\/?s={search_term_string}"},"query-input":{"@type":"PropertyValueSpecification","valueRequired":true,"valueName":"search_term_string"}}],"inLanguage":"pl-PL"}]}},"_links":{"self":[{"href":"https:\/\/www.hoteldoge.net\/pl\/wp-json\/wp\/v2\/pages\/2401","targetHints":{"allow":["GET"]}}],"collection":[{"href":"https:\/\/www.hoteldoge.net\/pl\/wp-json\/wp\/v2\/pages"}],"about":[{"href":"https:\/\/www.hoteldoge.net\/pl\/wp-json\/wp\/v2\/types\/page"}],"author":[{"embeddable":true,"href":"https:\/\/www.hoteldoge.net\/pl\/wp-json\/wp\/v2\/users\/1"}],"replies":[{"embeddable":true,"href":"https:\/\/www.hoteldoge.net\/pl\/wp-json\/wp\/v2\/comments?post=2401"}],"version-history":[{"count":6,"href":"https:\/\/www.hoteldoge.net\/pl\/wp-json\/wp\/v2\/pages\/2401\/revisions"}],"predecessor-version":[{"id":2681,"href":"https:\/\/www.hoteldoge.net\/pl\/wp-json\/wp\/v2\/pages\/2401\/revisions\/2681"}],"wp:attachment":[{"href":"https:\/\/www.hoteldoge.net\/pl\/wp-json\/wp\/v2\/media?parent=2401"}],"curies":[{"name":"wp","href":"https:\/\/api.w.org\/{rel}","templated":true}]}}