{"id":2390,"date":"2020-02-28T17:52:50","date_gmt":"2020-02-28T16:52:50","guid":{"rendered":"https:\/\/www.hroyal.it\/?page_id=2390"},"modified":"2020-03-17T19:43:16","modified_gmt":"2020-03-17T18:43:16","slug":"pokoj-komfort","status":"publish","type":"page","link":"https:\/\/www.hoteldoge.net\/pl\/pokoj-komfort\/","title":{"rendered":"Pok\u00f3j Komfort z wi-fi, balkonem z widokiem na morze, telewizj\u0105 satelitarn\u0105, lod\u00f3wke-bar"},"content":{"rendered":"<section class=\"l-section wpb_row us_custom_33fe73d0 height_huge width_full\"><div class=\"l-section-h i-cf\"><div class=\"g-cols vc_row via_flex valign_top type_default stacking_default\"><div class=\"vc_col-sm-12 wpb_column vc_column_container\"><div class=\"vc_column-inner\"><div class=\"wpb_wrapper\">\n\t\t\t<!-- START cameracomfort REVOLUTION SLIDER 6.7.37 --><p class=\"rs-p-wp-fix\"><\/p>\n\t\t\t<rs-module-wrap id=\"rev_slider_4_1_wrapper\" data-source=\"gallery\" style=\"visibility:hidden;background:transparent;padding:0;margin:0px auto;margin-top:0;margin-bottom:0;\">\n\t\t\t\t<rs-module id=\"rev_slider_4_1\" style=\"\" data-version=\"6.7.37\">\n\t\t\t\t\t<rs-slides style=\"overflow: hidden; position: absolute;\">\n\t\t\t\t\t\t<rs-slide style=\"position: absolute;\" data-key=\"rs-5\" data-title=\"Slide\" data-anim=\"ms:1000;r:0;\" data-in=\"o:0;\" data-out=\"a:false;\">\n\t\t\t\t\t\t\t<img decoding=\"async\" src=\"\/\/www.hoteldoge.net\/wp-content\/plugins\/revslider\/sr6\/assets\/assets\/dummy.png\" alt=\"\" title=\"camera-laterale-top\" width=\"1920\" height=\"1050\" class=\"rev-slidebg tp-rs-img rs-lazyload\" data-lazyload=\"\/\/www.hoteldoge.net\/wp-content\/uploads\/2019\/12\/camera-laterale-top-1.jpg\" data-bg=\"p:center bottom;\" data-no-retina>\n<!---->\t\t\t\t\t<\/rs-slide>\n\t\t\t\t\t<\/rs-slides>\n\t\t\t\t<\/rs-module>\n\t\t\t\t<script>\n\t\t\t\t\tsetREVStartSize({c: 'rev_slider_4_1',rl:[1240,1024,778,480],el:[900],gw:[1240],gh:[900],type:'hero',justify:'',layout:'fullwidth',mh:\"0\"});if (window.RS_MODULES!==undefined && window.RS_MODULES.modules!==undefined && window.RS_MODULES.modules[\"revslider41\"]!==undefined) {window.RS_MODULES.modules[\"revslider41\"].once = false;window.revapi4 = undefined;if (window.RS_MODULES.checkMinimal!==undefined) window.RS_MODULES.checkMinimal()}\n\t\t\t\t<\/script>\n\t\t\t<\/rs-module-wrap>\n\t\t\t<!-- END REVOLUTION SLIDER -->\n<\/div><\/div><\/div><\/div><\/div><\/section><section class=\"l-section wpb_row height_medium\"><div class=\"l-section-h i-cf\"><div class=\"g-cols vc_row via_flex valign_middle type_default stacking_default\"><div class=\"vc_col-sm-6 wpb_column vc_column_container\"><div class=\"vc_column-inner\"><div class=\"wpb_wrapper\">[vc_custom_heading text=&#8221;Pok\u00f3j Komfort&#8221; font_container=&#8221;tag:h1|text_align:left&#8221; google_fonts=&#8221;font_family:Raleway%3A100%2C200%2C300%2Cregular%2C500%2C600%2C700%2C800%2C900|font_style:700%20bold%20regular%3A700%3Anormal&#8221; css=&#8221;%7B%22default%22%3A%7B%22font-size%22%3A%2230%22%7D%7D&#8221;]<div class=\"wpb_text_column\"><div class=\"wpb_wrapper\"><p>Hotel niedawno zosta\u0142 zmodernizowany od wewn\u0105trz, dzi\u0119ki czemu wyposa\u017cono go we wszystkie udogodnienia. Pokoje dla go\u015bci s\u0105 jasne i obszerne, wyposa\u017cone w klimatyzacje, <strong>mini bar<\/strong> ( na \u017cyczenie), <strong>balkon z widokiem na morze<\/strong>, telewizje satelitarn\u0105, sejf oraz bezp\u0142atny bezprzewodowy dost\u0119p do <strong>Internetu Wi-Fi<\/strong> w ca\u0142ym hotelu.<\/p>\n<p><strong>Dla du\u017cych rodzin<\/strong> dysponujemy mini apartamentami i pokojami komunikacyjnymi, ka\u017cde z w\u0142asn\u0105 \u0142azienk\u0105. Wszystkie pokoje posiadaj\u0105 obszerne balkony z sto\u0142em, krzes\u0142ami i suszark\u0105 na bielizn\u0119. Jednak przede wszystkim z balkon\u00f3w mo\u017cna zachwyca\u0107 si\u0119 panoram\u0105 okolicy. <\/p>\n<\/div><\/div><div class=\" ubtn-ctn-left \"><a class=\"ubtn-link ult-adjust-bottom-margin ubtn-left ubtn-large \" href=\"https:\/\/www.hoteldoge.net\/pl\/kontakt.html\" ><button type=\"button\" id=\"ubtn-9142\"  class=\"ubtn ult-adjust-bottom-margin ult-responsive ubtn-large ubtn-no-hover-bg  none  ubtn-left   tooltip-6a06f4fd80637\"  data-hover=\"#000000\" data-border-color=\"\" data-bg=\"#a69180\" data-hover-bg=\"#f2e2c4\" data-border-hover=\"\" data-shadow-hover=\"\" data-shadow-click=\"none\" data-shadow=\"\" data-shd-shadow=\"\"  data-ultimate-target='#ubtn-9142'  data-responsive-json-new='{\"font-size\":\"desktop:18px;\",\"line-height\":\"\"}'  style=\"font-family:&#039;Raleway&#039;;font-weight:normal;border:none;background: #a69180;color: #000000;\"><span class=\"ubtn-hover\" style=\"background-color:#f2e2c4\"><\/span><span class=\"ubtn-data ubtn-text \" >popro\u015b o informacje Pok\u00f3j Comfort<\/span><\/button><\/a><\/div><div class=\"wpb_text_column\"><div class=\"wpb_wrapper\"><p><strong>Us\u0142ugi w pokoju Comfort:<\/strong><\/p>\n<ul>\n<li><strong>Przestronny balkon z widokiem na morze<\/strong><\/li>\n<li>Klimatyzacja<\/li>\n<li>\u0141azienka z prysznicem<\/li>\n<li>Suszarka do w\u0142os\u00f3w<\/li>\n<li>Telefon<\/li>\n<li>Sejf<\/li>\n<li>Telewizja satelitarna<\/li>\n<li>Bezp\u0142atne Wi-Fi<\/li>\n<li>Panorama okolicy<\/li>\n<\/ul>\n<p><strong>Do dyspozycji<\/strong>:<\/p>\n<ul>\n<li>Lod\u00f3wka &#8211; bar \/ na \u017cyczenie go\u015bci<\/li>\n<li>Mini apartament<\/li>\n<li>Pokoje \u0142\u0105czone<\/li>\n<\/ul>\n<\/div><\/div><\/div><\/div><\/div><div class=\"vc_col-sm-6 wpb_column vc_column_container\"><div class=\"vc_column-inner\"><div class=\"wpb_wrapper\"><div class=\"w-grid type_masonry layout_portfolio_3 cols_2 with_isotope ratio_1x1\" id=\"us_grid_1\" style=\"--columns:2;--gap:0.5rem;--item-ratio:1;\" data-filterable=\"true\"><style>@media (max-width:600px){#us_grid_1{--columns:1!important}}@media (min-width:1024px){#us_grid_1 .w-post-elm.post_title{font-size:0px!important}}.layout_portfolio_3 .w-grid-item-h{}.layout_portfolio_3 .usg_post_image_1{transition-duration:0.4s;transform-origin:50% 50%;transform:scale(1) translate(0%,0%);opacity:0.25}.layout_portfolio_3 .w-grid-item-h:focus-within .usg_post_image_1,.layout_portfolio_3 .w-grid-item-h:hover .usg_post_image_1{transform:scale(1) translate(0%,0%);opacity:1}.layout_portfolio_3 .usg_post_title_1{transition-duration:0.3s;transform-origin:50% 50%;transform:scale(1) translate(0%,0%)}.layout_portfolio_3 .w-grid-item-h:focus-within .usg_post_title_1,.layout_portfolio_3 .w-grid-item-h:hover .usg_post_title_1{transform:scale(1) translate(0%,-100%);opacity:0}.layout_portfolio_3 .usg_post_taxonomy_1{transition-duration:0.3s;transform-origin:50% 50%;transform:scale(1) translate(0%,0%)}.layout_portfolio_3 .w-grid-item-h:focus-within .usg_post_taxonomy_1,.layout_portfolio_3 .w-grid-item-h:hover .usg_post_taxonomy_1{transform:scale(1) translate(0%,100%);opacity:0}.layout_portfolio_3 .usg_post_image_1{position:absolute!important;top:0!important;right:0!important;bottom:0!important;left:0!important}.layout_portfolio_3 .usg_vwrapper_1{position:absolute!important;top:0!important;right:0!important;bottom:0!important;left:0!important;padding:2rem!important}.layout_portfolio_3 .usg_post_title_1{color:inherit!important;font-size:1.4rem!important}<\/style><div class=\"w-grid-list\">\t<article class=\"w-grid-item size_1x1 post-784 attachment type-attachment status-inherit hentry\" data-id=\"784\">\n\t\t<div class=\"w-grid-item-h\">\n\t\t\t\t\t\t\t<a ref=\"magnificPopupGrid\" href=\"https:\/\/www.hoteldoge.net\/wp-content\/uploads\/2019\/12\/camera-confort-1.jpg\" class=\"w-grid-item-anchor\" aria-label=\"camera-confort\"><\/a>\n\t\t\t\t\t\t<div class=\"w-post-elm post_image usg_post_image_1 stretched\"><img loading=\"lazy\" decoding=\"async\" width=\"1000\" height=\"664\" src=\"https:\/\/www.hoteldoge.net\/wp-content\/uploads\/2019\/12\/camera-confort-1.jpg\" class=\"attachment-large size-large\" alt=\"\" srcset=\"https:\/\/www.hoteldoge.net\/wp-content\/uploads\/2019\/12\/camera-confort-1.jpg 1000w, https:\/\/www.hoteldoge.net\/wp-content\/uploads\/2019\/12\/camera-confort-1-300x199.jpg 300w\" sizes=\"auto, (max-width: 1000px) 100vw, 1000px\" \/><\/div><div class=\"w-vwrapper usg_vwrapper_1 align_center valign_middle\"><h2 class=\"w-post-elm post_title usg_post_title_1 has_text_color entry-title color_link_inherit\">camera-confort<\/h2><\/div>\t\t<\/div>\n\t\t\t<\/article>\n\t<article class=\"w-grid-item size_1x1 post-779 attachment type-attachment status-inherit hentry\" data-id=\"779\">\n\t\t<div class=\"w-grid-item-h\">\n\t\t\t\t\t\t\t<a ref=\"magnificPopupGrid\" href=\"https:\/\/www.hoteldoge.net\/wp-content\/uploads\/2019\/12\/camera-due-letti-laterale.jpg\" class=\"w-grid-item-anchor\" aria-label=\"camera-due-letti-laterale\"><\/a>\n\t\t\t\t\t\t<div class=\"w-post-elm post_image usg_post_image_1 stretched\"><img loading=\"lazy\" decoding=\"async\" width=\"1000\" height=\"666\" src=\"https:\/\/www.hoteldoge.net\/wp-content\/uploads\/2019\/12\/camera-due-letti-laterale.jpg\" class=\"attachment-large size-large\" alt=\"\" srcset=\"https:\/\/www.hoteldoge.net\/wp-content\/uploads\/2019\/12\/camera-due-letti-laterale.jpg 1000w, https:\/\/www.hoteldoge.net\/wp-content\/uploads\/2019\/12\/camera-due-letti-laterale-300x200.jpg 300w\" sizes=\"auto, (max-width: 1000px) 100vw, 1000px\" \/><\/div><div class=\"w-vwrapper usg_vwrapper_1 align_center valign_middle\"><h2 class=\"w-post-elm post_title usg_post_title_1 has_text_color entry-title color_link_inherit\">camera-due-letti-laterale<\/h2><\/div>\t\t<\/div>\n\t\t\t<\/article>\n\t<article class=\"w-grid-item size_1x1 post-774 attachment type-attachment status-inherit hentry\" data-id=\"774\">\n\t\t<div class=\"w-grid-item-h\">\n\t\t\t\t\t\t\t<a ref=\"magnificPopupGrid\" href=\"https:\/\/www.hoteldoge.net\/wp-content\/uploads\/2019\/12\/standard-107.jpg\" class=\"w-grid-item-anchor\" aria-label=\"standard-107\"><\/a>\n\t\t\t\t\t\t<div class=\"w-post-elm post_image usg_post_image_1 stretched\"><img loading=\"lazy\" decoding=\"async\" width=\"900\" height=\"608\" src=\"https:\/\/www.hoteldoge.net\/wp-content\/uploads\/2019\/12\/standard-107.jpg\" class=\"attachment-large size-large\" alt=\"\" srcset=\"https:\/\/www.hoteldoge.net\/wp-content\/uploads\/2019\/12\/standard-107.jpg 900w, https:\/\/www.hoteldoge.net\/wp-content\/uploads\/2019\/12\/standard-107-300x203.jpg 300w\" sizes=\"auto, (max-width: 900px) 100vw, 900px\" \/><\/div><div class=\"w-vwrapper usg_vwrapper_1 align_center valign_middle\"><h2 class=\"w-post-elm post_title usg_post_title_1 has_text_color entry-title color_link_inherit\">standard-107<\/h2><\/div>\t\t<\/div>\n\t\t\t<\/article>\n\t<article class=\"w-grid-item size_1x1 post-769 attachment type-attachment status-inherit hentry\" data-id=\"769\">\n\t\t<div class=\"w-grid-item-h\">\n\t\t\t\t\t\t\t<a ref=\"magnificPopupGrid\" href=\"https:\/\/www.hoteldoge.net\/wp-content\/uploads\/2019\/12\/cfml-1-1.jpg\" class=\"w-grid-item-anchor\" aria-label=\"cfml-1\"><\/a>\n\t\t\t\t\t\t<div class=\"w-post-elm post_image usg_post_image_1 stretched\"><img loading=\"lazy\" decoding=\"async\" width=\"900\" height=\"540\" src=\"https:\/\/www.hoteldoge.net\/wp-content\/uploads\/2019\/12\/cfml-1-1.jpg\" class=\"attachment-large size-large\" alt=\"\" srcset=\"https:\/\/www.hoteldoge.net\/wp-content\/uploads\/2019\/12\/cfml-1-1.jpg 900w, https:\/\/www.hoteldoge.net\/wp-content\/uploads\/2019\/12\/cfml-1-1-300x180.jpg 300w\" sizes=\"auto, (max-width: 900px) 100vw, 900px\" \/><\/div><div class=\"w-vwrapper usg_vwrapper_1 align_center valign_middle\"><h2 class=\"w-post-elm post_title usg_post_title_1 has_text_color entry-title color_link_inherit\">cfml-1<\/h2><\/div>\t\t<\/div>\n\t\t\t<\/article>\n\t<article class=\"w-grid-item size_1x1 post-764 attachment type-attachment status-inherit hentry\" data-id=\"764\">\n\t\t<div class=\"w-grid-item-h\">\n\t\t\t\t\t\t\t<a ref=\"magnificPopupGrid\" href=\"https:\/\/www.hoteldoge.net\/wp-content\/uploads\/2019\/12\/camera-vista-mare-laterale.jpg\" class=\"w-grid-item-anchor\" aria-label=\"camera-vista-mare-laterale\"><\/a>\n\t\t\t\t\t\t<div class=\"w-post-elm post_image usg_post_image_1 stretched\"><img loading=\"lazy\" decoding=\"async\" width=\"1000\" height=\"666\" src=\"https:\/\/www.hoteldoge.net\/wp-content\/uploads\/2019\/12\/camera-vista-mare-laterale.jpg\" class=\"attachment-large size-large\" alt=\"\" srcset=\"https:\/\/www.hoteldoge.net\/wp-content\/uploads\/2019\/12\/camera-vista-mare-laterale.jpg 1000w, https:\/\/www.hoteldoge.net\/wp-content\/uploads\/2019\/12\/camera-vista-mare-laterale-300x200.jpg 300w\" sizes=\"auto, (max-width: 1000px) 100vw, 1000px\" \/><\/div><div class=\"w-vwrapper usg_vwrapper_1 align_center valign_middle\"><h2 class=\"w-post-elm post_title usg_post_title_1 has_text_color entry-title color_link_inherit\">camera-vista-mare-laterale<\/h2><\/div>\t\t<\/div>\n\t\t\t<\/article>\n<\/div><div class=\"w-grid-preloader\">\t<div class=\"g-preloader type_1\">\n\t\t<div><\/div>\n\t<\/div>\n\t<\/div>\t<div class=\"w-grid-json hidden\" onclick='return {&quot;action&quot;:&quot;us_ajax_grid&quot;,&quot;infinite_scroll&quot;:0,&quot;max_num_pages&quot;:1,&quot;pagination&quot;:&quot;none&quot;,&quot;template_vars&quot;:{&quot;columns&quot;:&quot;2&quot;,&quot;exclude_items&quot;:&quot;none&quot;,&quot;img_size&quot;:&quot;default&quot;,&quot;ignore_items_size&quot;:0,&quot;items_layout&quot;:&quot;portfolio_3&quot;,&quot;items_offset&quot;:&quot;1&quot;,&quot;load_animation&quot;:&quot;none&quot;,&quot;overriding_link&quot;:&quot;%7B%22type%22%3A%22popup_image%22%7D&quot;,&quot;post_id&quot;:0,&quot;query_args&quot;:{&quot;post_type&quot;:[&quot;attachment&quot;],&quot;post__in&quot;:[&quot;760&quot;,&quot;765&quot;,&quot;770&quot;,&quot;775&quot;,&quot;780&quot;],&quot;post_status&quot;:&quot;inherit&quot;,&quot;post_mime_type&quot;:&quot;image&quot;,&quot;posts_per_page&quot;:&quot;10&quot;},&quot;orderby_query_args&quot;:{&quot;orderby&quot;:{&quot;date&quot;:&quot;DESC&quot;}},&quot;type&quot;:&quot;masonry&quot;,&quot;us_grid_post_type&quot;:&quot;attachment&quot;,&quot;us_grid_ajax_index&quot;:1,&quot;us_grid_filter_query_string&quot;:null,&quot;us_grid_index&quot;:1,&quot;page_args&quot;:[],&quot;lang&quot;:&quot;pl&quot;}}'><\/div>\n\t<\/div><\/div><\/div><\/div><\/div><\/div><\/section>\n","protected":false},"excerpt":{"rendered":"","protected":false},"author":1,"featured_media":0,"parent":0,"menu_order":0,"comment_status":"closed","ping_status":"closed","template":"","meta":{"footnotes":""},"class_list":["post-2390","page","type-page","status-publish","hentry"],"yoast_head":"<!-- This site is optimized with the Yoast SEO plugin v26.5 - https:\/\/yoast.com\/wordpress\/plugins\/seo\/ -->\n<title>Pok\u00f3j Komfort z wi-fi, balkonem z widokiem na morze, telewizj\u0105 satelitarn\u0105, lod\u00f3wke-bar<\/title>\n<meta name=\"description\" content=\"Super wyposa\u017cony pok\u00f3j typu Komfort z Wi-Fi, balkon z widokiem na morze, telewizja satelitarna, mini-bar. Na \u017cyczenie mo\u017cliwo\u015b\u0107 rezerwacji mini apartamentu lub pokoi po\u0142\u0105czonych.\" \/>\n<meta name=\"robots\" content=\"index, follow, max-snippet:-1, max-image-preview:large, max-video-preview:-1\" \/>\n<link rel=\"canonical\" href=\"https:\/\/www.hoteldoge.net\/pl\/pokoj-komfort\/\" \/>\n<meta property=\"og:locale\" content=\"pl_PL\" \/>\n<meta property=\"og:type\" content=\"article\" \/>\n<meta property=\"og:title\" content=\"Pok\u00f3j Komfort z wi-fi, balkonem z widokiem na morze, telewizj\u0105 satelitarn\u0105, lod\u00f3wke-bar\" \/>\n<meta property=\"og:description\" content=\"Super wyposa\u017cony pok\u00f3j typu Komfort z Wi-Fi, balkon z widokiem na morze, telewizja satelitarna, mini-bar. Na \u017cyczenie mo\u017cliwo\u015b\u0107 rezerwacji mini apartamentu lub pokoi po\u0142\u0105czonych.\" \/>\n<meta property=\"og:url\" content=\"https:\/\/www.hoteldoge.net\/pl\/pokoj-komfort\/\" \/>\n<meta property=\"og:site_name\" content=\"Hotel Doge Torre Pedrera\" \/>\n<meta property=\"article:modified_time\" content=\"2020-03-17T18:43:16+00:00\" \/>\n<meta name=\"twitter:card\" content=\"summary_large_image\" \/>\n<meta name=\"twitter:label1\" content=\"Szacowany czas czytania\" \/>\n\t<meta name=\"twitter:data1\" content=\"2 minuty\" \/>\n<script type=\"application\/ld+json\" class=\"yoast-schema-graph\">{\"@context\":\"https:\/\/schema.org\",\"@graph\":[{\"@type\":\"WebPage\",\"@id\":\"https:\/\/www.hoteldoge.net\/pl\/pokoj-komfort\/\",\"url\":\"https:\/\/www.hoteldoge.net\/pl\/pokoj-komfort\/\",\"name\":\"Pok\u00f3j Komfort z wi-fi, balkonem z widokiem na morze, telewizj\u0105 satelitarn\u0105, lod\u00f3wke-bar\",\"isPartOf\":{\"@id\":\"https:\/\/www.hoteldoge.net\/de\/#website\"},\"datePublished\":\"2020-02-28T16:52:50+00:00\",\"dateModified\":\"2020-03-17T18:43:16+00:00\",\"description\":\"Super wyposa\u017cony pok\u00f3j typu Komfort z Wi-Fi, balkon z widokiem na morze, telewizja satelitarna, mini-bar. Na \u017cyczenie mo\u017cliwo\u015b\u0107 rezerwacji mini apartamentu lub pokoi po\u0142\u0105czonych.\",\"breadcrumb\":{\"@id\":\"https:\/\/www.hoteldoge.net\/pl\/pokoj-komfort\/#breadcrumb\"},\"inLanguage\":\"pl-PL\",\"potentialAction\":[{\"@type\":\"ReadAction\",\"target\":[\"https:\/\/www.hoteldoge.net\/pl\/pokoj-komfort\/\"]}]},{\"@type\":\"BreadcrumbList\",\"@id\":\"https:\/\/www.hoteldoge.net\/pl\/pokoj-komfort\/#breadcrumb\",\"itemListElement\":[{\"@type\":\"ListItem\",\"position\":1,\"name\":\"Home\",\"item\":\"https:\/\/www.hoteldoge.net\/it\/\"},{\"@type\":\"ListItem\",\"position\":2,\"name\":\"Pok\u00f3j Komfort z wi-fi, balkonem z widokiem na morze, telewizj\u0105 satelitarn\u0105, lod\u00f3wke-bar\"}]},{\"@type\":\"WebSite\",\"@id\":\"https:\/\/www.hoteldoge.net\/de\/#website\",\"url\":\"https:\/\/www.hoteldoge.net\/de\/\",\"name\":\"Hotel Doge Torre Pedrera\",\"description\":\"Hotel 3 stelle Torre Pedrera All inclusive con Piscina e Spiaggia\",\"potentialAction\":[{\"@type\":\"SearchAction\",\"target\":{\"@type\":\"EntryPoint\",\"urlTemplate\":\"https:\/\/www.hoteldoge.net\/de\/?s={search_term_string}\"},\"query-input\":{\"@type\":\"PropertyValueSpecification\",\"valueRequired\":true,\"valueName\":\"search_term_string\"}}],\"inLanguage\":\"pl-PL\"}]}<\/script>\n<!-- \/ Yoast SEO plugin. -->","yoast_head_json":{"title":"Pok\u00f3j Komfort z wi-fi, balkonem z widokiem na morze, telewizj\u0105 satelitarn\u0105, lod\u00f3wke-bar","description":"Super wyposa\u017cony pok\u00f3j typu Komfort z Wi-Fi, balkon z widokiem na morze, telewizja satelitarna, mini-bar. Na \u017cyczenie mo\u017cliwo\u015b\u0107 rezerwacji mini apartamentu lub pokoi po\u0142\u0105czonych.","robots":{"index":"index","follow":"follow","max-snippet":"max-snippet:-1","max-image-preview":"max-image-preview:large","max-video-preview":"max-video-preview:-1"},"canonical":"https:\/\/www.hoteldoge.net\/pl\/pokoj-komfort\/","og_locale":"pl_PL","og_type":"article","og_title":"Pok\u00f3j Komfort z wi-fi, balkonem z widokiem na morze, telewizj\u0105 satelitarn\u0105, lod\u00f3wke-bar","og_description":"Super wyposa\u017cony pok\u00f3j typu Komfort z Wi-Fi, balkon z widokiem na morze, telewizja satelitarna, mini-bar. Na \u017cyczenie mo\u017cliwo\u015b\u0107 rezerwacji mini apartamentu lub pokoi po\u0142\u0105czonych.","og_url":"https:\/\/www.hoteldoge.net\/pl\/pokoj-komfort\/","og_site_name":"Hotel Doge Torre Pedrera","article_modified_time":"2020-03-17T18:43:16+00:00","twitter_card":"summary_large_image","twitter_misc":{"Szacowany czas czytania":"2 minuty"},"schema":{"@context":"https:\/\/schema.org","@graph":[{"@type":"WebPage","@id":"https:\/\/www.hoteldoge.net\/pl\/pokoj-komfort\/","url":"https:\/\/www.hoteldoge.net\/pl\/pokoj-komfort\/","name":"Pok\u00f3j Komfort z wi-fi, balkonem z widokiem na morze, telewizj\u0105 satelitarn\u0105, lod\u00f3wke-bar","isPartOf":{"@id":"https:\/\/www.hoteldoge.net\/de\/#website"},"datePublished":"2020-02-28T16:52:50+00:00","dateModified":"2020-03-17T18:43:16+00:00","description":"Super wyposa\u017cony pok\u00f3j typu Komfort z Wi-Fi, balkon z widokiem na morze, telewizja satelitarna, mini-bar. Na \u017cyczenie mo\u017cliwo\u015b\u0107 rezerwacji mini apartamentu lub pokoi po\u0142\u0105czonych.","breadcrumb":{"@id":"https:\/\/www.hoteldoge.net\/pl\/pokoj-komfort\/#breadcrumb"},"inLanguage":"pl-PL","potentialAction":[{"@type":"ReadAction","target":["https:\/\/www.hoteldoge.net\/pl\/pokoj-komfort\/"]}]},{"@type":"BreadcrumbList","@id":"https:\/\/www.hoteldoge.net\/pl\/pokoj-komfort\/#breadcrumb","itemListElement":[{"@type":"ListItem","position":1,"name":"Home","item":"https:\/\/www.hoteldoge.net\/it\/"},{"@type":"ListItem","position":2,"name":"Pok\u00f3j Komfort z wi-fi, balkonem z widokiem na morze, telewizj\u0105 satelitarn\u0105, lod\u00f3wke-bar"}]},{"@type":"WebSite","@id":"https:\/\/www.hoteldoge.net\/de\/#website","url":"https:\/\/www.hoteldoge.net\/de\/","name":"Hotel Doge Torre Pedrera","description":"Hotel 3 stelle Torre Pedrera All inclusive con Piscina e Spiaggia","potentialAction":[{"@type":"SearchAction","target":{"@type":"EntryPoint","urlTemplate":"https:\/\/www.hoteldoge.net\/de\/?s={search_term_string}"},"query-input":{"@type":"PropertyValueSpecification","valueRequired":true,"valueName":"search_term_string"}}],"inLanguage":"pl-PL"}]}},"_links":{"self":[{"href":"https:\/\/www.hoteldoge.net\/pl\/wp-json\/wp\/v2\/pages\/2390","targetHints":{"allow":["GET"]}}],"collection":[{"href":"https:\/\/www.hoteldoge.net\/pl\/wp-json\/wp\/v2\/pages"}],"about":[{"href":"https:\/\/www.hoteldoge.net\/pl\/wp-json\/wp\/v2\/types\/page"}],"author":[{"embeddable":true,"href":"https:\/\/www.hoteldoge.net\/pl\/wp-json\/wp\/v2\/users\/1"}],"replies":[{"embeddable":true,"href":"https:\/\/www.hoteldoge.net\/pl\/wp-json\/wp\/v2\/comments?post=2390"}],"version-history":[{"count":3,"href":"https:\/\/www.hoteldoge.net\/pl\/wp-json\/wp\/v2\/pages\/2390\/revisions"}],"predecessor-version":[{"id":2678,"href":"https:\/\/www.hoteldoge.net\/pl\/wp-json\/wp\/v2\/pages\/2390\/revisions\/2678"}],"wp:attachment":[{"href":"https:\/\/www.hoteldoge.net\/pl\/wp-json\/wp\/v2\/media?parent=2390"}],"curies":[{"name":"wp","href":"https:\/\/api.w.org\/{rel}","templated":true}]}}