{"id":2386,"date":"2020-02-28T17:38:53","date_gmt":"2020-02-28T16:38:53","guid":{"rendered":"https:\/\/www.hroyal.it\/?page_id=2386"},"modified":"2025-12-10T16:41:24","modified_gmt":"2025-12-10T15:41:24","slug":"nasz-basen","status":"publish","type":"page","link":"https:\/\/www.hoteldoge.net\/pl\/nasz-basen\/","title":{"rendered":"Hotel Torre Pedrera z basenem All inclusive"},"content":{"rendered":"<section class=\"l-section wpb_row us_custom_33fe73d0 height_huge width_full\"><div class=\"l-section-h i-cf\"><div class=\"g-cols vc_row via_flex valign_top type_default stacking_default\"><div class=\"vc_col-sm-12 wpb_column vc_column_container\"><div class=\"vc_column-inner\"><div class=\"wpb_wrapper\">\n\t\t\t<!-- START piscina REVOLUTION SLIDER 6.7.37 --><p class=\"rs-p-wp-fix\"><\/p>\n\t\t\t<rs-module-wrap id=\"rev_slider_3_1_wrapper\" data-source=\"gallery\" style=\"visibility:hidden;background:transparent;padding:0;margin:0px auto;margin-top:0;margin-bottom:0;\">\n\t\t\t\t<rs-module id=\"rev_slider_3_1\" style=\"\" data-version=\"6.7.37\">\n\t\t\t\t\t<rs-slides style=\"overflow: hidden; position: absolute;\">\n\t\t\t\t\t\t<rs-slide style=\"position: absolute;\" data-key=\"rs-4\" data-title=\"Slide\" data-anim=\"ms:1000;r:0;\" data-in=\"o:0;\" data-out=\"a:false;\">\n\t\t\t\t\t\t\t<img decoding=\"async\" src=\"\/\/www.hoteldoge.net\/wp-content\/plugins\/revslider\/sr6\/assets\/assets\/dummy.png\" alt=\"\" title=\"doge-pishina\" width=\"1500\" height=\"800\" class=\"rev-slidebg tp-rs-img rs-lazyload\" data-lazyload=\"\/\/www.hoteldoge.net\/wp-content\/uploads\/2019\/12\/doge-pishina.jpg\" data-bg=\"p:center bottom;\" data-no-retina>\n<!---->\t\t\t\t\t<\/rs-slide>\n\t\t\t\t\t<\/rs-slides>\n\t\t\t\t<\/rs-module>\n\t\t\t\t<script>\n\t\t\t\t\tsetREVStartSize({c: 'rev_slider_3_1',rl:[1240,1024,778,480],el:[900],gw:[1240],gh:[900],type:'hero',justify:'',layout:'fullwidth',mh:\"0\"});if (window.RS_MODULES!==undefined && window.RS_MODULES.modules!==undefined && window.RS_MODULES.modules[\"revslider31\"]!==undefined) {window.RS_MODULES.modules[\"revslider31\"].once = false;window.revapi3 = undefined;if (window.RS_MODULES.checkMinimal!==undefined) window.RS_MODULES.checkMinimal()}\n\t\t\t\t<\/script>\n\t\t\t<\/rs-module-wrap>\n\t\t\t<!-- END REVOLUTION SLIDER -->\n<\/div><\/div><\/div><\/div><\/div><\/section><section class=\"l-section wpb_row us_custom_a106749e height_medium\"><div class=\"l-section-h i-cf\"><div class=\"g-cols vc_row via_flex valign_top type_default stacking_default\"><div class=\"vc_col-sm-12 wpb_column vc_column_container\"><div class=\"vc_column-inner\"><div class=\"wpb_wrapper\"><div class=\"wpb_text_column\"><div class=\"wpb_wrapper\"><h1 style=\"text-align: center;\">Nasz Basen<\/h1>\n<\/div><\/div><\/div><\/div><\/div><\/div><\/div><\/section><section class=\"l-section wpb_row height_medium\"><div class=\"l-section-h i-cf\"><div class=\"g-cols vc_row via_flex valign_middle type_default stacking_default\"><div class=\"vc_col-sm-6 wpb_column vc_column_container\"><div class=\"vc_column-inner\"><div class=\"wpb_wrapper\"><div class=\"wpb_text_column\"><div class=\"wpb_wrapper\"><p>Basen jest \u015bwietn\u0105 alternatyw\u0105 dla tych, kt\u00f3rzy chc\u0105 och\u0142odzi\u0107 si\u0119 podczas letniego upa\u0142u i jednocze\u015bnie przez chwile si\u0119 zrelaksowa\u0107. Nasi klienci mog\u0105 si\u0119 bra\u0107 k\u0105piel, opala\u0107 si\u0119 na otwartej przestrzeni przy basenie mile sp\u0119dzaj\u0105c czas. Nie trac\u0105 ponadto okazji do k\u0105pieli w morzu, poniewa\u017c pla\u017ca znajduje si\u0119 w niewielkiej odleg\u0142o\u015bci i mo\u017cna do niej dotrze\u0107 w ci\u0105gu kilku minut.<\/p>\n<p>Basen znajduje si\u0119 za hotelem, w tylniej pozycji, kt\u00f3ra to gwarantuje maksymaln\u0105 prywatno\u015b\u0107 z dala od niedyskretnych spojrze\u0144. Jest on du\u017cy <strong>18 x 9 m<\/strong> i wyposa\u017cony w <strong>hydromasa\u017cem<\/strong>, solarium , le\u017cakami i parasolami oraz automatami do napoj\u00f3w i przek\u0105sek.<\/p>\n<\/div><\/div><\/div><\/div><\/div><div class=\"vc_col-sm-6 wpb_column vc_column_container\"><div class=\"vc_column-inner\"><div class=\"wpb_wrapper\"><div class=\"w-image align_none\"><a ref=\"magnificPopup\" href=\"https:\/\/www.hoteldoge.net\/wp-content\/uploads\/2019\/12\/piscina-hotel-doge2.jpg\" aria-label=\"piscina-hotel-doge2\" class=\"w-image-h\"><img decoding=\"async\" width=\"900\" height=\"675\" src=\"https:\/\/www.hoteldoge.net\/wp-content\/uploads\/2019\/12\/piscina-hotel-doge2.jpg\" class=\"attachment-large size-large\" alt=\"\" loading=\"lazy\" srcset=\"https:\/\/www.hoteldoge.net\/wp-content\/uploads\/2019\/12\/piscina-hotel-doge2.jpg 900w, https:\/\/www.hoteldoge.net\/wp-content\/uploads\/2019\/12\/piscina-hotel-doge2-300x225.jpg 300w\" sizes=\"auto, (max-width: 900px) 100vw, 900px\" \/><\/a><\/div><\/div><\/div><\/div><\/div><\/div><\/section><!-- Row Backgrounds --><div class=\"upb_color\" data-bg-override=\"0\" data-bg-color=\"#e1d7cb\" data-fadeout=\"\" data-fadeout-percentage=\"30\" data-parallax-content=\"\" data-parallax-content-sense=\"30\" data-row-effect-mobile-disable=\"true\" data-img-parallax-mobile-disable=\"true\" data-rtl=\"false\"  data-custom-vc-row=\"\"  data-vc=\"8.6.1\"  data-is_old_vc=\"\"  data-theme-support=\"\"   data-overlay=\"false\" data-overlay-color=\"\" data-overlay-pattern=\"\" data-overlay-pattern-opacity=\"\" data-overlay-pattern-size=\"\"    ><\/div><section class=\"l-section wpb_row height_medium\"><div class=\"l-section-h i-cf\"><div class=\"g-cols vc_row via_flex valign_middle type_default stacking_default\"><div class=\"vc_col-sm-6 wpb_column vc_column_container\"><div class=\"vc_column-inner\"><div class=\"wpb_wrapper\"><div class=\"w-image align_none\"><a ref=\"magnificPopup\" href=\"https:\/\/www.hoteldoge.net\/wp-content\/uploads\/2019\/12\/piscina-hotel-doge3.jpg\" aria-label=\"piscina-hotel-doge3\" class=\"w-image-h\"><img decoding=\"async\" width=\"900\" height=\"675\" src=\"https:\/\/www.hoteldoge.net\/wp-content\/uploads\/2019\/12\/piscina-hotel-doge3.jpg\" class=\"attachment-large size-large\" alt=\"\" loading=\"lazy\" srcset=\"https:\/\/www.hoteldoge.net\/wp-content\/uploads\/2019\/12\/piscina-hotel-doge3.jpg 900w, https:\/\/www.hoteldoge.net\/wp-content\/uploads\/2019\/12\/piscina-hotel-doge3-300x225.jpg 300w\" sizes=\"auto, (max-width: 900px) 100vw, 900px\" \/><\/a><\/div><\/div><\/div><\/div><div class=\"vc_col-sm-6 wpb_column vc_column_container\"><div class=\"vc_column-inner\"><div class=\"wpb_wrapper\"><div class=\"wpb_text_column\"><div class=\"wpb_wrapper\"><ul>\n<li>Szeroki i dobrze wyposa\u017cony (18 x 9m)<\/li>\n<li>Po\u0142\u0105czony z hydromasa\u017cem<\/li>\n<li>Wyposa\u017cony w le\u017caki, parasole, solarium<\/li>\n<li>Na terenie znajduj\u0105 si\u0119 automaty z napojami i przek\u0105skami<\/li>\n<\/ul>\n<\/div><\/div><div class=\"w-separator size_medium\"><\/div><div class=\" ubtn-ctn-center \"><a class=\"ubtn-link ult-adjust-bottom-margin ubtn-center ubtn-large \" href=\"https:\/\/www.hoteldoge.net\/it\/contatti.html\" ><button type=\"button\" id=\"ubtn-7242\"  class=\"ubtn ult-adjust-bottom-margin ult-responsive ubtn-large ubtn-no-hover-bg  ulta-grow  ubtn-center   tooltip-6a06f4f3b3c05\"  data-hover=\"\" data-border-color=\"\" data-bg=\"#e0e0e0\" data-hover-bg=\"\" data-border-hover=\"\" data-shadow-hover=\"\" data-shadow-click=\"none\" data-shadow=\"\" data-shd-shadow=\"\"  data-ultimate-target='#ubtn-7242'  data-responsive-json-new='{\"font-size\":\"desktop:18px;\",\"line-height\":\"\"}'  style=\"font-family:&#039;Raleway&#039;;font-weight:normal;font-style:normal;border:none;background: #e0e0e0;color: #000000;\"><span class=\"ubtn-hover\" style=\"background-color:\"><\/span><span class=\"ubtn-data ubtn-text \" >NATYCHMIAST POPRO\u015a O INFORMACJ<\/span><\/button><\/a><\/div><\/div><\/div><\/div><\/div><\/div><\/section><!-- Row Backgrounds --><div class=\"upb_color\" data-bg-override=\"0\" data-bg-color=\"#f5f5f5\" data-fadeout=\"\" data-fadeout-percentage=\"30\" data-parallax-content=\"\" data-parallax-content-sense=\"30\" data-row-effect-mobile-disable=\"true\" data-img-parallax-mobile-disable=\"true\" data-rtl=\"false\"  data-custom-vc-row=\"\"  data-vc=\"8.6.1\"  data-is_old_vc=\"\"  data-theme-support=\"\"   data-overlay=\"false\" data-overlay-color=\"\" data-overlay-pattern=\"\" data-overlay-pattern-opacity=\"\" data-overlay-pattern-size=\"\"    ><\/div>\n","protected":false},"excerpt":{"rendered":"Nasz Basen Basen jest \u015bwietn\u0105 alternatyw\u0105 dla tych, kt\u00f3rzy chc\u0105 och\u0142odzi\u0107 si\u0119 podczas letniego upa\u0142u i jednocze\u015bnie przez chwile si\u0119 zrelaksowa\u0107. Nasi klienci mog\u0105 si\u0119 bra\u0107 k\u0105piel, opala\u0107 si\u0119 na otwartej przestrzeni przy basenie mile sp\u0119dzaj\u0105c czas. Nie trac\u0105 ponadto okazji do k\u0105pieli w morzu, poniewa\u017c pla\u017ca znajduje si\u0119 w niewielkiej odleg\u0142o\u015bci i mo\u017cna do...","protected":false},"author":1,"featured_media":0,"parent":0,"menu_order":0,"comment_status":"closed","ping_status":"closed","template":"","meta":{"footnotes":""},"class_list":["post-2386","page","type-page","status-publish","hentry"],"yoast_head":"<!-- This site is optimized with the Yoast SEO plugin v26.5 - https:\/\/yoast.com\/wordpress\/plugins\/seo\/ -->\n<title>Hotel Torre Pedrera z basenem All inclusive<\/title>\n<meta name=\"description\" content=\"Trzygwiazdkowy hotel z basenem a Torre Pedrera w Rimini. Basen hotelu Doge o wymiarach 18 x 9 metr\u00f3w znajduje si\u0119 na tyle obiektu, wyposa\u017cony jest w hydromasa\u017c, solarium z le\u017cakami i parasolami s\u0142onecznymi oraz automaty do napoj\u00f3w i przek\u0105sek.\" \/>\n<meta name=\"robots\" content=\"index, follow, max-snippet:-1, max-image-preview:large, max-video-preview:-1\" \/>\n<link rel=\"canonical\" href=\"https:\/\/www.hoteldoge.net\/pl\/nasz-basen\/\" \/>\n<meta property=\"og:locale\" content=\"pl_PL\" \/>\n<meta property=\"og:type\" content=\"article\" \/>\n<meta property=\"og:title\" content=\"Hotel Torre Pedrera z basenem All inclusive\" \/>\n<meta property=\"og:description\" content=\"Trzygwiazdkowy hotel z basenem a Torre Pedrera w Rimini. Basen hotelu Doge o wymiarach 18 x 9 metr\u00f3w znajduje si\u0119 na tyle obiektu, wyposa\u017cony jest w hydromasa\u017c, solarium z le\u017cakami i parasolami s\u0142onecznymi oraz automaty do napoj\u00f3w i przek\u0105sek.\" \/>\n<meta property=\"og:url\" content=\"https:\/\/www.hoteldoge.net\/pl\/nasz-basen\/\" \/>\n<meta property=\"og:site_name\" content=\"Hotel Doge Torre Pedrera\" \/>\n<meta property=\"article:modified_time\" content=\"2025-12-10T15:41:24+00:00\" \/>\n<meta name=\"twitter:card\" content=\"summary_large_image\" \/>\n<meta name=\"twitter:label1\" content=\"Szacowany czas czytania\" \/>\n\t<meta name=\"twitter:data1\" content=\"1 minuta\" \/>\n<script type=\"application\/ld+json\" class=\"yoast-schema-graph\">{\"@context\":\"https:\/\/schema.org\",\"@graph\":[{\"@type\":\"WebPage\",\"@id\":\"https:\/\/www.hoteldoge.net\/pl\/nasz-basen\/\",\"url\":\"https:\/\/www.hoteldoge.net\/pl\/nasz-basen\/\",\"name\":\"Hotel Torre Pedrera z basenem All inclusive\",\"isPartOf\":{\"@id\":\"https:\/\/www.hoteldoge.net\/de\/#website\"},\"datePublished\":\"2020-02-28T16:38:53+00:00\",\"dateModified\":\"2025-12-10T15:41:24+00:00\",\"description\":\"Trzygwiazdkowy hotel z basenem a Torre Pedrera w Rimini. Basen hotelu Doge o wymiarach 18 x 9 metr\u00f3w znajduje si\u0119 na tyle obiektu, wyposa\u017cony jest w hydromasa\u017c, solarium z le\u017cakami i parasolami s\u0142onecznymi oraz automaty do napoj\u00f3w i przek\u0105sek.\",\"breadcrumb\":{\"@id\":\"https:\/\/www.hoteldoge.net\/pl\/nasz-basen\/#breadcrumb\"},\"inLanguage\":\"pl-PL\",\"potentialAction\":[{\"@type\":\"ReadAction\",\"target\":[\"https:\/\/www.hoteldoge.net\/pl\/nasz-basen\/\"]}]},{\"@type\":\"BreadcrumbList\",\"@id\":\"https:\/\/www.hoteldoge.net\/pl\/nasz-basen\/#breadcrumb\",\"itemListElement\":[{\"@type\":\"ListItem\",\"position\":1,\"name\":\"Home\",\"item\":\"https:\/\/www.hoteldoge.net\/it\/\"},{\"@type\":\"ListItem\",\"position\":2,\"name\":\"Hotel Torre Pedrera z basenem All inclusive\"}]},{\"@type\":\"WebSite\",\"@id\":\"https:\/\/www.hoteldoge.net\/de\/#website\",\"url\":\"https:\/\/www.hoteldoge.net\/de\/\",\"name\":\"Hotel Doge Torre Pedrera\",\"description\":\"Hotel 3 stelle Torre Pedrera All inclusive con Piscina e Spiaggia\",\"potentialAction\":[{\"@type\":\"SearchAction\",\"target\":{\"@type\":\"EntryPoint\",\"urlTemplate\":\"https:\/\/www.hoteldoge.net\/de\/?s={search_term_string}\"},\"query-input\":{\"@type\":\"PropertyValueSpecification\",\"valueRequired\":true,\"valueName\":\"search_term_string\"}}],\"inLanguage\":\"pl-PL\"}]}<\/script>\n<!-- \/ Yoast SEO plugin. -->","yoast_head_json":{"title":"Hotel Torre Pedrera z basenem All inclusive","description":"Trzygwiazdkowy hotel z basenem a Torre Pedrera w Rimini. Basen hotelu Doge o wymiarach 18 x 9 metr\u00f3w znajduje si\u0119 na tyle obiektu, wyposa\u017cony jest w hydromasa\u017c, solarium z le\u017cakami i parasolami s\u0142onecznymi oraz automaty do napoj\u00f3w i przek\u0105sek.","robots":{"index":"index","follow":"follow","max-snippet":"max-snippet:-1","max-image-preview":"max-image-preview:large","max-video-preview":"max-video-preview:-1"},"canonical":"https:\/\/www.hoteldoge.net\/pl\/nasz-basen\/","og_locale":"pl_PL","og_type":"article","og_title":"Hotel Torre Pedrera z basenem All inclusive","og_description":"Trzygwiazdkowy hotel z basenem a Torre Pedrera w Rimini. Basen hotelu Doge o wymiarach 18 x 9 metr\u00f3w znajduje si\u0119 na tyle obiektu, wyposa\u017cony jest w hydromasa\u017c, solarium z le\u017cakami i parasolami s\u0142onecznymi oraz automaty do napoj\u00f3w i przek\u0105sek.","og_url":"https:\/\/www.hoteldoge.net\/pl\/nasz-basen\/","og_site_name":"Hotel Doge Torre Pedrera","article_modified_time":"2025-12-10T15:41:24+00:00","twitter_card":"summary_large_image","twitter_misc":{"Szacowany czas czytania":"1 minuta"},"schema":{"@context":"https:\/\/schema.org","@graph":[{"@type":"WebPage","@id":"https:\/\/www.hoteldoge.net\/pl\/nasz-basen\/","url":"https:\/\/www.hoteldoge.net\/pl\/nasz-basen\/","name":"Hotel Torre Pedrera z basenem All inclusive","isPartOf":{"@id":"https:\/\/www.hoteldoge.net\/de\/#website"},"datePublished":"2020-02-28T16:38:53+00:00","dateModified":"2025-12-10T15:41:24+00:00","description":"Trzygwiazdkowy hotel z basenem a Torre Pedrera w Rimini. Basen hotelu Doge o wymiarach 18 x 9 metr\u00f3w znajduje si\u0119 na tyle obiektu, wyposa\u017cony jest w hydromasa\u017c, solarium z le\u017cakami i parasolami s\u0142onecznymi oraz automaty do napoj\u00f3w i przek\u0105sek.","breadcrumb":{"@id":"https:\/\/www.hoteldoge.net\/pl\/nasz-basen\/#breadcrumb"},"inLanguage":"pl-PL","potentialAction":[{"@type":"ReadAction","target":["https:\/\/www.hoteldoge.net\/pl\/nasz-basen\/"]}]},{"@type":"BreadcrumbList","@id":"https:\/\/www.hoteldoge.net\/pl\/nasz-basen\/#breadcrumb","itemListElement":[{"@type":"ListItem","position":1,"name":"Home","item":"https:\/\/www.hoteldoge.net\/it\/"},{"@type":"ListItem","position":2,"name":"Hotel Torre Pedrera z basenem All inclusive"}]},{"@type":"WebSite","@id":"https:\/\/www.hoteldoge.net\/de\/#website","url":"https:\/\/www.hoteldoge.net\/de\/","name":"Hotel Doge Torre Pedrera","description":"Hotel 3 stelle Torre Pedrera All inclusive con Piscina e Spiaggia","potentialAction":[{"@type":"SearchAction","target":{"@type":"EntryPoint","urlTemplate":"https:\/\/www.hoteldoge.net\/de\/?s={search_term_string}"},"query-input":{"@type":"PropertyValueSpecification","valueRequired":true,"valueName":"search_term_string"}}],"inLanguage":"pl-PL"}]}},"_links":{"self":[{"href":"https:\/\/www.hoteldoge.net\/pl\/wp-json\/wp\/v2\/pages\/2386","targetHints":{"allow":["GET"]}}],"collection":[{"href":"https:\/\/www.hoteldoge.net\/pl\/wp-json\/wp\/v2\/pages"}],"about":[{"href":"https:\/\/www.hoteldoge.net\/pl\/wp-json\/wp\/v2\/types\/page"}],"author":[{"embeddable":true,"href":"https:\/\/www.hoteldoge.net\/pl\/wp-json\/wp\/v2\/users\/1"}],"replies":[{"embeddable":true,"href":"https:\/\/www.hoteldoge.net\/pl\/wp-json\/wp\/v2\/comments?post=2386"}],"version-history":[{"count":4,"href":"https:\/\/www.hoteldoge.net\/pl\/wp-json\/wp\/v2\/pages\/2386\/revisions"}],"predecessor-version":[{"id":5261,"href":"https:\/\/www.hoteldoge.net\/pl\/wp-json\/wp\/v2\/pages\/2386\/revisions\/5261"}],"wp:attachment":[{"href":"https:\/\/www.hoteldoge.net\/pl\/wp-json\/wp\/v2\/media?parent=2386"}],"curies":[{"name":"wp","href":"https:\/\/api.w.org\/{rel}","templated":true}]}}