{"id":969,"date":"2019-12-18T16:42:24","date_gmt":"2019-12-18T15:42:24","guid":{"rendered":"https:\/\/www.hroyal.it\/it\/?page_id=969"},"modified":"2025-10-12T18:45:54","modified_gmt":"2025-10-12T16:45:54","slug":"family-hotel-torre-pedrera","status":"publish","type":"page","link":"https:\/\/www.hoteldoge.net\/hu\/family-hotel-torre-pedrera\/","title":{"rendered":"Family Hotel Torre Pedrera, tanti Servizi per i Bimbi"},"content":{"rendered":"<section class=\"l-section wpb_row us_custom_33fe73d0 height_auto width_full\"><div class=\"l-section-h i-cf\"><div class=\"g-cols vc_row via_flex valign_top type_default stacking_default\"><div class=\"vc_col-sm-12 wpb_column vc_column_container\"><div class=\"vc_column-inner\"><div class=\"wpb_wrapper\"><div class=\"w-image align_center\"><div class=\"w-image-h\"><img decoding=\"async\" width=\"1920\" height=\"1050\" src=\"https:\/\/www.hoteldoge.net\/wp-content\/uploads\/2019\/12\/camera-family-doge-home.jpg\" class=\"attachment-full size-full\" alt=\"\" loading=\"lazy\" srcset=\"https:\/\/www.hoteldoge.net\/wp-content\/uploads\/2019\/12\/camera-family-doge-home.jpg 1920w, https:\/\/www.hoteldoge.net\/wp-content\/uploads\/2019\/12\/camera-family-doge-home-300x164.jpg 300w, https:\/\/www.hoteldoge.net\/wp-content\/uploads\/2019\/12\/camera-family-doge-home-1024x560.jpg 1024w, https:\/\/www.hoteldoge.net\/wp-content\/uploads\/2019\/12\/camera-family-doge-home-1536x840.jpg 1536w\" sizes=\"auto, (max-width: 1920px) 100vw, 1920px\" \/><\/div><\/div><\/div><\/div><\/div><\/div><\/div><\/section><section class=\"l-section wpb_row us_custom_84d04a42 height_medium\"><div class=\"l-section-h i-cf\"><div class=\"g-cols vc_row via_flex valign_top type_default stacking_default\"><div class=\"vc_col-sm-12 wpb_column vc_column_container\"><div class=\"vc_column-inner\"><div class=\"wpb_wrapper\"><div class=\"wpb_text_column\"><div class=\"wpb_wrapper\"><h1 style=\"color: #004080; text-align: center;\">\ud83d\udc76 <strong>Servizi per i Bimbi<\/strong><\/h1>\n<\/div><\/div><\/div><\/div><\/div><\/div><\/div><\/section><section class=\"l-section wpb_row us_custom_d984a24d height_medium\"><div class=\"l-section-h i-cf\"><div class=\"g-cols vc_row via_flex valign_middle type_default stacking_default\"><div class=\"vc_col-sm-6 wpb_column vc_column_container\"><div class=\"vc_column-inner\"><div class=\"wpb_wrapper\">[vc_custom_heading text=&#8221;FAMILY HOTEL&#8221; font_container=&#8221;tag:h1|font_size:30|text_align:left&#8221; google_fonts=&#8221;font_family:Raleway%3A100%2C200%2C300%2Cregular%2C500%2C600%2C700%2C800%2C900|font_style:700%20bold%20regular%3A700%3Anormal&#8221; css=&#8221;%7B%22default%22%3A%7B%22font-size%22%3A%2230%22%7D%7D&#8221;]<div class=\"wpb_text_column\"><div class=\"wpb_wrapper\"><p style=\"font-size: 1.1em; color: #333;\">\ud83d\udc68\u200d\ud83d\udc69\u200d\ud83d\udc67\u200d\ud83d\udc66 Un hotel che si prende cura dei bambini \u00e8 un hotel che ha a cuore il benessere dei suoi ospiti.<br \/>\n\ud83c\udfe8 <strong>Family Hotel<\/strong> con tanti servizi dedicati: dai \ud83d\udecf\ufe0f lettini con le spondine ai \ud83c\udf7d\ufe0f baby men\u00f9,<br \/>\ndall\u2019\ud83c\udf89 animazione per i grandi a quella pensata per i pi\u00f9 piccoli.<br \/>\n\ud83d\udc9b Anche i nostri prezzi sono <strong>family budget<\/strong>, con <strong>scontistica speciale<\/strong> per i genitori con pi\u00f9 figli.<\/p>\n<\/div><\/div><div class=\"w-btn-wrapper align_center\"><a class=\"w-btn us-btn-style_1\" href=\"https:\/\/www.hoteldoge.net\/it\/contatti\/\"><span class=\"w-btn-label\">Richiedi Preventivo Family<\/span><\/a><\/div><div class=\"w-separator size_medium with_line width_30 thick_1 style_solid color_border align_center\"><div class=\"w-separator-h\"><\/div><\/div><div class=\"wpb_text_column\"><div class=\"wpb_wrapper\"><p style=\"font-size: 1.1em; color: #333;\"><strong>\ud83c\udf7d\ufe0f Servizi nella sala ristorante<\/strong><\/p>\n<ul style=\"list-style: none; padding: 0; margin: 0; font-size: 1.1em; color: #333;\">\n<li style=\"margin: 8px 0;\">\ud83e\udd31 Area dedicata per neomamme<\/li>\n<li style=\"margin: 8px 0;\">\ud83e\udd63 Preparazione brodi vegetali e carne<\/li>\n<li style=\"margin: 8px 0;\">\ud83d\udec1 Vaschette per il bagnetto<\/li>\n<li style=\"margin: 8px 0;\">\ud83c\udf72 Passati di verdura e pappe<\/li>\n<li style=\"margin: 8px 0;\">\ud83e\ude9c Predellini rialzati<\/li>\n<li style=\"margin: 8px 0;\">\ud83d\udc76 Seggioloni<\/li>\n<\/ul>\n<p>&nbsp;<\/p>\n<p style=\"font-size: 1.1em; color: #333; margin-top: 15px;\"><strong>\ud83d\udecf\ufe0f Servizi in camera<\/strong><\/p>\n<ul style=\"list-style: none; padding: 0; margin: 0; font-size: 1.1em; color: #333;\">\n<li style=\"margin: 8px 0;\">\ud83d\udecf\ufe0f Lettini con sponde<\/li>\n<li style=\"margin: 8px 0;\">\ud83e\uddf8 Sponde per letti<\/li>\n<li style=\"margin: 8px 0;\">\ud83d\udec1 Vaschette per il bagnetto<\/li>\n<li style=\"margin: 8px 0;\">\ud83d\udebd Riduzioni per WC<\/li>\n<li style=\"margin: 8px 0;\">\ud83e\ude9c Predellini rialzati<\/li>\n<li style=\"margin: 8px 0;\">\ud83c\udf7c Scalda biberon<\/li>\n<\/ul>\n<p>&nbsp;<\/p>\n<p style=\"font-size: 1.1em; color: #333; margin-top: 15px;\"><strong>\ud83c\udfe8 Servizi in hotel<\/strong><\/p>\n<ul style=\"list-style: none; padding: 0; margin: 0; font-size: 1.1em; color: #333;\">\n<li style=\"margin: 8px 0;\">\ud83c\udfa0 Angolo giochi attrezzato<\/li>\n<li style=\"margin: 8px 0;\">\ud83d\udebc Passeggini<\/li>\n<li style=\"margin: 8px 0;\">\ud83d\udeb2 Bici per bimbi<\/li>\n<li style=\"margin: 8px 0;\">\ud83e\uddfa Seggiolini per bici<\/li>\n<\/ul>\n<\/div><\/div><\/div><\/div><\/div><div class=\"vc_col-sm-6 wpb_column vc_column_container\"><div class=\"vc_column-inner\"><div class=\"wpb_wrapper\"><div class=\"w-grid type_masonry layout_portfolio_18 cols_2 with_isotope ratio_1x1\" id=\"us_grid_1\" style=\"--columns:2;--gap:0.5rem;--item-ratio:1;\" data-filterable=\"true\"><style>@media (max-width:600px){#us_grid_1{--columns:1!important}}@media (min-width:1024px){#us_grid_1 .w-post-elm.post_title{font-size:0px!important}}.layout_portfolio_18 .w-grid-item-h{}.layout_portfolio_18 .usg_vwrapper_1{transition-duration:1s;transform-origin:50% 50%;transform:scale(1) translate(0%,0%);opacity:0}.layout_portfolio_18 .w-grid-item-h:focus-within .usg_vwrapper_1,.layout_portfolio_18 .w-grid-item-h:hover .usg_vwrapper_1{transform:scale(1) translate(0%,0%);opacity:1}.layout_portfolio_18 .usg_post_custom_field_1{transition-duration:1s;transform-origin:50% 50%;transform:scale(1) translate(0%,0%);opacity:0}.layout_portfolio_18 .w-grid-item-h:focus-within .usg_post_custom_field_1,.layout_portfolio_18 .w-grid-item-h:hover .usg_post_custom_field_1{transform:scale(1) translate(0%,0%);opacity:1}.layout_portfolio_18 .usg_post_image_1{position:absolute!important;top:0!important;right:0!important;bottom:0!important;left:0!important}.layout_portfolio_18 .usg_vwrapper_1{position:absolute!important;right:0!important;bottom:-1px!important;left:0!important;background:linear-gradient(transparent,rgba(30,30,30,0.8))!important;padding:5rem 2rem 1.5rem 2rem!important}.layout_portfolio_18 .usg_post_title_1{color:#fff!important;font-size:1.4rem!important}.layout_portfolio_18 .usg_post_taxonomy_1{color:#fff!important;font-size:0.9rem!important}.layout_portfolio_18 .usg_post_custom_field_1{position:absolute!important;top:0!important;right:0!important;bottom:0!important;left:0!important}<\/style><div class=\"w-grid-list\">\t<article class=\"w-grid-item size_1x1 post-973 attachment type-attachment status-inherit hentry\" data-id=\"973\">\n\t\t<div class=\"w-grid-item-h\">\n\t\t\t\t\t\t\t<a ref=\"magnificPopupGrid\" href=\"https:\/\/www.hoteldoge.net\/wp-content\/uploads\/2019\/12\/area-bimbi-1.jpg\" class=\"w-grid-item-anchor\" aria-label=\"area-bimbi\"><\/a>\n\t\t\t\t\t\t<div class=\"w-post-elm post_image usg_post_image_1 stretched\"><img loading=\"lazy\" decoding=\"async\" width=\"800\" height=\"538\" src=\"https:\/\/www.hoteldoge.net\/wp-content\/uploads\/2019\/12\/area-bimbi-1.jpg\" class=\"attachment-large size-large\" alt=\"\" srcset=\"https:\/\/www.hoteldoge.net\/wp-content\/uploads\/2019\/12\/area-bimbi-1.jpg 800w, https:\/\/www.hoteldoge.net\/wp-content\/uploads\/2019\/12\/area-bimbi-1-300x202.jpg 300w\" sizes=\"auto, (max-width: 800px) 100vw, 800px\" \/><\/div><div class=\"w-vwrapper usg_vwrapper_1 align_none valign_top\"><h2 class=\"w-post-elm post_title usg_post_title_1 has_text_color entry-title color_link_inherit\">area-bimbi<\/h2><\/div>\t\t<\/div>\n\t\t\t<\/article>\n\t<article class=\"w-grid-item size_1x1 post-978 attachment type-attachment status-inherit hentry\" data-id=\"978\">\n\t\t<div class=\"w-grid-item-h\">\n\t\t\t\t\t\t\t<a ref=\"magnificPopupGrid\" href=\"https:\/\/www.hoteldoge.net\/wp-content\/uploads\/2019\/12\/area-bimbi-2-1.jpg\" class=\"w-grid-item-anchor\" aria-label=\"area-bimbi-2\"><\/a>\n\t\t\t\t\t\t<div class=\"w-post-elm post_image usg_post_image_1 stretched\"><img loading=\"lazy\" decoding=\"async\" width=\"800\" height=\"538\" src=\"https:\/\/www.hoteldoge.net\/wp-content\/uploads\/2019\/12\/area-bimbi-2-1.jpg\" class=\"attachment-large size-large\" alt=\"\" srcset=\"https:\/\/www.hoteldoge.net\/wp-content\/uploads\/2019\/12\/area-bimbi-2-1.jpg 800w, https:\/\/www.hoteldoge.net\/wp-content\/uploads\/2019\/12\/area-bimbi-2-1-300x202.jpg 300w\" sizes=\"auto, (max-width: 800px) 100vw, 800px\" \/><\/div><div class=\"w-vwrapper usg_vwrapper_1 align_none valign_top\"><h2 class=\"w-post-elm post_title usg_post_title_1 has_text_color entry-title color_link_inherit\">area-bimbi-2<\/h2><\/div>\t\t<\/div>\n\t\t\t<\/article>\n\t<article class=\"w-grid-item size_1x1 post-983 attachment type-attachment status-inherit hentry\" data-id=\"983\">\n\t\t<div class=\"w-grid-item-h\">\n\t\t\t\t\t\t\t<a ref=\"magnificPopupGrid\" href=\"https:\/\/www.hoteldoge.net\/wp-content\/uploads\/2019\/12\/area-bimbi-3-1.jpg\" class=\"w-grid-item-anchor\" aria-label=\"area-bimbi-3\"><\/a>\n\t\t\t\t\t\t<div class=\"w-post-elm post_image usg_post_image_1 stretched\"><img loading=\"lazy\" decoding=\"async\" width=\"800\" height=\"538\" src=\"https:\/\/www.hoteldoge.net\/wp-content\/uploads\/2019\/12\/area-bimbi-3-1.jpg\" class=\"attachment-large size-large\" alt=\"\" srcset=\"https:\/\/www.hoteldoge.net\/wp-content\/uploads\/2019\/12\/area-bimbi-3-1.jpg 800w, https:\/\/www.hoteldoge.net\/wp-content\/uploads\/2019\/12\/area-bimbi-3-1-300x202.jpg 300w\" sizes=\"auto, (max-width: 800px) 100vw, 800px\" \/><\/div><div class=\"w-vwrapper usg_vwrapper_1 align_none valign_top\"><h2 class=\"w-post-elm post_title usg_post_title_1 has_text_color entry-title color_link_inherit\">area-bimbi-3<\/h2><\/div>\t\t<\/div>\n\t\t\t<\/article>\n\t<article class=\"w-grid-item size_1x1 post-988 attachment type-attachment status-inherit hentry\" data-id=\"988\">\n\t\t<div class=\"w-grid-item-h\">\n\t\t\t\t\t\t\t<a ref=\"magnificPopupGrid\" href=\"https:\/\/www.hoteldoge.net\/wp-content\/uploads\/2019\/12\/bambine-piscina-1.jpg\" class=\"w-grid-item-anchor\" aria-label=\"bambine-piscina\"><\/a>\n\t\t\t\t\t\t<div class=\"w-post-elm post_image usg_post_image_1 stretched\"><img loading=\"lazy\" decoding=\"async\" width=\"900\" height=\"600\" src=\"https:\/\/www.hoteldoge.net\/wp-content\/uploads\/2019\/12\/bambine-piscina-1.jpg\" class=\"attachment-large size-large\" alt=\"\" srcset=\"https:\/\/www.hoteldoge.net\/wp-content\/uploads\/2019\/12\/bambine-piscina-1.jpg 900w, https:\/\/www.hoteldoge.net\/wp-content\/uploads\/2019\/12\/bambine-piscina-1-300x200.jpg 300w\" sizes=\"auto, (max-width: 900px) 100vw, 900px\" \/><\/div><div class=\"w-vwrapper usg_vwrapper_1 align_none valign_top\"><h2 class=\"w-post-elm post_title usg_post_title_1 has_text_color entry-title color_link_inherit\">bambine-piscina<\/h2><\/div>\t\t<\/div>\n\t\t\t<\/article>\n\t<article class=\"w-grid-item size_1x1 post-993 attachment type-attachment status-inherit hentry\" data-id=\"993\">\n\t\t<div class=\"w-grid-item-h\">\n\t\t\t\t\t\t\t<a ref=\"magnificPopupGrid\" href=\"https:\/\/www.hoteldoge.net\/wp-content\/uploads\/2019\/12\/bambini.jpg\" class=\"w-grid-item-anchor\" aria-label=\"bambini\"><\/a>\n\t\t\t\t\t\t<div class=\"w-post-elm post_image usg_post_image_1 stretched\"><img loading=\"lazy\" decoding=\"async\" width=\"1024\" height=\"627\" src=\"https:\/\/www.hoteldoge.net\/wp-content\/uploads\/2019\/12\/bambini-1024x627.jpg\" class=\"attachment-large size-large\" alt=\"\" srcset=\"https:\/\/www.hoteldoge.net\/wp-content\/uploads\/2019\/12\/bambini-1024x627.jpg 1024w, https:\/\/www.hoteldoge.net\/wp-content\/uploads\/2019\/12\/bambini-300x184.jpg 300w, https:\/\/www.hoteldoge.net\/wp-content\/uploads\/2019\/12\/bambini-1536x941.jpg 1536w, https:\/\/www.hoteldoge.net\/wp-content\/uploads\/2019\/12\/bambini.jpg 1913w\" sizes=\"auto, (max-width: 1024px) 100vw, 1024px\" \/><\/div><div class=\"w-vwrapper usg_vwrapper_1 align_none valign_top\"><h2 class=\"w-post-elm post_title usg_post_title_1 has_text_color entry-title color_link_inherit\">bambini<\/h2><\/div>\t\t<\/div>\n\t\t\t<\/article>\n\t<article class=\"w-grid-item size_1x1 post-998 attachment type-attachment status-inherit hentry\" data-id=\"998\">\n\t\t<div class=\"w-grid-item-h\">\n\t\t\t\t\t\t\t<a ref=\"magnificPopupGrid\" href=\"https:\/\/www.hoteldoge.net\/wp-content\/uploads\/2019\/12\/bimbo-gioca-spiaggia-1.jpg\" class=\"w-grid-item-anchor\" aria-label=\"bimbo-gioca-spiaggia\"><\/a>\n\t\t\t\t\t\t<div class=\"w-post-elm post_image usg_post_image_1 stretched\"><img loading=\"lazy\" decoding=\"async\" width=\"900\" height=\"650\" src=\"https:\/\/www.hoteldoge.net\/wp-content\/uploads\/2019\/12\/bimbo-gioca-spiaggia-1.jpg\" class=\"attachment-large size-large\" alt=\"\" srcset=\"https:\/\/www.hoteldoge.net\/wp-content\/uploads\/2019\/12\/bimbo-gioca-spiaggia-1.jpg 900w, https:\/\/www.hoteldoge.net\/wp-content\/uploads\/2019\/12\/bimbo-gioca-spiaggia-1-300x217.jpg 300w\" sizes=\"auto, (max-width: 900px) 100vw, 900px\" \/><\/div><div class=\"w-vwrapper usg_vwrapper_1 align_none valign_top\"><h2 class=\"w-post-elm post_title usg_post_title_1 has_text_color entry-title color_link_inherit\">bimbo-gioca-spiaggia<\/h2><\/div>\t\t<\/div>\n\t\t\t<\/article>\n<\/div><div class=\"w-grid-preloader\">\t<div class=\"g-preloader type_1\">\n\t\t<div><\/div>\n\t<\/div>\n\t<\/div>\t<div class=\"w-grid-json hidden\" onclick='return {&quot;action&quot;:&quot;us_ajax_grid&quot;,&quot;infinite_scroll&quot;:0,&quot;max_num_pages&quot;:1,&quot;pagination&quot;:&quot;none&quot;,&quot;template_vars&quot;:{&quot;columns&quot;:&quot;2&quot;,&quot;exclude_items&quot;:&quot;none&quot;,&quot;img_size&quot;:&quot;default&quot;,&quot;ignore_items_size&quot;:0,&quot;items_layout&quot;:&quot;portfolio_18&quot;,&quot;items_offset&quot;:&quot;1&quot;,&quot;load_animation&quot;:&quot;none&quot;,&quot;overriding_link&quot;:&quot;%7B%22type%22%3A%22popup_image%22%7D&quot;,&quot;post_id&quot;:0,&quot;query_args&quot;:{&quot;post_type&quot;:[&quot;attachment&quot;],&quot;post__in&quot;:[&quot;970&quot;,&quot;975&quot;,&quot;980&quot;,&quot;985&quot;,&quot;990&quot;,&quot;995&quot;],&quot;post_status&quot;:&quot;inherit&quot;,&quot;post_mime_type&quot;:&quot;image&quot;,&quot;posts_per_page&quot;:&quot;10&quot;},&quot;orderby_query_args&quot;:{&quot;orderby&quot;:{&quot;post__in&quot;:&quot;ASC&quot;},&quot;order&quot;:&quot;ASC&quot;},&quot;type&quot;:&quot;masonry&quot;,&quot;us_grid_post_type&quot;:&quot;attachment&quot;,&quot;us_grid_ajax_index&quot;:1,&quot;us_grid_filter_query_string&quot;:null,&quot;us_grid_index&quot;:1,&quot;page_args&quot;:[],&quot;lang&quot;:&quot;hu&quot;}}'><\/div>\n\t<\/div><div class=\"w-separator size_medium with_line width_30 thick_1 style_solid color_border align_center\"><div class=\"w-separator-h\"><\/div><\/div><div class=\"wpb_text_column\"><div class=\"wpb_wrapper\"><p style=\"font-size: 1.1em; color: #333;\"><strong>\ud83c\udf89 Animazione bimbi in HOTEL<\/strong><\/p>\n<ul style=\"list-style: none; padding: 0; margin: 0; font-size: 1.1em; color: #333;\">\n<li style=\"margin: 8px 0;\">\ud83d\udc83 Baby dance<\/li>\n<li style=\"margin: 8px 0;\">\ud83c\udfa8 Trucca bimbi<\/li>\n<li style=\"margin: 8px 0;\">\ud83d\uddfa\ufe0f Caccia al tesoro<\/li>\n<li style=\"margin: 8px 0;\">\ud83d\udc57 Sfilate<\/li>\n<li style=\"margin: 8px 0;\">\ud83c\udfb2 E tanti giochi ancora dedicati ai bimbi<\/li>\n<li style=\"margin: 8px 0;\">\ud83d\udd57 <strong>Orari animazione:<\/strong> 20.00 \u2013 22.00<\/li>\n<\/ul>\n<p>&nbsp;<\/p>\n<p style=\"font-size: 1.1em; color: #333; margin-top: 15px;\"><strong>\ud83c\udfd6\ufe0f Animazione bimbi nella SPIAGGIA Bella Burdela<\/strong><\/p>\n<ul style=\"list-style: none; padding: 0; margin: 0; font-size: 1.1em; color: #333;\">\n<li style=\"margin: 8px 0;\">\ud83c\udfa0 Parco giochi attrezzato e ombreggiato<\/li>\n<li style=\"margin: 8px 0;\">\ud83e\udd39\u200d\u2640\ufe0f Animazione con baby hostess<\/li>\n<li style=\"margin: 8px 0;\">\ud83c\udfaf Attivit\u00e0 ludico-ricreative<\/li>\n<li style=\"margin: 8px 0;\">\ud83e\uddf8 Nursery<\/li>\n<li style=\"margin: 8px 0;\">\ud83d\udebb Toilette bimbi dedicata<\/li>\n<li style=\"margin: 8px 0;\">\ud83d\udd59 <strong>Orari animazione:<\/strong> 10.00 \u2013 12.00 e 16.00 \u2013 18.00<\/li>\n<\/ul>\n<\/div><\/div><\/div><\/div><\/div><\/div><\/div><\/section>\n","protected":false},"excerpt":{"rendered":"","protected":false},"author":1,"featured_media":0,"parent":0,"menu_order":0,"comment_status":"closed","ping_status":"closed","template":"","meta":{"footnotes":""},"class_list":["post-969","page","type-page","status-publish","hentry"],"yoast_head":"<!-- This site is optimized with the Yoast SEO plugin v26.5 - https:\/\/yoast.com\/wordpress\/plugins\/seo\/ -->\n<title>Family Hotel Torre Pedrera, tanti Servizi per i Bimbi<\/title>\n<meta name=\"description\" content=\"Family hotel Torre Pedrera con tanti servizi dedicati ai pi\u00f9 piccoli, in camera, al ristorante, in spiaggia. Baby Animazione, giochi, baby sitter a spiaggia.\" \/>\n<meta name=\"robots\" content=\"index, follow, max-snippet:-1, max-image-preview:large, max-video-preview:-1\" \/>\n<link rel=\"canonical\" href=\"https:\/\/www.hoteldoge.net\/it\/family-hotel-torre-pedrera\/\" \/>\n<meta property=\"og:locale\" content=\"hu_HU\" \/>\n<meta property=\"og:type\" content=\"article\" \/>\n<meta property=\"og:title\" content=\"Family Hotel Torre Pedrera, tanti Servizi per i Bimbi\" \/>\n<meta property=\"og:description\" content=\"Family hotel Torre Pedrera con tanti servizi dedicati ai pi\u00f9 piccoli, in camera, al ristorante, in spiaggia. Baby Animazione, giochi, baby sitter a spiaggia.\" \/>\n<meta property=\"og:url\" content=\"https:\/\/www.hoteldoge.net\/it\/family-hotel-torre-pedrera\/\" \/>\n<meta property=\"og:site_name\" content=\"Hotel Doge Torre Pedrera\" \/>\n<meta property=\"article:modified_time\" content=\"2025-10-12T16:45:54+00:00\" \/>\n<meta name=\"twitter:card\" content=\"summary_large_image\" \/>\n<meta name=\"twitter:label1\" content=\"Becs\u00fclt olvas\u00e1si id\u0151\" \/>\n\t<meta name=\"twitter:data1\" content=\"2 perc\" \/>\n<script type=\"application\/ld+json\" class=\"yoast-schema-graph\">{\"@context\":\"https:\/\/schema.org\",\"@graph\":[{\"@type\":\"WebPage\",\"@id\":\"https:\/\/www.hoteldoge.net\/it\/family-hotel-torre-pedrera\/\",\"url\":\"https:\/\/www.hoteldoge.net\/it\/family-hotel-torre-pedrera\/\",\"name\":\"Family Hotel Torre Pedrera, tanti Servizi per i Bimbi\",\"isPartOf\":{\"@id\":\"https:\/\/www.hoteldoge.net\/de\/#website\"},\"datePublished\":\"2019-12-18T15:42:24+00:00\",\"dateModified\":\"2025-10-12T16:45:54+00:00\",\"description\":\"Family hotel Torre Pedrera con tanti servizi dedicati ai pi\u00f9 piccoli, in camera, al ristorante, in spiaggia. Baby Animazione, giochi, baby sitter a spiaggia.\",\"breadcrumb\":{\"@id\":\"https:\/\/www.hoteldoge.net\/it\/family-hotel-torre-pedrera\/#breadcrumb\"},\"inLanguage\":\"hu\",\"potentialAction\":[{\"@type\":\"ReadAction\",\"target\":[\"https:\/\/www.hoteldoge.net\/it\/family-hotel-torre-pedrera\/\"]}]},{\"@type\":\"BreadcrumbList\",\"@id\":\"https:\/\/www.hoteldoge.net\/it\/family-hotel-torre-pedrera\/#breadcrumb\",\"itemListElement\":[{\"@type\":\"ListItem\",\"position\":1,\"name\":\"Home\",\"item\":\"https:\/\/www.hoteldoge.net\/it\/\"},{\"@type\":\"ListItem\",\"position\":2,\"name\":\"Family Hotel Torre Pedrera, tanti Servizi per i Bimbi\"}]},{\"@type\":\"WebSite\",\"@id\":\"https:\/\/www.hoteldoge.net\/de\/#website\",\"url\":\"https:\/\/www.hoteldoge.net\/de\/\",\"name\":\"Hotel Doge Torre Pedrera\",\"description\":\"Hotel 3 stelle Torre Pedrera All inclusive con Piscina e Spiaggia\",\"potentialAction\":[{\"@type\":\"SearchAction\",\"target\":{\"@type\":\"EntryPoint\",\"urlTemplate\":\"https:\/\/www.hoteldoge.net\/de\/?s={search_term_string}\"},\"query-input\":{\"@type\":\"PropertyValueSpecification\",\"valueRequired\":true,\"valueName\":\"search_term_string\"}}],\"inLanguage\":\"hu\"}]}<\/script>\n<!-- \/ Yoast SEO plugin. -->","yoast_head_json":{"title":"Family Hotel Torre Pedrera, tanti Servizi per i Bimbi","description":"Family hotel Torre Pedrera con tanti servizi dedicati ai pi\u00f9 piccoli, in camera, al ristorante, in spiaggia. Baby Animazione, giochi, baby sitter a spiaggia.","robots":{"index":"index","follow":"follow","max-snippet":"max-snippet:-1","max-image-preview":"max-image-preview:large","max-video-preview":"max-video-preview:-1"},"canonical":"https:\/\/www.hoteldoge.net\/it\/family-hotel-torre-pedrera\/","og_locale":"hu_HU","og_type":"article","og_title":"Family Hotel Torre Pedrera, tanti Servizi per i Bimbi","og_description":"Family hotel Torre Pedrera con tanti servizi dedicati ai pi\u00f9 piccoli, in camera, al ristorante, in spiaggia. Baby Animazione, giochi, baby sitter a spiaggia.","og_url":"https:\/\/www.hoteldoge.net\/it\/family-hotel-torre-pedrera\/","og_site_name":"Hotel Doge Torre Pedrera","article_modified_time":"2025-10-12T16:45:54+00:00","twitter_card":"summary_large_image","twitter_misc":{"Becs\u00fclt olvas\u00e1si id\u0151":"2 perc"},"schema":{"@context":"https:\/\/schema.org","@graph":[{"@type":"WebPage","@id":"https:\/\/www.hoteldoge.net\/it\/family-hotel-torre-pedrera\/","url":"https:\/\/www.hoteldoge.net\/it\/family-hotel-torre-pedrera\/","name":"Family Hotel Torre Pedrera, tanti Servizi per i Bimbi","isPartOf":{"@id":"https:\/\/www.hoteldoge.net\/de\/#website"},"datePublished":"2019-12-18T15:42:24+00:00","dateModified":"2025-10-12T16:45:54+00:00","description":"Family hotel Torre Pedrera con tanti servizi dedicati ai pi\u00f9 piccoli, in camera, al ristorante, in spiaggia. Baby Animazione, giochi, baby sitter a spiaggia.","breadcrumb":{"@id":"https:\/\/www.hoteldoge.net\/it\/family-hotel-torre-pedrera\/#breadcrumb"},"inLanguage":"hu","potentialAction":[{"@type":"ReadAction","target":["https:\/\/www.hoteldoge.net\/it\/family-hotel-torre-pedrera\/"]}]},{"@type":"BreadcrumbList","@id":"https:\/\/www.hoteldoge.net\/it\/family-hotel-torre-pedrera\/#breadcrumb","itemListElement":[{"@type":"ListItem","position":1,"name":"Home","item":"https:\/\/www.hoteldoge.net\/it\/"},{"@type":"ListItem","position":2,"name":"Family Hotel Torre Pedrera, tanti Servizi per i Bimbi"}]},{"@type":"WebSite","@id":"https:\/\/www.hoteldoge.net\/de\/#website","url":"https:\/\/www.hoteldoge.net\/de\/","name":"Hotel Doge Torre Pedrera","description":"Hotel 3 stelle Torre Pedrera All inclusive con Piscina e Spiaggia","potentialAction":[{"@type":"SearchAction","target":{"@type":"EntryPoint","urlTemplate":"https:\/\/www.hoteldoge.net\/de\/?s={search_term_string}"},"query-input":{"@type":"PropertyValueSpecification","valueRequired":true,"valueName":"search_term_string"}}],"inLanguage":"hu"}]}},"_links":{"self":[{"href":"https:\/\/www.hoteldoge.net\/hu\/wp-json\/wp\/v2\/pages\/969","targetHints":{"allow":["GET"]}}],"collection":[{"href":"https:\/\/www.hoteldoge.net\/hu\/wp-json\/wp\/v2\/pages"}],"about":[{"href":"https:\/\/www.hoteldoge.net\/hu\/wp-json\/wp\/v2\/types\/page"}],"author":[{"embeddable":true,"href":"https:\/\/www.hoteldoge.net\/hu\/wp-json\/wp\/v2\/users\/1"}],"replies":[{"embeddable":true,"href":"https:\/\/www.hoteldoge.net\/hu\/wp-json\/wp\/v2\/comments?post=969"}],"version-history":[{"count":33,"href":"https:\/\/www.hoteldoge.net\/hu\/wp-json\/wp\/v2\/pages\/969\/revisions"}],"predecessor-version":[{"id":5126,"href":"https:\/\/www.hoteldoge.net\/hu\/wp-json\/wp\/v2\/pages\/969\/revisions\/5126"}],"wp:attachment":[{"href":"https:\/\/www.hoteldoge.net\/hu\/wp-json\/wp\/v2\/media?parent=969"}],"curies":[{"name":"wp","href":"https:\/\/api.w.org\/{rel}","templated":true}]}}