{"id":3235,"date":"2022-05-31T17:05:46","date_gmt":"2022-05-31T15:05:46","guid":{"rendered":"https:\/\/www.hoteldoge.net\/?page_id=3235"},"modified":"2022-05-31T17:37:30","modified_gmt":"2022-05-31T15:37:30","slug":"last-minute-giugno-torre-pedrera","status":"publish","type":"page","link":"https:\/\/www.hoteldoge.net\/hu\/last-minute-giugno-torre-pedrera\/","title":{"rendered":"Last Minute Giugno Torre Pedrera"},"content":{"rendered":"<section class=\"l-section wpb_row height_medium\"><div class=\"l-section-h i-cf\"><div class=\"g-cols vc_row via_flex valign_top type_default stacking_default\"><div class=\"vc_col-sm-12 wpb_column vc_column_container\"><div class=\"vc_column-inner\"><div class=\"wpb_wrapper\"><div class=\"wpb_text_column\"><div class=\"wpb_wrapper\"><h2 style=\"text-align: center;\">Last Minute Giugno 2022: Prenota Adesso e Risparmia!<\/h2>\n<\/div><\/div><div class=\"g-cols wpb_row via_flex valign_top type_default stacking_default\"><div class=\"vc_col-sm-6 wpb_column vc_column_container\"><div class=\"vc_column-inner\"><div class=\"wpb_wrapper\"><div class=\"wpb_text_column\"><div class=\"wpb_wrapper\"><p>Prenota ADESSO la tua vacanza in Romagna presso l&#8217;hotel Doge, sul <strong>lungomare<\/strong> di Torre Pedrera di Rimini, con<strong> camere vista Mare<\/strong>, ti assicurerai <span style=\"color: #ee6532; font-size: 1.5em; font-weight: bold;\">FORTI SCONTI<\/span> sul prezzo di listino:<\/p>\n<p>Formula <strong>Mezza Pensione ALL INCLUSIVE<\/strong>, valida esclusivamente nel periodo dal 06 al 25 giugno 2022:<\/p>\n<ul>\n<li><del>63,00<\/del> &#8211; <span style=\"color: #ee6532; font-size: 1.5em; font-weight: bold;\">59,00<\/span> \u20ac al giorno a persona, <u>dal 06 al 17 giugno 2022<\/u><\/li>\n<li><del>73,00<\/del> &#8211; <span style=\"color: #ee6532; font-size: 1.5em; font-weight: bold;\">69,00<\/span> \u20ac al giorno a persona, <u>dal 18 al 25 giugno 2022<\/u><\/li>\n<\/ul>\n<\/div><\/div><div class=\"w-btn-wrapper align_center\"><a class=\"w-btn us-btn-style_2\" href=\"https:\/\/www.hoteldoge.net\/it\/contatti.html\"><span class=\"w-btn-label\">Richiedi Preventivo LAST MINUTE GIUGNO<\/span><\/a><\/div><\/div><\/div><\/div><div class=\"vc_col-sm-6 wpb_column vc_column_container\"><div class=\"vc_column-inner\"><div class=\"wpb_wrapper\"><div class=\"wpb_text_column\"><div class=\"wpb_wrapper\"><p>I Tanti vantaggi da cogliere al volo per una vacanza nel mese di<strong> GIUGNO:<\/strong><\/p>\n<ul>\n<li><strong>Sconti BIMBI GRATIS o Scontatissimi<\/strong>!<\/li>\n<li>Hotel 3 stelle sul nuovo lungomare di Torre Pedrera<\/li>\n<li>Camere accessoriate con <strong>balcone VISTA MARE<\/strong><\/li>\n<li>Piscina con idromassaggio<\/li>\n<li>Le giornate pi\u00f9 rilassanti dell&#8217;estate, da trascorrere in spiaggia<\/li>\n<li>Ampio parcheggio interno<\/li>\n<li>Spazio giochi bimbi in hotel e a spiaggia<\/li>\n<li>cucina attrezzata per neo mamme<\/li>\n<li>Ideale per chi cerca benessere,<strong> ideale per famiglie<br \/>\n<\/strong><\/li>\n<li>ed infine <strong>FORTE SCONTO<\/strong> sulla tua vacanza al mare!<\/li>\n<\/ul>\n<\/div><\/div><\/div><\/div><\/div><\/div><\/div><\/div><\/div><\/div><\/div><\/section><section class=\"l-section wpb_row us_custom_5cd26a65 height_medium\"><div class=\"l-section-h i-cf\"><div class=\"g-cols vc_row via_flex valign_top type_default stacking_default\"><div class=\"vc_col-sm-12 wpb_column vc_column_container\"><div class=\"vc_column-inner\"><div class=\"wpb_wrapper\"><div class=\"w-grid type_grid layout_gallery_default cols_8\" id=\"us_grid_1\" style=\"--columns:8;--gap:4px;\" data-filterable=\"true\"><style>@media (max-width:1024px){#us_grid_1{--columns:5!important}}@media (max-width:600px){#us_grid_1{--columns:3!important}}.layout_gallery_default .w-grid-item-h{}<\/style><div class=\"w-grid-list\">\t<article class=\"w-grid-item size_1x1 post-3052 attachment type-attachment status-inherit hentry\" data-id=\"3052\">\n\t\t<div class=\"w-grid-item-h\">\n\t\t\t\t\t\t\t<a ref=\"magnificPopupGrid\" href=\"https:\/\/www.hoteldoge.net\/wp-content\/uploads\/2021\/07\/esterno-panoramica-fiori_DSC6793.jpg\" class=\"w-grid-item-anchor\" aria-label=\"esterno-panoramica-fiori_DSC6793\"><\/a>\n\t\t\t\t\t\t<div class=\"w-post-elm post_image usg_post_image_1 stretched\"><img loading=\"lazy\" decoding=\"async\" width=\"500\" height=\"500\" src=\"https:\/\/www.hoteldoge.net\/wp-content\/uploads\/2021\/07\/esterno-panoramica-fiori_DSC6793-500x500.jpg\" class=\"attachment-us_500_500_crop size-us_500_500_crop\" alt=\"\" srcset=\"https:\/\/www.hoteldoge.net\/wp-content\/uploads\/2021\/07\/esterno-panoramica-fiori_DSC6793-500x500.jpg 500w, https:\/\/www.hoteldoge.net\/wp-content\/uploads\/2021\/07\/esterno-panoramica-fiori_DSC6793-150x150.jpg 150w\" sizes=\"auto, (max-width: 500px) 100vw, 500px\" \/><\/div>\t\t<\/div>\n\t\t\t<\/article>\n\t<article class=\"w-grid-item size_1x1 post-2990 attachment type-attachment status-inherit hentry\" data-id=\"2990\">\n\t\t<div class=\"w-grid-item-h\">\n\t\t\t\t\t\t\t<a ref=\"magnificPopupGrid\" href=\"https:\/\/www.hoteldoge.net\/wp-content\/uploads\/2021\/07\/bela-burdella-panoramica-serrale_DSC6873.jpg\" class=\"w-grid-item-anchor\" aria-label=\"bela-burdella-panoramica-serrale_DSC6873\"><\/a>\n\t\t\t\t\t\t<div class=\"w-post-elm post_image usg_post_image_1 stretched\"><img loading=\"lazy\" decoding=\"async\" width=\"500\" height=\"500\" src=\"https:\/\/www.hoteldoge.net\/wp-content\/uploads\/2021\/07\/bela-burdella-panoramica-serrale_DSC6873-500x500.jpg\" class=\"attachment-us_500_500_crop size-us_500_500_crop\" alt=\"\" srcset=\"https:\/\/www.hoteldoge.net\/wp-content\/uploads\/2021\/07\/bela-burdella-panoramica-serrale_DSC6873-500x500.jpg 500w, https:\/\/www.hoteldoge.net\/wp-content\/uploads\/2021\/07\/bela-burdella-panoramica-serrale_DSC6873-150x150.jpg 150w\" sizes=\"auto, (max-width: 500px) 100vw, 500px\" \/><\/div>\t\t<\/div>\n\t\t\t<\/article>\n\t<article class=\"w-grid-item size_1x1 post-3047 attachment type-attachment status-inherit hentry\" data-id=\"3047\">\n\t\t<div class=\"w-grid-item-h\">\n\t\t\t\t\t\t\t<a ref=\"magnificPopupGrid\" href=\"https:\/\/www.hoteldoge.net\/wp-content\/uploads\/2021\/07\/DSC6773-scaled.jpg\" class=\"w-grid-item-anchor\" aria-label=\"_DSC6773\"><\/a>\n\t\t\t\t\t\t<div class=\"w-post-elm post_image usg_post_image_1 stretched\"><img loading=\"lazy\" decoding=\"async\" width=\"500\" height=\"500\" src=\"https:\/\/www.hoteldoge.net\/wp-content\/uploads\/2021\/07\/DSC6773-500x500.jpg\" class=\"attachment-us_500_500_crop size-us_500_500_crop\" alt=\"\" srcset=\"https:\/\/www.hoteldoge.net\/wp-content\/uploads\/2021\/07\/DSC6773-500x500.jpg 500w, https:\/\/www.hoteldoge.net\/wp-content\/uploads\/2021\/07\/DSC6773-150x150.jpg 150w\" sizes=\"auto, (max-width: 500px) 100vw, 500px\" \/><\/div>\t\t<\/div>\n\t\t\t<\/article>\n\t<article class=\"w-grid-item size_1x1 post-2977 attachment type-attachment status-inherit hentry\" data-id=\"2977\">\n\t\t<div class=\"w-grid-item-h\">\n\t\t\t\t\t\t\t<a ref=\"magnificPopupGrid\" href=\"https:\/\/www.hoteldoge.net\/wp-content\/uploads\/2021\/07\/lumgomare-doge-gallery_DSC6815.jpg\" class=\"w-grid-item-anchor\" aria-label=\"lumgomare-doge-gallery_DSC6815\"><\/a>\n\t\t\t\t\t\t<div class=\"w-post-elm post_image usg_post_image_1 stretched\"><img loading=\"lazy\" decoding=\"async\" width=\"500\" height=\"500\" src=\"https:\/\/www.hoteldoge.net\/wp-content\/uploads\/2021\/07\/lumgomare-doge-gallery_DSC6815-500x500.jpg\" class=\"attachment-us_500_500_crop size-us_500_500_crop\" alt=\"\" srcset=\"https:\/\/www.hoteldoge.net\/wp-content\/uploads\/2021\/07\/lumgomare-doge-gallery_DSC6815-500x500.jpg 500w, https:\/\/www.hoteldoge.net\/wp-content\/uploads\/2021\/07\/lumgomare-doge-gallery_DSC6815-150x150.jpg 150w\" sizes=\"auto, (max-width: 500px) 100vw, 500px\" \/><\/div>\t\t<\/div>\n\t\t\t<\/article>\n\t<article class=\"w-grid-item size_1x1 post-3031 attachment type-attachment status-inherit hentry\" data-id=\"3031\">\n\t\t<div class=\"w-grid-item-h\">\n\t\t\t\t\t\t\t<a ref=\"magnificPopupGrid\" href=\"https:\/\/www.hoteldoge.net\/wp-content\/uploads\/2021\/07\/camera-doge-vista-mare_DSC6975.jpg\" class=\"w-grid-item-anchor\" aria-label=\"camera-doge-vista-mare_DSC6975\"><\/a>\n\t\t\t\t\t\t<div class=\"w-post-elm post_image usg_post_image_1 stretched\"><img loading=\"lazy\" decoding=\"async\" width=\"500\" height=\"500\" src=\"https:\/\/www.hoteldoge.net\/wp-content\/uploads\/2021\/07\/camera-doge-vista-mare_DSC6975-500x500.jpg\" class=\"attachment-us_500_500_crop size-us_500_500_crop\" alt=\"\" srcset=\"https:\/\/www.hoteldoge.net\/wp-content\/uploads\/2021\/07\/camera-doge-vista-mare_DSC6975-500x500.jpg 500w, https:\/\/www.hoteldoge.net\/wp-content\/uploads\/2021\/07\/camera-doge-vista-mare_DSC6975-150x150.jpg 150w\" sizes=\"auto, (max-width: 500px) 100vw, 500px\" \/><\/div>\t\t<\/div>\n\t\t\t<\/article>\n\t<article class=\"w-grid-item size_1x1 post-2995 attachment type-attachment status-inherit hentry\" data-id=\"2995\">\n\t\t<div class=\"w-grid-item-h\">\n\t\t\t\t\t\t\t<a ref=\"magnificPopupGrid\" href=\"https:\/\/www.hoteldoge.net\/wp-content\/uploads\/2021\/07\/bela-burdela-panoramica_DSC6804-scaled.jpg\" class=\"w-grid-item-anchor\" aria-label=\"bela-burdela-panoramica_DSC6804\"><\/a>\n\t\t\t\t\t\t<div class=\"w-post-elm post_image usg_post_image_1 stretched\"><img loading=\"lazy\" decoding=\"async\" width=\"500\" height=\"500\" src=\"https:\/\/www.hoteldoge.net\/wp-content\/uploads\/2021\/07\/bela-burdela-panoramica_DSC6804-500x500.jpg\" class=\"attachment-us_500_500_crop size-us_500_500_crop\" alt=\"\" srcset=\"https:\/\/www.hoteldoge.net\/wp-content\/uploads\/2021\/07\/bela-burdela-panoramica_DSC6804-500x500.jpg 500w, https:\/\/www.hoteldoge.net\/wp-content\/uploads\/2021\/07\/bela-burdela-panoramica_DSC6804-150x150.jpg 150w\" sizes=\"auto, (max-width: 500px) 100vw, 500px\" \/><\/div>\t\t<\/div>\n\t\t\t<\/article>\n\t<article class=\"w-grid-item size_1x1 post-923 attachment type-attachment status-inherit hentry\" data-id=\"923\">\n\t\t<div class=\"w-grid-item-h\">\n\t\t\t\t\t\t\t<a ref=\"magnificPopupGrid\" href=\"https:\/\/www.hoteldoge.net\/wp-content\/uploads\/2019\/12\/panino-piscina.jpg\" class=\"w-grid-item-anchor\" aria-label=\"panino-piscina\"><\/a>\n\t\t\t\t\t\t<div class=\"w-post-elm post_image usg_post_image_1 stretched\"><img loading=\"lazy\" decoding=\"async\" width=\"500\" height=\"333\" src=\"https:\/\/www.hoteldoge.net\/wp-content\/uploads\/2019\/12\/panino-piscina.jpg\" class=\"attachment-us_500_500_crop size-us_500_500_crop\" alt=\"\" srcset=\"https:\/\/www.hoteldoge.net\/wp-content\/uploads\/2019\/12\/panino-piscina.jpg 1500w, https:\/\/www.hoteldoge.net\/wp-content\/uploads\/2019\/12\/panino-piscina-300x200.jpg 300w, https:\/\/www.hoteldoge.net\/wp-content\/uploads\/2019\/12\/panino-piscina-1024x683.jpg 1024w\" sizes=\"auto, (max-width: 500px) 100vw, 500px\" \/><\/div>\t\t<\/div>\n\t\t\t<\/article>\n\t<article class=\"w-grid-item size_1x1 post-3036 attachment type-attachment status-inherit hentry\" data-id=\"3036\">\n\t\t<div class=\"w-grid-item-h\">\n\t\t\t\t\t\t\t<a ref=\"magnificPopupGrid\" href=\"https:\/\/www.hoteldoge.net\/wp-content\/uploads\/2021\/07\/camera-doge-vista-mare_DSC6992.jpg\" class=\"w-grid-item-anchor\" aria-label=\"camera-doge-vista-mare_DSC6992\"><\/a>\n\t\t\t\t\t\t<div class=\"w-post-elm post_image usg_post_image_1 stretched\"><img loading=\"lazy\" decoding=\"async\" width=\"500\" height=\"500\" src=\"https:\/\/www.hoteldoge.net\/wp-content\/uploads\/2021\/07\/camera-doge-vista-mare_DSC6992-500x500.jpg\" class=\"attachment-us_500_500_crop size-us_500_500_crop\" alt=\"\" srcset=\"https:\/\/www.hoteldoge.net\/wp-content\/uploads\/2021\/07\/camera-doge-vista-mare_DSC6992-500x500.jpg 500w, https:\/\/www.hoteldoge.net\/wp-content\/uploads\/2021\/07\/camera-doge-vista-mare_DSC6992-150x150.jpg 150w\" sizes=\"auto, (max-width: 500px) 100vw, 500px\" \/><\/div>\t\t<\/div>\n\t\t\t<\/article>\n<\/div><div class=\"w-grid-preloader\">\t<div class=\"g-preloader type_1\">\n\t\t<div><\/div>\n\t<\/div>\n\t<\/div>\t<div class=\"w-grid-json hidden\" onclick='return {&quot;action&quot;:&quot;us_ajax_grid&quot;,&quot;infinite_scroll&quot;:0,&quot;max_num_pages&quot;:1,&quot;pagination&quot;:&quot;none&quot;,&quot;template_vars&quot;:{&quot;columns&quot;:&quot;8&quot;,&quot;exclude_items&quot;:&quot;none&quot;,&quot;img_size&quot;:&quot;us_500_500_crop&quot;,&quot;ignore_items_size&quot;:0,&quot;items_layout&quot;:&quot;gallery_default&quot;,&quot;items_offset&quot;:&quot;1&quot;,&quot;load_animation&quot;:&quot;none&quot;,&quot;overriding_link&quot;:&quot;%7B%22type%22%3A%22popup_image%22%7D&quot;,&quot;post_id&quot;:0,&quot;query_args&quot;:{&quot;post_type&quot;:[&quot;attachment&quot;],&quot;post__in&quot;:[&quot;3049&quot;,&quot;2987&quot;,&quot;3044&quot;,&quot;2974&quot;,&quot;3028&quot;,&quot;2992&quot;,&quot;920&quot;,&quot;3033&quot;],&quot;post_status&quot;:&quot;inherit&quot;,&quot;post_mime_type&quot;:&quot;image&quot;,&quot;posts_per_page&quot;:999},&quot;orderby_query_args&quot;:{&quot;orderby&quot;:{&quot;post__in&quot;:&quot;ASC&quot;},&quot;order&quot;:&quot;ASC&quot;},&quot;type&quot;:&quot;grid&quot;,&quot;us_grid_post_type&quot;:&quot;attachment&quot;,&quot;us_grid_ajax_index&quot;:1,&quot;us_grid_filter_query_string&quot;:null,&quot;us_grid_index&quot;:1,&quot;page_args&quot;:[],&quot;lang&quot;:&quot;hu&quot;}}'><\/div>\n\t<\/div><\/div><\/div><\/div><\/div><\/div><\/section><section class=\"l-section wpb_row height_medium color_alternate\"><div class=\"l-section-h i-cf\"><div class=\"g-cols vc_row via_flex valign_top type_default stacking_default\"><div class=\"vc_col-sm-12 wpb_column vc_column_container has_bg_color\"><div class=\"vc_column-inner us_custom_573cd29a\"><div class=\"wpb_wrapper\"><div class=\"wpb_text_column\"><div class=\"wpb_wrapper\"><h3 style=\"text-align: center;\">Sconti Famiglia nel mese di GIUGNO<\/h3>\n<\/div><\/div><div class=\"wpb_text_column\"><div class=\"wpb_wrapper\">\n<table id=\"tablepress-4\" class=\"tablepress tablepress-id-4\">\n<thead>\n<tr class=\"row-1\">\n\t<th class=\"column-1\">RIDUZIONI BIMBI    <\/th><th class=\"column-2\">in camera con 2 ADULTI<\/th><th class=\"column-3\">in camere COMUNICANTI (camere FAMILY)<\/th>\n<\/tr>\n<\/thead>\n<tbody class=\"row-striping\">\n<tr class=\"row-2\">\n\t<td class=\"column-1\">Bambini 0-2 anni (*)<\/td><td class=\"column-2\"><strong>100% (GRATIS )<\/strong><\/td><td class=\"column-3\">50%<\/td>\n<\/tr>\n<tr class=\"row-3\">\n\t<td class=\"column-1\">Bambini 3-8 anni<\/td><td class=\"column-2\">50%<\/td><td class=\"column-3\">25%<\/td>\n<\/tr>\n<tr class=\"row-4\">\n\t<td class=\"column-1\">Bambini 9-13 anni<\/td><td class=\"column-2\">30%<\/td><td class=\"column-3\">15%<\/td>\n<\/tr>\n<\/tbody>\n<\/table>\n\n<\/div><\/div><div class=\"w-separator size_small\"><\/div><div class=\"w-btn-wrapper align_center\"><a class=\"w-btn us-btn-style_2\" href=\"https:\/\/www.hoteldoge.net\/it\/contatti.html\"><span class=\"w-btn-label\">Richiedi la speciale Scontistica per BAMBINI<\/span><\/a><\/div><\/div><\/div><\/div><\/div><\/div><\/section><section class=\"l-section wpb_row height_auto width_full\"><div class=\"l-section-h i-cf\"><div class=\"g-cols vc_row via_flex valign_middle type_default stacking_default\"><div class=\"vc_col-sm-12 wpb_column vc_column_container\"><div class=\"vc_column-inner\"><div class=\"wpb_wrapper\"><div class=\"w-image align_center\"><a title=\"Richiesta Informazioni\" href=\"https:\/\/www.hoteldoge.net\/it\/contatti.html\" aria-label=\"camera-doge-vista-mare_DSC6992\" class=\"w-image-h\"><img decoding=\"async\" width=\"1920\" height=\"1197\" src=\"https:\/\/www.hoteldoge.net\/wp-content\/uploads\/2021\/07\/camera-doge-vista-mare_DSC6992.jpg\" class=\"attachment-full size-full\" alt=\"\" loading=\"lazy\" srcset=\"https:\/\/www.hoteldoge.net\/wp-content\/uploads\/2021\/07\/camera-doge-vista-mare_DSC6992.jpg 1920w, https:\/\/www.hoteldoge.net\/wp-content\/uploads\/2021\/07\/camera-doge-vista-mare_DSC6992-300x187.jpg 300w, https:\/\/www.hoteldoge.net\/wp-content\/uploads\/2021\/07\/camera-doge-vista-mare_DSC6992-1024x638.jpg 1024w, https:\/\/www.hoteldoge.net\/wp-content\/uploads\/2021\/07\/camera-doge-vista-mare_DSC6992-1536x958.jpg 1536w\" sizes=\"auto, (max-width: 1920px) 100vw, 1920px\" \/><\/a><\/div><\/div><\/div><\/div><\/div><\/div><\/section>\n","protected":false},"excerpt":{"rendered":"","protected":false},"author":1,"featured_media":0,"parent":0,"menu_order":0,"comment_status":"closed","ping_status":"closed","template":"","meta":{"footnotes":""},"class_list":["post-3235","page","type-page","status-publish","hentry"],"yoast_head":"<!-- This site is optimized with the Yoast SEO plugin v26.5 - https:\/\/yoast.com\/wordpress\/plugins\/seo\/ -->\n<title>Last Minute Giugno Torre Pedrera - Hotel Doge Torre Pedrera<\/title>\n<meta name=\"robots\" content=\"index, follow, max-snippet:-1, max-image-preview:large, max-video-preview:-1\" \/>\n<link rel=\"canonical\" href=\"https:\/\/www.hoteldoge.net\/it\/last-minute-giugno-torre-pedrera\/\" \/>\n<meta property=\"og:locale\" content=\"hu_HU\" \/>\n<meta property=\"og:type\" content=\"article\" \/>\n<meta property=\"og:title\" content=\"Last Minute Giugno Torre Pedrera - Hotel Doge Torre Pedrera\" \/>\n<meta property=\"og:url\" content=\"https:\/\/www.hoteldoge.net\/it\/last-minute-giugno-torre-pedrera\/\" \/>\n<meta property=\"og:site_name\" content=\"Hotel Doge Torre Pedrera\" \/>\n<meta property=\"article:modified_time\" content=\"2022-05-31T15:37:30+00:00\" \/>\n<meta name=\"twitter:card\" content=\"summary_large_image\" \/>\n<meta name=\"twitter:label1\" content=\"Becs\u00fclt olvas\u00e1si id\u0151\" \/>\n\t<meta name=\"twitter:data1\" content=\"2 perc\" \/>\n<script type=\"application\/ld+json\" class=\"yoast-schema-graph\">{\"@context\":\"https:\/\/schema.org\",\"@graph\":[{\"@type\":\"WebPage\",\"@id\":\"https:\/\/www.hoteldoge.net\/it\/last-minute-giugno-torre-pedrera\/\",\"url\":\"https:\/\/www.hoteldoge.net\/it\/last-minute-giugno-torre-pedrera\/\",\"name\":\"Last Minute Giugno Torre Pedrera - Hotel Doge Torre Pedrera\",\"isPartOf\":{\"@id\":\"https:\/\/www.hoteldoge.net\/de\/#website\"},\"datePublished\":\"2022-05-31T15:05:46+00:00\",\"dateModified\":\"2022-05-31T15:37:30+00:00\",\"breadcrumb\":{\"@id\":\"https:\/\/www.hoteldoge.net\/it\/last-minute-giugno-torre-pedrera\/#breadcrumb\"},\"inLanguage\":\"hu\",\"potentialAction\":[{\"@type\":\"ReadAction\",\"target\":[\"https:\/\/www.hoteldoge.net\/it\/last-minute-giugno-torre-pedrera\/\"]}]},{\"@type\":\"BreadcrumbList\",\"@id\":\"https:\/\/www.hoteldoge.net\/it\/last-minute-giugno-torre-pedrera\/#breadcrumb\",\"itemListElement\":[{\"@type\":\"ListItem\",\"position\":1,\"name\":\"Home\",\"item\":\"https:\/\/www.hoteldoge.net\/it\/\"},{\"@type\":\"ListItem\",\"position\":2,\"name\":\"Last Minute Giugno Torre Pedrera\"}]},{\"@type\":\"WebSite\",\"@id\":\"https:\/\/www.hoteldoge.net\/de\/#website\",\"url\":\"https:\/\/www.hoteldoge.net\/de\/\",\"name\":\"Hotel Doge Torre Pedrera\",\"description\":\"Hotel 3 stelle Torre Pedrera All inclusive con Piscina e Spiaggia\",\"potentialAction\":[{\"@type\":\"SearchAction\",\"target\":{\"@type\":\"EntryPoint\",\"urlTemplate\":\"https:\/\/www.hoteldoge.net\/de\/?s={search_term_string}\"},\"query-input\":{\"@type\":\"PropertyValueSpecification\",\"valueRequired\":true,\"valueName\":\"search_term_string\"}}],\"inLanguage\":\"hu\"}]}<\/script>\n<!-- \/ Yoast SEO plugin. -->","yoast_head_json":{"title":"Last Minute Giugno Torre Pedrera - Hotel Doge Torre Pedrera","robots":{"index":"index","follow":"follow","max-snippet":"max-snippet:-1","max-image-preview":"max-image-preview:large","max-video-preview":"max-video-preview:-1"},"canonical":"https:\/\/www.hoteldoge.net\/it\/last-minute-giugno-torre-pedrera\/","og_locale":"hu_HU","og_type":"article","og_title":"Last Minute Giugno Torre Pedrera - Hotel Doge Torre Pedrera","og_url":"https:\/\/www.hoteldoge.net\/it\/last-minute-giugno-torre-pedrera\/","og_site_name":"Hotel Doge Torre Pedrera","article_modified_time":"2022-05-31T15:37:30+00:00","twitter_card":"summary_large_image","twitter_misc":{"Becs\u00fclt olvas\u00e1si id\u0151":"2 perc"},"schema":{"@context":"https:\/\/schema.org","@graph":[{"@type":"WebPage","@id":"https:\/\/www.hoteldoge.net\/it\/last-minute-giugno-torre-pedrera\/","url":"https:\/\/www.hoteldoge.net\/it\/last-minute-giugno-torre-pedrera\/","name":"Last Minute Giugno Torre Pedrera - Hotel Doge Torre Pedrera","isPartOf":{"@id":"https:\/\/www.hoteldoge.net\/de\/#website"},"datePublished":"2022-05-31T15:05:46+00:00","dateModified":"2022-05-31T15:37:30+00:00","breadcrumb":{"@id":"https:\/\/www.hoteldoge.net\/it\/last-minute-giugno-torre-pedrera\/#breadcrumb"},"inLanguage":"hu","potentialAction":[{"@type":"ReadAction","target":["https:\/\/www.hoteldoge.net\/it\/last-minute-giugno-torre-pedrera\/"]}]},{"@type":"BreadcrumbList","@id":"https:\/\/www.hoteldoge.net\/it\/last-minute-giugno-torre-pedrera\/#breadcrumb","itemListElement":[{"@type":"ListItem","position":1,"name":"Home","item":"https:\/\/www.hoteldoge.net\/it\/"},{"@type":"ListItem","position":2,"name":"Last Minute Giugno Torre Pedrera"}]},{"@type":"WebSite","@id":"https:\/\/www.hoteldoge.net\/de\/#website","url":"https:\/\/www.hoteldoge.net\/de\/","name":"Hotel Doge Torre Pedrera","description":"Hotel 3 stelle Torre Pedrera All inclusive con Piscina e Spiaggia","potentialAction":[{"@type":"SearchAction","target":{"@type":"EntryPoint","urlTemplate":"https:\/\/www.hoteldoge.net\/de\/?s={search_term_string}"},"query-input":{"@type":"PropertyValueSpecification","valueRequired":true,"valueName":"search_term_string"}}],"inLanguage":"hu"}]}},"_links":{"self":[{"href":"https:\/\/www.hoteldoge.net\/hu\/wp-json\/wp\/v2\/pages\/3235","targetHints":{"allow":["GET"]}}],"collection":[{"href":"https:\/\/www.hoteldoge.net\/hu\/wp-json\/wp\/v2\/pages"}],"about":[{"href":"https:\/\/www.hoteldoge.net\/hu\/wp-json\/wp\/v2\/types\/page"}],"author":[{"embeddable":true,"href":"https:\/\/www.hoteldoge.net\/hu\/wp-json\/wp\/v2\/users\/1"}],"replies":[{"embeddable":true,"href":"https:\/\/www.hoteldoge.net\/hu\/wp-json\/wp\/v2\/comments?post=3235"}],"version-history":[{"count":7,"href":"https:\/\/www.hoteldoge.net\/hu\/wp-json\/wp\/v2\/pages\/3235\/revisions"}],"predecessor-version":[{"id":3246,"href":"https:\/\/www.hoteldoge.net\/hu\/wp-json\/wp\/v2\/pages\/3235\/revisions\/3246"}],"wp:attachment":[{"href":"https:\/\/www.hoteldoge.net\/hu\/wp-json\/wp\/v2\/media?parent=3235"}],"curies":[{"name":"wp","href":"https:\/\/api.w.org\/{rel}","templated":true}]}}