{"id":3200,"date":"2022-02-16T11:58:29","date_gmt":"2022-02-16T10:58:29","guid":{"rendered":"https:\/\/www.hoteldoge.net\/?page_id=3200"},"modified":"2025-12-10T16:46:32","modified_gmt":"2025-12-10T15:46:32","slug":"promozione-estate","status":"publish","type":"page","link":"https:\/\/www.hoteldoge.net\/hu\/promozione-estate\/","title":{"rendered":"promozione estate Romagna, Hotel Doge Torre Pedrera"},"content":{"rendered":"<section class=\"l-section wpb_row height_auto width_full\"><div class=\"l-section-h i-cf\"><div class=\"g-cols vc_row via_flex valign_top type_default stacking_default\"><div class=\"vc_col-sm-12 wpb_column vc_column_container\"><div class=\"vc_column-inner\"><div class=\"wpb_wrapper\"><div class=\"w-image align_center\"><div class=\"w-image-h\"><img decoding=\"async\" width=\"1920\" height=\"1197\" src=\"https:\/\/www.hoteldoge.net\/wp-content\/uploads\/2021\/07\/camera-doge-vista-mare_DSC6992.jpg\" class=\"attachment-full size-full\" alt=\"\" loading=\"lazy\" srcset=\"https:\/\/www.hoteldoge.net\/wp-content\/uploads\/2021\/07\/camera-doge-vista-mare_DSC6992.jpg 1920w, https:\/\/www.hoteldoge.net\/wp-content\/uploads\/2021\/07\/camera-doge-vista-mare_DSC6992-300x187.jpg 300w, https:\/\/www.hoteldoge.net\/wp-content\/uploads\/2021\/07\/camera-doge-vista-mare_DSC6992-1024x638.jpg 1024w, https:\/\/www.hoteldoge.net\/wp-content\/uploads\/2021\/07\/camera-doge-vista-mare_DSC6992-1536x958.jpg 1536w\" sizes=\"auto, (max-width: 1920px) 100vw, 1920px\" \/><\/div><\/div><\/div><\/div><\/div><\/div><\/div><\/section><!-- Row Backgrounds --><div class=\"upb_color\" data-bg-override=\"0\" data-bg-color=\"#e1d7cb\" data-fadeout=\"\" data-fadeout-percentage=\"30\" data-parallax-content=\"\" data-parallax-content-sense=\"30\" data-row-effect-mobile-disable=\"true\" data-img-parallax-mobile-disable=\"true\" data-rtl=\"false\"  data-custom-vc-row=\"\"  data-vc=\"8.6.1\"  data-is_old_vc=\"\"  data-theme-support=\"\"   data-overlay=\"false\" data-overlay-color=\"\" data-overlay-pattern=\"\" data-overlay-pattern-opacity=\"\" data-overlay-pattern-size=\"\"    ><\/div><section class=\"l-section wpb_row us_custom_a33c4197 height_medium\"><div class=\"l-section-h i-cf\"><div class=\"g-cols vc_row via_flex valign_top type_default stacking_default\"><div class=\"vc_col-sm-6 wpb_column vc_column_container\"><div class=\"vc_column-inner\"><div class=\"wpb_wrapper\"><div class=\"wpb_text_column\"><div class=\"wpb_wrapper\"><h2 style=\"text-align: center;\">Settimana Settembre con sconto 10%<\/h2>\n<\/div><\/div><div class=\"w-separator size_small\"><\/div><div class=\"wpb_text_column\"><div class=\"wpb_wrapper\"><ul>\n<li>Settimana <strong>dal 09 al 16 settembre 2023<\/strong><\/li>\n<li><span style=\"color: #ee6532; font-size: 1.5em; font-weight: bold;\">Sconto 10%<\/span><\/li>\n<li>Formula <strong>Mezza Pensione All inclusive<\/strong> (con Bevande illimitate durante i pasti e Spiaggia compresa)<\/li>\n<li>Bimbi <span style=\"color: #ee6532; font-size: 1.5em; font-weight: bold;\">Gratis<\/span> o Scontatissimi<\/li>\n<li>Soggiorno minimo di 7 notti<\/li>\n<\/ul>\n<\/div><\/div><div class=\"w-separator size_small\"><\/div><div class=\"w-btn-wrapper align_center\"><a class=\"w-btn us-btn-style_2\" href=\"https:\/\/www.hoteldoge.net\/it\/contatti\/\"><span class=\"w-btn-label\">Richiedi Settimana con Sconto 10%<\/span><\/a><\/div><\/div><\/div><\/div><div class=\"vc_col-sm-6 wpb_column vc_column_container\"><div class=\"vc_column-inner\"><div class=\"wpb_wrapper\"><div class=\"w-image align_center\"><div class=\"w-image-h\"><img decoding=\"async\" width=\"1000\" height=\"668\" src=\"https:\/\/www.hoteldoge.net\/wp-content\/uploads\/2020\/02\/croissant-arancia.jpg\" class=\"attachment-large size-large\" alt=\"\" loading=\"lazy\" srcset=\"https:\/\/www.hoteldoge.net\/wp-content\/uploads\/2020\/02\/croissant-arancia.jpg 1000w, https:\/\/www.hoteldoge.net\/wp-content\/uploads\/2020\/02\/croissant-arancia-300x200.jpg 300w\" sizes=\"auto, (max-width: 1000px) 100vw, 1000px\" \/><\/div><\/div><\/div><\/div><\/div><\/div><\/div><\/section><section class=\"l-section wpb_row us_custom_e4eb24e1 height_medium\"><div class=\"l-section-h i-cf\"><div class=\"g-cols vc_row via_flex valign_top type_default stacking_default\"><div class=\"vc_col-sm-6 wpb_column vc_column_container\"><div class=\"vc_column-inner\"><div class=\"wpb_wrapper\"><div class=\"wpb_text_column\"><div class=\"wpb_wrapper\"><h2 style=\"text-align: center;\">Week end Settembre con sconto 5%<\/h2>\n<\/div><\/div><div class=\"w-separator size_small\"><\/div><div class=\"wpb_text_column\"><div class=\"wpb_wrapper\"><ul>\n<li>Valido nella settimana <strong>dal 09 al 16 settembre 2023<\/strong><\/li>\n<li><span style=\"color: #ee6532; font-size: 1.5em; font-weight: bold;\">Sconto 5%<\/span><\/li>\n<li>Formula <strong>Mezza Pensione All inclusive<\/strong> (Bevande illimitate durante i pasti e Spiaggia compresa)<\/li>\n<li>Bimbi <span style=\"color: #ee6532; font-size: 1.5em; font-weight: bold;\">Gratis<\/span> o Scontatissimi<\/li>\n<li>Soggiorno mininimo di 4 notti<\/li>\n<\/ul>\n<\/div><\/div><div class=\"w-separator size_small\"><\/div><div class=\"w-btn-wrapper align_center\"><a class=\"w-btn us-btn-style_2\" href=\"https:\/\/www.hoteldoge.net\/it\/contatti\/\"><span class=\"w-btn-label\">Richiedi Weekend con Sconto 5%<\/span><\/a><\/div><\/div><\/div><\/div><div class=\"vc_col-sm-6 wpb_column vc_column_container\"><div class=\"vc_column-inner\"><div class=\"wpb_wrapper\"><div class=\"w-image align_center\"><div class=\"w-image-h\"><img decoding=\"async\" width=\"640\" height=\"640\" src=\"https:\/\/www.hoteldoge.net\/wp-content\/uploads\/2019\/12\/panino-relax-spiaggia.jpg\" class=\"attachment-large size-large\" alt=\"\" loading=\"lazy\" srcset=\"https:\/\/www.hoteldoge.net\/wp-content\/uploads\/2019\/12\/panino-relax-spiaggia.jpg 640w, https:\/\/www.hoteldoge.net\/wp-content\/uploads\/2019\/12\/panino-relax-spiaggia-300x300.jpg 300w, https:\/\/www.hoteldoge.net\/wp-content\/uploads\/2019\/12\/panino-relax-spiaggia-150x150.jpg 150w\" sizes=\"auto, (max-width: 640px) 100vw, 640px\" \/><\/div><\/div><\/div><\/div><\/div><\/div><\/div><\/section><section class=\"l-section wpb_row height_medium\"><div class=\"l-section-h i-cf\"><div class=\"g-cols vc_row via_flex valign_top type_default stacking_default\"><div class=\"vc_col-sm-6 wpb_column vc_column_container\"><div class=\"vc_column-inner\"><div class=\"wpb_wrapper\"><div class=\"w-slider style_none fit_scaledown nav_none count_6\"><div class=\"w-slider-h\"><div class=\"royalSlider\"><div class=\"rsContent\"><a class=\"rsImg\" data-rsw=\"900\" data-rsh=\"600\" href=\"https:\/\/www.hoteldoge.net\/wp-content\/uploads\/2019\/12\/camera-family-bimbi.jpg\"><span data-alt=\"\"><\/span><\/a><\/div><div class=\"rsContent\"><a class=\"rsImg\" data-rsw=\"800\" data-rsh=\"538\" href=\"https:\/\/www.hoteldoge.net\/wp-content\/uploads\/2019\/12\/area-bimbi-1.jpg\"><span data-alt=\"\"><\/span><\/a><\/div><div class=\"rsContent\"><a class=\"rsImg\" data-rsw=\"1920\" data-rsh=\"1050\" href=\"https:\/\/www.hoteldoge.net\/wp-content\/uploads\/2019\/12\/camera-family-doge-home.jpg\"><span data-alt=\"\"><\/span><\/a><\/div><div class=\"rsContent\"><a class=\"rsImg\" data-rsw=\"900\" data-rsh=\"600\" href=\"https:\/\/www.hoteldoge.net\/wp-content\/uploads\/2019\/12\/bambine-piscina.jpg\"><span data-alt=\"\"><\/span><\/a><\/div><div class=\"rsContent\"><a class=\"rsImg\" data-rsw=\"1000\" data-rsh=\"664\" href=\"https:\/\/www.hoteldoge.net\/wp-content\/uploads\/2019\/12\/camera-family-doge-lettini-castello.jpg\"><span data-alt=\"\"><\/span><\/a><\/div><div class=\"rsContent\"><a class=\"rsImg\" data-rsw=\"800\" data-rsh=\"538\" href=\"https:\/\/www.hoteldoge.net\/wp-content\/uploads\/2019\/12\/area-bimbi-2-1.jpg\"><span data-alt=\"\"><\/span><\/a><\/div><\/div><img decoding=\"async\" src=\"https:\/\/www.hoteldoge.net\/wp-content\/uploads\/2019\/12\/camera-family-bimbi.jpg\" width=\"900\" height=\"600\" alt loading=\"lazy\"><\/div><div class=\"w-slider-json\" onclick='return {&quot;autoScaleSlider&quot;:true,&quot;addActiveClass&quot;:true,&quot;loop&quot;:true,&quot;fadeInLoadedSlide&quot;:false,&quot;slidesSpacing&quot;:0,&quot;imageScalePadding&quot;:0,&quot;numImagesToPreload&quot;:2,&quot;arrowsNav&quot;:true,&quot;arrowsNavAutoHide&quot;:false,&quot;transitionType&quot;:&quot;move&quot;,&quot;transitionSpeed&quot;:150,&quot;block&quot;:{&quot;moveEffect&quot;:&quot;none&quot;,&quot;speed&quot;:300},&quot;thumbs&quot;:{&quot;fitInViewport&quot;:false,&quot;firstMargin&quot;:false,&quot;spacing&quot;:4},&quot;controlNavigation&quot;:&quot;none&quot;,&quot;autoScaleSliderWidth&quot;:900,&quot;autoScaleSliderHeight&quot;:600}'><\/div><\/div><div class=\"w-separator size_medium\"><\/div><div class=\"wpb_text_column\"><div class=\"wpb_wrapper\"><p>Un hotel che si prende cura dei bambini \u00e8 un hotel che ha a cuore il benessere dei suoi ospiti. <strong>Family hotel<\/strong> con tanti <strong>servizi dedicati<\/strong>: dai lettini con le spondine ai baby men\u00f9, dall\u2019animazione per i grandi a quella pensata per i pi\u00f9 piccoli. Anche i nostri prezzi sono family budget con <strong>scontistica speciale<\/strong> per i genitori con pi\u00f9 figli.<\/p>\n<\/div><\/div><\/div><\/div><\/div><div class=\"vc_col-sm-6 wpb_column vc_column_container\"><div class=\"vc_column-inner\"><div class=\"wpb_wrapper\"><div class=\"wpb_text_column\"><div class=\"wpb_wrapper\"><h2 style=\"text-align: center;\">Family Hotel<\/h2>\n<\/div><\/div><div class=\"wpb_text_column\"><div class=\"wpb_wrapper\"><ul>\n<li><strong>Servizi in CAMERA<\/strong>: lettini con sponde, sponde per letti, vaschette per il bagnetto, riduzioni per wc, predellini rialzati, scalda biberon<\/li>\n<li><strong>Servizi in HOTEL<\/strong>: angolo giochi attrezzato, passeggini, Bici per bimbi, Seggiolini per bici<\/li>\n<li><strong>Servizi nella sala RISTORANTE<\/strong>: area dedicata per neomamme, preparazione brodi vegetali, carne, vaschette per il bagnetto, passati di verdura, pappe, Predellini rialzati, seggioloni<\/li>\n<li><strong>Animazione in HOTEL<\/strong>: baby dance, trucca bimbi, caccia al tesoro, sfilate e tanti giochi ancora dedicati ai bimbi; Orari animazione: 13.30 \u2013 15.00 e 20.00 \u2013 22.00<\/li>\n<li><strong>Animazione bimbi nella SPIAGGIA Bela Burdela<\/strong>: parco giochi attrezzato e ombreggiato, animazione con baby hostess, attivit\u00e0 ludico ricreative, Nursery, toilette bimbi dedicata, Orari animazione: 10.00 \u2013 12.00 e 14.00- 18.00<\/li>\n<\/ul>\n<\/div><\/div><div class=\"w-separator size_small\"><\/div><div class=\"w-btn-wrapper align_center\"><a class=\"w-btn us-btn-style_2\" href=\"https:\/\/www.hoteldoge.net\/it\/contatti.html\"><span class=\"w-btn-label\">Richiedi Preventivo FAMILY<\/span><\/a><\/div><\/div><\/div><\/div><\/div><\/div><\/section><section class=\"l-section wpb_row us_custom_5cd26a65 height_medium\"><div class=\"l-section-h i-cf\"><div class=\"g-cols vc_row via_flex valign_top type_default stacking_default\"><div class=\"vc_col-sm-12 wpb_column vc_column_container\"><div class=\"vc_column-inner\"><div class=\"wpb_wrapper\"><div class=\"wpb_text_column\"><div class=\"wpb_wrapper\"><h1 style=\"text-align: center; color: #004e7a; margin-bottom: 0px;\">Sconti Bambini<\/h1>\n<h3 style=\"text-align: center; color: #004e7a; margin-top: -10px;\">Validi per tutta <span style=\"color: #e95095;\">l&#8217;estate 2023<\/span><\/h3>\n<\/div><\/div><div class=\"wpb_text_column\"><div class=\"wpb_wrapper\"><p style=\"text-align: center;\">\n<table id=\"tablepress-4\" class=\"tablepress tablepress-id-4\">\n<thead>\n<tr class=\"row-1\">\n\t<th class=\"column-1\">RIDUZIONI BIMBI    <\/th><th class=\"column-2\">in camera con 2 ADULTI<\/th><th class=\"column-3\">in camere COMUNICANTI (camere FAMILY)<\/th>\n<\/tr>\n<\/thead>\n<tbody class=\"row-striping\">\n<tr class=\"row-2\">\n\t<td class=\"column-1\">Bambini 0-2 anni (*)<\/td><td class=\"column-2\"><strong>100% (GRATIS )<\/strong><\/td><td class=\"column-3\">50%<\/td>\n<\/tr>\n<tr class=\"row-3\">\n\t<td class=\"column-1\">Bambini 3-8 anni<\/td><td class=\"column-2\">50%<\/td><td class=\"column-3\">25%<\/td>\n<\/tr>\n<tr class=\"row-4\">\n\t<td class=\"column-1\">Bambini 9-13 anni<\/td><td class=\"column-2\">30%<\/td><td class=\"column-3\">15%<\/td>\n<\/tr>\n<\/tbody>\n<\/table>\n<\/p>\n<\/div><\/div><div class=\"w-btn-wrapper align_center\"><a class=\"w-btn us-btn-style_2\" href=\"https:\/\/www.hoteldoge.net\/it\/contatti.html\"><span class=\"w-btn-label\">Richiedi subito sconti per Famiglie<\/span><\/a><\/div><\/div><\/div><\/div><\/div><\/div><\/section><section class=\"l-section wpb_row us_custom_a33c4197 height_medium\"><div class=\"l-section-h i-cf\"><div class=\"g-cols vc_row via_flex valign_top type_default stacking_default\"><div class=\"vc_col-sm-6 wpb_column vc_column_container\"><div class=\"vc_column-inner\"><div class=\"wpb_wrapper\"><div class=\"wpb_text_column\"><div class=\"wpb_wrapper\"><h2 style=\"text-align: center;\">Camere &#8222;AdriaSea&#8221; con vista Mare<\/h2>\n<\/div><\/div><div class=\"wpb_text_column\"><div class=\"wpb_wrapper\"><ul>\n<li>Camere accessoriate completamente rinnovate<\/li>\n<li>ampio balcone e <strong>vista mare panoramica<\/strong><\/li>\n<li>aria condizionata<\/li>\n<li>bagno con box doccia<\/li>\n<li>asciugacapelli, cassaforte, telefono<\/li>\n<li>tv satellitare, wifi gratuito<\/li>\n<li>Su richiesta:<strong> frigobar<\/strong>, <strong>mini suite<\/strong><\/li>\n<\/ul>\n<\/div><\/div><\/div><\/div><\/div><div class=\"vc_col-sm-6 wpb_column vc_column_container\"><div class=\"vc_column-inner\"><div class=\"wpb_wrapper\"><div class=\"w-slider style_none fit_scaledown nav_none count_5\"><div class=\"w-slider-h\"><div class=\"royalSlider\"><div class=\"rsContent\"><a class=\"rsImg\" data-rsw=\"1920\" data-rsh=\"1050\" href=\"https:\/\/www.hoteldoge.net\/wp-content\/uploads\/2019\/12\/camera-confort-home-1.jpg\"><span data-alt=\"\"><\/span><\/a><\/div><div class=\"rsContent\"><a class=\"rsImg\" data-rsw=\"1920\" data-rsh=\"1280\" href=\"https:\/\/www.hoteldoge.net\/wp-content\/uploads\/2021\/07\/camera-doge-vista-mare_DSC6961.jpg\"><span data-alt=\"\"><\/span><\/a><\/div><div class=\"rsContent\"><a class=\"rsImg\" data-rsw=\"900\" data-rsh=\"540\" href=\"https:\/\/www.hoteldoge.net\/wp-content\/uploads\/2019\/12\/cfm-4-1.jpg\"><span data-alt=\"\"><\/span><\/a><\/div><div class=\"rsContent\"><a class=\"rsImg\" data-rsw=\"1920\" data-rsh=\"1124\" href=\"https:\/\/www.hoteldoge.net\/wp-content\/uploads\/2021\/07\/camera-doge-vista-mare_DSC6975.jpg\"><span data-alt=\"\"><\/span><\/a><\/div><div class=\"rsContent\"><a class=\"rsImg\" data-rsw=\"1000\" data-rsh=\"664\" href=\"https:\/\/www.hoteldoge.net\/wp-content\/uploads\/2019\/12\/camera-family-doge-1.jpg\"><span data-alt=\"\"><\/span><\/a><\/div><\/div><img decoding=\"async\" src=\"https:\/\/www.hoteldoge.net\/wp-content\/uploads\/2019\/12\/camera-confort-home-1.jpg\" width=\"1920\" height=\"1050\" alt loading=\"lazy\"><\/div><div class=\"w-slider-json\" onclick='return {&quot;autoScaleSlider&quot;:true,&quot;addActiveClass&quot;:true,&quot;loop&quot;:true,&quot;fadeInLoadedSlide&quot;:false,&quot;slidesSpacing&quot;:0,&quot;imageScalePadding&quot;:0,&quot;numImagesToPreload&quot;:2,&quot;arrowsNav&quot;:true,&quot;arrowsNavAutoHide&quot;:false,&quot;transitionType&quot;:&quot;move&quot;,&quot;transitionSpeed&quot;:150,&quot;block&quot;:{&quot;moveEffect&quot;:&quot;none&quot;,&quot;speed&quot;:300},&quot;thumbs&quot;:{&quot;fitInViewport&quot;:false,&quot;firstMargin&quot;:false,&quot;spacing&quot;:4},&quot;controlNavigation&quot;:&quot;none&quot;,&quot;autoScaleSliderWidth&quot;:1920,&quot;autoScaleSliderHeight&quot;:1050}'><\/div><\/div><div class=\"w-separator size_small\"><\/div><div class=\"w-btn-wrapper align_center\"><a class=\"w-btn us-btn-style_2\" href=\"https:\/\/www.hoteldoge.net\/it\/contatti.html\"><span class=\"w-btn-label\">Richiedi la tua Camera con VISTA MARE<\/span><\/a><\/div><\/div><\/div><\/div><\/div><\/div><\/section>\n","protected":false},"excerpt":{"rendered":"Settimana Settembre con sconto 10% Settimana dal 09 al 16 settembre 2023 Sconto 10% Formula Mezza Pensione All inclusive (con Bevande illimitate durante i pasti e Spiaggia compresa) Bimbi Gratis o Scontatissimi Soggiorno minimo di 7 notti Richiedi Settimana con Sconto 10%Week end Settembre con sconto 5% Valido nella settimana dal 09 al 16 settembre...","protected":false},"author":1,"featured_media":0,"parent":0,"menu_order":0,"comment_status":"closed","ping_status":"closed","template":"","meta":{"footnotes":""},"class_list":["post-3200","page","type-page","status-publish","hentry"],"yoast_head":"<!-- This site is optimized with the Yoast SEO plugin v26.5 - https:\/\/yoast.com\/wordpress\/plugins\/seo\/ -->\n<title>promozione estate Romagna, Hotel Doge Torre Pedrera<\/title>\n<meta name=\"robots\" content=\"index, follow, max-snippet:-1, max-image-preview:large, max-video-preview:-1\" \/>\n<link rel=\"canonical\" href=\"https:\/\/www.hoteldoge.net\/it\/promozione-estate\/\" \/>\n<meta property=\"og:locale\" content=\"hu_HU\" \/>\n<meta property=\"og:type\" content=\"article\" \/>\n<meta property=\"og:title\" content=\"promozione estate Romagna, Hotel Doge Torre Pedrera\" \/>\n<meta property=\"og:url\" content=\"https:\/\/www.hoteldoge.net\/it\/promozione-estate\/\" \/>\n<meta property=\"og:site_name\" content=\"Hotel Doge Torre Pedrera\" \/>\n<meta property=\"article:modified_time\" content=\"2025-12-10T15:46:32+00:00\" \/>\n<meta name=\"twitter:card\" content=\"summary_large_image\" \/>\n<meta name=\"twitter:label1\" content=\"Becs\u00fclt olvas\u00e1si id\u0151\" \/>\n\t<meta name=\"twitter:data1\" content=\"5 perc\" \/>\n<script type=\"application\/ld+json\" class=\"yoast-schema-graph\">{\"@context\":\"https:\/\/schema.org\",\"@graph\":[{\"@type\":\"WebPage\",\"@id\":\"https:\/\/www.hoteldoge.net\/it\/promozione-estate\/\",\"url\":\"https:\/\/www.hoteldoge.net\/it\/promozione-estate\/\",\"name\":\"promozione estate Romagna, Hotel Doge Torre Pedrera\",\"isPartOf\":{\"@id\":\"https:\/\/www.hoteldoge.net\/de\/#website\"},\"datePublished\":\"2022-02-16T10:58:29+00:00\",\"dateModified\":\"2025-12-10T15:46:32+00:00\",\"breadcrumb\":{\"@id\":\"https:\/\/www.hoteldoge.net\/it\/promozione-estate\/#breadcrumb\"},\"inLanguage\":\"hu\",\"potentialAction\":[{\"@type\":\"ReadAction\",\"target\":[\"https:\/\/www.hoteldoge.net\/it\/promozione-estate\/\"]}]},{\"@type\":\"BreadcrumbList\",\"@id\":\"https:\/\/www.hoteldoge.net\/it\/promozione-estate\/#breadcrumb\",\"itemListElement\":[{\"@type\":\"ListItem\",\"position\":1,\"name\":\"Home\",\"item\":\"https:\/\/www.hoteldoge.net\/it\/\"},{\"@type\":\"ListItem\",\"position\":2,\"name\":\"promozione estate Romagna, Hotel Doge Torre Pedrera\"}]},{\"@type\":\"WebSite\",\"@id\":\"https:\/\/www.hoteldoge.net\/de\/#website\",\"url\":\"https:\/\/www.hoteldoge.net\/de\/\",\"name\":\"Hotel Doge Torre Pedrera\",\"description\":\"Hotel 3 stelle Torre Pedrera All inclusive con Piscina e Spiaggia\",\"potentialAction\":[{\"@type\":\"SearchAction\",\"target\":{\"@type\":\"EntryPoint\",\"urlTemplate\":\"https:\/\/www.hoteldoge.net\/de\/?s={search_term_string}\"},\"query-input\":{\"@type\":\"PropertyValueSpecification\",\"valueRequired\":true,\"valueName\":\"search_term_string\"}}],\"inLanguage\":\"hu\"}]}<\/script>\n<!-- \/ Yoast SEO plugin. -->","yoast_head_json":{"title":"promozione estate Romagna, Hotel Doge Torre Pedrera","robots":{"index":"index","follow":"follow","max-snippet":"max-snippet:-1","max-image-preview":"max-image-preview:large","max-video-preview":"max-video-preview:-1"},"canonical":"https:\/\/www.hoteldoge.net\/it\/promozione-estate\/","og_locale":"hu_HU","og_type":"article","og_title":"promozione estate Romagna, Hotel Doge Torre Pedrera","og_url":"https:\/\/www.hoteldoge.net\/it\/promozione-estate\/","og_site_name":"Hotel Doge Torre Pedrera","article_modified_time":"2025-12-10T15:46:32+00:00","twitter_card":"summary_large_image","twitter_misc":{"Becs\u00fclt olvas\u00e1si id\u0151":"5 perc"},"schema":{"@context":"https:\/\/schema.org","@graph":[{"@type":"WebPage","@id":"https:\/\/www.hoteldoge.net\/it\/promozione-estate\/","url":"https:\/\/www.hoteldoge.net\/it\/promozione-estate\/","name":"promozione estate Romagna, Hotel Doge Torre Pedrera","isPartOf":{"@id":"https:\/\/www.hoteldoge.net\/de\/#website"},"datePublished":"2022-02-16T10:58:29+00:00","dateModified":"2025-12-10T15:46:32+00:00","breadcrumb":{"@id":"https:\/\/www.hoteldoge.net\/it\/promozione-estate\/#breadcrumb"},"inLanguage":"hu","potentialAction":[{"@type":"ReadAction","target":["https:\/\/www.hoteldoge.net\/it\/promozione-estate\/"]}]},{"@type":"BreadcrumbList","@id":"https:\/\/www.hoteldoge.net\/it\/promozione-estate\/#breadcrumb","itemListElement":[{"@type":"ListItem","position":1,"name":"Home","item":"https:\/\/www.hoteldoge.net\/it\/"},{"@type":"ListItem","position":2,"name":"promozione estate Romagna, Hotel Doge Torre Pedrera"}]},{"@type":"WebSite","@id":"https:\/\/www.hoteldoge.net\/de\/#website","url":"https:\/\/www.hoteldoge.net\/de\/","name":"Hotel Doge Torre Pedrera","description":"Hotel 3 stelle Torre Pedrera All inclusive con Piscina e Spiaggia","potentialAction":[{"@type":"SearchAction","target":{"@type":"EntryPoint","urlTemplate":"https:\/\/www.hoteldoge.net\/de\/?s={search_term_string}"},"query-input":{"@type":"PropertyValueSpecification","valueRequired":true,"valueName":"search_term_string"}}],"inLanguage":"hu"}]}},"_links":{"self":[{"href":"https:\/\/www.hoteldoge.net\/hu\/wp-json\/wp\/v2\/pages\/3200","targetHints":{"allow":["GET"]}}],"collection":[{"href":"https:\/\/www.hoteldoge.net\/hu\/wp-json\/wp\/v2\/pages"}],"about":[{"href":"https:\/\/www.hoteldoge.net\/hu\/wp-json\/wp\/v2\/types\/page"}],"author":[{"embeddable":true,"href":"https:\/\/www.hoteldoge.net\/hu\/wp-json\/wp\/v2\/users\/1"}],"replies":[{"embeddable":true,"href":"https:\/\/www.hoteldoge.net\/hu\/wp-json\/wp\/v2\/comments?post=3200"}],"version-history":[{"count":41,"href":"https:\/\/www.hoteldoge.net\/hu\/wp-json\/wp\/v2\/pages\/3200\/revisions"}],"predecessor-version":[{"id":5265,"href":"https:\/\/www.hoteldoge.net\/hu\/wp-json\/wp\/v2\/pages\/3200\/revisions\/5265"}],"wp:attachment":[{"href":"https:\/\/www.hoteldoge.net\/hu\/wp-json\/wp\/v2\/media?parent=3200"}],"curies":[{"name":"wp","href":"https:\/\/api.w.org\/{rel}","templated":true}]}}