{"id":2225,"date":"2020-02-21T15:42:42","date_gmt":"2020-02-21T14:42:42","guid":{"rendered":"https:\/\/www.hroyal.it\/?page_id=2225"},"modified":"2026-02-04T13:18:07","modified_gmt":"2026-02-04T12:18:07","slug":"rimini-latnivalok-es-kulturalis-%c2%a7tmutatok-riminiben","status":"publish","type":"page","link":"https:\/\/www.hoteldoge.net\/hu\/rimini-latnivalok-es-kulturalis-%c2%a7tmutatok-riminiben\/","title":{"rendered":"Rimini latnivalok es kulturalis \u00a7tmutatok riminiben"},"content":{"rendered":"<section class=\"l-section wpb_row us_custom_33fe73d0 height_medium\"><div class=\"l-section-h i-cf\"><div class=\"g-cols vc_row via_flex valign_top type_default stacking_default\"><div class=\"vc_col-sm-12 wpb_column vc_column_container\"><div class=\"vc_column-inner\"><div class=\"wpb_wrapper\">\n\t\t\t<!-- START pontetiberiorimini REVOLUTION SLIDER 6.7.37 --><p class=\"rs-p-wp-fix\"><\/p>\n\t\t\t<rs-module-wrap id=\"rev_slider_15_1_wrapper\" data-source=\"gallery\" style=\"visibility:hidden;background:transparent;padding:0;margin:0px auto;margin-top:0;margin-bottom:0;\">\n\t\t\t\t<rs-module id=\"rev_slider_15_1\" style=\"\" data-version=\"6.7.37\">\n\t\t\t\t\t<rs-slides style=\"overflow: hidden; position: absolute;\">\n\t\t\t\t\t\t<rs-slide style=\"position: absolute;\" data-key=\"rs-26\" data-title=\"Slide\" data-anim=\"ms:1000;r:0;\" data-in=\"o:0;\" data-out=\"a:false;\">\n\t\t\t\t\t\t\t<img decoding=\"async\" src=\"\/\/www.hoteldoge.net\/wp-content\/plugins\/revslider\/sr6\/assets\/assets\/dummy.png\" alt=\"\" title=\"off-storia\" width=\"1500\" height=\"800\" class=\"rev-slidebg tp-rs-img rs-lazyload\" data-lazyload=\"\/\/www.hoteldoge.net\/wp-content\/uploads\/2020\/01\/off-storia.jpg\" data-bg=\"p:center bottom;\" data-no-retina>\n<!---->\t\t\t\t\t<\/rs-slide>\n\t\t\t\t\t<\/rs-slides>\n\t\t\t\t<\/rs-module>\n\t\t\t\t<script>\n\t\t\t\t\tsetREVStartSize({c: 'rev_slider_15_1',rl:[1240,1024,778,480],el:[900],gw:[1240],gh:[900],type:'hero',justify:'',layout:'fullwidth',mh:\"0\"});if (window.RS_MODULES!==undefined && window.RS_MODULES.modules!==undefined && window.RS_MODULES.modules[\"revslider151\"]!==undefined) {window.RS_MODULES.modules[\"revslider151\"].once = false;window.revapi15 = undefined;if (window.RS_MODULES.checkMinimal!==undefined) window.RS_MODULES.checkMinimal()}\n\t\t\t\t<\/script>\n\t\t\t<\/rs-module-wrap>\n\t\t\t<!-- END REVOLUTION SLIDER -->\n<\/div><\/div><\/div><\/div><\/div><\/section><section class=\"l-section wpb_row height_medium\"><div class=\"l-section-h i-cf\"><div class=\"g-cols vc_row via_flex valign_top type_default stacking_default\"><div class=\"vc_col-sm-12 wpb_column vc_column_container\"><div class=\"vc_column-inner\"><div class=\"wpb_wrapper\"><div class=\"wpb_text_column\"><div class=\"wpb_wrapper\"><p>\ud83d\udccd Csak p\u00e0r km-re Torre Pedrer\u00e0t\u00f2l tal\u00e0lhat\u00f2 Rimini. Aut\u00f2val n\u00e8h\u00e0ny perc, vagy helyi busz k\u00f6zleked\u00e8ssel is el lehet jutni. Riminiben h\u00ecresek a bulik, a sz\u00f2rakoz\u00e0s \u00e8s a diszk\u00f2k. A v\u00e0ros tele van attrakci\u00f2val.<\/p>\n<p>\ud83d\udecd\ufe0f \u00dczletek a tengerparton. A strandok nagyon j\u00f2l felszereltek. De Rimini ezen k\u00ecv\u00fcl nagyon sok \u00e8rdekes kultur\u00e0lisprogramott is aj\u00e0nl. Ny\u00e0ron a m \u0171eml\u00e8kek sok\u00e0ig nyitva tartanak \u00e8s nem ritka r\u00e8szt venni ki\u00e0ll\u00ect\u00e0sokon, cultur\u00e0lis \u00e8s enogasztron\u00f2miai rendezv\u00e8nyeken.<\/p>\n<p>\ud83c\udfdb\ufe0f <strong>L\u00e0tnival\u00f2k \u00e8s kultur\u00e0lis \u00a7tmutat\u00f2k Riminiben<\/strong><\/p>\n<ul>\n<li>\ud83c\udffa Arco di Augusto<\/li>\n<li>\ud83c\udf09 Ponte Tiberio<\/li>\n<li>\ud83e\ude7a Domus del chirurgo<\/li>\n<li>\u26ea Chiesa dei Servi<\/li>\n<li>\ud83c\udff0 Castel Sismondo<\/li>\n<li>\ud83d\uddbc\ufe0f Museo della citt\u00e0<\/li>\n<li>\u26ea Tempio Malatestiano<\/li>\n<li>\ud83c\udfdf\ufe0f Anfiteatro Romano<\/li>\n<\/ul>\n<\/div><\/div><div class=\"g-cols wpb_row via_flex valign_top type_default stacking_default\"><div class=\"vc_col-sm-12 wpb_column vc_column_container\"><div class=\"vc_column-inner\"><div class=\"wpb_wrapper\"><div class=\"w-grid type_masonry layout_gallery_default cols_4 with_isotope\" id=\"us_grid_1\" style=\"--columns:4;--gap:0.5rem;\" data-filterable=\"true\"><style>@media (max-width:1280px){#us_grid_1{--columns:3!important}}@media (max-width:1024px){#us_grid_1{--columns:2!important}}@media (max-width:600px){#us_grid_1{--columns:1!important}}@media (min-width:1024px){#us_grid_1 .w-post-elm.post_title{font-size:0px!important}}.layout_gallery_default .w-grid-item-h{}<\/style><div class=\"w-grid-list\">\t<article class=\"w-grid-item size_1x1 post-1535 attachment type-attachment status-inherit hentry\" data-id=\"1535\">\n\t\t<div class=\"w-grid-item-h\">\n\t\t\t\t\t\t\t<a ref=\"magnificPopupGrid\" href=\"https:\/\/www.hoteldoge.net\/wp-content\/uploads\/2020\/01\/ponte-tiberio-rimini-notterosa.jpg\" class=\"w-grid-item-anchor\" aria-label=\"ponte-tiberio-rimini-notterosa\"><\/a>\n\t\t\t\t\t\t<div class=\"w-post-elm post_image usg_post_image_1 stretched\"><img loading=\"lazy\" decoding=\"async\" width=\"1024\" height=\"683\" src=\"https:\/\/www.hoteldoge.net\/wp-content\/uploads\/2020\/01\/ponte-tiberio-rimini-notterosa-1024x683.jpg\" class=\"attachment-large size-large\" alt=\"\" srcset=\"https:\/\/www.hoteldoge.net\/wp-content\/uploads\/2020\/01\/ponte-tiberio-rimini-notterosa-1024x683.jpg 1024w, https:\/\/www.hoteldoge.net\/wp-content\/uploads\/2020\/01\/ponte-tiberio-rimini-notterosa-300x200.jpg 300w, https:\/\/www.hoteldoge.net\/wp-content\/uploads\/2020\/01\/ponte-tiberio-rimini-notterosa.jpg 1050w\" sizes=\"auto, (max-width: 1024px) 100vw, 1024px\" \/><\/div>\t\t<\/div>\n\t\t\t<\/article>\n\t<article class=\"w-grid-item size_1x1 post-1515 attachment type-attachment status-inherit hentry\" data-id=\"1515\">\n\t\t<div class=\"w-grid-item-h\">\n\t\t\t\t\t\t\t<a ref=\"magnificPopupGrid\" href=\"https:\/\/www.hoteldoge.net\/wp-content\/uploads\/2020\/01\/murales-fellini.jpg\" class=\"w-grid-item-anchor\" aria-label=\"murales-fellini\"><\/a>\n\t\t\t\t\t\t<div class=\"w-post-elm post_image usg_post_image_1 stretched\"><img loading=\"lazy\" decoding=\"async\" width=\"1024\" height=\"686\" src=\"https:\/\/www.hoteldoge.net\/wp-content\/uploads\/2020\/01\/murales-fellini-1024x686.jpg\" class=\"attachment-large size-large\" alt=\"\" srcset=\"https:\/\/www.hoteldoge.net\/wp-content\/uploads\/2020\/01\/murales-fellini-1024x686.jpg 1024w, https:\/\/www.hoteldoge.net\/wp-content\/uploads\/2020\/01\/murales-fellini-300x201.jpg 300w, https:\/\/www.hoteldoge.net\/wp-content\/uploads\/2020\/01\/murales-fellini.jpg 1045w\" sizes=\"auto, (max-width: 1024px) 100vw, 1024px\" \/><\/div>\t\t<\/div>\n\t\t\t<\/article>\n\t<article class=\"w-grid-item size_1x1 post-1510 attachment type-attachment status-inherit hentry\" data-id=\"1510\">\n\t\t<div class=\"w-grid-item-h\">\n\t\t\t\t\t\t\t<a ref=\"magnificPopupGrid\" href=\"https:\/\/www.hoteldoge.net\/wp-content\/uploads\/2020\/01\/domus-chirurgo-rimini.jpg\" class=\"w-grid-item-anchor\" aria-label=\"domus-chirurgo-rimini\"><\/a>\n\t\t\t\t\t\t<div class=\"w-post-elm post_image usg_post_image_1 stretched\"><img loading=\"lazy\" decoding=\"async\" width=\"1024\" height=\"683\" src=\"https:\/\/www.hoteldoge.net\/wp-content\/uploads\/2020\/01\/domus-chirurgo-rimini-1024x683.jpg\" class=\"attachment-large size-large\" alt=\"\" srcset=\"https:\/\/www.hoteldoge.net\/wp-content\/uploads\/2020\/01\/domus-chirurgo-rimini-1024x683.jpg 1024w, https:\/\/www.hoteldoge.net\/wp-content\/uploads\/2020\/01\/domus-chirurgo-rimini-300x200.jpg 300w, https:\/\/www.hoteldoge.net\/wp-content\/uploads\/2020\/01\/domus-chirurgo-rimini.jpg 1050w\" sizes=\"auto, (max-width: 1024px) 100vw, 1024px\" \/><\/div>\t\t<\/div>\n\t\t\t<\/article>\n\t<article class=\"w-grid-item size_1x1 post-1505 attachment type-attachment status-inherit hentry\" data-id=\"1505\">\n\t\t<div class=\"w-grid-item-h\">\n\t\t\t\t\t\t\t<a ref=\"magnificPopupGrid\" href=\"https:\/\/www.hoteldoge.net\/wp-content\/uploads\/2020\/01\/chiesa-servi-rimini.jpg\" class=\"w-grid-item-anchor\" aria-label=\"chiesa-servi-rimini\"><\/a>\n\t\t\t\t\t\t<div class=\"w-post-elm post_image usg_post_image_1 stretched\"><img loading=\"lazy\" decoding=\"async\" width=\"1024\" height=\"679\" src=\"https:\/\/www.hoteldoge.net\/wp-content\/uploads\/2020\/01\/chiesa-servi-rimini-1024x679.jpg\" class=\"attachment-large size-large\" alt=\"\" srcset=\"https:\/\/www.hoteldoge.net\/wp-content\/uploads\/2020\/01\/chiesa-servi-rimini-1024x679.jpg 1024w, https:\/\/www.hoteldoge.net\/wp-content\/uploads\/2020\/01\/chiesa-servi-rimini-300x199.jpg 300w, https:\/\/www.hoteldoge.net\/wp-content\/uploads\/2020\/01\/chiesa-servi-rimini.jpg 1056w\" sizes=\"auto, (max-width: 1024px) 100vw, 1024px\" \/><\/div>\t\t<\/div>\n\t\t\t<\/article>\n\t<article class=\"w-grid-item size_1x1 post-1495 attachment type-attachment status-inherit hentry\" data-id=\"1495\">\n\t\t<div class=\"w-grid-item-h\">\n\t\t\t\t\t\t\t<a ref=\"magnificPopupGrid\" href=\"https:\/\/www.hoteldoge.net\/wp-content\/uploads\/2020\/01\/borgo-san-giuliano-rimini.jpg\" class=\"w-grid-item-anchor\" aria-label=\"borgo-san-giuliano-rimini\"><\/a>\n\t\t\t\t\t\t<div class=\"w-post-elm post_image usg_post_image_1 stretched\"><img loading=\"lazy\" decoding=\"async\" width=\"1024\" height=\"685\" src=\"https:\/\/www.hoteldoge.net\/wp-content\/uploads\/2020\/01\/borgo-san-giuliano-rimini-1024x685.jpg\" class=\"attachment-large size-large\" alt=\"\" srcset=\"https:\/\/www.hoteldoge.net\/wp-content\/uploads\/2020\/01\/borgo-san-giuliano-rimini-1024x685.jpg 1024w, https:\/\/www.hoteldoge.net\/wp-content\/uploads\/2020\/01\/borgo-san-giuliano-rimini-300x201.jpg 300w, https:\/\/www.hoteldoge.net\/wp-content\/uploads\/2020\/01\/borgo-san-giuliano-rimini.jpg 1046w\" sizes=\"auto, (max-width: 1024px) 100vw, 1024px\" \/><\/div>\t\t<\/div>\n\t\t\t<\/article>\n\t<article class=\"w-grid-item size_1x1 post-1490 attachment type-attachment status-inherit hentry\" data-id=\"1490\">\n\t\t<div class=\"w-grid-item-h\">\n\t\t\t\t\t\t\t<a ref=\"magnificPopupGrid\" href=\"https:\/\/www.hoteldoge.net\/wp-content\/uploads\/2020\/01\/arco-augusto-rimini.jpg\" class=\"w-grid-item-anchor\" aria-label=\"arco-augusto-rimini\"><\/a>\n\t\t\t\t\t\t<div class=\"w-post-elm post_image usg_post_image_1 stretched\"><img loading=\"lazy\" decoding=\"async\" width=\"1024\" height=\"684\" src=\"https:\/\/www.hoteldoge.net\/wp-content\/uploads\/2020\/01\/arco-augusto-rimini-1024x684.jpg\" class=\"attachment-large size-large\" alt=\"\" srcset=\"https:\/\/www.hoteldoge.net\/wp-content\/uploads\/2020\/01\/arco-augusto-rimini-1024x684.jpg 1024w, https:\/\/www.hoteldoge.net\/wp-content\/uploads\/2020\/01\/arco-augusto-rimini-300x200.jpg 300w, https:\/\/www.hoteldoge.net\/wp-content\/uploads\/2020\/01\/arco-augusto-rimini.jpg 1048w\" sizes=\"auto, (max-width: 1024px) 100vw, 1024px\" \/><\/div>\t\t<\/div>\n\t\t\t<\/article>\n\t<article class=\"w-grid-item size_1x1 post-1480 attachment type-attachment status-inherit hentry\" data-id=\"1480\">\n\t\t<div class=\"w-grid-item-h\">\n\t\t\t\t\t\t\t<a ref=\"magnificPopupGrid\" href=\"https:\/\/www.hoteldoge.net\/wp-content\/uploads\/2020\/01\/2007_persone-5.jpg\" class=\"w-grid-item-anchor\" aria-label=\"2007_persone-5\"><\/a>\n\t\t\t\t\t\t<div class=\"w-post-elm post_image usg_post_image_1 stretched\"><img loading=\"lazy\" decoding=\"async\" width=\"1000\" height=\"671\" src=\"https:\/\/www.hoteldoge.net\/wp-content\/uploads\/2020\/01\/2007_persone-5.jpg\" class=\"attachment-large size-large\" alt=\"\" srcset=\"https:\/\/www.hoteldoge.net\/wp-content\/uploads\/2020\/01\/2007_persone-5.jpg 1000w, https:\/\/www.hoteldoge.net\/wp-content\/uploads\/2020\/01\/2007_persone-5-300x201.jpg 300w\" sizes=\"auto, (max-width: 1000px) 100vw, 1000px\" \/><\/div>\t\t<\/div>\n\t\t\t<\/article>\n\t<article class=\"w-grid-item size_1x1 post-1475 attachment type-attachment status-inherit hentry\" data-id=\"1475\">\n\t\t<div class=\"w-grid-item-h\">\n\t\t\t\t\t\t\t<a ref=\"magnificPopupGrid\" href=\"https:\/\/www.hoteldoge.net\/wp-content\/uploads\/2020\/01\/beach-volley-rimini-1.jpg\" class=\"w-grid-item-anchor\" aria-label=\"beach-volley-rimini\"><\/a>\n\t\t\t\t\t\t<div class=\"w-post-elm post_image usg_post_image_1 stretched\"><img loading=\"lazy\" decoding=\"async\" width=\"1024\" height=\"676\" src=\"https:\/\/www.hoteldoge.net\/wp-content\/uploads\/2020\/01\/beach-volley-rimini-1-1024x676.jpg\" class=\"attachment-large size-large\" alt=\"\" srcset=\"https:\/\/www.hoteldoge.net\/wp-content\/uploads\/2020\/01\/beach-volley-rimini-1-1024x676.jpg 1024w, https:\/\/www.hoteldoge.net\/wp-content\/uploads\/2020\/01\/beach-volley-rimini-1-300x198.jpg 300w, https:\/\/www.hoteldoge.net\/wp-content\/uploads\/2020\/01\/beach-volley-rimini-1.jpg 1060w\" sizes=\"auto, (max-width: 1024px) 100vw, 1024px\" \/><\/div>\t\t<\/div>\n\t\t\t<\/article>\n<\/div><div class=\"w-grid-preloader\">\t<div class=\"g-preloader type_1\">\n\t\t<div><\/div>\n\t<\/div>\n\t<\/div>\t<div class=\"w-grid-json hidden\" onclick='return {&quot;action&quot;:&quot;us_ajax_grid&quot;,&quot;infinite_scroll&quot;:0,&quot;max_num_pages&quot;:1,&quot;pagination&quot;:&quot;none&quot;,&quot;template_vars&quot;:{&quot;columns&quot;:&quot;4&quot;,&quot;exclude_items&quot;:&quot;none&quot;,&quot;img_size&quot;:&quot;default&quot;,&quot;ignore_items_size&quot;:0,&quot;items_layout&quot;:&quot;gallery_default&quot;,&quot;items_offset&quot;:&quot;1&quot;,&quot;load_animation&quot;:&quot;none&quot;,&quot;overriding_link&quot;:&quot;%7B%22type%22%3A%22popup_image%22%7D&quot;,&quot;post_id&quot;:0,&quot;query_args&quot;:{&quot;post_type&quot;:[&quot;attachment&quot;],&quot;post__in&quot;:[&quot;1472&quot;,&quot;1477&quot;,&quot;1487&quot;,&quot;1492&quot;,&quot;1507&quot;,&quot;1502&quot;,&quot;1512&quot;,&quot;1532&quot;],&quot;post_status&quot;:&quot;inherit&quot;,&quot;post_mime_type&quot;:&quot;image&quot;,&quot;posts_per_page&quot;:&quot;15&quot;},&quot;orderby_query_args&quot;:{&quot;orderby&quot;:{&quot;modified&quot;:&quot;DESC&quot;,&quot;date&quot;:&quot;DESC&quot;}},&quot;type&quot;:&quot;masonry&quot;,&quot;us_grid_post_type&quot;:&quot;attachment&quot;,&quot;us_grid_ajax_index&quot;:1,&quot;us_grid_filter_query_string&quot;:null,&quot;us_grid_index&quot;:1,&quot;page_args&quot;:[],&quot;lang&quot;:&quot;hu&quot;}}'><\/div>\n\t<\/div><\/div><\/div><\/div><\/div><\/div><\/div><\/div><\/div><\/div><\/section>\n","protected":false},"excerpt":{"rendered":"","protected":false},"author":1,"featured_media":0,"parent":0,"menu_order":0,"comment_status":"closed","ping_status":"closed","template":"","meta":{"footnotes":""},"class_list":["post-2225","page","type-page","status-publish","hentry"],"yoast_head":"<!-- This site is optimized with the Yoast SEO plugin v26.5 - https:\/\/yoast.com\/wordpress\/plugins\/seo\/ -->\n<title>L\u00e0tnival\u00f2k \u00e8s kultur\u00e0lis \u00a7tmutat\u00f2k Riminiben<\/title>\n<meta name=\"description\" content=\"L\u00e0tnival\u00f2k \u00e8s kultur\u00e0lis \u00a7tmutat\u00f2k Riminiben\" \/>\n<meta name=\"robots\" content=\"index, follow, max-snippet:-1, max-image-preview:large, max-video-preview:-1\" \/>\n<link rel=\"canonical\" href=\"https:\/\/www.hoteldoge.net\/hu\/rimini-latnivalok-es-kulturalis-\u00a7tmutatok-riminiben\/\" \/>\n<meta property=\"og:locale\" content=\"hu_HU\" \/>\n<meta property=\"og:type\" content=\"article\" \/>\n<meta property=\"og:title\" content=\"L\u00e0tnival\u00f2k \u00e8s kultur\u00e0lis \u00a7tmutat\u00f2k Riminiben\" \/>\n<meta property=\"og:description\" content=\"L\u00e0tnival\u00f2k \u00e8s kultur\u00e0lis \u00a7tmutat\u00f2k Riminiben\" \/>\n<meta property=\"og:url\" content=\"https:\/\/www.hoteldoge.net\/hu\/rimini-latnivalok-es-kulturalis-\u00a7tmutatok-riminiben\/\" \/>\n<meta property=\"og:site_name\" content=\"Hotel Doge Torre Pedrera\" \/>\n<meta property=\"article:modified_time\" content=\"2026-02-04T12:18:07+00:00\" \/>\n<meta name=\"twitter:card\" content=\"summary_large_image\" \/>\n<meta name=\"twitter:label1\" content=\"Becs\u00fclt olvas\u00e1si id\u0151\" \/>\n\t<meta name=\"twitter:data1\" content=\"1 perc\" \/>\n<script type=\"application\/ld+json\" class=\"yoast-schema-graph\">{\"@context\":\"https:\/\/schema.org\",\"@graph\":[{\"@type\":\"WebPage\",\"@id\":\"https:\/\/www.hoteldoge.net\/hu\/rimini-latnivalok-es-kulturalis-%c2%a7tmutatok-riminiben\/\",\"url\":\"https:\/\/www.hoteldoge.net\/hu\/rimini-latnivalok-es-kulturalis-%c2%a7tmutatok-riminiben\/\",\"name\":\"L\u00e0tnival\u00f2k \u00e8s kultur\u00e0lis \u00a7tmutat\u00f2k Riminiben\",\"isPartOf\":{\"@id\":\"https:\/\/www.hoteldoge.net\/de\/#website\"},\"datePublished\":\"2020-02-21T14:42:42+00:00\",\"dateModified\":\"2026-02-04T12:18:07+00:00\",\"description\":\"L\u00e0tnival\u00f2k \u00e8s kultur\u00e0lis \u00a7tmutat\u00f2k Riminiben\",\"breadcrumb\":{\"@id\":\"https:\/\/www.hoteldoge.net\/hu\/rimini-latnivalok-es-kulturalis-%c2%a7tmutatok-riminiben\/#breadcrumb\"},\"inLanguage\":\"hu\",\"potentialAction\":[{\"@type\":\"ReadAction\",\"target\":[\"https:\/\/www.hoteldoge.net\/hu\/rimini-latnivalok-es-kulturalis-%c2%a7tmutatok-riminiben\/\"]}]},{\"@type\":\"BreadcrumbList\",\"@id\":\"https:\/\/www.hoteldoge.net\/hu\/rimini-latnivalok-es-kulturalis-%c2%a7tmutatok-riminiben\/#breadcrumb\",\"itemListElement\":[{\"@type\":\"ListItem\",\"position\":1,\"name\":\"Home\",\"item\":\"https:\/\/www.hoteldoge.net\/it\/\"},{\"@type\":\"ListItem\",\"position\":2,\"name\":\"Rimini latnivalok es kulturalis \u00a7tmutatok riminiben\"}]},{\"@type\":\"WebSite\",\"@id\":\"https:\/\/www.hoteldoge.net\/de\/#website\",\"url\":\"https:\/\/www.hoteldoge.net\/de\/\",\"name\":\"Hotel Doge Torre Pedrera\",\"description\":\"Hotel 3 stelle Torre Pedrera All inclusive con Piscina e Spiaggia\",\"potentialAction\":[{\"@type\":\"SearchAction\",\"target\":{\"@type\":\"EntryPoint\",\"urlTemplate\":\"https:\/\/www.hoteldoge.net\/de\/?s={search_term_string}\"},\"query-input\":{\"@type\":\"PropertyValueSpecification\",\"valueRequired\":true,\"valueName\":\"search_term_string\"}}],\"inLanguage\":\"hu\"}]}<\/script>\n<!-- \/ Yoast SEO plugin. -->","yoast_head_json":{"title":"L\u00e0tnival\u00f2k \u00e8s kultur\u00e0lis \u00a7tmutat\u00f2k Riminiben","description":"L\u00e0tnival\u00f2k \u00e8s kultur\u00e0lis \u00a7tmutat\u00f2k Riminiben","robots":{"index":"index","follow":"follow","max-snippet":"max-snippet:-1","max-image-preview":"max-image-preview:large","max-video-preview":"max-video-preview:-1"},"canonical":"https:\/\/www.hoteldoge.net\/hu\/rimini-latnivalok-es-kulturalis-\u00a7tmutatok-riminiben\/","og_locale":"hu_HU","og_type":"article","og_title":"L\u00e0tnival\u00f2k \u00e8s kultur\u00e0lis \u00a7tmutat\u00f2k Riminiben","og_description":"L\u00e0tnival\u00f2k \u00e8s kultur\u00e0lis \u00a7tmutat\u00f2k Riminiben","og_url":"https:\/\/www.hoteldoge.net\/hu\/rimini-latnivalok-es-kulturalis-\u00a7tmutatok-riminiben\/","og_site_name":"Hotel Doge Torre Pedrera","article_modified_time":"2026-02-04T12:18:07+00:00","twitter_card":"summary_large_image","twitter_misc":{"Becs\u00fclt olvas\u00e1si id\u0151":"1 perc"},"schema":{"@context":"https:\/\/schema.org","@graph":[{"@type":"WebPage","@id":"https:\/\/www.hoteldoge.net\/hu\/rimini-latnivalok-es-kulturalis-%c2%a7tmutatok-riminiben\/","url":"https:\/\/www.hoteldoge.net\/hu\/rimini-latnivalok-es-kulturalis-%c2%a7tmutatok-riminiben\/","name":"L\u00e0tnival\u00f2k \u00e8s kultur\u00e0lis \u00a7tmutat\u00f2k Riminiben","isPartOf":{"@id":"https:\/\/www.hoteldoge.net\/de\/#website"},"datePublished":"2020-02-21T14:42:42+00:00","dateModified":"2026-02-04T12:18:07+00:00","description":"L\u00e0tnival\u00f2k \u00e8s kultur\u00e0lis \u00a7tmutat\u00f2k Riminiben","breadcrumb":{"@id":"https:\/\/www.hoteldoge.net\/hu\/rimini-latnivalok-es-kulturalis-%c2%a7tmutatok-riminiben\/#breadcrumb"},"inLanguage":"hu","potentialAction":[{"@type":"ReadAction","target":["https:\/\/www.hoteldoge.net\/hu\/rimini-latnivalok-es-kulturalis-%c2%a7tmutatok-riminiben\/"]}]},{"@type":"BreadcrumbList","@id":"https:\/\/www.hoteldoge.net\/hu\/rimini-latnivalok-es-kulturalis-%c2%a7tmutatok-riminiben\/#breadcrumb","itemListElement":[{"@type":"ListItem","position":1,"name":"Home","item":"https:\/\/www.hoteldoge.net\/it\/"},{"@type":"ListItem","position":2,"name":"Rimini latnivalok es kulturalis \u00a7tmutatok riminiben"}]},{"@type":"WebSite","@id":"https:\/\/www.hoteldoge.net\/de\/#website","url":"https:\/\/www.hoteldoge.net\/de\/","name":"Hotel Doge Torre Pedrera","description":"Hotel 3 stelle Torre Pedrera All inclusive con Piscina e Spiaggia","potentialAction":[{"@type":"SearchAction","target":{"@type":"EntryPoint","urlTemplate":"https:\/\/www.hoteldoge.net\/de\/?s={search_term_string}"},"query-input":{"@type":"PropertyValueSpecification","valueRequired":true,"valueName":"search_term_string"}}],"inLanguage":"hu"}]}},"_links":{"self":[{"href":"https:\/\/www.hoteldoge.net\/hu\/wp-json\/wp\/v2\/pages\/2225","targetHints":{"allow":["GET"]}}],"collection":[{"href":"https:\/\/www.hoteldoge.net\/hu\/wp-json\/wp\/v2\/pages"}],"about":[{"href":"https:\/\/www.hoteldoge.net\/hu\/wp-json\/wp\/v2\/types\/page"}],"author":[{"embeddable":true,"href":"https:\/\/www.hoteldoge.net\/hu\/wp-json\/wp\/v2\/users\/1"}],"replies":[{"embeddable":true,"href":"https:\/\/www.hoteldoge.net\/hu\/wp-json\/wp\/v2\/comments?post=2225"}],"version-history":[{"count":4,"href":"https:\/\/www.hoteldoge.net\/hu\/wp-json\/wp\/v2\/pages\/2225\/revisions"}],"predecessor-version":[{"id":5305,"href":"https:\/\/www.hoteldoge.net\/hu\/wp-json\/wp\/v2\/pages\/2225\/revisions\/5305"}],"wp:attachment":[{"href":"https:\/\/www.hoteldoge.net\/hu\/wp-json\/wp\/v2\/media?parent=2225"}],"curies":[{"name":"wp","href":"https:\/\/api.w.org\/{rel}","templated":true}]}}