{"id":2221,"date":"2020-02-21T13:06:55","date_gmt":"2020-02-21T12:06:55","guid":{"rendered":"https:\/\/www.hroyal.it\/?page_id=2221"},"modified":"2020-03-05T11:00:20","modified_gmt":"2020-03-05T10:00:20","slug":"hol-vagyunk-hotel-doge-rimini","status":"publish","type":"page","link":"https:\/\/www.hoteldoge.net\/hu\/hol-vagyunk-hotel-doge-rimini\/","title":{"rendered":"Hol Vagyunk Hotel Doge Rimini"},"content":{"rendered":"<section class=\"l-section wpb_row us_custom_33fe73d0 height_huge width_full\"><div class=\"l-section-h i-cf\"><div class=\"g-cols vc_row via_flex valign_top type_default stacking_default\"><div class=\"vc_col-sm-12 wpb_column vc_column_container\"><div class=\"vc_column-inner\"><div class=\"wpb_wrapper\"><div class=\"wpb_text_column\"><div class=\"wpb_wrapper\"><p><iframe loading=\"lazy\" style=\"border: 0;\" src=\"https:\/\/www.google.com\/maps\/embed?pb=!1m18!1m12!1m3!1d2864.7050241171505!2d12.506533315838919!3d44.110078179108285!2m3!1f0!2f0!3f0!3m2!1i1024!2i768!4f13.1!3m3!1m2!1s0x132cc6949170ce37%3A0xbc18263ffdb27591!2sHotel%20Doge!5e0!3m2!1sit!2sit!4v1580231002659!5m2!1sit!2sit\" width=\"100%\" height=\"450\" frameborder=\"0\" allowfullscreen=\"allowfullscreen\"><\/iframe><\/p>\n<\/div><\/div><\/div><\/div><\/div><\/div><\/div><\/section><section class=\"l-section wpb_row height_medium\"><div class=\"l-section-h i-cf\"><div class=\"g-cols vc_row via_flex valign_top type_default stacking_default\"><div class=\"vc_col-sm-4 wpb_column vc_column_container\"><div class=\"vc_column-inner\"><div class=\"wpb_wrapper\"><div class=\"w-iconbox iconpos_top style_default color_primary align_center no_text no_title\"><div class=\"w-iconbox-icon\" style=\"font-size:100px;\"><i class=\"fas fa-car\"><\/i><\/div><div class=\"w-iconbox-meta\"><\/div><\/div><div class=\"w-separator size_small\"><\/div><div class=\"wpb_text_column\"><div class=\"wpb_wrapper\"><p><strong><span style=\"color: #f24607;\">Aki az aut\u00f2p\u00e0ly\u00e0n \u00e8rkezik::<\/span><\/strong> A14 Ancona ir\u00e0ny\u00e0ba, Rimini nord lej\u00f6vet.K\u00f6vetni az \u00f9tmutat\u00f2 t\u00e0bl\u00e0kat torre Pedrera ir\u00e0ny\u00e0ba.<\/p>\n<\/div><\/div><\/div><\/div><\/div><div class=\"vc_col-sm-4 wpb_column vc_column_container\"><div class=\"vc_column-inner\"><div class=\"wpb_wrapper\"><div class=\"w-iconbox iconpos_top style_default color_primary align_center no_text no_title\"><div class=\"w-iconbox-icon\" style=\"font-size:100px;\"><i class=\"fas fa-train\"><\/i><\/div><div class=\"w-iconbox-meta\"><\/div><\/div><div class=\"w-separator size_small\"><\/div><div class=\"wpb_text_column\"><div class=\"wpb_wrapper\"><p><strong><span style=\"color: #f24607;\">Aki vonattal \u00e8rkezik:<\/span><\/strong> Bologn\u00e0ban a Bologna-Rimini \u00f9tvonal\u00f9 vonatra sz\u00e0llni, lesz\u00e0ll\u00e0s torre Pedrera \u00e0llom\u00e0son.<\/p>\n<\/div><\/div><\/div><\/div><\/div><div class=\"vc_col-sm-4 wpb_column vc_column_container\"><div class=\"vc_column-inner\"><div class=\"wpb_wrapper\"><div class=\"w-iconbox iconpos_top style_default color_primary align_center no_text no_title\"><div class=\"w-iconbox-icon\" style=\"font-size:100px;\"><i class=\"fas fa-plane-departure\"><\/i><\/div><div class=\"w-iconbox-meta\"><\/div><\/div><div class=\"w-separator size_small\"><\/div><div class=\"wpb_text_column\"><div class=\"wpb_wrapper\"><p><strong><span style=\"color: #f24607;\">Per chi viene in aereo:<\/span><\/strong> dall&#8217;Aeroporto Federico Fellini, sono previsti due voli settimanali <strong>dal 30 marzo 2020 sino al 19 ottobre 2020<\/strong> tramite la compagnia aerea low cost <strong>Ryanair<\/strong>.<\/p>\n<\/div><\/div><\/div><\/div><\/div><\/div><\/div><\/section>\n","protected":false},"excerpt":{"rendered":"Aki az aut\u00f2p\u00e0ly\u00e0n \u00e8rkezik:: A14 Ancona ir\u00e0ny\u00e0ba, Rimini nord lej\u00f6vet.K\u00f6vetni az \u00f9tmutat\u00f2 t\u00e0bl\u00e0kat torre Pedrera ir\u00e0ny\u00e0ba. Aki vonattal \u00e8rkezik: Bologn\u00e0ban a Bologna-Rimini \u00f9tvonal\u00f9 vonatra sz\u00e0llni, lesz\u00e0ll\u00e0s torre Pedrera \u00e0llom\u00e0son. Per chi viene in aereo: dall&#8217;Aeroporto Federico Fellini, sono previsti due voli settimanali dal 30 marzo 2020 sino al 19 ottobre 2020 tramite la compagnia aerea...","protected":false},"author":1,"featured_media":0,"parent":0,"menu_order":0,"comment_status":"closed","ping_status":"closed","template":"","meta":{"footnotes":""},"class_list":["post-2221","page","type-page","status-publish","hentry"],"yoast_head":"<!-- This site is optimized with the Yoast SEO plugin v26.5 - https:\/\/yoast.com\/wordpress\/plugins\/seo\/ -->\n<title>Hol Vagyunk Hotel Doge Rimini<\/title>\n<meta name=\"description\" content=\"Hol Vagyunk Hotel Doge Rimini\" \/>\n<meta name=\"robots\" content=\"index, follow, max-snippet:-1, max-image-preview:large, max-video-preview:-1\" \/>\n<link rel=\"canonical\" href=\"https:\/\/www.hoteldoge.net\/hu\/hol-vagyunk-hotel-doge-rimini\/\" \/>\n<meta property=\"og:locale\" content=\"hu_HU\" \/>\n<meta property=\"og:type\" content=\"article\" \/>\n<meta property=\"og:title\" content=\"Hol Vagyunk Hotel Doge Rimini\" \/>\n<meta property=\"og:description\" content=\"Hol Vagyunk Hotel Doge Rimini\" \/>\n<meta property=\"og:url\" content=\"https:\/\/www.hoteldoge.net\/hu\/hol-vagyunk-hotel-doge-rimini\/\" \/>\n<meta property=\"og:site_name\" content=\"Hotel Doge Torre Pedrera\" \/>\n<meta property=\"article:modified_time\" content=\"2020-03-05T10:00:20+00:00\" \/>\n<meta name=\"twitter:card\" content=\"summary_large_image\" \/>\n<meta name=\"twitter:label1\" content=\"Becs\u00fclt olvas\u00e1si id\u0151\" \/>\n\t<meta name=\"twitter:data1\" content=\"1 perc\" \/>\n<script type=\"application\/ld+json\" class=\"yoast-schema-graph\">{\"@context\":\"https:\/\/schema.org\",\"@graph\":[{\"@type\":\"WebPage\",\"@id\":\"https:\/\/www.hoteldoge.net\/hu\/hol-vagyunk-hotel-doge-rimini\/\",\"url\":\"https:\/\/www.hoteldoge.net\/hu\/hol-vagyunk-hotel-doge-rimini\/\",\"name\":\"Hol Vagyunk Hotel Doge Rimini\",\"isPartOf\":{\"@id\":\"https:\/\/www.hoteldoge.net\/de\/#website\"},\"datePublished\":\"2020-02-21T12:06:55+00:00\",\"dateModified\":\"2020-03-05T10:00:20+00:00\",\"description\":\"Hol Vagyunk Hotel Doge Rimini\",\"breadcrumb\":{\"@id\":\"https:\/\/www.hoteldoge.net\/hu\/hol-vagyunk-hotel-doge-rimini\/#breadcrumb\"},\"inLanguage\":\"hu\",\"potentialAction\":[{\"@type\":\"ReadAction\",\"target\":[\"https:\/\/www.hoteldoge.net\/hu\/hol-vagyunk-hotel-doge-rimini\/\"]}]},{\"@type\":\"BreadcrumbList\",\"@id\":\"https:\/\/www.hoteldoge.net\/hu\/hol-vagyunk-hotel-doge-rimini\/#breadcrumb\",\"itemListElement\":[{\"@type\":\"ListItem\",\"position\":1,\"name\":\"Home\",\"item\":\"https:\/\/www.hoteldoge.net\/it\/\"},{\"@type\":\"ListItem\",\"position\":2,\"name\":\"Hol Vagyunk Hotel Doge Rimini\"}]},{\"@type\":\"WebSite\",\"@id\":\"https:\/\/www.hoteldoge.net\/de\/#website\",\"url\":\"https:\/\/www.hoteldoge.net\/de\/\",\"name\":\"Hotel Doge Torre Pedrera\",\"description\":\"Hotel 3 stelle Torre Pedrera All inclusive con Piscina e Spiaggia\",\"potentialAction\":[{\"@type\":\"SearchAction\",\"target\":{\"@type\":\"EntryPoint\",\"urlTemplate\":\"https:\/\/www.hoteldoge.net\/de\/?s={search_term_string}\"},\"query-input\":{\"@type\":\"PropertyValueSpecification\",\"valueRequired\":true,\"valueName\":\"search_term_string\"}}],\"inLanguage\":\"hu\"}]}<\/script>\n<!-- \/ Yoast SEO plugin. -->","yoast_head_json":{"title":"Hol Vagyunk Hotel Doge Rimini","description":"Hol Vagyunk Hotel Doge Rimini","robots":{"index":"index","follow":"follow","max-snippet":"max-snippet:-1","max-image-preview":"max-image-preview:large","max-video-preview":"max-video-preview:-1"},"canonical":"https:\/\/www.hoteldoge.net\/hu\/hol-vagyunk-hotel-doge-rimini\/","og_locale":"hu_HU","og_type":"article","og_title":"Hol Vagyunk Hotel Doge Rimini","og_description":"Hol Vagyunk Hotel Doge Rimini","og_url":"https:\/\/www.hoteldoge.net\/hu\/hol-vagyunk-hotel-doge-rimini\/","og_site_name":"Hotel Doge Torre Pedrera","article_modified_time":"2020-03-05T10:00:20+00:00","twitter_card":"summary_large_image","twitter_misc":{"Becs\u00fclt olvas\u00e1si id\u0151":"1 perc"},"schema":{"@context":"https:\/\/schema.org","@graph":[{"@type":"WebPage","@id":"https:\/\/www.hoteldoge.net\/hu\/hol-vagyunk-hotel-doge-rimini\/","url":"https:\/\/www.hoteldoge.net\/hu\/hol-vagyunk-hotel-doge-rimini\/","name":"Hol Vagyunk Hotel Doge Rimini","isPartOf":{"@id":"https:\/\/www.hoteldoge.net\/de\/#website"},"datePublished":"2020-02-21T12:06:55+00:00","dateModified":"2020-03-05T10:00:20+00:00","description":"Hol Vagyunk Hotel Doge Rimini","breadcrumb":{"@id":"https:\/\/www.hoteldoge.net\/hu\/hol-vagyunk-hotel-doge-rimini\/#breadcrumb"},"inLanguage":"hu","potentialAction":[{"@type":"ReadAction","target":["https:\/\/www.hoteldoge.net\/hu\/hol-vagyunk-hotel-doge-rimini\/"]}]},{"@type":"BreadcrumbList","@id":"https:\/\/www.hoteldoge.net\/hu\/hol-vagyunk-hotel-doge-rimini\/#breadcrumb","itemListElement":[{"@type":"ListItem","position":1,"name":"Home","item":"https:\/\/www.hoteldoge.net\/it\/"},{"@type":"ListItem","position":2,"name":"Hol Vagyunk Hotel Doge Rimini"}]},{"@type":"WebSite","@id":"https:\/\/www.hoteldoge.net\/de\/#website","url":"https:\/\/www.hoteldoge.net\/de\/","name":"Hotel Doge Torre Pedrera","description":"Hotel 3 stelle Torre Pedrera All inclusive con Piscina e Spiaggia","potentialAction":[{"@type":"SearchAction","target":{"@type":"EntryPoint","urlTemplate":"https:\/\/www.hoteldoge.net\/de\/?s={search_term_string}"},"query-input":{"@type":"PropertyValueSpecification","valueRequired":true,"valueName":"search_term_string"}}],"inLanguage":"hu"}]}},"_links":{"self":[{"href":"https:\/\/www.hoteldoge.net\/hu\/wp-json\/wp\/v2\/pages\/2221","targetHints":{"allow":["GET"]}}],"collection":[{"href":"https:\/\/www.hoteldoge.net\/hu\/wp-json\/wp\/v2\/pages"}],"about":[{"href":"https:\/\/www.hoteldoge.net\/hu\/wp-json\/wp\/v2\/types\/page"}],"author":[{"embeddable":true,"href":"https:\/\/www.hoteldoge.net\/hu\/wp-json\/wp\/v2\/users\/1"}],"replies":[{"embeddable":true,"href":"https:\/\/www.hoteldoge.net\/hu\/wp-json\/wp\/v2\/comments?post=2221"}],"version-history":[{"count":3,"href":"https:\/\/www.hoteldoge.net\/hu\/wp-json\/wp\/v2\/pages\/2221\/revisions"}],"predecessor-version":[{"id":2617,"href":"https:\/\/www.hoteldoge.net\/hu\/wp-json\/wp\/v2\/pages\/2221\/revisions\/2617"}],"wp:attachment":[{"href":"https:\/\/www.hoteldoge.net\/hu\/wp-json\/wp\/v2\/media?parent=2221"}],"curies":[{"name":"wp","href":"https:\/\/api.w.org\/{rel}","templated":true}]}}