{"id":2195,"date":"2020-02-21T11:24:06","date_gmt":"2020-02-21T10:24:06","guid":{"rendered":"https:\/\/www.hroyal.it\/?page_id=2195"},"modified":"2020-03-05T10:55:49","modified_gmt":"2020-03-05T09:55:49","slug":"hotel-rimini-parkok-all-inclusive-ajanlat","status":"publish","type":"page","link":"https:\/\/www.hoteldoge.net\/hu\/hotel-rimini-parkok-all-inclusive-ajanlat\/","title":{"rendered":"Hotel Rimini Parkok all inclusive ajanlat"},"content":{"rendered":"<section class=\"l-section wpb_row us_custom_33fe73d0 height_huge width_full\"><div class=\"l-section-h i-cf\"><div class=\"g-cols vc_row via_flex valign_top type_default stacking_default\"><div class=\"vc_col-sm-12 wpb_column vc_column_container\"><div class=\"vc_column-inner\"><div class=\"wpb_wrapper\">\n\t\t\t<!-- START parcodivertimento REVOLUTION SLIDER 6.7.37 --><p class=\"rs-p-wp-fix\"><\/p>\n\t\t\t<rs-module-wrap id=\"rev_slider_16_1_wrapper\" data-source=\"gallery\" style=\"visibility:hidden;background:transparent;padding:0;margin:0px auto;margin-top:0;margin-bottom:0;\">\n\t\t\t\t<rs-module id=\"rev_slider_16_1\" style=\"\" data-version=\"6.7.37\">\n\t\t\t\t\t<rs-slides style=\"overflow: hidden; position: absolute;\">\n\t\t\t\t\t\t<rs-slide style=\"position: absolute;\" data-key=\"rs-27\" data-title=\"Slide\" data-anim=\"ms:1000;r:0;\" data-in=\"o:0;\" data-out=\"a:false;\">\n\t\t\t\t\t\t\t<img decoding=\"async\" src=\"\/\/www.hoteldoge.net\/wp-content\/plugins\/revslider\/sr6\/assets\/assets\/dummy.png\" alt=\"\" title=\"mirabilandia-divertimento\" width=\"1920\" height=\"980\" class=\"rev-slidebg tp-rs-img rs-lazyload\" data-lazyload=\"\/\/www.hoteldoge.net\/wp-content\/uploads\/2020\/01\/mirabilandia-divertimento.jpg\" data-bg=\"p:center bottom;\" data-no-retina>\n<!---->\t\t\t\t\t<\/rs-slide>\n\t\t\t\t\t<\/rs-slides>\n\t\t\t\t<\/rs-module>\n\t\t\t\t<script>\n\t\t\t\t\tsetREVStartSize({c: 'rev_slider_16_1',rl:[1240,1024,778,480],el:[900],gw:[1240],gh:[900],type:'hero',justify:'',layout:'fullwidth',mh:\"0\"});if (window.RS_MODULES!==undefined && window.RS_MODULES.modules!==undefined && window.RS_MODULES.modules[\"revslider161\"]!==undefined) {window.RS_MODULES.modules[\"revslider161\"].once = false;window.revapi16 = undefined;if (window.RS_MODULES.checkMinimal!==undefined) window.RS_MODULES.checkMinimal()}\n\t\t\t\t<\/script>\n\t\t\t<\/rs-module-wrap>\n\t\t\t<!-- END REVOLUTION SLIDER -->\n<\/div><\/div><\/div><\/div><\/div><\/section><section class=\"l-section wpb_row height_medium\"><div class=\"l-section-h i-cf\"><div class=\"g-cols vc_row via_flex valign_middle type_default stacking_default\"><div class=\"vc_col-sm-6 wpb_column vc_column_container\"><div class=\"vc_column-inner\"><div class=\"wpb_wrapper\">[vc_custom_heading text=&#8221;HOTEL + PARKOK AJ\u00c1NLAT&#8221; font_container=&#8221;tag:h1|font_size:30|text_align:left&#8221; google_fonts=&#8221;font_family:Raleway%3A100%2C200%2C300%2Cregular%2C500%2C600%2C700%2C800%2C900|font_style:700%20bold%20regular%3A700%3Anormal&#8221; css=&#8221;%7B%22default%22%3A%7B%22font-size%22%3A%2230%22%7D%7D&#8221;]<div class=\"wpb_text_column\"><div class=\"wpb_wrapper\"><p>1 h\u00e8t nyaral\u00e0s azok sz\u00e0m\u00e0ra akik a tenger \u00e8lvezet\u00e8t \u00f6ssze szeretn\u00e8k k\u00f6tni a sz\u00f2rakoz\u00e0ssal. Nem v\u00e8letlen\u00fcl Emilia Rom\u00e0gn\u00e0t a sz\u00f2rakoz\u00f2 parkok tartom\u00e0ny\u00e0nak h\u00ecvj\u00e0k. Hotel Doge k\u00f6zel van a legn\u00e8pszer\u00fcbb parkokhoz mint <strong>Mirabilandia, Acquafan, Oltremare \u00e8s Italia in miniatura<\/strong>.<\/p>\n<\/div><\/div><div class=\"wpb_text_column\"><div class=\"wpb_wrapper\"><p><strong>A Hotel + Park aj\u00e0nlat mag\u00e0ba foglalja:<\/strong><\/p>\n<ul>\n<li>1 h\u00e8t sz\u00e0ll\u00e0s<\/li>\n<li>teljes ell\u00e0t\u00e0s , reggeli+eb\u00e8d+ vacsora<\/li>\n<li>italok az \u00e8tkez\u00e8sekn\u00e8l<\/li>\n<li>egy bel\u00e8p\u0151 a Mirabilandia, Acquafan, Oltremare ,Italia in miniatura parkok k\u00f6z\u00fcl v\u00e0laszt\u00e0s szerint<\/li>\n<li>Strand , 2 \u00e0gy \u00e8s 1 naperny\u0151<\/li>\n<li>parkol\u00f2<\/li>\n<\/ul>\n<\/div><\/div><div class=\" ubtn-ctn-left \"><a class=\"ubtn-link ult-adjust-bottom-margin ubtn-left ubtn-large \" href=\"https:\/\/www.hoteldoge.net\/hu\/elerhetoseg.html\" ><button type=\"button\" id=\"ubtn-6461\"  class=\"ubtn ult-adjust-bottom-margin ult-responsive ubtn-large ubtn-no-hover-bg  none  ubtn-left   tooltip-6a06f56fd74e9\"  data-hover=\"#000000\" data-border-color=\"\" data-bg=\"#a69180\" data-hover-bg=\"#f2e2c4\" data-border-hover=\"\" data-shadow-hover=\"\" data-shadow-click=\"none\" data-shadow=\"\" data-shd-shadow=\"\"  data-ultimate-target='#ubtn-6461'  data-responsive-json-new='{\"font-size\":\"desktop:18px;\",\"line-height\":\"\"}'  style=\"font-family:&#039;Raleway&#039;;font-weight:normal;border:none;background: #a69180;color: #000000;\"><span class=\"ubtn-hover\" style=\"background-color:#f2e2c4\"><\/span><span class=\"ubtn-data ubtn-text \" >K\u00e8rjen r\u00f6gt\u00f6n r\u00e8szletes inform\u00e0ci\u00f2t<\/span><\/button><\/a><\/div><div class=\"ult-spacer spacer-6a06f56fd7553\" data-id=\"6a06f56fd7553\" data-height=\"20\" data-height-mobile=\"20\" data-height-tab=\"20\" data-height-tab-portrait=\"\" data-height-mobile-landscape=\"\" style=\"clear:both;display:block;\"><\/div>[vc_custom_heading text=&#8221;Gyerek kedvezm\u00e8nyek&#8221; font_container=&#8221;tag:h1|font_size:30|text_align:left&#8221; google_fonts=&#8221;font_family:Raleway%3A100%2C200%2C300%2Cregular%2C500%2C600%2C700%2C800%2C900|font_style:700%20bold%20regular%3A700%3Anormal&#8221; css=&#8221;%7B%22default%22%3A%7B%22font-size%22%3A%2230%22%7D%7D&#8221;]<div class=\"wpb_text_column\"><div class=\"wpb_wrapper\"><ul>\n<li>Kedvezm\u00e9nyek INGYENES vagy KEDVEZM\u00c9NYES GYERMEKEKKEL<\/li>\n<li>0-2 \u00e8v <span style=\"color: red; font-weight: bold; font-size: 150%;\">GRATIS<\/span> (kiv\u00e8ve 08.08-21.08)<\/li>\n<li>3-8 \u00e8v: <span style=\"color: red; font-weight: bold; font-size: 150%;\">50%<\/span><\/li>\n<li>9-13 \u00e8v: <span style=\"color: red; font-weight: bold; font-size: 150%;\">30%<\/span><\/li>\n<li>3\u00b0 \u00e0gy <span style=\"color: red; font-weight: bold; font-size: 150%;\">10%<\/span>, 4\u00e0 \u00e0gy, <span style=\"color: red; font-weight: bold; font-size: 150%;\">20%<\/span><\/li>\n<\/ul>\n<\/div><\/div><div class=\" ubtn-ctn-left \"><a class=\"ubtn-link ult-adjust-bottom-margin ubtn-left ubtn-large \" href=\"https:\/\/www.hoteldoge.net\/hu\/elerhetoseg.html\" ><button type=\"button\" id=\"ubtn-9441\"  class=\"ubtn ult-adjust-bottom-margin ult-responsive ubtn-large ubtn-no-hover-bg  none  ubtn-left   tooltip-6a06f56fd761f\"  data-hover=\"#000000\" data-border-color=\"\" data-bg=\"#a69180\" data-hover-bg=\"#f2e2c4\" data-border-hover=\"\" data-shadow-hover=\"\" data-shadow-click=\"none\" data-shadow=\"\" data-shd-shadow=\"\"  data-ultimate-target='#ubtn-9441'  data-responsive-json-new='{\"font-size\":\"desktop:18px;\",\"line-height\":\"\"}'  style=\"font-family:&#039;Raleway&#039;;font-weight:normal;border:none;background: #a69180;color: #000000;\"><span class=\"ubtn-hover\" style=\"background-color:#f2e2c4\"><\/span><span class=\"ubtn-data ubtn-text \" >K\u00e9rjen kedvezm\u00e9nyeket a csal\u00e1dok sz\u00e1m\u00e1ra<\/span><\/button><\/a><\/div><\/div><\/div><\/div><div class=\"vc_col-sm-6 wpb_column vc_column_container\"><div class=\"vc_column-inner\"><div class=\"wpb_wrapper\"><div class=\"w-grid type_masonry layout_portfolio_3 cols_2 with_isotope ratio_1x1\" id=\"us_grid_1\" style=\"--columns:2;--gap:0.5rem;--item-ratio:1;\" data-filterable=\"true\"><style>@media (max-width:600px){#us_grid_1{--columns:1!important}}@media (min-width:1024px){#us_grid_1 .w-post-elm.post_title{font-size:0px!important}}.layout_portfolio_3 .w-grid-item-h{}.layout_portfolio_3 .usg_post_image_1{transition-duration:0.4s;transform-origin:50% 50%;transform:scale(1) translate(0%,0%);opacity:0.25}.layout_portfolio_3 .w-grid-item-h:focus-within .usg_post_image_1,.layout_portfolio_3 .w-grid-item-h:hover .usg_post_image_1{transform:scale(1) translate(0%,0%);opacity:1}.layout_portfolio_3 .usg_post_title_1{transition-duration:0.3s;transform-origin:50% 50%;transform:scale(1) translate(0%,0%)}.layout_portfolio_3 .w-grid-item-h:focus-within .usg_post_title_1,.layout_portfolio_3 .w-grid-item-h:hover .usg_post_title_1{transform:scale(1) translate(0%,-100%);opacity:0}.layout_portfolio_3 .usg_post_taxonomy_1{transition-duration:0.3s;transform-origin:50% 50%;transform:scale(1) translate(0%,0%)}.layout_portfolio_3 .w-grid-item-h:focus-within .usg_post_taxonomy_1,.layout_portfolio_3 .w-grid-item-h:hover .usg_post_taxonomy_1{transform:scale(1) translate(0%,100%);opacity:0}.layout_portfolio_3 .usg_post_image_1{position:absolute!important;top:0!important;right:0!important;bottom:0!important;left:0!important}.layout_portfolio_3 .usg_vwrapper_1{position:absolute!important;top:0!important;right:0!important;bottom:0!important;left:0!important;padding:2rem!important}.layout_portfolio_3 .usg_post_title_1{color:inherit!important;font-size:1.4rem!important}<\/style><div class=\"w-grid-list\">\t<article class=\"w-grid-item size_1x1 post-1634 attachment type-attachment status-inherit hentry\" data-id=\"1634\">\n\t\t<div class=\"w-grid-item-h\">\n\t\t\t\t\t\t\t<a ref=\"magnificPopupGrid\" href=\"https:\/\/www.hoteldoge.net\/wp-content\/uploads\/2020\/01\/bambine-piscina.jpg\" class=\"w-grid-item-anchor\" aria-label=\"bambine-piscina\"><\/a>\n\t\t\t\t\t\t<div class=\"w-post-elm post_image usg_post_image_1 stretched\"><img loading=\"lazy\" decoding=\"async\" width=\"900\" height=\"600\" src=\"https:\/\/www.hoteldoge.net\/wp-content\/uploads\/2020\/01\/bambine-piscina.jpg\" class=\"attachment-large size-large\" alt=\"\" srcset=\"https:\/\/www.hoteldoge.net\/wp-content\/uploads\/2020\/01\/bambine-piscina.jpg 900w, https:\/\/www.hoteldoge.net\/wp-content\/uploads\/2020\/01\/bambine-piscina-300x200.jpg 300w\" sizes=\"auto, (max-width: 900px) 100vw, 900px\" \/><\/div><div class=\"w-vwrapper usg_vwrapper_1 align_center valign_middle\"><h2 class=\"w-post-elm post_title usg_post_title_1 has_text_color entry-title color_link_inherit\">bambine-piscina<\/h2><\/div>\t\t<\/div>\n\t\t\t<\/article>\n\t<article class=\"w-grid-item size_1x1 post-1629 attachment type-attachment status-inherit hentry\" data-id=\"1629\">\n\t\t<div class=\"w-grid-item-h\">\n\t\t\t\t\t\t\t<a ref=\"magnificPopupGrid\" href=\"https:\/\/www.hoteldoge.net\/wp-content\/uploads\/2020\/01\/oltremare-riccione.jpg\" class=\"w-grid-item-anchor\" aria-label=\"oltremare-riccione\"><\/a>\n\t\t\t\t\t\t<div class=\"w-post-elm post_image usg_post_image_1 stretched\"><img loading=\"lazy\" decoding=\"async\" width=\"1000\" height=\"664\" src=\"https:\/\/www.hoteldoge.net\/wp-content\/uploads\/2020\/01\/oltremare-riccione.jpg\" class=\"attachment-large size-large\" alt=\"\" srcset=\"https:\/\/www.hoteldoge.net\/wp-content\/uploads\/2020\/01\/oltremare-riccione.jpg 1000w, https:\/\/www.hoteldoge.net\/wp-content\/uploads\/2020\/01\/oltremare-riccione-300x199.jpg 300w\" sizes=\"auto, (max-width: 1000px) 100vw, 1000px\" \/><\/div><div class=\"w-vwrapper usg_vwrapper_1 align_center valign_middle\"><h2 class=\"w-post-elm post_title usg_post_title_1 has_text_color entry-title color_link_inherit\">oltremare-riccione<\/h2><\/div>\t\t<\/div>\n\t\t\t<\/article>\n\t<article class=\"w-grid-item size_1x1 post-1624 attachment type-attachment status-inherit hentry\" data-id=\"1624\">\n\t\t<div class=\"w-grid-item-h\">\n\t\t\t\t\t\t\t<a ref=\"magnificPopupGrid\" href=\"https:\/\/www.hoteldoge.net\/wp-content\/uploads\/2020\/01\/aquafan-riccione.jpg\" class=\"w-grid-item-anchor\" aria-label=\"aquafan-riccione\"><\/a>\n\t\t\t\t\t\t<div class=\"w-post-elm post_image usg_post_image_1 stretched\"><img loading=\"lazy\" decoding=\"async\" width=\"1000\" height=\"667\" src=\"https:\/\/www.hoteldoge.net\/wp-content\/uploads\/2020\/01\/aquafan-riccione.jpg\" class=\"attachment-large size-large\" alt=\"\" srcset=\"https:\/\/www.hoteldoge.net\/wp-content\/uploads\/2020\/01\/aquafan-riccione.jpg 1000w, https:\/\/www.hoteldoge.net\/wp-content\/uploads\/2020\/01\/aquafan-riccione-300x200.jpg 300w\" sizes=\"auto, (max-width: 1000px) 100vw, 1000px\" \/><\/div><div class=\"w-vwrapper usg_vwrapper_1 align_center valign_middle\"><h2 class=\"w-post-elm post_title usg_post_title_1 has_text_color entry-title color_link_inherit\">aquafan-riccione<\/h2><\/div>\t\t<\/div>\n\t\t\t<\/article>\n\t<article class=\"w-grid-item size_1x1 post-1619 attachment type-attachment status-inherit hentry\" data-id=\"1619\">\n\t\t<div class=\"w-grid-item-h\">\n\t\t\t\t\t\t\t<a ref=\"magnificPopupGrid\" href=\"https:\/\/www.hoteldoge.net\/wp-content\/uploads\/2020\/01\/italia-in-miniatura.jpg\" class=\"w-grid-item-anchor\" aria-label=\"italia-in-miniatura\"><\/a>\n\t\t\t\t\t\t<div class=\"w-post-elm post_image usg_post_image_1 stretched\"><img loading=\"lazy\" decoding=\"async\" width=\"1000\" height=\"667\" src=\"https:\/\/www.hoteldoge.net\/wp-content\/uploads\/2020\/01\/italia-in-miniatura.jpg\" class=\"attachment-large size-large\" alt=\"\" srcset=\"https:\/\/www.hoteldoge.net\/wp-content\/uploads\/2020\/01\/italia-in-miniatura.jpg 1000w, https:\/\/www.hoteldoge.net\/wp-content\/uploads\/2020\/01\/italia-in-miniatura-300x200.jpg 300w\" sizes=\"auto, (max-width: 1000px) 100vw, 1000px\" \/><\/div><div class=\"w-vwrapper usg_vwrapper_1 align_center valign_middle\"><h2 class=\"w-post-elm post_title usg_post_title_1 has_text_color entry-title color_link_inherit\">italia-in-miniatura<\/h2><\/div>\t\t<\/div>\n\t\t\t<\/article>\n\t<article class=\"w-grid-item size_1x1 post-1485 attachment type-attachment status-inherit hentry\" data-id=\"1485\">\n\t\t<div class=\"w-grid-item-h\">\n\t\t\t\t\t\t\t<a ref=\"magnificPopupGrid\" href=\"https:\/\/www.hoteldoge.net\/wp-content\/uploads\/2020\/01\/2007_ragazze-3.jpg\" class=\"w-grid-item-anchor\" aria-label=\"2007_ragazze-3\"><\/a>\n\t\t\t\t\t\t<div class=\"w-post-elm post_image usg_post_image_1 stretched\"><img loading=\"lazy\" decoding=\"async\" width=\"1000\" height=\"671\" src=\"https:\/\/www.hoteldoge.net\/wp-content\/uploads\/2020\/01\/2007_ragazze-3.jpg\" class=\"attachment-large size-large\" alt=\"\" srcset=\"https:\/\/www.hoteldoge.net\/wp-content\/uploads\/2020\/01\/2007_ragazze-3.jpg 1000w, https:\/\/www.hoteldoge.net\/wp-content\/uploads\/2020\/01\/2007_ragazze-3-300x201.jpg 300w\" sizes=\"auto, (max-width: 1000px) 100vw, 1000px\" \/><\/div><div class=\"w-vwrapper usg_vwrapper_1 align_center valign_middle\"><h2 class=\"w-post-elm post_title usg_post_title_1 has_text_color entry-title color_link_inherit\">2007_ragazze-3<\/h2><\/div>\t\t<\/div>\n\t\t\t<\/article>\n\t<article class=\"w-grid-item size_1x1 post-1475 attachment type-attachment status-inherit hentry\" data-id=\"1475\">\n\t\t<div class=\"w-grid-item-h\">\n\t\t\t\t\t\t\t<a ref=\"magnificPopupGrid\" href=\"https:\/\/www.hoteldoge.net\/wp-content\/uploads\/2020\/01\/beach-volley-rimini-1.jpg\" class=\"w-grid-item-anchor\" aria-label=\"beach-volley-rimini\"><\/a>\n\t\t\t\t\t\t<div class=\"w-post-elm post_image usg_post_image_1 stretched\"><img loading=\"lazy\" decoding=\"async\" width=\"1024\" height=\"676\" src=\"https:\/\/www.hoteldoge.net\/wp-content\/uploads\/2020\/01\/beach-volley-rimini-1-1024x676.jpg\" class=\"attachment-large size-large\" alt=\"\" srcset=\"https:\/\/www.hoteldoge.net\/wp-content\/uploads\/2020\/01\/beach-volley-rimini-1-1024x676.jpg 1024w, https:\/\/www.hoteldoge.net\/wp-content\/uploads\/2020\/01\/beach-volley-rimini-1-300x198.jpg 300w, https:\/\/www.hoteldoge.net\/wp-content\/uploads\/2020\/01\/beach-volley-rimini-1.jpg 1060w\" sizes=\"auto, (max-width: 1024px) 100vw, 1024px\" \/><\/div><div class=\"w-vwrapper usg_vwrapper_1 align_center valign_middle\"><h2 class=\"w-post-elm post_title usg_post_title_1 has_text_color entry-title color_link_inherit\">beach-volley-rimini<\/h2><\/div>\t\t<\/div>\n\t\t\t<\/article>\n\t<article class=\"w-grid-item size_1x1 post-1441 attachment type-attachment status-inherit hentry\" data-id=\"1441\">\n\t\t<div class=\"w-grid-item-h\">\n\t\t\t\t\t\t\t<a ref=\"magnificPopupGrid\" href=\"https:\/\/www.hoteldoge.net\/wp-content\/uploads\/2020\/01\/pallavolo-giovani.jpg\" class=\"w-grid-item-anchor\" aria-label=\"pallavolo-giovani\"><\/a>\n\t\t\t\t\t\t<div class=\"w-post-elm post_image usg_post_image_1 stretched\"><img loading=\"lazy\" decoding=\"async\" width=\"1024\" height=\"681\" src=\"https:\/\/www.hoteldoge.net\/wp-content\/uploads\/2020\/01\/pallavolo-giovani-1024x681.jpg\" class=\"attachment-large size-large\" alt=\"\" srcset=\"https:\/\/www.hoteldoge.net\/wp-content\/uploads\/2020\/01\/pallavolo-giovani-1024x681.jpg 1024w, https:\/\/www.hoteldoge.net\/wp-content\/uploads\/2020\/01\/pallavolo-giovani-300x199.jpg 300w, https:\/\/www.hoteldoge.net\/wp-content\/uploads\/2020\/01\/pallavolo-giovani.jpg 1053w\" sizes=\"auto, (max-width: 1024px) 100vw, 1024px\" \/><\/div><div class=\"w-vwrapper usg_vwrapper_1 align_center valign_middle\"><h2 class=\"w-post-elm post_title usg_post_title_1 has_text_color entry-title color_link_inherit\">pallavolo-giovani<\/h2><\/div>\t\t<\/div>\n\t\t\t<\/article>\n\t<article class=\"w-grid-item size_1x1 post-1436 attachment type-attachment status-inherit hentry\" data-id=\"1436\">\n\t\t<div class=\"w-grid-item-h\">\n\t\t\t\t\t\t\t<a ref=\"magnificPopupGrid\" href=\"https:\/\/www.hoteldoge.net\/wp-content\/uploads\/2020\/01\/nordic-walking-anteprima.jpg\" class=\"w-grid-item-anchor\" aria-label=\"nordic-walking-anteprima\"><\/a>\n\t\t\t\t\t\t<div class=\"w-post-elm post_image usg_post_image_1 stretched\"><img loading=\"lazy\" decoding=\"async\" width=\"500\" height=\"345\" src=\"https:\/\/www.hoteldoge.net\/wp-content\/uploads\/2020\/01\/nordic-walking-anteprima.jpg\" class=\"attachment-large size-large\" alt=\"\" srcset=\"https:\/\/www.hoteldoge.net\/wp-content\/uploads\/2020\/01\/nordic-walking-anteprima.jpg 500w, https:\/\/www.hoteldoge.net\/wp-content\/uploads\/2020\/01\/nordic-walking-anteprima-300x207.jpg 300w\" sizes=\"auto, (max-width: 500px) 100vw, 500px\" \/><\/div><div class=\"w-vwrapper usg_vwrapper_1 align_center valign_middle\"><h2 class=\"w-post-elm post_title usg_post_title_1 has_text_color entry-title color_link_inherit\">nordic-walking-anteprima<\/h2><\/div>\t\t<\/div>\n\t\t\t<\/article>\n<\/div><div class=\"w-grid-preloader\">\t<div class=\"g-preloader type_1\">\n\t\t<div><\/div>\n\t<\/div>\n\t<\/div>\t<div class=\"w-grid-json hidden\" onclick='return {&quot;action&quot;:&quot;us_ajax_grid&quot;,&quot;infinite_scroll&quot;:0,&quot;max_num_pages&quot;:1,&quot;pagination&quot;:&quot;none&quot;,&quot;template_vars&quot;:{&quot;columns&quot;:&quot;2&quot;,&quot;exclude_items&quot;:&quot;none&quot;,&quot;img_size&quot;:&quot;default&quot;,&quot;ignore_items_size&quot;:0,&quot;items_layout&quot;:&quot;portfolio_3&quot;,&quot;items_offset&quot;:&quot;1&quot;,&quot;load_animation&quot;:&quot;none&quot;,&quot;overriding_link&quot;:&quot;%7B%22type%22%3A%22popup_image%22%7D&quot;,&quot;post_id&quot;:0,&quot;query_args&quot;:{&quot;post_type&quot;:[&quot;attachment&quot;],&quot;post__in&quot;:[&quot;1616&quot;,&quot;1621&quot;,&quot;1631&quot;,&quot;1626&quot;,&quot;1475&quot;,&quot;1485&quot;,&quot;1441&quot;,&quot;1436&quot;],&quot;post_status&quot;:&quot;inherit&quot;,&quot;post_mime_type&quot;:&quot;image&quot;,&quot;posts_per_page&quot;:&quot;10&quot;},&quot;orderby_query_args&quot;:{&quot;orderby&quot;:{&quot;date&quot;:&quot;DESC&quot;}},&quot;type&quot;:&quot;masonry&quot;,&quot;us_grid_post_type&quot;:&quot;attachment&quot;,&quot;us_grid_ajax_index&quot;:1,&quot;us_grid_filter_query_string&quot;:null,&quot;us_grid_index&quot;:1,&quot;page_args&quot;:[],&quot;lang&quot;:&quot;hu&quot;}}'><\/div>\n\t<\/div><\/div><\/div><\/div><\/div><\/div><\/section>\n","protected":false},"excerpt":{"rendered":"","protected":false},"author":1,"featured_media":0,"parent":0,"menu_order":0,"comment_status":"closed","ping_status":"closed","template":"","meta":{"footnotes":""},"class_list":["post-2195","page","type-page","status-publish","hentry"],"yoast_head":"<!-- This site is optimized with the Yoast SEO plugin v26.5 - https:\/\/yoast.com\/wordpress\/plugins\/seo\/ -->\n<title>Hotel Rimini Parkok all inclusive ajanlat<\/title>\n<meta name=\"description\" content=\"Park Riviera Romagnola \u00e8s Hotel all inclusive aj\u00e0nlat.1 h\u00e8t sz\u00e0ll\u00e0s a 3 csillagos hotelben plussz bel\u00e8p? az egyik parkba v\u00e0laszt\u00e0s szerint: Mirabilandia, Oltremare, Acquafan, Italia in Miniatura.\" \/>\n<meta name=\"robots\" content=\"index, follow, max-snippet:-1, max-image-preview:large, max-video-preview:-1\" \/>\n<link rel=\"canonical\" href=\"https:\/\/www.hoteldoge.net\/hu\/hotel-rimini-parkok-all-inclusive-ajanlat\/\" \/>\n<meta property=\"og:locale\" content=\"hu_HU\" \/>\n<meta property=\"og:type\" content=\"article\" \/>\n<meta property=\"og:title\" content=\"Hotel Rimini Parkok all inclusive ajanlat\" \/>\n<meta property=\"og:description\" content=\"Park Riviera Romagnola \u00e8s Hotel all inclusive aj\u00e0nlat.1 h\u00e8t sz\u00e0ll\u00e0s a 3 csillagos hotelben plussz bel\u00e8p? az egyik parkba v\u00e0laszt\u00e0s szerint: Mirabilandia, Oltremare, Acquafan, Italia in Miniatura.\" \/>\n<meta property=\"og:url\" content=\"https:\/\/www.hoteldoge.net\/hu\/hotel-rimini-parkok-all-inclusive-ajanlat\/\" \/>\n<meta property=\"og:site_name\" content=\"Hotel Doge Torre Pedrera\" \/>\n<meta property=\"article:modified_time\" content=\"2020-03-05T09:55:49+00:00\" \/>\n<meta name=\"twitter:card\" content=\"summary_large_image\" \/>\n<meta name=\"twitter:label1\" content=\"Becs\u00fclt olvas\u00e1si id\u0151\" \/>\n\t<meta name=\"twitter:data1\" content=\"2 perc\" \/>\n<script type=\"application\/ld+json\" class=\"yoast-schema-graph\">{\"@context\":\"https:\/\/schema.org\",\"@graph\":[{\"@type\":\"WebPage\",\"@id\":\"https:\/\/www.hoteldoge.net\/hu\/hotel-rimini-parkok-all-inclusive-ajanlat\/\",\"url\":\"https:\/\/www.hoteldoge.net\/hu\/hotel-rimini-parkok-all-inclusive-ajanlat\/\",\"name\":\"Hotel Rimini Parkok all inclusive ajanlat\",\"isPartOf\":{\"@id\":\"https:\/\/www.hoteldoge.net\/de\/#website\"},\"datePublished\":\"2020-02-21T10:24:06+00:00\",\"dateModified\":\"2020-03-05T09:55:49+00:00\",\"description\":\"Park Riviera Romagnola \u00e8s Hotel all inclusive aj\u00e0nlat.1 h\u00e8t sz\u00e0ll\u00e0s a 3 csillagos hotelben plussz bel\u00e8p? az egyik parkba v\u00e0laszt\u00e0s szerint: Mirabilandia, Oltremare, Acquafan, Italia in Miniatura.\",\"breadcrumb\":{\"@id\":\"https:\/\/www.hoteldoge.net\/hu\/hotel-rimini-parkok-all-inclusive-ajanlat\/#breadcrumb\"},\"inLanguage\":\"hu\",\"potentialAction\":[{\"@type\":\"ReadAction\",\"target\":[\"https:\/\/www.hoteldoge.net\/hu\/hotel-rimini-parkok-all-inclusive-ajanlat\/\"]}]},{\"@type\":\"BreadcrumbList\",\"@id\":\"https:\/\/www.hoteldoge.net\/hu\/hotel-rimini-parkok-all-inclusive-ajanlat\/#breadcrumb\",\"itemListElement\":[{\"@type\":\"ListItem\",\"position\":1,\"name\":\"Home\",\"item\":\"https:\/\/www.hoteldoge.net\/it\/\"},{\"@type\":\"ListItem\",\"position\":2,\"name\":\"Hotel Rimini Parkok all inclusive ajanlat\"}]},{\"@type\":\"WebSite\",\"@id\":\"https:\/\/www.hoteldoge.net\/de\/#website\",\"url\":\"https:\/\/www.hoteldoge.net\/de\/\",\"name\":\"Hotel Doge Torre Pedrera\",\"description\":\"Hotel 3 stelle Torre Pedrera All inclusive con Piscina e Spiaggia\",\"potentialAction\":[{\"@type\":\"SearchAction\",\"target\":{\"@type\":\"EntryPoint\",\"urlTemplate\":\"https:\/\/www.hoteldoge.net\/de\/?s={search_term_string}\"},\"query-input\":{\"@type\":\"PropertyValueSpecification\",\"valueRequired\":true,\"valueName\":\"search_term_string\"}}],\"inLanguage\":\"hu\"}]}<\/script>\n<!-- \/ Yoast SEO plugin. -->","yoast_head_json":{"title":"Hotel Rimini Parkok all inclusive ajanlat","description":"Park Riviera Romagnola \u00e8s Hotel all inclusive aj\u00e0nlat.1 h\u00e8t sz\u00e0ll\u00e0s a 3 csillagos hotelben plussz bel\u00e8p? az egyik parkba v\u00e0laszt\u00e0s szerint: Mirabilandia, Oltremare, Acquafan, Italia in Miniatura.","robots":{"index":"index","follow":"follow","max-snippet":"max-snippet:-1","max-image-preview":"max-image-preview:large","max-video-preview":"max-video-preview:-1"},"canonical":"https:\/\/www.hoteldoge.net\/hu\/hotel-rimini-parkok-all-inclusive-ajanlat\/","og_locale":"hu_HU","og_type":"article","og_title":"Hotel Rimini Parkok all inclusive ajanlat","og_description":"Park Riviera Romagnola \u00e8s Hotel all inclusive aj\u00e0nlat.1 h\u00e8t sz\u00e0ll\u00e0s a 3 csillagos hotelben plussz bel\u00e8p? az egyik parkba v\u00e0laszt\u00e0s szerint: Mirabilandia, Oltremare, Acquafan, Italia in Miniatura.","og_url":"https:\/\/www.hoteldoge.net\/hu\/hotel-rimini-parkok-all-inclusive-ajanlat\/","og_site_name":"Hotel Doge Torre Pedrera","article_modified_time":"2020-03-05T09:55:49+00:00","twitter_card":"summary_large_image","twitter_misc":{"Becs\u00fclt olvas\u00e1si id\u0151":"2 perc"},"schema":{"@context":"https:\/\/schema.org","@graph":[{"@type":"WebPage","@id":"https:\/\/www.hoteldoge.net\/hu\/hotel-rimini-parkok-all-inclusive-ajanlat\/","url":"https:\/\/www.hoteldoge.net\/hu\/hotel-rimini-parkok-all-inclusive-ajanlat\/","name":"Hotel Rimini Parkok all inclusive ajanlat","isPartOf":{"@id":"https:\/\/www.hoteldoge.net\/de\/#website"},"datePublished":"2020-02-21T10:24:06+00:00","dateModified":"2020-03-05T09:55:49+00:00","description":"Park Riviera Romagnola \u00e8s Hotel all inclusive aj\u00e0nlat.1 h\u00e8t sz\u00e0ll\u00e0s a 3 csillagos hotelben plussz bel\u00e8p? az egyik parkba v\u00e0laszt\u00e0s szerint: Mirabilandia, Oltremare, Acquafan, Italia in Miniatura.","breadcrumb":{"@id":"https:\/\/www.hoteldoge.net\/hu\/hotel-rimini-parkok-all-inclusive-ajanlat\/#breadcrumb"},"inLanguage":"hu","potentialAction":[{"@type":"ReadAction","target":["https:\/\/www.hoteldoge.net\/hu\/hotel-rimini-parkok-all-inclusive-ajanlat\/"]}]},{"@type":"BreadcrumbList","@id":"https:\/\/www.hoteldoge.net\/hu\/hotel-rimini-parkok-all-inclusive-ajanlat\/#breadcrumb","itemListElement":[{"@type":"ListItem","position":1,"name":"Home","item":"https:\/\/www.hoteldoge.net\/it\/"},{"@type":"ListItem","position":2,"name":"Hotel Rimini Parkok all inclusive ajanlat"}]},{"@type":"WebSite","@id":"https:\/\/www.hoteldoge.net\/de\/#website","url":"https:\/\/www.hoteldoge.net\/de\/","name":"Hotel Doge Torre Pedrera","description":"Hotel 3 stelle Torre Pedrera All inclusive con Piscina e Spiaggia","potentialAction":[{"@type":"SearchAction","target":{"@type":"EntryPoint","urlTemplate":"https:\/\/www.hoteldoge.net\/de\/?s={search_term_string}"},"query-input":{"@type":"PropertyValueSpecification","valueRequired":true,"valueName":"search_term_string"}}],"inLanguage":"hu"}]}},"_links":{"self":[{"href":"https:\/\/www.hoteldoge.net\/hu\/wp-json\/wp\/v2\/pages\/2195","targetHints":{"allow":["GET"]}}],"collection":[{"href":"https:\/\/www.hoteldoge.net\/hu\/wp-json\/wp\/v2\/pages"}],"about":[{"href":"https:\/\/www.hoteldoge.net\/hu\/wp-json\/wp\/v2\/types\/page"}],"author":[{"embeddable":true,"href":"https:\/\/www.hoteldoge.net\/hu\/wp-json\/wp\/v2\/users\/1"}],"replies":[{"embeddable":true,"href":"https:\/\/www.hoteldoge.net\/hu\/wp-json\/wp\/v2\/comments?post=2195"}],"version-history":[{"count":7,"href":"https:\/\/www.hoteldoge.net\/hu\/wp-json\/wp\/v2\/pages\/2195\/revisions"}],"predecessor-version":[{"id":2614,"href":"https:\/\/www.hoteldoge.net\/hu\/wp-json\/wp\/v2\/pages\/2195\/revisions\/2614"}],"wp:attachment":[{"href":"https:\/\/www.hoteldoge.net\/hu\/wp-json\/wp\/v2\/media?parent=2195"}],"curies":[{"name":"wp","href":"https:\/\/api.w.org\/{rel}","templated":true}]}}