{"id":2175,"date":"2020-02-20T19:42:56","date_gmt":"2020-02-20T18:42:56","guid":{"rendered":"https:\/\/www.hroyal.it\/?page_id=2175"},"modified":"2026-02-04T13:09:20","modified_gmt":"2026-02-04T12:09:20","slug":"gyerek-jatszo-szoba-hotel-rimini","status":"publish","type":"page","link":"https:\/\/www.hoteldoge.net\/hu\/gyerek-jatszo-szoba-hotel-rimini\/","title":{"rendered":"gyerek jatszo szoba Hotel Rimini"},"content":{"rendered":"<section class=\"l-section wpb_row us_custom_33fe73d0 height_huge width_full\"><div class=\"l-section-h i-cf\"><div class=\"g-cols vc_row via_flex valign_top type_default stacking_default\"><div class=\"vc_col-sm-12 wpb_column vc_column_container\"><div class=\"vc_column-inner\"><div class=\"wpb_wrapper\">\n\t\t\t<!-- START prezzi REVOLUTION SLIDER 6.7.37 --><p class=\"rs-p-wp-fix\"><\/p>\n\t\t\t<rs-module-wrap id=\"rev_slider_11_1_wrapper\" data-source=\"gallery\" style=\"visibility:hidden;background:transparent;padding:0;margin:0px auto;margin-top:0;margin-bottom:0;\">\n\t\t\t\t<rs-module id=\"rev_slider_11_1\" style=\"\" data-version=\"6.7.37\">\n\t\t\t\t\t<rs-slides style=\"overflow: hidden; position: absolute;\">\n\t\t\t\t\t\t<rs-slide style=\"position: absolute;\" data-key=\"rs-16\" data-title=\"Slide\" data-thumb=\"\/\/www.hoteldoge.net\/wp-content\/uploads\/2019\/12\/hall4-hoteldoge.jpg\" data-anim=\"ms:1000;r:0;\" data-in=\"o:0;\" data-out=\"a:false;\">\n\t\t\t\t\t\t\t<img decoding=\"async\" src=\"\/\/www.hoteldoge.net\/wp-content\/plugins\/revslider\/sr6\/assets\/assets\/dummy.png\" alt=\"\" title=\"hall4-hoteldoge\" width=\"1920\" height=\"1050\" class=\"rev-slidebg tp-rs-img rs-lazyload\" data-lazyload=\"\/\/www.hoteldoge.net\/wp-content\/uploads\/2019\/12\/hall4-hoteldoge.jpg\" data-bg=\"p:center bottom;\" data-no-retina>\n<!---->\t\t\t\t\t<\/rs-slide>\n\t\t\t\t\t\t<rs-slide style=\"position: absolute;\" data-key=\"rs-32\" data-title=\"Slide\" data-thumb=\"\/\/www.hoteldoge.net\/wp-content\/uploads\/2021\/07\/camera-doge-vista-mare_DSC6992.jpg\" data-anim=\"ms:1000;r:0;\" data-in=\"o:0;\" data-out=\"a:false;\">\n\t\t\t\t\t\t\t<img decoding=\"async\" src=\"\/\/www.hoteldoge.net\/wp-content\/plugins\/revslider\/sr6\/assets\/assets\/dummy.png\" alt=\"\" title=\"camera-doge-vista-mare_DSC6992\" width=\"1920\" height=\"1197\" class=\"rev-slidebg tp-rs-img rs-lazyload\" data-lazyload=\"\/\/www.hoteldoge.net\/wp-content\/uploads\/2021\/07\/camera-doge-vista-mare_DSC6992.jpg\" data-bg=\"p:center bottom;\" data-no-retina>\n<!---->\t\t\t\t\t<\/rs-slide>\n\t\t\t\t\t\t<rs-slide style=\"position: absolute;\" data-key=\"rs-33\" data-title=\"Slide\" data-thumb=\"\/\/www.hoteldoge.net\/wp-content\/uploads\/2021\/07\/lungomare-serale-torre-pedrera-doge_DSC6863.jpg\" data-anim=\"ms:1000;r:0;\" data-in=\"o:0;\" data-out=\"a:false;\">\n\t\t\t\t\t\t\t<img decoding=\"async\" src=\"\/\/www.hoteldoge.net\/wp-content\/plugins\/revslider\/sr6\/assets\/assets\/dummy.png\" alt=\"\" title=\"lungomare-serale-torre-pedrera-doge_DSC6863\" width=\"2400\" height=\"1075\" class=\"rev-slidebg tp-rs-img rs-lazyload\" data-lazyload=\"\/\/www.hoteldoge.net\/wp-content\/uploads\/2021\/07\/lungomare-serale-torre-pedrera-doge_DSC6863.jpg\" data-bg=\"p:center bottom;\" data-no-retina>\n<!---->\t\t\t\t\t<\/rs-slide>\n\t\t\t\t\t\t<rs-slide style=\"position: absolute;\" data-key=\"rs-21\" data-title=\"Slide\" data-thumb=\"\/\/www.hoteldoge.net\/wp-content\/uploads\/2019\/12\/camera-confort-home-1.jpg\" data-anim=\"ms:1000;r:0;\" data-in=\"o:0;\" data-out=\"a:false;\">\n\t\t\t\t\t\t\t<img decoding=\"async\" src=\"\/\/www.hoteldoge.net\/wp-content\/plugins\/revslider\/sr6\/assets\/assets\/dummy.png\" alt=\"\" title=\"camera-confort-home\" width=\"1920\" height=\"1050\" class=\"rev-slidebg tp-rs-img rs-lazyload\" data-lazyload=\"\/\/www.hoteldoge.net\/wp-content\/uploads\/2019\/12\/camera-confort-home-1.jpg\" data-bg=\"p:center bottom;\" data-no-retina>\n<!---->\t\t\t\t\t<\/rs-slide>\n\t\t\t\t\t<\/rs-slides>\n\t\t\t\t<\/rs-module>\n\t\t\t\t<script>\n\t\t\t\t\tsetREVStartSize({c: 'rev_slider_11_1',rl:[1240,1024,778,480],el:[900],gw:[1240],gh:[900],type:'standard',justify:'',layout:'fullwidth',mh:\"0\"});if (window.RS_MODULES!==undefined && window.RS_MODULES.modules!==undefined && window.RS_MODULES.modules[\"revslider111\"]!==undefined) {window.RS_MODULES.modules[\"revslider111\"].once = false;window.revapi11 = undefined;if (window.RS_MODULES.checkMinimal!==undefined) window.RS_MODULES.checkMinimal()}\n\t\t\t\t<\/script>\n\t\t\t<\/rs-module-wrap>\n\t\t\t<!-- END REVOLUTION SLIDER -->\n<\/div><\/div><\/div><\/div><\/div><\/section><section class=\"l-section wpb_row height_medium\"><div class=\"l-section-h i-cf\"><div class=\"g-cols vc_row via_flex valign_middle type_default stacking_default\"><div class=\"vc_col-sm-12 wpb_column vc_column_container\"><div class=\"vc_column-inner\"><div class=\"wpb_wrapper\"><div class=\"wpb_text_column\"><div class=\"wpb_wrapper\"><h1 style=\"text-align: center; font-size: 250%;\">A f\u00e9lpanzi\u00f3s all inclusive \u00e1rak<\/h1>\n<\/div><\/div><div class=\"w-separator size_medium\"><\/div><div class=\"wpb_text_column\"><div class=\"wpb_wrapper\"><p>A f\u00e9lpanzi\u00f3s all inclusive \u00e1rak egy f\u0151\/napra \u00e9rtend\u0151k \u00e9s az al\u00e1bbi szolg\u00e1ltat\u00e1sokat tartalmazz\u00e1k:<\/p>\n<ul>\n<li>\ud83c\udf7d\ufe0f F\u00e9lpanzi\u00f3s ell\u00e1t\u00e1s (tart\u00f3zkod\u00e1s + reggeli + vacsora)<\/li>\n<li>\u26f1\ufe0f naperny\u0151 \u00e9s k\u00e9t nap\u00e1gy szob\u00e1nk\u00e9nt, a Bela Burdella strandon<\/li>\n<li>\ud83e\uddfa strandt\u00f6r\u00f6lk\u00f6z\u0151<\/li>\n<li>\ud83e\udd50 b\u0151s\u00e9ges, nemzetk\u00f6zi reggeli 10:00-ig<\/li>\n<li>\ud83c\udf7d\ufe0f vacsora v\u00e1laszthat\u00f3 men\u00fcvel, b\u00fcf\u00e9s el\u0151\u00e9tel-, z\u00f6lds\u00e9g-, \u00e9s gy\u00fcm\u00f6lcs v\u00e1laszt\u00e9kkal<\/li>\n<li>\ud83e\udd64 \u00e1sv\u00e1nyv\u00edz, bor, s\u00f6r \u00e9s alkoholmentes \u00fcd\u00edt\u0151 a fog\u00e1sokhoz<\/li>\n<li>\ud83d\ude97\ud83c\udfca parkol\u00f3 \u00e9s medence<\/li>\n<li>\ud83d\udcfa\ud83d\udd10\u2744\ufe0f\ud83d\udcf6 TV a szob\u00e1ban, sz\u00e9f, l\u00e9gkondicion\u00e1l\u00f3, Wi-Fi<\/li>\n<li>\u274c nem tartalmazz\u00e1k az egy\u00e9b b\u00e1r-, \u00e9ttermi-, \u00e9s strandszolg\u00e1ltat\u00e1sokat<\/li>\n<li>\ud83d\udcb6\u274c nem tartalmazz\u00e1k az idegenforgalmi ad\u00f3t (2,50\u20ac \/f\u0151\/nap az els\u0151 h\u00e9t napra, \u2013 a gyermekek 14 \u00e9ves korig idegenforgalmi ad\u00f3mentesek<\/li>\n<li>\ud83d\udcc5 minim\u00e1lis \u00fcd\u00fcl\u00e9si id\u0151 7 \u00e9jszaka<\/li>\n<\/ul>\n<\/div><\/div><div class=\"w-btn-wrapper align_center\"><a class=\"w-btn us-btn-style_2\" href=\"https:\/\/www.hoteldoge.net\/hu\/elerhetoseg\/\"><span class=\"w-btn-label\">K\u00e8rjen r\u00f6gt\u00f6n r\u00e8szletes inform\u00e0ci\u00f2t<\/span><\/a><\/div><div class=\"w-separator size_medium\"><\/div><div class=\"wpb_text_column\"><div class=\"wpb_wrapper\"><p><strong>\ud83d\ude97 Parkol\u00e1s<\/strong><\/p>\n<ul>\n<li><strong>3 napig tart\u00f3 tart\u00f3zkod\u00e1s eset\u00e9n<\/strong>: a parkol\u00e1s d\u00edja 10 eur\u00f3 \/ nap, a szabad helyek f\u00fcggv\u00e9ny\u00e9ben.<\/li>\n<li><strong>4 napos vagy hosszabb tart\u00f3zkod\u00e1s eset\u00e9n<\/strong>: a parkol\u00e1s <span style=\"text-decoration: underline;\"><strong>BENNE FOGLALTATIK<\/strong><\/span>.<\/li>\n<\/ul>\n<\/div><\/div><\/div><\/div><\/div><div class=\"vc_col-sm-12 wpb_column vc_column_container\"><div class=\"vc_column-inner\"><div class=\"wpb_wrapper\"><\/div><\/div><\/div><\/div><\/div><\/section><section class=\"l-section wpb_row height_medium\"><div class=\"l-section-h i-cf\"><div class=\"g-cols vc_row via_flex valign_top type_default stacking_default\"><div class=\"vc_col-sm-12 wpb_column vc_column_container\"><div class=\"vc_column-inner\"><div class=\"wpb_wrapper\"><div class=\"g-cols wpb_row via_flex valign_top type_default stacking_default\"><div class=\"vc_col-sm-8 wpb_column vc_column_container\"><div class=\"vc_column-inner\"><div class=\"wpb_wrapper\"><div class=\"w-actionbox color_primary controls_bottom\"><div class=\"w-actionbox-text\"><h2 class=\"w-actionbox-title\">Fedezze fel a kedvezm\u00e9nyeket a csal\u00e1dok sz\u00e1m\u00e1ra<\/h2><\/div><div class=\"w-actionbox-controls\"><a class=\"w-btn us-btn-style_1\" href=\"https:\/\/www.hoteldoge.net\/hu\/gyerek-kedvezmenyek-hotel-rimini\/\"><span class=\"w-btn-label\">gyermekek ingyen<\/span><\/a><\/div><\/div><\/div><\/div><\/div><div class=\"vc_col-sm-4 wpb_column vc_column_container\"><div class=\"vc_column-inner\"><div class=\"wpb_wrapper\"><div class=\"w-image style_shadow-1 align_none\"><div class=\"w-image-h\"><img decoding=\"async\" width=\"1024\" height=\"438\" src=\"https:\/\/www.hoteldoge.net\/wp-content\/uploads\/2019\/12\/bimbi-scontati-1024x438.jpg\" class=\"attachment-large size-large\" alt=\"\" loading=\"lazy\" srcset=\"https:\/\/www.hoteldoge.net\/wp-content\/uploads\/2019\/12\/bimbi-scontati-1024x438.jpg 1024w, https:\/\/www.hoteldoge.net\/wp-content\/uploads\/2019\/12\/bimbi-scontati-300x128.jpg 300w, https:\/\/www.hoteldoge.net\/wp-content\/uploads\/2019\/12\/bimbi-scontati.jpg 1501w\" sizes=\"auto, (max-width: 1024px) 100vw, 1024px\" \/><\/div><\/div><\/div><\/div><\/div><\/div><\/div><\/div><\/div><\/div><\/div><\/section>\n","protected":false},"excerpt":{"rendered":"A f\u00e9lpanzi\u00f3s all inclusive \u00e1rak A f\u00e9lpanzi\u00f3s all inclusive \u00e1rak egy f\u0151\/napra \u00e9rtend\u0151k \u00e9s az al\u00e1bbi szolg\u00e1ltat\u00e1sokat tartalmazz\u00e1k: \ud83c\udf7d\ufe0f F\u00e9lpanzi\u00f3s ell\u00e1t\u00e1s (tart\u00f3zkod\u00e1s + reggeli + vacsora) \u26f1\ufe0f naperny\u0151 \u00e9s k\u00e9t nap\u00e1gy szob\u00e1nk\u00e9nt, a Bela Burdella strandon \ud83e\uddfa strandt\u00f6r\u00f6lk\u00f6z\u0151 \ud83e\udd50 b\u0151s\u00e9ges, nemzetk\u00f6zi reggeli 10:00-ig \ud83c\udf7d\ufe0f vacsora v\u00e1laszthat\u00f3 men\u00fcvel, b\u00fcf\u00e9s el\u0151\u00e9tel-, z\u00f6lds\u00e9g-, \u00e9s gy\u00fcm\u00f6lcs v\u00e1laszt\u00e9kkal \ud83e\udd64 \u00e1sv\u00e1nyv\u00edz,...","protected":false},"author":1,"featured_media":0,"parent":0,"menu_order":0,"comment_status":"closed","ping_status":"closed","template":"","meta":{"footnotes":""},"class_list":["post-2175","page","type-page","status-publish","hentry"],"yoast_head":"<!-- This site is optimized with the Yoast SEO plugin v26.5 - https:\/\/yoast.com\/wordpress\/plugins\/seo\/ -->\n<title>\u00c1rak \u00e8s szolg\u00e0ltat\u00e0sok Hotel Doge all inclusive Rimini tengerpartj\u00e0n.<\/title>\n<meta name=\"description\" content=\"\u00c1rak \u00e8s szolg\u00e0ltat\u00e0sok Hotel Doge all inclusive Rimini Torre Pedrera tengerpartj\u00e0n. Az All inclusive mag\u00e0ban foglalja a teljes ell\u00e0t\u00e0st, italokat az \u00e8tkez\u00e8sekn\u00e8l, A bela Burdela strandot, uszod\u00e0t.\u00c1r lista, All inclusive hetek, csal\u00e0di aj\u00e0nlatok gyerekek gr\u00e0tisz vagy % engedm\u00e8nnyel, Early Booking.\" \/>\n<meta name=\"robots\" content=\"index, follow, max-snippet:-1, max-image-preview:large, max-video-preview:-1\" \/>\n<link rel=\"canonical\" href=\"https:\/\/www.hoteldoge.net\/hu\/gyerek-jatszo-szoba-hotel-rimini\/\" \/>\n<meta property=\"og:locale\" content=\"hu_HU\" \/>\n<meta property=\"og:type\" content=\"article\" \/>\n<meta property=\"og:title\" content=\"\u00c1rak \u00e8s szolg\u00e0ltat\u00e0sok Hotel Doge all inclusive Rimini tengerpartj\u00e0n.\" \/>\n<meta property=\"og:description\" content=\"\u00c1rak \u00e8s szolg\u00e0ltat\u00e0sok Hotel Doge all inclusive Rimini Torre Pedrera tengerpartj\u00e0n. Az All inclusive mag\u00e0ban foglalja a teljes ell\u00e0t\u00e0st, italokat az \u00e8tkez\u00e8sekn\u00e8l, A bela Burdela strandot, uszod\u00e0t.\u00c1r lista, All inclusive hetek, csal\u00e0di aj\u00e0nlatok gyerekek gr\u00e0tisz vagy % engedm\u00e8nnyel, Early Booking.\" \/>\n<meta property=\"og:url\" content=\"https:\/\/www.hoteldoge.net\/hu\/gyerek-jatszo-szoba-hotel-rimini\/\" \/>\n<meta property=\"og:site_name\" content=\"Hotel Doge Torre Pedrera\" \/>\n<meta property=\"article:modified_time\" content=\"2026-02-04T12:09:20+00:00\" \/>\n<meta name=\"twitter:card\" content=\"summary_large_image\" \/>\n<meta name=\"twitter:label1\" content=\"Becs\u00fclt olvas\u00e1si id\u0151\" \/>\n\t<meta name=\"twitter:data1\" content=\"2 perc\" \/>\n<script type=\"application\/ld+json\" class=\"yoast-schema-graph\">{\"@context\":\"https:\/\/schema.org\",\"@graph\":[{\"@type\":\"WebPage\",\"@id\":\"https:\/\/www.hoteldoge.net\/hu\/gyerek-jatszo-szoba-hotel-rimini\/\",\"url\":\"https:\/\/www.hoteldoge.net\/hu\/gyerek-jatszo-szoba-hotel-rimini\/\",\"name\":\"\u00c1rak \u00e8s szolg\u00e0ltat\u00e0sok Hotel Doge all inclusive Rimini tengerpartj\u00e0n.\",\"isPartOf\":{\"@id\":\"https:\/\/www.hoteldoge.net\/de\/#website\"},\"datePublished\":\"2020-02-20T18:42:56+00:00\",\"dateModified\":\"2026-02-04T12:09:20+00:00\",\"description\":\"\u00c1rak \u00e8s szolg\u00e0ltat\u00e0sok Hotel Doge all inclusive Rimini Torre Pedrera tengerpartj\u00e0n. Az All inclusive mag\u00e0ban foglalja a teljes ell\u00e0t\u00e0st, italokat az \u00e8tkez\u00e8sekn\u00e8l, A bela Burdela strandot, uszod\u00e0t.\u00c1r lista, All inclusive hetek, csal\u00e0di aj\u00e0nlatok gyerekek gr\u00e0tisz vagy % engedm\u00e8nnyel, Early Booking.\",\"breadcrumb\":{\"@id\":\"https:\/\/www.hoteldoge.net\/hu\/gyerek-jatszo-szoba-hotel-rimini\/#breadcrumb\"},\"inLanguage\":\"hu\",\"potentialAction\":[{\"@type\":\"ReadAction\",\"target\":[\"https:\/\/www.hoteldoge.net\/hu\/gyerek-jatszo-szoba-hotel-rimini\/\"]}]},{\"@type\":\"BreadcrumbList\",\"@id\":\"https:\/\/www.hoteldoge.net\/hu\/gyerek-jatszo-szoba-hotel-rimini\/#breadcrumb\",\"itemListElement\":[{\"@type\":\"ListItem\",\"position\":1,\"name\":\"Home\",\"item\":\"https:\/\/www.hoteldoge.net\/it\/\"},{\"@type\":\"ListItem\",\"position\":2,\"name\":\"gyerek jatszo szoba Hotel Rimini\"}]},{\"@type\":\"WebSite\",\"@id\":\"https:\/\/www.hoteldoge.net\/de\/#website\",\"url\":\"https:\/\/www.hoteldoge.net\/de\/\",\"name\":\"Hotel Doge Torre Pedrera\",\"description\":\"Hotel 3 stelle Torre Pedrera All inclusive con Piscina e Spiaggia\",\"potentialAction\":[{\"@type\":\"SearchAction\",\"target\":{\"@type\":\"EntryPoint\",\"urlTemplate\":\"https:\/\/www.hoteldoge.net\/de\/?s={search_term_string}\"},\"query-input\":{\"@type\":\"PropertyValueSpecification\",\"valueRequired\":true,\"valueName\":\"search_term_string\"}}],\"inLanguage\":\"hu\"}]}<\/script>\n<!-- \/ Yoast SEO plugin. -->","yoast_head_json":{"title":"\u00c1rak \u00e8s szolg\u00e0ltat\u00e0sok Hotel Doge all inclusive Rimini tengerpartj\u00e0n.","description":"\u00c1rak \u00e8s szolg\u00e0ltat\u00e0sok Hotel Doge all inclusive Rimini Torre Pedrera tengerpartj\u00e0n. Az All inclusive mag\u00e0ban foglalja a teljes ell\u00e0t\u00e0st, italokat az \u00e8tkez\u00e8sekn\u00e8l, A bela Burdela strandot, uszod\u00e0t.\u00c1r lista, All inclusive hetek, csal\u00e0di aj\u00e0nlatok gyerekek gr\u00e0tisz vagy % engedm\u00e8nnyel, Early Booking.","robots":{"index":"index","follow":"follow","max-snippet":"max-snippet:-1","max-image-preview":"max-image-preview:large","max-video-preview":"max-video-preview:-1"},"canonical":"https:\/\/www.hoteldoge.net\/hu\/gyerek-jatszo-szoba-hotel-rimini\/","og_locale":"hu_HU","og_type":"article","og_title":"\u00c1rak \u00e8s szolg\u00e0ltat\u00e0sok Hotel Doge all inclusive Rimini tengerpartj\u00e0n.","og_description":"\u00c1rak \u00e8s szolg\u00e0ltat\u00e0sok Hotel Doge all inclusive Rimini Torre Pedrera tengerpartj\u00e0n. Az All inclusive mag\u00e0ban foglalja a teljes ell\u00e0t\u00e0st, italokat az \u00e8tkez\u00e8sekn\u00e8l, A bela Burdela strandot, uszod\u00e0t.\u00c1r lista, All inclusive hetek, csal\u00e0di aj\u00e0nlatok gyerekek gr\u00e0tisz vagy % engedm\u00e8nnyel, Early Booking.","og_url":"https:\/\/www.hoteldoge.net\/hu\/gyerek-jatszo-szoba-hotel-rimini\/","og_site_name":"Hotel Doge Torre Pedrera","article_modified_time":"2026-02-04T12:09:20+00:00","twitter_card":"summary_large_image","twitter_misc":{"Becs\u00fclt olvas\u00e1si id\u0151":"2 perc"},"schema":{"@context":"https:\/\/schema.org","@graph":[{"@type":"WebPage","@id":"https:\/\/www.hoteldoge.net\/hu\/gyerek-jatszo-szoba-hotel-rimini\/","url":"https:\/\/www.hoteldoge.net\/hu\/gyerek-jatszo-szoba-hotel-rimini\/","name":"\u00c1rak \u00e8s szolg\u00e0ltat\u00e0sok Hotel Doge all inclusive Rimini tengerpartj\u00e0n.","isPartOf":{"@id":"https:\/\/www.hoteldoge.net\/de\/#website"},"datePublished":"2020-02-20T18:42:56+00:00","dateModified":"2026-02-04T12:09:20+00:00","description":"\u00c1rak \u00e8s szolg\u00e0ltat\u00e0sok Hotel Doge all inclusive Rimini Torre Pedrera tengerpartj\u00e0n. Az All inclusive mag\u00e0ban foglalja a teljes ell\u00e0t\u00e0st, italokat az \u00e8tkez\u00e8sekn\u00e8l, A bela Burdela strandot, uszod\u00e0t.\u00c1r lista, All inclusive hetek, csal\u00e0di aj\u00e0nlatok gyerekek gr\u00e0tisz vagy % engedm\u00e8nnyel, Early Booking.","breadcrumb":{"@id":"https:\/\/www.hoteldoge.net\/hu\/gyerek-jatszo-szoba-hotel-rimini\/#breadcrumb"},"inLanguage":"hu","potentialAction":[{"@type":"ReadAction","target":["https:\/\/www.hoteldoge.net\/hu\/gyerek-jatszo-szoba-hotel-rimini\/"]}]},{"@type":"BreadcrumbList","@id":"https:\/\/www.hoteldoge.net\/hu\/gyerek-jatszo-szoba-hotel-rimini\/#breadcrumb","itemListElement":[{"@type":"ListItem","position":1,"name":"Home","item":"https:\/\/www.hoteldoge.net\/it\/"},{"@type":"ListItem","position":2,"name":"gyerek jatszo szoba Hotel Rimini"}]},{"@type":"WebSite","@id":"https:\/\/www.hoteldoge.net\/de\/#website","url":"https:\/\/www.hoteldoge.net\/de\/","name":"Hotel Doge Torre Pedrera","description":"Hotel 3 stelle Torre Pedrera All inclusive con Piscina e Spiaggia","potentialAction":[{"@type":"SearchAction","target":{"@type":"EntryPoint","urlTemplate":"https:\/\/www.hoteldoge.net\/de\/?s={search_term_string}"},"query-input":{"@type":"PropertyValueSpecification","valueRequired":true,"valueName":"search_term_string"}}],"inLanguage":"hu"}]}},"_links":{"self":[{"href":"https:\/\/www.hoteldoge.net\/hu\/wp-json\/wp\/v2\/pages\/2175","targetHints":{"allow":["GET"]}}],"collection":[{"href":"https:\/\/www.hoteldoge.net\/hu\/wp-json\/wp\/v2\/pages"}],"about":[{"href":"https:\/\/www.hoteldoge.net\/hu\/wp-json\/wp\/v2\/types\/page"}],"author":[{"embeddable":true,"href":"https:\/\/www.hoteldoge.net\/hu\/wp-json\/wp\/v2\/users\/1"}],"replies":[{"embeddable":true,"href":"https:\/\/www.hoteldoge.net\/hu\/wp-json\/wp\/v2\/comments?post=2175"}],"version-history":[{"count":21,"href":"https:\/\/www.hoteldoge.net\/hu\/wp-json\/wp\/v2\/pages\/2175\/revisions"}],"predecessor-version":[{"id":5298,"href":"https:\/\/www.hoteldoge.net\/hu\/wp-json\/wp\/v2\/pages\/2175\/revisions\/5298"}],"wp:attachment":[{"href":"https:\/\/www.hoteldoge.net\/hu\/wp-json\/wp\/v2\/media?parent=2175"}],"curies":[{"name":"wp","href":"https:\/\/api.w.org\/{rel}","templated":true}]}}