{"id":2168,"date":"2020-02-20T19:22:31","date_gmt":"2020-02-20T18:22:31","guid":{"rendered":"https:\/\/www.hroyal.it\/?page_id=2168"},"modified":"2026-02-04T12:48:54","modified_gmt":"2026-02-04T11:48:54","slug":"hotel-rimini-tengerre-nez-szobakkal","status":"publish","type":"page","link":"https:\/\/www.hoteldoge.net\/hu\/hotel-rimini-tengerre-nez-szobakkal\/","title":{"rendered":"Hotel Rimini tengerre n\u00e8z? szob\u00e0kkal, Adriasea szoba"},"content":{"rendered":"<section class=\"l-section wpb_row us_custom_33fe73d0 height_huge width_full\"><div class=\"l-section-h i-cf\"><div class=\"g-cols vc_row via_flex valign_top type_default stacking_default\"><div class=\"vc_col-sm-12 wpb_column vc_column_container\"><div class=\"vc_column-inner\"><div class=\"wpb_wrapper\">\n\t\t\t<!-- START cameraadriasea REVOLUTION SLIDER 6.7.37 --><p class=\"rs-p-wp-fix\"><\/p>\n\t\t\t<rs-module-wrap id=\"rev_slider_5_1_wrapper\" data-source=\"gallery\" style=\"visibility:hidden;background:transparent;padding:0;margin:0px auto;margin-top:0;margin-bottom:0;\">\n\t\t\t\t<rs-module id=\"rev_slider_5_1\" style=\"\" data-version=\"6.7.37\">\n\t\t\t\t\t<rs-slides style=\"overflow: hidden; position: absolute;\">\n\t\t\t\t\t\t<rs-slide style=\"position: absolute;\" data-key=\"rs-6\" data-title=\"Slide\" data-anim=\"ms:1000;r:0;\" data-in=\"o:0;\" data-out=\"a:false;\">\n\t\t\t\t\t\t\t<img decoding=\"async\" src=\"\/\/www.hoteldoge.net\/wp-content\/plugins\/revslider\/sr6\/assets\/assets\/dummy.png\" alt=\"\" title=\"camera-doge-vista-mare_DSC6992\" width=\"1920\" height=\"1197\" class=\"rev-slidebg tp-rs-img rs-lazyload\" data-lazyload=\"\/\/www.hoteldoge.net\/wp-content\/uploads\/2021\/07\/camera-doge-vista-mare_DSC6992.jpg\" data-bg=\"p:center bottom;\" data-no-retina>\n<!---->\t\t\t\t\t<\/rs-slide>\n\t\t\t\t\t\t<rs-slide style=\"position: absolute;\" data-key=\"rs-29\" data-title=\"Slide\" data-anim=\"ms:1000;r:0;\" data-in=\"o:0;\" data-out=\"a:false;\">\n\t\t\t\t\t\t\t<img decoding=\"async\" src=\"\/\/www.hoteldoge.net\/wp-content\/plugins\/revslider\/sr6\/assets\/assets\/dummy.png\" alt=\"\" title=\"camera-doge-vista-mare_DSC6961\" width=\"1920\" height=\"1280\" class=\"rev-slidebg tp-rs-img rs-lazyload\" data-lazyload=\"\/\/www.hoteldoge.net\/wp-content\/uploads\/2021\/07\/camera-doge-vista-mare_DSC6961-1.jpg\" data-bg=\"p:center bottom;\" data-no-retina>\n<!---->\t\t\t\t\t<\/rs-slide>\n\t\t\t\t\t\t<rs-slide style=\"position: absolute;\" data-key=\"rs-30\" data-title=\"Slide\" data-anim=\"ms:1000;r:0;\" data-in=\"o:0;\" data-out=\"a:false;\">\n\t\t\t\t\t\t\t<img decoding=\"async\" src=\"\/\/www.hoteldoge.net\/wp-content\/plugins\/revslider\/sr6\/assets\/assets\/dummy.png\" alt=\"\" title=\"camera-doge-vista-mare_DSC6975\" width=\"1920\" height=\"1124\" class=\"rev-slidebg tp-rs-img rs-lazyload\" data-lazyload=\"\/\/www.hoteldoge.net\/wp-content\/uploads\/2021\/07\/camera-doge-vista-mare_DSC6975.jpg\" data-bg=\"p:center bottom;\" data-no-retina>\n<!---->\t\t\t\t\t<\/rs-slide>\n\t\t\t\t\t<\/rs-slides>\n\t\t\t\t<\/rs-module>\n\t\t\t\t<script>\n\t\t\t\t\tsetREVStartSize({c: 'rev_slider_5_1',rl:[1240,1024,778,480],el:[900],gw:[1240],gh:[900],type:'standard',justify:'',layout:'fullwidth',mh:\"0\"});if (window.RS_MODULES!==undefined && window.RS_MODULES.modules!==undefined && window.RS_MODULES.modules[\"revslider51\"]!==undefined) {window.RS_MODULES.modules[\"revslider51\"].once = false;window.revapi5 = undefined;if (window.RS_MODULES.checkMinimal!==undefined) window.RS_MODULES.checkMinimal()}\n\t\t\t\t<\/script>\n\t\t\t<\/rs-module-wrap>\n\t\t\t<!-- END REVOLUTION SLIDER -->\n<\/div><\/div><\/div><\/div><\/div><\/section><section class=\"l-section wpb_row height_medium\"><div class=\"l-section-h i-cf\"><div class=\"g-cols vc_row via_flex valign_middle type_default stacking_default\"><div class=\"vc_col-sm-6 wpb_column vc_column_container\"><div class=\"vc_column-inner us_custom_4edece6e type_sticky\"><div class=\"wpb_wrapper\"><div class=\"wpb_text_column\"><div class=\"wpb_wrapper\"><h1 style=\"color: #004080; text-align: center;\">\ud83c\udf0a <strong>Adriasea Szob\u00e1k<\/strong><\/h1>\n<\/div><\/div><div class=\"w-separator size_medium\"><\/div><div class=\"wpb_text_column\"><div class=\"wpb_wrapper\"><p>\ud83c\udf0a <strong>K\u00fcl\u00f6nleges \u00f9j szob\u00e0k gy\u00f6ny\u00f6r\u0171 panor\u00e0m\u00e0val<\/strong><br \/>\nSzinte lehet \u00e8rinteni a tengert, hallani a hull\u00e0mok duruzsol\u00e0s\u00e0t \u00e8s \u00e8rezni a sz\u00e8l lehelet\u00e8t.<\/p>\n<p>\ud83c\udf05 Reggel fel\u00e8bredni \u00e8s <strong>gy\u00f6ny\u00f6rk\u00f6dni az Adriai tengerben<\/strong> az erk\u00e8lyeinkr\u0151l<br \/>\nez szinte mindenki \u00e0lma aki az adriai rivi\u00e8r\u00e0ra j\u00f6n nyaralni.<br \/>\n\u00cdgy egy kicsit hozz\u00e0j\u00e0rulunk ennek a z\u00e0lomnak a beteljes\u00ect\u00e8s\u00e8hez,<br \/>\nhiszen egy <strong>tengerparti nyaral\u00e0s<\/strong> sz\u00e8ps\u00e8ge maga a tenger.<\/p>\n<\/div><\/div><div class=\"w-separator size_medium\"><\/div><div class=\"wpb_text_column\"><div class=\"wpb_wrapper\"><p>\ud83c\udf0a <strong>ADRISEA szob\u00e0k szolg\u00e0ltat\u00e0sai (tengerre n\u00e8z\u0151 front\u00e0lisan):<\/strong><\/p>\n<ul>\n<li>\ud83c\udf0a <strong>T\u00e0gas tengerre n\u00e8z\u0151 balkon<\/strong><\/li>\n<li>\u2744\ufe0f l\u00e8gkondicion\u00e0l\u00f2<\/li>\n<li>\ud83d\udebf f\u00fcrd\u0151szoba zuhany kabinnal<\/li>\n<li>\ud83d\udca8 hajsz\u00e0r\u00ect\u00f2<\/li>\n<li>\u260e\ufe0f telefon<\/li>\n<li>\ud83d\udd10 sz\u00e8f<\/li>\n<li>\ud83d\udcfa <strong>TV Lcd 32\u2032<\/strong><\/li>\n<li>\ud83d\udcf6 wi-fi gr\u00e0tisz<\/li>\n<li>\ud83e\udd64 <strong>frigob\u00e0r<\/strong><\/li>\n<li>\ud83c\udf05 <strong>tengerre n\u00e8z\u0151 panor\u00e0ma el\u00f6lr\u0151l<\/strong><\/li>\n<\/ul>\n<p>\ud83d\udccc <strong>K\u00e8r\u00e8sre:<\/strong><\/p>\n<ul>\n<li>\ud83d\udecc mini suite<\/li>\n<li>\ud83d\udc68\u200d\ud83d\udc69\u200d\ud83d\udc67\u200d\ud83d\udc66 \u00f6sszeny\u00ecl\u00f2 szob\u00e0k<\/li>\n<\/ul>\n<\/div><\/div><div class=\"w-separator size_medium\"><\/div><div class=\"w-btn-wrapper align_center\"><a class=\"w-btn us-btn-style_1\" href=\"https:\/\/www.hoteldoge.net\/hu\/elerhetoseg\/\"><span class=\"w-btn-label\">AdriaSea szoba ig\u00e9nyl\u00e9se<\/span><\/a><\/div><\/div><\/div><\/div><div class=\"vc_col-sm-6 wpb_column vc_column_container\"><div class=\"vc_column-inner\"><div class=\"wpb_wrapper\"><div class=\"w-gallery fit_cover type_grid ratio_1x1 count_8\" style=\"--columns:2;--items-gap:10px;\"><div class=\"w-gallery-list\"><div class=\"w-gallery-item\"><div class=\"w-gallery-item-img\"><img loading=\"lazy\" decoding=\"async\" width=\"1024\" height=\"638\" src=\"https:\/\/www.hoteldoge.net\/wp-content\/uploads\/2021\/07\/camera-doge-vista-mare_DSC6992-1024x638.jpg\" class=\"attachment-large size-large\" alt=\"\" srcset=\"https:\/\/www.hoteldoge.net\/wp-content\/uploads\/2021\/07\/camera-doge-vista-mare_DSC6992-1024x638.jpg 1024w, https:\/\/www.hoteldoge.net\/wp-content\/uploads\/2021\/07\/camera-doge-vista-mare_DSC6992-300x187.jpg 300w, https:\/\/www.hoteldoge.net\/wp-content\/uploads\/2021\/07\/camera-doge-vista-mare_DSC6992-1536x958.jpg 1536w, https:\/\/www.hoteldoge.net\/wp-content\/uploads\/2021\/07\/camera-doge-vista-mare_DSC6992.jpg 1920w\" sizes=\"auto, (max-width: 1024px) 100vw, 1024px\" \/><\/div><\/div><div class=\"w-gallery-item\"><div class=\"w-gallery-item-img\"><img loading=\"lazy\" decoding=\"async\" width=\"736\" height=\"900\" src=\"https:\/\/www.hoteldoge.net\/wp-content\/uploads\/2019\/12\/camera-particolare-verticale.jpg\" class=\"attachment-large size-large\" alt=\"\" srcset=\"https:\/\/www.hoteldoge.net\/wp-content\/uploads\/2019\/12\/camera-particolare-verticale.jpg 736w, https:\/\/www.hoteldoge.net\/wp-content\/uploads\/2019\/12\/camera-particolare-verticale-245x300.jpg 245w\" sizes=\"auto, (max-width: 736px) 100vw, 736px\" \/><\/div><\/div><div class=\"w-gallery-item\"><div class=\"w-gallery-item-img\"><img loading=\"lazy\" decoding=\"async\" width=\"900\" height=\"510\" src=\"https:\/\/www.hoteldoge.net\/wp-content\/uploads\/2019\/12\/fronte-mare110.jpg\" class=\"attachment-large size-large\" alt=\"\" srcset=\"https:\/\/www.hoteldoge.net\/wp-content\/uploads\/2019\/12\/fronte-mare110.jpg 900w, https:\/\/www.hoteldoge.net\/wp-content\/uploads\/2019\/12\/fronte-mare110-300x170.jpg 300w\" sizes=\"auto, (max-width: 900px) 100vw, 900px\" \/><\/div><\/div><div class=\"w-gallery-item\"><div class=\"w-gallery-item-img\"><img loading=\"lazy\" decoding=\"async\" width=\"681\" height=\"900\" src=\"https:\/\/www.hoteldoge.net\/wp-content\/uploads\/2019\/12\/camera-bagno-verticale.jpg\" class=\"attachment-large size-large\" alt=\"\" srcset=\"https:\/\/www.hoteldoge.net\/wp-content\/uploads\/2019\/12\/camera-bagno-verticale.jpg 681w, https:\/\/www.hoteldoge.net\/wp-content\/uploads\/2019\/12\/camera-bagno-verticale-227x300.jpg 227w\" sizes=\"auto, (max-width: 681px) 100vw, 681px\" \/><\/div><\/div><div class=\"w-gallery-item\"><div class=\"w-gallery-item-img\"><img loading=\"lazy\" decoding=\"async\" width=\"900\" height=\"540\" src=\"https:\/\/www.hoteldoge.net\/wp-content\/uploads\/2019\/12\/cfm-1-1.jpg\" class=\"attachment-large size-large\" alt=\"\" srcset=\"https:\/\/www.hoteldoge.net\/wp-content\/uploads\/2019\/12\/cfm-1-1.jpg 900w, https:\/\/www.hoteldoge.net\/wp-content\/uploads\/2019\/12\/cfm-1-1-300x180.jpg 300w\" sizes=\"auto, (max-width: 900px) 100vw, 900px\" \/><\/div><\/div><div class=\"w-gallery-item\"><div class=\"w-gallery-item-img\"><img loading=\"lazy\" decoding=\"async\" width=\"900\" height=\"540\" src=\"https:\/\/www.hoteldoge.net\/wp-content\/uploads\/2019\/12\/cfm-3-1.jpg\" class=\"attachment-large size-large\" alt=\"\" srcset=\"https:\/\/www.hoteldoge.net\/wp-content\/uploads\/2019\/12\/cfm-3-1.jpg 900w, https:\/\/www.hoteldoge.net\/wp-content\/uploads\/2019\/12\/cfm-3-1-300x180.jpg 300w\" sizes=\"auto, (max-width: 900px) 100vw, 900px\" \/><\/div><\/div><div class=\"w-gallery-item\"><div class=\"w-gallery-item-img\"><img loading=\"lazy\" decoding=\"async\" width=\"900\" height=\"540\" src=\"https:\/\/www.hoteldoge.net\/wp-content\/uploads\/2019\/12\/cfm-2-1.jpg\" class=\"attachment-large size-large\" alt=\"\" srcset=\"https:\/\/www.hoteldoge.net\/wp-content\/uploads\/2019\/12\/cfm-2-1.jpg 900w, https:\/\/www.hoteldoge.net\/wp-content\/uploads\/2019\/12\/cfm-2-1-300x180.jpg 300w\" sizes=\"auto, (max-width: 900px) 100vw, 900px\" \/><\/div><\/div><div class=\"w-gallery-item\"><div class=\"w-gallery-item-img\"><img loading=\"lazy\" decoding=\"async\" width=\"900\" height=\"540\" src=\"https:\/\/www.hoteldoge.net\/wp-content\/uploads\/2019\/12\/cfm-4-1.jpg\" class=\"attachment-large size-large\" alt=\"\" srcset=\"https:\/\/www.hoteldoge.net\/wp-content\/uploads\/2019\/12\/cfm-4-1.jpg 900w, https:\/\/www.hoteldoge.net\/wp-content\/uploads\/2019\/12\/cfm-4-1-300x180.jpg 300w\" sizes=\"auto, (max-width: 900px) 100vw, 900px\" \/><\/div><\/div><\/div><\/div><\/div><\/div><\/div><\/div><\/div><\/section>\n","protected":false},"excerpt":{"rendered":"\ud83c\udf0a Adriasea Szob\u00e1k \ud83c\udf0a K\u00fcl\u00f6nleges \u00f9j szob\u00e0k gy\u00f6ny\u00f6r\u0171 panor\u00e0m\u00e0val Szinte lehet \u00e8rinteni a tengert, hallani a hull\u00e0mok duruzsol\u00e0s\u00e0t \u00e8s \u00e8rezni a sz\u00e8l lehelet\u00e8t. \ud83c\udf05 Reggel fel\u00e8bredni \u00e8s gy\u00f6ny\u00f6rk\u00f6dni az Adriai tengerben az erk\u00e8lyeinkr\u0151l ez szinte mindenki \u00e0lma aki az adriai rivi\u00e8r\u00e0ra j\u00f6n nyaralni. \u00cdgy egy kicsit hozz\u00e0j\u00e0rulunk ennek a z\u00e0lomnak a beteljes\u00ect\u00e8s\u00e8hez, hiszen egy tengerparti...","protected":false},"author":1,"featured_media":0,"parent":0,"menu_order":0,"comment_status":"closed","ping_status":"closed","template":"","meta":{"footnotes":""},"class_list":["post-2168","page","type-page","status-publish","hentry"],"yoast_head":"<!-- This site is optimized with the Yoast SEO plugin v26.5 - https:\/\/yoast.com\/wordpress\/plugins\/seo\/ -->\n<title>Hotel Rimini tengerre n\u00e8z? szob\u00e0kkal, Adriasea szoba<\/title>\n<meta name=\"description\" content=\"Adriasea szoba: Adriai tengerre n\u00e8z? szob\u00e0k a 3 csillagos Hotel Dogeben Torre Pedrera tengerpartj\u00e0n.A szob\u00e0kban t\u00e0gas tengerre n\u00e8z? balkonok, l\u00e8gkondizion\u00e0l\u00f2, wifi gr\u00e0tisz, teljesen fel\u00f9j\u00ectott f\u00fcrd?szob\u00e0k zuhany kabinnal, hajsz\u00e0r\u00ect\u00f2, parabol\u00e0s TV 32 nagys\u00e0g\u00f9, h?t?b\u00e0r tal\u00e0lhat\u00f2.Tengerre n\u00e8z? teljesen fel\u00f9j\u00ectott \u00e8s felszerelt szob\u00e0k.\" \/>\n<meta name=\"robots\" content=\"index, follow, max-snippet:-1, max-image-preview:large, max-video-preview:-1\" \/>\n<link rel=\"canonical\" href=\"https:\/\/www.hoteldoge.net\/hu\/hotel-rimini-tengerre-nez-szobakkal\/\" \/>\n<meta property=\"og:locale\" content=\"hu_HU\" \/>\n<meta property=\"og:type\" content=\"article\" \/>\n<meta property=\"og:title\" content=\"Hotel Rimini tengerre n\u00e8z? szob\u00e0kkal, Adriasea szoba\" \/>\n<meta property=\"og:description\" content=\"Adriasea szoba: Adriai tengerre n\u00e8z? szob\u00e0k a 3 csillagos Hotel Dogeben Torre Pedrera tengerpartj\u00e0n.A szob\u00e0kban t\u00e0gas tengerre n\u00e8z? balkonok, l\u00e8gkondizion\u00e0l\u00f2, wifi gr\u00e0tisz, teljesen fel\u00f9j\u00ectott f\u00fcrd?szob\u00e0k zuhany kabinnal, hajsz\u00e0r\u00ect\u00f2, parabol\u00e0s TV 32 nagys\u00e0g\u00f9, h?t?b\u00e0r tal\u00e0lhat\u00f2.Tengerre n\u00e8z? teljesen fel\u00f9j\u00ectott \u00e8s felszerelt szob\u00e0k.\" \/>\n<meta property=\"og:url\" content=\"https:\/\/www.hoteldoge.net\/hu\/hotel-rimini-tengerre-nez-szobakkal\/\" \/>\n<meta property=\"og:site_name\" content=\"Hotel Doge Torre Pedrera\" \/>\n<meta property=\"article:modified_time\" content=\"2026-02-04T11:48:54+00:00\" \/>\n<meta name=\"twitter:card\" content=\"summary_large_image\" \/>\n<meta name=\"twitter:label1\" content=\"Becs\u00fclt olvas\u00e1si id\u0151\" \/>\n\t<meta name=\"twitter:data1\" content=\"1 perc\" \/>\n<script type=\"application\/ld+json\" class=\"yoast-schema-graph\">{\"@context\":\"https:\/\/schema.org\",\"@graph\":[{\"@type\":\"WebPage\",\"@id\":\"https:\/\/www.hoteldoge.net\/hu\/hotel-rimini-tengerre-nez-szobakkal\/\",\"url\":\"https:\/\/www.hoteldoge.net\/hu\/hotel-rimini-tengerre-nez-szobakkal\/\",\"name\":\"Hotel Rimini tengerre n\u00e8z? szob\u00e0kkal, Adriasea szoba\",\"isPartOf\":{\"@id\":\"https:\/\/www.hoteldoge.net\/de\/#website\"},\"datePublished\":\"2020-02-20T18:22:31+00:00\",\"dateModified\":\"2026-02-04T11:48:54+00:00\",\"description\":\"Adriasea szoba: Adriai tengerre n\u00e8z? szob\u00e0k a 3 csillagos Hotel Dogeben Torre Pedrera tengerpartj\u00e0n.A szob\u00e0kban t\u00e0gas tengerre n\u00e8z? balkonok, l\u00e8gkondizion\u00e0l\u00f2, wifi gr\u00e0tisz, teljesen fel\u00f9j\u00ectott f\u00fcrd?szob\u00e0k zuhany kabinnal, hajsz\u00e0r\u00ect\u00f2, parabol\u00e0s TV 32 nagys\u00e0g\u00f9, h?t?b\u00e0r tal\u00e0lhat\u00f2.Tengerre n\u00e8z? teljesen fel\u00f9j\u00ectott \u00e8s felszerelt szob\u00e0k.\",\"breadcrumb\":{\"@id\":\"https:\/\/www.hoteldoge.net\/hu\/hotel-rimini-tengerre-nez-szobakkal\/#breadcrumb\"},\"inLanguage\":\"hu\",\"potentialAction\":[{\"@type\":\"ReadAction\",\"target\":[\"https:\/\/www.hoteldoge.net\/hu\/hotel-rimini-tengerre-nez-szobakkal\/\"]}]},{\"@type\":\"BreadcrumbList\",\"@id\":\"https:\/\/www.hoteldoge.net\/hu\/hotel-rimini-tengerre-nez-szobakkal\/#breadcrumb\",\"itemListElement\":[{\"@type\":\"ListItem\",\"position\":1,\"name\":\"Home\",\"item\":\"https:\/\/www.hoteldoge.net\/it\/\"},{\"@type\":\"ListItem\",\"position\":2,\"name\":\"Hotel Rimini tengerre n\u00e8z? szob\u00e0kkal, Adriasea szoba\"}]},{\"@type\":\"WebSite\",\"@id\":\"https:\/\/www.hoteldoge.net\/de\/#website\",\"url\":\"https:\/\/www.hoteldoge.net\/de\/\",\"name\":\"Hotel Doge Torre Pedrera\",\"description\":\"Hotel 3 stelle Torre Pedrera All inclusive con Piscina e Spiaggia\",\"potentialAction\":[{\"@type\":\"SearchAction\",\"target\":{\"@type\":\"EntryPoint\",\"urlTemplate\":\"https:\/\/www.hoteldoge.net\/de\/?s={search_term_string}\"},\"query-input\":{\"@type\":\"PropertyValueSpecification\",\"valueRequired\":true,\"valueName\":\"search_term_string\"}}],\"inLanguage\":\"hu\"}]}<\/script>\n<!-- \/ Yoast SEO plugin. -->","yoast_head_json":{"title":"Hotel Rimini tengerre n\u00e8z? szob\u00e0kkal, Adriasea szoba","description":"Adriasea szoba: Adriai tengerre n\u00e8z? szob\u00e0k a 3 csillagos Hotel Dogeben Torre Pedrera tengerpartj\u00e0n.A szob\u00e0kban t\u00e0gas tengerre n\u00e8z? balkonok, l\u00e8gkondizion\u00e0l\u00f2, wifi gr\u00e0tisz, teljesen fel\u00f9j\u00ectott f\u00fcrd?szob\u00e0k zuhany kabinnal, hajsz\u00e0r\u00ect\u00f2, parabol\u00e0s TV 32 nagys\u00e0g\u00f9, h?t?b\u00e0r tal\u00e0lhat\u00f2.Tengerre n\u00e8z? teljesen fel\u00f9j\u00ectott \u00e8s felszerelt szob\u00e0k.","robots":{"index":"index","follow":"follow","max-snippet":"max-snippet:-1","max-image-preview":"max-image-preview:large","max-video-preview":"max-video-preview:-1"},"canonical":"https:\/\/www.hoteldoge.net\/hu\/hotel-rimini-tengerre-nez-szobakkal\/","og_locale":"hu_HU","og_type":"article","og_title":"Hotel Rimini tengerre n\u00e8z? szob\u00e0kkal, Adriasea szoba","og_description":"Adriasea szoba: Adriai tengerre n\u00e8z? szob\u00e0k a 3 csillagos Hotel Dogeben Torre Pedrera tengerpartj\u00e0n.A szob\u00e0kban t\u00e0gas tengerre n\u00e8z? balkonok, l\u00e8gkondizion\u00e0l\u00f2, wifi gr\u00e0tisz, teljesen fel\u00f9j\u00ectott f\u00fcrd?szob\u00e0k zuhany kabinnal, hajsz\u00e0r\u00ect\u00f2, parabol\u00e0s TV 32 nagys\u00e0g\u00f9, h?t?b\u00e0r tal\u00e0lhat\u00f2.Tengerre n\u00e8z? teljesen fel\u00f9j\u00ectott \u00e8s felszerelt szob\u00e0k.","og_url":"https:\/\/www.hoteldoge.net\/hu\/hotel-rimini-tengerre-nez-szobakkal\/","og_site_name":"Hotel Doge Torre Pedrera","article_modified_time":"2026-02-04T11:48:54+00:00","twitter_card":"summary_large_image","twitter_misc":{"Becs\u00fclt olvas\u00e1si id\u0151":"1 perc"},"schema":{"@context":"https:\/\/schema.org","@graph":[{"@type":"WebPage","@id":"https:\/\/www.hoteldoge.net\/hu\/hotel-rimini-tengerre-nez-szobakkal\/","url":"https:\/\/www.hoteldoge.net\/hu\/hotel-rimini-tengerre-nez-szobakkal\/","name":"Hotel Rimini tengerre n\u00e8z? szob\u00e0kkal, Adriasea szoba","isPartOf":{"@id":"https:\/\/www.hoteldoge.net\/de\/#website"},"datePublished":"2020-02-20T18:22:31+00:00","dateModified":"2026-02-04T11:48:54+00:00","description":"Adriasea szoba: Adriai tengerre n\u00e8z? szob\u00e0k a 3 csillagos Hotel Dogeben Torre Pedrera tengerpartj\u00e0n.A szob\u00e0kban t\u00e0gas tengerre n\u00e8z? balkonok, l\u00e8gkondizion\u00e0l\u00f2, wifi gr\u00e0tisz, teljesen fel\u00f9j\u00ectott f\u00fcrd?szob\u00e0k zuhany kabinnal, hajsz\u00e0r\u00ect\u00f2, parabol\u00e0s TV 32 nagys\u00e0g\u00f9, h?t?b\u00e0r tal\u00e0lhat\u00f2.Tengerre n\u00e8z? teljesen fel\u00f9j\u00ectott \u00e8s felszerelt szob\u00e0k.","breadcrumb":{"@id":"https:\/\/www.hoteldoge.net\/hu\/hotel-rimini-tengerre-nez-szobakkal\/#breadcrumb"},"inLanguage":"hu","potentialAction":[{"@type":"ReadAction","target":["https:\/\/www.hoteldoge.net\/hu\/hotel-rimini-tengerre-nez-szobakkal\/"]}]},{"@type":"BreadcrumbList","@id":"https:\/\/www.hoteldoge.net\/hu\/hotel-rimini-tengerre-nez-szobakkal\/#breadcrumb","itemListElement":[{"@type":"ListItem","position":1,"name":"Home","item":"https:\/\/www.hoteldoge.net\/it\/"},{"@type":"ListItem","position":2,"name":"Hotel Rimini tengerre n\u00e8z? szob\u00e0kkal, Adriasea szoba"}]},{"@type":"WebSite","@id":"https:\/\/www.hoteldoge.net\/de\/#website","url":"https:\/\/www.hoteldoge.net\/de\/","name":"Hotel Doge Torre Pedrera","description":"Hotel 3 stelle Torre Pedrera All inclusive con Piscina e Spiaggia","potentialAction":[{"@type":"SearchAction","target":{"@type":"EntryPoint","urlTemplate":"https:\/\/www.hoteldoge.net\/de\/?s={search_term_string}"},"query-input":{"@type":"PropertyValueSpecification","valueRequired":true,"valueName":"search_term_string"}}],"inLanguage":"hu"}]}},"_links":{"self":[{"href":"https:\/\/www.hoteldoge.net\/hu\/wp-json\/wp\/v2\/pages\/2168","targetHints":{"allow":["GET"]}}],"collection":[{"href":"https:\/\/www.hoteldoge.net\/hu\/wp-json\/wp\/v2\/pages"}],"about":[{"href":"https:\/\/www.hoteldoge.net\/hu\/wp-json\/wp\/v2\/types\/page"}],"author":[{"embeddable":true,"href":"https:\/\/www.hoteldoge.net\/hu\/wp-json\/wp\/v2\/users\/1"}],"replies":[{"embeddable":true,"href":"https:\/\/www.hoteldoge.net\/hu\/wp-json\/wp\/v2\/comments?post=2168"}],"version-history":[{"count":10,"href":"https:\/\/www.hoteldoge.net\/hu\/wp-json\/wp\/v2\/pages\/2168\/revisions"}],"predecessor-version":[{"id":5289,"href":"https:\/\/www.hoteldoge.net\/hu\/wp-json\/wp\/v2\/pages\/2168\/revisions\/5289"}],"wp:attachment":[{"href":"https:\/\/www.hoteldoge.net\/hu\/wp-json\/wp\/v2\/media?parent=2168"}],"curies":[{"name":"wp","href":"https:\/\/api.w.org\/{rel}","templated":true}]}}