{"id":2165,"date":"2020-02-20T19:14:39","date_gmt":"2020-02-20T18:14:39","guid":{"rendered":"https:\/\/www.hroyal.it\/?page_id=2165"},"modified":"2026-02-04T12:36:17","modified_gmt":"2026-02-04T11:36:17","slug":"kenyelmi-szobak-rimini","status":"publish","type":"page","link":"https:\/\/www.hoteldoge.net\/hu\/kenyelmi-szobak-rimini\/","title":{"rendered":"Confort szoba tengeri panor\u00e0m\u00e0val, Hotel Doge Rimini***"},"content":{"rendered":"<section class=\"l-section wpb_row us_custom_33fe73d0 height_huge width_full\"><div class=\"l-section-h i-cf\"><div class=\"g-cols vc_row via_flex valign_top type_default stacking_default\"><div class=\"vc_col-sm-12 wpb_column vc_column_container\"><div class=\"vc_column-inner\"><div class=\"wpb_wrapper\">\n\t\t\t<!-- START cameracomfort REVOLUTION SLIDER 6.7.37 --><p class=\"rs-p-wp-fix\"><\/p>\n\t\t\t<rs-module-wrap id=\"rev_slider_4_1_wrapper\" data-source=\"gallery\" style=\"visibility:hidden;background:transparent;padding:0;margin:0px auto;margin-top:0;margin-bottom:0;\">\n\t\t\t\t<rs-module id=\"rev_slider_4_1\" style=\"\" data-version=\"6.7.37\">\n\t\t\t\t\t<rs-slides style=\"overflow: hidden; position: absolute;\">\n\t\t\t\t\t\t<rs-slide style=\"position: absolute;\" data-key=\"rs-5\" data-title=\"Slide\" data-anim=\"ms:1000;r:0;\" data-in=\"o:0;\" data-out=\"a:false;\">\n\t\t\t\t\t\t\t<img decoding=\"async\" src=\"\/\/www.hoteldoge.net\/wp-content\/plugins\/revslider\/sr6\/assets\/assets\/dummy.png\" alt=\"\" title=\"camera-laterale-top\" width=\"1920\" height=\"1050\" class=\"rev-slidebg tp-rs-img rs-lazyload\" data-lazyload=\"\/\/www.hoteldoge.net\/wp-content\/uploads\/2019\/12\/camera-laterale-top-1.jpg\" data-bg=\"p:center bottom;\" data-no-retina>\n<!---->\t\t\t\t\t<\/rs-slide>\n\t\t\t\t\t<\/rs-slides>\n\t\t\t\t<\/rs-module>\n\t\t\t\t<script>\n\t\t\t\t\tsetREVStartSize({c: 'rev_slider_4_1',rl:[1240,1024,778,480],el:[900],gw:[1240],gh:[900],type:'hero',justify:'',layout:'fullwidth',mh:\"0\"});if (window.RS_MODULES!==undefined && window.RS_MODULES.modules!==undefined && window.RS_MODULES.modules[\"revslider41\"]!==undefined) {window.RS_MODULES.modules[\"revslider41\"].once = false;window.revapi4 = undefined;if (window.RS_MODULES.checkMinimal!==undefined) window.RS_MODULES.checkMinimal()}\n\t\t\t\t<\/script>\n\t\t\t<\/rs-module-wrap>\n\t\t\t<!-- END REVOLUTION SLIDER -->\n<\/div><\/div><\/div><\/div><\/div><\/section><section class=\"l-section wpb_row height_medium\"><div class=\"l-section-h i-cf\"><div class=\"g-cols vc_row via_flex valign_middle type_default stacking_default\"><div class=\"vc_col-sm-6 wpb_column vc_column_container\"><div class=\"vc_column-inner\"><div class=\"wpb_wrapper\"><div class=\"wpb_text_column\"><div class=\"wpb_wrapper\"><h1 style=\"color: #004080; text-align: center;\">\ud83d\udecf\ufe0f <strong>k\u00e9nyelmi Szob\u00e1k<\/strong><\/h1>\n<\/div><\/div><div class=\"wpb_text_column\"><div class=\"wpb_wrapper\"><p>\ud83d\udecf\ufe0f <strong>A szob\u00e0ink<\/strong> a k\u00f6zelj\u00f6v\u0151ben lettek fel\u00f9j\u00ectva \u00e8s minden f\u0151 comforttal el vannak l\u00e0tva.<br \/>\n<strong>T\u00e0gasak, vil\u00e0gosak, l\u00e8gkondizion\u00e0ltak<\/strong>, frigob\u00e0r k\u00e8r\u00e8sre,<br \/>\n<strong>tengerre n\u00e8z\u0151 balkonok<\/strong>, tv parabol\u00e0val, sz\u00e8f \u00e8s <strong>WiFi gr\u00e0tisz<\/strong>.<\/p>\n<p>\ud83d\udc68\u200d\ud83d\udc69\u200d\ud83d\udc67\u200d\ud83d\udc66 A nagy csal\u00e0dok sz\u00e0m\u00e0ra <strong>suite \u00e8s egym\u00e0sba ny\u00ecl\u00f2 szob\u00e0k<\/strong> \u00e0llnak rendelkez\u00e8sre.<br \/>\nMindegyik <strong>tengerre n\u00e8z\u0151 balkonnal<\/strong> sz\u00e8kekkel \u00e8s asztallal felszerelve.<\/p>\n<\/div><\/div><div class=\"wpb_text_column\"><div class=\"wpb_wrapper\"><p>\ud83d\udecf\ufe0f <strong>ONFORT SZOBA szolg\u00e0ltat\u00e0sai:<\/strong><\/p>\n<ul>\n<li>\ud83c\udf0a <strong>T\u00e0gas tengerre n\u00e8z\u0151 balkon<\/strong><\/li>\n<li>\u2744\ufe0f l\u00e8gkondizion\u00e0l\u00f2<\/li>\n<li>\ud83d\udebf f\u00fcrd\u0151szoba zuhany kabinnal<\/li>\n<li>\ud83d\udca8 hajsz\u00e0r\u00ect\u00f2<\/li>\n<li>\u260e\ufe0f telefon<\/li>\n<li>\ud83d\udd10 sz\u00e8f<\/li>\n<li>\ud83d\udcfa tv parabola<\/li>\n<li>\ud83d\udcf6 <strong>wi-fi gr\u00e0tisz<\/strong><\/li>\n<li>\ud83c\udf05 tengeri kikl\u00e0t\u00e0s<\/li>\n<\/ul>\n<p>\ud83d\udccc <strong>K\u00e8r\u00e8sre:<\/strong><\/p>\n<ul>\n<li>\ud83e\udd64 frigob\u00e0r<\/li>\n<li>\ud83d\udecc mini suite<\/li>\n<li>\ud83d\udc68\u200d\ud83d\udc69\u200d\ud83d\udc67\u200d\ud83d\udc66 \u00f6sszeny\u00ecl\u00f2 szob\u00e0k<\/li>\n<\/ul>\n<\/div><\/div><\/div><\/div><\/div><div class=\"vc_col-sm-6 wpb_column vc_column_container\"><div class=\"vc_column-inner\"><div class=\"wpb_wrapper\"><div class=\"w-gallery fit_cover type_grid action_popup_image ratio_1x1 count_4\" style=\"--columns:2;--items-gap:10px;\"><div class=\"w-gallery-list\"><div class=\"w-gallery-item\"><div class=\"w-gallery-item-img\"><img loading=\"lazy\" decoding=\"async\" width=\"1000\" height=\"666\" src=\"https:\/\/www.hoteldoge.net\/wp-content\/uploads\/2019\/12\/camera-vista-mare-laterale-1.jpg\" class=\"attachment-large size-large\" alt=\"\" srcset=\"https:\/\/www.hoteldoge.net\/wp-content\/uploads\/2019\/12\/camera-vista-mare-laterale-1.jpg 1000w, https:\/\/www.hoteldoge.net\/wp-content\/uploads\/2019\/12\/camera-vista-mare-laterale-1-300x200.jpg 300w\" sizes=\"auto, (max-width: 1000px) 100vw, 1000px\" \/><\/div><a class=\"w-gallery-item-link\" aria-label=\"camera-vista-mare-laterale\" href=\"https:\/\/www.hoteldoge.net\/wp-content\/uploads\/2019\/12\/camera-vista-mare-laterale-1.jpg\"><\/a><\/div><div class=\"w-gallery-item\"><div class=\"w-gallery-item-img\"><img loading=\"lazy\" decoding=\"async\" width=\"900\" height=\"608\" src=\"https:\/\/www.hoteldoge.net\/wp-content\/uploads\/2019\/12\/standard-107.jpg\" class=\"attachment-large size-large\" alt=\"\" srcset=\"https:\/\/www.hoteldoge.net\/wp-content\/uploads\/2019\/12\/standard-107.jpg 900w, https:\/\/www.hoteldoge.net\/wp-content\/uploads\/2019\/12\/standard-107-300x203.jpg 300w\" sizes=\"auto, (max-width: 900px) 100vw, 900px\" \/><\/div><a class=\"w-gallery-item-link\" aria-label=\"standard-107\" href=\"https:\/\/www.hoteldoge.net\/wp-content\/uploads\/2019\/12\/standard-107.jpg\"><\/a><\/div><div class=\"w-gallery-item\"><div class=\"w-gallery-item-img\"><img loading=\"lazy\" decoding=\"async\" width=\"1024\" height=\"560\" src=\"https:\/\/www.hoteldoge.net\/wp-content\/uploads\/2019\/12\/camera-confort-home-1-1024x560.jpg\" class=\"attachment-large size-large\" alt=\"\" srcset=\"https:\/\/www.hoteldoge.net\/wp-content\/uploads\/2019\/12\/camera-confort-home-1-1024x560.jpg 1024w, https:\/\/www.hoteldoge.net\/wp-content\/uploads\/2019\/12\/camera-confort-home-1-300x164.jpg 300w, https:\/\/www.hoteldoge.net\/wp-content\/uploads\/2019\/12\/camera-confort-home-1-1536x840.jpg 1536w, https:\/\/www.hoteldoge.net\/wp-content\/uploads\/2019\/12\/camera-confort-home-1.jpg 1920w\" sizes=\"auto, (max-width: 1024px) 100vw, 1024px\" \/><\/div><a class=\"w-gallery-item-link\" aria-label=\"camera-confort-home\" href=\"https:\/\/www.hoteldoge.net\/wp-content\/uploads\/2019\/12\/camera-confort-home-1.jpg\"><\/a><\/div><div class=\"w-gallery-item\"><div class=\"w-gallery-item-img\"><img loading=\"lazy\" decoding=\"async\" width=\"900\" height=\"540\" src=\"https:\/\/www.hoteldoge.net\/wp-content\/uploads\/2019\/12\/cfm-4-1.jpg\" class=\"attachment-large size-large\" alt=\"\" srcset=\"https:\/\/www.hoteldoge.net\/wp-content\/uploads\/2019\/12\/cfm-4-1.jpg 900w, https:\/\/www.hoteldoge.net\/wp-content\/uploads\/2019\/12\/cfm-4-1-300x180.jpg 300w\" sizes=\"auto, (max-width: 900px) 100vw, 900px\" \/><\/div><a class=\"w-gallery-item-link\" aria-label=\"cfm-4\" href=\"https:\/\/www.hoteldoge.net\/wp-content\/uploads\/2019\/12\/cfm-4-1.jpg\"><\/a><\/div><\/div><\/div><div class=\"w-separator size_medium\"><\/div><div class=\"w-btn-wrapper align_center\"><a class=\"w-btn us-btn-style_1\" href=\"https:\/\/www.hoteldoge.net\/hu\/elerhetoseg\/\"><span class=\"w-btn-label\">Comfort szoba ig\u00e9nyl\u00e9se<\/span><\/a><\/div><\/div><\/div><\/div><\/div><\/div><\/section>\n","protected":false},"excerpt":{"rendered":"\ud83d\udecf\ufe0f k\u00e9nyelmi Szob\u00e1k \ud83d\udecf\ufe0f A szob\u00e0ink a k\u00f6zelj\u00f6v\u0151ben lettek fel\u00f9j\u00ectva \u00e8s minden f\u0151 comforttal el vannak l\u00e0tva. T\u00e0gasak, vil\u00e0gosak, l\u00e8gkondizion\u00e0ltak, frigob\u00e0r k\u00e8r\u00e8sre, tengerre n\u00e8z\u0151 balkonok, tv parabol\u00e0val, sz\u00e8f \u00e8s WiFi gr\u00e0tisz. \ud83d\udc68\u200d\ud83d\udc69\u200d\ud83d\udc67\u200d\ud83d\udc66 A nagy csal\u00e0dok sz\u00e0m\u00e0ra suite \u00e8s egym\u00e0sba ny\u00ecl\u00f2 szob\u00e0k \u00e0llnak rendelkez\u00e8sre. Mindegyik tengerre n\u00e8z\u0151 balkonnal sz\u00e8kekkel \u00e8s asztallal felszerelve. \ud83d\udecf\ufe0f ONFORT SZOBA szolg\u00e0ltat\u00e0sai:...","protected":false},"author":1,"featured_media":0,"parent":0,"menu_order":0,"comment_status":"closed","ping_status":"closed","template":"","meta":{"footnotes":""},"class_list":["post-2165","page","type-page","status-publish","hentry"],"yoast_head":"<!-- This site is optimized with the Yoast SEO plugin v26.5 - https:\/\/yoast.com\/wordpress\/plugins\/seo\/ -->\n<title>Confort szoba tengeri panor\u00e0m\u00e0val, Hotel Doge Rimini***<\/title>\n<meta name=\"description\" content=\"tengerre n\u00e8z? szob\u00e0k, Hotel Doge*** a tengerparton.Szob\u00e0k tengerre n\u00e8z? balkonokkal, wifi gr\u00e0tisz, parabol\u00e0s tv, teljesen fel\u00f9j\u00ectott f\u00fcrd?szob\u00e0k zuhany kabinnal .\" \/>\n<meta name=\"robots\" content=\"index, follow, max-snippet:-1, max-image-preview:large, max-video-preview:-1\" \/>\n<link rel=\"canonical\" href=\"https:\/\/www.hoteldoge.net\/hu\/kenyelmi-szobak-rimini\/\" \/>\n<meta property=\"og:locale\" content=\"hu_HU\" \/>\n<meta property=\"og:type\" content=\"article\" \/>\n<meta property=\"og:title\" content=\"Confort szoba tengeri panor\u00e0m\u00e0val, Hotel Doge Rimini***\" \/>\n<meta property=\"og:description\" content=\"tengerre n\u00e8z? szob\u00e0k, Hotel Doge*** a tengerparton.Szob\u00e0k tengerre n\u00e8z? balkonokkal, wifi gr\u00e0tisz, parabol\u00e0s tv, teljesen fel\u00f9j\u00ectott f\u00fcrd?szob\u00e0k zuhany kabinnal .\" \/>\n<meta property=\"og:url\" content=\"https:\/\/www.hoteldoge.net\/hu\/kenyelmi-szobak-rimini\/\" \/>\n<meta property=\"og:site_name\" content=\"Hotel Doge Torre Pedrera\" \/>\n<meta property=\"article:modified_time\" content=\"2026-02-04T11:36:17+00:00\" \/>\n<meta name=\"twitter:card\" content=\"summary_large_image\" \/>\n<meta name=\"twitter:label1\" content=\"Becs\u00fclt olvas\u00e1si id\u0151\" \/>\n\t<meta name=\"twitter:data1\" content=\"1 perc\" \/>\n<script type=\"application\/ld+json\" class=\"yoast-schema-graph\">{\"@context\":\"https:\/\/schema.org\",\"@graph\":[{\"@type\":\"WebPage\",\"@id\":\"https:\/\/www.hoteldoge.net\/hu\/kenyelmi-szobak-rimini\/\",\"url\":\"https:\/\/www.hoteldoge.net\/hu\/kenyelmi-szobak-rimini\/\",\"name\":\"Confort szoba tengeri panor\u00e0m\u00e0val, Hotel Doge Rimini***\",\"isPartOf\":{\"@id\":\"https:\/\/www.hoteldoge.net\/de\/#website\"},\"datePublished\":\"2020-02-20T18:14:39+00:00\",\"dateModified\":\"2026-02-04T11:36:17+00:00\",\"description\":\"tengerre n\u00e8z? szob\u00e0k, Hotel Doge*** a tengerparton.Szob\u00e0k tengerre n\u00e8z? balkonokkal, wifi gr\u00e0tisz, parabol\u00e0s tv, teljesen fel\u00f9j\u00ectott f\u00fcrd?szob\u00e0k zuhany kabinnal .\",\"breadcrumb\":{\"@id\":\"https:\/\/www.hoteldoge.net\/hu\/kenyelmi-szobak-rimini\/#breadcrumb\"},\"inLanguage\":\"hu\",\"potentialAction\":[{\"@type\":\"ReadAction\",\"target\":[\"https:\/\/www.hoteldoge.net\/hu\/kenyelmi-szobak-rimini\/\"]}]},{\"@type\":\"BreadcrumbList\",\"@id\":\"https:\/\/www.hoteldoge.net\/hu\/kenyelmi-szobak-rimini\/#breadcrumb\",\"itemListElement\":[{\"@type\":\"ListItem\",\"position\":1,\"name\":\"Home\",\"item\":\"https:\/\/www.hoteldoge.net\/it\/\"},{\"@type\":\"ListItem\",\"position\":2,\"name\":\"Confort szoba tengeri panor\u00e0m\u00e0val, Hotel Doge Rimini***\"}]},{\"@type\":\"WebSite\",\"@id\":\"https:\/\/www.hoteldoge.net\/de\/#website\",\"url\":\"https:\/\/www.hoteldoge.net\/de\/\",\"name\":\"Hotel Doge Torre Pedrera\",\"description\":\"Hotel 3 stelle Torre Pedrera All inclusive con Piscina e Spiaggia\",\"potentialAction\":[{\"@type\":\"SearchAction\",\"target\":{\"@type\":\"EntryPoint\",\"urlTemplate\":\"https:\/\/www.hoteldoge.net\/de\/?s={search_term_string}\"},\"query-input\":{\"@type\":\"PropertyValueSpecification\",\"valueRequired\":true,\"valueName\":\"search_term_string\"}}],\"inLanguage\":\"hu\"}]}<\/script>\n<!-- \/ Yoast SEO plugin. -->","yoast_head_json":{"title":"Confort szoba tengeri panor\u00e0m\u00e0val, Hotel Doge Rimini***","description":"tengerre n\u00e8z? szob\u00e0k, Hotel Doge*** a tengerparton.Szob\u00e0k tengerre n\u00e8z? balkonokkal, wifi gr\u00e0tisz, parabol\u00e0s tv, teljesen fel\u00f9j\u00ectott f\u00fcrd?szob\u00e0k zuhany kabinnal .","robots":{"index":"index","follow":"follow","max-snippet":"max-snippet:-1","max-image-preview":"max-image-preview:large","max-video-preview":"max-video-preview:-1"},"canonical":"https:\/\/www.hoteldoge.net\/hu\/kenyelmi-szobak-rimini\/","og_locale":"hu_HU","og_type":"article","og_title":"Confort szoba tengeri panor\u00e0m\u00e0val, Hotel Doge Rimini***","og_description":"tengerre n\u00e8z? szob\u00e0k, Hotel Doge*** a tengerparton.Szob\u00e0k tengerre n\u00e8z? balkonokkal, wifi gr\u00e0tisz, parabol\u00e0s tv, teljesen fel\u00f9j\u00ectott f\u00fcrd?szob\u00e0k zuhany kabinnal .","og_url":"https:\/\/www.hoteldoge.net\/hu\/kenyelmi-szobak-rimini\/","og_site_name":"Hotel Doge Torre Pedrera","article_modified_time":"2026-02-04T11:36:17+00:00","twitter_card":"summary_large_image","twitter_misc":{"Becs\u00fclt olvas\u00e1si id\u0151":"1 perc"},"schema":{"@context":"https:\/\/schema.org","@graph":[{"@type":"WebPage","@id":"https:\/\/www.hoteldoge.net\/hu\/kenyelmi-szobak-rimini\/","url":"https:\/\/www.hoteldoge.net\/hu\/kenyelmi-szobak-rimini\/","name":"Confort szoba tengeri panor\u00e0m\u00e0val, Hotel Doge Rimini***","isPartOf":{"@id":"https:\/\/www.hoteldoge.net\/de\/#website"},"datePublished":"2020-02-20T18:14:39+00:00","dateModified":"2026-02-04T11:36:17+00:00","description":"tengerre n\u00e8z? szob\u00e0k, Hotel Doge*** a tengerparton.Szob\u00e0k tengerre n\u00e8z? balkonokkal, wifi gr\u00e0tisz, parabol\u00e0s tv, teljesen fel\u00f9j\u00ectott f\u00fcrd?szob\u00e0k zuhany kabinnal .","breadcrumb":{"@id":"https:\/\/www.hoteldoge.net\/hu\/kenyelmi-szobak-rimini\/#breadcrumb"},"inLanguage":"hu","potentialAction":[{"@type":"ReadAction","target":["https:\/\/www.hoteldoge.net\/hu\/kenyelmi-szobak-rimini\/"]}]},{"@type":"BreadcrumbList","@id":"https:\/\/www.hoteldoge.net\/hu\/kenyelmi-szobak-rimini\/#breadcrumb","itemListElement":[{"@type":"ListItem","position":1,"name":"Home","item":"https:\/\/www.hoteldoge.net\/it\/"},{"@type":"ListItem","position":2,"name":"Confort szoba tengeri panor\u00e0m\u00e0val, Hotel Doge Rimini***"}]},{"@type":"WebSite","@id":"https:\/\/www.hoteldoge.net\/de\/#website","url":"https:\/\/www.hoteldoge.net\/de\/","name":"Hotel Doge Torre Pedrera","description":"Hotel 3 stelle Torre Pedrera All inclusive con Piscina e Spiaggia","potentialAction":[{"@type":"SearchAction","target":{"@type":"EntryPoint","urlTemplate":"https:\/\/www.hoteldoge.net\/de\/?s={search_term_string}"},"query-input":{"@type":"PropertyValueSpecification","valueRequired":true,"valueName":"search_term_string"}}],"inLanguage":"hu"}]}},"_links":{"self":[{"href":"https:\/\/www.hoteldoge.net\/hu\/wp-json\/wp\/v2\/pages\/2165","targetHints":{"allow":["GET"]}}],"collection":[{"href":"https:\/\/www.hoteldoge.net\/hu\/wp-json\/wp\/v2\/pages"}],"about":[{"href":"https:\/\/www.hoteldoge.net\/hu\/wp-json\/wp\/v2\/types\/page"}],"author":[{"embeddable":true,"href":"https:\/\/www.hoteldoge.net\/hu\/wp-json\/wp\/v2\/users\/1"}],"replies":[{"embeddable":true,"href":"https:\/\/www.hoteldoge.net\/hu\/wp-json\/wp\/v2\/comments?post=2165"}],"version-history":[{"count":7,"href":"https:\/\/www.hoteldoge.net\/hu\/wp-json\/wp\/v2\/pages\/2165\/revisions"}],"predecessor-version":[{"id":5286,"href":"https:\/\/www.hoteldoge.net\/hu\/wp-json\/wp\/v2\/pages\/2165\/revisions\/5286"}],"wp:attachment":[{"href":"https:\/\/www.hoteldoge.net\/hu\/wp-json\/wp\/v2\/media?parent=2165"}],"curies":[{"name":"wp","href":"https:\/\/api.w.org\/{rel}","templated":true}]}}