{"id":2160,"date":"2020-02-20T19:07:32","date_gmt":"2020-02-20T18:07:32","guid":{"rendered":"https:\/\/www.hroyal.it\/?page_id=2160"},"modified":"2026-02-04T13:03:17","modified_gmt":"2026-02-04T12:03:17","slug":"szolgaltatasok-gyermekek-reszere-csaladi-hotel-rimini","status":"publish","type":"page","link":"https:\/\/www.hoteldoge.net\/hu\/szolgaltatasok-gyermekek-reszere-csaladi-hotel-rimini\/","title":{"rendered":"Szolg\u00e1ltat\u00e1sok Gyermekek R\u00e9sz\u00e9re"},"content":{"rendered":"<section class=\"l-section wpb_row us_custom_33fe73d0 height_huge width_full\"><div class=\"l-section-h i-cf\"><div class=\"g-cols vc_row via_flex valign_top type_default stacking_default\"><div class=\"vc_col-sm-12 wpb_column vc_column_container\"><div class=\"vc_column-inner\"><div class=\"wpb_wrapper\">\n\t\t\t<!-- START piscina REVOLUTION SLIDER 6.7.37 --><p class=\"rs-p-wp-fix\"><\/p>\n\t\t\t<rs-module-wrap id=\"rev_slider_3_1_wrapper\" data-source=\"gallery\" style=\"visibility:hidden;background:transparent;padding:0;margin:0px auto;margin-top:0;margin-bottom:0;\">\n\t\t\t\t<rs-module id=\"rev_slider_3_1\" style=\"\" data-version=\"6.7.37\">\n\t\t\t\t\t<rs-slides style=\"overflow: hidden; position: absolute;\">\n\t\t\t\t\t\t<rs-slide style=\"position: absolute;\" data-key=\"rs-4\" data-title=\"Slide\" data-anim=\"ms:1000;r:0;\" data-in=\"o:0;\" data-out=\"a:false;\">\n\t\t\t\t\t\t\t<img decoding=\"async\" src=\"\/\/www.hoteldoge.net\/wp-content\/plugins\/revslider\/sr6\/assets\/assets\/dummy.png\" alt=\"\" title=\"doge-pishina\" width=\"1500\" height=\"800\" class=\"rev-slidebg tp-rs-img rs-lazyload\" data-lazyload=\"\/\/www.hoteldoge.net\/wp-content\/uploads\/2019\/12\/doge-pishina.jpg\" data-bg=\"p:center bottom;\" data-no-retina>\n<!---->\t\t\t\t\t<\/rs-slide>\n\t\t\t\t\t<\/rs-slides>\n\t\t\t\t<\/rs-module>\n\t\t\t\t<script>\n\t\t\t\t\tsetREVStartSize({c: 'rev_slider_3_1',rl:[1240,1024,778,480],el:[900],gw:[1240],gh:[900],type:'hero',justify:'',layout:'fullwidth',mh:\"0\"});if (window.RS_MODULES!==undefined && window.RS_MODULES.modules!==undefined && window.RS_MODULES.modules[\"revslider31\"]!==undefined) {window.RS_MODULES.modules[\"revslider31\"].once = false;window.revapi3 = undefined;if (window.RS_MODULES.checkMinimal!==undefined) window.RS_MODULES.checkMinimal()}\n\t\t\t\t<\/script>\n\t\t\t<\/rs-module-wrap>\n\t\t\t<!-- END REVOLUTION SLIDER -->\n<\/div><\/div><\/div><\/div><\/div><\/section><section class=\"l-section wpb_row us_custom_34c5cc56 height_medium\"><div class=\"l-section-h i-cf\"><div class=\"g-cols vc_row via_flex valign_top type_default stacking_default\"><div class=\"vc_col-sm-12 wpb_column vc_column_container\"><div class=\"vc_column-inner\"><div class=\"wpb_wrapper\"><div class=\"wpb_text_column\"><div class=\"wpb_wrapper\"><h1 style=\"text-align: center;\">\ud83d\udc76 Szolg\u00e1ltat\u00e1sok Gyermekek R\u00e9sz\u00e9re<\/h1>\n<\/div><\/div><\/div><\/div><\/div><\/div><\/div><\/section><section class=\"l-section wpb_row us_custom_d984a24d height_medium\"><div class=\"l-section-h i-cf\"><div class=\"g-cols vc_row via_flex valign_middle type_default stacking_default\"><div class=\"vc_col-sm-6 wpb_column vc_column_container\"><div class=\"vc_column-inner\"><div class=\"wpb_wrapper\">[vc_custom_heading text=&#8221;FAMILY HOTEL&#8221; font_container=&#8221;tag:h1|font_size:30|text_align:left&#8221; google_fonts=&#8221;font_family:Raleway%3A100%2C200%2C300%2Cregular%2C500%2C600%2C700%2C800%2C900|font_style:700%20bold%20regular%3A700%3Anormal&#8221; css=&#8221;%7B%22default%22%3A%7B%22margin-top%22%3A%220px%22%2C%22padding-top%22%3A%220px%22%2C%22font-size%22%3A%2230%22%7D%7D&#8221;]<div class=\"wpb_text_column\"><div class=\"wpb_wrapper\"><p>\ud83d\udc68\u200d\ud83d\udc69\u200d\ud83d\udc67\u200d\ud83d\udc66 Amelyik <strong>Hotel gondoskodik a gyerekekr\u0151l<\/strong> arr\u00f2l a hotelr\u00f2l el lehet mondani, hogy sz\u00ecv\u00e8n viseli a vend\u00e8gei <strong>j\u00f2ll\u00e8t\u00e8t<\/strong>.<\/p>\n<p>\ud83e\uddf8 <strong>Family hotel<\/strong> sok szolg\u00e0ltat\u00e0ssal a gyerekek r\u00e8sz\u00e8re mint pl <strong>kis\u00e0gyak<\/strong>, <strong>baby men\u00fc<\/strong>, <strong>animaci\u00f2ne<\/strong>, \u00e8s <strong>kedvezm\u00e8nyes \u00e0rak<\/strong>.<\/p>\n<\/div><\/div><div class=\"w-separator size_medium\"><\/div><div class=\"wpb_text_column\"><div class=\"wpb_wrapper\"><p>\ud83c\udf89 <strong>Anim\u00e0zi\u00f2ne gyerekeknek a sz\u00e0llod\u00e0ban<\/strong><\/p>\n<ul>\n<li>\ud83d\udc83 baby dance<\/li>\n<li>\ud83c\udfa8 gyerek smink<\/li>\n<li>\ud83d\uddfa\ufe0f kincs keres\u00e8s<\/li>\n<li>\ud83d\udc57 divat bemutat\u00f2k<\/li>\n<li>\ud83e\uddf8 \u00e8s sok sok j\u00e0t\u00e8k<\/li>\n<li>\u23f0 id\u0151pontok :13.30 \u2013 15.00 \u00e8s 20.00 \u2013 22.00 \u00f2ra k\u00f6z\u00f6tt<\/li>\n<\/ul>\n<p>\ud83c\udfd6\ufe0f <strong>Anim\u00e0ci\u00f2 a Bela Burdela strandon:<\/strong><\/p>\n<ul>\n<li>\ud83c\udf34 j\u00e0tsz\u00f2t\u00e8r \u00e0rny\u00e8kos helyen<\/li>\n<li>\ud83e\uddd1\u200d\ud83c\udf7c anim\u00e0ci\u00f2 baby hostessel<\/li>\n<li>\ud83d\udd8d\ufe0f rajzol\u00e0s, fest\u00e8s<\/li>\n<li>\ud83c\udf7c nursery<\/li>\n<li>\ud83d\udebc gyerek toalett<\/li>\n<li>\u23f0 id\u0151pontok :10.00 \u2013 12.00 \u00e8s 14.00 \u2013 18.00 \u00f2ra k\u00f6z\u00f6tt<\/li>\n<\/ul>\n<\/div><\/div><div class=\"w-separator size_medium\"><\/div><div class=\"wpb_text_column\"><div class=\"wpb_wrapper\"><p>\ud83d\udecf\ufe0f <strong>Szolg\u00e0ltat\u00e0sok a szob\u00e0ban<\/strong><\/p>\n<ul>\n<li>\ud83d\udecf\ufe0f kis\u00e0gyak v\u00e8d\u0151r\u00e0ccsal<\/li>\n<li>\ud83d\udee1\ufe0f v\u00e8d\u0151r\u00e0csok az \u00e0gyakra<\/li>\n<li>\ud83d\udec1 kis f\u00fcrd\u0151k\u00e0d<\/li>\n<li>\ud83d\udebc riduzioni per wc<\/li>\n<li>\ud83d\udebc pici wc \u00fcl\u0151ke<\/li>\n<li>\ud83c\udf7c cumis\u00fcveg meleg\u00ect\u0151<\/li>\n<\/ul>\n<p>\ud83c\udfe8 <strong>Szolg\u00e0ltat\u00e0sok a hotelben<\/strong><\/p>\n<ul>\n<li>\ud83e\uddf8 j\u00e0tsz\u00f3 sarok<\/li>\n<li>\ud83d\udc76 babakocsi<\/li>\n<li>\ud83d\udeb2 gyerek bicikli<\/li>\n<li>\ud83e\ude91 gyerek\u00fcl\u00e8s biciklire<\/li>\n<\/ul>\n<p>\ud83c\udf7d\ufe0f <strong>Az \u00e8tteremben<\/strong><\/p>\n<ul>\n<li>\ud83d\udc69\u200d\ud83c\udf7c k\u00fcl\u00f6n helys\u00e8g kisgyerekes anyuk\u00e0knak<\/li>\n<li>\ud83e\udd63 z\u00f6lds\u00e8g levesek elk\u00e8sz\u00ect\u00e8se<\/li>\n<li>\ud83c\udf72 f\u0151zel\u00e8kek elk\u00e8sz\u00ect\u00e8se<\/li>\n<li>\ud83e\ude91 gyerek \u00fcl\u0151ke<\/li>\n<\/ul>\n<\/div><\/div><\/div><\/div><\/div><div class=\"vc_col-sm-6 wpb_column vc_column_container\"><div class=\"vc_column-inner\"><div class=\"wpb_wrapper\"><div class=\"w-gallery fit_cover type_grid ratio_1x1 count_10\" style=\"--columns:2;--items-gap:10px;\"><div class=\"w-gallery-list\"><div class=\"w-gallery-item\"><div class=\"w-gallery-item-img\"><img loading=\"lazy\" decoding=\"async\" width=\"800\" height=\"538\" src=\"https:\/\/www.hoteldoge.net\/wp-content\/uploads\/2019\/12\/area-bimbi.jpg\" class=\"attachment-large size-large\" alt=\"\" srcset=\"https:\/\/www.hoteldoge.net\/wp-content\/uploads\/2019\/12\/area-bimbi.jpg 800w, https:\/\/www.hoteldoge.net\/wp-content\/uploads\/2019\/12\/area-bimbi-300x202.jpg 300w\" sizes=\"auto, (max-width: 800px) 100vw, 800px\" \/><\/div><\/div><div class=\"w-gallery-item\"><div class=\"w-gallery-item-img\"><img loading=\"lazy\" decoding=\"async\" width=\"800\" height=\"538\" src=\"https:\/\/www.hoteldoge.net\/wp-content\/uploads\/2019\/12\/area-bimbi-2.jpg\" class=\"attachment-large size-large\" alt=\"\" srcset=\"https:\/\/www.hoteldoge.net\/wp-content\/uploads\/2019\/12\/area-bimbi-2.jpg 800w, https:\/\/www.hoteldoge.net\/wp-content\/uploads\/2019\/12\/area-bimbi-2-300x202.jpg 300w\" sizes=\"auto, (max-width: 800px) 100vw, 800px\" \/><\/div><\/div><div class=\"w-gallery-item\"><div class=\"w-gallery-item-img\"><img loading=\"lazy\" decoding=\"async\" width=\"900\" height=\"650\" src=\"https:\/\/www.hoteldoge.net\/wp-content\/uploads\/2019\/12\/bimbo-gioca-spiaggia-1.jpg\" class=\"attachment-large size-large\" alt=\"\" srcset=\"https:\/\/www.hoteldoge.net\/wp-content\/uploads\/2019\/12\/bimbo-gioca-spiaggia-1.jpg 900w, https:\/\/www.hoteldoge.net\/wp-content\/uploads\/2019\/12\/bimbo-gioca-spiaggia-1-300x217.jpg 300w\" sizes=\"auto, (max-width: 900px) 100vw, 900px\" \/><\/div><\/div><div class=\"w-gallery-item\"><div class=\"w-gallery-item-img\"><img loading=\"lazy\" decoding=\"async\" width=\"800\" height=\"538\" src=\"https:\/\/www.hoteldoge.net\/wp-content\/uploads\/2019\/12\/area-bimbi-3.jpg\" class=\"attachment-large size-large\" alt=\"\" srcset=\"https:\/\/www.hoteldoge.net\/wp-content\/uploads\/2019\/12\/area-bimbi-3.jpg 800w, https:\/\/www.hoteldoge.net\/wp-content\/uploads\/2019\/12\/area-bimbi-3-300x202.jpg 300w\" sizes=\"auto, (max-width: 800px) 100vw, 800px\" \/><\/div><\/div><div class=\"w-gallery-item\"><div class=\"w-gallery-item-img\"><img loading=\"lazy\" decoding=\"async\" width=\"900\" height=\"600\" src=\"https:\/\/www.hoteldoge.net\/wp-content\/uploads\/2019\/12\/bambine-piscina-1.jpg\" class=\"attachment-large size-large\" alt=\"\" srcset=\"https:\/\/www.hoteldoge.net\/wp-content\/uploads\/2019\/12\/bambine-piscina-1.jpg 900w, https:\/\/www.hoteldoge.net\/wp-content\/uploads\/2019\/12\/bambine-piscina-1-300x200.jpg 300w\" sizes=\"auto, (max-width: 900px) 100vw, 900px\" \/><\/div><\/div><div class=\"w-gallery-item\"><div class=\"w-gallery-item-img\"><img loading=\"lazy\" decoding=\"async\" width=\"1024\" height=\"627\" src=\"https:\/\/www.hoteldoge.net\/wp-content\/uploads\/2019\/12\/bambini-1024x627.jpg\" class=\"attachment-large size-large\" alt=\"\" srcset=\"https:\/\/www.hoteldoge.net\/wp-content\/uploads\/2019\/12\/bambini-1024x627.jpg 1024w, https:\/\/www.hoteldoge.net\/wp-content\/uploads\/2019\/12\/bambini-300x184.jpg 300w, https:\/\/www.hoteldoge.net\/wp-content\/uploads\/2019\/12\/bambini-1536x941.jpg 1536w, https:\/\/www.hoteldoge.net\/wp-content\/uploads\/2019\/12\/bambini.jpg 1913w\" sizes=\"auto, (max-width: 1024px) 100vw, 1024px\" \/><\/div><\/div><div class=\"w-gallery-item\"><div class=\"w-gallery-item-img\"><img loading=\"lazy\" decoding=\"async\" width=\"1024\" height=\"438\" src=\"https:\/\/www.hoteldoge.net\/wp-content\/uploads\/2019\/12\/bimbi-scontati-1024x438.jpg\" class=\"attachment-large size-large\" alt=\"\" srcset=\"https:\/\/www.hoteldoge.net\/wp-content\/uploads\/2019\/12\/bimbi-scontati-1024x438.jpg 1024w, https:\/\/www.hoteldoge.net\/wp-content\/uploads\/2019\/12\/bimbi-scontati-300x128.jpg 300w, https:\/\/www.hoteldoge.net\/wp-content\/uploads\/2019\/12\/bimbi-scontati.jpg 1501w\" sizes=\"auto, (max-width: 1024px) 100vw, 1024px\" \/><\/div><\/div><div class=\"w-gallery-item\"><div class=\"w-gallery-item-img\"><img loading=\"lazy\" decoding=\"async\" width=\"1024\" height=\"518\" src=\"https:\/\/www.hoteldoge.net\/wp-content\/uploads\/2019\/12\/fam-1-1024x518.jpg\" class=\"attachment-large size-large\" alt=\"\" srcset=\"https:\/\/www.hoteldoge.net\/wp-content\/uploads\/2019\/12\/fam-1-1024x518.jpg 1024w, https:\/\/www.hoteldoge.net\/wp-content\/uploads\/2019\/12\/fam-1-300x152.jpg 300w, https:\/\/www.hoteldoge.net\/wp-content\/uploads\/2019\/12\/fam-1-1536x777.jpg 1536w, https:\/\/www.hoteldoge.net\/wp-content\/uploads\/2019\/12\/fam-1.jpg 1920w\" sizes=\"auto, (max-width: 1024px) 100vw, 1024px\" \/><\/div><\/div><div class=\"w-gallery-item\"><div class=\"w-gallery-item-img\"><img loading=\"lazy\" decoding=\"async\" width=\"900\" height=\"600\" src=\"https:\/\/www.hoteldoge.net\/wp-content\/uploads\/2019\/12\/camera-bimbo-famiglia.jpg\" class=\"attachment-large size-large\" alt=\"\" srcset=\"https:\/\/www.hoteldoge.net\/wp-content\/uploads\/2019\/12\/camera-bimbo-famiglia.jpg 900w, https:\/\/www.hoteldoge.net\/wp-content\/uploads\/2019\/12\/camera-bimbo-famiglia-300x200.jpg 300w\" sizes=\"auto, (max-width: 900px) 100vw, 900px\" \/><\/div><\/div><div class=\"w-gallery-item\"><div class=\"w-gallery-item-img\"><img loading=\"lazy\" decoding=\"async\" width=\"1024\" height=\"546\" src=\"https:\/\/www.hoteldoge.net\/wp-content\/uploads\/2019\/12\/doge-pishina-1024x546.jpg\" class=\"attachment-large size-large\" alt=\"\" srcset=\"https:\/\/www.hoteldoge.net\/wp-content\/uploads\/2019\/12\/doge-pishina-1024x546.jpg 1024w, https:\/\/www.hoteldoge.net\/wp-content\/uploads\/2019\/12\/doge-pishina-300x160.jpg 300w, https:\/\/www.hoteldoge.net\/wp-content\/uploads\/2019\/12\/doge-pishina.jpg 1500w\" sizes=\"auto, (max-width: 1024px) 100vw, 1024px\" \/><\/div><\/div><\/div><\/div><\/div><\/div><\/div><\/div><\/div><\/section>\n","protected":false},"excerpt":{"rendered":"\ud83d\udc76 Szolg\u00e1ltat\u00e1sok Gyermekek R\u00e9sz\u00e9re [vc_custom_heading text=\"FAMILY HOTEL\" font_container=\"tag:h1|font_size:30|text_align:left\" google_fonts=\"font_family:Raleway%3A100%2C200%2C300%2Cregular%2C500%2C600%2C700%2C800%2C900|font_style:700%20bold%20regular%3A700%3Anormal\" css=\"%7B%22default%22%3A%7B%22margin-top%22%3A%220px%22%2C%22padding-top%22%3A%220px%22%2C%22font-size%22%3A%2230%22%7D%7D\"]\ud83d\udc68\u200d\ud83d\udc69\u200d\ud83d\udc67\u200d\ud83d\udc66 Amelyik Hotel gondoskodik a gyerekekr\u0151l arr\u00f2l a hotelr\u00f2l el lehet mondani, hogy sz\u00ecv\u00e8n viseli a vend\u00e8gei j\u00f2ll\u00e8t\u00e8t. \ud83e\uddf8 Family hotel sok szolg\u00e0ltat\u00e0ssal a gyerekek r\u00e8sz\u00e8re mint pl kis\u00e0gyak, baby men\u00fc, animaci\u00f2ne, \u00e8s kedvezm\u00e8nyes \u00e0rak. \ud83c\udf89 Anim\u00e0zi\u00f2ne gyerekeknek a sz\u00e0llod\u00e0ban \ud83d\udc83 baby dance \ud83c\udfa8 gyerek smink...","protected":false},"author":1,"featured_media":0,"parent":0,"menu_order":0,"comment_status":"closed","ping_status":"closed","template":"","meta":{"footnotes":""},"class_list":["post-2160","page","type-page","status-publish","hentry"],"yoast_head":"<!-- This site is optimized with the Yoast SEO plugin v26.5 - https:\/\/yoast.com\/wordpress\/plugins\/seo\/ -->\n<title>Family Hote Torre Pedrera tengerpartj\u00e0n medenc\u00e8vel \u00e8s stranddal, All inclusive<\/title>\n<meta name=\"description\" content=\"Family Hote Torre Pedrera tengerpartj\u00e0n medenc\u00e8vel \u00e8s stranddal, szolg\u00e0ltat\u00e0sok gyerekes csal\u00e0dok sz\u00e0m\u00e0ra, All inclusiv formula.\" \/>\n<meta name=\"robots\" content=\"index, follow, max-snippet:-1, max-image-preview:large, max-video-preview:-1\" \/>\n<link rel=\"canonical\" href=\"https:\/\/www.hoteldoge.net\/hu\/szolgaltatasok-gyermekek-reszere-csaladi-hotel-rimini\/\" \/>\n<meta property=\"og:locale\" content=\"hu_HU\" \/>\n<meta property=\"og:type\" content=\"article\" \/>\n<meta property=\"og:title\" content=\"Family Hote Torre Pedrera tengerpartj\u00e0n medenc\u00e8vel \u00e8s stranddal, All inclusive\" \/>\n<meta property=\"og:description\" content=\"Family Hote Torre Pedrera tengerpartj\u00e0n medenc\u00e8vel \u00e8s stranddal, szolg\u00e0ltat\u00e0sok gyerekes csal\u00e0dok sz\u00e0m\u00e0ra, All inclusiv formula.\" \/>\n<meta property=\"og:url\" content=\"https:\/\/www.hoteldoge.net\/hu\/szolgaltatasok-gyermekek-reszere-csaladi-hotel-rimini\/\" \/>\n<meta property=\"og:site_name\" content=\"Hotel Doge Torre Pedrera\" \/>\n<meta property=\"article:modified_time\" content=\"2026-02-04T12:03:17+00:00\" \/>\n<meta name=\"twitter:card\" content=\"summary_large_image\" \/>\n<meta name=\"twitter:label1\" content=\"Becs\u00fclt olvas\u00e1si id\u0151\" \/>\n\t<meta name=\"twitter:data1\" content=\"1 perc\" \/>\n<script type=\"application\/ld+json\" class=\"yoast-schema-graph\">{\"@context\":\"https:\/\/schema.org\",\"@graph\":[{\"@type\":\"WebPage\",\"@id\":\"https:\/\/www.hoteldoge.net\/hu\/szolgaltatasok-gyermekek-reszere-csaladi-hotel-rimini\/\",\"url\":\"https:\/\/www.hoteldoge.net\/hu\/szolgaltatasok-gyermekek-reszere-csaladi-hotel-rimini\/\",\"name\":\"Family Hote Torre Pedrera tengerpartj\u00e0n medenc\u00e8vel \u00e8s stranddal, All inclusive\",\"isPartOf\":{\"@id\":\"https:\/\/www.hoteldoge.net\/de\/#website\"},\"datePublished\":\"2020-02-20T18:07:32+00:00\",\"dateModified\":\"2026-02-04T12:03:17+00:00\",\"description\":\"Family Hote Torre Pedrera tengerpartj\u00e0n medenc\u00e8vel \u00e8s stranddal, szolg\u00e0ltat\u00e0sok gyerekes csal\u00e0dok sz\u00e0m\u00e0ra, All inclusiv formula.\",\"breadcrumb\":{\"@id\":\"https:\/\/www.hoteldoge.net\/hu\/szolgaltatasok-gyermekek-reszere-csaladi-hotel-rimini\/#breadcrumb\"},\"inLanguage\":\"hu\",\"potentialAction\":[{\"@type\":\"ReadAction\",\"target\":[\"https:\/\/www.hoteldoge.net\/hu\/szolgaltatasok-gyermekek-reszere-csaladi-hotel-rimini\/\"]}]},{\"@type\":\"BreadcrumbList\",\"@id\":\"https:\/\/www.hoteldoge.net\/hu\/szolgaltatasok-gyermekek-reszere-csaladi-hotel-rimini\/#breadcrumb\",\"itemListElement\":[{\"@type\":\"ListItem\",\"position\":1,\"name\":\"Home\",\"item\":\"https:\/\/www.hoteldoge.net\/it\/\"},{\"@type\":\"ListItem\",\"position\":2,\"name\":\"Szolg\u00e1ltat\u00e1sok Gyermekek R\u00e9sz\u00e9re\"}]},{\"@type\":\"WebSite\",\"@id\":\"https:\/\/www.hoteldoge.net\/de\/#website\",\"url\":\"https:\/\/www.hoteldoge.net\/de\/\",\"name\":\"Hotel Doge Torre Pedrera\",\"description\":\"Hotel 3 stelle Torre Pedrera All inclusive con Piscina e Spiaggia\",\"potentialAction\":[{\"@type\":\"SearchAction\",\"target\":{\"@type\":\"EntryPoint\",\"urlTemplate\":\"https:\/\/www.hoteldoge.net\/de\/?s={search_term_string}\"},\"query-input\":{\"@type\":\"PropertyValueSpecification\",\"valueRequired\":true,\"valueName\":\"search_term_string\"}}],\"inLanguage\":\"hu\"}]}<\/script>\n<!-- \/ Yoast SEO plugin. -->","yoast_head_json":{"title":"Family Hote Torre Pedrera tengerpartj\u00e0n medenc\u00e8vel \u00e8s stranddal, All inclusive","description":"Family Hote Torre Pedrera tengerpartj\u00e0n medenc\u00e8vel \u00e8s stranddal, szolg\u00e0ltat\u00e0sok gyerekes csal\u00e0dok sz\u00e0m\u00e0ra, All inclusiv formula.","robots":{"index":"index","follow":"follow","max-snippet":"max-snippet:-1","max-image-preview":"max-image-preview:large","max-video-preview":"max-video-preview:-1"},"canonical":"https:\/\/www.hoteldoge.net\/hu\/szolgaltatasok-gyermekek-reszere-csaladi-hotel-rimini\/","og_locale":"hu_HU","og_type":"article","og_title":"Family Hote Torre Pedrera tengerpartj\u00e0n medenc\u00e8vel \u00e8s stranddal, All inclusive","og_description":"Family Hote Torre Pedrera tengerpartj\u00e0n medenc\u00e8vel \u00e8s stranddal, szolg\u00e0ltat\u00e0sok gyerekes csal\u00e0dok sz\u00e0m\u00e0ra, All inclusiv formula.","og_url":"https:\/\/www.hoteldoge.net\/hu\/szolgaltatasok-gyermekek-reszere-csaladi-hotel-rimini\/","og_site_name":"Hotel Doge Torre Pedrera","article_modified_time":"2026-02-04T12:03:17+00:00","twitter_card":"summary_large_image","twitter_misc":{"Becs\u00fclt olvas\u00e1si id\u0151":"1 perc"},"schema":{"@context":"https:\/\/schema.org","@graph":[{"@type":"WebPage","@id":"https:\/\/www.hoteldoge.net\/hu\/szolgaltatasok-gyermekek-reszere-csaladi-hotel-rimini\/","url":"https:\/\/www.hoteldoge.net\/hu\/szolgaltatasok-gyermekek-reszere-csaladi-hotel-rimini\/","name":"Family Hote Torre Pedrera tengerpartj\u00e0n medenc\u00e8vel \u00e8s stranddal, All inclusive","isPartOf":{"@id":"https:\/\/www.hoteldoge.net\/de\/#website"},"datePublished":"2020-02-20T18:07:32+00:00","dateModified":"2026-02-04T12:03:17+00:00","description":"Family Hote Torre Pedrera tengerpartj\u00e0n medenc\u00e8vel \u00e8s stranddal, szolg\u00e0ltat\u00e0sok gyerekes csal\u00e0dok sz\u00e0m\u00e0ra, All inclusiv formula.","breadcrumb":{"@id":"https:\/\/www.hoteldoge.net\/hu\/szolgaltatasok-gyermekek-reszere-csaladi-hotel-rimini\/#breadcrumb"},"inLanguage":"hu","potentialAction":[{"@type":"ReadAction","target":["https:\/\/www.hoteldoge.net\/hu\/szolgaltatasok-gyermekek-reszere-csaladi-hotel-rimini\/"]}]},{"@type":"BreadcrumbList","@id":"https:\/\/www.hoteldoge.net\/hu\/szolgaltatasok-gyermekek-reszere-csaladi-hotel-rimini\/#breadcrumb","itemListElement":[{"@type":"ListItem","position":1,"name":"Home","item":"https:\/\/www.hoteldoge.net\/it\/"},{"@type":"ListItem","position":2,"name":"Szolg\u00e1ltat\u00e1sok Gyermekek R\u00e9sz\u00e9re"}]},{"@type":"WebSite","@id":"https:\/\/www.hoteldoge.net\/de\/#website","url":"https:\/\/www.hoteldoge.net\/de\/","name":"Hotel Doge Torre Pedrera","description":"Hotel 3 stelle Torre Pedrera All inclusive con Piscina e Spiaggia","potentialAction":[{"@type":"SearchAction","target":{"@type":"EntryPoint","urlTemplate":"https:\/\/www.hoteldoge.net\/de\/?s={search_term_string}"},"query-input":{"@type":"PropertyValueSpecification","valueRequired":true,"valueName":"search_term_string"}}],"inLanguage":"hu"}]}},"_links":{"self":[{"href":"https:\/\/www.hoteldoge.net\/hu\/wp-json\/wp\/v2\/pages\/2160","targetHints":{"allow":["GET"]}}],"collection":[{"href":"https:\/\/www.hoteldoge.net\/hu\/wp-json\/wp\/v2\/pages"}],"about":[{"href":"https:\/\/www.hoteldoge.net\/hu\/wp-json\/wp\/v2\/types\/page"}],"author":[{"embeddable":true,"href":"https:\/\/www.hoteldoge.net\/hu\/wp-json\/wp\/v2\/users\/1"}],"replies":[{"embeddable":true,"href":"https:\/\/www.hoteldoge.net\/hu\/wp-json\/wp\/v2\/comments?post=2160"}],"version-history":[{"count":11,"href":"https:\/\/www.hoteldoge.net\/hu\/wp-json\/wp\/v2\/pages\/2160\/revisions"}],"predecessor-version":[{"id":5295,"href":"https:\/\/www.hoteldoge.net\/hu\/wp-json\/wp\/v2\/pages\/2160\/revisions\/5295"}],"wp:attachment":[{"href":"https:\/\/www.hoteldoge.net\/hu\/wp-json\/wp\/v2\/media?parent=2160"}],"curies":[{"name":"wp","href":"https:\/\/api.w.org\/{rel}","templated":true}]}}