{"id":1129,"date":"2019-12-19T16:28:19","date_gmt":"2019-12-19T15:28:19","guid":{"rendered":"https:\/\/www.hroyal.it\/?page_id=1129"},"modified":"2025-02-13T15:41:34","modified_gmt":"2025-02-13T14:41:34","slug":"servizi-bike","status":"publish","type":"page","link":"https:\/\/www.hoteldoge.net\/hu\/servizi-bike\/","title":{"rendered":"Servizi Bike Hotel Rimini, Assistenza &#038; Benessere"},"content":{"rendered":"<section class=\"l-section wpb_row us_custom_33fe73d0 height_huge width_full\"><div class=\"l-section-h i-cf\"><div class=\"g-cols vc_row via_flex valign_top type_default stacking_default\"><div class=\"vc_col-sm-12 wpb_column vc_column_container\"><div class=\"vc_column-inner\"><div class=\"wpb_wrapper\">\n\t\t\t<!-- START servizibike REVOLUTION SLIDER 6.7.37 --><p class=\"rs-p-wp-fix\"><\/p>\n\t\t\t<rs-module-wrap id=\"rev_slider_9_1_wrapper\" data-source=\"gallery\" style=\"visibility:hidden;background:transparent;padding:0;margin:0px auto;margin-top:0;margin-bottom:0;\">\n\t\t\t\t<rs-module id=\"rev_slider_9_1\" style=\"\" data-version=\"6.7.37\">\n\t\t\t\t\t<rs-slides style=\"overflow: hidden; position: absolute;\">\n\t\t\t\t\t\t<rs-slide style=\"position: absolute;\" data-key=\"rs-14\" data-title=\"Slide\" data-anim=\"ms:1000;r:0;\" data-in=\"o:0;\" data-out=\"a:false;\">\n\t\t\t\t\t\t\t<img decoding=\"async\" src=\"\/\/www.hoteldoge.net\/wp-content\/plugins\/revslider\/sr6\/assets\/assets\/dummy.png\" alt=\"\" title=\"verucchio-bici\" width=\"1920\" height=\"920\" class=\"rev-slidebg tp-rs-img rs-lazyload\" data-lazyload=\"\/\/www.hoteldoge.net\/wp-content\/uploads\/2019\/12\/verucchio-bici-1.jpg\" data-bg=\"p:center bottom;\" data-no-retina>\n<!---->\t\t\t\t\t<\/rs-slide>\n\t\t\t\t\t<\/rs-slides>\n\t\t\t\t<\/rs-module>\n\t\t\t\t<script>\n\t\t\t\t\tsetREVStartSize({c: 'rev_slider_9_1',rl:[1240,1024,778,480],el:[900],gw:[1240],gh:[900],type:'hero',justify:'',layout:'fullwidth',mh:\"0\"});if (window.RS_MODULES!==undefined && window.RS_MODULES.modules!==undefined && window.RS_MODULES.modules[\"revslider91\"]!==undefined) {window.RS_MODULES.modules[\"revslider91\"].once = false;window.revapi9 = undefined;if (window.RS_MODULES.checkMinimal!==undefined) window.RS_MODULES.checkMinimal()}\n\t\t\t\t<\/script>\n\t\t\t<\/rs-module-wrap>\n\t\t\t<!-- END REVOLUTION SLIDER -->\n<\/div><\/div><\/div><\/div><\/div><\/section><section class=\"l-section wpb_row us_custom_0a5fe326 height_medium\"><div class=\"l-section-h i-cf\"><div class=\"g-cols vc_row via_flex valign_top type_default stacking_default\"><div class=\"vc_col-sm-12 wpb_column vc_column_container\"><div class=\"vc_column-inner\"><div class=\"wpb_wrapper\"><div class=\"wpb_text_column\"><div class=\"wpb_wrapper\"><h1 style=\"text-align: center; font-size: 250%;\">Servizi per ciclisti<\/h1>\n<\/div><\/div><\/div><\/div><\/div><\/div><\/div><\/section><section class=\"l-section wpb_row height_medium\"><div class=\"l-section-h i-cf\"><div class=\"g-cols vc_row via_flex valign_middle type_default stacking_default\"><div class=\"vc_col-sm-6 wpb_column vc_column_container\"><div class=\"vc_column-inner type_sticky\"><div class=\"wpb_wrapper\">[vc_custom_heading text=&#8221;Bike Hotel Doge&#8221; font_container=&#8221;tag:h2|font_size:20|text_align:left&#8221; google_fonts=&#8221;font_family:Raleway%3A100%2C200%2C300%2Cregular%2C500%2C600%2C700%2C800%2C900|font_style:400%20regular%3A400%3Anormal&#8221; css=&#8221;%7B%22default%22%3A%7B%22font-size%22%3A%2220%22%7D%7D&#8221;]<div class=\"w-separator size_small\"><\/div><div class=\"wpb_text_column\"><div class=\"wpb_wrapper\"><p>Moderno ed elegante 3 stelle sul lungomare di Torre Pedrera. Affaccia <strong>direttamente sul mare<\/strong> e fa parte del circuito <strong>Rimini Bike Hotels<\/strong>.<\/p>\n<p>Le sue camere sono arredate con gusto e sobriet\u00e0 e <strong>accessoriate<\/strong> con ogni confort: wc\/doccia, phon, tv satellitare, cassetta di sicurezza, <strong>wifi<\/strong>, telefono diretto e balcone.<\/p>\n<p>Dispone di un grande parcheggio privato ad uso esclusivo degli ospiti e di una sala attrezzata per il <strong>deposito delle bici<\/strong>. Dista da Rimini soltanto pochi km.<\/p>\n<\/div><\/div><div class=\"w-separator size_small\"><\/div><div class=\"w-btn-wrapper align_none\"><a class=\"w-btn us-btn-style_1\" href=\"https:\/\/www.hoteldoge.net\/it\/contatti\/\"><span class=\"w-btn-label\">Richiedi Maggiori Informazioni<\/span><\/a><\/div><\/div><\/div><\/div><div class=\"vc_col-sm-6 wpb_column vc_column_container\"><div class=\"vc_column-inner\"><div class=\"wpb_wrapper\"><div class=\"w-image align_none\"><a ref=\"magnificPopup\" href=\"https:\/\/www.hoteldoge.net\/wp-content\/uploads\/2019\/12\/camera-vista-mare-laterale.jpg\" aria-label=\"camera-vista-mare-laterale\" class=\"w-image-h\"><img decoding=\"async\" width=\"1000\" height=\"666\" src=\"https:\/\/www.hoteldoge.net\/wp-content\/uploads\/2019\/12\/camera-vista-mare-laterale.jpg\" class=\"attachment-large size-large\" alt=\"\" loading=\"lazy\" srcset=\"https:\/\/www.hoteldoge.net\/wp-content\/uploads\/2019\/12\/camera-vista-mare-laterale.jpg 1000w, https:\/\/www.hoteldoge.net\/wp-content\/uploads\/2019\/12\/camera-vista-mare-laterale-300x200.jpg 300w\" sizes=\"auto, (max-width: 1000px) 100vw, 1000px\" \/><\/a><\/div><\/div><\/div><\/div><\/div><\/div><\/section><!-- Row Backgrounds --><div class=\"upb_color\" data-bg-override=\"0\" data-bg-color=\"#e1d7cb\" data-fadeout=\"\" data-fadeout-percentage=\"30\" data-parallax-content=\"\" data-parallax-content-sense=\"30\" data-row-effect-mobile-disable=\"true\" data-img-parallax-mobile-disable=\"true\" data-rtl=\"false\"  data-custom-vc-row=\"\"  data-vc=\"8.6.1\"  data-is_old_vc=\"\"  data-theme-support=\"\"   data-overlay=\"false\" data-overlay-color=\"\" data-overlay-pattern=\"\" data-overlay-pattern-opacity=\"\" data-overlay-pattern-size=\"\"    ><\/div><section class=\"l-section wpb_row height_medium\"><div class=\"l-section-h i-cf\"><div class=\"g-cols vc_row via_flex valign_middle type_default stacking_default\"><div class=\"vc_col-sm-6 wpb_column vc_column_container\"><div class=\"vc_column-inner\"><div class=\"wpb_wrapper\"><div class=\"w-image us_custom_4edece6e align_none\"><a ref=\"magnificPopup\" href=\"https:\/\/www.hoteldoge.net\/wp-content\/uploads\/2019\/12\/assistenza-bike-1.jpg\" aria-label=\"assistenza-bike\" class=\"w-image-h\"><img decoding=\"async\" width=\"900\" height=\"601\" src=\"https:\/\/www.hoteldoge.net\/wp-content\/uploads\/2019\/12\/assistenza-bike-1.jpg\" class=\"attachment-large size-large\" alt=\"\" loading=\"lazy\" srcset=\"https:\/\/www.hoteldoge.net\/wp-content\/uploads\/2019\/12\/assistenza-bike-1.jpg 900w, https:\/\/www.hoteldoge.net\/wp-content\/uploads\/2019\/12\/assistenza-bike-1-300x200.jpg 300w\" sizes=\"auto, (max-width: 900px) 100vw, 900px\" \/><\/a><\/div><\/div><\/div><\/div><div class=\"vc_col-sm-6 wpb_column vc_column_container\"><div class=\"vc_column-inner us_custom_d984a24d\"><div class=\"wpb_wrapper\">[vc_custom_heading text=&#8221;Servizi per i Ciclisti&#8221; font_container=&#8221;tag:h2|font_size:26|text_align:left&#8221; google_fonts=&#8221;font_family:Raleway%3A100%2C200%2C300%2Cregular%2C500%2C600%2C700%2C800%2C900|font_style:400%20regular%3A400%3Anormal&#8221; css=&#8221;%7B%22default%22%3A%7B%22font-size%22%3A%2220%22%7D%7D&#8221;]<div class=\"wpb_text_column\"><div class=\"wpb_wrapper\"><p>L\u2019Hotel Doge offre ai cicloamatori specifici <strong>servizi per custodia<\/strong>, deposito e <strong>riparazione<\/strong> della propria bici. \u00c8 gestito personalmente dai fratelli Bilancioni, appassionati cicloturisti, che vi sapranno accompagnare o consigliare percorsi speciali alla scoperta dell\u2019entroterra romagnolo. Su richiesta si programmano anche <strong>cicloescursioni personalizzate<\/strong>.<br \/>\nI servizi comprendono:<\/p>\n<ul>\n<li>recupero bici<\/li>\n<li>deposito bici con corner per abbigliamento tecnico<\/li>\n<li>officina meccanica per eventuali riparazioni e pulizie<\/li>\n<li>convenzioni con negozio specializzato in vendita e riparazioni<\/li>\n<li><strong>cicloescursioni personalizzate<\/strong> (su richiesta)<\/li>\n<\/ul>\n<\/div><\/div><\/div><\/div><\/div><\/div><\/div><\/section><!-- Row Backgrounds --><div class=\"upb_color\" data-bg-override=\"0\" data-bg-color=\"#f5f5f5\" data-fadeout=\"\" data-fadeout-percentage=\"30\" data-parallax-content=\"\" data-parallax-content-sense=\"30\" data-row-effect-mobile-disable=\"true\" data-img-parallax-mobile-disable=\"true\" data-rtl=\"false\"  data-custom-vc-row=\"\"  data-vc=\"8.6.1\"  data-is_old_vc=\"\"  data-theme-support=\"\"   data-overlay=\"false\" data-overlay-color=\"\" data-overlay-pattern=\"\" data-overlay-pattern-opacity=\"\" data-overlay-pattern-size=\"\"    ><\/div><section class=\"l-section wpb_row us_custom_a33c4197 height_medium\"><div class=\"l-section-h i-cf\"><div class=\"g-cols vc_row via_flex valign_middle type_default stacking_default\"><div class=\"vc_col-sm-6 wpb_column vc_column_container\"><div class=\"vc_column-inner\"><div class=\"wpb_wrapper\">[vc_custom_heading text=&#8221;Colazione da Campioni&#8221; font_container=&#8221;tag:h2|font_size:26|text_align:left&#8221; google_fonts=&#8221;font_family:Raleway%3A100%2C200%2C300%2Cregular%2C500%2C600%2C700%2C800%2C900|font_style:400%20regular%3A400%3Anormal&#8221; css=&#8221;%7B%22default%22%3A%7B%22font-size%22%3A%2220%22%7D%7D&#8221;]<div class=\"wpb_text_column\"><div class=\"wpb_wrapper\"><p><strong>Ricca colazione<\/strong> a buffet dolce e salata con torte, biscotti fatti in casa, yogurt, cereali, brioches.<\/p>\n<p>L\u2019Hotel propone una cucina tradizionale con piatti tipici del territorio: tre menu a scelta (tre primi e tre secondi) e ampi buffet di verdure crude e cotte, antipasti, frutta assortita e formaggi al carrello.<\/p>\n<p>La sala \u00e8 ampia e luminosa, affaccia sul mare ed \u00e8 dotata di climatizzatore.<\/p>\n<\/div><\/div><\/div><\/div><\/div><div class=\"vc_col-sm-6 wpb_column vc_column_container\"><div class=\"vc_column-inner\"><div class=\"wpb_wrapper\"><div class=\"w-image align_none\"><a ref=\"magnificPopup\" href=\"https:\/\/www.hoteldoge.net\/wp-content\/uploads\/2019\/12\/colazione-da-campioni.jpg\" aria-label=\"colazione-da-campioni\" class=\"w-image-h\"><img decoding=\"async\" width=\"900\" height=\"600\" src=\"https:\/\/www.hoteldoge.net\/wp-content\/uploads\/2019\/12\/colazione-da-campioni.jpg\" class=\"attachment-large size-large\" alt=\"\" loading=\"lazy\" srcset=\"https:\/\/www.hoteldoge.net\/wp-content\/uploads\/2019\/12\/colazione-da-campioni.jpg 900w, https:\/\/www.hoteldoge.net\/wp-content\/uploads\/2019\/12\/colazione-da-campioni-300x200.jpg 300w\" sizes=\"auto, (max-width: 900px) 100vw, 900px\" \/><\/a><\/div><\/div><\/div><\/div><\/div><\/div><\/section><!-- Row Backgrounds --><div class=\"upb_color\" data-bg-override=\"0\" data-bg-color=\"#e1d7cb\" data-fadeout=\"\" data-fadeout-percentage=\"30\" data-parallax-content=\"\" data-parallax-content-sense=\"30\" data-row-effect-mobile-disable=\"true\" data-img-parallax-mobile-disable=\"true\" data-rtl=\"false\"  data-custom-vc-row=\"\"  data-vc=\"8.6.1\"  data-is_old_vc=\"\"  data-theme-support=\"\"   data-overlay=\"false\" data-overlay-color=\"\" data-overlay-pattern=\"\" data-overlay-pattern-opacity=\"\" data-overlay-pattern-size=\"\"    ><\/div><section class=\"l-section wpb_row us_custom_cf3d7369 height_medium\"><div class=\"l-section-h i-cf\"><div class=\"g-cols vc_row via_flex valign_middle type_default stacking_default\"><div class=\"vc_col-sm-6 wpb_column vc_column_container\"><div class=\"vc_column-inner\"><div class=\"wpb_wrapper\"><div class=\"w-image align_none\"><a ref=\"magnificPopup\" href=\"https:\/\/www.hoteldoge.net\/wp-content\/uploads\/2019\/12\/piscina-hotel-doge3.jpg\" aria-label=\"piscina-hotel-doge3\" class=\"w-image-h\"><img decoding=\"async\" width=\"900\" height=\"675\" src=\"https:\/\/www.hoteldoge.net\/wp-content\/uploads\/2019\/12\/piscina-hotel-doge3.jpg\" class=\"attachment-large size-large\" alt=\"\" loading=\"lazy\" srcset=\"https:\/\/www.hoteldoge.net\/wp-content\/uploads\/2019\/12\/piscina-hotel-doge3.jpg 900w, https:\/\/www.hoteldoge.net\/wp-content\/uploads\/2019\/12\/piscina-hotel-doge3-300x225.jpg 300w\" sizes=\"auto, (max-width: 900px) 100vw, 900px\" \/><\/a><\/div><\/div><\/div><\/div><div class=\"vc_col-sm-6 wpb_column vc_column_container\"><div class=\"vc_column-inner\"><div class=\"wpb_wrapper\">[vc_custom_heading text=&#8221;Piscina&#8221; font_container=&#8221;tag:h2|font_size:20|text_align:left&#8221; google_fonts=&#8221;font_family:Raleway%3A100%2C200%2C300%2Cregular%2C500%2C600%2C700%2C800%2C900|font_style:400%20regular%3A400%3Anormal&#8221; css=&#8221;%7B%22default%22%3A%7B%22font-size%22%3A%2220%22%7D%7D&#8221;]<div class=\"wpb_text_column\"><div class=\"wpb_wrapper\"><p>L\u2019Hotel dispone di una ampia piscina (18\u00d79) con idromassaggio Iacuzzi, servizi igienici, distributori automatici di bevande e stuzzichini, sdraio ed ombrelloni per piacevoli momenti di relax. La zona \u00e8 vicina ad un\u2019area giochi per i pi\u00f9 piccoli.<\/p>\n<\/div><\/div><\/div><\/div><\/div><\/div><\/div><\/section><!-- Row Backgrounds --><div class=\"upb_color\" data-bg-override=\"0\" data-bg-color=\"#e1d7cb\" data-fadeout=\"\" data-fadeout-percentage=\"30\" data-parallax-content=\"\" data-parallax-content-sense=\"30\" data-row-effect-mobile-disable=\"true\" data-img-parallax-mobile-disable=\"true\" data-rtl=\"false\"  data-custom-vc-row=\"\"  data-vc=\"8.6.1\"  data-is_old_vc=\"\"  data-theme-support=\"\"   data-overlay=\"false\" data-overlay-color=\"\" data-overlay-pattern=\"\" data-overlay-pattern-opacity=\"\" data-overlay-pattern-size=\"\"    ><\/div><section class=\"l-section wpb_row height_medium\"><div class=\"l-section-h i-cf\"><div class=\"g-cols vc_row via_flex valign_top type_default stacking_default\"><div class=\"vc_col-sm-6 wpb_column vc_column_container\"><div class=\"vc_column-inner\"><div class=\"wpb_wrapper\">[vc_custom_heading text=&#8221;Early Booking&#8221; font_container=&#8221;tag:h2|font_size:20|text_align:left&#8221; google_fonts=&#8221;font_family:Raleway%3A100%2C200%2C300%2Cregular%2C500%2C600%2C700%2C800%2C900|font_style:400%20regular%3A400%3Anormal&#8221; css=&#8221;%7B%22default%22%3A%7B%22font-size%22%3A%2220%22%7D%7D&#8221;]<div class=\"w-separator size_small\"><\/div><div class=\"wpb_text_column\"><div class=\"wpb_wrapper\"><p><strong>Offerta Early Booking (Prenota Subito e Risparmia):<\/strong><\/p>\n<ul>\n<li>\ud83d\udd38 <span style=\"color: #ee6532; font-size: 1.5em; font-weight: bold;\">-10%<\/span> se prenoti entro il <span style=\"color: #ee6532; font-size: 1.5em; font-weight: bold;\">31\/01\/2025<\/span> | Caparra: <strong>600,00 \u20ac<\/strong> (rimborsabile per disdette fino a 15 giorni prima dell&#8217;arrivo)<\/li>\n<li>\ud83d\udd39 <span style=\"color: #ee6532; font-size: 1.5em; font-weight: bold;\">-5%<\/span> se prenoti entro il <span style=\"color: #ee6532; font-size: 1.5em; font-weight: bold;\">31\/03\/2025<\/span> | Caparra: <strong>300,00 \u20ac<\/strong> (rimborsabile per disdette fino a 15 giorni prima dell&#8217;arrivo)<\/li>\n<li>\ud83d\udc65 L\u2019offerta \u00e8 valida per gruppi di minimo <strong>10 persone<\/strong>.<\/li>\n<\/ul>\n<\/div><\/div><div class=\"w-btn-wrapper align_center\"><a class=\"w-btn us-btn-style_1\" href=\"https:\/\/www.hoteldoge.net\/it\/contatti\/\"><span class=\"w-btn-label\">Richiedi Maggiori Informazioni<\/span><\/a><\/div><\/div><\/div><\/div><div class=\"vc_col-sm-6 wpb_column vc_column_container\"><div class=\"vc_column-inner\"><div class=\"wpb_wrapper\"><div class=\"w-image align_none\"><div class=\"w-image-h\"><img decoding=\"async\" width=\"1024\" height=\"491\" src=\"https:\/\/www.hoteldoge.net\/wp-content\/uploads\/2019\/12\/verucchio-bici-1024x491.jpg\" class=\"attachment-large size-large\" alt=\"\" loading=\"lazy\" srcset=\"https:\/\/www.hoteldoge.net\/wp-content\/uploads\/2019\/12\/verucchio-bici-1024x491.jpg 1024w, https:\/\/www.hoteldoge.net\/wp-content\/uploads\/2019\/12\/verucchio-bici-300x144.jpg 300w, https:\/\/www.hoteldoge.net\/wp-content\/uploads\/2019\/12\/verucchio-bici-1536x736.jpg 1536w, https:\/\/www.hoteldoge.net\/wp-content\/uploads\/2019\/12\/verucchio-bici.jpg 1920w\" sizes=\"auto, (max-width: 1024px) 100vw, 1024px\" \/><\/div><\/div><\/div><\/div><\/div><\/div><\/div><\/section>\n","protected":false},"excerpt":{"rendered":"Servizi per ciclisti [vc_custom_heading text=\"Bike Hotel Doge\" font_container=\"tag:h2|font_size:20|text_align:left\" google_fonts=\"font_family:Raleway%3A100%2C200%2C300%2Cregular%2C500%2C600%2C700%2C800%2C900|font_style:400%20regular%3A400%3Anormal\" css=\"%7B%22default%22%3A%7B%22font-size%22%3A%2220%22%7D%7D\"]Moderno ed elegante 3 stelle sul lungomare di Torre Pedrera. Affaccia direttamente sul mare e fa parte del circuito Rimini Bike Hotels. Le sue camere sono arredate con gusto e sobriet\u00e0 e accessoriate con ogni confort: wc\/doccia, phon, tv satellitare, cassetta di sicurezza, wifi, telefono diretto...","protected":false},"author":1,"featured_media":0,"parent":0,"menu_order":0,"comment_status":"closed","ping_status":"closed","template":"","meta":{"footnotes":""},"class_list":["post-1129","page","type-page","status-publish","hentry"],"yoast_head":"<!-- This site is optimized with the Yoast SEO plugin v26.5 - https:\/\/yoast.com\/wordpress\/plugins\/seo\/ -->\n<title>Servizi Bike Hotel Rimini, Assistenza &amp; Benessere<\/title>\n<meta name=\"description\" content=\"Servizi Bike dell&#039;Hotel Doge a Torre Pedrera di Rimini. Servizi per i ciclisti: deposito e riparazione bici, recupero bici durante escursioni, convenzioni negozi specializzati. Colazione da campioni durante il soggiorno presso l&#039;hotel. Centro Benessere con piscina riscaldata, sauna e bagno turco.\" \/>\n<meta name=\"robots\" content=\"index, follow, max-snippet:-1, max-image-preview:large, max-video-preview:-1\" \/>\n<link rel=\"canonical\" href=\"https:\/\/www.hoteldoge.net\/it\/servizi-bike\/\" \/>\n<meta property=\"og:locale\" content=\"hu_HU\" \/>\n<meta property=\"og:type\" content=\"article\" \/>\n<meta property=\"og:title\" content=\"Servizi Bike Hotel Rimini, Assistenza &amp; Benessere\" \/>\n<meta property=\"og:description\" content=\"Servizi Bike dell&#039;Hotel Doge a Torre Pedrera di Rimini. Servizi per i ciclisti: deposito e riparazione bici, recupero bici durante escursioni, convenzioni negozi specializzati. Colazione da campioni durante il soggiorno presso l&#039;hotel. Centro Benessere con piscina riscaldata, sauna e bagno turco.\" \/>\n<meta property=\"og:url\" content=\"https:\/\/www.hoteldoge.net\/it\/servizi-bike\/\" \/>\n<meta property=\"og:site_name\" content=\"Hotel Doge Torre Pedrera\" \/>\n<meta property=\"article:modified_time\" content=\"2025-02-13T14:41:34+00:00\" \/>\n<meta name=\"twitter:card\" content=\"summary_large_image\" \/>\n<meta name=\"twitter:label1\" content=\"Becs\u00fclt olvas\u00e1si id\u0151\" \/>\n\t<meta name=\"twitter:data1\" content=\"3 perc\" \/>\n<script type=\"application\/ld+json\" class=\"yoast-schema-graph\">{\"@context\":\"https:\/\/schema.org\",\"@graph\":[{\"@type\":\"WebPage\",\"@id\":\"https:\/\/www.hoteldoge.net\/it\/servizi-bike\/\",\"url\":\"https:\/\/www.hoteldoge.net\/it\/servizi-bike\/\",\"name\":\"Servizi Bike Hotel Rimini, Assistenza & Benessere\",\"isPartOf\":{\"@id\":\"https:\/\/www.hoteldoge.net\/de\/#website\"},\"datePublished\":\"2019-12-19T15:28:19+00:00\",\"dateModified\":\"2025-02-13T14:41:34+00:00\",\"description\":\"Servizi Bike dell'Hotel Doge a Torre Pedrera di Rimini. Servizi per i ciclisti: deposito e riparazione bici, recupero bici durante escursioni, convenzioni negozi specializzati. Colazione da campioni durante il soggiorno presso l'hotel. Centro Benessere con piscina riscaldata, sauna e bagno turco.\",\"breadcrumb\":{\"@id\":\"https:\/\/www.hoteldoge.net\/it\/servizi-bike\/#breadcrumb\"},\"inLanguage\":\"hu\",\"potentialAction\":[{\"@type\":\"ReadAction\",\"target\":[\"https:\/\/www.hoteldoge.net\/it\/servizi-bike\/\"]}]},{\"@type\":\"BreadcrumbList\",\"@id\":\"https:\/\/www.hoteldoge.net\/it\/servizi-bike\/#breadcrumb\",\"itemListElement\":[{\"@type\":\"ListItem\",\"position\":1,\"name\":\"Home\",\"item\":\"https:\/\/www.hoteldoge.net\/it\/\"},{\"@type\":\"ListItem\",\"position\":2,\"name\":\"Servizi Bike Hotel Rimini, Assistenza &#038; Benessere\"}]},{\"@type\":\"WebSite\",\"@id\":\"https:\/\/www.hoteldoge.net\/de\/#website\",\"url\":\"https:\/\/www.hoteldoge.net\/de\/\",\"name\":\"Hotel Doge Torre Pedrera\",\"description\":\"Hotel 3 stelle Torre Pedrera All inclusive con Piscina e Spiaggia\",\"potentialAction\":[{\"@type\":\"SearchAction\",\"target\":{\"@type\":\"EntryPoint\",\"urlTemplate\":\"https:\/\/www.hoteldoge.net\/de\/?s={search_term_string}\"},\"query-input\":{\"@type\":\"PropertyValueSpecification\",\"valueRequired\":true,\"valueName\":\"search_term_string\"}}],\"inLanguage\":\"hu\"}]}<\/script>\n<!-- \/ Yoast SEO plugin. -->","yoast_head_json":{"title":"Servizi Bike Hotel Rimini, Assistenza & Benessere","description":"Servizi Bike dell'Hotel Doge a Torre Pedrera di Rimini. Servizi per i ciclisti: deposito e riparazione bici, recupero bici durante escursioni, convenzioni negozi specializzati. Colazione da campioni durante il soggiorno presso l'hotel. Centro Benessere con piscina riscaldata, sauna e bagno turco.","robots":{"index":"index","follow":"follow","max-snippet":"max-snippet:-1","max-image-preview":"max-image-preview:large","max-video-preview":"max-video-preview:-1"},"canonical":"https:\/\/www.hoteldoge.net\/it\/servizi-bike\/","og_locale":"hu_HU","og_type":"article","og_title":"Servizi Bike Hotel Rimini, Assistenza & Benessere","og_description":"Servizi Bike dell'Hotel Doge a Torre Pedrera di Rimini. Servizi per i ciclisti: deposito e riparazione bici, recupero bici durante escursioni, convenzioni negozi specializzati. Colazione da campioni durante il soggiorno presso l'hotel. Centro Benessere con piscina riscaldata, sauna e bagno turco.","og_url":"https:\/\/www.hoteldoge.net\/it\/servizi-bike\/","og_site_name":"Hotel Doge Torre Pedrera","article_modified_time":"2025-02-13T14:41:34+00:00","twitter_card":"summary_large_image","twitter_misc":{"Becs\u00fclt olvas\u00e1si id\u0151":"3 perc"},"schema":{"@context":"https:\/\/schema.org","@graph":[{"@type":"WebPage","@id":"https:\/\/www.hoteldoge.net\/it\/servizi-bike\/","url":"https:\/\/www.hoteldoge.net\/it\/servizi-bike\/","name":"Servizi Bike Hotel Rimini, Assistenza & Benessere","isPartOf":{"@id":"https:\/\/www.hoteldoge.net\/de\/#website"},"datePublished":"2019-12-19T15:28:19+00:00","dateModified":"2025-02-13T14:41:34+00:00","description":"Servizi Bike dell'Hotel Doge a Torre Pedrera di Rimini. Servizi per i ciclisti: deposito e riparazione bici, recupero bici durante escursioni, convenzioni negozi specializzati. Colazione da campioni durante il soggiorno presso l'hotel. Centro Benessere con piscina riscaldata, sauna e bagno turco.","breadcrumb":{"@id":"https:\/\/www.hoteldoge.net\/it\/servizi-bike\/#breadcrumb"},"inLanguage":"hu","potentialAction":[{"@type":"ReadAction","target":["https:\/\/www.hoteldoge.net\/it\/servizi-bike\/"]}]},{"@type":"BreadcrumbList","@id":"https:\/\/www.hoteldoge.net\/it\/servizi-bike\/#breadcrumb","itemListElement":[{"@type":"ListItem","position":1,"name":"Home","item":"https:\/\/www.hoteldoge.net\/it\/"},{"@type":"ListItem","position":2,"name":"Servizi Bike Hotel Rimini, Assistenza &#038; Benessere"}]},{"@type":"WebSite","@id":"https:\/\/www.hoteldoge.net\/de\/#website","url":"https:\/\/www.hoteldoge.net\/de\/","name":"Hotel Doge Torre Pedrera","description":"Hotel 3 stelle Torre Pedrera All inclusive con Piscina e Spiaggia","potentialAction":[{"@type":"SearchAction","target":{"@type":"EntryPoint","urlTemplate":"https:\/\/www.hoteldoge.net\/de\/?s={search_term_string}"},"query-input":{"@type":"PropertyValueSpecification","valueRequired":true,"valueName":"search_term_string"}}],"inLanguage":"hu"}]}},"_links":{"self":[{"href":"https:\/\/www.hoteldoge.net\/hu\/wp-json\/wp\/v2\/pages\/1129","targetHints":{"allow":["GET"]}}],"collection":[{"href":"https:\/\/www.hoteldoge.net\/hu\/wp-json\/wp\/v2\/pages"}],"about":[{"href":"https:\/\/www.hoteldoge.net\/hu\/wp-json\/wp\/v2\/types\/page"}],"author":[{"embeddable":true,"href":"https:\/\/www.hoteldoge.net\/hu\/wp-json\/wp\/v2\/users\/1"}],"replies":[{"embeddable":true,"href":"https:\/\/www.hoteldoge.net\/hu\/wp-json\/wp\/v2\/comments?post=1129"}],"version-history":[{"count":25,"href":"https:\/\/www.hoteldoge.net\/hu\/wp-json\/wp\/v2\/pages\/1129\/revisions"}],"predecessor-version":[{"id":4588,"href":"https:\/\/www.hoteldoge.net\/hu\/wp-json\/wp\/v2\/pages\/1129\/revisions\/4588"}],"wp:attachment":[{"href":"https:\/\/www.hoteldoge.net\/hu\/wp-json\/wp\/v2\/media?parent=1129"}],"curies":[{"name":"wp","href":"https:\/\/api.w.org\/{rel}","templated":true}]}}