{"id":806,"date":"2019-12-13T18:51:17","date_gmt":"2019-12-13T17:51:17","guid":{"rendered":"https:\/\/www.hroyal.it\/it\/?page_id=806"},"modified":"2025-10-12T18:08:25","modified_gmt":"2025-10-12T16:08:25","slug":"camera-fronte-mare-rimini","status":"publish","type":"page","link":"https:\/\/www.hoteldoge.net\/fr\/camera-fronte-mare-rimini\/","title":{"rendered":"Camera AdriaSea"},"content":{"rendered":"<section class=\"l-section wpb_row us_custom_33fe73d0 height_huge width_full\"><div class=\"l-section-h i-cf\"><div class=\"g-cols vc_row via_flex valign_top type_default stacking_default\"><div class=\"vc_col-sm-12 wpb_column vc_column_container\"><div class=\"vc_column-inner\"><div class=\"wpb_wrapper\">\n\t\t\t<!-- START cameraadriasea REVOLUTION SLIDER 6.7.37 --><p class=\"rs-p-wp-fix\"><\/p>\n\t\t\t<rs-module-wrap id=\"rev_slider_5_1_wrapper\" data-source=\"gallery\" style=\"visibility:hidden;background:transparent;padding:0;margin:0px auto;margin-top:0;margin-bottom:0;\">\n\t\t\t\t<rs-module id=\"rev_slider_5_1\" style=\"\" data-version=\"6.7.37\">\n\t\t\t\t\t<rs-slides style=\"overflow: hidden; position: absolute;\">\n\t\t\t\t\t\t<rs-slide style=\"position: absolute;\" data-key=\"rs-6\" data-title=\"Slide\" data-anim=\"ms:1000;r:0;\" data-in=\"o:0;\" data-out=\"a:false;\">\n\t\t\t\t\t\t\t<img decoding=\"async\" src=\"\/\/www.hoteldoge.net\/wp-content\/plugins\/revslider\/sr6\/assets\/assets\/dummy.png\" alt=\"\" title=\"camera-doge-vista-mare_DSC6992\" width=\"1920\" height=\"1197\" class=\"rev-slidebg tp-rs-img rs-lazyload\" data-lazyload=\"\/\/www.hoteldoge.net\/wp-content\/uploads\/2021\/07\/camera-doge-vista-mare_DSC6992.jpg\" data-bg=\"p:center bottom;\" data-no-retina>\n<!---->\t\t\t\t\t<\/rs-slide>\n\t\t\t\t\t\t<rs-slide style=\"position: absolute;\" data-key=\"rs-29\" data-title=\"Slide\" data-anim=\"ms:1000;r:0;\" data-in=\"o:0;\" data-out=\"a:false;\">\n\t\t\t\t\t\t\t<img decoding=\"async\" src=\"\/\/www.hoteldoge.net\/wp-content\/plugins\/revslider\/sr6\/assets\/assets\/dummy.png\" alt=\"\" title=\"camera-doge-vista-mare_DSC6961\" width=\"1920\" height=\"1280\" class=\"rev-slidebg tp-rs-img rs-lazyload\" data-lazyload=\"\/\/www.hoteldoge.net\/wp-content\/uploads\/2021\/07\/camera-doge-vista-mare_DSC6961-1.jpg\" data-bg=\"p:center bottom;\" data-no-retina>\n<!---->\t\t\t\t\t<\/rs-slide>\n\t\t\t\t\t\t<rs-slide style=\"position: absolute;\" data-key=\"rs-30\" data-title=\"Slide\" data-anim=\"ms:1000;r:0;\" data-in=\"o:0;\" data-out=\"a:false;\">\n\t\t\t\t\t\t\t<img decoding=\"async\" src=\"\/\/www.hoteldoge.net\/wp-content\/plugins\/revslider\/sr6\/assets\/assets\/dummy.png\" alt=\"\" title=\"camera-doge-vista-mare_DSC6975\" width=\"1920\" height=\"1124\" class=\"rev-slidebg tp-rs-img rs-lazyload\" data-lazyload=\"\/\/www.hoteldoge.net\/wp-content\/uploads\/2021\/07\/camera-doge-vista-mare_DSC6975.jpg\" data-bg=\"p:center bottom;\" data-no-retina>\n<!---->\t\t\t\t\t<\/rs-slide>\n\t\t\t\t\t<\/rs-slides>\n\t\t\t\t<\/rs-module>\n\t\t\t\t<script>\n\t\t\t\t\tsetREVStartSize({c: 'rev_slider_5_1',rl:[1240,1024,778,480],el:[900],gw:[1240],gh:[900],type:'standard',justify:'',layout:'fullwidth',mh:\"0\"});if (window.RS_MODULES!==undefined && window.RS_MODULES.modules!==undefined && window.RS_MODULES.modules[\"revslider51\"]!==undefined) {window.RS_MODULES.modules[\"revslider51\"].once = false;window.revapi5 = undefined;if (window.RS_MODULES.checkMinimal!==undefined) window.RS_MODULES.checkMinimal()}\n\t\t\t\t<\/script>\n\t\t\t<\/rs-module-wrap>\n\t\t\t<!-- END REVOLUTION SLIDER -->\n<\/div><\/div><\/div><\/div><\/div><\/section><section class=\"l-section wpb_row height_medium\"><div class=\"l-section-h i-cf\"><div class=\"g-cols vc_row via_flex valign_middle type_default stacking_default\"><div class=\"vc_col-sm-6 wpb_column vc_column_container\"><div class=\"vc_column-inner type_sticky\"><div class=\"wpb_wrapper\"><div class=\"wpb_text_column\"><div class=\"wpb_wrapper\"><h1 style=\"color: #004080; text-align: center;\">\ud83c\udf0a <strong>Camera AdriaSea<\/strong><\/h1>\n<\/div><\/div><div class=\"wpb_text_column\"><div class=\"wpb_wrapper\"><p style=\"font-size: 1.1em; color: #333;\">\ud83c\udfd6\ufe0f <strong>Camere completamente ristrutturate<\/strong>, nuove e dal panorama spettacolare.<\/p>\n<p style=\"font-size: 1.1em; color: #333;\">\ud83c\udf05 <strong>Il mare<\/strong> potete quasi toccarlo, sentire il suono delle onde e la brezza sul volto.<br \/>\nSvegliarsi e affacciarsi dal nostro balcone e vedere l\u2019Adriatico \u00e8 il sogno un po\u2019 di tutti coloro che scelgono la Riviera Romagnola per le vacanze.<br \/>\nCos\u00ec abbiamo costruito un pezzetto di questo sogno nel nostro albergo, perch\u00e9 il bello di una vacanza al mare \u00e8 <strong>stare sul mare<\/strong>. \ud83c\udf0a<\/p>\n<\/div><\/div><div class=\"w-btn-wrapper align_center\"><a class=\"w-btn us-btn-style_1\" href=\"https:\/\/www.hoteldoge.net\/it\/contatti\/\"><span class=\"w-btn-label\">Richiedi Camera AdriaSea<\/span><\/a><\/div><div class=\"w-separator size_medium with_line width_30 thick_1 style_solid color_border align_center\"><div class=\"w-separator-h\"><\/div><\/div><div class=\"wpb_text_column\"><div class=\"wpb_wrapper\"><h3 style=\"color: #004080; text-align: center;\">\ud83c\udfe8 <strong>I servizi in hotel<\/strong><\/h3>\n<ul style=\"list-style: none; padding: 0; margin: 0; font-size: 1.1em; color: #333;\">\n<li style=\"margin: 8px 0;\">\ud83c\udf05 <strong>Ampio balcone vista mare<\/strong><\/li>\n<li style=\"margin: 8px 0;\">\u2744\ufe0f Aria condizionata<\/li>\n<li style=\"margin: 8px 0;\">\ud83d\udebf Bagno con box doccia<\/li>\n<li style=\"margin: 8px 0;\">\ud83d\udc87\u200d\u2640\ufe0f Asciugacapelli<\/li>\n<li style=\"margin: 8px 0;\">\ud83d\udcde Telefono<\/li>\n<li style=\"margin: 8px 0;\">\ud83d\udd12 Cassaforte<\/li>\n<li style=\"margin: 8px 0;\">\ud83d\udcfa <strong>TV LCD 32\u2032<\/strong><\/li>\n<li style=\"margin: 8px 0;\">\ud83d\udcf6 Wi-Fi gratuito<\/li>\n<li style=\"margin: 8px 0;\">\ud83e\udd42 <strong>Frigobar<\/strong><\/li>\n<li style=\"margin: 8px 0;\">\ud83c\udf0a <strong>Vista panoramica fronte mare<\/strong><\/li>\n<\/ul>\n<\/div><\/div><\/div><\/div><\/div><div class=\"vc_col-sm-6 wpb_column vc_column_container\"><div class=\"vc_column-inner\"><div class=\"wpb_wrapper\"><div class=\"w-grid type_masonry layout_portfolio_18 cols_2 with_isotope ratio_1x1\" id=\"us_grid_1\" style=\"--columns:2;--gap:0.5rem;--item-ratio:1;\" data-filterable=\"true\"><style>@media (min-width:1024px){#us_grid_1 .w-post-elm.post_title{font-size:0px!important}}.layout_portfolio_18 .w-grid-item-h{}.layout_portfolio_18 .usg_vwrapper_1{transition-duration:1s;transform-origin:50% 50%;transform:scale(1) translate(0%,0%);opacity:0}.layout_portfolio_18 .w-grid-item-h:focus-within .usg_vwrapper_1,.layout_portfolio_18 .w-grid-item-h:hover .usg_vwrapper_1{transform:scale(1) translate(0%,0%);opacity:1}.layout_portfolio_18 .usg_post_custom_field_1{transition-duration:1s;transform-origin:50% 50%;transform:scale(1) translate(0%,0%);opacity:0}.layout_portfolio_18 .w-grid-item-h:focus-within .usg_post_custom_field_1,.layout_portfolio_18 .w-grid-item-h:hover .usg_post_custom_field_1{transform:scale(1) translate(0%,0%);opacity:1}.layout_portfolio_18 .usg_post_image_1{position:absolute!important;top:0!important;right:0!important;bottom:0!important;left:0!important}.layout_portfolio_18 .usg_vwrapper_1{position:absolute!important;right:0!important;bottom:-1px!important;left:0!important;background:linear-gradient(transparent,rgba(30,30,30,0.8))!important;padding:5rem 2rem 1.5rem 2rem!important}.layout_portfolio_18 .usg_post_title_1{color:#fff!important;font-size:1.4rem!important}.layout_portfolio_18 .usg_post_taxonomy_1{color:#fff!important;font-size:0.9rem!important}.layout_portfolio_18 .usg_post_custom_field_1{position:absolute!important;top:0!important;right:0!important;bottom:0!important;left:0!important}<\/style><div class=\"w-grid-list\">\t<article class=\"w-grid-item size_1x1 post-3034 attachment type-attachment status-inherit hentry\" data-id=\"3034\">\n\t\t<div class=\"w-grid-item-h\">\n\t\t\t\t\t\t\t<a ref=\"magnificPopupGrid\" href=\"https:\/\/www.hoteldoge.net\/wp-content\/uploads\/2021\/07\/camera-doge-vista-mare_DSC6992.jpg\" class=\"w-grid-item-anchor\" aria-label=\"camera-doge-vista-mare_DSC6992\"><\/a>\n\t\t\t\t\t\t<div class=\"w-post-elm post_image usg_post_image_1 stretched\"><img loading=\"lazy\" decoding=\"async\" width=\"1024\" height=\"638\" src=\"https:\/\/www.hoteldoge.net\/wp-content\/uploads\/2021\/07\/camera-doge-vista-mare_DSC6992-1024x638.jpg\" class=\"attachment-large size-large\" alt=\"\" srcset=\"https:\/\/www.hoteldoge.net\/wp-content\/uploads\/2021\/07\/camera-doge-vista-mare_DSC6992-1024x638.jpg 1024w, https:\/\/www.hoteldoge.net\/wp-content\/uploads\/2021\/07\/camera-doge-vista-mare_DSC6992-300x187.jpg 300w, https:\/\/www.hoteldoge.net\/wp-content\/uploads\/2021\/07\/camera-doge-vista-mare_DSC6992-1536x958.jpg 1536w, https:\/\/www.hoteldoge.net\/wp-content\/uploads\/2021\/07\/camera-doge-vista-mare_DSC6992.jpg 1920w\" sizes=\"auto, (max-width: 1024px) 100vw, 1024px\" \/><\/div><div class=\"w-vwrapper usg_vwrapper_1 align_none valign_top\"><h2 class=\"w-post-elm post_title usg_post_title_1 has_text_color entry-title color_link_inherit\">camera-doge-vista-mare_DSC6992<\/h2><\/div>\t\t<\/div>\n\t\t\t<\/article>\n\t<article class=\"w-grid-item size_1x1 post-809 attachment type-attachment status-inherit hentry\" data-id=\"809\">\n\t\t<div class=\"w-grid-item-h\">\n\t\t\t\t\t\t\t<a ref=\"magnificPopupGrid\" href=\"https:\/\/www.hoteldoge.net\/wp-content\/uploads\/2019\/12\/camera-bagno-verticale.jpg\" class=\"w-grid-item-anchor\" aria-label=\"camera-bagno-verticale\"><\/a>\n\t\t\t\t\t\t<div class=\"w-post-elm post_image usg_post_image_1 stretched\"><img loading=\"lazy\" decoding=\"async\" width=\"681\" height=\"900\" src=\"https:\/\/www.hoteldoge.net\/wp-content\/uploads\/2019\/12\/camera-bagno-verticale.jpg\" class=\"attachment-large size-large\" alt=\"\" srcset=\"https:\/\/www.hoteldoge.net\/wp-content\/uploads\/2019\/12\/camera-bagno-verticale.jpg 681w, https:\/\/www.hoteldoge.net\/wp-content\/uploads\/2019\/12\/camera-bagno-verticale-227x300.jpg 227w\" sizes=\"auto, (max-width: 681px) 100vw, 681px\" \/><\/div><div class=\"w-vwrapper usg_vwrapper_1 align_none valign_top\"><h2 class=\"w-post-elm post_title usg_post_title_1 has_text_color entry-title color_link_inherit\">camera-bagno-verticale<\/h2><\/div>\t\t<\/div>\n\t\t\t<\/article>\n\t<article class=\"w-grid-item size_1x1 post-814 attachment type-attachment status-inherit hentry\" data-id=\"814\">\n\t\t<div class=\"w-grid-item-h\">\n\t\t\t\t\t\t\t<a ref=\"magnificPopupGrid\" href=\"https:\/\/www.hoteldoge.net\/wp-content\/uploads\/2019\/12\/camera-particolare-verticale.jpg\" class=\"w-grid-item-anchor\" aria-label=\"camera-particolare-verticale\"><\/a>\n\t\t\t\t\t\t<div class=\"w-post-elm post_image usg_post_image_1 stretched\"><img loading=\"lazy\" decoding=\"async\" width=\"736\" height=\"900\" src=\"https:\/\/www.hoteldoge.net\/wp-content\/uploads\/2019\/12\/camera-particolare-verticale.jpg\" class=\"attachment-large size-large\" alt=\"\" srcset=\"https:\/\/www.hoteldoge.net\/wp-content\/uploads\/2019\/12\/camera-particolare-verticale.jpg 736w, https:\/\/www.hoteldoge.net\/wp-content\/uploads\/2019\/12\/camera-particolare-verticale-245x300.jpg 245w\" sizes=\"auto, (max-width: 736px) 100vw, 736px\" \/><\/div><div class=\"w-vwrapper usg_vwrapper_1 align_none valign_top\"><h2 class=\"w-post-elm post_title usg_post_title_1 has_text_color entry-title color_link_inherit\">camera-particolare-verticale<\/h2><\/div>\t\t<\/div>\n\t\t\t<\/article>\n\t<article class=\"w-grid-item size_1x1 post-829 attachment type-attachment status-inherit hentry\" data-id=\"829\">\n\t\t<div class=\"w-grid-item-h\">\n\t\t\t\t\t\t\t<a ref=\"magnificPopupGrid\" href=\"https:\/\/www.hoteldoge.net\/wp-content\/uploads\/2019\/12\/cfm-2-1.jpg\" class=\"w-grid-item-anchor\" aria-label=\"cfm-2\"><\/a>\n\t\t\t\t\t\t<div class=\"w-post-elm post_image usg_post_image_1 stretched\"><img loading=\"lazy\" decoding=\"async\" width=\"900\" height=\"540\" src=\"https:\/\/www.hoteldoge.net\/wp-content\/uploads\/2019\/12\/cfm-2-1.jpg\" class=\"attachment-large size-large\" alt=\"\" srcset=\"https:\/\/www.hoteldoge.net\/wp-content\/uploads\/2019\/12\/cfm-2-1.jpg 900w, https:\/\/www.hoteldoge.net\/wp-content\/uploads\/2019\/12\/cfm-2-1-300x180.jpg 300w\" sizes=\"auto, (max-width: 900px) 100vw, 900px\" \/><\/div><div class=\"w-vwrapper usg_vwrapper_1 align_none valign_top\"><h2 class=\"w-post-elm post_title usg_post_title_1 has_text_color entry-title color_link_inherit\">cfm-2<\/h2><\/div>\t\t<\/div>\n\t\t\t<\/article>\n\t<article class=\"w-grid-item size_1x1 post-834 attachment type-attachment status-inherit hentry\" data-id=\"834\">\n\t\t<div class=\"w-grid-item-h\">\n\t\t\t\t\t\t\t<a ref=\"magnificPopupGrid\" href=\"https:\/\/www.hoteldoge.net\/wp-content\/uploads\/2019\/12\/cfm-1-1.jpg\" class=\"w-grid-item-anchor\" aria-label=\"cfm-1\"><\/a>\n\t\t\t\t\t\t<div class=\"w-post-elm post_image usg_post_image_1 stretched\"><img loading=\"lazy\" decoding=\"async\" width=\"900\" height=\"540\" src=\"https:\/\/www.hoteldoge.net\/wp-content\/uploads\/2019\/12\/cfm-1-1.jpg\" class=\"attachment-large size-large\" alt=\"\" srcset=\"https:\/\/www.hoteldoge.net\/wp-content\/uploads\/2019\/12\/cfm-1-1.jpg 900w, https:\/\/www.hoteldoge.net\/wp-content\/uploads\/2019\/12\/cfm-1-1-300x180.jpg 300w\" sizes=\"auto, (max-width: 900px) 100vw, 900px\" \/><\/div><div class=\"w-vwrapper usg_vwrapper_1 align_none valign_top\"><h2 class=\"w-post-elm post_title usg_post_title_1 has_text_color entry-title color_link_inherit\">cfm-1<\/h2><\/div>\t\t<\/div>\n\t\t\t<\/article>\n\t<article class=\"w-grid-item size_1x1 post-844 attachment type-attachment status-inherit hentry\" data-id=\"844\">\n\t\t<div class=\"w-grid-item-h\">\n\t\t\t\t\t\t\t<a ref=\"magnificPopupGrid\" href=\"https:\/\/www.hoteldoge.net\/wp-content\/uploads\/2019\/12\/fronte-mare110.jpg\" class=\"w-grid-item-anchor\" aria-label=\"fronte-mare110\"><\/a>\n\t\t\t\t\t\t<div class=\"w-post-elm post_image usg_post_image_1 stretched\"><img loading=\"lazy\" decoding=\"async\" width=\"900\" height=\"510\" src=\"https:\/\/www.hoteldoge.net\/wp-content\/uploads\/2019\/12\/fronte-mare110.jpg\" class=\"attachment-large size-large\" alt=\"\" srcset=\"https:\/\/www.hoteldoge.net\/wp-content\/uploads\/2019\/12\/fronte-mare110.jpg 900w, https:\/\/www.hoteldoge.net\/wp-content\/uploads\/2019\/12\/fronte-mare110-300x170.jpg 300w\" sizes=\"auto, (max-width: 900px) 100vw, 900px\" \/><\/div><div class=\"w-vwrapper usg_vwrapper_1 align_none valign_top\"><h2 class=\"w-post-elm post_title usg_post_title_1 has_text_color entry-title color_link_inherit\">fronte-mare110<\/h2><\/div>\t\t<\/div>\n\t\t\t<\/article>\n\t<article class=\"w-grid-item size_1x1 post-819 attachment type-attachment status-inherit hentry\" data-id=\"819\">\n\t\t<div class=\"w-grid-item-h\">\n\t\t\t\t\t\t\t<a ref=\"magnificPopupGrid\" href=\"https:\/\/www.hoteldoge.net\/wp-content\/uploads\/2019\/12\/cfm-4-1.jpg\" class=\"w-grid-item-anchor\" aria-label=\"cfm-4\"><\/a>\n\t\t\t\t\t\t<div class=\"w-post-elm post_image usg_post_image_1 stretched\"><img loading=\"lazy\" decoding=\"async\" width=\"900\" height=\"540\" src=\"https:\/\/www.hoteldoge.net\/wp-content\/uploads\/2019\/12\/cfm-4-1.jpg\" class=\"attachment-large size-large\" alt=\"\" srcset=\"https:\/\/www.hoteldoge.net\/wp-content\/uploads\/2019\/12\/cfm-4-1.jpg 900w, https:\/\/www.hoteldoge.net\/wp-content\/uploads\/2019\/12\/cfm-4-1-300x180.jpg 300w\" sizes=\"auto, (max-width: 900px) 100vw, 900px\" \/><\/div><div class=\"w-vwrapper usg_vwrapper_1 align_none valign_top\"><h2 class=\"w-post-elm post_title usg_post_title_1 has_text_color entry-title color_link_inherit\">cfm-4<\/h2><\/div>\t\t<\/div>\n\t\t\t<\/article>\n\t<article class=\"w-grid-item size_1x1 post-824 attachment type-attachment status-inherit hentry\" data-id=\"824\">\n\t\t<div class=\"w-grid-item-h\">\n\t\t\t\t\t\t\t<a ref=\"magnificPopupGrid\" href=\"https:\/\/www.hoteldoge.net\/wp-content\/uploads\/2019\/12\/cfm-3-1.jpg\" class=\"w-grid-item-anchor\" aria-label=\"cfm-3\"><\/a>\n\t\t\t\t\t\t<div class=\"w-post-elm post_image usg_post_image_1 stretched\"><img loading=\"lazy\" decoding=\"async\" width=\"900\" height=\"540\" src=\"https:\/\/www.hoteldoge.net\/wp-content\/uploads\/2019\/12\/cfm-3-1.jpg\" class=\"attachment-large size-large\" alt=\"\" srcset=\"https:\/\/www.hoteldoge.net\/wp-content\/uploads\/2019\/12\/cfm-3-1.jpg 900w, https:\/\/www.hoteldoge.net\/wp-content\/uploads\/2019\/12\/cfm-3-1-300x180.jpg 300w\" sizes=\"auto, (max-width: 900px) 100vw, 900px\" \/><\/div><div class=\"w-vwrapper usg_vwrapper_1 align_none valign_top\"><h2 class=\"w-post-elm post_title usg_post_title_1 has_text_color entry-title color_link_inherit\">cfm-3<\/h2><\/div>\t\t<\/div>\n\t\t\t<\/article>\n<\/div><div class=\"w-grid-preloader\">\t<div class=\"g-preloader type_1\">\n\t\t<div><\/div>\n\t<\/div>\n\t<\/div>\t<div class=\"w-grid-json hidden\" onclick='return {&quot;action&quot;:&quot;us_ajax_grid&quot;,&quot;infinite_scroll&quot;:0,&quot;max_num_pages&quot;:1,&quot;pagination&quot;:&quot;none&quot;,&quot;template_vars&quot;:{&quot;columns&quot;:&quot;2&quot;,&quot;exclude_items&quot;:&quot;none&quot;,&quot;img_size&quot;:&quot;default&quot;,&quot;ignore_items_size&quot;:0,&quot;items_layout&quot;:&quot;portfolio_18&quot;,&quot;items_offset&quot;:&quot;1&quot;,&quot;load_animation&quot;:&quot;none&quot;,&quot;overriding_link&quot;:&quot;%7B%22type%22%3A%22popup_image%22%7D&quot;,&quot;post_id&quot;:0,&quot;query_args&quot;:{&quot;post_type&quot;:[&quot;attachment&quot;],&quot;post__in&quot;:[&quot;3033&quot;,&quot;808&quot;,&quot;813&quot;,&quot;828&quot;,&quot;833&quot;,&quot;843&quot;,&quot;818&quot;,&quot;823&quot;],&quot;post_status&quot;:&quot;inherit&quot;,&quot;post_mime_type&quot;:&quot;image&quot;,&quot;posts_per_page&quot;:&quot;10&quot;},&quot;orderby_query_args&quot;:{&quot;orderby&quot;:{&quot;post__in&quot;:&quot;ASC&quot;},&quot;order&quot;:&quot;ASC&quot;},&quot;type&quot;:&quot;masonry&quot;,&quot;us_grid_post_type&quot;:&quot;attachment&quot;,&quot;us_grid_ajax_index&quot;:1,&quot;us_grid_filter_query_string&quot;:null,&quot;us_grid_index&quot;:1,&quot;page_args&quot;:[],&quot;lang&quot;:&quot;fr&quot;}}'><\/div>\n\t<\/div><\/div><\/div><\/div><\/div><\/div><\/section>\n","protected":false},"excerpt":{"rendered":"","protected":false},"author":1,"featured_media":0,"parent":0,"menu_order":0,"comment_status":"closed","ping_status":"closed","template":"","meta":{"footnotes":""},"class_list":["post-806","page","type-page","status-publish","hentry"],"yoast_head":"<!-- This site is optimized with the Yoast SEO plugin v26.5 - https:\/\/yoast.com\/wordpress\/plugins\/seo\/ -->\n<title>Camere AdriaSea fronte Mare Rimini, vista panoramica Mare Adriatico<\/title>\n<meta name=\"description\" content=\"Camere AdriaSea fronte Mare Rimini, ampio balcone vista panoramica sul Mare Adriatico, Wifi, Tv LCD 32&#039;, cassaforte, frigobar. Possibilit\u00e0 di Mini suite o camere Family.\" \/>\n<meta name=\"robots\" content=\"index, follow, max-snippet:-1, max-image-preview:large, max-video-preview:-1\" \/>\n<link rel=\"canonical\" href=\"https:\/\/www.hoteldoge.net\/it\/camera-fronte-mare-rimini\/\" \/>\n<meta property=\"og:locale\" content=\"fr_FR\" \/>\n<meta property=\"og:type\" content=\"article\" \/>\n<meta property=\"og:title\" content=\"Camere AdriaSea fronte Mare Rimini, vista panoramica Mare Adriatico\" \/>\n<meta property=\"og:description\" content=\"Camere AdriaSea fronte Mare Rimini, ampio balcone vista panoramica sul Mare Adriatico, Wifi, Tv LCD 32&#039;, cassaforte, frigobar. Possibilit\u00e0 di Mini suite o camere Family.\" \/>\n<meta property=\"og:url\" content=\"https:\/\/www.hoteldoge.net\/it\/camera-fronte-mare-rimini\/\" \/>\n<meta property=\"og:site_name\" content=\"Hotel Doge Torre Pedrera\" \/>\n<meta property=\"article:modified_time\" content=\"2025-10-12T16:08:25+00:00\" \/>\n<meta name=\"twitter:card\" content=\"summary_large_image\" \/>\n<meta name=\"twitter:label1\" content=\"Dur\u00e9e de lecture estim\u00e9e\" \/>\n\t<meta name=\"twitter:data1\" content=\"1 minute\" \/>\n<script type=\"application\/ld+json\" class=\"yoast-schema-graph\">{\"@context\":\"https:\/\/schema.org\",\"@graph\":[{\"@type\":\"WebPage\",\"@id\":\"https:\/\/www.hoteldoge.net\/it\/camera-fronte-mare-rimini\/\",\"url\":\"https:\/\/www.hoteldoge.net\/it\/camera-fronte-mare-rimini\/\",\"name\":\"Camere AdriaSea fronte Mare Rimini, vista panoramica Mare Adriatico\",\"isPartOf\":{\"@id\":\"https:\/\/www.hoteldoge.net\/de\/#website\"},\"datePublished\":\"2019-12-13T17:51:17+00:00\",\"dateModified\":\"2025-10-12T16:08:25+00:00\",\"description\":\"Camere AdriaSea fronte Mare Rimini, ampio balcone vista panoramica sul Mare Adriatico, Wifi, Tv LCD 32', cassaforte, frigobar. Possibilit\u00e0 di Mini suite o camere Family.\",\"breadcrumb\":{\"@id\":\"https:\/\/www.hoteldoge.net\/it\/camera-fronte-mare-rimini\/#breadcrumb\"},\"inLanguage\":\"fr-FR\",\"potentialAction\":[{\"@type\":\"ReadAction\",\"target\":[\"https:\/\/www.hoteldoge.net\/it\/camera-fronte-mare-rimini\/\"]}]},{\"@type\":\"BreadcrumbList\",\"@id\":\"https:\/\/www.hoteldoge.net\/it\/camera-fronte-mare-rimini\/#breadcrumb\",\"itemListElement\":[{\"@type\":\"ListItem\",\"position\":1,\"name\":\"Home\",\"item\":\"https:\/\/www.hoteldoge.net\/it\/\"},{\"@type\":\"ListItem\",\"position\":2,\"name\":\"Camera AdriaSea\"}]},{\"@type\":\"WebSite\",\"@id\":\"https:\/\/www.hoteldoge.net\/de\/#website\",\"url\":\"https:\/\/www.hoteldoge.net\/de\/\",\"name\":\"Hotel Doge Torre Pedrera\",\"description\":\"Hotel 3 stelle Torre Pedrera All inclusive con Piscina e Spiaggia\",\"potentialAction\":[{\"@type\":\"SearchAction\",\"target\":{\"@type\":\"EntryPoint\",\"urlTemplate\":\"https:\/\/www.hoteldoge.net\/de\/?s={search_term_string}\"},\"query-input\":{\"@type\":\"PropertyValueSpecification\",\"valueRequired\":true,\"valueName\":\"search_term_string\"}}],\"inLanguage\":\"fr-FR\"}]}<\/script>\n<!-- \/ Yoast SEO plugin. -->","yoast_head_json":{"title":"Camere AdriaSea fronte Mare Rimini, vista panoramica Mare Adriatico","description":"Camere AdriaSea fronte Mare Rimini, ampio balcone vista panoramica sul Mare Adriatico, Wifi, Tv LCD 32', cassaforte, frigobar. Possibilit\u00e0 di Mini suite o camere Family.","robots":{"index":"index","follow":"follow","max-snippet":"max-snippet:-1","max-image-preview":"max-image-preview:large","max-video-preview":"max-video-preview:-1"},"canonical":"https:\/\/www.hoteldoge.net\/it\/camera-fronte-mare-rimini\/","og_locale":"fr_FR","og_type":"article","og_title":"Camere AdriaSea fronte Mare Rimini, vista panoramica Mare Adriatico","og_description":"Camere AdriaSea fronte Mare Rimini, ampio balcone vista panoramica sul Mare Adriatico, Wifi, Tv LCD 32', cassaforte, frigobar. Possibilit\u00e0 di Mini suite o camere Family.","og_url":"https:\/\/www.hoteldoge.net\/it\/camera-fronte-mare-rimini\/","og_site_name":"Hotel Doge Torre Pedrera","article_modified_time":"2025-10-12T16:08:25+00:00","twitter_card":"summary_large_image","twitter_misc":{"Dur\u00e9e de lecture estim\u00e9e":"1 minute"},"schema":{"@context":"https:\/\/schema.org","@graph":[{"@type":"WebPage","@id":"https:\/\/www.hoteldoge.net\/it\/camera-fronte-mare-rimini\/","url":"https:\/\/www.hoteldoge.net\/it\/camera-fronte-mare-rimini\/","name":"Camere AdriaSea fronte Mare Rimini, vista panoramica Mare Adriatico","isPartOf":{"@id":"https:\/\/www.hoteldoge.net\/de\/#website"},"datePublished":"2019-12-13T17:51:17+00:00","dateModified":"2025-10-12T16:08:25+00:00","description":"Camere AdriaSea fronte Mare Rimini, ampio balcone vista panoramica sul Mare Adriatico, Wifi, Tv LCD 32', cassaforte, frigobar. Possibilit\u00e0 di Mini suite o camere Family.","breadcrumb":{"@id":"https:\/\/www.hoteldoge.net\/it\/camera-fronte-mare-rimini\/#breadcrumb"},"inLanguage":"fr-FR","potentialAction":[{"@type":"ReadAction","target":["https:\/\/www.hoteldoge.net\/it\/camera-fronte-mare-rimini\/"]}]},{"@type":"BreadcrumbList","@id":"https:\/\/www.hoteldoge.net\/it\/camera-fronte-mare-rimini\/#breadcrumb","itemListElement":[{"@type":"ListItem","position":1,"name":"Home","item":"https:\/\/www.hoteldoge.net\/it\/"},{"@type":"ListItem","position":2,"name":"Camera AdriaSea"}]},{"@type":"WebSite","@id":"https:\/\/www.hoteldoge.net\/de\/#website","url":"https:\/\/www.hoteldoge.net\/de\/","name":"Hotel Doge Torre Pedrera","description":"Hotel 3 stelle Torre Pedrera All inclusive con Piscina e Spiaggia","potentialAction":[{"@type":"SearchAction","target":{"@type":"EntryPoint","urlTemplate":"https:\/\/www.hoteldoge.net\/de\/?s={search_term_string}"},"query-input":{"@type":"PropertyValueSpecification","valueRequired":true,"valueName":"search_term_string"}}],"inLanguage":"fr-FR"}]}},"_links":{"self":[{"href":"https:\/\/www.hoteldoge.net\/fr\/wp-json\/wp\/v2\/pages\/806","targetHints":{"allow":["GET"]}}],"collection":[{"href":"https:\/\/www.hoteldoge.net\/fr\/wp-json\/wp\/v2\/pages"}],"about":[{"href":"https:\/\/www.hoteldoge.net\/fr\/wp-json\/wp\/v2\/types\/page"}],"author":[{"embeddable":true,"href":"https:\/\/www.hoteldoge.net\/fr\/wp-json\/wp\/v2\/users\/1"}],"replies":[{"embeddable":true,"href":"https:\/\/www.hoteldoge.net\/fr\/wp-json\/wp\/v2\/comments?post=806"}],"version-history":[{"count":13,"href":"https:\/\/www.hoteldoge.net\/fr\/wp-json\/wp\/v2\/pages\/806\/revisions"}],"predecessor-version":[{"id":854,"href":"https:\/\/www.hoteldoge.net\/fr\/wp-json\/wp\/v2\/pages\/806\/revisions\/854"}],"wp:attachment":[{"href":"https:\/\/www.hoteldoge.net\/fr\/wp-json\/wp\/v2\/media?parent=806"}],"curies":[{"name":"wp","href":"https:\/\/api.w.org\/{rel}","templated":true}]}}