{"id":4560,"date":"2025-02-12T17:53:18","date_gmt":"2025-02-12T16:53:18","guid":{"rendered":"https:\/\/www.hoteldoge.net\/offerta-soul-hands-festival-rimini-hotel-doge-accanto-spiaggia-bela-burdela\/"},"modified":"2025-02-13T15:30:32","modified_gmt":"2025-02-13T14:30:32","slug":"offre-soul-hands-festival-rimini","status":"publish","type":"page","link":"https:\/\/www.hoteldoge.net\/fr\/offre-soul-hands-festival-rimini\/","title":{"rendered":"Offre Soul Hands Festival Rimini, H\u00f4tel Doge \u00e0 c\u00f4t\u00e9 de la plage Bela Burdela"},"content":{"rendered":"<section class=\"l-section wpb_row height_medium\"><div class=\"l-section-h i-cf\"><div class=\"g-cols vc_row via_flex valign_top type_default stacking_default\"><div class=\"vc_col-sm-6 wpb_column vc_column_container\"><div class=\"vc_column-inner\"><div class=\"wpb_wrapper\"><div class=\"w-slider style_none fit_cover nav_dots count_7\"><div class=\"w-slider-h\"><div class=\"royalSlider\"><div class=\"rsContent\"><a class=\"rsImg\" data-rsw=\"1000\" data-rsh=\"667\" href=\"https:\/\/www.hoteldoge.net\/wp-content\/uploads\/2025\/02\/Soul-hands-festival-38.webp\"><span data-alt=\"\"><\/span><\/a><\/div><div class=\"rsContent\"><a class=\"rsImg\" data-rsw=\"1024\" data-rsh=\"638\" href=\"https:\/\/www.hoteldoge.net\/wp-content\/uploads\/2021\/07\/camera-doge-vista-mare_DSC6992-1024x638.jpg\"><span data-alt=\"\"><\/span><\/a><\/div><div class=\"rsContent\"><a class=\"rsImg\" data-rsw=\"1000\" data-rsh=\"667\" href=\"https:\/\/www.hoteldoge.net\/wp-content\/uploads\/2025\/02\/Soul-hands-festival-78.webp\"><span data-alt=\"\"><\/span><\/a><\/div><div class=\"rsContent\"><a class=\"rsImg\" data-rsw=\"1024\" data-rsh=\"683\" href=\"https:\/\/www.hoteldoge.net\/wp-content\/uploads\/2024\/07\/esterno-doge-06680-1024x683.jpg\"><span data-alt=\"\"><\/span><\/a><\/div><div class=\"rsContent\"><a class=\"rsImg\" data-rsw=\"1000\" data-rsh=\"667\" href=\"https:\/\/www.hoteldoge.net\/wp-content\/uploads\/2025\/02\/Soul-hands-festival-69.webp\"><span data-alt=\"\"><\/span><\/a><\/div><div class=\"rsContent\"><a class=\"rsImg\" data-rsw=\"1024\" data-rsh=\"683\" href=\"https:\/\/www.hoteldoge.net\/wp-content\/uploads\/2024\/07\/camera-doge-6602-1024x683.jpg\"><span data-alt=\"\"><\/span><\/a><\/div><div class=\"rsContent\"><a class=\"rsImg\" data-rsw=\"1000\" data-rsh=\"667\" href=\"https:\/\/www.hoteldoge.net\/wp-content\/uploads\/2025\/02\/Soul-hands-festival-81.webp\"><span data-alt=\"\"><\/span><\/a><\/div><\/div><img decoding=\"async\" src=\"https:\/\/www.hoteldoge.net\/wp-content\/uploads\/2025\/02\/Soul-hands-festival-38.webp\" width=\"1000\" height=\"667\" alt loading=\"lazy\"><\/div><div class=\"w-slider-json\" onclick='return {&quot;autoScaleSlider&quot;:true,&quot;addActiveClass&quot;:true,&quot;loop&quot;:true,&quot;fadeInLoadedSlide&quot;:false,&quot;slidesSpacing&quot;:0,&quot;imageScalePadding&quot;:0,&quot;numImagesToPreload&quot;:2,&quot;arrowsNav&quot;:true,&quot;arrowsNavAutoHide&quot;:false,&quot;transitionType&quot;:&quot;move&quot;,&quot;transitionSpeed&quot;:250,&quot;block&quot;:{&quot;moveEffect&quot;:&quot;none&quot;,&quot;speed&quot;:300},&quot;thumbs&quot;:{&quot;fitInViewport&quot;:false,&quot;firstMargin&quot;:false,&quot;spacing&quot;:4},&quot;controlNavigation&quot;:&quot;bullets&quot;,&quot;autoScaleSliderWidth&quot;:1000,&quot;autoScaleSliderHeight&quot;:667}'><\/div><\/div><div class=\"w-separator size_small\"><\/div><\/div><\/div><\/div><div class=\"vc_col-sm-6 wpb_column vc_column_container\"><div class=\"vc_column-inner\"><div class=\"wpb_wrapper\"><div class=\"wpb_text_column\"><div class=\"wpb_wrapper\"><h2 style=\"text-align: center;\">\ud83c\udf89 Offre Soul Hands Festival Rimini \ud83d\udcc5<\/h2>\n<\/div><\/div><div class=\"w-separator size_small\"><\/div><div class=\"wpb_text_column\"><div class=\"wpb_wrapper\"><ul style=\"list-style: none; padding: 0; font-size: 16px;\">\n<li style=\"margin-bottom: 10px;\">\ud83d\uddd3\ufe0f <strong>Offre valable:<\/strong> du <span style=\"color: #007bff;\">22\u00a0mai au 26\u00a0mai\u00a02025<\/span><\/li>\n<li style=\"margin-bottom: 10px;\">\ud83c\udf19 <strong>Traitement:<\/strong> Nuit\u00e9e avec petit d\u00e9jeuner<\/li>\n<li style=\"margin-bottom: 10px;\">\ud83d\udecf\ufe0f <strong>H\u00e9bergement:<\/strong> Chambre double<\/li>\n<li style=\"margin-bottom: 10px;\">\u2615 <strong>1 jour:<\/strong> <span style=\"color: #ee6532; font-size: 1.5em; font-weight: bold;\">40,00 \u20ac<\/span> par personne et par jour (80,00 \u20ac par chambre)<\/li>\n<li style=\"margin-bottom: 10px;\">\u2615 <strong>3 jours:<\/strong> <span style=\"color: #ee6532; font-size: 1.5em; font-weight: bold;\">35,00 \u20ac<\/span> par personne et par jour (210,00 \u20ac par chambre pour toute la p\u00e9riode)<\/li>\n<\/ul>\n<\/div><\/div><div class=\"w-btn-wrapper align_center\"><a class=\"w-btn us-btn-style_2\" href=\"https:\/\/www.hoteldoge.net\/fr\/contactez-nous\/\"><span class=\"w-btn-label\">\ud83d\udc49 R\u00e9servez l\u2019offre Soul Hands maintenant \ud83c\udf0a<\/span><\/a><\/div><\/div><\/div><\/div><\/div><\/div><\/section><section class=\"l-section wpb_row us_custom_a33c4197 height_medium\"><div class=\"l-section-h i-cf\"><div class=\"g-cols vc_row via_flex valign_top type_default stacking_default\"><div class=\"vc_col-sm-6 wpb_column vc_column_container\"><div class=\"vc_column-inner\"><div class=\"wpb_wrapper\"><div class=\"wpb_text_column\"><div class=\"wpb_wrapper\"><h2 style=\"text-align: center; color: red;\">\ud83c\udf3c D\u00e9tente et bien-\u00eatre\u00a0: vos vacances sur la c\u00f4te adriatique! \ud83c\udf0a<\/h2>\n<\/div><\/div><div class=\"w-separator size_small\"><\/div><div class=\"wpb_text_column\"><div class=\"wpb_wrapper\"><p><strong>H\u00f4tel Doge<\/strong>, 3 \u00e9toiles directement sur le FRONT de MER pi\u00e9tonnier de Torre Pedrera \u00e0 Rimini:<\/p>\n<ul>\n<li><span style=\"color: #0094f0;\">\ud83c\udf0a<\/span> Chambres \u00e9quip\u00e9es d\u2019un <strong>balcon vue mer<\/strong><\/li>\n<li><span style=\"color: #0094f0;\">\ud83d\udcfa<\/span> T\u00e9l\u00e9vision dans la chambre, coffre-fort, climatisation, Wi-Fi<\/li>\n<li><span style=\"color: #0094f0;\">\ud83c\udfca\u200d\u2642\ufe0f<\/span> Parking r\u00e9serv\u00e9 et <strong>PISCINE<\/strong><\/li>\n<li><span style=\"color: #0094f0;\">\ud83d\udcf6<\/span> Connexion WI-FI gratuite dans toutes les zones de l\u2019h\u00f4tel<\/li>\n<li><span style=\"color: #0094f0;\">\ud83d\udc68\u200d\ud83d\udc69\u200d\ud83d\udc67\u200d\ud83d\udc66<\/span> <strong>H\u00f4tel familial<\/strong> avec ENFANT GRATUIT ou \u00e0 prix avantageux<\/li>\n<\/ul>\n<\/div><\/div><div class=\"w-separator size_small\"><\/div><div class=\"w-btn-wrapper align_center\"><a class=\"w-btn us-btn-style_2\" href=\"https:\/\/www.hoteldoge.net\/fr\/contactez-nous\/\"><span class=\"w-btn-label\">\ud83d\udc49 Saisir imm\u00e9diatement l\u2019offre \ud83c\udf0a<\/span><\/a><\/div><\/div><\/div><\/div><div class=\"vc_col-sm-6 wpb_column vc_column_container\"><div class=\"vc_column-inner\"><div class=\"wpb_wrapper\"><div class=\"w-slider style_none fit_cover nav_dots count_5\"><div class=\"w-slider-h\"><div class=\"royalSlider\"><div class=\"rsContent\"><a class=\"rsImg\" data-rsw=\"1024\" data-rsh=\"683\" href=\"https:\/\/www.hoteldoge.net\/wp-content\/uploads\/2024\/07\/esterno-doge-06684-1024x683.jpg\"><span data-alt=\"\"><\/span><\/a><\/div><div class=\"rsContent\"><a class=\"rsImg\" data-rsw=\"1024\" data-rsh=\"682\" href=\"https:\/\/www.hoteldoge.net\/wp-content\/uploads\/2024\/07\/tavolo-vista-panoramica-grande-6748-1024x682.jpg\"><span data-alt=\"\"><\/span><\/a><\/div><div class=\"rsContent\"><a class=\"rsImg\" data-rsw=\"1024\" data-rsh=\"683\" href=\"https:\/\/www.hoteldoge.net\/wp-content\/uploads\/2024\/07\/camera-doge-6620-1024x683.jpg\"><span data-alt=\"\"><\/span><\/a><\/div><div class=\"rsContent\"><a class=\"rsImg\" data-rsw=\"1024\" data-rsh=\"683\" href=\"https:\/\/www.hoteldoge.net\/wp-content\/uploads\/2024\/07\/risto-mare-6733-1024x683.jpg\"><span data-alt=\"\"><\/span><\/a><\/div><div class=\"rsContent\"><a class=\"rsImg\" data-rsw=\"1024\" data-rsh=\"638\" href=\"https:\/\/www.hoteldoge.net\/wp-content\/uploads\/2021\/07\/camera-doge-vista-mare_DSC6992-1024x638.jpg\"><span data-alt=\"\"><\/span><\/a><\/div><\/div><img decoding=\"async\" src=\"https:\/\/www.hoteldoge.net\/wp-content\/uploads\/2024\/07\/esterno-doge-06684-1024x683.jpg\" width=\"1024\" height=\"683\" alt loading=\"lazy\"><\/div><div class=\"w-slider-json\" onclick='return {&quot;autoScaleSlider&quot;:true,&quot;addActiveClass&quot;:true,&quot;loop&quot;:true,&quot;fadeInLoadedSlide&quot;:false,&quot;slidesSpacing&quot;:0,&quot;imageScalePadding&quot;:0,&quot;numImagesToPreload&quot;:2,&quot;arrowsNav&quot;:true,&quot;arrowsNavAutoHide&quot;:false,&quot;transitionType&quot;:&quot;move&quot;,&quot;transitionSpeed&quot;:250,&quot;block&quot;:{&quot;moveEffect&quot;:&quot;none&quot;,&quot;speed&quot;:300},&quot;thumbs&quot;:{&quot;fitInViewport&quot;:false,&quot;firstMargin&quot;:false,&quot;spacing&quot;:4},&quot;controlNavigation&quot;:&quot;bullets&quot;,&quot;autoScaleSliderWidth&quot;:1024,&quot;autoScaleSliderHeight&quot;:683}'><\/div><\/div><div class=\"w-separator size_medium with_line width_50 thick_1 style_solid color_border align_center\"><div class=\"w-separator-h\"><\/div><\/div><div class=\"wpb_text_column\"><div class=\"wpb_wrapper\"><p><strong>Formule de nuit avec petit d\u00e9jeuner<\/strong> comprend les services suivants:<\/p>\n<ul>\n<li>copieux <strong>\ud83e\udd50 PETIT-D\u00c9JEUNER<\/strong> international jusqu\u2019\u00e0 10h00<\/li>\n<\/ul>\n<\/div><\/div><\/div><\/div><\/div><\/div><\/div><\/section><section class=\"l-section wpb_row height_small width_full\"><div class=\"l-section-h i-cf\"><div class=\"g-cols vc_row via_flex valign_top type_default stacking_default\"><div class=\"vc_col-sm-12 wpb_column vc_column_container\"><div class=\"vc_column-inner\"><div class=\"wpb_wrapper\"><div class=\"w-gallery fit_cover type_mosaic_hor ratio_1x1 count_12\" style=\"--columns:4;--items-gap:10px;--items-height:20cqw;\"><div class=\"w-gallery-list\"><div class=\"w-gallery-item\"><div class=\"w-gallery-item-img\"><img loading=\"lazy\" decoding=\"async\" width=\"1000\" height=\"667\" src=\"https:\/\/www.hoteldoge.net\/wp-content\/uploads\/2025\/02\/Soul-hands-festival-81.webp\" class=\"attachment-large size-large\" alt=\"\" srcset=\"https:\/\/www.hoteldoge.net\/wp-content\/uploads\/2025\/02\/Soul-hands-festival-81.webp 1000w, https:\/\/www.hoteldoge.net\/wp-content\/uploads\/2025\/02\/Soul-hands-festival-81-300x200.webp 300w\" sizes=\"auto, (max-width: 1000px) 100vw, 1000px\" \/><\/div><\/div><div class=\"w-gallery-item\"><div class=\"w-gallery-item-img\"><img loading=\"lazy\" decoding=\"async\" width=\"1000\" height=\"667\" src=\"https:\/\/www.hoteldoge.net\/wp-content\/uploads\/2025\/02\/Soul-hands-festival-79.webp\" class=\"attachment-large size-large\" alt=\"\" srcset=\"https:\/\/www.hoteldoge.net\/wp-content\/uploads\/2025\/02\/Soul-hands-festival-79.webp 1000w, https:\/\/www.hoteldoge.net\/wp-content\/uploads\/2025\/02\/Soul-hands-festival-79-300x200.webp 300w\" sizes=\"auto, (max-width: 1000px) 100vw, 1000px\" \/><\/div><\/div><div class=\"w-gallery-item\"><div class=\"w-gallery-item-img\"><img loading=\"lazy\" decoding=\"async\" width=\"1000\" height=\"667\" src=\"https:\/\/www.hoteldoge.net\/wp-content\/uploads\/2025\/02\/Soul-hands-festival-78.webp\" class=\"attachment-large size-large\" alt=\"\" srcset=\"https:\/\/www.hoteldoge.net\/wp-content\/uploads\/2025\/02\/Soul-hands-festival-78.webp 1000w, https:\/\/www.hoteldoge.net\/wp-content\/uploads\/2025\/02\/Soul-hands-festival-78-300x200.webp 300w\" sizes=\"auto, (max-width: 1000px) 100vw, 1000px\" \/><\/div><\/div><div class=\"w-gallery-item\"><div class=\"w-gallery-item-img\"><img loading=\"lazy\" decoding=\"async\" width=\"1000\" height=\"667\" src=\"https:\/\/www.hoteldoge.net\/wp-content\/uploads\/2025\/02\/Soul-hands-festival-77.webp\" class=\"attachment-large size-large\" alt=\"\" srcset=\"https:\/\/www.hoteldoge.net\/wp-content\/uploads\/2025\/02\/Soul-hands-festival-77.webp 1000w, https:\/\/www.hoteldoge.net\/wp-content\/uploads\/2025\/02\/Soul-hands-festival-77-300x200.webp 300w\" sizes=\"auto, (max-width: 1000px) 100vw, 1000px\" \/><\/div><\/div><div class=\"w-gallery-item\"><div class=\"w-gallery-item-img\"><img loading=\"lazy\" decoding=\"async\" width=\"1000\" height=\"667\" src=\"https:\/\/www.hoteldoge.net\/wp-content\/uploads\/2025\/02\/Soul-hands-festival-76.webp\" class=\"attachment-large size-large\" alt=\"\" srcset=\"https:\/\/www.hoteldoge.net\/wp-content\/uploads\/2025\/02\/Soul-hands-festival-76.webp 1000w, https:\/\/www.hoteldoge.net\/wp-content\/uploads\/2025\/02\/Soul-hands-festival-76-300x200.webp 300w\" sizes=\"auto, (max-width: 1000px) 100vw, 1000px\" \/><\/div><\/div><div class=\"w-gallery-item\"><div class=\"w-gallery-item-img\"><img loading=\"lazy\" decoding=\"async\" width=\"1000\" height=\"667\" src=\"https:\/\/www.hoteldoge.net\/wp-content\/uploads\/2025\/02\/Soul-hands-festival-73.webp\" class=\"attachment-large size-large\" alt=\"\" srcset=\"https:\/\/www.hoteldoge.net\/wp-content\/uploads\/2025\/02\/Soul-hands-festival-73.webp 1000w, https:\/\/www.hoteldoge.net\/wp-content\/uploads\/2025\/02\/Soul-hands-festival-73-300x200.webp 300w\" sizes=\"auto, (max-width: 1000px) 100vw, 1000px\" \/><\/div><\/div><div class=\"w-gallery-item\"><div class=\"w-gallery-item-img\"><img loading=\"lazy\" decoding=\"async\" width=\"667\" height=\"1000\" src=\"https:\/\/www.hoteldoge.net\/wp-content\/uploads\/2025\/02\/Soul-hands-festival-72.webp\" class=\"attachment-large size-large\" alt=\"\" srcset=\"https:\/\/www.hoteldoge.net\/wp-content\/uploads\/2025\/02\/Soul-hands-festival-72.webp 667w, https:\/\/www.hoteldoge.net\/wp-content\/uploads\/2025\/02\/Soul-hands-festival-72-200x300.webp 200w\" sizes=\"auto, (max-width: 667px) 100vw, 667px\" \/><\/div><\/div><div class=\"w-gallery-item\"><div class=\"w-gallery-item-img\"><img loading=\"lazy\" decoding=\"async\" width=\"1000\" height=\"667\" src=\"https:\/\/www.hoteldoge.net\/wp-content\/uploads\/2025\/02\/Soul-hands-festival-69.webp\" class=\"attachment-large size-large\" alt=\"\" srcset=\"https:\/\/www.hoteldoge.net\/wp-content\/uploads\/2025\/02\/Soul-hands-festival-69.webp 1000w, https:\/\/www.hoteldoge.net\/wp-content\/uploads\/2025\/02\/Soul-hands-festival-69-300x200.webp 300w\" sizes=\"auto, (max-width: 1000px) 100vw, 1000px\" \/><\/div><\/div><div class=\"w-gallery-item\"><div class=\"w-gallery-item-img\"><img loading=\"lazy\" decoding=\"async\" width=\"1000\" height=\"667\" src=\"https:\/\/www.hoteldoge.net\/wp-content\/uploads\/2025\/02\/Soul-hands-festival-39.webp\" class=\"attachment-large size-large\" alt=\"\" srcset=\"https:\/\/www.hoteldoge.net\/wp-content\/uploads\/2025\/02\/Soul-hands-festival-39.webp 1000w, https:\/\/www.hoteldoge.net\/wp-content\/uploads\/2025\/02\/Soul-hands-festival-39-300x200.webp 300w\" sizes=\"auto, (max-width: 1000px) 100vw, 1000px\" \/><\/div><\/div><div class=\"w-gallery-item\"><div class=\"w-gallery-item-img\"><img loading=\"lazy\" decoding=\"async\" width=\"1000\" height=\"667\" src=\"https:\/\/www.hoteldoge.net\/wp-content\/uploads\/2025\/02\/Soul-hands-festival-38.webp\" class=\"attachment-large size-large\" alt=\"\" srcset=\"https:\/\/www.hoteldoge.net\/wp-content\/uploads\/2025\/02\/Soul-hands-festival-38.webp 1000w, https:\/\/www.hoteldoge.net\/wp-content\/uploads\/2025\/02\/Soul-hands-festival-38-300x200.webp 300w\" sizes=\"auto, (max-width: 1000px) 100vw, 1000px\" \/><\/div><\/div><div class=\"w-gallery-item\"><div class=\"w-gallery-item-img\"><img loading=\"lazy\" decoding=\"async\" width=\"1000\" height=\"667\" src=\"https:\/\/www.hoteldoge.net\/wp-content\/uploads\/2025\/02\/Soul-hands-festival-34.webp\" class=\"attachment-large size-large\" alt=\"\" srcset=\"https:\/\/www.hoteldoge.net\/wp-content\/uploads\/2025\/02\/Soul-hands-festival-34.webp 1000w, https:\/\/www.hoteldoge.net\/wp-content\/uploads\/2025\/02\/Soul-hands-festival-34-300x200.webp 300w\" sizes=\"auto, (max-width: 1000px) 100vw, 1000px\" \/><\/div><\/div><div class=\"w-gallery-item\"><div class=\"w-gallery-item-img\"><img loading=\"lazy\" decoding=\"async\" width=\"1000\" height=\"667\" src=\"https:\/\/www.hoteldoge.net\/wp-content\/uploads\/2025\/02\/Soul-hands-festival-22.webp\" class=\"attachment-large size-large\" alt=\"\" srcset=\"https:\/\/www.hoteldoge.net\/wp-content\/uploads\/2025\/02\/Soul-hands-festival-22.webp 1000w, https:\/\/www.hoteldoge.net\/wp-content\/uploads\/2025\/02\/Soul-hands-festival-22-300x200.webp 300w\" sizes=\"auto, (max-width: 1000px) 100vw, 1000px\" \/><\/div><\/div><\/div><\/div><\/div><\/div><\/div><\/div><\/div><\/section>\n","protected":false},"excerpt":{"rendered":"\ud83c\udf89 Offre Soul Hands Festival Rimini \ud83d\udcc5 \ud83d\uddd3\ufe0f Offre valable: du 22\u00a0mai au 26\u00a0mai\u00a02025 \ud83c\udf19 Traitement: Nuit\u00e9e avec petit d\u00e9jeuner \ud83d\udecf\ufe0f H\u00e9bergement: Chambre double \u2615 1 jour: 40,00 \u20ac par personne et par jour (80,00 \u20ac par chambre) \u2615 3 jours: 35,00 \u20ac par personne et par jour (210,00 \u20ac par chambre pour toute la...","protected":false},"author":1,"featured_media":0,"parent":0,"menu_order":0,"comment_status":"closed","ping_status":"closed","template":"","meta":{"footnotes":""},"class_list":["post-4560","page","type-page","status-publish","hentry"],"yoast_head":"<!-- This site is optimized with the Yoast SEO plugin v26.5 - https:\/\/yoast.com\/wordpress\/plugins\/seo\/ -->\n<title>Offre Soul Hands Festival Rimini<\/title>\n<meta name=\"description\" content=\"Participez au Soul Hands Festival 2025 \u00e0 Rimini! Offre sp\u00e9ciale du 23 au 25\u00a0mai\u00a0: nuit\u00e9e en chambre double avec petit-d\u00e9jeuner \u00e0 partir de 35 \u20ac par personne. H\u00f4tel Doge 3* pr\u00e8s de la plage.\" \/>\n<meta name=\"robots\" content=\"index, follow, max-snippet:-1, max-image-preview:large, max-video-preview:-1\" \/>\n<link rel=\"canonical\" href=\"https:\/\/www.hoteldoge.net\/fr\/offre-soul-hands-festival-rimini\/\" \/>\n<meta property=\"og:locale\" content=\"fr_FR\" \/>\n<meta property=\"og:type\" content=\"article\" \/>\n<meta property=\"og:title\" content=\"Offre Soul Hands Festival Rimini\" \/>\n<meta property=\"og:description\" content=\"Participez au Soul Hands Festival 2025 \u00e0 Rimini! Offre sp\u00e9ciale du 23 au 25\u00a0mai\u00a0: nuit\u00e9e en chambre double avec petit-d\u00e9jeuner \u00e0 partir de 35 \u20ac par personne. H\u00f4tel Doge 3* pr\u00e8s de la plage.\" \/>\n<meta property=\"og:url\" content=\"https:\/\/www.hoteldoge.net\/fr\/offre-soul-hands-festival-rimini\/\" \/>\n<meta property=\"og:site_name\" content=\"Hotel Doge Torre Pedrera\" \/>\n<meta property=\"article:modified_time\" content=\"2025-02-13T14:30:32+00:00\" \/>\n<meta name=\"twitter:card\" content=\"summary_large_image\" \/>\n<meta name=\"twitter:label1\" content=\"Dur\u00e9e de lecture estim\u00e9e\" \/>\n\t<meta name=\"twitter:data1\" content=\"2 minutes\" \/>\n<script type=\"application\/ld+json\" class=\"yoast-schema-graph\">{\"@context\":\"https:\/\/schema.org\",\"@graph\":[{\"@type\":\"WebPage\",\"@id\":\"https:\/\/www.hoteldoge.net\/fr\/offre-soul-hands-festival-rimini\/\",\"url\":\"https:\/\/www.hoteldoge.net\/fr\/offre-soul-hands-festival-rimini\/\",\"name\":\"Offre Soul Hands Festival Rimini\",\"isPartOf\":{\"@id\":\"https:\/\/www.hoteldoge.net\/de\/#website\"},\"datePublished\":\"2025-02-12T16:53:18+00:00\",\"dateModified\":\"2025-02-13T14:30:32+00:00\",\"description\":\"Participez au Soul Hands Festival 2025 \u00e0 Rimini! Offre sp\u00e9ciale du 23 au 25\u00a0mai\u00a0: nuit\u00e9e en chambre double avec petit-d\u00e9jeuner \u00e0 partir de 35 \u20ac par personne. H\u00f4tel Doge 3* pr\u00e8s de la plage.\",\"breadcrumb\":{\"@id\":\"https:\/\/www.hoteldoge.net\/fr\/offre-soul-hands-festival-rimini\/#breadcrumb\"},\"inLanguage\":\"fr-FR\",\"potentialAction\":[{\"@type\":\"ReadAction\",\"target\":[\"https:\/\/www.hoteldoge.net\/fr\/offre-soul-hands-festival-rimini\/\"]}]},{\"@type\":\"BreadcrumbList\",\"@id\":\"https:\/\/www.hoteldoge.net\/fr\/offre-soul-hands-festival-rimini\/#breadcrumb\",\"itemListElement\":[{\"@type\":\"ListItem\",\"position\":1,\"name\":\"Home\",\"item\":\"https:\/\/www.hoteldoge.net\/it\/\"},{\"@type\":\"ListItem\",\"position\":2,\"name\":\"Offre Soul Hands Festival Rimini, H\u00f4tel Doge \u00e0 c\u00f4t\u00e9 de la plage Bela Burdela\"}]},{\"@type\":\"WebSite\",\"@id\":\"https:\/\/www.hoteldoge.net\/de\/#website\",\"url\":\"https:\/\/www.hoteldoge.net\/de\/\",\"name\":\"Hotel Doge Torre Pedrera\",\"description\":\"Hotel 3 stelle Torre Pedrera All inclusive con Piscina e Spiaggia\",\"potentialAction\":[{\"@type\":\"SearchAction\",\"target\":{\"@type\":\"EntryPoint\",\"urlTemplate\":\"https:\/\/www.hoteldoge.net\/de\/?s={search_term_string}\"},\"query-input\":{\"@type\":\"PropertyValueSpecification\",\"valueRequired\":true,\"valueName\":\"search_term_string\"}}],\"inLanguage\":\"fr-FR\"}]}<\/script>\n<!-- \/ Yoast SEO plugin. -->","yoast_head_json":{"title":"Offre Soul Hands Festival Rimini","description":"Participez au Soul Hands Festival 2025 \u00e0 Rimini! Offre sp\u00e9ciale du 23 au 25\u00a0mai\u00a0: nuit\u00e9e en chambre double avec petit-d\u00e9jeuner \u00e0 partir de 35 \u20ac par personne. H\u00f4tel Doge 3* pr\u00e8s de la plage.","robots":{"index":"index","follow":"follow","max-snippet":"max-snippet:-1","max-image-preview":"max-image-preview:large","max-video-preview":"max-video-preview:-1"},"canonical":"https:\/\/www.hoteldoge.net\/fr\/offre-soul-hands-festival-rimini\/","og_locale":"fr_FR","og_type":"article","og_title":"Offre Soul Hands Festival Rimini","og_description":"Participez au Soul Hands Festival 2025 \u00e0 Rimini! Offre sp\u00e9ciale du 23 au 25\u00a0mai\u00a0: nuit\u00e9e en chambre double avec petit-d\u00e9jeuner \u00e0 partir de 35 \u20ac par personne. H\u00f4tel Doge 3* pr\u00e8s de la plage.","og_url":"https:\/\/www.hoteldoge.net\/fr\/offre-soul-hands-festival-rimini\/","og_site_name":"Hotel Doge Torre Pedrera","article_modified_time":"2025-02-13T14:30:32+00:00","twitter_card":"summary_large_image","twitter_misc":{"Dur\u00e9e de lecture estim\u00e9e":"2 minutes"},"schema":{"@context":"https:\/\/schema.org","@graph":[{"@type":"WebPage","@id":"https:\/\/www.hoteldoge.net\/fr\/offre-soul-hands-festival-rimini\/","url":"https:\/\/www.hoteldoge.net\/fr\/offre-soul-hands-festival-rimini\/","name":"Offre Soul Hands Festival Rimini","isPartOf":{"@id":"https:\/\/www.hoteldoge.net\/de\/#website"},"datePublished":"2025-02-12T16:53:18+00:00","dateModified":"2025-02-13T14:30:32+00:00","description":"Participez au Soul Hands Festival 2025 \u00e0 Rimini! Offre sp\u00e9ciale du 23 au 25\u00a0mai\u00a0: nuit\u00e9e en chambre double avec petit-d\u00e9jeuner \u00e0 partir de 35 \u20ac par personne. H\u00f4tel Doge 3* pr\u00e8s de la plage.","breadcrumb":{"@id":"https:\/\/www.hoteldoge.net\/fr\/offre-soul-hands-festival-rimini\/#breadcrumb"},"inLanguage":"fr-FR","potentialAction":[{"@type":"ReadAction","target":["https:\/\/www.hoteldoge.net\/fr\/offre-soul-hands-festival-rimini\/"]}]},{"@type":"BreadcrumbList","@id":"https:\/\/www.hoteldoge.net\/fr\/offre-soul-hands-festival-rimini\/#breadcrumb","itemListElement":[{"@type":"ListItem","position":1,"name":"Home","item":"https:\/\/www.hoteldoge.net\/it\/"},{"@type":"ListItem","position":2,"name":"Offre Soul Hands Festival Rimini, H\u00f4tel Doge \u00e0 c\u00f4t\u00e9 de la plage Bela Burdela"}]},{"@type":"WebSite","@id":"https:\/\/www.hoteldoge.net\/de\/#website","url":"https:\/\/www.hoteldoge.net\/de\/","name":"Hotel Doge Torre Pedrera","description":"Hotel 3 stelle Torre Pedrera All inclusive con Piscina e Spiaggia","potentialAction":[{"@type":"SearchAction","target":{"@type":"EntryPoint","urlTemplate":"https:\/\/www.hoteldoge.net\/de\/?s={search_term_string}"},"query-input":{"@type":"PropertyValueSpecification","valueRequired":true,"valueName":"search_term_string"}}],"inLanguage":"fr-FR"}]}},"_links":{"self":[{"href":"https:\/\/www.hoteldoge.net\/fr\/wp-json\/wp\/v2\/pages\/4560","targetHints":{"allow":["GET"]}}],"collection":[{"href":"https:\/\/www.hoteldoge.net\/fr\/wp-json\/wp\/v2\/pages"}],"about":[{"href":"https:\/\/www.hoteldoge.net\/fr\/wp-json\/wp\/v2\/types\/page"}],"author":[{"embeddable":true,"href":"https:\/\/www.hoteldoge.net\/fr\/wp-json\/wp\/v2\/users\/1"}],"replies":[{"embeddable":true,"href":"https:\/\/www.hoteldoge.net\/fr\/wp-json\/wp\/v2\/comments?post=4560"}],"version-history":[{"count":2,"href":"https:\/\/www.hoteldoge.net\/fr\/wp-json\/wp\/v2\/pages\/4560\/revisions"}],"predecessor-version":[{"id":4582,"href":"https:\/\/www.hoteldoge.net\/fr\/wp-json\/wp\/v2\/pages\/4560\/revisions\/4582"}],"wp:attachment":[{"href":"https:\/\/www.hoteldoge.net\/fr\/wp-json\/wp\/v2\/media?parent=4560"}],"curies":[{"name":"wp","href":"https:\/\/api.w.org\/{rel}","templated":true}]}}