{"id":2099,"date":"2020-02-17T17:58:58","date_gmt":"2020-02-17T16:58:58","guid":{"rendered":"https:\/\/www.hroyal.it\/?page_id=2099"},"modified":"2025-02-13T15:58:51","modified_gmt":"2025-02-13T14:58:51","slug":"vacances-velo-familles-romagne","status":"publish","type":"page","link":"https:\/\/www.hoteldoge.net\/fr\/vacances-velo-familles-romagne\/","title":{"rendered":"Vacances en v\u00e9lo pour Familles en Romagne"},"content":{"rendered":"<section class=\"l-section wpb_row us_custom_33fe73d0 height_huge width_full\"><div class=\"l-section-h i-cf\"><div class=\"g-cols vc_row via_flex valign_top type_default stacking_default\"><div class=\"vc_col-sm-12 wpb_column vc_column_container\"><div class=\"vc_column-inner\"><div class=\"wpb_wrapper\">\n\t\t\t<!-- START familybike REVOLUTION SLIDER 6.7.37 --><p class=\"rs-p-wp-fix\"><\/p>\n\t\t\t<rs-module-wrap id=\"rev_slider_13_1_wrapper\" data-source=\"gallery\" style=\"visibility:hidden;background:transparent;padding:0;margin:0px auto;margin-top:0;margin-bottom:0;\">\n\t\t\t\t<rs-module id=\"rev_slider_13_1\" style=\"\" data-version=\"6.7.37\">\n\t\t\t\t\t<rs-slides style=\"overflow: hidden; position: absolute;\">\n\t\t\t\t\t\t<rs-slide style=\"position: absolute;\" data-key=\"rs-24\" data-title=\"Slide\" data-anim=\"ms:1000;r:0;\" data-in=\"o:0;\" data-out=\"a:false;\">\n\t\t\t\t\t\t\t<img decoding=\"async\" src=\"\/\/www.hoteldoge.net\/wp-content\/plugins\/revslider\/sr6\/assets\/assets\/dummy.png\" alt=\"\" title=\"family-bike-romagna\" width=\"2000\" height=\"1038\" class=\"rev-slidebg tp-rs-img rs-lazyload\" data-lazyload=\"\/\/www.hoteldoge.net\/wp-content\/uploads\/2020\/01\/family-bike-romagna.jpg\" data-bg=\"p:center bottom;\" data-no-retina>\n<!---->\t\t\t\t\t<\/rs-slide>\n\t\t\t\t\t<\/rs-slides>\n\t\t\t\t<\/rs-module>\n\t\t\t\t<script>\n\t\t\t\t\tsetREVStartSize({c: 'rev_slider_13_1',rl:[1240,1024,778,480],el:[900],gw:[1240],gh:[900],type:'hero',justify:'',layout:'fullwidth',mh:\"0\"});if (window.RS_MODULES!==undefined && window.RS_MODULES.modules!==undefined && window.RS_MODULES.modules[\"revslider131\"]!==undefined) {window.RS_MODULES.modules[\"revslider131\"].once = false;window.revapi13 = undefined;if (window.RS_MODULES.checkMinimal!==undefined) window.RS_MODULES.checkMinimal()}\n\t\t\t\t<\/script>\n\t\t\t<\/rs-module-wrap>\n\t\t\t<!-- END REVOLUTION SLIDER -->\n<\/div><\/div><\/div><\/div><\/div><\/section><section class=\"l-section wpb_row height_medium\"><div class=\"l-section-h i-cf\"><div class=\"g-cols vc_row via_flex valign_middle type_default stacking_default\"><div class=\"vc_col-sm-6 wpb_column vc_column_container\"><div class=\"vc_column-inner\"><div class=\"wpb_wrapper\">[vc_custom_heading text=\u00a0\u00bbVacances en vel\u00f2 pour les Familles\u00a0\u00bb font_container=\u00a0\u00bbtag:h1|font_size:30|text_align:left\u00a0\u00bb google_fonts=\u00a0\u00bbfont_family:Raleway%3A100%2C200%2C300%2Cregular%2C500%2C600%2C700%2C800%2C900|font_style:700%20bold%20regular%3A700%3Anormal\u00a0\u00bb css=\u00a0\u00bb%7B%22default%22%3A%7B%22font-size%22%3A%2230%22%7D%7D\u00a0\u00bb]<div class=\"w-separator size_small\"><\/div><div class=\"wpb_text_column\"><div class=\"wpb_wrapper\"><p>Le paquet comprend:<\/p>\n<ul>\n<li>\ud83c\udfe8 S\u00e9jour \u00e0 <strong>Hotel Doge<\/strong>, 3 \u00e9toiles sur le front de mer<\/li>\n<li>\ud83c\udf7d\ufe0f Traitement <strong>demi-pension tout compris<\/strong><\/li>\n<li>\ud83e\udd50 <strong>Petit-d\u00e9jeuner de champions<\/strong><\/li>\n<li>\ud83c\udf77 <strong>D\u00eener avec boissons aux repas<\/strong><\/li>\n<li>\ud83d\udcf6 Wi-Fi gratuit<\/li>\n<li>\ud83c\udfd6\ufe0f Plage incluse<\/li>\n<\/ul>\n<\/div><\/div><div class=\"w-separator size_small\"><\/div><div class=\"wpb_text_column\"><div class=\"wpb_wrapper\"><p>Les <strong>services de v\u00e9lo <\/strong> suivants sont inclus:<\/p>\n<ul>\n<li>\ud83d\udd12 Stockage de v\u00e9lo vid\u00e9o avec coin pour v\u00eatements techniques<\/li>\n<li>\ud83d\udd27 Atelier m\u00e9canique pour les r\u00e9parations et le nettoyage<\/li>\n<li>\ud83d\ude90 Service de r\u00e9cup\u00e9ration des v\u00e9los<\/li>\n<li>\ud83d\udecd\ufe0f Conventions avec un magasin sp\u00e9cialis\u00e9 dans la vente et les r\u00e9parations<\/li>\n<li>\ud83e\uddfa Service de lavage des v\u00eatements techniques<\/li>\n<li>\ud83d\udeb2 Possibilit\u00e9 de louer des v\u00e9los de route et VTT<\/li>\n<\/ul>\n<\/div><\/div><div class=\"w-separator size_small\"><\/div><div class=\"wpb_text_column\"><div class=\"wpb_wrapper\"><ul>\n<li>\ud83d\udcc5 **Offre valable pour les mois d\u2019AVRIL, MAI et SEPTEMBRE***<\/li>\n<li>\ud83c\udf7d\ufe0f **Demi-pension tout compris**\u00a0: <span style=\"color: red; font-size: 125%; font-weight: bold;\">\u20ac 60,00<\/span> par personne et par jour<\/li>\n<li>\ud83c\udf0a **Chambre face \u00e0 la mer**\u00a0: suppl\u00e9ment de <span style=\"color: red; font-size: 125%; font-weight: bold;\">\u20ac 7,00<\/span> par jour<\/li>\n<li>\ud83d\udcc5 **Offre valable en JUIN***<\/li>\n<li>\ud83c\udf7d\ufe0f **Demi-pension tout compris**\u00a0: <span style=\"color: red; font-size: 125%; font-weight: bold;\">\u20ac 65,00<\/span> par personne et par jour<\/li>\n<\/ul>\n<p>D\u00e9tails de l\u2019offre\u00a0: valable pour les familles ou les groupes, avec un s\u00e9jour minimum de 3 nuits en demi-pension tout compris. Comprend le petit d\u00e9jeuner, le d\u00eener avec boissons aux repas et service de plage.<\/p>\n<\/div><\/div><div class=\"w-btn-wrapper align_center\"><a class=\"w-btn us-btn-style_1\" href=\"https:\/\/www.hoteldoge.net\/fr\/contactez-nous\/\"><span class=\"w-btn-label\">\ud83d\udc49 Demander l\u2019offre Vacances \u00e0 v\u00e9lo FAMILY<\/span><\/a><\/div><\/div><\/div><\/div><div class=\"vc_col-sm-6 wpb_column vc_column_container\"><div class=\"vc_column-inner\"><div class=\"wpb_wrapper\"><div class=\"w-grid type_masonry layout_portfolio_18 cols_2 with_isotope ratio_1x1\" id=\"us_grid_1\" style=\"--columns:2;--gap:0.5rem;--item-ratio:1;\" data-filterable=\"true\"><style>@media (max-width:600px){#us_grid_1{--columns:1!important}}@media (min-width:1024px){#us_grid_1 .w-post-elm.post_title{font-size:0px!important}}.layout_portfolio_18 .w-grid-item-h{}.layout_portfolio_18 .usg_vwrapper_1{transition-duration:1s;transform-origin:50% 50%;transform:scale(1) translate(0%,0%);opacity:0}.layout_portfolio_18 .w-grid-item-h:focus-within .usg_vwrapper_1,.layout_portfolio_18 .w-grid-item-h:hover .usg_vwrapper_1{transform:scale(1) translate(0%,0%);opacity:1}.layout_portfolio_18 .usg_post_custom_field_1{transition-duration:1s;transform-origin:50% 50%;transform:scale(1) translate(0%,0%);opacity:0}.layout_portfolio_18 .w-grid-item-h:focus-within .usg_post_custom_field_1,.layout_portfolio_18 .w-grid-item-h:hover .usg_post_custom_field_1{transform:scale(1) translate(0%,0%);opacity:1}.layout_portfolio_18 .usg_post_image_1{position:absolute!important;top:0!important;right:0!important;bottom:0!important;left:0!important}.layout_portfolio_18 .usg_vwrapper_1{position:absolute!important;right:0!important;bottom:-1px!important;left:0!important;background:linear-gradient(transparent,rgba(30,30,30,0.8))!important;padding:5rem 2rem 1.5rem 2rem!important}.layout_portfolio_18 .usg_post_title_1{color:#fff!important;font-size:1.4rem!important}.layout_portfolio_18 .usg_post_taxonomy_1{color:#fff!important;font-size:0.9rem!important}.layout_portfolio_18 .usg_post_custom_field_1{position:absolute!important;top:0!important;right:0!important;bottom:0!important;left:0!important}<\/style><div class=\"w-grid-list\">\t<article class=\"w-grid-item size_1x1 post-1698 attachment type-attachment status-inherit hentry\" data-id=\"1698\">\n\t\t<div class=\"w-grid-item-h\">\n\t\t\t\t\t\t\t<a ref=\"magnificPopupGrid\" href=\"https:\/\/www.hoteldoge.net\/wp-content\/uploads\/2020\/01\/20160505_122626.jpg\" class=\"w-grid-item-anchor\" aria-label=\"20160505_122626\"><\/a>\n\t\t\t\t\t\t<div class=\"w-post-elm post_image usg_post_image_1 stretched\"><img loading=\"lazy\" decoding=\"async\" width=\"506\" height=\"900\" src=\"https:\/\/www.hoteldoge.net\/wp-content\/uploads\/2020\/01\/20160505_122626.jpg\" class=\"attachment-large size-large\" alt=\"\" srcset=\"https:\/\/www.hoteldoge.net\/wp-content\/uploads\/2020\/01\/20160505_122626.jpg 506w, https:\/\/www.hoteldoge.net\/wp-content\/uploads\/2020\/01\/20160505_122626-169x300.jpg 169w\" sizes=\"auto, (max-width: 506px) 100vw, 506px\" \/><\/div><div class=\"w-vwrapper usg_vwrapper_1 align_none valign_top\"><h2 class=\"w-post-elm post_title usg_post_title_1 has_text_color entry-title color_link_inherit\">20160505_122626<\/h2><\/div>\t\t<\/div>\n\t\t\t<\/article>\n\t<article class=\"w-grid-item size_1x1 post-1324 attachment type-attachment status-inherit hentry\" data-id=\"1324\">\n\t\t<div class=\"w-grid-item-h\">\n\t\t\t\t\t\t\t<a ref=\"magnificPopupGrid\" href=\"https:\/\/www.hoteldoge.net\/wp-content\/uploads\/2019\/12\/entroterra-2.jpg\" class=\"w-grid-item-anchor\" aria-label=\"entroterra\"><\/a>\n\t\t\t\t\t\t<div class=\"w-post-elm post_image usg_post_image_1 stretched\"><img loading=\"lazy\" decoding=\"async\" width=\"860\" height=\"560\" src=\"https:\/\/www.hoteldoge.net\/wp-content\/uploads\/2019\/12\/entroterra-2.jpg\" class=\"attachment-large size-large\" alt=\"\" srcset=\"https:\/\/www.hoteldoge.net\/wp-content\/uploads\/2019\/12\/entroterra-2.jpg 860w, https:\/\/www.hoteldoge.net\/wp-content\/uploads\/2019\/12\/entroterra-2-300x195.jpg 300w\" sizes=\"auto, (max-width: 860px) 100vw, 860px\" \/><\/div><div class=\"w-vwrapper usg_vwrapper_1 align_none valign_top\"><h2 class=\"w-post-elm post_title usg_post_title_1 has_text_color entry-title color_link_inherit\">entroterra<\/h2><\/div>\t\t<\/div>\n\t\t\t<\/article>\n\t<article class=\"w-grid-item size_1x1 post-1673 attachment type-attachment status-inherit hentry\" data-id=\"1673\">\n\t\t<div class=\"w-grid-item-h\">\n\t\t\t\t\t\t\t<a ref=\"magnificPopupGrid\" href=\"https:\/\/www.hoteldoge.net\/wp-content\/uploads\/2020\/01\/11221886_989220031118209_1918185836819287498_n.jpg\" class=\"w-grid-item-anchor\" aria-label=\"11221886_989220031118209_1918185836819287498_n\"><\/a>\n\t\t\t\t\t\t<div class=\"w-post-elm post_image usg_post_image_1 stretched\"><img loading=\"lazy\" decoding=\"async\" width=\"960\" height=\"960\" src=\"https:\/\/www.hoteldoge.net\/wp-content\/uploads\/2020\/01\/11221886_989220031118209_1918185836819287498_n.jpg\" class=\"attachment-large size-large\" alt=\"\" srcset=\"https:\/\/www.hoteldoge.net\/wp-content\/uploads\/2020\/01\/11221886_989220031118209_1918185836819287498_n.jpg 960w, https:\/\/www.hoteldoge.net\/wp-content\/uploads\/2020\/01\/11221886_989220031118209_1918185836819287498_n-300x300.jpg 300w, https:\/\/www.hoteldoge.net\/wp-content\/uploads\/2020\/01\/11221886_989220031118209_1918185836819287498_n-150x150.jpg 150w, https:\/\/www.hoteldoge.net\/wp-content\/uploads\/2020\/01\/11221886_989220031118209_1918185836819287498_n-500x500.jpg 500w\" sizes=\"auto, (max-width: 960px) 100vw, 960px\" \/><\/div><div class=\"w-vwrapper usg_vwrapper_1 align_none valign_top\"><h2 class=\"w-post-elm post_title usg_post_title_1 has_text_color entry-title color_link_inherit\">11221886_989220031118209_1918185836819287498_n<\/h2><\/div>\t\t<\/div>\n\t\t\t<\/article>\n\t<article class=\"w-grid-item size_1x1 post-1668 attachment type-attachment status-inherit hentry\" data-id=\"1668\">\n\t\t<div class=\"w-grid-item-h\">\n\t\t\t\t\t\t\t<a ref=\"magnificPopupGrid\" href=\"https:\/\/www.hoteldoge.net\/wp-content\/uploads\/2020\/01\/11202087_989019677804911_7014414744204542226_n.jpg\" class=\"w-grid-item-anchor\" aria-label=\"11202087_989019677804911_7014414744204542226_n\"><\/a>\n\t\t\t\t\t\t<div class=\"w-post-elm post_image usg_post_image_1 stretched\"><img loading=\"lazy\" decoding=\"async\" width=\"960\" height=\"720\" src=\"https:\/\/www.hoteldoge.net\/wp-content\/uploads\/2020\/01\/11202087_989019677804911_7014414744204542226_n.jpg\" class=\"attachment-large size-large\" alt=\"\" srcset=\"https:\/\/www.hoteldoge.net\/wp-content\/uploads\/2020\/01\/11202087_989019677804911_7014414744204542226_n.jpg 960w, https:\/\/www.hoteldoge.net\/wp-content\/uploads\/2020\/01\/11202087_989019677804911_7014414744204542226_n-300x225.jpg 300w\" sizes=\"auto, (max-width: 960px) 100vw, 960px\" \/><\/div><div class=\"w-vwrapper usg_vwrapper_1 align_none valign_top\"><h2 class=\"w-post-elm post_title usg_post_title_1 has_text_color entry-title color_link_inherit\">11202087_989019677804911_7014414744204542226_n<\/h2><\/div>\t\t<\/div>\n\t\t\t<\/article>\n\t<article class=\"w-grid-item size_1x1 post-1653 attachment type-attachment status-inherit hentry\" data-id=\"1653\">\n\t\t<div class=\"w-grid-item-h\">\n\t\t\t\t\t\t\t<a ref=\"magnificPopupGrid\" href=\"https:\/\/www.hoteldoge.net\/wp-content\/uploads\/2020\/01\/10429826_989220324451513_8746548739304950818_n1.jpg\" class=\"w-grid-item-anchor\" aria-label=\"10429826_989220324451513_8746548739304950818_n1\"><\/a>\n\t\t\t\t\t\t<div class=\"w-post-elm post_image usg_post_image_1 stretched\"><img loading=\"lazy\" decoding=\"async\" width=\"960\" height=\"720\" src=\"https:\/\/www.hoteldoge.net\/wp-content\/uploads\/2020\/01\/10429826_989220324451513_8746548739304950818_n1.jpg\" class=\"attachment-large size-large\" alt=\"\" srcset=\"https:\/\/www.hoteldoge.net\/wp-content\/uploads\/2020\/01\/10429826_989220324451513_8746548739304950818_n1.jpg 960w, https:\/\/www.hoteldoge.net\/wp-content\/uploads\/2020\/01\/10429826_989220324451513_8746548739304950818_n1-300x225.jpg 300w\" sizes=\"auto, (max-width: 960px) 100vw, 960px\" \/><\/div><div class=\"w-vwrapper usg_vwrapper_1 align_none valign_top\"><h2 class=\"w-post-elm post_title usg_post_title_1 has_text_color entry-title color_link_inherit\">10429826_989220324451513_8746548739304950818_n1<\/h2><\/div>\t\t<\/div>\n\t\t\t<\/article>\n\t<article class=\"w-grid-item size_1x1 post-1683 attachment type-attachment status-inherit hentry\" data-id=\"1683\">\n\t\t<div class=\"w-grid-item-h\">\n\t\t\t\t\t\t\t<a ref=\"magnificPopupGrid\" href=\"https:\/\/www.hoteldoge.net\/wp-content\/uploads\/2020\/01\/11351375_989220011118211_7355328030605406387_n.jpg\" class=\"w-grid-item-anchor\" aria-label=\"11351375_989220011118211_7355328030605406387_n\"><\/a>\n\t\t\t\t\t\t<div class=\"w-post-elm post_image usg_post_image_1 stretched\"><img loading=\"lazy\" decoding=\"async\" width=\"960\" height=\"960\" src=\"https:\/\/www.hoteldoge.net\/wp-content\/uploads\/2020\/01\/11351375_989220011118211_7355328030605406387_n.jpg\" class=\"attachment-large size-large\" alt=\"\" srcset=\"https:\/\/www.hoteldoge.net\/wp-content\/uploads\/2020\/01\/11351375_989220011118211_7355328030605406387_n.jpg 960w, https:\/\/www.hoteldoge.net\/wp-content\/uploads\/2020\/01\/11351375_989220011118211_7355328030605406387_n-300x300.jpg 300w, https:\/\/www.hoteldoge.net\/wp-content\/uploads\/2020\/01\/11351375_989220011118211_7355328030605406387_n-150x150.jpg 150w, https:\/\/www.hoteldoge.net\/wp-content\/uploads\/2020\/01\/11351375_989220011118211_7355328030605406387_n-500x500.jpg 500w\" sizes=\"auto, (max-width: 960px) 100vw, 960px\" \/><\/div><div class=\"w-vwrapper usg_vwrapper_1 align_none valign_top\"><h2 class=\"w-post-elm post_title usg_post_title_1 has_text_color entry-title color_link_inherit\">11351375_989220011118211_7355328030605406387_n<\/h2><\/div>\t\t<\/div>\n\t\t\t<\/article>\n\t<article class=\"w-grid-item size_1x1 post-1678 attachment type-attachment status-inherit hentry\" data-id=\"1678\">\n\t\t<div class=\"w-grid-item-h\">\n\t\t\t\t\t\t\t<a ref=\"magnificPopupGrid\" href=\"https:\/\/www.hoteldoge.net\/wp-content\/uploads\/2020\/01\/11246587_989220281118184_6829223908661470844_n.jpg\" class=\"w-grid-item-anchor\" aria-label=\"11246587_989220281118184_6829223908661470844_n\"><\/a>\n\t\t\t\t\t\t<div class=\"w-post-elm post_image usg_post_image_1 stretched\"><img loading=\"lazy\" decoding=\"async\" width=\"960\" height=\"960\" src=\"https:\/\/www.hoteldoge.net\/wp-content\/uploads\/2020\/01\/11246587_989220281118184_6829223908661470844_n.jpg\" class=\"attachment-large size-large\" alt=\"\" srcset=\"https:\/\/www.hoteldoge.net\/wp-content\/uploads\/2020\/01\/11246587_989220281118184_6829223908661470844_n.jpg 960w, https:\/\/www.hoteldoge.net\/wp-content\/uploads\/2020\/01\/11246587_989220281118184_6829223908661470844_n-300x300.jpg 300w, https:\/\/www.hoteldoge.net\/wp-content\/uploads\/2020\/01\/11246587_989220281118184_6829223908661470844_n-150x150.jpg 150w, https:\/\/www.hoteldoge.net\/wp-content\/uploads\/2020\/01\/11246587_989220281118184_6829223908661470844_n-500x500.jpg 500w\" sizes=\"auto, (max-width: 960px) 100vw, 960px\" \/><\/div><div class=\"w-vwrapper usg_vwrapper_1 align_none valign_top\"><h2 class=\"w-post-elm post_title usg_post_title_1 has_text_color entry-title color_link_inherit\">11246587_989220281118184_6829223908661470844_n<\/h2><\/div>\t\t<\/div>\n\t\t\t<\/article>\n\t<article class=\"w-grid-item size_1x1 post-1733 attachment type-attachment status-inherit hentry\" data-id=\"1733\">\n\t\t<div class=\"w-grid-item-h\">\n\t\t\t\t\t\t\t<a ref=\"magnificPopupGrid\" href=\"https:\/\/www.hoteldoge.net\/wp-content\/uploads\/2020\/01\/paesaggio-4.jpg\" class=\"w-grid-item-anchor\" aria-label=\"paesaggio-4\"><\/a>\n\t\t\t\t\t\t<div class=\"w-post-elm post_image usg_post_image_1 stretched\"><img loading=\"lazy\" decoding=\"async\" width=\"1000\" height=\"667\" src=\"https:\/\/www.hoteldoge.net\/wp-content\/uploads\/2020\/01\/paesaggio-4.jpg\" class=\"attachment-large size-large\" alt=\"\" srcset=\"https:\/\/www.hoteldoge.net\/wp-content\/uploads\/2020\/01\/paesaggio-4.jpg 1000w, https:\/\/www.hoteldoge.net\/wp-content\/uploads\/2020\/01\/paesaggio-4-300x200.jpg 300w\" sizes=\"auto, (max-width: 1000px) 100vw, 1000px\" \/><\/div><div class=\"w-vwrapper usg_vwrapper_1 align_none valign_top\"><h2 class=\"w-post-elm post_title usg_post_title_1 has_text_color entry-title color_link_inherit\">paesaggio-4<\/h2><\/div>\t\t<\/div>\n\t\t\t<\/article>\n<\/div><div class=\"w-grid-preloader\">\t<div class=\"g-preloader type_1\">\n\t\t<div><\/div>\n\t<\/div>\n\t<\/div>\t<div class=\"w-grid-json hidden\" onclick='return {&quot;action&quot;:&quot;us_ajax_grid&quot;,&quot;infinite_scroll&quot;:0,&quot;max_num_pages&quot;:1,&quot;pagination&quot;:&quot;none&quot;,&quot;template_vars&quot;:{&quot;columns&quot;:&quot;2&quot;,&quot;exclude_items&quot;:&quot;none&quot;,&quot;img_size&quot;:&quot;default&quot;,&quot;ignore_items_size&quot;:0,&quot;items_layout&quot;:&quot;portfolio_18&quot;,&quot;items_offset&quot;:&quot;1&quot;,&quot;load_animation&quot;:&quot;none&quot;,&quot;overriding_link&quot;:&quot;%7B%22type%22%3A%22popup_image%22%7D&quot;,&quot;post_id&quot;:0,&quot;query_args&quot;:{&quot;post_type&quot;:[&quot;attachment&quot;],&quot;post__in&quot;:[&quot;1698&quot;,&quot;1323&quot;,&quot;1673&quot;,&quot;1668&quot;,&quot;1653&quot;,&quot;1683&quot;,&quot;1678&quot;,&quot;1733&quot;],&quot;post_status&quot;:&quot;inherit&quot;,&quot;post_mime_type&quot;:&quot;image&quot;,&quot;posts_per_page&quot;:&quot;10&quot;},&quot;orderby_query_args&quot;:{&quot;orderby&quot;:{&quot;post__in&quot;:&quot;ASC&quot;},&quot;order&quot;:&quot;ASC&quot;},&quot;type&quot;:&quot;masonry&quot;,&quot;us_grid_post_type&quot;:&quot;attachment&quot;,&quot;us_grid_ajax_index&quot;:1,&quot;us_grid_filter_query_string&quot;:null,&quot;us_grid_index&quot;:1,&quot;page_args&quot;:[],&quot;lang&quot;:&quot;fr&quot;}}'><\/div>\n\t<\/div><\/div><\/div><\/div><\/div><\/div><\/section><section class=\"l-section wpb_row us_custom_a33c4197 height_medium\"><div class=\"l-section-h i-cf\"><div class=\"g-cols vc_row via_flex valign_top type_default stacking_default\"><div class=\"vc_col-sm-12 wpb_column vc_column_container\"><div class=\"vc_column-inner\"><div class=\"wpb_wrapper\">[vc_custom_heading text=\u00a0\u00bbEarly Booking\u00a0\u00bb font_container=\u00a0\u00bbtag:h1|font_size:30|text_align:left\u00a0\u00bb google_fonts=\u00a0\u00bbfont_family:Raleway%3A100%2C200%2C300%2Cregular%2C500%2C600%2C700%2C800%2C900|font_style:700%20bold%20regular%3A700%3Anormal\u00a0\u00bb css=\u00a0\u00bb%7B%22default%22%3A%7B%22font-size%22%3A%2230%22%7D%7D\u00a0\u00bb]<div class=\"wpb_text_column\"><div class=\"wpb_wrapper\"><p><strong>Offre Early Booking (R\u00e9servez maintenant et \u00e9conomisez):<\/strong><\/p>\n<ul>\n<li>\ud83d\udd38 <span style=\"color: #ee6532; font-size: 1.5em; font-weight: bold;\">-10%<\/span> si vous r\u00e9servez dans le <span style=\"color: #ee6532; font-size: 1.5em; font-weight: bold;\">31\/01\/2025<\/span> | Acompte\u00a0: <strong>600,00 \u20ac<\/strong> (remboursable pour les annulations jusqu\u2019\u00e0 15 jours avant l\u2019arriv\u00e9e)<\/li>\n<li>\ud83d\udd39 <span style=\"color: #ee6532; font-size: 1.5em; font-weight: bold;\">-5%<\/span> si vous r\u00e9servez dans le <span style=\"color: #ee6532; font-size: 1.5em; font-weight: bold;\">31\/03\/2025<\/span> | Acompte\u00a0: <strong>300,00 \u20ac<\/strong> (remboursable pour les annulations jusqu\u2019\u00e0 15 jours avant l\u2019arriv\u00e9e)<\/li>\n<li>\ud83d\udc65 L\u2019offre est valable pour des groupes de minimum <strong>10 personnes<\/strong>.<\/li>\n<\/ul>\n<\/div><\/div><div class=\"w-btn-wrapper align_center\"><a class=\"w-btn us-btn-style_1\" href=\"https:\/\/www.hoteldoge.net\/fr\/contactez-nous\/\"><span class=\"w-btn-label\">Demande l&rsquo;offre EARLY BOOKING<\/span><\/a><\/div><\/div><\/div><\/div><\/div><\/div><\/section>\n","protected":false},"excerpt":{"rendered":"","protected":false},"author":1,"featured_media":0,"parent":0,"menu_order":0,"comment_status":"closed","ping_status":"closed","template":"","meta":{"footnotes":""},"class_list":["post-2099","page","type-page","status-publish","hentry"],"yoast_head":"<!-- This site is optimized with the Yoast SEO plugin v26.5 - https:\/\/yoast.com\/wordpress\/plugins\/seo\/ -->\n<title>Vacances en v\u00e9lo pour Familles en Romagne - Hotel Doge Torre Pedrera<\/title>\n<meta name=\"robots\" content=\"index, follow, max-snippet:-1, max-image-preview:large, max-video-preview:-1\" \/>\n<link rel=\"canonical\" href=\"https:\/\/www.hoteldoge.net\/fr\/vacances-velo-familles-romagne\/\" \/>\n<meta property=\"og:locale\" content=\"fr_FR\" \/>\n<meta property=\"og:type\" content=\"article\" \/>\n<meta property=\"og:title\" content=\"Vacances en v\u00e9lo pour Familles en Romagne - Hotel Doge Torre Pedrera\" \/>\n<meta property=\"og:url\" content=\"https:\/\/www.hoteldoge.net\/fr\/vacances-velo-familles-romagne\/\" \/>\n<meta property=\"og:site_name\" content=\"Hotel Doge Torre Pedrera\" \/>\n<meta property=\"article:modified_time\" content=\"2025-02-13T14:58:51+00:00\" \/>\n<meta name=\"twitter:card\" content=\"summary_large_image\" \/>\n<meta name=\"twitter:label1\" content=\"Dur\u00e9e de lecture estim\u00e9e\" \/>\n\t<meta name=\"twitter:data1\" content=\"2 minutes\" \/>\n<script type=\"application\/ld+json\" class=\"yoast-schema-graph\">{\"@context\":\"https:\/\/schema.org\",\"@graph\":[{\"@type\":\"WebPage\",\"@id\":\"https:\/\/www.hoteldoge.net\/fr\/vacances-velo-familles-romagne\/\",\"url\":\"https:\/\/www.hoteldoge.net\/fr\/vacances-velo-familles-romagne\/\",\"name\":\"Vacances en v\u00e9lo pour Familles en Romagne - Hotel Doge Torre Pedrera\",\"isPartOf\":{\"@id\":\"https:\/\/www.hoteldoge.net\/de\/#website\"},\"datePublished\":\"2020-02-17T16:58:58+00:00\",\"dateModified\":\"2025-02-13T14:58:51+00:00\",\"breadcrumb\":{\"@id\":\"https:\/\/www.hoteldoge.net\/fr\/vacances-velo-familles-romagne\/#breadcrumb\"},\"inLanguage\":\"fr-FR\",\"potentialAction\":[{\"@type\":\"ReadAction\",\"target\":[\"https:\/\/www.hoteldoge.net\/fr\/vacances-velo-familles-romagne\/\"]}]},{\"@type\":\"BreadcrumbList\",\"@id\":\"https:\/\/www.hoteldoge.net\/fr\/vacances-velo-familles-romagne\/#breadcrumb\",\"itemListElement\":[{\"@type\":\"ListItem\",\"position\":1,\"name\":\"Home\",\"item\":\"https:\/\/www.hoteldoge.net\/it\/\"},{\"@type\":\"ListItem\",\"position\":2,\"name\":\"Vacances en v\u00e9lo pour Familles en Romagne\"}]},{\"@type\":\"WebSite\",\"@id\":\"https:\/\/www.hoteldoge.net\/de\/#website\",\"url\":\"https:\/\/www.hoteldoge.net\/de\/\",\"name\":\"Hotel Doge Torre Pedrera\",\"description\":\"Hotel 3 stelle Torre Pedrera All inclusive con Piscina e Spiaggia\",\"potentialAction\":[{\"@type\":\"SearchAction\",\"target\":{\"@type\":\"EntryPoint\",\"urlTemplate\":\"https:\/\/www.hoteldoge.net\/de\/?s={search_term_string}\"},\"query-input\":{\"@type\":\"PropertyValueSpecification\",\"valueRequired\":true,\"valueName\":\"search_term_string\"}}],\"inLanguage\":\"fr-FR\"}]}<\/script>\n<!-- \/ Yoast SEO plugin. -->","yoast_head_json":{"title":"Vacances en v\u00e9lo pour Familles en Romagne - Hotel Doge Torre Pedrera","robots":{"index":"index","follow":"follow","max-snippet":"max-snippet:-1","max-image-preview":"max-image-preview:large","max-video-preview":"max-video-preview:-1"},"canonical":"https:\/\/www.hoteldoge.net\/fr\/vacances-velo-familles-romagne\/","og_locale":"fr_FR","og_type":"article","og_title":"Vacances en v\u00e9lo pour Familles en Romagne - Hotel Doge Torre Pedrera","og_url":"https:\/\/www.hoteldoge.net\/fr\/vacances-velo-familles-romagne\/","og_site_name":"Hotel Doge Torre Pedrera","article_modified_time":"2025-02-13T14:58:51+00:00","twitter_card":"summary_large_image","twitter_misc":{"Dur\u00e9e de lecture estim\u00e9e":"2 minutes"},"schema":{"@context":"https:\/\/schema.org","@graph":[{"@type":"WebPage","@id":"https:\/\/www.hoteldoge.net\/fr\/vacances-velo-familles-romagne\/","url":"https:\/\/www.hoteldoge.net\/fr\/vacances-velo-familles-romagne\/","name":"Vacances en v\u00e9lo pour Familles en Romagne - Hotel Doge Torre Pedrera","isPartOf":{"@id":"https:\/\/www.hoteldoge.net\/de\/#website"},"datePublished":"2020-02-17T16:58:58+00:00","dateModified":"2025-02-13T14:58:51+00:00","breadcrumb":{"@id":"https:\/\/www.hoteldoge.net\/fr\/vacances-velo-familles-romagne\/#breadcrumb"},"inLanguage":"fr-FR","potentialAction":[{"@type":"ReadAction","target":["https:\/\/www.hoteldoge.net\/fr\/vacances-velo-familles-romagne\/"]}]},{"@type":"BreadcrumbList","@id":"https:\/\/www.hoteldoge.net\/fr\/vacances-velo-familles-romagne\/#breadcrumb","itemListElement":[{"@type":"ListItem","position":1,"name":"Home","item":"https:\/\/www.hoteldoge.net\/it\/"},{"@type":"ListItem","position":2,"name":"Vacances en v\u00e9lo pour Familles en Romagne"}]},{"@type":"WebSite","@id":"https:\/\/www.hoteldoge.net\/de\/#website","url":"https:\/\/www.hoteldoge.net\/de\/","name":"Hotel Doge Torre Pedrera","description":"Hotel 3 stelle Torre Pedrera All inclusive con Piscina e Spiaggia","potentialAction":[{"@type":"SearchAction","target":{"@type":"EntryPoint","urlTemplate":"https:\/\/www.hoteldoge.net\/de\/?s={search_term_string}"},"query-input":{"@type":"PropertyValueSpecification","valueRequired":true,"valueName":"search_term_string"}}],"inLanguage":"fr-FR"}]}},"_links":{"self":[{"href":"https:\/\/www.hoteldoge.net\/fr\/wp-json\/wp\/v2\/pages\/2099","targetHints":{"allow":["GET"]}}],"collection":[{"href":"https:\/\/www.hoteldoge.net\/fr\/wp-json\/wp\/v2\/pages"}],"about":[{"href":"https:\/\/www.hoteldoge.net\/fr\/wp-json\/wp\/v2\/types\/page"}],"author":[{"embeddable":true,"href":"https:\/\/www.hoteldoge.net\/fr\/wp-json\/wp\/v2\/users\/1"}],"replies":[{"embeddable":true,"href":"https:\/\/www.hoteldoge.net\/fr\/wp-json\/wp\/v2\/comments?post=2099"}],"version-history":[{"count":12,"href":"https:\/\/www.hoteldoge.net\/fr\/wp-json\/wp\/v2\/pages\/2099\/revisions"}],"predecessor-version":[{"id":2102,"href":"https:\/\/www.hoteldoge.net\/fr\/wp-json\/wp\/v2\/pages\/2099\/revisions\/2102"}],"wp:attachment":[{"href":"https:\/\/www.hoteldoge.net\/fr\/wp-json\/wp\/v2\/media?parent=2099"}],"curies":[{"name":"wp","href":"https:\/\/api.w.org\/{rel}","templated":true}]}}