{"id":2068,"date":"2020-02-17T17:08:33","date_gmt":"2020-02-17T16:08:33","guid":{"rendered":"https:\/\/www.hroyal.it\/?page_id=2068"},"modified":"2025-02-13T15:43:56","modified_gmt":"2025-02-13T14:43:56","slug":"services-cyclistes-romagne","status":"publish","type":"page","link":"https:\/\/www.hoteldoge.net\/fr\/services-cyclistes-romagne\/","title":{"rendered":"services pour les cyclistes en romagne"},"content":{"rendered":"<section class=\"l-section wpb_row us_custom_33fe73d0 height_huge width_full\"><div class=\"l-section-h i-cf\"><div class=\"g-cols vc_row via_flex valign_top type_default stacking_default\"><div class=\"vc_col-sm-12 wpb_column vc_column_container\"><div class=\"vc_column-inner\"><div class=\"wpb_wrapper\">\n\t\t\t<!-- START servizibike REVOLUTION SLIDER 6.7.37 --><p class=\"rs-p-wp-fix\"><\/p>\n\t\t\t<rs-module-wrap id=\"rev_slider_9_1_wrapper\" data-source=\"gallery\" style=\"visibility:hidden;background:transparent;padding:0;margin:0px auto;margin-top:0;margin-bottom:0;\">\n\t\t\t\t<rs-module id=\"rev_slider_9_1\" style=\"\" data-version=\"6.7.37\">\n\t\t\t\t\t<rs-slides style=\"overflow: hidden; position: absolute;\">\n\t\t\t\t\t\t<rs-slide style=\"position: absolute;\" data-key=\"rs-14\" data-title=\"Slide\" data-anim=\"ms:1000;r:0;\" data-in=\"o:0;\" data-out=\"a:false;\">\n\t\t\t\t\t\t\t<img decoding=\"async\" src=\"\/\/www.hoteldoge.net\/wp-content\/plugins\/revslider\/sr6\/assets\/assets\/dummy.png\" alt=\"\" title=\"verucchio-bici\" width=\"1920\" height=\"920\" class=\"rev-slidebg tp-rs-img rs-lazyload\" data-lazyload=\"\/\/www.hoteldoge.net\/wp-content\/uploads\/2019\/12\/verucchio-bici-1.jpg\" data-bg=\"p:center bottom;\" data-no-retina>\n<!---->\t\t\t\t\t<\/rs-slide>\n\t\t\t\t\t<\/rs-slides>\n\t\t\t\t<\/rs-module>\n\t\t\t\t<script>\n\t\t\t\t\tsetREVStartSize({c: 'rev_slider_9_1',rl:[1240,1024,778,480],el:[900],gw:[1240],gh:[900],type:'hero',justify:'',layout:'fullwidth',mh:\"0\"});if (window.RS_MODULES!==undefined && window.RS_MODULES.modules!==undefined && window.RS_MODULES.modules[\"revslider91\"]!==undefined) {window.RS_MODULES.modules[\"revslider91\"].once = false;window.revapi9 = undefined;if (window.RS_MODULES.checkMinimal!==undefined) window.RS_MODULES.checkMinimal()}\n\t\t\t\t<\/script>\n\t\t\t<\/rs-module-wrap>\n\t\t\t<!-- END REVOLUTION SLIDER -->\n<\/div><\/div><\/div><\/div><\/div><\/section><section class=\"l-section wpb_row us_custom_0a5fe326 height_medium color_alternate\"><div class=\"l-section-h i-cf\"><div class=\"g-cols vc_row via_flex valign_top type_default stacking_default\"><div class=\"vc_col-sm-12 wpb_column vc_column_container\"><div class=\"vc_column-inner\"><div class=\"wpb_wrapper\"><div class=\"wpb_text_column\"><div class=\"wpb_wrapper\"><h1 style=\"text-align: center; font-size: 250%;\">Services pour les cyclistes en Romagne<\/h1>\n<\/div><\/div><\/div><\/div><\/div><\/div><\/div><\/section><section class=\"l-section wpb_row height_medium\"><div class=\"l-section-h i-cf\"><div class=\"g-cols vc_row via_flex valign_middle type_default stacking_default\"><div class=\"vc_col-sm-6 wpb_column vc_column_container\"><div class=\"vc_column-inner type_sticky\"><div class=\"wpb_wrapper\">[vc_custom_heading text=\u00a0\u00bbBike Hotel Doge\u00a0\u00bb font_container=\u00a0\u00bbtag:h2|font_size:26|text_align:left\u00a0\u00bb google_fonts=\u00a0\u00bbfont_family:Raleway%3A100%2C200%2C300%2Cregular%2C500%2C600%2C700%2C800%2C900|font_style:400%20regular%3A400%3Anormal\u00a0\u00bb css=\u00a0\u00bb%7B%22default%22%3A%7B%22font-size%22%3A%2220%22%7D%7D\u00a0\u00bb]<div class=\"wpb_text_column\"><div class=\"wpb_wrapper\"><p>Moderne et \u00e9l\u00e9gant h\u00f4tel \u00e0 3 \u00e9toiles sur la <strong>promenade de Torre Pedrera<\/strong>. Il donne sur la mer et il appartient au circuit Rimini Bike Hotels.<\/p>\n<p><strong>Ses chambres<\/strong> sont meubl\u00e9es avec \u00e9l\u00e9gance et sobri\u00e9t\u00e9 et \u00e9quip\u00e9es avec tous les comforts: wc\/douche, s\u00e8che-cheveux, t\u00e9l\u00e9 satellitaire, coffre-fort, t\u00e9l\u00e9phone et balcon. Il dispose aussi d\u2019un vaste parking priv\u00e9 et d\u2019une <strong>salle pour les v\u00e9los<\/strong>. Il est peu loin de Rimini.<\/p>\n<\/div><\/div><div class=\" ubtn-ctn-center \"><a class=\"ubtn-link ult-adjust-bottom-margin ubtn-center ubtn-large \" href=\"https:\/\/www.hoteldoge.net\/fr\/contactez-nous.html\" ><button type=\"button\" id=\"ubtn-5256\"  class=\"ubtn ult-adjust-bottom-margin ult-responsive ubtn-large ubtn-no-hover-bg  ulta-grow  ubtn-center   tooltip-6a06ec9f7a704\"  data-hover=\"\" data-border-color=\"\" data-bg=\"#e0e0e0\" data-hover-bg=\"\" data-border-hover=\"\" data-shadow-hover=\"\" data-shadow-click=\"none\" data-shadow=\"\" data-shd-shadow=\"\"  data-ultimate-target='#ubtn-5256'  data-responsive-json-new='{\"font-size\":\"desktop:18px;\",\"line-height\":\"\"}'  style=\"font-family:&#039;Raleway&#039;;font-weight:normal;font-style:normal;border:none;background: #e0e0e0;color: #000000;\"><span class=\"ubtn-hover\" style=\"background-color:\"><\/span><span class=\"ubtn-data ubtn-text \" >NOUS CONTACTER<\/span><\/button><\/a><\/div><\/div><\/div><\/div><div class=\"vc_col-sm-6 wpb_column vc_column_container\"><div class=\"vc_column-inner\"><div class=\"wpb_wrapper\"><div class=\"w-image align_none\"><a ref=\"magnificPopup\" href=\"https:\/\/www.hoteldoge.net\/wp-content\/uploads\/2019\/12\/camera-vista-mare-laterale.jpg\" aria-label=\"camera-vista-mare-laterale\" class=\"w-image-h\"><img decoding=\"async\" width=\"1000\" height=\"666\" src=\"https:\/\/www.hoteldoge.net\/wp-content\/uploads\/2019\/12\/camera-vista-mare-laterale.jpg\" class=\"attachment-large size-large\" alt=\"\" loading=\"lazy\" srcset=\"https:\/\/www.hoteldoge.net\/wp-content\/uploads\/2019\/12\/camera-vista-mare-laterale.jpg 1000w, https:\/\/www.hoteldoge.net\/wp-content\/uploads\/2019\/12\/camera-vista-mare-laterale-300x200.jpg 300w\" sizes=\"auto, (max-width: 1000px) 100vw, 1000px\" \/><\/a><\/div><\/div><\/div><\/div><\/div><\/div><\/section><!-- Row Backgrounds --><div class=\"upb_color\" data-bg-override=\"0\" data-bg-color=\"#e1d7cb\" data-fadeout=\"\" data-fadeout-percentage=\"30\" data-parallax-content=\"\" data-parallax-content-sense=\"30\" data-row-effect-mobile-disable=\"true\" data-img-parallax-mobile-disable=\"true\" data-rtl=\"false\"  data-custom-vc-row=\"\"  data-vc=\"8.6.1\"  data-is_old_vc=\"\"  data-theme-support=\"\"   data-overlay=\"false\" data-overlay-color=\"\" data-overlay-pattern=\"\" data-overlay-pattern-opacity=\"\" data-overlay-pattern-size=\"\"    ><\/div><section class=\"l-section wpb_row height_medium color_alternate\"><div class=\"l-section-h i-cf\"><div class=\"g-cols vc_row via_flex valign_middle type_default stacking_default\"><div class=\"vc_col-sm-6 wpb_column vc_column_container\"><div class=\"vc_column-inner\"><div class=\"wpb_wrapper\"><div class=\"w-image us_custom_4edece6e align_none\"><a ref=\"magnificPopup\" href=\"https:\/\/www.hoteldoge.net\/wp-content\/uploads\/2019\/12\/assistenza-bike-1.jpg\" aria-label=\"assistenza-bike\" class=\"w-image-h\"><img decoding=\"async\" width=\"900\" height=\"601\" src=\"https:\/\/www.hoteldoge.net\/wp-content\/uploads\/2019\/12\/assistenza-bike-1.jpg\" class=\"attachment-large size-large\" alt=\"\" loading=\"lazy\" srcset=\"https:\/\/www.hoteldoge.net\/wp-content\/uploads\/2019\/12\/assistenza-bike-1.jpg 900w, https:\/\/www.hoteldoge.net\/wp-content\/uploads\/2019\/12\/assistenza-bike-1-300x200.jpg 300w\" sizes=\"auto, (max-width: 900px) 100vw, 900px\" \/><\/a><\/div><\/div><\/div><\/div><div class=\"vc_col-sm-6 wpb_column vc_column_container\"><div class=\"vc_column-inner us_custom_d984a24d\"><div class=\"wpb_wrapper\">[vc_custom_heading text=\u00a0\u00bbServices pour les cyclistes\u00a0\u00bb font_container=\u00a0\u00bbtag:h2|font_size:26|text_align:left\u00a0\u00bb google_fonts=\u00a0\u00bbfont_family:Raleway%3A100%2C200%2C300%2Cregular%2C500%2C600%2C700%2C800%2C900|font_style:400%20regular%3A400%3Anormal\u00a0\u00bb css=\u00a0\u00bb%7B%22default%22%3A%7B%22font-size%22%3A%2220%22%7D%7D\u00a0\u00bb]<div class=\"wpb_text_column\"><div class=\"wpb_wrapper\"><p>L\u2019H\u00f4tel Doge offre au cyclistes des services sp\u00e9cifiques pour la garde, le parking et la r\u00e9paration de leurs v\u00e9los. Il est g\u00e9r\u00e9 par les fr\u00e8res Bilancioni, cycletouristes eux-m\u00eames, qui vous accompagneront et vous conseillerons des parcours sp\u00e9ciaux \u00e0 la d\u00e9couverte de la Romagne. \u00c0 la demande, on organise aussi des excursion en v\u00e9lo personnalis\u00e9es<\/p>\n<p>Les services incluent:<\/p>\n<ul>\n<li>r\u00e9cup\u00e9ratioN v\u00e9lo<\/li>\n<li>d\u00e9p\u00f4t v\u00e9lo avec corner pour les v\u00eatements techniques<\/li>\n<li>garage pour les r\u00e9parations et le nettoyage<\/li>\n<li>conventions avec boutique sp\u00e9cialis\u00e9e en vente et r\u00e9parations<\/li>\n<li><strong>circuits \u00e0 v\u00e9lo personnalis\u00e9s<\/strong> (sur demande)<\/li>\n<\/ul>\n<\/div><\/div><\/div><\/div><\/div><\/div><\/div><\/section><!-- Row Backgrounds --><div class=\"upb_color\" data-bg-override=\"0\" data-bg-color=\"#f5f5f5\" data-fadeout=\"\" data-fadeout-percentage=\"30\" data-parallax-content=\"\" data-parallax-content-sense=\"30\" data-row-effect-mobile-disable=\"true\" data-img-parallax-mobile-disable=\"true\" data-rtl=\"false\"  data-custom-vc-row=\"\"  data-vc=\"8.6.1\"  data-is_old_vc=\"\"  data-theme-support=\"\"   data-overlay=\"false\" data-overlay-color=\"\" data-overlay-pattern=\"\" data-overlay-pattern-opacity=\"\" data-overlay-pattern-size=\"\"    ><\/div><section class=\"l-section wpb_row height_medium\"><div class=\"l-section-h i-cf\"><div class=\"g-cols vc_row via_flex valign_middle type_default stacking_default\"><div class=\"vc_col-sm-6 wpb_column vc_column_container\"><div class=\"vc_column-inner\"><div class=\"wpb_wrapper\">[vc_custom_heading text=\u00a0\u00bbPetit-d\u00e9jeneur des champions\u00a0\u00bb font_container=\u00a0\u00bbtag:h2|font_size:26|text_align:left\u00a0\u00bb google_fonts=\u00a0\u00bbfont_family:Raleway%3A100%2C200%2C300%2Cregular%2C500%2C600%2C700%2C800%2C900|font_style:400%20regular%3A400%3Anormal\u00a0\u00bb css=\u00a0\u00bb%7B%22default%22%3A%7B%22font-size%22%3A%2220%22%7D%7D\u00a0\u00bb]<div class=\"wpb_text_column\"><div class=\"wpb_wrapper\"><p><strong>Riche petit-d\u00e9jeneur \u00e0 buffet<\/strong>, doux et sal\u00e9 avec tartes, biscuits faits \u00e0 la maison, yaourt, c\u00e9r\u00e9ales, brioches.<\/p>\n<p>L\u2019h\u00f4tel offre une <strong>cuisine traditionnelle<\/strong> avec des plats de la r\u00e9gion: trois menus au choix (trois entr\u00e9es et trois plats principaux), buffets de l\u00e9gumes crus ou cuits, entr\u00e9es, fruits et fromages. La salle est vaste et lumineuse, elle donne sur la mer et elle est dou\u00e9e d\u2019air conditionn\u00e9.<\/p>\n<\/div><\/div><div class=\"w-separator size_medium\"><\/div><div class=\" ubtn-ctn-center \"><a class=\"ubtn-link ult-adjust-bottom-margin ubtn-center ubtn-large \" href=\"https:\/\/www.hoteldoge.net\/fr\/contactez-nous.html\" ><button type=\"button\" id=\"ubtn-2244\"  class=\"ubtn ult-adjust-bottom-margin ult-responsive ubtn-large ubtn-no-hover-bg  ulta-grow  ubtn-center   tooltip-6a06ec9f7b206\"  data-hover=\"\" data-border-color=\"\" data-bg=\"#e0e0e0\" data-hover-bg=\"\" data-border-hover=\"\" data-shadow-hover=\"\" data-shadow-click=\"none\" data-shadow=\"\" data-shd-shadow=\"\"  data-ultimate-target='#ubtn-2244'  data-responsive-json-new='{\"font-size\":\"desktop:18px;\",\"line-height\":\"\"}'  style=\"font-family:&#039;Raleway&#039;;font-weight:normal;font-style:normal;border:none;background: #e0e0e0;color: #000000;\"><span class=\"ubtn-hover\" style=\"background-color:\"><\/span><span class=\"ubtn-data ubtn-text \" >NOUS CONTACTER<\/span><\/button><\/a><\/div><\/div><\/div><\/div><div class=\"vc_col-sm-6 wpb_column vc_column_container\"><div class=\"vc_column-inner\"><div class=\"wpb_wrapper\"><div class=\"w-image align_none\"><a ref=\"magnificPopup\" href=\"https:\/\/www.hoteldoge.net\/wp-content\/uploads\/2019\/12\/colazione-da-campioni.jpg\" aria-label=\"colazione-da-campioni\" class=\"w-image-h\"><img decoding=\"async\" width=\"900\" height=\"600\" src=\"https:\/\/www.hoteldoge.net\/wp-content\/uploads\/2019\/12\/colazione-da-campioni.jpg\" class=\"attachment-large size-large\" alt=\"\" loading=\"lazy\" srcset=\"https:\/\/www.hoteldoge.net\/wp-content\/uploads\/2019\/12\/colazione-da-campioni.jpg 900w, https:\/\/www.hoteldoge.net\/wp-content\/uploads\/2019\/12\/colazione-da-campioni-300x200.jpg 300w\" sizes=\"auto, (max-width: 900px) 100vw, 900px\" \/><\/a><\/div><\/div><\/div><\/div><\/div><\/div><\/section><!-- Row Backgrounds --><div class=\"upb_color\" data-bg-override=\"0\" data-bg-color=\"#e1d7cb\" data-fadeout=\"\" data-fadeout-percentage=\"30\" data-parallax-content=\"\" data-parallax-content-sense=\"30\" data-row-effect-mobile-disable=\"true\" data-img-parallax-mobile-disable=\"true\" data-rtl=\"false\"  data-custom-vc-row=\"\"  data-vc=\"8.6.1\"  data-is_old_vc=\"\"  data-theme-support=\"\"   data-overlay=\"false\" data-overlay-color=\"\" data-overlay-pattern=\"\" data-overlay-pattern-opacity=\"\" data-overlay-pattern-size=\"\"    ><\/div><section class=\"l-section wpb_row height_medium\"><div class=\"l-section-h i-cf\"><div class=\"g-cols vc_row via_flex valign_middle type_default stacking_default\"><div class=\"vc_col-sm-6 wpb_column vc_column_container\"><div class=\"vc_column-inner\"><div class=\"wpb_wrapper\"><div class=\"w-image align_none\"><a ref=\"magnificPopup\" href=\"https:\/\/www.hoteldoge.net\/wp-content\/uploads\/2019\/12\/piscina-hotel-doge3.jpg\" aria-label=\"piscina-hotel-doge3\" class=\"w-image-h\"><img decoding=\"async\" width=\"900\" height=\"675\" src=\"https:\/\/www.hoteldoge.net\/wp-content\/uploads\/2019\/12\/piscina-hotel-doge3.jpg\" class=\"attachment-large size-large\" alt=\"\" loading=\"lazy\" srcset=\"https:\/\/www.hoteldoge.net\/wp-content\/uploads\/2019\/12\/piscina-hotel-doge3.jpg 900w, https:\/\/www.hoteldoge.net\/wp-content\/uploads\/2019\/12\/piscina-hotel-doge3-300x225.jpg 300w\" sizes=\"auto, (max-width: 900px) 100vw, 900px\" \/><\/a><\/div><\/div><\/div><\/div><div class=\"vc_col-sm-6 wpb_column vc_column_container\"><div class=\"vc_column-inner\"><div class=\"wpb_wrapper\">[vc_custom_heading text=\u00a0\u00bbPiscine\u00a0\u00bb font_container=\u00a0\u00bbtag:h2|font_size:26|text_align:left\u00a0\u00bb google_fonts=\u00a0\u00bbfont_family:Raleway%3A100%2C200%2C300%2Cregular%2C500%2C600%2C700%2C800%2C900|font_style:400%20regular%3A400%3Anormal\u00a0\u00bb css=\u00a0\u00bb%7B%22default%22%3A%7B%22font-size%22%3A%2220%22%7D%7D\u00a0\u00bb]<div class=\"wpb_text_column\"><div class=\"wpb_wrapper\"><p>L\u2019H\u00f4tel est dou\u00e9 d\u2019une <strong>large piscine (18\u00d79 m\u00e8tres) avec hydromassage Iacuzzi<\/strong>, toilettes, distributeurs automatiques de boissons et amuse-gueules, lits et parasols pour des agr\u00e9ables moments de relax. La zone se trouve pr\u00e8s d\u2019une aire de jeux pour les enfants.<\/p>\n<\/div><\/div><\/div><\/div><\/div><\/div><\/div><\/section><!-- Row Backgrounds --><div class=\"upb_color\" data-bg-override=\"0\" data-bg-color=\"#e1d7cb\" data-fadeout=\"\" data-fadeout-percentage=\"30\" data-parallax-content=\"\" data-parallax-content-sense=\"30\" data-row-effect-mobile-disable=\"true\" data-img-parallax-mobile-disable=\"true\" data-rtl=\"false\"  data-custom-vc-row=\"\"  data-vc=\"8.6.1\"  data-is_old_vc=\"\"  data-theme-support=\"\"   data-overlay=\"false\" data-overlay-color=\"\" data-overlay-pattern=\"\" data-overlay-pattern-opacity=\"\" data-overlay-pattern-size=\"\"    ><\/div><section class=\"l-section wpb_row height_medium color_alternate\"><div class=\"l-section-h i-cf\"><div class=\"g-cols vc_row via_flex valign_top type_default stacking_default\"><div class=\"vc_col-sm-6 wpb_column vc_column_container\"><div class=\"vc_column-inner\"><div class=\"wpb_wrapper\">[vc_custom_heading text=\u00a0\u00bbEarly Booking\u00a0\u00bb font_container=\u00a0\u00bbtag:h2|font_size:26|text_align:left\u00a0\u00bb google_fonts=\u00a0\u00bbfont_family:Raleway%3A100%2C200%2C300%2Cregular%2C500%2C600%2C700%2C800%2C900|font_style:400%20regular%3A400%3Anormal\u00a0\u00bb css=\u00a0\u00bb%7B%22default%22%3A%7B%22font-size%22%3A%2220%22%7D%7D\u00a0\u00bb]<div class=\"wpb_text_column\"><div class=\"wpb_wrapper\"><p><strong>Offre Early Booking (R\u00e9servez maintenant et \u00e9conomisez):<\/strong><\/p>\n<ul>\n<li>\ud83d\udd38 <span style=\"color: #ee6532; font-size: 1.5em; font-weight: bold;\">-10%<\/span> si vous r\u00e9servez dans le <span style=\"color: #ee6532; font-size: 1.5em; font-weight: bold;\">31\/01\/2025<\/span> | D\u00e9p\u00f4t\u00a0: <strong>600,00 \u20ac<\/strong> (remboursable pour les annulations jusqu\u2019\u00e0 15 jours avant l\u2019arriv\u00e9e)<\/li>\n<li>\ud83d\udd39 <span style=\"color: #ee6532; font-size: 1.5em; font-weight: bold;\">-5%<\/span> si vous r\u00e9servez dans le <span style=\"color: #ee6532; font-size: 1.5em; font-weight: bold;\">31\/03\/2025<\/span> | Acompte\u00a0: <strong>300,00 \u20ac<\/strong> (remboursable pour les annulations jusqu\u2019\u00e0 15 jours avant l\u2019arriv\u00e9e)<\/li>\n<li>\ud83d\udc65 L\u2019offre est valable pour des groupes de minimum <strong>10 personnes<\/strong>.<\/li>\n<\/ul>\n<\/div><\/div><div class=\"w-btn-wrapper align_center\"><a class=\"w-btn us-btn-style_1\" href=\"https:\/\/www.hoteldoge.net\/fr\/contactez-nous\/\"><span class=\"w-btn-label\">demande offre early booking<\/span><\/a><\/div><\/div><\/div><\/div><div class=\"vc_col-sm-6 wpb_column vc_column_container\"><div class=\"vc_column-inner\"><div class=\"wpb_wrapper\"><div class=\"w-image align_none\"><div class=\"w-image-h\"><img decoding=\"async\" width=\"1024\" height=\"491\" src=\"https:\/\/www.hoteldoge.net\/wp-content\/uploads\/2019\/12\/verucchio-bici-1024x491.jpg\" class=\"attachment-large size-large\" alt=\"\" loading=\"lazy\" srcset=\"https:\/\/www.hoteldoge.net\/wp-content\/uploads\/2019\/12\/verucchio-bici-1024x491.jpg 1024w, https:\/\/www.hoteldoge.net\/wp-content\/uploads\/2019\/12\/verucchio-bici-300x144.jpg 300w, https:\/\/www.hoteldoge.net\/wp-content\/uploads\/2019\/12\/verucchio-bici-1536x736.jpg 1536w, https:\/\/www.hoteldoge.net\/wp-content\/uploads\/2019\/12\/verucchio-bici.jpg 1920w\" sizes=\"auto, (max-width: 1024px) 100vw, 1024px\" \/><\/div><\/div><\/div><\/div><\/div><\/div><\/div><\/section>\n","protected":false},"excerpt":{"rendered":"Services pour les cyclistes en Romagne [vc_custom_heading text=\"Bike Hotel Doge\" font_container=\"tag:h2|font_size:26|text_align:left\" google_fonts=\"font_family:Raleway%3A100%2C200%2C300%2Cregular%2C500%2C600%2C700%2C800%2C900|font_style:400%20regular%3A400%3Anormal\" css=\"%7B%22default%22%3A%7B%22font-size%22%3A%2220%22%7D%7D\"]Moderne et \u00e9l\u00e9gant h\u00f4tel \u00e0 3 \u00e9toiles sur la promenade de Torre Pedrera. Il donne sur la mer et il appartient au circuit Rimini Bike Hotels. Ses chambres sont meubl\u00e9es avec \u00e9l\u00e9gance et sobri\u00e9t\u00e9 et \u00e9quip\u00e9es avec tous les comforts: wc\/douche, s\u00e8che-cheveux, t\u00e9l\u00e9...","protected":false},"author":1,"featured_media":0,"parent":0,"menu_order":0,"comment_status":"closed","ping_status":"closed","template":"","meta":{"footnotes":""},"class_list":["post-2068","page","type-page","status-publish","hentry"],"yoast_head":"<!-- This site is optimized with the Yoast SEO plugin v26.5 - https:\/\/yoast.com\/wordpress\/plugins\/seo\/ -->\n<title>services pour les cyclistes en romagne - Hotel Doge Torre Pedrera<\/title>\n<meta name=\"robots\" content=\"index, follow, max-snippet:-1, max-image-preview:large, max-video-preview:-1\" \/>\n<link rel=\"canonical\" href=\"https:\/\/www.hoteldoge.net\/fr\/services-cyclistes-romagne\/\" \/>\n<meta property=\"og:locale\" content=\"fr_FR\" \/>\n<meta property=\"og:type\" content=\"article\" \/>\n<meta property=\"og:title\" content=\"services pour les cyclistes en romagne - Hotel Doge Torre Pedrera\" \/>\n<meta property=\"og:url\" content=\"https:\/\/www.hoteldoge.net\/fr\/services-cyclistes-romagne\/\" \/>\n<meta property=\"og:site_name\" content=\"Hotel Doge Torre Pedrera\" \/>\n<meta property=\"article:modified_time\" content=\"2025-02-13T14:43:56+00:00\" \/>\n<meta name=\"twitter:card\" content=\"summary_large_image\" \/>\n<meta name=\"twitter:label1\" content=\"Dur\u00e9e de lecture estim\u00e9e\" \/>\n\t<meta name=\"twitter:data1\" content=\"3 minutes\" \/>\n<script type=\"application\/ld+json\" class=\"yoast-schema-graph\">{\"@context\":\"https:\/\/schema.org\",\"@graph\":[{\"@type\":\"WebPage\",\"@id\":\"https:\/\/www.hoteldoge.net\/fr\/services-cyclistes-romagne\/\",\"url\":\"https:\/\/www.hoteldoge.net\/fr\/services-cyclistes-romagne\/\",\"name\":\"services pour les cyclistes en romagne - Hotel Doge Torre Pedrera\",\"isPartOf\":{\"@id\":\"https:\/\/www.hoteldoge.net\/de\/#website\"},\"datePublished\":\"2020-02-17T16:08:33+00:00\",\"dateModified\":\"2025-02-13T14:43:56+00:00\",\"breadcrumb\":{\"@id\":\"https:\/\/www.hoteldoge.net\/fr\/services-cyclistes-romagne\/#breadcrumb\"},\"inLanguage\":\"fr-FR\",\"potentialAction\":[{\"@type\":\"ReadAction\",\"target\":[\"https:\/\/www.hoteldoge.net\/fr\/services-cyclistes-romagne\/\"]}]},{\"@type\":\"BreadcrumbList\",\"@id\":\"https:\/\/www.hoteldoge.net\/fr\/services-cyclistes-romagne\/#breadcrumb\",\"itemListElement\":[{\"@type\":\"ListItem\",\"position\":1,\"name\":\"Home\",\"item\":\"https:\/\/www.hoteldoge.net\/it\/\"},{\"@type\":\"ListItem\",\"position\":2,\"name\":\"services pour les cyclistes en romagne\"}]},{\"@type\":\"WebSite\",\"@id\":\"https:\/\/www.hoteldoge.net\/de\/#website\",\"url\":\"https:\/\/www.hoteldoge.net\/de\/\",\"name\":\"Hotel Doge Torre Pedrera\",\"description\":\"Hotel 3 stelle Torre Pedrera All inclusive con Piscina e Spiaggia\",\"potentialAction\":[{\"@type\":\"SearchAction\",\"target\":{\"@type\":\"EntryPoint\",\"urlTemplate\":\"https:\/\/www.hoteldoge.net\/de\/?s={search_term_string}\"},\"query-input\":{\"@type\":\"PropertyValueSpecification\",\"valueRequired\":true,\"valueName\":\"search_term_string\"}}],\"inLanguage\":\"fr-FR\"}]}<\/script>\n<!-- \/ Yoast SEO plugin. -->","yoast_head_json":{"title":"services pour les cyclistes en romagne - Hotel Doge Torre Pedrera","robots":{"index":"index","follow":"follow","max-snippet":"max-snippet:-1","max-image-preview":"max-image-preview:large","max-video-preview":"max-video-preview:-1"},"canonical":"https:\/\/www.hoteldoge.net\/fr\/services-cyclistes-romagne\/","og_locale":"fr_FR","og_type":"article","og_title":"services pour les cyclistes en romagne - Hotel Doge Torre Pedrera","og_url":"https:\/\/www.hoteldoge.net\/fr\/services-cyclistes-romagne\/","og_site_name":"Hotel Doge Torre Pedrera","article_modified_time":"2025-02-13T14:43:56+00:00","twitter_card":"summary_large_image","twitter_misc":{"Dur\u00e9e de lecture estim\u00e9e":"3 minutes"},"schema":{"@context":"https:\/\/schema.org","@graph":[{"@type":"WebPage","@id":"https:\/\/www.hoteldoge.net\/fr\/services-cyclistes-romagne\/","url":"https:\/\/www.hoteldoge.net\/fr\/services-cyclistes-romagne\/","name":"services pour les cyclistes en romagne - Hotel Doge Torre Pedrera","isPartOf":{"@id":"https:\/\/www.hoteldoge.net\/de\/#website"},"datePublished":"2020-02-17T16:08:33+00:00","dateModified":"2025-02-13T14:43:56+00:00","breadcrumb":{"@id":"https:\/\/www.hoteldoge.net\/fr\/services-cyclistes-romagne\/#breadcrumb"},"inLanguage":"fr-FR","potentialAction":[{"@type":"ReadAction","target":["https:\/\/www.hoteldoge.net\/fr\/services-cyclistes-romagne\/"]}]},{"@type":"BreadcrumbList","@id":"https:\/\/www.hoteldoge.net\/fr\/services-cyclistes-romagne\/#breadcrumb","itemListElement":[{"@type":"ListItem","position":1,"name":"Home","item":"https:\/\/www.hoteldoge.net\/it\/"},{"@type":"ListItem","position":2,"name":"services pour les cyclistes en romagne"}]},{"@type":"WebSite","@id":"https:\/\/www.hoteldoge.net\/de\/#website","url":"https:\/\/www.hoteldoge.net\/de\/","name":"Hotel Doge Torre Pedrera","description":"Hotel 3 stelle Torre Pedrera All inclusive con Piscina e Spiaggia","potentialAction":[{"@type":"SearchAction","target":{"@type":"EntryPoint","urlTemplate":"https:\/\/www.hoteldoge.net\/de\/?s={search_term_string}"},"query-input":{"@type":"PropertyValueSpecification","valueRequired":true,"valueName":"search_term_string"}}],"inLanguage":"fr-FR"}]}},"_links":{"self":[{"href":"https:\/\/www.hoteldoge.net\/fr\/wp-json\/wp\/v2\/pages\/2068","targetHints":{"allow":["GET"]}}],"collection":[{"href":"https:\/\/www.hoteldoge.net\/fr\/wp-json\/wp\/v2\/pages"}],"about":[{"href":"https:\/\/www.hoteldoge.net\/fr\/wp-json\/wp\/v2\/types\/page"}],"author":[{"embeddable":true,"href":"https:\/\/www.hoteldoge.net\/fr\/wp-json\/wp\/v2\/users\/1"}],"replies":[{"embeddable":true,"href":"https:\/\/www.hoteldoge.net\/fr\/wp-json\/wp\/v2\/comments?post=2068"}],"version-history":[{"count":7,"href":"https:\/\/www.hoteldoge.net\/fr\/wp-json\/wp\/v2\/pages\/2068\/revisions"}],"predecessor-version":[{"id":4589,"href":"https:\/\/www.hoteldoge.net\/fr\/wp-json\/wp\/v2\/pages\/2068\/revisions\/4589"}],"wp:attachment":[{"href":"https:\/\/www.hoteldoge.net\/fr\/wp-json\/wp\/v2\/media?parent=2068"}],"curies":[{"name":"wp","href":"https:\/\/api.w.org\/{rel}","templated":true}]}}