{"id":2053,"date":"2020-02-17T13:11:37","date_gmt":"2020-02-17T12:11:37","guid":{"rendered":"https:\/\/www.hroyal.it\/?page_id=2053"},"modified":"2025-02-06T11:55:38","modified_gmt":"2025-02-06T10:55:38","slug":"parcs-damusement-en-romagne","status":"publish","type":"page","link":"https:\/\/www.hoteldoge.net\/fr\/parcs-damusement-en-romagne\/","title":{"rendered":"Parcs d\u2019amusement en Romagne"},"content":{"rendered":"<section class=\"l-section wpb_row us_custom_33fe73d0 height_huge width_full\"><div class=\"l-section-h i-cf\"><div class=\"g-cols vc_row via_flex valign_top type_default stacking_default\"><div class=\"vc_col-sm-12 wpb_column vc_column_container\"><div class=\"vc_column-inner\"><div class=\"wpb_wrapper\">\n\t\t\t<!-- START parcodivertimento REVOLUTION SLIDER 6.7.37 --><p class=\"rs-p-wp-fix\"><\/p>\n\t\t\t<rs-module-wrap id=\"rev_slider_16_1_wrapper\" data-source=\"gallery\" style=\"visibility:hidden;background:transparent;padding:0;margin:0px auto;margin-top:0;margin-bottom:0;\">\n\t\t\t\t<rs-module id=\"rev_slider_16_1\" style=\"\" data-version=\"6.7.37\">\n\t\t\t\t\t<rs-slides style=\"overflow: hidden; position: absolute;\">\n\t\t\t\t\t\t<rs-slide style=\"position: absolute;\" data-key=\"rs-27\" data-title=\"Slide\" data-anim=\"ms:1000;r:0;\" data-in=\"o:0;\" data-out=\"a:false;\">\n\t\t\t\t\t\t\t<img decoding=\"async\" src=\"\/\/www.hoteldoge.net\/wp-content\/plugins\/revslider\/sr6\/assets\/assets\/dummy.png\" alt=\"\" title=\"mirabilandia-divertimento\" width=\"1920\" height=\"980\" class=\"rev-slidebg tp-rs-img rs-lazyload\" data-lazyload=\"\/\/www.hoteldoge.net\/wp-content\/uploads\/2020\/01\/mirabilandia-divertimento.jpg\" data-bg=\"p:center bottom;\" data-no-retina>\n<!---->\t\t\t\t\t<\/rs-slide>\n\t\t\t\t\t<\/rs-slides>\n\t\t\t\t<\/rs-module>\n\t\t\t\t<script>\n\t\t\t\t\tsetREVStartSize({c: 'rev_slider_16_1',rl:[1240,1024,778,480],el:[900],gw:[1240],gh:[900],type:'hero',justify:'',layout:'fullwidth',mh:\"0\"});if (window.RS_MODULES!==undefined && window.RS_MODULES.modules!==undefined && window.RS_MODULES.modules[\"revslider161\"]!==undefined) {window.RS_MODULES.modules[\"revslider161\"].once = false;window.revapi16 = undefined;if (window.RS_MODULES.checkMinimal!==undefined) window.RS_MODULES.checkMinimal()}\n\t\t\t\t<\/script>\n\t\t\t<\/rs-module-wrap>\n\t\t\t<!-- END REVOLUTION SLIDER -->\n<\/div><\/div><\/div><\/div><\/div><\/section><section class=\"l-section wpb_row height_medium\"><div class=\"l-section-h i-cf\"><div class=\"g-cols vc_row via_flex valign_middle type_default stacking_default\"><div class=\"vc_col-sm-6 wpb_column vc_column_container\"><div class=\"vc_column-inner\"><div class=\"wpb_wrapper\">[vc_custom_heading text=\u00a0\u00bbPROMOTION H\u00d4TEL + PARC\u00a0\u00bb font_container=\u00a0\u00bbtag:h1|font_size:30|text_align:left\u00a0\u00bb google_fonts=\u00a0\u00bbfont_family:Raleway%3A100%2C200%2C300%2Cregular%2C500%2C600%2C700%2C800%2C900|font_style:700%20bold%20regular%3A700%3Anormal\u00a0\u00bb css=\u00a0\u00bb%7B%22default%22%3A%7B%22font-size%22%3A%2230%22%7D%7D\u00a0\u00bb]<div class=\"w-separator size_small\"><\/div><div class=\"wpb_text_column\"><div class=\"wpb_wrapper\"><p>Cette promotion est pens\u00e9e pour ceux qui veulent passer une semaine de relax entre <strong>mer \ud83c\udfd6\ufe0f<\/strong> et <strong>amusement \ud83c\udfa2<\/strong>. Ce n\u2019est pas un cas que l\u2019\u00c9milie-Romagne a \u00e9t\u00e9 surnomm\u00e9e la <strong>r\u00e9gion des parcs d\u2019amusement \ud83c\udfa1<\/strong> pour la pr\u00e9sence de nombreuses attractions et aire de jeux.<\/p>\n<p>On peut s\u2019amuser sur les montagnes russes, les man\u00e8ges adr\u00e9naliniques, mais il y a aussi la possibilit\u00e9 d\u2019assister \u00e0 des spectaculaires jeux d\u2019eau \ud83d\udca6 et \u00e0 des spectacles <strong>pour toute la famille \ud83d\udc68\u200d\ud83d\udc69\u200d\ud83d\udc67\u200d\ud83d\udc66<\/strong>.<\/p>\n<p>L\u2019H\u00f4tel Doge se trouve pr\u00e8s les principaux parcs d\u2019amusement: <strong>Mirabilandia, Aquafan, Oltremare et Italia in Miniatura<\/strong> \ud83c\udfa2\ud83c\udff0. Parcs aquatiques, faunistiques, avec jeux \u00e0 th\u00e8me et aventureux.<\/p>\n<\/div><\/div><div class=\"w-separator size_small\"><\/div><div class=\"wpb_text_column\"><div class=\"wpb_wrapper\"><p><strong>La promotion h\u00f4tel+parc demi pension tout compris comprend:<\/strong><\/p>\n<ul>\n<li>\ud83d\udcc5 <strong>une semaine de s\u00e9jour<\/strong><\/li>\n<li>\ud83c\udf7d\ufe0f <strong>demi pension<\/strong>, petit d\u00e9jeuner et d\u00eener<\/li>\n<li>\ud83c\udf79 <strong>boissons aux repas<\/strong><\/li>\n<li>\ud83c\udf9f\ufe0f <strong>ticket d\u2019entr\u00e9e<\/strong> pour un parc \u00e0 choisir entre <strong>Mirabilandia, Aquafan, Oltremare et Italia in Miniatura<\/strong><\/li>\n<li>\ud83c\udfd6\ufe0f <strong>service plage<\/strong> avec un parasol et deux lits par chambre<\/li>\n<li>\ud83d\ude97 <strong>parking<\/strong><\/li>\n<\/ul>\n<\/div><\/div><\/div><\/div><\/div><div class=\"vc_col-sm-6 wpb_column vc_column_container\"><div class=\"vc_column-inner\"><div class=\"wpb_wrapper\"><div class=\"w-grid type_masonry layout_portfolio_18 cols_2 with_isotope ratio_1x1\" id=\"us_grid_1\" style=\"--columns:2;--gap:0.5rem;--item-ratio:1;\" data-filterable=\"true\"><style>@media (min-width:1024px){#us_grid_1 .w-post-elm.post_title{font-size:0px!important}}.layout_portfolio_18 .w-grid-item-h{}.layout_portfolio_18 .usg_vwrapper_1{transition-duration:1s;transform-origin:50% 50%;transform:scale(1) translate(0%,0%);opacity:0}.layout_portfolio_18 .w-grid-item-h:focus-within .usg_vwrapper_1,.layout_portfolio_18 .w-grid-item-h:hover .usg_vwrapper_1{transform:scale(1) translate(0%,0%);opacity:1}.layout_portfolio_18 .usg_post_custom_field_1{transition-duration:1s;transform-origin:50% 50%;transform:scale(1) translate(0%,0%);opacity:0}.layout_portfolio_18 .w-grid-item-h:focus-within .usg_post_custom_field_1,.layout_portfolio_18 .w-grid-item-h:hover .usg_post_custom_field_1{transform:scale(1) translate(0%,0%);opacity:1}.layout_portfolio_18 .usg_post_image_1{position:absolute!important;top:0!important;right:0!important;bottom:0!important;left:0!important}.layout_portfolio_18 .usg_vwrapper_1{position:absolute!important;right:0!important;bottom:-1px!important;left:0!important;background:linear-gradient(transparent,rgba(30,30,30,0.8))!important;padding:5rem 2rem 1.5rem 2rem!important}.layout_portfolio_18 .usg_post_title_1{color:#fff!important;font-size:1.4rem!important}.layout_portfolio_18 .usg_post_taxonomy_1{color:#fff!important;font-size:0.9rem!important}.layout_portfolio_18 .usg_post_custom_field_1{position:absolute!important;top:0!important;right:0!important;bottom:0!important;left:0!important}<\/style><div class=\"w-grid-list\">\t<article class=\"w-grid-item size_1x1 post-1632 attachment type-attachment status-inherit hentry\" data-id=\"1632\">\n\t\t<div class=\"w-grid-item-h\">\n\t\t\t\t\t\t\t<a ref=\"magnificPopupGrid\" href=\"https:\/\/www.hoteldoge.net\/wp-content\/uploads\/2020\/01\/bambine-piscina.jpg\" class=\"w-grid-item-anchor\" aria-label=\"bambine-piscina\"><\/a>\n\t\t\t\t\t\t<div class=\"w-post-elm post_image usg_post_image_1 stretched\"><img loading=\"lazy\" decoding=\"async\" width=\"900\" height=\"600\" src=\"https:\/\/www.hoteldoge.net\/wp-content\/uploads\/2020\/01\/bambine-piscina.jpg\" class=\"attachment-large size-large\" alt=\"\" srcset=\"https:\/\/www.hoteldoge.net\/wp-content\/uploads\/2020\/01\/bambine-piscina.jpg 900w, https:\/\/www.hoteldoge.net\/wp-content\/uploads\/2020\/01\/bambine-piscina-300x200.jpg 300w\" sizes=\"auto, (max-width: 900px) 100vw, 900px\" \/><\/div><div class=\"w-vwrapper usg_vwrapper_1 align_none valign_top\"><h2 class=\"w-post-elm post_title usg_post_title_1 has_text_color entry-title color_link_inherit\">bambine-piscina<\/h2><\/div>\t\t<\/div>\n\t\t\t<\/article>\n\t<article class=\"w-grid-item size_1x1 post-1627 attachment type-attachment status-inherit hentry\" data-id=\"1627\">\n\t\t<div class=\"w-grid-item-h\">\n\t\t\t\t\t\t\t<a ref=\"magnificPopupGrid\" href=\"https:\/\/www.hoteldoge.net\/wp-content\/uploads\/2020\/01\/oltremare-riccione.jpg\" class=\"w-grid-item-anchor\" aria-label=\"oltremare-riccione\"><\/a>\n\t\t\t\t\t\t<div class=\"w-post-elm post_image usg_post_image_1 stretched\"><img loading=\"lazy\" decoding=\"async\" width=\"1000\" height=\"664\" src=\"https:\/\/www.hoteldoge.net\/wp-content\/uploads\/2020\/01\/oltremare-riccione.jpg\" class=\"attachment-large size-large\" alt=\"\" srcset=\"https:\/\/www.hoteldoge.net\/wp-content\/uploads\/2020\/01\/oltremare-riccione.jpg 1000w, https:\/\/www.hoteldoge.net\/wp-content\/uploads\/2020\/01\/oltremare-riccione-300x199.jpg 300w\" sizes=\"auto, (max-width: 1000px) 100vw, 1000px\" \/><\/div><div class=\"w-vwrapper usg_vwrapper_1 align_none valign_top\"><h2 class=\"w-post-elm post_title usg_post_title_1 has_text_color entry-title color_link_inherit\">oltremare-riccione<\/h2><\/div>\t\t<\/div>\n\t\t\t<\/article>\n\t<article class=\"w-grid-item size_1x1 post-1622 attachment type-attachment status-inherit hentry\" data-id=\"1622\">\n\t\t<div class=\"w-grid-item-h\">\n\t\t\t\t\t\t\t<a ref=\"magnificPopupGrid\" href=\"https:\/\/www.hoteldoge.net\/wp-content\/uploads\/2020\/01\/aquafan-riccione.jpg\" class=\"w-grid-item-anchor\" aria-label=\"aquafan-riccione\"><\/a>\n\t\t\t\t\t\t<div class=\"w-post-elm post_image usg_post_image_1 stretched\"><img loading=\"lazy\" decoding=\"async\" width=\"1000\" height=\"667\" src=\"https:\/\/www.hoteldoge.net\/wp-content\/uploads\/2020\/01\/aquafan-riccione.jpg\" class=\"attachment-large size-large\" alt=\"\" srcset=\"https:\/\/www.hoteldoge.net\/wp-content\/uploads\/2020\/01\/aquafan-riccione.jpg 1000w, https:\/\/www.hoteldoge.net\/wp-content\/uploads\/2020\/01\/aquafan-riccione-300x200.jpg 300w\" sizes=\"auto, (max-width: 1000px) 100vw, 1000px\" \/><\/div><div class=\"w-vwrapper usg_vwrapper_1 align_none valign_top\"><h2 class=\"w-post-elm post_title usg_post_title_1 has_text_color entry-title color_link_inherit\">aquafan-riccione<\/h2><\/div>\t\t<\/div>\n\t\t\t<\/article>\n\t<article class=\"w-grid-item size_1x1 post-1617 attachment type-attachment status-inherit hentry\" data-id=\"1617\">\n\t\t<div class=\"w-grid-item-h\">\n\t\t\t\t\t\t\t<a ref=\"magnificPopupGrid\" href=\"https:\/\/www.hoteldoge.net\/wp-content\/uploads\/2020\/01\/italia-in-miniatura.jpg\" class=\"w-grid-item-anchor\" aria-label=\"italia-in-miniatura\"><\/a>\n\t\t\t\t\t\t<div class=\"w-post-elm post_image usg_post_image_1 stretched\"><img loading=\"lazy\" decoding=\"async\" width=\"1000\" height=\"667\" src=\"https:\/\/www.hoteldoge.net\/wp-content\/uploads\/2020\/01\/italia-in-miniatura.jpg\" class=\"attachment-large size-large\" alt=\"\" srcset=\"https:\/\/www.hoteldoge.net\/wp-content\/uploads\/2020\/01\/italia-in-miniatura.jpg 1000w, https:\/\/www.hoteldoge.net\/wp-content\/uploads\/2020\/01\/italia-in-miniatura-300x200.jpg 300w\" sizes=\"auto, (max-width: 1000px) 100vw, 1000px\" \/><\/div><div class=\"w-vwrapper usg_vwrapper_1 align_none valign_top\"><h2 class=\"w-post-elm post_title usg_post_title_1 has_text_color entry-title color_link_inherit\">italia-in-miniatura<\/h2><\/div>\t\t<\/div>\n\t\t\t<\/article>\n<\/div><div class=\"w-grid-preloader\">\t<div class=\"g-preloader type_1\">\n\t\t<div><\/div>\n\t<\/div>\n\t<\/div>\t<div class=\"w-grid-json hidden\" onclick='return {&quot;action&quot;:&quot;us_ajax_grid&quot;,&quot;infinite_scroll&quot;:0,&quot;max_num_pages&quot;:1,&quot;pagination&quot;:&quot;none&quot;,&quot;template_vars&quot;:{&quot;columns&quot;:&quot;2&quot;,&quot;exclude_items&quot;:&quot;none&quot;,&quot;img_size&quot;:&quot;default&quot;,&quot;ignore_items_size&quot;:0,&quot;items_layout&quot;:&quot;portfolio_18&quot;,&quot;items_offset&quot;:&quot;1&quot;,&quot;load_animation&quot;:&quot;none&quot;,&quot;overriding_link&quot;:&quot;%7B%22type%22%3A%22popup_image%22%7D&quot;,&quot;post_id&quot;:0,&quot;query_args&quot;:{&quot;post_type&quot;:[&quot;attachment&quot;],&quot;post__in&quot;:[&quot;1616&quot;,&quot;1621&quot;,&quot;1631&quot;,&quot;1626&quot;],&quot;post_status&quot;:&quot;inherit&quot;,&quot;post_mime_type&quot;:&quot;image&quot;,&quot;posts_per_page&quot;:&quot;10&quot;},&quot;orderby_query_args&quot;:{&quot;orderby&quot;:{&quot;date&quot;:&quot;DESC&quot;}},&quot;type&quot;:&quot;masonry&quot;,&quot;us_grid_post_type&quot;:&quot;attachment&quot;,&quot;us_grid_ajax_index&quot;:1,&quot;us_grid_filter_query_string&quot;:null,&quot;us_grid_index&quot;:1,&quot;page_args&quot;:[],&quot;lang&quot;:&quot;fr&quot;}}'><\/div>\n\t<\/div><div class=\"w-separator size_small\"><\/div>[vc_custom_heading text=\u00a0\u00bbR\u00e9ductions pour les FAMILLES\u00a0\u00bb font_container=\u00a0\u00bbtag:h1|font_size:30|text_align:left\u00a0\u00bb google_fonts=\u00a0\u00bbfont_family:Raleway%3A100%2C200%2C300%2Cregular%2C500%2C600%2C700%2C800%2C900|font_style:700%20bold%20regular%3A700%3Anormal\u00a0\u00bb css=\u00a0\u00bb%7B%22default%22%3A%7B%22font-size%22%3A%2230%22%7D%7D\u00a0\u00bb]<div class=\"w-separator size_small\"><\/div><div class=\"wpb_text_column\"><div class=\"wpb_wrapper\"><ul>\n<li>\ud83d\udc68\u200d\ud83d\udc69\u200d\ud83d\udc67\u200d\ud83d\udc66 <strong>R\u00e9ductions avec ENFANTS GRATUITS ou \u00e0 Prix R\u00c9DUITS<\/strong><\/li>\n<li>\ud83d\udc76 Enfants 0-2 ans <span style=\"color: red; font-weight: bold; font-size: 150%;\">GRATIS<\/span> (exclus \u00e0 partir de 08.08 jusqua\u2019\u00e0 21.08)<\/li>\n<li>\ud83e\uddd2 Enfants 3-8 ans: <span style=\"color: red; font-weight: bold; font-size: 150%;\">50%<\/span> r\u00e9ductions<\/li>\n<li>\ud83d\udc66 Enfants 9-13 ans: <span style=\"color: red; font-weight: bold; font-size: 150%;\">30%<\/span> r\u00e9ductions<\/li>\n<li>\ud83d\udecf\ufe0f troisi\u00e8me lit <span style=\"color: red; font-weight: bold; font-size: 150%;\">10%<\/span>, quatri\u00e8me lit, <span style=\"color: red; font-weight: bold; font-size: 150%;\">20%<\/span><\/li>\n<\/ul>\n<\/div><\/div><div class=\"w-separator size_small\"><\/div><div class=\"w-btn-wrapper align_center\"><a class=\"w-btn us-btn-style_2\" href=\"https:\/\/www.hoteldoge.net\/fr\/contactez-nous\/\"><span class=\"w-btn-label\">Demandez des R\u00c9DUCTIONS pour les FAMILLES maintenant<\/span><\/a><\/div><\/div><\/div><\/div><\/div><\/div><\/section>\n","protected":false},"excerpt":{"rendered":"","protected":false},"author":1,"featured_media":0,"parent":0,"menu_order":0,"comment_status":"closed","ping_status":"closed","template":"","meta":{"footnotes":""},"class_list":["post-2053","page","type-page","status-publish","hentry"],"yoast_head":"<!-- This site is optimized with the Yoast SEO plugin v26.5 - https:\/\/yoast.com\/wordpress\/plugins\/seo\/ -->\n<title>Parcs d\u2019amusement en Romagne<\/title>\n<meta name=\"description\" content=\"Parcs d\u2019amusement en Romagne, Promotion h\u00f4tel et parc all inclusive. Semaine toout compris en pension compl\u00e8te et ticket d\u2019entr\u00e9e pour un parc \u00e0 choisir entre Mirabilandia, Aquafan, Oltremare et Italia in Miniatura.\" \/>\n<meta name=\"robots\" content=\"index, follow, max-snippet:-1, max-image-preview:large, max-video-preview:-1\" \/>\n<link rel=\"canonical\" href=\"https:\/\/www.hoteldoge.net\/fr\/parcs-damusement-en-romagne\/\" \/>\n<meta property=\"og:locale\" content=\"fr_FR\" \/>\n<meta property=\"og:type\" content=\"article\" \/>\n<meta property=\"og:title\" content=\"Parcs d\u2019amusement en Romagne\" \/>\n<meta property=\"og:description\" content=\"Parcs d\u2019amusement en Romagne, Promotion h\u00f4tel et parc all inclusive. Semaine toout compris en pension compl\u00e8te et ticket d\u2019entr\u00e9e pour un parc \u00e0 choisir entre Mirabilandia, Aquafan, Oltremare et Italia in Miniatura.\" \/>\n<meta property=\"og:url\" content=\"https:\/\/www.hoteldoge.net\/fr\/parcs-damusement-en-romagne\/\" \/>\n<meta property=\"og:site_name\" content=\"Hotel Doge Torre Pedrera\" \/>\n<meta property=\"article:modified_time\" content=\"2025-02-06T10:55:38+00:00\" \/>\n<meta name=\"twitter:card\" content=\"summary_large_image\" \/>\n<meta name=\"twitter:label1\" content=\"Dur\u00e9e de lecture estim\u00e9e\" \/>\n\t<meta name=\"twitter:data1\" content=\"2 minutes\" \/>\n<script type=\"application\/ld+json\" class=\"yoast-schema-graph\">{\"@context\":\"https:\/\/schema.org\",\"@graph\":[{\"@type\":\"WebPage\",\"@id\":\"https:\/\/www.hoteldoge.net\/fr\/parcs-damusement-en-romagne\/\",\"url\":\"https:\/\/www.hoteldoge.net\/fr\/parcs-damusement-en-romagne\/\",\"name\":\"Parcs d\u2019amusement en Romagne\",\"isPartOf\":{\"@id\":\"https:\/\/www.hoteldoge.net\/de\/#website\"},\"datePublished\":\"2020-02-17T12:11:37+00:00\",\"dateModified\":\"2025-02-06T10:55:38+00:00\",\"description\":\"Parcs d\u2019amusement en Romagne, Promotion h\u00f4tel et parc all inclusive. Semaine toout compris en pension compl\u00e8te et ticket d\u2019entr\u00e9e pour un parc \u00e0 choisir entre Mirabilandia, Aquafan, Oltremare et Italia in Miniatura.\",\"breadcrumb\":{\"@id\":\"https:\/\/www.hoteldoge.net\/fr\/parcs-damusement-en-romagne\/#breadcrumb\"},\"inLanguage\":\"fr-FR\",\"potentialAction\":[{\"@type\":\"ReadAction\",\"target\":[\"https:\/\/www.hoteldoge.net\/fr\/parcs-damusement-en-romagne\/\"]}]},{\"@type\":\"BreadcrumbList\",\"@id\":\"https:\/\/www.hoteldoge.net\/fr\/parcs-damusement-en-romagne\/#breadcrumb\",\"itemListElement\":[{\"@type\":\"ListItem\",\"position\":1,\"name\":\"Home\",\"item\":\"https:\/\/www.hoteldoge.net\/it\/\"},{\"@type\":\"ListItem\",\"position\":2,\"name\":\"Parcs d\u2019amusement en Romagne\"}]},{\"@type\":\"WebSite\",\"@id\":\"https:\/\/www.hoteldoge.net\/de\/#website\",\"url\":\"https:\/\/www.hoteldoge.net\/de\/\",\"name\":\"Hotel Doge Torre Pedrera\",\"description\":\"Hotel 3 stelle Torre Pedrera All inclusive con Piscina e Spiaggia\",\"potentialAction\":[{\"@type\":\"SearchAction\",\"target\":{\"@type\":\"EntryPoint\",\"urlTemplate\":\"https:\/\/www.hoteldoge.net\/de\/?s={search_term_string}\"},\"query-input\":{\"@type\":\"PropertyValueSpecification\",\"valueRequired\":true,\"valueName\":\"search_term_string\"}}],\"inLanguage\":\"fr-FR\"}]}<\/script>\n<!-- \/ Yoast SEO plugin. -->","yoast_head_json":{"title":"Parcs d\u2019amusement en Romagne","description":"Parcs d\u2019amusement en Romagne, Promotion h\u00f4tel et parc all inclusive. Semaine toout compris en pension compl\u00e8te et ticket d\u2019entr\u00e9e pour un parc \u00e0 choisir entre Mirabilandia, Aquafan, Oltremare et Italia in Miniatura.","robots":{"index":"index","follow":"follow","max-snippet":"max-snippet:-1","max-image-preview":"max-image-preview:large","max-video-preview":"max-video-preview:-1"},"canonical":"https:\/\/www.hoteldoge.net\/fr\/parcs-damusement-en-romagne\/","og_locale":"fr_FR","og_type":"article","og_title":"Parcs d\u2019amusement en Romagne","og_description":"Parcs d\u2019amusement en Romagne, Promotion h\u00f4tel et parc all inclusive. Semaine toout compris en pension compl\u00e8te et ticket d\u2019entr\u00e9e pour un parc \u00e0 choisir entre Mirabilandia, Aquafan, Oltremare et Italia in Miniatura.","og_url":"https:\/\/www.hoteldoge.net\/fr\/parcs-damusement-en-romagne\/","og_site_name":"Hotel Doge Torre Pedrera","article_modified_time":"2025-02-06T10:55:38+00:00","twitter_card":"summary_large_image","twitter_misc":{"Dur\u00e9e de lecture estim\u00e9e":"2 minutes"},"schema":{"@context":"https:\/\/schema.org","@graph":[{"@type":"WebPage","@id":"https:\/\/www.hoteldoge.net\/fr\/parcs-damusement-en-romagne\/","url":"https:\/\/www.hoteldoge.net\/fr\/parcs-damusement-en-romagne\/","name":"Parcs d\u2019amusement en Romagne","isPartOf":{"@id":"https:\/\/www.hoteldoge.net\/de\/#website"},"datePublished":"2020-02-17T12:11:37+00:00","dateModified":"2025-02-06T10:55:38+00:00","description":"Parcs d\u2019amusement en Romagne, Promotion h\u00f4tel et parc all inclusive. Semaine toout compris en pension compl\u00e8te et ticket d\u2019entr\u00e9e pour un parc \u00e0 choisir entre Mirabilandia, Aquafan, Oltremare et Italia in Miniatura.","breadcrumb":{"@id":"https:\/\/www.hoteldoge.net\/fr\/parcs-damusement-en-romagne\/#breadcrumb"},"inLanguage":"fr-FR","potentialAction":[{"@type":"ReadAction","target":["https:\/\/www.hoteldoge.net\/fr\/parcs-damusement-en-romagne\/"]}]},{"@type":"BreadcrumbList","@id":"https:\/\/www.hoteldoge.net\/fr\/parcs-damusement-en-romagne\/#breadcrumb","itemListElement":[{"@type":"ListItem","position":1,"name":"Home","item":"https:\/\/www.hoteldoge.net\/it\/"},{"@type":"ListItem","position":2,"name":"Parcs d\u2019amusement en Romagne"}]},{"@type":"WebSite","@id":"https:\/\/www.hoteldoge.net\/de\/#website","url":"https:\/\/www.hoteldoge.net\/de\/","name":"Hotel Doge Torre Pedrera","description":"Hotel 3 stelle Torre Pedrera All inclusive con Piscina e Spiaggia","potentialAction":[{"@type":"SearchAction","target":{"@type":"EntryPoint","urlTemplate":"https:\/\/www.hoteldoge.net\/de\/?s={search_term_string}"},"query-input":{"@type":"PropertyValueSpecification","valueRequired":true,"valueName":"search_term_string"}}],"inLanguage":"fr-FR"}]}},"_links":{"self":[{"href":"https:\/\/www.hoteldoge.net\/fr\/wp-json\/wp\/v2\/pages\/2053","targetHints":{"allow":["GET"]}}],"collection":[{"href":"https:\/\/www.hoteldoge.net\/fr\/wp-json\/wp\/v2\/pages"}],"about":[{"href":"https:\/\/www.hoteldoge.net\/fr\/wp-json\/wp\/v2\/types\/page"}],"author":[{"embeddable":true,"href":"https:\/\/www.hoteldoge.net\/fr\/wp-json\/wp\/v2\/users\/1"}],"replies":[{"embeddable":true,"href":"https:\/\/www.hoteldoge.net\/fr\/wp-json\/wp\/v2\/comments?post=2053"}],"version-history":[{"count":10,"href":"https:\/\/www.hoteldoge.net\/fr\/wp-json\/wp\/v2\/pages\/2053\/revisions"}],"predecessor-version":[{"id":4406,"href":"https:\/\/www.hoteldoge.net\/fr\/wp-json\/wp\/v2\/pages\/2053\/revisions\/4406"}],"wp:attachment":[{"href":"https:\/\/www.hoteldoge.net\/fr\/wp-json\/wp\/v2\/media?parent=2053"}],"curies":[{"name":"wp","href":"https:\/\/api.w.org\/{rel}","templated":true}]}}