{"id":2021,"date":"2020-02-17T12:20:40","date_gmt":"2020-02-17T11:20:40","guid":{"rendered":"https:\/\/www.hroyal.it\/?page_id=2021"},"modified":"2025-11-11T10:56:23","modified_gmt":"2025-11-11T09:56:23","slug":"hotel-all-inclusive-torre-pedrera-rimini","status":"publish","type":"page","link":"https:\/\/www.hoteldoge.net\/fr\/hotel-all-inclusive-torre-pedrera-rimini\/","title":{"rendered":"Prix H\u00f4tel All inclusive Torre Pedrera Rimini"},"content":{"rendered":"<section class=\"l-section wpb_row us_custom_33fe73d0 height_huge width_full\"><div class=\"l-section-h i-cf\"><div class=\"g-cols vc_row via_flex valign_top type_default stacking_default\"><div class=\"vc_col-sm-12 wpb_column vc_column_container\"><div class=\"vc_column-inner\"><div class=\"wpb_wrapper\">\n\t\t\t<!-- START prezzi REVOLUTION SLIDER 6.7.37 --><p class=\"rs-p-wp-fix\"><\/p>\n\t\t\t<rs-module-wrap id=\"rev_slider_11_1_wrapper\" data-source=\"gallery\" style=\"visibility:hidden;background:transparent;padding:0;margin:0px auto;margin-top:0;margin-bottom:0;\">\n\t\t\t\t<rs-module id=\"rev_slider_11_1\" style=\"\" data-version=\"6.7.37\">\n\t\t\t\t\t<rs-slides style=\"overflow: hidden; position: absolute;\">\n\t\t\t\t\t\t<rs-slide style=\"position: absolute;\" data-key=\"rs-16\" data-title=\"Slide\" data-thumb=\"\/\/www.hoteldoge.net\/wp-content\/uploads\/2019\/12\/hall4-hoteldoge.jpg\" data-anim=\"ms:1000;r:0;\" data-in=\"o:0;\" data-out=\"a:false;\">\n\t\t\t\t\t\t\t<img decoding=\"async\" src=\"\/\/www.hoteldoge.net\/wp-content\/plugins\/revslider\/sr6\/assets\/assets\/dummy.png\" alt=\"\" title=\"hall4-hoteldoge\" width=\"1920\" height=\"1050\" class=\"rev-slidebg tp-rs-img rs-lazyload\" data-lazyload=\"\/\/www.hoteldoge.net\/wp-content\/uploads\/2019\/12\/hall4-hoteldoge.jpg\" data-bg=\"p:center bottom;\" data-no-retina>\n<!---->\t\t\t\t\t<\/rs-slide>\n\t\t\t\t\t\t<rs-slide style=\"position: absolute;\" data-key=\"rs-32\" data-title=\"Slide\" data-thumb=\"\/\/www.hoteldoge.net\/wp-content\/uploads\/2021\/07\/camera-doge-vista-mare_DSC6992.jpg\" data-anim=\"ms:1000;r:0;\" data-in=\"o:0;\" data-out=\"a:false;\">\n\t\t\t\t\t\t\t<img decoding=\"async\" src=\"\/\/www.hoteldoge.net\/wp-content\/plugins\/revslider\/sr6\/assets\/assets\/dummy.png\" alt=\"\" title=\"camera-doge-vista-mare_DSC6992\" width=\"1920\" height=\"1197\" class=\"rev-slidebg tp-rs-img rs-lazyload\" data-lazyload=\"\/\/www.hoteldoge.net\/wp-content\/uploads\/2021\/07\/camera-doge-vista-mare_DSC6992.jpg\" data-bg=\"p:center bottom;\" data-no-retina>\n<!---->\t\t\t\t\t<\/rs-slide>\n\t\t\t\t\t\t<rs-slide style=\"position: absolute;\" data-key=\"rs-33\" data-title=\"Slide\" data-thumb=\"\/\/www.hoteldoge.net\/wp-content\/uploads\/2021\/07\/lungomare-serale-torre-pedrera-doge_DSC6863.jpg\" data-anim=\"ms:1000;r:0;\" data-in=\"o:0;\" data-out=\"a:false;\">\n\t\t\t\t\t\t\t<img decoding=\"async\" src=\"\/\/www.hoteldoge.net\/wp-content\/plugins\/revslider\/sr6\/assets\/assets\/dummy.png\" alt=\"\" title=\"lungomare-serale-torre-pedrera-doge_DSC6863\" width=\"2400\" height=\"1075\" class=\"rev-slidebg tp-rs-img rs-lazyload\" data-lazyload=\"\/\/www.hoteldoge.net\/wp-content\/uploads\/2021\/07\/lungomare-serale-torre-pedrera-doge_DSC6863.jpg\" data-bg=\"p:center bottom;\" data-no-retina>\n<!---->\t\t\t\t\t<\/rs-slide>\n\t\t\t\t\t\t<rs-slide style=\"position: absolute;\" data-key=\"rs-21\" data-title=\"Slide\" data-thumb=\"\/\/www.hoteldoge.net\/wp-content\/uploads\/2019\/12\/camera-confort-home-1.jpg\" data-anim=\"ms:1000;r:0;\" data-in=\"o:0;\" data-out=\"a:false;\">\n\t\t\t\t\t\t\t<img decoding=\"async\" src=\"\/\/www.hoteldoge.net\/wp-content\/plugins\/revslider\/sr6\/assets\/assets\/dummy.png\" alt=\"\" title=\"camera-confort-home\" width=\"1920\" height=\"1050\" class=\"rev-slidebg tp-rs-img rs-lazyload\" data-lazyload=\"\/\/www.hoteldoge.net\/wp-content\/uploads\/2019\/12\/camera-confort-home-1.jpg\" data-bg=\"p:center bottom;\" data-no-retina>\n<!---->\t\t\t\t\t<\/rs-slide>\n\t\t\t\t\t<\/rs-slides>\n\t\t\t\t<\/rs-module>\n\t\t\t\t<script>\n\t\t\t\t\tsetREVStartSize({c: 'rev_slider_11_1',rl:[1240,1024,778,480],el:[900],gw:[1240],gh:[900],type:'standard',justify:'',layout:'fullwidth',mh:\"0\"});if (window.RS_MODULES!==undefined && window.RS_MODULES.modules!==undefined && window.RS_MODULES.modules[\"revslider111\"]!==undefined) {window.RS_MODULES.modules[\"revslider111\"].once = false;window.revapi11 = undefined;if (window.RS_MODULES.checkMinimal!==undefined) window.RS_MODULES.checkMinimal()}\n\t\t\t\t<\/script>\n\t\t\t<\/rs-module-wrap>\n\t\t\t<!-- END REVOLUTION SLIDER -->\n<\/div><\/div><\/div><\/div><\/div><\/section><section class=\"l-section wpb_row height_medium\"><div class=\"l-section-h i-cf\"><div class=\"g-cols vc_row via_flex valign_middle type_default stacking_default\"><div class=\"vc_col-sm-12 wpb_column vc_column_container\"><div class=\"vc_column-inner\"><div class=\"wpb_wrapper\"><div class=\"wpb_text_column\"><div class=\"wpb_wrapper\"><h1 style=\"text-align: center; font-size: 250%;\">\ud83c\udf7d\ufe0f Demi Pension tout inclus \ud83c\udfd6\ufe0f<\/h1>\n<\/div><\/div><div class=\"wpb_text_column\"><div class=\"wpb_wrapper\"><p><strong>DEMI PENSION TOUT COMPRIS<\/strong>, Les prix ci-dessus indiqu\u00e8s sont par jour et par personne et comprennent:<\/p>\n<ul>\n<li>\ud83c\udf7d\ufe0f <strong>DEMI-PENSION<\/strong> (<strong>s\u00e9jour + petit-d\u00e9jeuner + d\u00eener<\/strong>)<\/li>\n<li>\ud83c\udfd6\ufe0f <strong>2 chaises longues et parasol<\/strong> pour chambre dans la <em>plage Bela Burdela<\/em><\/li>\n<li>\u2615 abondant <strong>petit-d\u00e8je\u00f9ner<\/strong> international jusqu&rsquo;\u00e0 10h00<\/li>\n<li>\ud83c\udf7d\ufe0f <strong>D\u00eener<\/strong> avec menu au choix avec entr\u00e8es \u00e0 buffet, fruits et l\u00e8gumes<\/li>\n<li>\ud83c\udf77 <strong>eau, vin et soft drinks aux repas<\/strong><\/li>\n<li>\ud83d\ude97\ud83c\udfca service parking, piscine<\/li>\n<li>\ud83d\udcfa TV en chambre, coffre-fort, air conditionn\u00e8, wi-fi<\/li>\n<li>\ud83c\udf78 es extras du restaurant et du bar sont exclus<\/li>\n<li>\ud83d\udcb6 Les prix ne comprennent pas la taxe de s\u00e9jour (\u20ac2,50 par personne et par jour pour les premiers 7 jours, enfants jusqu\u2019\u00e0 14 ans exclus).<\/li>\n<li>\ud83d\udcc5 s\u00e9jour minimum de 4 nuits<\/li>\n<\/ul>\n<\/div><\/div><div class=\"w-btn-wrapper align_center\"><a class=\"w-btn us-btn-style_2\" href=\"https:\/\/www.hoteldoge.net\/fr\/contactez-nous.html\"><span class=\"w-btn-label\">\ud83d\udc49 Demande Demi Pension TOUT COMPRIS<\/span><\/a><\/div><div class=\"w-separator size_medium with_line width_30 thick_1 style_solid color_border align_center\"><div class=\"w-separator-h\"><\/div><\/div><div class=\"wpb_text_column\"><div class=\"wpb_wrapper\"><p><strong>La r\u00e8servation<\/strong><br \/>\nLa r\u00e8servation est consid\u00e8r\u00e8e confirm\u00e8e apr\u00e8s versament d\u2019un acompte de 300,00 \u20ac, par virement bancaire \u00e0 l\u2019IBAN suivante: DOGE DI BILANCIONI ADRIANO E C SNC, Iban IT 91 Z 02008 24205 000000972292, Swift code UNCRITM1SV9.<\/p>\n<\/div><\/div><div class=\"wpb_text_column\"><div class=\"wpb_wrapper\"><p><strong>\ud83d\ude97 Parking<\/strong><\/p>\n<ul>\n<li><strong>S\u00e9jours jusqu\u2019\u00e0 3 jours<\/strong> : le parking co\u00fbte 10 \u20ac par jour, selon disponibilit\u00e9.<\/li>\n<li><strong>S\u00e9jours de 4 jours ou plus<\/strong> : le parking est <span style=\"text-decoration: underline;\"><strong>INCLUS<\/strong><\/span>.<\/li>\n<\/ul>\n<\/div><\/div><\/div><\/div><\/div><div class=\"vc_col-sm-12 wpb_column vc_column_container\"><div class=\"vc_column-inner\"><div class=\"wpb_wrapper\"><div class=\"g-cols wpb_row via_flex valign_top type_default stacking_default\"><div class=\"vc_col-sm-6 wpb_column vc_column_container\"><div class=\"vc_column-inner\"><div class=\"wpb_wrapper\"><div class=\"w-actionbox color_primary controls_bottom\"><div class=\"w-actionbox-text\"><h2 class=\"w-actionbox-title\">D\u00e9couvrez les r\u00e9ductions pour les familles.<\/h2><\/div><div class=\"w-actionbox-controls\"><a class=\"w-btn us-btn-style_1\" href=\"https:\/\/www.hoteldoge.net\/fr\/hotel-rimini-avec-enfants-gratuits\/\"><span class=\"w-btn-label\">ENFANTS GRATUITS<\/span><\/a><\/div><\/div><\/div><\/div><\/div><div class=\"vc_col-sm-6 wpb_column vc_column_container\"><div class=\"vc_column-inner\"><div class=\"wpb_wrapper\"><div class=\"w-image style_circle align_none\"><div class=\"w-image-h\"><img decoding=\"async\" width=\"1024\" height=\"438\" src=\"https:\/\/www.hoteldoge.net\/wp-content\/uploads\/2019\/12\/bimbi-scontati-1024x438.jpg\" class=\"attachment-large size-large\" alt=\"\" loading=\"lazy\" srcset=\"https:\/\/www.hoteldoge.net\/wp-content\/uploads\/2019\/12\/bimbi-scontati-1024x438.jpg 1024w, https:\/\/www.hoteldoge.net\/wp-content\/uploads\/2019\/12\/bimbi-scontati-300x128.jpg 300w, https:\/\/www.hoteldoge.net\/wp-content\/uploads\/2019\/12\/bimbi-scontati.jpg 1501w\" sizes=\"auto, (max-width: 1024px) 100vw, 1024px\" \/><\/div><\/div><\/div><\/div><\/div><\/div><\/div><\/div><\/div><\/div><\/div><\/section>\n","protected":false},"excerpt":{"rendered":"\ud83c\udf7d\ufe0f Demi Pension tout inclus \ud83c\udfd6\ufe0f DEMI PENSION TOUT COMPRIS, Les prix ci-dessus indiqu\u00e8s sont par jour et par personne et comprennent: \ud83c\udf7d\ufe0f DEMI-PENSION (s\u00e9jour + petit-d\u00e9jeuner + d\u00eener) \ud83c\udfd6\ufe0f 2 chaises longues et parasol pour chambre dans la plage Bela Burdela \u2615 abondant petit-d\u00e8je\u00f9ner international jusqu&rsquo;\u00e0 10h00 \ud83c\udf7d\ufe0f D\u00eener avec menu au choix avec...","protected":false},"author":1,"featured_media":0,"parent":0,"menu_order":0,"comment_status":"closed","ping_status":"closed","template":"","meta":{"footnotes":""},"class_list":["post-2021","page","type-page","status-publish","hentry"],"yoast_head":"<!-- This site is optimized with the Yoast SEO plugin v26.5 - https:\/\/yoast.com\/wordpress\/plugins\/seo\/ -->\n<title>Prix H\u00f4tel All inclusive Torre Pedrera Rimini<\/title>\n<meta name=\"description\" content=\"Prix H\u00f4tel Doge, formule All inclusive \u00e0 Torre Pedrera Rimini. Pensione complete, Demi pensione ou tout compris? Chambres avec balcon et vue sur la mer.\" \/>\n<meta name=\"robots\" content=\"index, follow, max-snippet:-1, max-image-preview:large, max-video-preview:-1\" \/>\n<link rel=\"canonical\" href=\"https:\/\/www.hoteldoge.net\/fr\/hotel-all-inclusive-torre-pedrera-rimini\/\" \/>\n<meta property=\"og:locale\" content=\"fr_FR\" \/>\n<meta property=\"og:type\" content=\"article\" \/>\n<meta property=\"og:title\" content=\"Prix H\u00f4tel All inclusive Torre Pedrera Rimini\" \/>\n<meta property=\"og:description\" content=\"Prix H\u00f4tel Doge, formule All inclusive \u00e0 Torre Pedrera Rimini. Pensione complete, Demi pensione ou tout compris? Chambres avec balcon et vue sur la mer.\" \/>\n<meta property=\"og:url\" content=\"https:\/\/www.hoteldoge.net\/fr\/hotel-all-inclusive-torre-pedrera-rimini\/\" \/>\n<meta property=\"og:site_name\" content=\"Hotel Doge Torre Pedrera\" \/>\n<meta property=\"article:modified_time\" content=\"2025-11-11T09:56:23+00:00\" \/>\n<meta name=\"twitter:card\" content=\"summary_large_image\" \/>\n<meta name=\"twitter:label1\" content=\"Dur\u00e9e de lecture estim\u00e9e\" \/>\n\t<meta name=\"twitter:data1\" content=\"2 minutes\" \/>\n<script type=\"application\/ld+json\" class=\"yoast-schema-graph\">{\"@context\":\"https:\/\/schema.org\",\"@graph\":[{\"@type\":\"WebPage\",\"@id\":\"https:\/\/www.hoteldoge.net\/fr\/hotel-all-inclusive-torre-pedrera-rimini\/\",\"url\":\"https:\/\/www.hoteldoge.net\/fr\/hotel-all-inclusive-torre-pedrera-rimini\/\",\"name\":\"Prix H\u00f4tel All inclusive Torre Pedrera Rimini\",\"isPartOf\":{\"@id\":\"https:\/\/www.hoteldoge.net\/de\/#website\"},\"datePublished\":\"2020-02-17T11:20:40+00:00\",\"dateModified\":\"2025-11-11T09:56:23+00:00\",\"description\":\"Prix H\u00f4tel Doge, formule All inclusive \u00e0 Torre Pedrera Rimini. Pensione complete, Demi pensione ou tout compris? Chambres avec balcon et vue sur la mer.\",\"breadcrumb\":{\"@id\":\"https:\/\/www.hoteldoge.net\/fr\/hotel-all-inclusive-torre-pedrera-rimini\/#breadcrumb\"},\"inLanguage\":\"fr-FR\",\"potentialAction\":[{\"@type\":\"ReadAction\",\"target\":[\"https:\/\/www.hoteldoge.net\/fr\/hotel-all-inclusive-torre-pedrera-rimini\/\"]}]},{\"@type\":\"BreadcrumbList\",\"@id\":\"https:\/\/www.hoteldoge.net\/fr\/hotel-all-inclusive-torre-pedrera-rimini\/#breadcrumb\",\"itemListElement\":[{\"@type\":\"ListItem\",\"position\":1,\"name\":\"Home\",\"item\":\"https:\/\/www.hoteldoge.net\/it\/\"},{\"@type\":\"ListItem\",\"position\":2,\"name\":\"Prix H\u00f4tel All inclusive Torre Pedrera Rimini\"}]},{\"@type\":\"WebSite\",\"@id\":\"https:\/\/www.hoteldoge.net\/de\/#website\",\"url\":\"https:\/\/www.hoteldoge.net\/de\/\",\"name\":\"Hotel Doge Torre Pedrera\",\"description\":\"Hotel 3 stelle Torre Pedrera All inclusive con Piscina e Spiaggia\",\"potentialAction\":[{\"@type\":\"SearchAction\",\"target\":{\"@type\":\"EntryPoint\",\"urlTemplate\":\"https:\/\/www.hoteldoge.net\/de\/?s={search_term_string}\"},\"query-input\":{\"@type\":\"PropertyValueSpecification\",\"valueRequired\":true,\"valueName\":\"search_term_string\"}}],\"inLanguage\":\"fr-FR\"}]}<\/script>\n<!-- \/ Yoast SEO plugin. -->","yoast_head_json":{"title":"Prix H\u00f4tel All inclusive Torre Pedrera Rimini","description":"Prix H\u00f4tel Doge, formule All inclusive \u00e0 Torre Pedrera Rimini. Pensione complete, Demi pensione ou tout compris? Chambres avec balcon et vue sur la mer.","robots":{"index":"index","follow":"follow","max-snippet":"max-snippet:-1","max-image-preview":"max-image-preview:large","max-video-preview":"max-video-preview:-1"},"canonical":"https:\/\/www.hoteldoge.net\/fr\/hotel-all-inclusive-torre-pedrera-rimini\/","og_locale":"fr_FR","og_type":"article","og_title":"Prix H\u00f4tel All inclusive Torre Pedrera Rimini","og_description":"Prix H\u00f4tel Doge, formule All inclusive \u00e0 Torre Pedrera Rimini. Pensione complete, Demi pensione ou tout compris? Chambres avec balcon et vue sur la mer.","og_url":"https:\/\/www.hoteldoge.net\/fr\/hotel-all-inclusive-torre-pedrera-rimini\/","og_site_name":"Hotel Doge Torre Pedrera","article_modified_time":"2025-11-11T09:56:23+00:00","twitter_card":"summary_large_image","twitter_misc":{"Dur\u00e9e de lecture estim\u00e9e":"2 minutes"},"schema":{"@context":"https:\/\/schema.org","@graph":[{"@type":"WebPage","@id":"https:\/\/www.hoteldoge.net\/fr\/hotel-all-inclusive-torre-pedrera-rimini\/","url":"https:\/\/www.hoteldoge.net\/fr\/hotel-all-inclusive-torre-pedrera-rimini\/","name":"Prix H\u00f4tel All inclusive Torre Pedrera Rimini","isPartOf":{"@id":"https:\/\/www.hoteldoge.net\/de\/#website"},"datePublished":"2020-02-17T11:20:40+00:00","dateModified":"2025-11-11T09:56:23+00:00","description":"Prix H\u00f4tel Doge, formule All inclusive \u00e0 Torre Pedrera Rimini. Pensione complete, Demi pensione ou tout compris? Chambres avec balcon et vue sur la mer.","breadcrumb":{"@id":"https:\/\/www.hoteldoge.net\/fr\/hotel-all-inclusive-torre-pedrera-rimini\/#breadcrumb"},"inLanguage":"fr-FR","potentialAction":[{"@type":"ReadAction","target":["https:\/\/www.hoteldoge.net\/fr\/hotel-all-inclusive-torre-pedrera-rimini\/"]}]},{"@type":"BreadcrumbList","@id":"https:\/\/www.hoteldoge.net\/fr\/hotel-all-inclusive-torre-pedrera-rimini\/#breadcrumb","itemListElement":[{"@type":"ListItem","position":1,"name":"Home","item":"https:\/\/www.hoteldoge.net\/it\/"},{"@type":"ListItem","position":2,"name":"Prix H\u00f4tel All inclusive Torre Pedrera Rimini"}]},{"@type":"WebSite","@id":"https:\/\/www.hoteldoge.net\/de\/#website","url":"https:\/\/www.hoteldoge.net\/de\/","name":"Hotel Doge Torre Pedrera","description":"Hotel 3 stelle Torre Pedrera All inclusive con Piscina e Spiaggia","potentialAction":[{"@type":"SearchAction","target":{"@type":"EntryPoint","urlTemplate":"https:\/\/www.hoteldoge.net\/de\/?s={search_term_string}"},"query-input":{"@type":"PropertyValueSpecification","valueRequired":true,"valueName":"search_term_string"}}],"inLanguage":"fr-FR"}]}},"_links":{"self":[{"href":"https:\/\/www.hoteldoge.net\/fr\/wp-json\/wp\/v2\/pages\/2021","targetHints":{"allow":["GET"]}}],"collection":[{"href":"https:\/\/www.hoteldoge.net\/fr\/wp-json\/wp\/v2\/pages"}],"about":[{"href":"https:\/\/www.hoteldoge.net\/fr\/wp-json\/wp\/v2\/types\/page"}],"author":[{"embeddable":true,"href":"https:\/\/www.hoteldoge.net\/fr\/wp-json\/wp\/v2\/users\/1"}],"replies":[{"embeddable":true,"href":"https:\/\/www.hoteldoge.net\/fr\/wp-json\/wp\/v2\/comments?post=2021"}],"version-history":[{"count":28,"href":"https:\/\/www.hoteldoge.net\/fr\/wp-json\/wp\/v2\/pages\/2021\/revisions"}],"predecessor-version":[{"id":5234,"href":"https:\/\/www.hoteldoge.net\/fr\/wp-json\/wp\/v2\/pages\/2021\/revisions\/5234"}],"wp:attachment":[{"href":"https:\/\/www.hoteldoge.net\/fr\/wp-json\/wp\/v2\/media?parent=2021"}],"curies":[{"name":"wp","href":"https:\/\/api.w.org\/{rel}","templated":true}]}}