{"id":1995,"date":"2020-02-17T11:21:06","date_gmt":"2020-02-17T10:21:06","guid":{"rendered":"https:\/\/www.hroyal.it\/?page_id=1995"},"modified":"2025-12-10T16:37:02","modified_gmt":"2025-12-10T15:37:02","slug":"hotel-avec-piscine-rimini","status":"publish","type":"page","link":"https:\/\/www.hoteldoge.net\/fr\/hotel-avec-piscine-rimini\/","title":{"rendered":"H\u00f4tel rimini avec Piscine et hydromassage"},"content":{"rendered":"<section class=\"l-section wpb_row us_custom_33fe73d0 height_huge width_full\"><div class=\"l-section-h i-cf\"><div class=\"g-cols vc_row via_flex valign_top type_default stacking_default\"><div class=\"vc_col-sm-12 wpb_column vc_column_container\"><div class=\"vc_column-inner\"><div class=\"wpb_wrapper\">\n\t\t\t<!-- START piscina REVOLUTION SLIDER 6.7.37 --><p class=\"rs-p-wp-fix\"><\/p>\n\t\t\t<rs-module-wrap id=\"rev_slider_3_1_wrapper\" data-source=\"gallery\" style=\"visibility:hidden;background:transparent;padding:0;margin:0px auto;margin-top:0;margin-bottom:0;\">\n\t\t\t\t<rs-module id=\"rev_slider_3_1\" style=\"\" data-version=\"6.7.37\">\n\t\t\t\t\t<rs-slides style=\"overflow: hidden; position: absolute;\">\n\t\t\t\t\t\t<rs-slide style=\"position: absolute;\" data-key=\"rs-4\" data-title=\"Slide\" data-anim=\"ms:1000;r:0;\" data-in=\"o:0;\" data-out=\"a:false;\">\n\t\t\t\t\t\t\t<img decoding=\"async\" src=\"\/\/www.hoteldoge.net\/wp-content\/plugins\/revslider\/sr6\/assets\/assets\/dummy.png\" alt=\"\" title=\"doge-pishina\" width=\"1500\" height=\"800\" class=\"rev-slidebg tp-rs-img rs-lazyload\" data-lazyload=\"\/\/www.hoteldoge.net\/wp-content\/uploads\/2019\/12\/doge-pishina.jpg\" data-bg=\"p:center bottom;\" data-no-retina>\n<!---->\t\t\t\t\t<\/rs-slide>\n\t\t\t\t\t<\/rs-slides>\n\t\t\t\t<\/rs-module>\n\t\t\t\t<script>\n\t\t\t\t\tsetREVStartSize({c: 'rev_slider_3_1',rl:[1240,1024,778,480],el:[900],gw:[1240],gh:[900],type:'hero',justify:'',layout:'fullwidth',mh:\"0\"});if (window.RS_MODULES!==undefined && window.RS_MODULES.modules!==undefined && window.RS_MODULES.modules[\"revslider31\"]!==undefined) {window.RS_MODULES.modules[\"revslider31\"].once = false;window.revapi3 = undefined;if (window.RS_MODULES.checkMinimal!==undefined) window.RS_MODULES.checkMinimal()}\n\t\t\t\t<\/script>\n\t\t\t<\/rs-module-wrap>\n\t\t\t<!-- END REVOLUTION SLIDER -->\n<\/div><\/div><\/div><\/div><\/div><\/section><section class=\"l-section wpb_row us_custom_a106749e height_medium\"><div class=\"l-section-h i-cf\"><div class=\"g-cols vc_row via_flex valign_top type_default stacking_default\"><div class=\"vc_col-sm-12 wpb_column vc_column_container\"><div class=\"vc_column-inner\"><div class=\"wpb_wrapper\"><div class=\"wpb_text_column\"><div class=\"wpb_wrapper\"><h1 style=\"text-align: center;\">Notre Piscine<\/h1>\n<\/div><\/div><\/div><\/div><\/div><\/div><\/div><\/section><section class=\"l-section wpb_row height_medium\"><div class=\"l-section-h i-cf\"><div class=\"g-cols vc_row via_flex valign_middle type_default stacking_default\"><div class=\"vc_col-sm-6 wpb_column vc_column_container\"><div class=\"vc_column-inner\"><div class=\"wpb_wrapper\"><div class=\"wpb_text_column\"><div class=\"wpb_wrapper\"><p><strong>La piscine<\/strong> est une bonne alternative pour ceux qui veulent se rafra\u00eechir de la canicule d\u2019\u00e9t\u00e9 et passer au m\u00eame temps des plaisants moments de relax. Notre h\u00f4tel met \u00e0 la disposition de ses h\u00f4tes une piscine priv\u00e9e.<\/p>\n<p>Ici les clients pourrons prendre le soleil, faire un bain et s\u2019amuser. Sans renoncer au go\u00fbt de faire un plongeon \u00e0 la mer, parce que notre plage est tr\u00e8s proche et on peut la rejoindre en quelques minutes.<\/p>\n<p>La piscine se trouve aux \u00e9paules de l\u2019h\u00f4tel, dans un lieu r\u00e9serv\u00e9. <strong>Elle est 18\u00d79 mt grande<\/strong> et dou\u00e9e d\u2019un <strong>hydromassage<\/strong>, solarium avec <strong>lits et parasols<\/strong> et distributeurs automatiques de boissons et amuse-gueules.<\/p>\n<\/div><\/div><\/div><\/div><\/div><div class=\"vc_col-sm-6 wpb_column vc_column_container\"><div class=\"vc_column-inner\"><div class=\"wpb_wrapper\"><div class=\"w-image align_none\"><a ref=\"magnificPopup\" href=\"https:\/\/www.hoteldoge.net\/wp-content\/uploads\/2019\/12\/piscina-hotel-doge2.jpg\" aria-label=\"piscina-hotel-doge2\" class=\"w-image-h\"><img decoding=\"async\" width=\"900\" height=\"675\" src=\"https:\/\/www.hoteldoge.net\/wp-content\/uploads\/2019\/12\/piscina-hotel-doge2.jpg\" class=\"attachment-large size-large\" alt=\"\" loading=\"lazy\" srcset=\"https:\/\/www.hoteldoge.net\/wp-content\/uploads\/2019\/12\/piscina-hotel-doge2.jpg 900w, https:\/\/www.hoteldoge.net\/wp-content\/uploads\/2019\/12\/piscina-hotel-doge2-300x225.jpg 300w\" sizes=\"auto, (max-width: 900px) 100vw, 900px\" \/><\/a><\/div><\/div><\/div><\/div><\/div><\/div><\/section><!-- Row Backgrounds --><div class=\"upb_color\" data-bg-override=\"0\" data-bg-color=\"#e1d7cb\" data-fadeout=\"\" data-fadeout-percentage=\"30\" data-parallax-content=\"\" data-parallax-content-sense=\"30\" data-row-effect-mobile-disable=\"true\" data-img-parallax-mobile-disable=\"true\" data-rtl=\"false\"  data-custom-vc-row=\"\"  data-vc=\"8.6.1\"  data-is_old_vc=\"\"  data-theme-support=\"\"   data-overlay=\"false\" data-overlay-color=\"\" data-overlay-pattern=\"\" data-overlay-pattern-opacity=\"\" data-overlay-pattern-size=\"\"    ><\/div><section class=\"l-section wpb_row height_medium\"><div class=\"l-section-h i-cf\"><div class=\"g-cols vc_row via_flex valign_middle type_default stacking_default\"><div class=\"vc_col-sm-6 wpb_column vc_column_container\"><div class=\"vc_column-inner\"><div class=\"wpb_wrapper\"><div class=\"w-image align_none\"><a ref=\"magnificPopup\" href=\"https:\/\/www.hoteldoge.net\/wp-content\/uploads\/2019\/12\/piscina-hotel-doge3.jpg\" aria-label=\"piscina-hotel-doge3\" class=\"w-image-h\"><img decoding=\"async\" width=\"900\" height=\"675\" src=\"https:\/\/www.hoteldoge.net\/wp-content\/uploads\/2019\/12\/piscina-hotel-doge3.jpg\" class=\"attachment-large size-large\" alt=\"\" loading=\"lazy\" srcset=\"https:\/\/www.hoteldoge.net\/wp-content\/uploads\/2019\/12\/piscina-hotel-doge3.jpg 900w, https:\/\/www.hoteldoge.net\/wp-content\/uploads\/2019\/12\/piscina-hotel-doge3-300x225.jpg 300w\" sizes=\"auto, (max-width: 900px) 100vw, 900px\" \/><\/a><\/div><\/div><\/div><\/div><div class=\"vc_col-sm-6 wpb_column vc_column_container\"><div class=\"vc_column-inner\"><div class=\"wpb_wrapper\"><div class=\"wpb_text_column\"><div class=\"wpb_wrapper\"><ul>\n<li>vaste et \u00e9quip\u00e9e (18\u00d79 mt)<\/li>\n<li>dou\u00e9e d\u2019hydromassage<\/li>\n<li>solarium, lits et parasols<\/li>\n<li>distributeurs automatiques de boissons et amuse-gueules.<\/li>\n<\/ul>\n<\/div><\/div><div class=\"w-separator size_medium\"><\/div><div class=\" ubtn-ctn-center \"><a class=\"ubtn-link ult-adjust-bottom-margin ubtn-center ubtn-large \" href=\"https:\/\/www.hoteldoge.net\/fr\/contactez-nous.html\" ><button type=\"button\" id=\"ubtn-1019\"  class=\"ubtn ult-adjust-bottom-margin ult-responsive ubtn-large ubtn-no-hover-bg  ulta-grow  ubtn-center   tooltip-6a06ec62f143e\"  data-hover=\"\" data-border-color=\"\" data-bg=\"#e0e0e0\" data-hover-bg=\"\" data-border-hover=\"\" data-shadow-hover=\"\" data-shadow-click=\"none\" data-shadow=\"\" data-shd-shadow=\"\"  data-ultimate-target='#ubtn-1019'  data-responsive-json-new='{\"font-size\":\"desktop:18px;\",\"line-height\":\"\"}'  style=\"font-family:&#039;Raleway&#039;;font-weight:normal;font-style:normal;border:none;background: #e0e0e0;color: #000000;\"><span class=\"ubtn-hover\" style=\"background-color:\"><\/span><span class=\"ubtn-data ubtn-text \" >NOUS CONTACTER<\/span><\/button><\/a><\/div><\/div><\/div><\/div><\/div><\/div><\/section><!-- Row Backgrounds --><div class=\"upb_color\" data-bg-override=\"0\" data-bg-color=\"#f5f5f5\" data-fadeout=\"\" data-fadeout-percentage=\"30\" data-parallax-content=\"\" data-parallax-content-sense=\"30\" data-row-effect-mobile-disable=\"true\" data-img-parallax-mobile-disable=\"true\" data-rtl=\"false\"  data-custom-vc-row=\"\"  data-vc=\"8.6.1\"  data-is_old_vc=\"\"  data-theme-support=\"\"   data-overlay=\"false\" data-overlay-color=\"\" data-overlay-pattern=\"\" data-overlay-pattern-opacity=\"\" data-overlay-pattern-size=\"\"    ><\/div>\n","protected":false},"excerpt":{"rendered":"Notre Piscine La piscine est une bonne alternative pour ceux qui veulent se rafra\u00eechir de la canicule d\u2019\u00e9t\u00e9 et passer au m\u00eame temps des plaisants moments de relax. Notre h\u00f4tel met \u00e0 la disposition de ses h\u00f4tes une piscine priv\u00e9e. Ici les clients pourrons prendre le soleil, faire un bain et s\u2019amuser. Sans renoncer au...","protected":false},"author":1,"featured_media":0,"parent":0,"menu_order":0,"comment_status":"closed","ping_status":"closed","template":"","meta":{"footnotes":""},"class_list":["post-1995","page","type-page","status-publish","hentry"],"yoast_head":"<!-- This site is optimized with the Yoast SEO plugin v26.5 - https:\/\/yoast.com\/wordpress\/plugins\/seo\/ -->\n<title>H\u00f4tel rimini avec Piscine et hydromassage<\/title>\n<meta name=\"description\" content=\"H\u00f4tel rimini avec Piscine vaste et \u00e9quip\u00e9e (18\u00d79 mt) et hydromassage, olarium, lits et parasols, distributeurs automatiques de boissons et amuse-gueules.\" \/>\n<meta name=\"robots\" content=\"index, follow, max-snippet:-1, max-image-preview:large, max-video-preview:-1\" \/>\n<link rel=\"canonical\" href=\"https:\/\/www.hoteldoge.net\/fr\/hotel-avec-piscine-rimini\/\" \/>\n<meta property=\"og:locale\" content=\"fr_FR\" \/>\n<meta property=\"og:type\" content=\"article\" \/>\n<meta property=\"og:title\" content=\"H\u00f4tel rimini avec Piscine et hydromassage\" \/>\n<meta property=\"og:description\" content=\"H\u00f4tel rimini avec Piscine vaste et \u00e9quip\u00e9e (18\u00d79 mt) et hydromassage, olarium, lits et parasols, distributeurs automatiques de boissons et amuse-gueules.\" \/>\n<meta property=\"og:url\" content=\"https:\/\/www.hoteldoge.net\/fr\/hotel-avec-piscine-rimini\/\" \/>\n<meta property=\"og:site_name\" content=\"Hotel Doge Torre Pedrera\" \/>\n<meta property=\"article:modified_time\" content=\"2025-12-10T15:37:02+00:00\" \/>\n<meta name=\"twitter:card\" content=\"summary_large_image\" \/>\n<meta name=\"twitter:label1\" content=\"Dur\u00e9e de lecture estim\u00e9e\" \/>\n\t<meta name=\"twitter:data1\" content=\"1 minute\" \/>\n<script type=\"application\/ld+json\" class=\"yoast-schema-graph\">{\"@context\":\"https:\/\/schema.org\",\"@graph\":[{\"@type\":\"WebPage\",\"@id\":\"https:\/\/www.hoteldoge.net\/fr\/hotel-avec-piscine-rimini\/\",\"url\":\"https:\/\/www.hoteldoge.net\/fr\/hotel-avec-piscine-rimini\/\",\"name\":\"H\u00f4tel rimini avec Piscine et hydromassage\",\"isPartOf\":{\"@id\":\"https:\/\/www.hoteldoge.net\/de\/#website\"},\"datePublished\":\"2020-02-17T10:21:06+00:00\",\"dateModified\":\"2025-12-10T15:37:02+00:00\",\"description\":\"H\u00f4tel rimini avec Piscine vaste et \u00e9quip\u00e9e (18\u00d79 mt) et hydromassage, olarium, lits et parasols, distributeurs automatiques de boissons et amuse-gueules.\",\"breadcrumb\":{\"@id\":\"https:\/\/www.hoteldoge.net\/fr\/hotel-avec-piscine-rimini\/#breadcrumb\"},\"inLanguage\":\"fr-FR\",\"potentialAction\":[{\"@type\":\"ReadAction\",\"target\":[\"https:\/\/www.hoteldoge.net\/fr\/hotel-avec-piscine-rimini\/\"]}]},{\"@type\":\"BreadcrumbList\",\"@id\":\"https:\/\/www.hoteldoge.net\/fr\/hotel-avec-piscine-rimini\/#breadcrumb\",\"itemListElement\":[{\"@type\":\"ListItem\",\"position\":1,\"name\":\"Home\",\"item\":\"https:\/\/www.hoteldoge.net\/it\/\"},{\"@type\":\"ListItem\",\"position\":2,\"name\":\"H\u00f4tel rimini avec Piscine et hydromassage\"}]},{\"@type\":\"WebSite\",\"@id\":\"https:\/\/www.hoteldoge.net\/de\/#website\",\"url\":\"https:\/\/www.hoteldoge.net\/de\/\",\"name\":\"Hotel Doge Torre Pedrera\",\"description\":\"Hotel 3 stelle Torre Pedrera All inclusive con Piscina e Spiaggia\",\"potentialAction\":[{\"@type\":\"SearchAction\",\"target\":{\"@type\":\"EntryPoint\",\"urlTemplate\":\"https:\/\/www.hoteldoge.net\/de\/?s={search_term_string}\"},\"query-input\":{\"@type\":\"PropertyValueSpecification\",\"valueRequired\":true,\"valueName\":\"search_term_string\"}}],\"inLanguage\":\"fr-FR\"}]}<\/script>\n<!-- \/ Yoast SEO plugin. -->","yoast_head_json":{"title":"H\u00f4tel rimini avec Piscine et hydromassage","description":"H\u00f4tel rimini avec Piscine vaste et \u00e9quip\u00e9e (18\u00d79 mt) et hydromassage, olarium, lits et parasols, distributeurs automatiques de boissons et amuse-gueules.","robots":{"index":"index","follow":"follow","max-snippet":"max-snippet:-1","max-image-preview":"max-image-preview:large","max-video-preview":"max-video-preview:-1"},"canonical":"https:\/\/www.hoteldoge.net\/fr\/hotel-avec-piscine-rimini\/","og_locale":"fr_FR","og_type":"article","og_title":"H\u00f4tel rimini avec Piscine et hydromassage","og_description":"H\u00f4tel rimini avec Piscine vaste et \u00e9quip\u00e9e (18\u00d79 mt) et hydromassage, olarium, lits et parasols, distributeurs automatiques de boissons et amuse-gueules.","og_url":"https:\/\/www.hoteldoge.net\/fr\/hotel-avec-piscine-rimini\/","og_site_name":"Hotel Doge Torre Pedrera","article_modified_time":"2025-12-10T15:37:02+00:00","twitter_card":"summary_large_image","twitter_misc":{"Dur\u00e9e de lecture estim\u00e9e":"1 minute"},"schema":{"@context":"https:\/\/schema.org","@graph":[{"@type":"WebPage","@id":"https:\/\/www.hoteldoge.net\/fr\/hotel-avec-piscine-rimini\/","url":"https:\/\/www.hoteldoge.net\/fr\/hotel-avec-piscine-rimini\/","name":"H\u00f4tel rimini avec Piscine et hydromassage","isPartOf":{"@id":"https:\/\/www.hoteldoge.net\/de\/#website"},"datePublished":"2020-02-17T10:21:06+00:00","dateModified":"2025-12-10T15:37:02+00:00","description":"H\u00f4tel rimini avec Piscine vaste et \u00e9quip\u00e9e (18\u00d79 mt) et hydromassage, olarium, lits et parasols, distributeurs automatiques de boissons et amuse-gueules.","breadcrumb":{"@id":"https:\/\/www.hoteldoge.net\/fr\/hotel-avec-piscine-rimini\/#breadcrumb"},"inLanguage":"fr-FR","potentialAction":[{"@type":"ReadAction","target":["https:\/\/www.hoteldoge.net\/fr\/hotel-avec-piscine-rimini\/"]}]},{"@type":"BreadcrumbList","@id":"https:\/\/www.hoteldoge.net\/fr\/hotel-avec-piscine-rimini\/#breadcrumb","itemListElement":[{"@type":"ListItem","position":1,"name":"Home","item":"https:\/\/www.hoteldoge.net\/it\/"},{"@type":"ListItem","position":2,"name":"H\u00f4tel rimini avec Piscine et hydromassage"}]},{"@type":"WebSite","@id":"https:\/\/www.hoteldoge.net\/de\/#website","url":"https:\/\/www.hoteldoge.net\/de\/","name":"Hotel Doge Torre Pedrera","description":"Hotel 3 stelle Torre Pedrera All inclusive con Piscina e Spiaggia","potentialAction":[{"@type":"SearchAction","target":{"@type":"EntryPoint","urlTemplate":"https:\/\/www.hoteldoge.net\/de\/?s={search_term_string}"},"query-input":{"@type":"PropertyValueSpecification","valueRequired":true,"valueName":"search_term_string"}}],"inLanguage":"fr-FR"}]}},"_links":{"self":[{"href":"https:\/\/www.hoteldoge.net\/fr\/wp-json\/wp\/v2\/pages\/1995","targetHints":{"allow":["GET"]}}],"collection":[{"href":"https:\/\/www.hoteldoge.net\/fr\/wp-json\/wp\/v2\/pages"}],"about":[{"href":"https:\/\/www.hoteldoge.net\/fr\/wp-json\/wp\/v2\/types\/page"}],"author":[{"embeddable":true,"href":"https:\/\/www.hoteldoge.net\/fr\/wp-json\/wp\/v2\/users\/1"}],"replies":[{"embeddable":true,"href":"https:\/\/www.hoteldoge.net\/fr\/wp-json\/wp\/v2\/comments?post=1995"}],"version-history":[{"count":6,"href":"https:\/\/www.hoteldoge.net\/fr\/wp-json\/wp\/v2\/pages\/1995\/revisions"}],"predecessor-version":[{"id":5257,"href":"https:\/\/www.hoteldoge.net\/fr\/wp-json\/wp\/v2\/pages\/1995\/revisions\/5257"}],"wp:attachment":[{"href":"https:\/\/www.hoteldoge.net\/fr\/wp-json\/wp\/v2\/media?parent=1995"}],"curies":[{"name":"wp","href":"https:\/\/api.w.org\/{rel}","templated":true}]}}