{"id":1425,"date":"2020-01-28T18:23:54","date_gmt":"2020-01-28T17:23:54","guid":{"rendered":"https:\/\/www.hroyal.it\/?page_id=1425"},"modified":"2025-10-16T16:36:35","modified_gmt":"2025-10-16T14:36:35","slug":"torre-pedrera-cosa-visitare","status":"publish","type":"page","link":"https:\/\/www.hoteldoge.net\/fr\/torre-pedrera-cosa-visitare\/","title":{"rendered":"Cosa visitare a Torre Pedrera, gli eventi da non perdere"},"content":{"rendered":"<section class=\"l-section wpb_row us_custom_33fe73d0 height_medium\"><div class=\"l-section-h i-cf\"><div class=\"g-cols vc_row via_flex valign_top type_default stacking_default\"><div class=\"vc_col-sm-12 wpb_column vc_column_container\"><div class=\"vc_column-inner\"><div class=\"wpb_wrapper\">\n\t\t\t<!-- START cameraspiaggia REVOLUTION SLIDER 6.7.37 --><p class=\"rs-p-wp-fix\"><\/p>\n\t\t\t<rs-module-wrap id=\"rev_slider_7_1_wrapper\" data-source=\"gallery\" style=\"visibility:hidden;background:transparent;padding:0;margin:0px auto;margin-top:0;margin-bottom:0;\">\n\t\t\t\t<rs-module id=\"rev_slider_7_1\" style=\"\" data-version=\"6.7.37\">\n\t\t\t\t\t<rs-slides style=\"overflow: hidden; position: absolute;\">\n\t\t\t\t\t\t<rs-slide style=\"position: absolute;\" data-key=\"rs-8\" data-title=\"Slide\" data-anim=\"ms:1000;r:0;\" data-in=\"o:0;\" data-out=\"a:false;\">\n\t\t\t\t\t\t\t<img decoding=\"async\" src=\"\/\/www.hoteldoge.net\/wp-content\/plugins\/revslider\/sr6\/assets\/assets\/dummy.png\" alt=\"\" title=\"spiaggia-header\" width=\"1920\" height=\"1050\" class=\"rev-slidebg tp-rs-img rs-lazyload\" data-lazyload=\"\/\/www.hoteldoge.net\/wp-content\/uploads\/2019\/12\/spiaggia-header.jpg\" data-bg=\"p:center bottom;\" data-no-retina>\n<!---->\t\t\t\t\t<\/rs-slide>\n\t\t\t\t\t<\/rs-slides>\n\t\t\t\t<\/rs-module>\n\t\t\t\t<script>\n\t\t\t\t\tsetREVStartSize({c: 'rev_slider_7_1',rl:[1240,1024,778,480],el:[900],gw:[1240],gh:[900],type:'hero',justify:'',layout:'fullwidth',mh:\"0\"});if (window.RS_MODULES!==undefined && window.RS_MODULES.modules!==undefined && window.RS_MODULES.modules[\"revslider71\"]!==undefined) {window.RS_MODULES.modules[\"revslider71\"].once = false;window.revapi7 = undefined;if (window.RS_MODULES.checkMinimal!==undefined) window.RS_MODULES.checkMinimal()}\n\t\t\t\t<\/script>\n\t\t\t<\/rs-module-wrap>\n\t\t\t<!-- END REVOLUTION SLIDER -->\n<\/div><\/div><\/div><\/div><\/div><\/section><section class=\"l-section wpb_row height_medium\"><div class=\"l-section-h i-cf\"><div class=\"g-cols vc_row via_flex valign_top type_default stacking_default\"><div class=\"vc_col-sm-12 wpb_column vc_column_container\"><div class=\"vc_column-inner\"><div class=\"wpb_wrapper\"><div class=\"wpb_text_column\"><div class=\"wpb_wrapper\"><p>\ud83c\udfd6\ufe0f <strong>Torre Pedrera<\/strong> \u00e8 una delle localit\u00e0 balneari pi\u00f9 rinomate della riviera romagnola.<br \/>\nLe sue <strong>spiagge sono attrezzate e molto pulite<\/strong>. Si pratica \ud83c\udf2c\ufe0f windsurf, \u26f5 vela, \ud83c\udfd0 beach volley, \ud83d\udca6 giochi acquatici e molto altro.<\/p>\n<p>\ud83c\udf05 Il borgo, piccolo e accogliente, sa di storia personale, di amicizie, di amori e di giornate trascorse all\u2019aria aperta.<br \/>\nCi\u00f2 che la rende speciale \u00e8 la sua esplosione di colori, \ud83c\udfa8 l\u2019allegria che vibra nell\u2019aria e \u2014 perch\u00e9 no \u2014 la \ud83c\udf5d cucina tipica, da gustare in uno dei tanti localini fronte mare.<\/p>\n<p>\ud83c\udfad In estate poi Torre Pedrera si veste di <strong>eventi, spettacoli, sagre<\/strong>.<br \/>\nOltre al relax qui si fa di pi\u00f9, si ozia. Forse \u00e8 questo il segreto di Torre Pedrera.<br \/>\nNoi che ci abitiamo lo sappiamo, ma riscoprirlo nei racconti dei nostri ospiti ci ricorda la fortuna di vivere in uno dei posti pi\u00f9 belli della riviera romagnola. \ud83c\udf1e<\/p>\n<p><strong>\ud83d\udccd Da vedere a Torre Pedrera<\/strong><\/p>\n<ul style=\"list-style: none; padding: 0; margin: 0;\">\n<li style=\"margin: 8px 0;\">\ud83d\udeb6\u200d\u2640\ufe0f Il lungomare<\/li>\n<li style=\"margin: 8px 0;\">\ud83c\udfd6\ufe0f 2 km di spiaggia dorata<\/li>\n<li style=\"margin: 8px 0;\">\ud83c\udf8a Feste del comitato turistico<\/li>\n<li style=\"margin: 8px 0;\">\ud83d\ude97 East Coast Festival (raduno di auto americane)<\/li>\n<li style=\"margin: 8px 0;\">\ud83c\udf38 Notte Rosa<\/li>\n<li style=\"margin: 8px 0;\">\ud83c\udf3e Festa della Trebbiatura (tradizione contadina)<\/li>\n<li style=\"margin: 8px 0;\">\ud83d\udc9e Settimana dell&rsquo;Amore<\/li>\n<li style=\"margin: 8px 0;\">\ud83c\udf86 Capodanno d\u2019estate: Ferragosto<\/li>\n<\/ul>\n<\/div><\/div><div class=\"g-cols wpb_row via_flex valign_top type_default stacking_default\"><div class=\"vc_col-sm-12 wpb_column vc_column_container\"><div class=\"vc_column-inner\"><div class=\"wpb_wrapper\"><div class=\"w-grid type_masonry layout_portfolio_18 cols_4 with_isotope ratio_1x1\" id=\"us_grid_1\" style=\"--columns:4;--gap:0.5rem;--item-ratio:1;\" data-filterable=\"true\"><style>@media (max-width:1280px){#us_grid_1{--columns:3!important}}@media (max-width:1024px){#us_grid_1{--columns:3!important}}@media (max-width:600px){#us_grid_1{--columns:2!important}}@media (min-width:1024px){#us_grid_1 .w-post-elm.post_title{font-size:0px!important}}.layout_portfolio_18 .w-grid-item-h{}.layout_portfolio_18 .usg_vwrapper_1{transition-duration:1s;transform-origin:50% 50%;transform:scale(1) translate(0%,0%);opacity:0}.layout_portfolio_18 .w-grid-item-h:focus-within .usg_vwrapper_1,.layout_portfolio_18 .w-grid-item-h:hover .usg_vwrapper_1{transform:scale(1) translate(0%,0%);opacity:1}.layout_portfolio_18 .usg_post_custom_field_1{transition-duration:1s;transform-origin:50% 50%;transform:scale(1) translate(0%,0%);opacity:0}.layout_portfolio_18 .w-grid-item-h:focus-within .usg_post_custom_field_1,.layout_portfolio_18 .w-grid-item-h:hover .usg_post_custom_field_1{transform:scale(1) translate(0%,0%);opacity:1}.layout_portfolio_18 .usg_post_image_1{position:absolute!important;top:0!important;right:0!important;bottom:0!important;left:0!important}.layout_portfolio_18 .usg_vwrapper_1{position:absolute!important;right:0!important;bottom:-1px!important;left:0!important;background:linear-gradient(transparent,rgba(30,30,30,0.8))!important;padding:5rem 2rem 1.5rem 2rem!important}.layout_portfolio_18 .usg_post_title_1{color:#fff!important;font-size:1.4rem!important}.layout_portfolio_18 .usg_post_taxonomy_1{color:#fff!important;font-size:0.9rem!important}.layout_portfolio_18 .usg_post_custom_field_1{position:absolute!important;top:0!important;right:0!important;bottom:0!important;left:0!important}<\/style><div class=\"w-grid-list\">\t<article class=\"w-grid-item size_1x1 post-1449 attachment type-attachment status-inherit hentry\" data-id=\"1449\">\n\t\t<div class=\"w-grid-item-h\">\n\t\t\t\t\t\t\t<a ref=\"magnificPopupGrid\" href=\"https:\/\/www.hoteldoge.net\/wp-content\/uploads\/2020\/01\/11800338_550757341729661_8019005853056593309_n.jpg\" class=\"w-grid-item-anchor\" aria-label=\"11800338_550757341729661_8019005853056593309_n\"><\/a>\n\t\t\t\t\t\t<div class=\"w-post-elm post_image usg_post_image_1 stretched\"><img loading=\"lazy\" decoding=\"async\" width=\"720\" height=\"540\" src=\"https:\/\/www.hoteldoge.net\/wp-content\/uploads\/2020\/01\/11800338_550757341729661_8019005853056593309_n.jpg\" class=\"attachment-large size-large\" alt=\"\" srcset=\"https:\/\/www.hoteldoge.net\/wp-content\/uploads\/2020\/01\/11800338_550757341729661_8019005853056593309_n.jpg 720w, https:\/\/www.hoteldoge.net\/wp-content\/uploads\/2020\/01\/11800338_550757341729661_8019005853056593309_n-300x225.jpg 300w\" sizes=\"auto, (max-width: 720px) 100vw, 720px\" \/><\/div><div class=\"w-vwrapper usg_vwrapper_1 align_none valign_top\"><h2 class=\"w-post-elm post_title usg_post_title_1 has_text_color entry-title color_link_inherit\">11800338_550757341729661_8019005853056593309_n<\/h2><\/div>\t\t<\/div>\n\t\t\t<\/article>\n\t<article class=\"w-grid-item size_1x1 post-1444 attachment type-attachment status-inherit hentry\" data-id=\"1444\">\n\t\t<div class=\"w-grid-item-h\">\n\t\t\t\t\t\t\t<a ref=\"magnificPopupGrid\" href=\"https:\/\/www.hoteldoge.net\/wp-content\/uploads\/2020\/01\/11824920_1004490569581178_6949019933174993473_n.jpg\" class=\"w-grid-item-anchor\" aria-label=\"11824920_1004490569581178_6949019933174993473_n\"><\/a>\n\t\t\t\t\t\t<div class=\"w-post-elm post_image usg_post_image_1 stretched\"><img loading=\"lazy\" decoding=\"async\" width=\"960\" height=\"720\" src=\"https:\/\/www.hoteldoge.net\/wp-content\/uploads\/2020\/01\/11824920_1004490569581178_6949019933174993473_n.jpg\" class=\"attachment-large size-large\" alt=\"\" srcset=\"https:\/\/www.hoteldoge.net\/wp-content\/uploads\/2020\/01\/11824920_1004490569581178_6949019933174993473_n.jpg 960w, https:\/\/www.hoteldoge.net\/wp-content\/uploads\/2020\/01\/11824920_1004490569581178_6949019933174993473_n-300x225.jpg 300w\" sizes=\"auto, (max-width: 960px) 100vw, 960px\" \/><\/div><div class=\"w-vwrapper usg_vwrapper_1 align_none valign_top\"><h2 class=\"w-post-elm post_title usg_post_title_1 has_text_color entry-title color_link_inherit\">11824920_1004490569581178_6949019933174993473_n<\/h2><\/div>\t\t<\/div>\n\t\t\t<\/article>\n\t<article class=\"w-grid-item size_1x1 post-1439 attachment type-attachment status-inherit hentry\" data-id=\"1439\">\n\t\t<div class=\"w-grid-item-h\">\n\t\t\t\t\t\t\t<a ref=\"magnificPopupGrid\" href=\"https:\/\/www.hoteldoge.net\/wp-content\/uploads\/2020\/01\/pallavolo-giovani.jpg\" class=\"w-grid-item-anchor\" aria-label=\"pallavolo-giovani\"><\/a>\n\t\t\t\t\t\t<div class=\"w-post-elm post_image usg_post_image_1 stretched\"><img loading=\"lazy\" decoding=\"async\" width=\"1024\" height=\"681\" src=\"https:\/\/www.hoteldoge.net\/wp-content\/uploads\/2020\/01\/pallavolo-giovani-1024x681.jpg\" class=\"attachment-large size-large\" alt=\"\" srcset=\"https:\/\/www.hoteldoge.net\/wp-content\/uploads\/2020\/01\/pallavolo-giovani-1024x681.jpg 1024w, https:\/\/www.hoteldoge.net\/wp-content\/uploads\/2020\/01\/pallavolo-giovani-300x199.jpg 300w, https:\/\/www.hoteldoge.net\/wp-content\/uploads\/2020\/01\/pallavolo-giovani.jpg 1053w\" sizes=\"auto, (max-width: 1024px) 100vw, 1024px\" \/><\/div><div class=\"w-vwrapper usg_vwrapper_1 align_none valign_top\"><h2 class=\"w-post-elm post_title usg_post_title_1 has_text_color entry-title color_link_inherit\">pallavolo-giovani<\/h2><\/div>\t\t<\/div>\n\t\t\t<\/article>\n\t<article class=\"w-grid-item size_1x1 post-1429 attachment type-attachment status-inherit hentry\" data-id=\"1429\">\n\t\t<div class=\"w-grid-item-h\">\n\t\t\t\t\t\t\t<a ref=\"magnificPopupGrid\" href=\"https:\/\/www.hoteldoge.net\/wp-content\/uploads\/2020\/01\/beach-volley-rimini.jpg\" class=\"w-grid-item-anchor\" aria-label=\"beach-volley-rimini\"><\/a>\n\t\t\t\t\t\t<div class=\"w-post-elm post_image usg_post_image_1 stretched\"><img loading=\"lazy\" decoding=\"async\" width=\"1024\" height=\"676\" src=\"https:\/\/www.hoteldoge.net\/wp-content\/uploads\/2020\/01\/beach-volley-rimini-1024x676.jpg\" class=\"attachment-large size-large\" alt=\"\" srcset=\"https:\/\/www.hoteldoge.net\/wp-content\/uploads\/2020\/01\/beach-volley-rimini-1024x676.jpg 1024w, https:\/\/www.hoteldoge.net\/wp-content\/uploads\/2020\/01\/beach-volley-rimini-300x198.jpg 300w, https:\/\/www.hoteldoge.net\/wp-content\/uploads\/2020\/01\/beach-volley-rimini.jpg 1060w\" sizes=\"auto, (max-width: 1024px) 100vw, 1024px\" \/><\/div><div class=\"w-vwrapper usg_vwrapper_1 align_none valign_top\"><h2 class=\"w-post-elm post_title usg_post_title_1 has_text_color entry-title color_link_inherit\">beach-volley-rimini<\/h2><\/div>\t\t<\/div>\n\t\t\t<\/article>\n<\/div><div class=\"w-grid-preloader\">\t<div class=\"g-preloader type_1\">\n\t\t<div><\/div>\n\t<\/div>\n\t<\/div>\t<div class=\"w-grid-json hidden\" onclick='return {&quot;action&quot;:&quot;us_ajax_grid&quot;,&quot;infinite_scroll&quot;:0,&quot;max_num_pages&quot;:1,&quot;pagination&quot;:&quot;none&quot;,&quot;template_vars&quot;:{&quot;columns&quot;:&quot;4&quot;,&quot;exclude_items&quot;:&quot;none&quot;,&quot;img_size&quot;:&quot;default&quot;,&quot;ignore_items_size&quot;:0,&quot;items_layout&quot;:&quot;portfolio_18&quot;,&quot;items_offset&quot;:&quot;1&quot;,&quot;load_animation&quot;:&quot;none&quot;,&quot;overriding_link&quot;:&quot;%7B%22type%22%3A%22popup_image%22%7D&quot;,&quot;post_id&quot;:0,&quot;query_args&quot;:{&quot;post_type&quot;:[&quot;attachment&quot;],&quot;post__in&quot;:[&quot;1428&quot;,&quot;1443&quot;,&quot;1438&quot;,&quot;1448&quot;],&quot;post_status&quot;:&quot;inherit&quot;,&quot;post_mime_type&quot;:&quot;image&quot;,&quot;posts_per_page&quot;:&quot;10&quot;},&quot;orderby_query_args&quot;:{&quot;orderby&quot;:{&quot;date&quot;:&quot;DESC&quot;}},&quot;type&quot;:&quot;masonry&quot;,&quot;us_grid_post_type&quot;:&quot;attachment&quot;,&quot;us_grid_ajax_index&quot;:1,&quot;us_grid_filter_query_string&quot;:null,&quot;us_grid_index&quot;:1,&quot;page_args&quot;:[],&quot;lang&quot;:&quot;fr&quot;}}'><\/div>\n\t<\/div><\/div><\/div><\/div><\/div><\/div><\/div><\/div><\/div><\/div><\/section>\n","protected":false},"excerpt":{"rendered":"","protected":false},"author":1,"featured_media":0,"parent":0,"menu_order":0,"comment_status":"closed","ping_status":"closed","template":"","meta":{"footnotes":""},"class_list":["post-1425","page","type-page","status-publish","hentry"],"yoast_head":"<!-- This site is optimized with the Yoast SEO plugin v26.5 - https:\/\/yoast.com\/wordpress\/plugins\/seo\/ -->\n<title>Cosa visitare a Torre Pedrera, gli eventi da non perdere<\/title>\n<meta name=\"description\" content=\"Cosa visitare a Torre Pedrera, gli eventi da non perdere durante il periodo estivo.\" \/>\n<meta name=\"robots\" content=\"index, follow, max-snippet:-1, max-image-preview:large, max-video-preview:-1\" \/>\n<link rel=\"canonical\" href=\"https:\/\/www.hoteldoge.net\/it\/torre-pedrera-cosa-visitare\/\" \/>\n<meta property=\"og:locale\" content=\"fr_FR\" \/>\n<meta property=\"og:type\" content=\"article\" \/>\n<meta property=\"og:title\" content=\"Cosa visitare a Torre Pedrera, gli eventi da non perdere\" \/>\n<meta property=\"og:description\" content=\"Cosa visitare a Torre Pedrera, gli eventi da non perdere durante il periodo estivo.\" \/>\n<meta property=\"og:url\" content=\"https:\/\/www.hoteldoge.net\/it\/torre-pedrera-cosa-visitare\/\" \/>\n<meta property=\"og:site_name\" content=\"Hotel Doge Torre Pedrera\" \/>\n<meta property=\"article:modified_time\" content=\"2025-10-16T14:36:35+00:00\" \/>\n<meta name=\"twitter:card\" content=\"summary_large_image\" \/>\n<meta name=\"twitter:label1\" content=\"Dur\u00e9e de lecture estim\u00e9e\" \/>\n\t<meta name=\"twitter:data1\" content=\"2 minutes\" \/>\n<script type=\"application\/ld+json\" class=\"yoast-schema-graph\">{\"@context\":\"https:\/\/schema.org\",\"@graph\":[{\"@type\":\"WebPage\",\"@id\":\"https:\/\/www.hoteldoge.net\/it\/torre-pedrera-cosa-visitare\/\",\"url\":\"https:\/\/www.hoteldoge.net\/it\/torre-pedrera-cosa-visitare\/\",\"name\":\"Cosa visitare a Torre Pedrera, gli eventi da non perdere\",\"isPartOf\":{\"@id\":\"https:\/\/www.hoteldoge.net\/de\/#website\"},\"datePublished\":\"2020-01-28T17:23:54+00:00\",\"dateModified\":\"2025-10-16T14:36:35+00:00\",\"description\":\"Cosa visitare a Torre Pedrera, gli eventi da non perdere durante il periodo estivo.\",\"breadcrumb\":{\"@id\":\"https:\/\/www.hoteldoge.net\/it\/torre-pedrera-cosa-visitare\/#breadcrumb\"},\"inLanguage\":\"fr-FR\",\"potentialAction\":[{\"@type\":\"ReadAction\",\"target\":[\"https:\/\/www.hoteldoge.net\/it\/torre-pedrera-cosa-visitare\/\"]}]},{\"@type\":\"BreadcrumbList\",\"@id\":\"https:\/\/www.hoteldoge.net\/it\/torre-pedrera-cosa-visitare\/#breadcrumb\",\"itemListElement\":[{\"@type\":\"ListItem\",\"position\":1,\"name\":\"Home\",\"item\":\"https:\/\/www.hoteldoge.net\/it\/\"},{\"@type\":\"ListItem\",\"position\":2,\"name\":\"Cosa visitare a Torre Pedrera, gli eventi da non perdere\"}]},{\"@type\":\"WebSite\",\"@id\":\"https:\/\/www.hoteldoge.net\/de\/#website\",\"url\":\"https:\/\/www.hoteldoge.net\/de\/\",\"name\":\"Hotel Doge Torre Pedrera\",\"description\":\"Hotel 3 stelle Torre Pedrera All inclusive con Piscina e Spiaggia\",\"potentialAction\":[{\"@type\":\"SearchAction\",\"target\":{\"@type\":\"EntryPoint\",\"urlTemplate\":\"https:\/\/www.hoteldoge.net\/de\/?s={search_term_string}\"},\"query-input\":{\"@type\":\"PropertyValueSpecification\",\"valueRequired\":true,\"valueName\":\"search_term_string\"}}],\"inLanguage\":\"fr-FR\"}]}<\/script>\n<!-- \/ Yoast SEO plugin. -->","yoast_head_json":{"title":"Cosa visitare a Torre Pedrera, gli eventi da non perdere","description":"Cosa visitare a Torre Pedrera, gli eventi da non perdere durante il periodo estivo.","robots":{"index":"index","follow":"follow","max-snippet":"max-snippet:-1","max-image-preview":"max-image-preview:large","max-video-preview":"max-video-preview:-1"},"canonical":"https:\/\/www.hoteldoge.net\/it\/torre-pedrera-cosa-visitare\/","og_locale":"fr_FR","og_type":"article","og_title":"Cosa visitare a Torre Pedrera, gli eventi da non perdere","og_description":"Cosa visitare a Torre Pedrera, gli eventi da non perdere durante il periodo estivo.","og_url":"https:\/\/www.hoteldoge.net\/it\/torre-pedrera-cosa-visitare\/","og_site_name":"Hotel Doge Torre Pedrera","article_modified_time":"2025-10-16T14:36:35+00:00","twitter_card":"summary_large_image","twitter_misc":{"Dur\u00e9e de lecture estim\u00e9e":"2 minutes"},"schema":{"@context":"https:\/\/schema.org","@graph":[{"@type":"WebPage","@id":"https:\/\/www.hoteldoge.net\/it\/torre-pedrera-cosa-visitare\/","url":"https:\/\/www.hoteldoge.net\/it\/torre-pedrera-cosa-visitare\/","name":"Cosa visitare a Torre Pedrera, gli eventi da non perdere","isPartOf":{"@id":"https:\/\/www.hoteldoge.net\/de\/#website"},"datePublished":"2020-01-28T17:23:54+00:00","dateModified":"2025-10-16T14:36:35+00:00","description":"Cosa visitare a Torre Pedrera, gli eventi da non perdere durante il periodo estivo.","breadcrumb":{"@id":"https:\/\/www.hoteldoge.net\/it\/torre-pedrera-cosa-visitare\/#breadcrumb"},"inLanguage":"fr-FR","potentialAction":[{"@type":"ReadAction","target":["https:\/\/www.hoteldoge.net\/it\/torre-pedrera-cosa-visitare\/"]}]},{"@type":"BreadcrumbList","@id":"https:\/\/www.hoteldoge.net\/it\/torre-pedrera-cosa-visitare\/#breadcrumb","itemListElement":[{"@type":"ListItem","position":1,"name":"Home","item":"https:\/\/www.hoteldoge.net\/it\/"},{"@type":"ListItem","position":2,"name":"Cosa visitare a Torre Pedrera, gli eventi da non perdere"}]},{"@type":"WebSite","@id":"https:\/\/www.hoteldoge.net\/de\/#website","url":"https:\/\/www.hoteldoge.net\/de\/","name":"Hotel Doge Torre Pedrera","description":"Hotel 3 stelle Torre Pedrera All inclusive con Piscina e Spiaggia","potentialAction":[{"@type":"SearchAction","target":{"@type":"EntryPoint","urlTemplate":"https:\/\/www.hoteldoge.net\/de\/?s={search_term_string}"},"query-input":{"@type":"PropertyValueSpecification","valueRequired":true,"valueName":"search_term_string"}}],"inLanguage":"fr-FR"}]}},"_links":{"self":[{"href":"https:\/\/www.hoteldoge.net\/fr\/wp-json\/wp\/v2\/pages\/1425","targetHints":{"allow":["GET"]}}],"collection":[{"href":"https:\/\/www.hoteldoge.net\/fr\/wp-json\/wp\/v2\/pages"}],"about":[{"href":"https:\/\/www.hoteldoge.net\/fr\/wp-json\/wp\/v2\/types\/page"}],"author":[{"embeddable":true,"href":"https:\/\/www.hoteldoge.net\/fr\/wp-json\/wp\/v2\/users\/1"}],"replies":[{"embeddable":true,"href":"https:\/\/www.hoteldoge.net\/fr\/wp-json\/wp\/v2\/comments?post=1425"}],"version-history":[{"count":16,"href":"https:\/\/www.hoteldoge.net\/fr\/wp-json\/wp\/v2\/pages\/1425\/revisions"}],"predecessor-version":[{"id":5169,"href":"https:\/\/www.hoteldoge.net\/fr\/wp-json\/wp\/v2\/pages\/1425\/revisions\/5169"}],"wp:attachment":[{"href":"https:\/\/www.hoteldoge.net\/fr\/wp-json\/wp\/v2\/media?parent=1425"}],"curies":[{"name":"wp","href":"https:\/\/api.w.org\/{rel}","templated":true}]}}