{"id":4558,"date":"2025-02-12T17:53:18","date_gmt":"2025-02-12T16:53:18","guid":{"rendered":"https:\/\/www.hoteldoge.net\/offerta-soul-hands-festival-rimini-hotel-doge-accanto-spiaggia-bela-burdela\/"},"modified":"2025-02-13T12:07:21","modified_gmt":"2025-02-13T11:07:21","slug":"angebot-soul-hands-festival-rimini","status":"publish","type":"page","link":"https:\/\/www.hoteldoge.net\/de\/angebot-soul-hands-festival-rimini\/","title":{"rendered":"Angebot Soul Hands Festival Rimini, Hotel Doge neben Strand Bela Burdela"},"content":{"rendered":"<section class=\"l-section wpb_row height_medium\"><div class=\"l-section-h i-cf\"><div class=\"g-cols vc_row via_flex valign_top type_default stacking_default\"><div class=\"vc_col-sm-6 wpb_column vc_column_container\"><div class=\"vc_column-inner\"><div class=\"wpb_wrapper\"><div class=\"w-slider style_none fit_cover nav_dots count_7\"><div class=\"w-slider-h\"><div class=\"royalSlider\"><div class=\"rsContent\"><a class=\"rsImg\" data-rsw=\"1000\" data-rsh=\"667\" href=\"https:\/\/www.hoteldoge.net\/wp-content\/uploads\/2025\/02\/Soul-hands-festival-38.webp\"><span data-alt=\"\"><\/span><\/a><\/div><div class=\"rsContent\"><a class=\"rsImg\" data-rsw=\"1024\" data-rsh=\"638\" href=\"https:\/\/www.hoteldoge.net\/wp-content\/uploads\/2021\/07\/camera-doge-vista-mare_DSC6992-1024x638.jpg\"><span data-alt=\"\"><\/span><\/a><\/div><div class=\"rsContent\"><a class=\"rsImg\" data-rsw=\"1000\" data-rsh=\"667\" href=\"https:\/\/www.hoteldoge.net\/wp-content\/uploads\/2025\/02\/Soul-hands-festival-78.webp\"><span data-alt=\"\"><\/span><\/a><\/div><div class=\"rsContent\"><a class=\"rsImg\" data-rsw=\"1024\" data-rsh=\"683\" href=\"https:\/\/www.hoteldoge.net\/wp-content\/uploads\/2024\/07\/esterno-doge-06680-1024x683.jpg\"><span data-alt=\"\"><\/span><\/a><\/div><div class=\"rsContent\"><a class=\"rsImg\" data-rsw=\"1000\" data-rsh=\"667\" href=\"https:\/\/www.hoteldoge.net\/wp-content\/uploads\/2025\/02\/Soul-hands-festival-69.webp\"><span data-alt=\"\"><\/span><\/a><\/div><div class=\"rsContent\"><a class=\"rsImg\" data-rsw=\"1024\" data-rsh=\"683\" href=\"https:\/\/www.hoteldoge.net\/wp-content\/uploads\/2024\/07\/camera-doge-6602-1024x683.jpg\"><span data-alt=\"\"><\/span><\/a><\/div><div class=\"rsContent\"><a class=\"rsImg\" data-rsw=\"1000\" data-rsh=\"667\" href=\"https:\/\/www.hoteldoge.net\/wp-content\/uploads\/2025\/02\/Soul-hands-festival-81.webp\"><span data-alt=\"\"><\/span><\/a><\/div><\/div><img decoding=\"async\" src=\"https:\/\/www.hoteldoge.net\/wp-content\/uploads\/2025\/02\/Soul-hands-festival-38.webp\" width=\"1000\" height=\"667\" alt loading=\"lazy\"><\/div><div class=\"w-slider-json\" onclick='return {&quot;autoScaleSlider&quot;:true,&quot;addActiveClass&quot;:true,&quot;loop&quot;:true,&quot;fadeInLoadedSlide&quot;:false,&quot;slidesSpacing&quot;:0,&quot;imageScalePadding&quot;:0,&quot;numImagesToPreload&quot;:2,&quot;arrowsNav&quot;:true,&quot;arrowsNavAutoHide&quot;:false,&quot;transitionType&quot;:&quot;move&quot;,&quot;transitionSpeed&quot;:250,&quot;block&quot;:{&quot;moveEffect&quot;:&quot;none&quot;,&quot;speed&quot;:300},&quot;thumbs&quot;:{&quot;fitInViewport&quot;:false,&quot;firstMargin&quot;:false,&quot;spacing&quot;:4},&quot;controlNavigation&quot;:&quot;bullets&quot;,&quot;autoScaleSliderWidth&quot;:1000,&quot;autoScaleSliderHeight&quot;:667}'><\/div><\/div><div class=\"w-separator size_small\"><\/div><\/div><\/div><\/div><div class=\"vc_col-sm-6 wpb_column vc_column_container\"><div class=\"vc_column-inner\"><div class=\"wpb_wrapper\"><div class=\"wpb_text_column\"><div class=\"wpb_wrapper\"><h2 style=\"text-align: center;\">\ud83d\udef9 Angebot Soul Hands Festival Rimini \ud83d\udcc5<\/h2>\n<\/div><\/div><div class=\"w-separator size_small\"><\/div><div class=\"wpb_text_column\"><div class=\"wpb_wrapper\"><ul style=\"list-style: none; padding: 0; font-size: 16px;\">\n<li style=\"margin-bottom: 10px;\">\ud83d\uddd3\ufe0f <strong>Angebot g\u00fcltig:<\/strong> ab <span style=\"color: #007bff;\">22. bis 26. Mai 2025<\/span><\/li>\n<li style=\"margin-bottom: 10px;\">\ud83c\udf19 <strong>Behandlung:<\/strong> \u00dcbernachtung mit Fr\u00fchst\u00fcck<\/li>\n<li style=\"margin-bottom: 10px;\">\ud83d\udecf\ufe0f <strong>Unterkunft:<\/strong> Doppelzimmer<\/li>\n<li style=\"margin-bottom: 10px;\">\u2615 <strong>1 Tag:<\/strong> <span style=\"color: #ee6532; font-size: 1.5em; font-weight: bold;\">40,00 \u20ac<\/span> pro Person und Tag (80,00 \u20ac pro Zimmer)<\/li>\n<li style=\"margin-bottom: 10px;\">\u2615 <strong>3 Tage:<\/strong> <span style=\"color: #ee6532; font-size: 1.5em; font-weight: bold;\">35,00 \u20ac<\/span> pro Person und Tag (210,00 \u20ac pro Zimmer f\u00fcr den gesamten Zeitraum)<\/li>\n<\/ul>\n<\/div><\/div><div class=\"w-btn-wrapper align_center\"><a class=\"w-btn us-btn-style_2\" href=\"https:\/\/www.hoteldoge.net\/de\/anfrage\/\"><span class=\"w-btn-label\">\ud83d\udc49 Jetzt Soul Hands Angebot buchen \ud83c\udf0a<\/span><\/a><\/div><\/div><\/div><\/div><\/div><\/div><\/section><section class=\"l-section wpb_row us_custom_a33c4197 height_medium\"><div class=\"l-section-h i-cf\"><div class=\"g-cols vc_row via_flex valign_top type_default stacking_default\"><div class=\"vc_col-sm-6 wpb_column vc_column_container\"><div class=\"vc_column-inner\"><div class=\"wpb_wrapper\"><div class=\"wpb_text_column\"><div class=\"wpb_wrapper\"><h2 style=\"text-align: center; color: red;\">\ud83c\udf3c Entspannung und Wohlbefinden: Ihr Urlaub an der Riviera Romagnola! \ud83c\udf0a<\/h2>\n<\/div><\/div><div class=\"w-separator size_small\"><\/div><div class=\"wpb_text_column\"><div class=\"wpb_wrapper\"><p><strong>Hotel Doge<\/strong>, 3-Sterne direkt an der FUSSG\u00c4NGERPROMENADE von Torre Pedrera in Rimini:<\/p>\n<ul>\n<li><span style=\"color: #0094f0;\">\ud83c\udf0a<\/span> Zimmer mit <strong>Balkon mit Meerblick<\/strong><\/li>\n<li><span style=\"color: #0094f0;\">\ud83d\udcfa<\/span> Fernseher im Zimmer, Safe, Klimaanlage, WLAN<\/li>\n<li><span style=\"color: #0094f0;\">\ud83c\udfca\u200d\u2642\ufe0f<\/span> Parkplatz und <strong>SCHWIMMBAD<\/strong><\/li>\n<li><span style=\"color: #0094f0;\">\ud83d\udcf6<\/span> WLAN Free in allen Bereichen des Hotels<\/li>\n<li><span style=\"color: #0094f0;\">\ud83d\udc68\u200d\ud83d\udc69\u200d\ud83d\udc67\u200d\ud83d\udc66<\/span> <strong>Family Hotel<\/strong> mit GRATIS- oder SUPER-VERG\u00dcNSTIGTEM KIND<\/li>\n<\/ul>\n<\/div><\/div><div class=\"w-separator size_small\"><\/div><div class=\"w-btn-wrapper align_center\"><a class=\"w-btn us-btn-style_2\" href=\"https:\/\/www.hoteldoge.net\/de\/anfrage\/\"><span class=\"w-btn-label\">\ud83d\udc49 Sofort das Angebot annehmen \ud83c\udf0a<\/span><\/a><\/div><\/div><\/div><\/div><div class=\"vc_col-sm-6 wpb_column vc_column_container\"><div class=\"vc_column-inner\"><div class=\"wpb_wrapper\"><div class=\"w-slider style_none fit_cover nav_dots count_5\"><div class=\"w-slider-h\"><div class=\"royalSlider\"><div class=\"rsContent\"><a class=\"rsImg\" data-rsw=\"1024\" data-rsh=\"683\" href=\"https:\/\/www.hoteldoge.net\/wp-content\/uploads\/2024\/07\/esterno-doge-06684-1024x683.jpg\"><span data-alt=\"\"><\/span><\/a><\/div><div class=\"rsContent\"><a class=\"rsImg\" data-rsw=\"1024\" data-rsh=\"682\" href=\"https:\/\/www.hoteldoge.net\/wp-content\/uploads\/2024\/07\/tavolo-vista-panoramica-grande-6748-1024x682.jpg\"><span data-alt=\"\"><\/span><\/a><\/div><div class=\"rsContent\"><a class=\"rsImg\" data-rsw=\"1024\" data-rsh=\"683\" href=\"https:\/\/www.hoteldoge.net\/wp-content\/uploads\/2024\/07\/camera-doge-6620-1024x683.jpg\"><span data-alt=\"\"><\/span><\/a><\/div><div class=\"rsContent\"><a class=\"rsImg\" data-rsw=\"1024\" data-rsh=\"683\" href=\"https:\/\/www.hoteldoge.net\/wp-content\/uploads\/2024\/07\/risto-mare-6733-1024x683.jpg\"><span data-alt=\"\"><\/span><\/a><\/div><div class=\"rsContent\"><a class=\"rsImg\" data-rsw=\"1024\" data-rsh=\"638\" href=\"https:\/\/www.hoteldoge.net\/wp-content\/uploads\/2021\/07\/camera-doge-vista-mare_DSC6992-1024x638.jpg\"><span data-alt=\"\"><\/span><\/a><\/div><\/div><img decoding=\"async\" src=\"https:\/\/www.hoteldoge.net\/wp-content\/uploads\/2024\/07\/esterno-doge-06684-1024x683.jpg\" width=\"1024\" height=\"683\" alt loading=\"lazy\"><\/div><div class=\"w-slider-json\" onclick='return {&quot;autoScaleSlider&quot;:true,&quot;addActiveClass&quot;:true,&quot;loop&quot;:true,&quot;fadeInLoadedSlide&quot;:false,&quot;slidesSpacing&quot;:0,&quot;imageScalePadding&quot;:0,&quot;numImagesToPreload&quot;:2,&quot;arrowsNav&quot;:true,&quot;arrowsNavAutoHide&quot;:false,&quot;transitionType&quot;:&quot;move&quot;,&quot;transitionSpeed&quot;:250,&quot;block&quot;:{&quot;moveEffect&quot;:&quot;none&quot;,&quot;speed&quot;:300},&quot;thumbs&quot;:{&quot;fitInViewport&quot;:false,&quot;firstMargin&quot;:false,&quot;spacing&quot;:4},&quot;controlNavigation&quot;:&quot;bullets&quot;,&quot;autoScaleSliderWidth&quot;:1024,&quot;autoScaleSliderHeight&quot;:683}'><\/div><\/div><div class=\"w-separator size_medium with_line width_50 thick_1 style_solid color_border align_center\"><div class=\"w-separator-h\"><\/div><\/div><div class=\"wpb_text_column\"><div class=\"wpb_wrapper\"><p><strong>\u00dcbernachtung mit Fr\u00fchst\u00fcck<\/strong> beinhaltet folgende Leistungen:<\/p>\n<ul>\n<li>reichhaltiges <strong>\ud83e\udd50 FR\u00dcHST\u00dcCK<\/strong> international bis 10.00 Uhr<\/li>\n<\/ul>\n<\/div><\/div><\/div><\/div><\/div><\/div><\/div><\/section><section class=\"l-section wpb_row height_small width_full\"><div class=\"l-section-h i-cf\"><div class=\"g-cols vc_row via_flex valign_top type_default stacking_default\"><div class=\"vc_col-sm-12 wpb_column vc_column_container\"><div class=\"vc_column-inner\"><div class=\"wpb_wrapper\"><div class=\"w-gallery fit_cover type_mosaic_hor ratio_1x1 count_12\" style=\"--columns:4;--items-gap:10px;--items-height:20cqw;\"><div class=\"w-gallery-list\"><div class=\"w-gallery-item\"><div class=\"w-gallery-item-img\"><img loading=\"lazy\" decoding=\"async\" width=\"1000\" height=\"667\" src=\"https:\/\/www.hoteldoge.net\/wp-content\/uploads\/2025\/02\/Soul-hands-festival-81.webp\" class=\"attachment-large size-large\" alt=\"\" srcset=\"https:\/\/www.hoteldoge.net\/wp-content\/uploads\/2025\/02\/Soul-hands-festival-81.webp 1000w, https:\/\/www.hoteldoge.net\/wp-content\/uploads\/2025\/02\/Soul-hands-festival-81-300x200.webp 300w\" sizes=\"auto, (max-width: 1000px) 100vw, 1000px\" \/><\/div><\/div><div class=\"w-gallery-item\"><div class=\"w-gallery-item-img\"><img loading=\"lazy\" decoding=\"async\" width=\"1000\" height=\"667\" src=\"https:\/\/www.hoteldoge.net\/wp-content\/uploads\/2025\/02\/Soul-hands-festival-79.webp\" class=\"attachment-large size-large\" alt=\"\" srcset=\"https:\/\/www.hoteldoge.net\/wp-content\/uploads\/2025\/02\/Soul-hands-festival-79.webp 1000w, https:\/\/www.hoteldoge.net\/wp-content\/uploads\/2025\/02\/Soul-hands-festival-79-300x200.webp 300w\" sizes=\"auto, (max-width: 1000px) 100vw, 1000px\" \/><\/div><\/div><div class=\"w-gallery-item\"><div class=\"w-gallery-item-img\"><img loading=\"lazy\" decoding=\"async\" width=\"1000\" height=\"667\" src=\"https:\/\/www.hoteldoge.net\/wp-content\/uploads\/2025\/02\/Soul-hands-festival-78.webp\" class=\"attachment-large size-large\" alt=\"\" srcset=\"https:\/\/www.hoteldoge.net\/wp-content\/uploads\/2025\/02\/Soul-hands-festival-78.webp 1000w, https:\/\/www.hoteldoge.net\/wp-content\/uploads\/2025\/02\/Soul-hands-festival-78-300x200.webp 300w\" sizes=\"auto, (max-width: 1000px) 100vw, 1000px\" \/><\/div><\/div><div class=\"w-gallery-item\"><div class=\"w-gallery-item-img\"><img loading=\"lazy\" decoding=\"async\" width=\"1000\" height=\"667\" src=\"https:\/\/www.hoteldoge.net\/wp-content\/uploads\/2025\/02\/Soul-hands-festival-77.webp\" class=\"attachment-large size-large\" alt=\"\" srcset=\"https:\/\/www.hoteldoge.net\/wp-content\/uploads\/2025\/02\/Soul-hands-festival-77.webp 1000w, https:\/\/www.hoteldoge.net\/wp-content\/uploads\/2025\/02\/Soul-hands-festival-77-300x200.webp 300w\" sizes=\"auto, (max-width: 1000px) 100vw, 1000px\" \/><\/div><\/div><div class=\"w-gallery-item\"><div class=\"w-gallery-item-img\"><img loading=\"lazy\" decoding=\"async\" width=\"1000\" height=\"667\" src=\"https:\/\/www.hoteldoge.net\/wp-content\/uploads\/2025\/02\/Soul-hands-festival-76.webp\" class=\"attachment-large size-large\" alt=\"\" srcset=\"https:\/\/www.hoteldoge.net\/wp-content\/uploads\/2025\/02\/Soul-hands-festival-76.webp 1000w, https:\/\/www.hoteldoge.net\/wp-content\/uploads\/2025\/02\/Soul-hands-festival-76-300x200.webp 300w\" sizes=\"auto, (max-width: 1000px) 100vw, 1000px\" \/><\/div><\/div><div class=\"w-gallery-item\"><div class=\"w-gallery-item-img\"><img loading=\"lazy\" decoding=\"async\" width=\"1000\" height=\"667\" src=\"https:\/\/www.hoteldoge.net\/wp-content\/uploads\/2025\/02\/Soul-hands-festival-73.webp\" class=\"attachment-large size-large\" alt=\"\" srcset=\"https:\/\/www.hoteldoge.net\/wp-content\/uploads\/2025\/02\/Soul-hands-festival-73.webp 1000w, https:\/\/www.hoteldoge.net\/wp-content\/uploads\/2025\/02\/Soul-hands-festival-73-300x200.webp 300w\" sizes=\"auto, (max-width: 1000px) 100vw, 1000px\" \/><\/div><\/div><div class=\"w-gallery-item\"><div class=\"w-gallery-item-img\"><img loading=\"lazy\" decoding=\"async\" width=\"667\" height=\"1000\" src=\"https:\/\/www.hoteldoge.net\/wp-content\/uploads\/2025\/02\/Soul-hands-festival-72.webp\" class=\"attachment-large size-large\" alt=\"\" srcset=\"https:\/\/www.hoteldoge.net\/wp-content\/uploads\/2025\/02\/Soul-hands-festival-72.webp 667w, https:\/\/www.hoteldoge.net\/wp-content\/uploads\/2025\/02\/Soul-hands-festival-72-200x300.webp 200w\" sizes=\"auto, (max-width: 667px) 100vw, 667px\" \/><\/div><\/div><div class=\"w-gallery-item\"><div class=\"w-gallery-item-img\"><img loading=\"lazy\" decoding=\"async\" width=\"1000\" height=\"667\" src=\"https:\/\/www.hoteldoge.net\/wp-content\/uploads\/2025\/02\/Soul-hands-festival-69.webp\" class=\"attachment-large size-large\" alt=\"\" srcset=\"https:\/\/www.hoteldoge.net\/wp-content\/uploads\/2025\/02\/Soul-hands-festival-69.webp 1000w, https:\/\/www.hoteldoge.net\/wp-content\/uploads\/2025\/02\/Soul-hands-festival-69-300x200.webp 300w\" sizes=\"auto, (max-width: 1000px) 100vw, 1000px\" \/><\/div><\/div><div class=\"w-gallery-item\"><div class=\"w-gallery-item-img\"><img loading=\"lazy\" decoding=\"async\" width=\"1000\" height=\"667\" src=\"https:\/\/www.hoteldoge.net\/wp-content\/uploads\/2025\/02\/Soul-hands-festival-39.webp\" class=\"attachment-large size-large\" alt=\"\" srcset=\"https:\/\/www.hoteldoge.net\/wp-content\/uploads\/2025\/02\/Soul-hands-festival-39.webp 1000w, https:\/\/www.hoteldoge.net\/wp-content\/uploads\/2025\/02\/Soul-hands-festival-39-300x200.webp 300w\" sizes=\"auto, (max-width: 1000px) 100vw, 1000px\" \/><\/div><\/div><div class=\"w-gallery-item\"><div class=\"w-gallery-item-img\"><img loading=\"lazy\" decoding=\"async\" width=\"1000\" height=\"667\" src=\"https:\/\/www.hoteldoge.net\/wp-content\/uploads\/2025\/02\/Soul-hands-festival-38.webp\" class=\"attachment-large size-large\" alt=\"\" srcset=\"https:\/\/www.hoteldoge.net\/wp-content\/uploads\/2025\/02\/Soul-hands-festival-38.webp 1000w, https:\/\/www.hoteldoge.net\/wp-content\/uploads\/2025\/02\/Soul-hands-festival-38-300x200.webp 300w\" sizes=\"auto, (max-width: 1000px) 100vw, 1000px\" \/><\/div><\/div><div class=\"w-gallery-item\"><div class=\"w-gallery-item-img\"><img loading=\"lazy\" decoding=\"async\" width=\"1000\" height=\"667\" src=\"https:\/\/www.hoteldoge.net\/wp-content\/uploads\/2025\/02\/Soul-hands-festival-34.webp\" class=\"attachment-large size-large\" alt=\"\" srcset=\"https:\/\/www.hoteldoge.net\/wp-content\/uploads\/2025\/02\/Soul-hands-festival-34.webp 1000w, https:\/\/www.hoteldoge.net\/wp-content\/uploads\/2025\/02\/Soul-hands-festival-34-300x200.webp 300w\" sizes=\"auto, (max-width: 1000px) 100vw, 1000px\" \/><\/div><\/div><div class=\"w-gallery-item\"><div class=\"w-gallery-item-img\"><img loading=\"lazy\" decoding=\"async\" width=\"1000\" height=\"667\" src=\"https:\/\/www.hoteldoge.net\/wp-content\/uploads\/2025\/02\/Soul-hands-festival-22.webp\" class=\"attachment-large size-large\" alt=\"\" srcset=\"https:\/\/www.hoteldoge.net\/wp-content\/uploads\/2025\/02\/Soul-hands-festival-22.webp 1000w, https:\/\/www.hoteldoge.net\/wp-content\/uploads\/2025\/02\/Soul-hands-festival-22-300x200.webp 300w\" sizes=\"auto, (max-width: 1000px) 100vw, 1000px\" \/><\/div><\/div><\/div><\/div><\/div><\/div><\/div><\/div><\/div><\/section>\n","protected":false},"excerpt":{"rendered":"\ud83d\udef9 Angebot Soul Hands Festival Rimini \ud83d\udcc5 \ud83d\uddd3\ufe0f Angebot g\u00fcltig: ab 22. bis 26. Mai 2025 \ud83c\udf19 Behandlung: \u00dcbernachtung mit Fr\u00fchst\u00fcck \ud83d\udecf\ufe0f Unterkunft: Doppelzimmer \u2615 1 Tag: 40,00 \u20ac pro Person und Tag (80,00 \u20ac pro Zimmer) \u2615 3 Tage: 35,00 \u20ac pro Person und Tag (210,00 \u20ac pro Zimmer f\u00fcr den gesamten Zeitraum) \ud83d\udc49...","protected":false},"author":1,"featured_media":0,"parent":0,"menu_order":0,"comment_status":"closed","ping_status":"closed","template":"","meta":{"footnotes":""},"class_list":["post-4558","page","type-page","status-publish","hentry"],"yoast_head":"<!-- This site is optimized with the Yoast SEO plugin v26.5 - https:\/\/yoast.com\/wordpress\/plugins\/seo\/ -->\n<title>Angebot Soul Hands Festival Rimini<\/title>\n<meta name=\"description\" content=\"Nehmen Sie am Soul Hands Festival 2025 in Rimini teil! Sonderangebot vom 23. bis 25. Mai: \u00dcbernachtung im Doppelzimmer mit Fr\u00fchst\u00fcck ab 35 \u20ac pro Person. Hotel Doge 3* in der N\u00e4he des Strandes.\" \/>\n<meta name=\"robots\" content=\"index, follow, max-snippet:-1, max-image-preview:large, max-video-preview:-1\" \/>\n<link rel=\"canonical\" href=\"https:\/\/www.hoteldoge.net\/de\/angebot-soul-hands-festival-rimini\/\" \/>\n<meta property=\"og:locale\" content=\"de_DE\" \/>\n<meta property=\"og:type\" content=\"article\" \/>\n<meta property=\"og:title\" content=\"Angebot Soul Hands Festival Rimini\" \/>\n<meta property=\"og:description\" content=\"Nehmen Sie am Soul Hands Festival 2025 in Rimini teil! Sonderangebot vom 23. bis 25. Mai: \u00dcbernachtung im Doppelzimmer mit Fr\u00fchst\u00fcck ab 35 \u20ac pro Person. Hotel Doge 3* in der N\u00e4he des Strandes.\" \/>\n<meta property=\"og:url\" content=\"https:\/\/www.hoteldoge.net\/de\/angebot-soul-hands-festival-rimini\/\" \/>\n<meta property=\"og:site_name\" content=\"Hotel Doge Torre Pedrera\" \/>\n<meta property=\"article:modified_time\" content=\"2025-02-13T11:07:21+00:00\" \/>\n<meta name=\"twitter:card\" content=\"summary_large_image\" \/>\n<meta name=\"twitter:label1\" content=\"Gesch\u00e4tzte Lesezeit\" \/>\n\t<meta name=\"twitter:data1\" content=\"1\u00a0Minute\" \/>\n<script type=\"application\/ld+json\" class=\"yoast-schema-graph\">{\"@context\":\"https:\/\/schema.org\",\"@graph\":[{\"@type\":\"WebPage\",\"@id\":\"https:\/\/www.hoteldoge.net\/de\/angebot-soul-hands-festival-rimini\/\",\"url\":\"https:\/\/www.hoteldoge.net\/de\/angebot-soul-hands-festival-rimini\/\",\"name\":\"Angebot Soul Hands Festival Rimini\",\"isPartOf\":{\"@id\":\"https:\/\/www.hoteldoge.net\/de\/#website\"},\"datePublished\":\"2025-02-12T16:53:18+00:00\",\"dateModified\":\"2025-02-13T11:07:21+00:00\",\"description\":\"Nehmen Sie am Soul Hands Festival 2025 in Rimini teil! Sonderangebot vom 23. bis 25. Mai: \u00dcbernachtung im Doppelzimmer mit Fr\u00fchst\u00fcck ab 35 \u20ac pro Person. Hotel Doge 3* in der N\u00e4he des Strandes.\",\"breadcrumb\":{\"@id\":\"https:\/\/www.hoteldoge.net\/de\/angebot-soul-hands-festival-rimini\/#breadcrumb\"},\"inLanguage\":\"de\",\"potentialAction\":[{\"@type\":\"ReadAction\",\"target\":[\"https:\/\/www.hoteldoge.net\/de\/angebot-soul-hands-festival-rimini\/\"]}]},{\"@type\":\"BreadcrumbList\",\"@id\":\"https:\/\/www.hoteldoge.net\/de\/angebot-soul-hands-festival-rimini\/#breadcrumb\",\"itemListElement\":[{\"@type\":\"ListItem\",\"position\":1,\"name\":\"Home\",\"item\":\"https:\/\/www.hoteldoge.net\/it\/\"},{\"@type\":\"ListItem\",\"position\":2,\"name\":\"Angebot Soul Hands Festival Rimini, Hotel Doge neben Strand Bela Burdela\"}]},{\"@type\":\"WebSite\",\"@id\":\"https:\/\/www.hoteldoge.net\/de\/#website\",\"url\":\"https:\/\/www.hoteldoge.net\/de\/\",\"name\":\"Hotel Doge Torre Pedrera\",\"description\":\"Hotel 3 stelle Torre Pedrera All inclusive con Piscina e Spiaggia\",\"potentialAction\":[{\"@type\":\"SearchAction\",\"target\":{\"@type\":\"EntryPoint\",\"urlTemplate\":\"https:\/\/www.hoteldoge.net\/de\/?s={search_term_string}\"},\"query-input\":{\"@type\":\"PropertyValueSpecification\",\"valueRequired\":true,\"valueName\":\"search_term_string\"}}],\"inLanguage\":\"de\"}]}<\/script>\n<!-- \/ Yoast SEO plugin. -->","yoast_head_json":{"title":"Angebot Soul Hands Festival Rimini","description":"Nehmen Sie am Soul Hands Festival 2025 in Rimini teil! Sonderangebot vom 23. bis 25. Mai: \u00dcbernachtung im Doppelzimmer mit Fr\u00fchst\u00fcck ab 35 \u20ac pro Person. Hotel Doge 3* in der N\u00e4he des Strandes.","robots":{"index":"index","follow":"follow","max-snippet":"max-snippet:-1","max-image-preview":"max-image-preview:large","max-video-preview":"max-video-preview:-1"},"canonical":"https:\/\/www.hoteldoge.net\/de\/angebot-soul-hands-festival-rimini\/","og_locale":"de_DE","og_type":"article","og_title":"Angebot Soul Hands Festival Rimini","og_description":"Nehmen Sie am Soul Hands Festival 2025 in Rimini teil! Sonderangebot vom 23. bis 25. Mai: \u00dcbernachtung im Doppelzimmer mit Fr\u00fchst\u00fcck ab 35 \u20ac pro Person. Hotel Doge 3* in der N\u00e4he des Strandes.","og_url":"https:\/\/www.hoteldoge.net\/de\/angebot-soul-hands-festival-rimini\/","og_site_name":"Hotel Doge Torre Pedrera","article_modified_time":"2025-02-13T11:07:21+00:00","twitter_card":"summary_large_image","twitter_misc":{"Gesch\u00e4tzte Lesezeit":"1\u00a0Minute"},"schema":{"@context":"https:\/\/schema.org","@graph":[{"@type":"WebPage","@id":"https:\/\/www.hoteldoge.net\/de\/angebot-soul-hands-festival-rimini\/","url":"https:\/\/www.hoteldoge.net\/de\/angebot-soul-hands-festival-rimini\/","name":"Angebot Soul Hands Festival Rimini","isPartOf":{"@id":"https:\/\/www.hoteldoge.net\/de\/#website"},"datePublished":"2025-02-12T16:53:18+00:00","dateModified":"2025-02-13T11:07:21+00:00","description":"Nehmen Sie am Soul Hands Festival 2025 in Rimini teil! Sonderangebot vom 23. bis 25. Mai: \u00dcbernachtung im Doppelzimmer mit Fr\u00fchst\u00fcck ab 35 \u20ac pro Person. Hotel Doge 3* in der N\u00e4he des Strandes.","breadcrumb":{"@id":"https:\/\/www.hoteldoge.net\/de\/angebot-soul-hands-festival-rimini\/#breadcrumb"},"inLanguage":"de","potentialAction":[{"@type":"ReadAction","target":["https:\/\/www.hoteldoge.net\/de\/angebot-soul-hands-festival-rimini\/"]}]},{"@type":"BreadcrumbList","@id":"https:\/\/www.hoteldoge.net\/de\/angebot-soul-hands-festival-rimini\/#breadcrumb","itemListElement":[{"@type":"ListItem","position":1,"name":"Home","item":"https:\/\/www.hoteldoge.net\/it\/"},{"@type":"ListItem","position":2,"name":"Angebot Soul Hands Festival Rimini, Hotel Doge neben Strand Bela Burdela"}]},{"@type":"WebSite","@id":"https:\/\/www.hoteldoge.net\/de\/#website","url":"https:\/\/www.hoteldoge.net\/de\/","name":"Hotel Doge Torre Pedrera","description":"Hotel 3 stelle Torre Pedrera All inclusive con Piscina e Spiaggia","potentialAction":[{"@type":"SearchAction","target":{"@type":"EntryPoint","urlTemplate":"https:\/\/www.hoteldoge.net\/de\/?s={search_term_string}"},"query-input":{"@type":"PropertyValueSpecification","valueRequired":true,"valueName":"search_term_string"}}],"inLanguage":"de"}]}},"_links":{"self":[{"href":"https:\/\/www.hoteldoge.net\/de\/wp-json\/wp\/v2\/pages\/4558","targetHints":{"allow":["GET"]}}],"collection":[{"href":"https:\/\/www.hoteldoge.net\/de\/wp-json\/wp\/v2\/pages"}],"about":[{"href":"https:\/\/www.hoteldoge.net\/de\/wp-json\/wp\/v2\/types\/page"}],"author":[{"embeddable":true,"href":"https:\/\/www.hoteldoge.net\/de\/wp-json\/wp\/v2\/users\/1"}],"replies":[{"embeddable":true,"href":"https:\/\/www.hoteldoge.net\/de\/wp-json\/wp\/v2\/comments?post=4558"}],"version-history":[{"count":3,"href":"https:\/\/www.hoteldoge.net\/de\/wp-json\/wp\/v2\/pages\/4558\/revisions"}],"predecessor-version":[{"id":4562,"href":"https:\/\/www.hoteldoge.net\/de\/wp-json\/wp\/v2\/pages\/4558\/revisions\/4562"}],"wp:attachment":[{"href":"https:\/\/www.hoteldoge.net\/de\/wp-json\/wp\/v2\/media?parent=4558"}],"curies":[{"name":"wp","href":"https:\/\/api.w.org\/{rel}","templated":true}]}}