{"id":1953,"date":"2020-02-16T18:18:12","date_gmt":"2020-02-16T17:18:12","guid":{"rendered":"https:\/\/www.hroyal.it\/?page_id=1953"},"modified":"2025-02-13T12:55:33","modified_gmt":"2025-02-13T11:55:33","slug":"anstrengung-der-klassischen-art","status":"publish","type":"page","link":"https:\/\/www.hoteldoge.net\/de\/anstrengung-der-klassischen-art\/","title":{"rendered":"ANSTRENGUNG DER KLASSISCHEN ART"},"content":{"rendered":"<section class=\"l-section wpb_row us_custom_33fe73d0 height_huge width_full\"><div class=\"l-section-h i-cf\"><div class=\"g-cols vc_row via_flex valign_top type_default stacking_default\"><div class=\"vc_col-sm-12 wpb_column vc_column_container\"><div class=\"vc_column-inner\"><div class=\"wpb_wrapper\">\n\t\t\t<!-- START gruppi REVOLUTION SLIDER 6.7.37 --><p class=\"rs-p-wp-fix\"><\/p>\n\t\t\t<rs-module-wrap id=\"rev_slider_10_1_wrapper\" data-source=\"gallery\" style=\"visibility:hidden;background:transparent;padding:0;margin:0px auto;margin-top:0;margin-bottom:0;\">\n\t\t\t\t<rs-module id=\"rev_slider_10_1\" style=\"\" data-version=\"6.7.37\">\n\t\t\t\t\t<rs-slides style=\"overflow: hidden; position: absolute;\">\n\t\t\t\t\t\t<rs-slide style=\"position: absolute;\" data-key=\"rs-15\" data-title=\"Slide\" data-anim=\"ms:1000;r:0;\" data-in=\"o:0;\" data-out=\"a:false;\">\n\t\t\t\t\t\t\t<img decoding=\"async\" src=\"\/\/www.hoteldoge.net\/wp-content\/plugins\/revslider\/sr6\/assets\/assets\/dummy.png\" alt=\"\" title=\"san-marino-bici\" width=\"1920\" height=\"920\" class=\"rev-slidebg tp-rs-img rs-lazyload\" data-lazyload=\"\/\/www.hoteldoge.net\/wp-content\/uploads\/2019\/12\/san-marino-bici-1.jpg\" data-bg=\"p:center bottom;\" data-no-retina>\n<!---->\t\t\t\t\t<\/rs-slide>\n\t\t\t\t\t<\/rs-slides>\n\t\t\t\t<\/rs-module>\n\t\t\t\t<script>\n\t\t\t\t\tsetREVStartSize({c: 'rev_slider_10_1',rl:[1240,1024,778,480],el:[900],gw:[1240],gh:[900],type:'hero',justify:'',layout:'fullwidth',mh:\"0\"});if (window.RS_MODULES!==undefined && window.RS_MODULES.modules!==undefined && window.RS_MODULES.modules[\"revslider101\"]!==undefined) {window.RS_MODULES.modules[\"revslider101\"].once = false;window.revapi10 = undefined;if (window.RS_MODULES.checkMinimal!==undefined) window.RS_MODULES.checkMinimal()}\n\t\t\t\t<\/script>\n\t\t\t<\/rs-module-wrap>\n\t\t\t<!-- END REVOLUTION SLIDER -->\n<\/div><\/div><\/div><\/div><\/div><\/section><section class=\"l-section wpb_row height_medium\"><div class=\"l-section-h i-cf\"><div class=\"g-cols vc_row via_flex valign_middle type_default stacking_default\"><div class=\"vc_col-sm-6 wpb_column vc_column_container\"><div class=\"vc_column-inner\"><div class=\"wpb_wrapper\">[vc_custom_heading text=&#8220;ANSTRENGUNG DER KLASSISCHEN ART F\u00dcR GRUPPEN \u2013 Ab 450,00 EUR pro Woche&#8220; font_container=&#8220;tag:h1|font_size:30|text_align:left&#8220; google_fonts=&#8220;font_family:Raleway%3A100%2C200%2C300%2Cregular%2C500%2C600%2C700%2C800%2C900|font_style:700%20bold%20regular%3A700%3Anormal&#8220; css=&#8220;%7B%22default%22%3A%7B%22font-size%22%3A%2230%22%7D%7D&#8220;]<div class=\"wpb_text_column\"><div class=\"wpb_wrapper\"><p>\ud83d\udeb4 Angebot f\u00fcr die gesamte Radsaison 2025<br \/>\nG\u00fcltig in den Monaten: April, Mai, Juni und September, f\u00fcr Gruppen ab mindestens 10 Personen.<\/p>\n<p>Im 7-Tage-Paket inbegriffen:<\/p>\n<ul style=\"list-style: none; padding: 0;\">\n<li>\ud83c\udf79 <strong>Willkommensdrink<\/strong><\/li>\n<li>\ud83e\udd50 <strong>Energetisches Fr\u00fchst\u00fccksbuffet<\/strong><\/li>\n<li>\ud83c\udf7d\ufe0f Erweiterte Halbpension<\/li>\n<li>\ud83e\udd64 Getr\u00e4nke zu den Mahlzeiten<\/li>\n<li>\ud83c\udf70 <strong>Nachmittags-Buffet nach R\u00fcckkehr von der Fahrradtour<\/strong><\/li>\n<li>\ud83d\udecf\ufe0f Unterbringung in komfortablen, klimatisierten Zimmern<\/li>\n<li>\ud83d\udeb4\u200d\u2642\ufe0f <strong>5 Fahrradtouren mit F\u00fchrer<\/strong>, Radkarten\/GPS-Tracks<\/li>\n<li>\ud83d\udd12 Video\u00fcberwachter Fahrradkeller + Werkstatt<\/li>\n<li>\ud83d\udd27 Werkstatt f\u00fcr Reparaturen und Reinigung<\/li>\n<li>\ud83d\ude90 Fahrrad-Abholservice<\/li>\n<li>\ud83d\udee0\ufe0f Kooperation mit Fahrradfachgesch\u00e4ft f\u00fcr Reparaturen und Zubeh\u00f6r<\/li>\n<li>\ud83d\udc55 W\u00e4sche-Service f\u00fcr Sportkleidung<\/li>\n<li>\ud83c\udf74 Radler-Buffet &amp; Produkte-Kit<\/li>\n<\/ul>\n<p>\ud83d\udcc5 Eine Woche Radler-Spezial ab nur <span style=\"color: #ee6532; font-size: 1.2em;\"><strong>450,00 \u20ac<\/strong><\/span> (alles inklusive)<\/p>\n<\/div><\/div><div class=\"w-separator size_small\"><\/div><div class=\"w-btn-wrapper align_center\"><a class=\"w-btn us-btn-style_1\" href=\"https:\/\/www.hoteldoge.net\/de\/anfrage\/\"><span class=\"w-btn-label\">\ud83d\udc49 Fordern Sie das Angebot Bike Fatica Classica an<\/span><\/a><\/div><\/div><\/div><\/div><div class=\"vc_col-sm-6 wpb_column vc_column_container\"><div class=\"vc_column-inner\"><div class=\"wpb_wrapper\"><div class=\"w-grid type_grid layout_portfolio_18 cols_2 ratio_1x1\" id=\"us_grid_1\" style=\"--columns:2;--gap:0.5rem;--item-ratio:1;\" data-filterable=\"true\"><style>@media (max-width:600px){#us_grid_1{--columns:1!important}}@media (min-width:1024px){#us_grid_1 .w-post-elm.post_title{font-size:0px!important}}.layout_portfolio_18 .w-grid-item-h{}.layout_portfolio_18 .usg_vwrapper_1{transition-duration:1s;transform-origin:50% 50%;transform:scale(1) translate(0%,0%);opacity:0}.layout_portfolio_18 .w-grid-item-h:focus-within .usg_vwrapper_1,.layout_portfolio_18 .w-grid-item-h:hover .usg_vwrapper_1{transform:scale(1) translate(0%,0%);opacity:1}.layout_portfolio_18 .usg_post_custom_field_1{transition-duration:1s;transform-origin:50% 50%;transform:scale(1) translate(0%,0%);opacity:0}.layout_portfolio_18 .w-grid-item-h:focus-within .usg_post_custom_field_1,.layout_portfolio_18 .w-grid-item-h:hover .usg_post_custom_field_1{transform:scale(1) translate(0%,0%);opacity:1}.layout_portfolio_18 .usg_post_image_1{position:absolute!important;top:0!important;right:0!important;bottom:0!important;left:0!important}.layout_portfolio_18 .usg_vwrapper_1{position:absolute!important;right:0!important;bottom:-1px!important;left:0!important;background:linear-gradient(transparent,rgba(30,30,30,0.8))!important;padding:5rem 2rem 1.5rem 2rem!important}.layout_portfolio_18 .usg_post_title_1{color:#fff!important;font-size:1.4rem!important}.layout_portfolio_18 .usg_post_taxonomy_1{color:#fff!important;font-size:0.9rem!important}.layout_portfolio_18 .usg_post_custom_field_1{position:absolute!important;top:0!important;right:0!important;bottom:0!important;left:0!important}<\/style><div class=\"w-grid-list\">\t<article class=\"w-grid-item size_1x1 post-1340 attachment type-attachment status-inherit hentry\" data-id=\"1340\">\n\t\t<div class=\"w-grid-item-h\">\n\t\t\t\t\t\t\t<a ref=\"magnificPopupGrid\" href=\"https:\/\/www.hoteldoge.net\/wp-content\/uploads\/2019\/12\/santarcangelo-2.jpg\" class=\"w-grid-item-anchor\" aria-label=\"santarcangelo\"><\/a>\n\t\t\t\t\t\t<div class=\"w-post-elm post_image usg_post_image_1 stretched\"><img loading=\"lazy\" decoding=\"async\" width=\"840\" height=\"560\" src=\"https:\/\/www.hoteldoge.net\/wp-content\/uploads\/2019\/12\/santarcangelo-2.jpg\" class=\"attachment-large size-large\" alt=\"\" srcset=\"https:\/\/www.hoteldoge.net\/wp-content\/uploads\/2019\/12\/santarcangelo-2.jpg 840w, https:\/\/www.hoteldoge.net\/wp-content\/uploads\/2019\/12\/santarcangelo-2-300x200.jpg 300w\" sizes=\"auto, (max-width: 840px) 100vw, 840px\" \/><\/div><div class=\"w-vwrapper usg_vwrapper_1 align_none valign_top\"><h2 class=\"w-post-elm post_title usg_post_title_1 has_text_color entry-title color_link_inherit\">santarcangelo<\/h2><\/div>\t\t<\/div>\n\t\t\t<\/article>\n\t<article class=\"w-grid-item size_1x1 post-1335 attachment type-attachment status-inherit hentry\" data-id=\"1335\">\n\t\t<div class=\"w-grid-item-h\">\n\t\t\t\t\t\t\t<a ref=\"magnificPopupGrid\" href=\"https:\/\/www.hoteldoge.net\/wp-content\/uploads\/2019\/12\/mare-bike-2.jpg\" class=\"w-grid-item-anchor\" aria-label=\"mare-bike\"><\/a>\n\t\t\t\t\t\t<div class=\"w-post-elm post_image usg_post_image_1 stretched\"><img loading=\"lazy\" decoding=\"async\" width=\"840\" height=\"560\" src=\"https:\/\/www.hoteldoge.net\/wp-content\/uploads\/2019\/12\/mare-bike-2.jpg\" class=\"attachment-large size-large\" alt=\"\" srcset=\"https:\/\/www.hoteldoge.net\/wp-content\/uploads\/2019\/12\/mare-bike-2.jpg 840w, https:\/\/www.hoteldoge.net\/wp-content\/uploads\/2019\/12\/mare-bike-2-300x200.jpg 300w\" sizes=\"auto, (max-width: 840px) 100vw, 840px\" \/><\/div><div class=\"w-vwrapper usg_vwrapper_1 align_none valign_top\"><h2 class=\"w-post-elm post_title usg_post_title_1 has_text_color entry-title color_link_inherit\">mare-bike<\/h2><\/div>\t\t<\/div>\n\t\t\t<\/article>\n\t<article class=\"w-grid-item size_1x1 post-1325 attachment type-attachment status-inherit hentry\" data-id=\"1325\">\n\t\t<div class=\"w-grid-item-h\">\n\t\t\t\t\t\t\t<a ref=\"magnificPopupGrid\" href=\"https:\/\/www.hoteldoge.net\/wp-content\/uploads\/2019\/12\/entroterra-2.jpg\" class=\"w-grid-item-anchor\" aria-label=\"entroterra\"><\/a>\n\t\t\t\t\t\t<div class=\"w-post-elm post_image usg_post_image_1 stretched\"><img loading=\"lazy\" decoding=\"async\" width=\"860\" height=\"560\" src=\"https:\/\/www.hoteldoge.net\/wp-content\/uploads\/2019\/12\/entroterra-2.jpg\" class=\"attachment-large size-large\" alt=\"\" srcset=\"https:\/\/www.hoteldoge.net\/wp-content\/uploads\/2019\/12\/entroterra-2.jpg 860w, https:\/\/www.hoteldoge.net\/wp-content\/uploads\/2019\/12\/entroterra-2-300x195.jpg 300w\" sizes=\"auto, (max-width: 860px) 100vw, 860px\" \/><\/div><div class=\"w-vwrapper usg_vwrapper_1 align_none valign_top\"><h2 class=\"w-post-elm post_title usg_post_title_1 has_text_color entry-title color_link_inherit\">entroterra<\/h2><\/div>\t\t<\/div>\n\t\t\t<\/article>\n\t<article class=\"w-grid-item size_1x1 post-1305 attachment type-attachment status-inherit hentry\" data-id=\"1305\">\n\t\t<div class=\"w-grid-item-h\">\n\t\t\t\t\t\t\t<a ref=\"magnificPopupGrid\" href=\"https:\/\/www.hoteldoge.net\/wp-content\/uploads\/2019\/12\/furlo-1.jpg\" class=\"w-grid-item-anchor\" aria-label=\"furlo\"><\/a>\n\t\t\t\t\t\t<div class=\"w-post-elm post_image usg_post_image_1 stretched\"><img loading=\"lazy\" decoding=\"async\" width=\"840\" height=\"560\" src=\"https:\/\/www.hoteldoge.net\/wp-content\/uploads\/2019\/12\/furlo-1.jpg\" class=\"attachment-large size-large\" alt=\"\" srcset=\"https:\/\/www.hoteldoge.net\/wp-content\/uploads\/2019\/12\/furlo-1.jpg 840w, https:\/\/www.hoteldoge.net\/wp-content\/uploads\/2019\/12\/furlo-1-300x200.jpg 300w\" sizes=\"auto, (max-width: 840px) 100vw, 840px\" \/><\/div><div class=\"w-vwrapper usg_vwrapper_1 align_none valign_top\"><h2 class=\"w-post-elm post_title usg_post_title_1 has_text_color entry-title color_link_inherit\">furlo<\/h2><\/div>\t\t<\/div>\n\t\t\t<\/article>\n\t<article class=\"w-grid-item size_1x1 post-1295 attachment type-attachment status-inherit hentry\" data-id=\"1295\">\n\t\t<div class=\"w-grid-item-h\">\n\t\t\t\t\t\t\t<a ref=\"magnificPopupGrid\" href=\"https:\/\/www.hoteldoge.net\/wp-content\/uploads\/2019\/12\/ciclisti-1.jpg\" class=\"w-grid-item-anchor\" aria-label=\"ciclisti\"><\/a>\n\t\t\t\t\t\t<div class=\"w-post-elm post_image usg_post_image_1 stretched\"><img loading=\"lazy\" decoding=\"async\" width=\"840\" height=\"560\" src=\"https:\/\/www.hoteldoge.net\/wp-content\/uploads\/2019\/12\/ciclisti-1.jpg\" class=\"attachment-large size-large\" alt=\"\" srcset=\"https:\/\/www.hoteldoge.net\/wp-content\/uploads\/2019\/12\/ciclisti-1.jpg 840w, https:\/\/www.hoteldoge.net\/wp-content\/uploads\/2019\/12\/ciclisti-1-300x200.jpg 300w\" sizes=\"auto, (max-width: 840px) 100vw, 840px\" \/><\/div><div class=\"w-vwrapper usg_vwrapper_1 align_none valign_top\"><h2 class=\"w-post-elm post_title usg_post_title_1 has_text_color entry-title color_link_inherit\">ciclisti<\/h2><\/div>\t\t<\/div>\n\t\t\t<\/article>\n\t<article class=\"w-grid-item size_1x1 post-1200 attachment type-attachment status-inherit hentry\" data-id=\"1200\">\n\t\t<div class=\"w-grid-item-h\">\n\t\t\t\t\t\t\t<a ref=\"magnificPopupGrid\" href=\"https:\/\/www.hoteldoge.net\/wp-content\/uploads\/2019\/12\/rimini-bike-hotels-spiaggia-torre-pedrera.jpg\" class=\"w-grid-item-anchor\" aria-label=\"rimini-bike-hotels-spiaggia-torre-pedrera\"><\/a>\n\t\t\t\t\t\t<div class=\"w-post-elm post_image usg_post_image_1 stretched\"><img loading=\"lazy\" decoding=\"async\" width=\"840\" height=\"560\" src=\"https:\/\/www.hoteldoge.net\/wp-content\/uploads\/2019\/12\/rimini-bike-hotels-spiaggia-torre-pedrera.jpg\" class=\"attachment-large size-large\" alt=\"\" srcset=\"https:\/\/www.hoteldoge.net\/wp-content\/uploads\/2019\/12\/rimini-bike-hotels-spiaggia-torre-pedrera.jpg 840w, https:\/\/www.hoteldoge.net\/wp-content\/uploads\/2019\/12\/rimini-bike-hotels-spiaggia-torre-pedrera-300x200.jpg 300w\" sizes=\"auto, (max-width: 840px) 100vw, 840px\" \/><\/div><div class=\"w-vwrapper usg_vwrapper_1 align_none valign_top\"><h2 class=\"w-post-elm post_title usg_post_title_1 has_text_color entry-title color_link_inherit\">rimini-bike-hotels-spiaggia-torre-pedrera<\/h2><\/div>\t\t<\/div>\n\t\t\t<\/article>\n<\/div><div class=\"w-grid-preloader\">\t<div class=\"g-preloader type_1\">\n\t\t<div><\/div>\n\t<\/div>\n\t<\/div>\t<div class=\"w-grid-json hidden\" onclick='return {&quot;action&quot;:&quot;us_ajax_grid&quot;,&quot;infinite_scroll&quot;:0,&quot;max_num_pages&quot;:1,&quot;pagination&quot;:&quot;none&quot;,&quot;template_vars&quot;:{&quot;columns&quot;:&quot;2&quot;,&quot;exclude_items&quot;:&quot;none&quot;,&quot;img_size&quot;:&quot;default&quot;,&quot;ignore_items_size&quot;:0,&quot;items_layout&quot;:&quot;portfolio_18&quot;,&quot;items_offset&quot;:&quot;1&quot;,&quot;load_animation&quot;:&quot;none&quot;,&quot;overriding_link&quot;:&quot;%7B%22type%22%3A%22popup_image%22%7D&quot;,&quot;post_id&quot;:0,&quot;query_args&quot;:{&quot;post_type&quot;:[&quot;attachment&quot;],&quot;post__in&quot;:[&quot;1338&quot;,&quot;1323&quot;,&quot;1293&quot;,&quot;1198&quot;,&quot;1303&quot;,&quot;1333&quot;],&quot;post_status&quot;:&quot;inherit&quot;,&quot;post_mime_type&quot;:&quot;image&quot;,&quot;posts_per_page&quot;:&quot;10&quot;},&quot;orderby_query_args&quot;:{&quot;orderby&quot;:{&quot;date&quot;:&quot;DESC&quot;}},&quot;type&quot;:&quot;grid&quot;,&quot;us_grid_post_type&quot;:&quot;attachment&quot;,&quot;us_grid_ajax_index&quot;:1,&quot;us_grid_filter_query_string&quot;:null,&quot;us_grid_index&quot;:1,&quot;page_args&quot;:[],&quot;lang&quot;:&quot;de&quot;}}'><\/div>\n\t<\/div><\/div><\/div><\/div><\/div><\/div><\/section><section class=\"l-section wpb_row us_custom_a33c4197 height_medium\"><div class=\"l-section-h i-cf\"><div class=\"g-cols vc_row via_flex valign_top type_default stacking_default\"><div class=\"vc_col-sm-6 wpb_column vc_column_container\"><div class=\"vc_column-inner\"><div class=\"wpb_wrapper\">[vc_custom_heading text=&#8220;Early Booking&#8220; font_container=&#8220;tag:h2|font_size:30|text_align:left&#8220; google_fonts=&#8220;font_family:Raleway%3A100%2C200%2C300%2Cregular%2C500%2C600%2C700%2C800%2C900|font_style:700%20bold%20regular%3A700%3Anormal&#8220; css=&#8220;%7B%22default%22%3A%7B%22font-size%22%3A%2230%22%7D%7D&#8220;]<div class=\"w-separator size_small\"><\/div><div class=\"wpb_text_column\"><div class=\"wpb_wrapper\"><p><strong>Fr\u00fchbucherangebot (jetzt buchen und sparen):<\/strong><\/p>\n<ul>\n<li>\ud83d\udd38 <span style=\"color: #ee6532; font-size: 1.5em; font-weight: bold;\">-10%<\/span> bei Buchung innerhalb des <span style=\"color: #ee6532; font-size: 1.5em; font-weight: bold;\">31\/01\/2025<\/span> | Anzahlung: <strong>600,00 \u20ac<\/strong> (R\u00fcckerstattung bei Stornierungen bis 15 Tage vor Anreise)<\/li>\n<li>\ud83d\udd39 <span style=\"color: #ee6532; font-size: 1.5em; font-weight: bold;\">-5%<\/span> wenn Sie innerhalb des <span style=\"color: #ee6532; font-size: 1.5em; font-weight: bold;\">31\/03\/2025<\/span> buchen | Anzahlung: <strong>300,00 \u20ac<\/strong> (R\u00fcckerstattung bei Stornierungen bis 15 Tage vor Anreise)<\/li>\n<li>\ud83d\udc65 Das Angebot gilt f\u00fcr Gruppen ab <strong>10 Personen<\/strong>.<\/li>\n<\/ul>\n<\/div><\/div><div class=\"w-separator size_small\"><\/div><div class=\"w-btn-wrapper align_center\"><a class=\"w-btn us-btn-style_1\" href=\"https:\/\/www.hoteldoge.net\/de\/anfrage\/\"><span class=\"w-btn-label\">\ud83d\udc49 Anfrage Das Fr\u00fchbucherangebot<\/span><\/a><\/div><\/div><\/div><\/div><div class=\"vc_col-sm-6 wpb_column vc_column_container\"><div class=\"vc_column-inner\"><div class=\"wpb_wrapper\">[vc_custom_heading text=&#8220;GrandFondo Bike Romagna&#8220; font_container=&#8220;tag:h2|font_size:30|text_align:left&#8220; google_fonts=&#8220;font_family:Raleway%3A100%2C200%2C300%2Cregular%2C500%2C600%2C700%2C800%2C900|font_style:700%20bold%20regular%3A700%3Anormal&#8220; css=&#8220;%7B%22default%22%3A%7B%22font-size%22%3A%2230%22%7D%7D&#8220;]<div class=\"wpb_text_column\"><div class=\"wpb_wrapper\"><p>Nehmen Sie an einer unserer Veranstaltungen Granfondo teil:<\/p>\n<ul>\n<li>Gran Fondo Mareterra Verde Blu<\/li>\n<li>Gran Fondo Dieci Colli Bolognesi<\/li>\n<li>Gran Fondo degli Squali<\/li>\n<li>Strarossini Fondo Citt\u00e0 di Pesaro<\/li>\n<li>Gran Fondo del Capitano<\/li>\n<li>Karten f\u00fcr Granfondo sind nicht im Wochenangebot inbegriffen.<\/li>\n<li>Fordern Sie Informationen \u00fcber die Veranstaltungsdaten f\u00fcr Granfondo in Romagna an<\/li>\n<\/ul>\n<\/div><\/div><\/div><\/div><\/div><\/div><\/div><\/section>\n","protected":false},"excerpt":{"rendered":"","protected":false},"author":1,"featured_media":0,"parent":0,"menu_order":0,"comment_status":"closed","ping_status":"closed","template":"","meta":{"footnotes":""},"class_list":["post-1953","page","type-page","status-publish","hentry"],"yoast_head":"<!-- This site is optimized with the Yoast SEO plugin v26.5 - https:\/\/yoast.com\/wordpress\/plugins\/seo\/ -->\n<title>ANSTRENGUNG DER KLASSISCHEN ART - Hotel Doge Torre Pedrera<\/title>\n<meta name=\"robots\" content=\"index, follow, max-snippet:-1, max-image-preview:large, max-video-preview:-1\" \/>\n<link rel=\"canonical\" href=\"https:\/\/www.hoteldoge.net\/de\/anstrengung-der-klassischen-art\/\" \/>\n<meta property=\"og:locale\" content=\"de_DE\" \/>\n<meta property=\"og:type\" content=\"article\" \/>\n<meta property=\"og:title\" content=\"ANSTRENGUNG DER KLASSISCHEN ART - Hotel Doge Torre Pedrera\" \/>\n<meta property=\"og:url\" content=\"https:\/\/www.hoteldoge.net\/de\/anstrengung-der-klassischen-art\/\" \/>\n<meta property=\"og:site_name\" content=\"Hotel Doge Torre Pedrera\" \/>\n<meta property=\"article:modified_time\" content=\"2025-02-13T11:55:33+00:00\" \/>\n<meta name=\"twitter:card\" content=\"summary_large_image\" \/>\n<meta name=\"twitter:label1\" content=\"Gesch\u00e4tzte Lesezeit\" \/>\n\t<meta name=\"twitter:data1\" content=\"2\u00a0Minuten\" \/>\n<script type=\"application\/ld+json\" class=\"yoast-schema-graph\">{\"@context\":\"https:\/\/schema.org\",\"@graph\":[{\"@type\":\"WebPage\",\"@id\":\"https:\/\/www.hoteldoge.net\/de\/anstrengung-der-klassischen-art\/\",\"url\":\"https:\/\/www.hoteldoge.net\/de\/anstrengung-der-klassischen-art\/\",\"name\":\"ANSTRENGUNG DER KLASSISCHEN ART - Hotel Doge Torre Pedrera\",\"isPartOf\":{\"@id\":\"https:\/\/www.hoteldoge.net\/de\/#website\"},\"datePublished\":\"2020-02-16T17:18:12+00:00\",\"dateModified\":\"2025-02-13T11:55:33+00:00\",\"breadcrumb\":{\"@id\":\"https:\/\/www.hoteldoge.net\/de\/anstrengung-der-klassischen-art\/#breadcrumb\"},\"inLanguage\":\"de\",\"potentialAction\":[{\"@type\":\"ReadAction\",\"target\":[\"https:\/\/www.hoteldoge.net\/de\/anstrengung-der-klassischen-art\/\"]}]},{\"@type\":\"BreadcrumbList\",\"@id\":\"https:\/\/www.hoteldoge.net\/de\/anstrengung-der-klassischen-art\/#breadcrumb\",\"itemListElement\":[{\"@type\":\"ListItem\",\"position\":1,\"name\":\"Home\",\"item\":\"https:\/\/www.hoteldoge.net\/it\/\"},{\"@type\":\"ListItem\",\"position\":2,\"name\":\"ANSTRENGUNG DER KLASSISCHEN ART\"}]},{\"@type\":\"WebSite\",\"@id\":\"https:\/\/www.hoteldoge.net\/de\/#website\",\"url\":\"https:\/\/www.hoteldoge.net\/de\/\",\"name\":\"Hotel Doge Torre Pedrera\",\"description\":\"Hotel 3 stelle Torre Pedrera All inclusive con Piscina e Spiaggia\",\"potentialAction\":[{\"@type\":\"SearchAction\",\"target\":{\"@type\":\"EntryPoint\",\"urlTemplate\":\"https:\/\/www.hoteldoge.net\/de\/?s={search_term_string}\"},\"query-input\":{\"@type\":\"PropertyValueSpecification\",\"valueRequired\":true,\"valueName\":\"search_term_string\"}}],\"inLanguage\":\"de\"}]}<\/script>\n<!-- \/ Yoast SEO plugin. -->","yoast_head_json":{"title":"ANSTRENGUNG DER KLASSISCHEN ART - Hotel Doge Torre Pedrera","robots":{"index":"index","follow":"follow","max-snippet":"max-snippet:-1","max-image-preview":"max-image-preview:large","max-video-preview":"max-video-preview:-1"},"canonical":"https:\/\/www.hoteldoge.net\/de\/anstrengung-der-klassischen-art\/","og_locale":"de_DE","og_type":"article","og_title":"ANSTRENGUNG DER KLASSISCHEN ART - Hotel Doge Torre Pedrera","og_url":"https:\/\/www.hoteldoge.net\/de\/anstrengung-der-klassischen-art\/","og_site_name":"Hotel Doge Torre Pedrera","article_modified_time":"2025-02-13T11:55:33+00:00","twitter_card":"summary_large_image","twitter_misc":{"Gesch\u00e4tzte Lesezeit":"2\u00a0Minuten"},"schema":{"@context":"https:\/\/schema.org","@graph":[{"@type":"WebPage","@id":"https:\/\/www.hoteldoge.net\/de\/anstrengung-der-klassischen-art\/","url":"https:\/\/www.hoteldoge.net\/de\/anstrengung-der-klassischen-art\/","name":"ANSTRENGUNG DER KLASSISCHEN ART - Hotel Doge Torre Pedrera","isPartOf":{"@id":"https:\/\/www.hoteldoge.net\/de\/#website"},"datePublished":"2020-02-16T17:18:12+00:00","dateModified":"2025-02-13T11:55:33+00:00","breadcrumb":{"@id":"https:\/\/www.hoteldoge.net\/de\/anstrengung-der-klassischen-art\/#breadcrumb"},"inLanguage":"de","potentialAction":[{"@type":"ReadAction","target":["https:\/\/www.hoteldoge.net\/de\/anstrengung-der-klassischen-art\/"]}]},{"@type":"BreadcrumbList","@id":"https:\/\/www.hoteldoge.net\/de\/anstrengung-der-klassischen-art\/#breadcrumb","itemListElement":[{"@type":"ListItem","position":1,"name":"Home","item":"https:\/\/www.hoteldoge.net\/it\/"},{"@type":"ListItem","position":2,"name":"ANSTRENGUNG DER KLASSISCHEN ART"}]},{"@type":"WebSite","@id":"https:\/\/www.hoteldoge.net\/de\/#website","url":"https:\/\/www.hoteldoge.net\/de\/","name":"Hotel Doge Torre Pedrera","description":"Hotel 3 stelle Torre Pedrera All inclusive con Piscina e Spiaggia","potentialAction":[{"@type":"SearchAction","target":{"@type":"EntryPoint","urlTemplate":"https:\/\/www.hoteldoge.net\/de\/?s={search_term_string}"},"query-input":{"@type":"PropertyValueSpecification","valueRequired":true,"valueName":"search_term_string"}}],"inLanguage":"de"}]}},"_links":{"self":[{"href":"https:\/\/www.hoteldoge.net\/de\/wp-json\/wp\/v2\/pages\/1953","targetHints":{"allow":["GET"]}}],"collection":[{"href":"https:\/\/www.hoteldoge.net\/de\/wp-json\/wp\/v2\/pages"}],"about":[{"href":"https:\/\/www.hoteldoge.net\/de\/wp-json\/wp\/v2\/types\/page"}],"author":[{"embeddable":true,"href":"https:\/\/www.hoteldoge.net\/de\/wp-json\/wp\/v2\/users\/1"}],"replies":[{"embeddable":true,"href":"https:\/\/www.hoteldoge.net\/de\/wp-json\/wp\/v2\/comments?post=1953"}],"version-history":[{"count":6,"href":"https:\/\/www.hoteldoge.net\/de\/wp-json\/wp\/v2\/pages\/1953\/revisions"}],"predecessor-version":[{"id":4580,"href":"https:\/\/www.hoteldoge.net\/de\/wp-json\/wp\/v2\/pages\/1953\/revisions\/4580"}],"wp:attachment":[{"href":"https:\/\/www.hoteldoge.net\/de\/wp-json\/wp\/v2\/media?parent=1953"}],"curies":[{"name":"wp","href":"https:\/\/api.w.org\/{rel}","templated":true}]}}