{"id":1934,"date":"2020-02-16T17:41:31","date_gmt":"2020-02-16T16:41:31","guid":{"rendered":"https:\/\/www.hroyal.it\/?page_id=1934"},"modified":"2025-02-13T12:45:58","modified_gmt":"2025-02-13T11:45:58","slug":"familienradurlaub-auf-romagna","status":"publish","type":"page","link":"https:\/\/www.hoteldoge.net\/de\/familienradurlaub-auf-romagna\/","title":{"rendered":"Familienradurlaub auf Romagna"},"content":{"rendered":"<section class=\"l-section wpb_row us_custom_33fe73d0 height_huge width_full\"><div class=\"l-section-h i-cf\"><div class=\"g-cols vc_row via_flex valign_top type_default stacking_default\"><div class=\"vc_col-sm-12 wpb_column vc_column_container\"><div class=\"vc_column-inner\"><div class=\"wpb_wrapper\">\n\t\t\t<!-- START familybike REVOLUTION SLIDER 6.7.37 --><p class=\"rs-p-wp-fix\"><\/p>\n\t\t\t<rs-module-wrap id=\"rev_slider_13_1_wrapper\" data-source=\"gallery\" style=\"visibility:hidden;background:transparent;padding:0;margin:0px auto;margin-top:0;margin-bottom:0;\">\n\t\t\t\t<rs-module id=\"rev_slider_13_1\" style=\"\" data-version=\"6.7.37\">\n\t\t\t\t\t<rs-slides style=\"overflow: hidden; position: absolute;\">\n\t\t\t\t\t\t<rs-slide style=\"position: absolute;\" data-key=\"rs-24\" data-title=\"Slide\" data-anim=\"ms:1000;r:0;\" data-in=\"o:0;\" data-out=\"a:false;\">\n\t\t\t\t\t\t\t<img decoding=\"async\" src=\"\/\/www.hoteldoge.net\/wp-content\/plugins\/revslider\/sr6\/assets\/assets\/dummy.png\" alt=\"\" title=\"family-bike-romagna\" width=\"2000\" height=\"1038\" class=\"rev-slidebg tp-rs-img rs-lazyload\" data-lazyload=\"\/\/www.hoteldoge.net\/wp-content\/uploads\/2020\/01\/family-bike-romagna.jpg\" data-bg=\"p:center bottom;\" data-no-retina>\n<!---->\t\t\t\t\t<\/rs-slide>\n\t\t\t\t\t<\/rs-slides>\n\t\t\t\t<\/rs-module>\n\t\t\t\t<script>\n\t\t\t\t\tsetREVStartSize({c: 'rev_slider_13_1',rl:[1240,1024,778,480],el:[900],gw:[1240],gh:[900],type:'hero',justify:'',layout:'fullwidth',mh:\"0\"});if (window.RS_MODULES!==undefined && window.RS_MODULES.modules!==undefined && window.RS_MODULES.modules[\"revslider131\"]!==undefined) {window.RS_MODULES.modules[\"revslider131\"].once = false;window.revapi13 = undefined;if (window.RS_MODULES.checkMinimal!==undefined) window.RS_MODULES.checkMinimal()}\n\t\t\t\t<\/script>\n\t\t\t<\/rs-module-wrap>\n\t\t\t<!-- END REVOLUTION SLIDER -->\n<\/div><\/div><\/div><\/div><\/div><\/section><section class=\"l-section wpb_row height_medium\"><div class=\"l-section-h i-cf\"><div class=\"g-cols vc_row via_flex valign_middle type_default stacking_default\"><div class=\"vc_col-sm-6 wpb_column vc_column_container\"><div class=\"vc_column-inner\"><div class=\"wpb_wrapper\">[vc_custom_heading text=&#8220;Radurlaub f\u00fcr Familien&#8220; font_container=&#8220;tag:h1|text_align:left&#8220; google_fonts=&#8220;font_family:Raleway%3A100%2C200%2C300%2Cregular%2C500%2C600%2C700%2C800%2C900|font_style:700%20bold%20regular%3A700%3Anormal&#8220; css=&#8220;%7B%22default%22%3A%7B%22font-size%22%3A%2230%22%7D%7D&#8220;]<div class=\"w-separator size_small\"><\/div><div class=\"wpb_text_column\"><div class=\"wpb_wrapper\"><p>Das Paket umfasst:<\/p>\n<ul>\n<li>\ud83c\udfe8 \u00dcbernachtung im <strong>Hotel Doge<\/strong>, 3-Sterne-Hotel am Meer<\/li>\n<li>\ud83c\udf7d\ufe0f All-inclusive-Halbpension<\/li>\n<li>\ud83e\udd50 <strong>Fr\u00fchst\u00fcck von Champions<\/strong><\/li>\n<li>\ud83c\udf77 <strong>Abendessen mit Getr\u00e4nken zu den Mahlzeiten<\/strong><\/li>\n<li>\ud83d\udcf6 Gratis WLAN<\/li>\n<li>\ud83c\udfd6\ufe0f Strand inklusive<\/li>\n<\/ul>\n<\/div><\/div><div class=\"w-separator size_small\"><\/div><div class=\"wpb_text_column\"><div class=\"wpb_wrapper\"><p>Folgende <strong>Bike-Services <\/strong> sind inbegriffen:<\/p>\n<ul>\n<li>\ud83d\udd12 Video\u00fcberwachter Fahrradraum mit Corner f\u00fcr technische Bekleidung<\/li>\n<li>\ud83d\udd27 Maschinenwerkstatt f\u00fcr allf\u00e4llige Reparaturen und Reinigungen<\/li>\n<li>\ud83d\ude90 Bike-R\u00fcckholservice<\/li>\n<li>\ud83d\udecd\ufe0f Absprachen mit Fachgesch\u00e4ft f\u00fcr Verkauf und Reparatur<\/li>\n<li>\ud83e\uddfa Waschservice Technische Kleidung<\/li>\n<li>\ud83d\udeb2 Verleih von Rennrad und MTB<\/li>\n<\/ul>\n<\/div><\/div><div class=\"w-separator size_small\"><\/div><div class=\"wpb_text_column\"><div class=\"wpb_wrapper\"><ul>\n<li>\ud83d\udcc5 **Angebot g\u00fcltig in den Monaten APRIL, MAI und SEPTEMBER***<\/li>\n<li>\ud83c\udf7d\ufe0f **Halbpension all inclusive**: <span style=\"color: red; font-size: 125%; font-weight: bold;\">\u20ac 60,00<\/span> pro Person und Tag<\/li>\n<li>\ud83c\udf0a **Zimmer MEER**: zus\u00e4tzliche <span style=\"color: red; font-size: 125%; font-weight: bold;\">\u20ac 7,00<\/span> pro Tag<\/li>\n<li>\ud83d\udcc5 **Angebot g\u00fcltig im JUNI***<\/li>\n<li>\ud83c\udf7d\ufe0f **Halbpension all inclusive**: <span style=\"color: red; font-size: 125%; font-weight: bold;\">\u20ac 65,00<\/span> pro Person und Tag<\/li>\n<\/ul>\n<p>Details Angebot: g\u00fcltig f\u00fcr Familien oder Gruppen, mit einem Mindestaufenthalt von 3 N\u00e4chten in Halbpension all inklusive. Inklusive Fr\u00fchst\u00fcck, Abendessen mit Getr\u00e4nken zu den Mahlzeiten und Strandservice.<\/p>\n<\/div><\/div><div class=\"w-separator size_small\"><\/div><div class=\"w-btn-wrapper align_center\"><a class=\"w-btn us-btn-style_1\" href=\"https:\/\/www.hoteldoge.net\/de\/anfrage\/\"><span class=\"w-btn-label\">\ud83d\udc49 Angebot f\u00fcr Bike FAMILY Urlaub anfordern<\/span><\/a><\/div><\/div><\/div><\/div><div class=\"vc_col-sm-6 wpb_column vc_column_container\"><div class=\"vc_column-inner\"><div class=\"wpb_wrapper\"><div class=\"w-slider style_none fit_cover nav_dots count_7\"><div class=\"w-slider-h\"><div class=\"royalSlider\"><div class=\"rsContent\"><a class=\"rsImg\" data-rsw=\"506\" data-rsh=\"900\" data-rsBigImg=\"https:\/\/www.hoteldoge.net\/wp-content\/uploads\/2020\/01\/20160505_122626.jpg\" href=\"https:\/\/www.hoteldoge.net\/wp-content\/uploads\/2020\/01\/20160505_122626.jpg\"><span data-alt=\"\"><\/span><\/a><\/div><div class=\"rsContent\"><a class=\"rsImg\" data-rsw=\"1000\" data-rsh=\"750\" data-rsBigImg=\"https:\/\/www.hoteldoge.net\/wp-content\/uploads\/2020\/01\/gola-furlo.jpg\" href=\"https:\/\/www.hoteldoge.net\/wp-content\/uploads\/2020\/01\/gola-furlo.jpg\"><span data-alt=\"\"><\/span><\/a><\/div><div class=\"rsContent\"><a class=\"rsImg\" data-rsw=\"1000\" data-rsh=\"667\" data-rsBigImg=\"https:\/\/www.hoteldoge.net\/wp-content\/uploads\/2020\/01\/paesaggio-3.jpg\" href=\"https:\/\/www.hoteldoge.net\/wp-content\/uploads\/2020\/01\/paesaggio-3.jpg\"><span data-alt=\"\"><\/span><\/a><\/div><div class=\"rsContent\"><a class=\"rsImg\" data-rsw=\"960\" data-rsh=\"720\" data-rsBigImg=\"https:\/\/www.hoteldoge.net\/wp-content\/uploads\/2020\/01\/11202087_989019677804911_7014414744204542226_n.jpg\" href=\"https:\/\/www.hoteldoge.net\/wp-content\/uploads\/2020\/01\/11202087_989019677804911_7014414744204542226_n.jpg\"><span data-alt=\"\"><\/span><\/a><\/div><div class=\"rsContent\"><a class=\"rsImg\" data-rsw=\"1000\" data-rsh=\"667\" data-rsBigImg=\"https:\/\/www.hoteldoge.net\/wp-content\/uploads\/2020\/01\/paesaggio-4.jpg\" href=\"https:\/\/www.hoteldoge.net\/wp-content\/uploads\/2020\/01\/paesaggio-4.jpg\"><span data-alt=\"\"><\/span><\/a><\/div><div class=\"rsContent\"><a class=\"rsImg\" data-rsw=\"960\" data-rsh=\"960\" data-rsBigImg=\"https:\/\/www.hoteldoge.net\/wp-content\/uploads\/2020\/01\/11221886_989220031118209_1918185836819287498_n.jpg\" href=\"https:\/\/www.hoteldoge.net\/wp-content\/uploads\/2020\/01\/11221886_989220031118209_1918185836819287498_n.jpg\"><span data-alt=\"\"><\/span><\/a><\/div><div class=\"rsContent\"><a class=\"rsImg\" data-rsw=\"1000\" data-rsh=\"667\" data-rsBigImg=\"https:\/\/www.hoteldoge.net\/wp-content\/uploads\/2020\/01\/paesaggio-2.jpg\" href=\"https:\/\/www.hoteldoge.net\/wp-content\/uploads\/2020\/01\/paesaggio-2.jpg\"><span data-alt=\"\"><\/span><\/a><\/div><\/div><img decoding=\"async\" src=\"https:\/\/www.hoteldoge.net\/wp-content\/uploads\/2020\/01\/20160505_122626.jpg\" width=\"506\" height=\"900\" alt loading=\"lazy\"><\/div><div class=\"w-slider-json\" onclick='return {&quot;autoScaleSlider&quot;:true,&quot;addActiveClass&quot;:true,&quot;loop&quot;:true,&quot;fadeInLoadedSlide&quot;:false,&quot;slidesSpacing&quot;:0,&quot;imageScalePadding&quot;:0,&quot;numImagesToPreload&quot;:2,&quot;arrowsNav&quot;:true,&quot;arrowsNavAutoHide&quot;:false,&quot;transitionType&quot;:&quot;move&quot;,&quot;transitionSpeed&quot;:250,&quot;block&quot;:{&quot;moveEffect&quot;:&quot;none&quot;,&quot;speed&quot;:300},&quot;thumbs&quot;:{&quot;fitInViewport&quot;:false,&quot;firstMargin&quot;:false,&quot;spacing&quot;:4},&quot;controlNavigation&quot;:&quot;bullets&quot;,&quot;fullscreen&quot;:{&quot;enabled&quot;:true},&quot;autoScaleSliderWidth&quot;:506,&quot;autoScaleSliderHeight&quot;:900}'><\/div><\/div><\/div><\/div><\/div><\/div><\/div><\/section><section class=\"l-section wpb_row us_custom_a33c4197 height_medium\"><div class=\"l-section-h i-cf\"><div class=\"g-cols vc_row via_flex valign_top type_default stacking_default\"><div class=\"vc_col-sm-12 wpb_column vc_column_container\"><div class=\"vc_column-inner\"><div class=\"wpb_wrapper\">[vc_custom_heading text=&#8220;Early Booking&#8220; font_container=&#8220;tag:h1|font_size:30|text_align:left&#8220; google_fonts=&#8220;font_family:Raleway%3A100%2C200%2C300%2Cregular%2C500%2C600%2C700%2C800%2C900|font_style:700%20bold%20regular%3A700%3Anormal&#8220; css=&#8220;%7B%22default%22%3A%7B%22font-size%22%3A%2230%22%7D%7D&#8220;]<div class=\"wpb_text_column\"><div class=\"wpb_wrapper\"><p><strong>Fr\u00fchbucherangebot (jetzt buchen und sparen):<\/strong><\/p>\n<ul>\n<li>\ud83d\udd38 <span style=\"color: #ee6532; font-size: 1.5em; font-weight: bold;\">-10%<\/span> bei Buchung innerhalb des <span style=\"color: #ee6532; font-size: 1.5em; font-weight: bold;\">31\/01\/2025<\/span> | Anzahlung: <strong>600,00 \u20ac<\/strong> (R\u00fcckerstattung bei Stornierungen bis 15 Tage vor Anreise)<\/li>\n<li>\ud83d\udd39 <span style=\"color: #ee6532; font-size: 1.5em; font-weight: bold;\">-5%<\/span> wenn Sie innerhalb des <span style=\"color: #ee6532; font-size: 1.5em; font-weight: bold;\">31\/03\/2025<\/span> buchen | Anzahlung: <strong>300,00 \u20ac<\/strong> (R\u00fcckerstattung bei Stornierungen bis 15 Tage vor Anreise)<\/li>\n<li>\ud83d\udc65 Das Angebot gilt f\u00fcr Gruppen ab <strong>10 Personen<\/strong>.<\/li>\n<\/ul>\n<\/div><\/div><div class=\"w-btn-wrapper align_center\"><a class=\"w-btn us-btn-style_1\" href=\"https:\/\/www.hoteldoge.net\/de\/anfrage\/\"><span class=\"w-btn-label\">Angebot EARLY BOOKING anfordern<\/span><\/a><\/div><\/div><\/div><\/div><\/div><\/div><\/section>\n","protected":false},"excerpt":{"rendered":"[vc_custom_heading text=\"Radurlaub f\u00fcr Familien\" font_container=\"tag:h1|text_align:left\" google_fonts=\"font_family:Raleway%3A100%2C200%2C300%2Cregular%2C500%2C600%2C700%2C800%2C900|font_style:700%20bold%20regular%3A700%3Anormal\" css=\"%7B%22default%22%3A%7B%22font-size%22%3A%2230%22%7D%7D\"]Das Paket umfasst: \ud83c\udfe8 \u00dcbernachtung im Hotel Doge, 3-Sterne-Hotel am Meer \ud83c\udf7d\ufe0f All-inclusive-Halbpension \ud83e\udd50 Fr\u00fchst\u00fcck von Champions \ud83c\udf77 Abendessen mit Getr\u00e4nken zu den Mahlzeiten \ud83d\udcf6 Gratis WLAN \ud83c\udfd6\ufe0f Strand inklusive Folgende Bike-Services sind inbegriffen: \ud83d\udd12 Video\u00fcberwachter Fahrradraum mit Corner f\u00fcr technische Bekleidung \ud83d\udd27 Maschinenwerkstatt f\u00fcr allf\u00e4llige Reparaturen und Reinigungen...","protected":false},"author":1,"featured_media":0,"parent":0,"menu_order":0,"comment_status":"closed","ping_status":"closed","template":"","meta":{"footnotes":""},"class_list":["post-1934","page","type-page","status-publish","hentry"],"yoast_head":"<!-- This site is optimized with the Yoast SEO plugin v26.5 - https:\/\/yoast.com\/wordpress\/plugins\/seo\/ -->\n<title>Familienradurlaub auf Romagna - Hotel Doge Torre Pedrera<\/title>\n<meta name=\"robots\" content=\"index, follow, max-snippet:-1, max-image-preview:large, max-video-preview:-1\" \/>\n<link rel=\"canonical\" href=\"https:\/\/www.hoteldoge.net\/de\/familienradurlaub-auf-romagna\/\" \/>\n<meta property=\"og:locale\" content=\"de_DE\" \/>\n<meta property=\"og:type\" content=\"article\" \/>\n<meta property=\"og:title\" content=\"Familienradurlaub auf Romagna - Hotel Doge Torre Pedrera\" \/>\n<meta property=\"og:url\" content=\"https:\/\/www.hoteldoge.net\/de\/familienradurlaub-auf-romagna\/\" \/>\n<meta property=\"og:site_name\" content=\"Hotel Doge Torre Pedrera\" \/>\n<meta property=\"article:modified_time\" content=\"2025-02-13T11:45:58+00:00\" \/>\n<meta name=\"twitter:card\" content=\"summary_large_image\" \/>\n<meta name=\"twitter:label1\" content=\"Gesch\u00e4tzte Lesezeit\" \/>\n\t<meta name=\"twitter:data1\" content=\"2\u00a0Minuten\" \/>\n<script type=\"application\/ld+json\" class=\"yoast-schema-graph\">{\"@context\":\"https:\/\/schema.org\",\"@graph\":[{\"@type\":\"WebPage\",\"@id\":\"https:\/\/www.hoteldoge.net\/de\/familienradurlaub-auf-romagna\/\",\"url\":\"https:\/\/www.hoteldoge.net\/de\/familienradurlaub-auf-romagna\/\",\"name\":\"Familienradurlaub auf Romagna - Hotel Doge Torre Pedrera\",\"isPartOf\":{\"@id\":\"https:\/\/www.hoteldoge.net\/de\/#website\"},\"datePublished\":\"2020-02-16T16:41:31+00:00\",\"dateModified\":\"2025-02-13T11:45:58+00:00\",\"breadcrumb\":{\"@id\":\"https:\/\/www.hoteldoge.net\/de\/familienradurlaub-auf-romagna\/#breadcrumb\"},\"inLanguage\":\"de\",\"potentialAction\":[{\"@type\":\"ReadAction\",\"target\":[\"https:\/\/www.hoteldoge.net\/de\/familienradurlaub-auf-romagna\/\"]}]},{\"@type\":\"BreadcrumbList\",\"@id\":\"https:\/\/www.hoteldoge.net\/de\/familienradurlaub-auf-romagna\/#breadcrumb\",\"itemListElement\":[{\"@type\":\"ListItem\",\"position\":1,\"name\":\"Home\",\"item\":\"https:\/\/www.hoteldoge.net\/it\/\"},{\"@type\":\"ListItem\",\"position\":2,\"name\":\"Familienradurlaub auf Romagna\"}]},{\"@type\":\"WebSite\",\"@id\":\"https:\/\/www.hoteldoge.net\/de\/#website\",\"url\":\"https:\/\/www.hoteldoge.net\/de\/\",\"name\":\"Hotel Doge Torre Pedrera\",\"description\":\"Hotel 3 stelle Torre Pedrera All inclusive con Piscina e Spiaggia\",\"potentialAction\":[{\"@type\":\"SearchAction\",\"target\":{\"@type\":\"EntryPoint\",\"urlTemplate\":\"https:\/\/www.hoteldoge.net\/de\/?s={search_term_string}\"},\"query-input\":{\"@type\":\"PropertyValueSpecification\",\"valueRequired\":true,\"valueName\":\"search_term_string\"}}],\"inLanguage\":\"de\"}]}<\/script>\n<!-- \/ Yoast SEO plugin. -->","yoast_head_json":{"title":"Familienradurlaub auf Romagna - Hotel Doge Torre Pedrera","robots":{"index":"index","follow":"follow","max-snippet":"max-snippet:-1","max-image-preview":"max-image-preview:large","max-video-preview":"max-video-preview:-1"},"canonical":"https:\/\/www.hoteldoge.net\/de\/familienradurlaub-auf-romagna\/","og_locale":"de_DE","og_type":"article","og_title":"Familienradurlaub auf Romagna - Hotel Doge Torre Pedrera","og_url":"https:\/\/www.hoteldoge.net\/de\/familienradurlaub-auf-romagna\/","og_site_name":"Hotel Doge Torre Pedrera","article_modified_time":"2025-02-13T11:45:58+00:00","twitter_card":"summary_large_image","twitter_misc":{"Gesch\u00e4tzte Lesezeit":"2\u00a0Minuten"},"schema":{"@context":"https:\/\/schema.org","@graph":[{"@type":"WebPage","@id":"https:\/\/www.hoteldoge.net\/de\/familienradurlaub-auf-romagna\/","url":"https:\/\/www.hoteldoge.net\/de\/familienradurlaub-auf-romagna\/","name":"Familienradurlaub auf Romagna - Hotel Doge Torre Pedrera","isPartOf":{"@id":"https:\/\/www.hoteldoge.net\/de\/#website"},"datePublished":"2020-02-16T16:41:31+00:00","dateModified":"2025-02-13T11:45:58+00:00","breadcrumb":{"@id":"https:\/\/www.hoteldoge.net\/de\/familienradurlaub-auf-romagna\/#breadcrumb"},"inLanguage":"de","potentialAction":[{"@type":"ReadAction","target":["https:\/\/www.hoteldoge.net\/de\/familienradurlaub-auf-romagna\/"]}]},{"@type":"BreadcrumbList","@id":"https:\/\/www.hoteldoge.net\/de\/familienradurlaub-auf-romagna\/#breadcrumb","itemListElement":[{"@type":"ListItem","position":1,"name":"Home","item":"https:\/\/www.hoteldoge.net\/it\/"},{"@type":"ListItem","position":2,"name":"Familienradurlaub auf Romagna"}]},{"@type":"WebSite","@id":"https:\/\/www.hoteldoge.net\/de\/#website","url":"https:\/\/www.hoteldoge.net\/de\/","name":"Hotel Doge Torre Pedrera","description":"Hotel 3 stelle Torre Pedrera All inclusive con Piscina e Spiaggia","potentialAction":[{"@type":"SearchAction","target":{"@type":"EntryPoint","urlTemplate":"https:\/\/www.hoteldoge.net\/de\/?s={search_term_string}"},"query-input":{"@type":"PropertyValueSpecification","valueRequired":true,"valueName":"search_term_string"}}],"inLanguage":"de"}]}},"_links":{"self":[{"href":"https:\/\/www.hoteldoge.net\/de\/wp-json\/wp\/v2\/pages\/1934","targetHints":{"allow":["GET"]}}],"collection":[{"href":"https:\/\/www.hoteldoge.net\/de\/wp-json\/wp\/v2\/pages"}],"about":[{"href":"https:\/\/www.hoteldoge.net\/de\/wp-json\/wp\/v2\/types\/page"}],"author":[{"embeddable":true,"href":"https:\/\/www.hoteldoge.net\/de\/wp-json\/wp\/v2\/users\/1"}],"replies":[{"embeddable":true,"href":"https:\/\/www.hoteldoge.net\/de\/wp-json\/wp\/v2\/comments?post=1934"}],"version-history":[{"count":10,"href":"https:\/\/www.hoteldoge.net\/de\/wp-json\/wp\/v2\/pages\/1934\/revisions"}],"predecessor-version":[{"id":4578,"href":"https:\/\/www.hoteldoge.net\/de\/wp-json\/wp\/v2\/pages\/1934\/revisions\/4578"}],"wp:attachment":[{"href":"https:\/\/www.hoteldoge.net\/de\/wp-json\/wp\/v2\/media?parent=1934"}],"curies":[{"name":"wp","href":"https:\/\/api.w.org\/{rel}","templated":true}]}}