{"id":1900,"date":"2020-02-16T17:07:46","date_gmt":"2020-02-16T16:07:46","guid":{"rendered":"https:\/\/www.hroyal.it\/?page_id=1900"},"modified":"2025-02-06T12:05:58","modified_gmt":"2025-02-06T11:05:58","slug":"vergnuegungsparks-angebote-auf-romagna","status":"publish","type":"page","link":"https:\/\/www.hoteldoge.net\/de\/vergnuegungsparks-angebote-auf-romagna\/","title":{"rendered":"Vergn\u00fcgungsparks Angebote auf Romagna"},"content":{"rendered":"<section class=\"l-section wpb_row us_custom_33fe73d0 height_huge width_full\"><div class=\"l-section-h i-cf\"><div class=\"g-cols vc_row via_flex valign_top type_default stacking_default\"><div class=\"vc_col-sm-12 wpb_column vc_column_container\"><div class=\"vc_column-inner\"><div class=\"wpb_wrapper\">\n\t\t\t<!-- START parcodivertimento REVOLUTION SLIDER 6.7.37 --><p class=\"rs-p-wp-fix\"><\/p>\n\t\t\t<rs-module-wrap id=\"rev_slider_16_1_wrapper\" data-source=\"gallery\" style=\"visibility:hidden;background:transparent;padding:0;margin:0px auto;margin-top:0;margin-bottom:0;\">\n\t\t\t\t<rs-module id=\"rev_slider_16_1\" style=\"\" data-version=\"6.7.37\">\n\t\t\t\t\t<rs-slides style=\"overflow: hidden; position: absolute;\">\n\t\t\t\t\t\t<rs-slide style=\"position: absolute;\" data-key=\"rs-27\" data-title=\"Slide\" data-anim=\"ms:1000;r:0;\" data-in=\"o:0;\" data-out=\"a:false;\">\n\t\t\t\t\t\t\t<img decoding=\"async\" src=\"\/\/www.hoteldoge.net\/wp-content\/plugins\/revslider\/sr6\/assets\/assets\/dummy.png\" alt=\"\" title=\"mirabilandia-divertimento\" width=\"1920\" height=\"980\" class=\"rev-slidebg tp-rs-img rs-lazyload\" data-lazyload=\"\/\/www.hoteldoge.net\/wp-content\/uploads\/2020\/01\/mirabilandia-divertimento.jpg\" data-bg=\"p:center bottom;\" data-no-retina>\n<!---->\t\t\t\t\t<\/rs-slide>\n\t\t\t\t\t<\/rs-slides>\n\t\t\t\t<\/rs-module>\n\t\t\t\t<script>\n\t\t\t\t\tsetREVStartSize({c: 'rev_slider_16_1',rl:[1240,1024,778,480],el:[900],gw:[1240],gh:[900],type:'hero',justify:'',layout:'fullwidth',mh:\"0\"});if (window.RS_MODULES!==undefined && window.RS_MODULES.modules!==undefined && window.RS_MODULES.modules[\"revslider161\"]!==undefined) {window.RS_MODULES.modules[\"revslider161\"].once = false;window.revapi16 = undefined;if (window.RS_MODULES.checkMinimal!==undefined) window.RS_MODULES.checkMinimal()}\n\t\t\t\t<\/script>\n\t\t\t<\/rs-module-wrap>\n\t\t\t<!-- END REVOLUTION SLIDER -->\n<\/div><\/div><\/div><\/div><\/div><\/section><section class=\"l-section wpb_row height_medium\"><div class=\"l-section-h i-cf\"><div class=\"g-cols vc_row via_flex valign_middle type_default stacking_default\"><div class=\"vc_col-sm-6 wpb_column vc_column_container\"><div class=\"vc_column-inner\"><div class=\"wpb_wrapper\">[vc_custom_heading text=&#8220;ANGEBOT HOTEL + PARK HALBPENSION ALLES INKLUSIVE&#8220; font_container=&#8220;tag:h1|font_size:30|text_align:left&#8220; google_fonts=&#8220;font_family:Raleway%3A100%2C200%2C300%2Cregular%2C500%2C600%2C700%2C800%2C900|font_style:700%20bold%20regular%3A700%3Anormal&#8220; css=&#8220;%7B%22default%22%3A%7B%22font-size%22%3A%2230%22%7D%7D&#8220;]<div class=\"w-separator size_small\"><\/div><div class=\"wpb_text_column\"><div class=\"wpb_wrapper\"><p>Dies ist <strong>ein Urlaubspaket f\u00fcr 1 Woche \ud83d\udcc5<\/strong> und ist f\u00fcr diejenigen bestimmt, die das Meer \ud83c\udfd6\ufe0f mit reinem Vergn\u00fcgen verkn\u00fcpfen m\u00f6chten. Und daher wird die Emilia Romagna auch als Region der <strong>Vergn\u00fcgungsparks \ud83c\udfa1<\/strong> aufgrund der zahlreichen Attraktionen und Spielpl\u00e4tzen bezeichnet. Hier hat man Spa\u00df mit der Achterbahn \ud83c\udfa2, Karussells \ud83c\udfa0 und aufregenden Fahrten, aber es gibt auch Vorf\u00fchrungen mit Wasserspielen \ud83d\udca6 und Auff\u00fchrungen f\u00fcr Gro\u00df und Klein \ud83d\udc68\u200d\ud83d\udc69\u200d\ud83d\udc67\u200d\ud83d\udc66.<\/p>\n<p>Das Hotel Doge befindet sich in der N\u00e4he der wichtigsten Vergn\u00fcgungsparks wie <strong>Mirabilandia, Aquafan, Oltremare und Italien in Miniatura<\/strong> \ud83c\udff0. Wasserpark und Tierpark reich an abenteuerlichen und thematischen Spielen.<\/p>\n<\/div><\/div><div class=\"w-separator size_small\"><\/div><div class=\"wpb_text_column\"><div class=\"wpb_wrapper\"><p><strong>Das spezielle Angebot Halbpension Alles inbegriffen Hotel + Park besteht aus:<\/strong><\/p>\n<ul>\n<li>\ud83d\udcc5 einw\u00f6chiger Aufenthalt<\/li>\n<li>\ud83c\udf7d\ufe0f Halbpension, Fr\u00fchst\u00fcck und Abendessen<\/li>\n<li>\ud83e\udd64 Getraenke zum Mahlzeiten<\/li>\n<li>\ud83c\udf9f\ufe0f Eintrittskarten nach Wahl f\u00fcr Mirabilandia\/Aquafan\/Oltremare\/Italia in Miniatur<\/li>\n<li>\ud83c\udfd6\ufe0f Strandservice, ein Sonnenschirm und zwei Liegen pro Zimmer<\/li>\n<li>\ud83d\ude97 Parkplatz<\/li>\n<\/ul>\n<\/div><\/div><\/div><\/div><\/div><div class=\"vc_col-sm-6 wpb_column vc_column_container\"><div class=\"vc_column-inner\"><div class=\"wpb_wrapper\"><div class=\"w-grid type_masonry layout_portfolio_18 cols_2 with_isotope ratio_1x1\" id=\"us_grid_1\" style=\"--columns:2;--gap:0.5rem;--item-ratio:1;\" data-filterable=\"true\"><style>@media (min-width:1024px){#us_grid_1 .w-post-elm.post_title{font-size:0px!important}}.layout_portfolio_18 .w-grid-item-h{}.layout_portfolio_18 .usg_vwrapper_1{transition-duration:1s;transform-origin:50% 50%;transform:scale(1) translate(0%,0%);opacity:0}.layout_portfolio_18 .w-grid-item-h:focus-within .usg_vwrapper_1,.layout_portfolio_18 .w-grid-item-h:hover .usg_vwrapper_1{transform:scale(1) translate(0%,0%);opacity:1}.layout_portfolio_18 .usg_post_custom_field_1{transition-duration:1s;transform-origin:50% 50%;transform:scale(1) translate(0%,0%);opacity:0}.layout_portfolio_18 .w-grid-item-h:focus-within .usg_post_custom_field_1,.layout_portfolio_18 .w-grid-item-h:hover .usg_post_custom_field_1{transform:scale(1) translate(0%,0%);opacity:1}.layout_portfolio_18 .usg_post_image_1{position:absolute!important;top:0!important;right:0!important;bottom:0!important;left:0!important}.layout_portfolio_18 .usg_vwrapper_1{position:absolute!important;right:0!important;bottom:-1px!important;left:0!important;background:linear-gradient(transparent,rgba(30,30,30,0.8))!important;padding:5rem 2rem 1.5rem 2rem!important}.layout_portfolio_18 .usg_post_title_1{color:#fff!important;font-size:1.4rem!important}.layout_portfolio_18 .usg_post_taxonomy_1{color:#fff!important;font-size:0.9rem!important}.layout_portfolio_18 .usg_post_custom_field_1{position:absolute!important;top:0!important;right:0!important;bottom:0!important;left:0!important}<\/style><div class=\"w-grid-list\">\t<article class=\"w-grid-item size_1x1 post-1633 attachment type-attachment status-inherit hentry\" data-id=\"1633\">\n\t\t<div class=\"w-grid-item-h\">\n\t\t\t\t\t\t\t<a ref=\"magnificPopupGrid\" href=\"https:\/\/www.hoteldoge.net\/wp-content\/uploads\/2020\/01\/bambine-piscina.jpg\" class=\"w-grid-item-anchor\" aria-label=\"bambine-piscina\"><\/a>\n\t\t\t\t\t\t<div class=\"w-post-elm post_image usg_post_image_1 stretched\"><img loading=\"lazy\" decoding=\"async\" width=\"900\" height=\"600\" src=\"https:\/\/www.hoteldoge.net\/wp-content\/uploads\/2020\/01\/bambine-piscina.jpg\" class=\"attachment-large size-large\" alt=\"\" srcset=\"https:\/\/www.hoteldoge.net\/wp-content\/uploads\/2020\/01\/bambine-piscina.jpg 900w, https:\/\/www.hoteldoge.net\/wp-content\/uploads\/2020\/01\/bambine-piscina-300x200.jpg 300w\" sizes=\"auto, (max-width: 900px) 100vw, 900px\" \/><\/div><div class=\"w-vwrapper usg_vwrapper_1 align_none valign_top\"><h2 class=\"w-post-elm post_title usg_post_title_1 has_text_color entry-title color_link_inherit\">bambine-piscina<\/h2><\/div>\t\t<\/div>\n\t\t\t<\/article>\n\t<article class=\"w-grid-item size_1x1 post-1628 attachment type-attachment status-inherit hentry\" data-id=\"1628\">\n\t\t<div class=\"w-grid-item-h\">\n\t\t\t\t\t\t\t<a ref=\"magnificPopupGrid\" href=\"https:\/\/www.hoteldoge.net\/wp-content\/uploads\/2020\/01\/oltremare-riccione.jpg\" class=\"w-grid-item-anchor\" aria-label=\"oltremare-riccione\"><\/a>\n\t\t\t\t\t\t<div class=\"w-post-elm post_image usg_post_image_1 stretched\"><img loading=\"lazy\" decoding=\"async\" width=\"1000\" height=\"664\" src=\"https:\/\/www.hoteldoge.net\/wp-content\/uploads\/2020\/01\/oltremare-riccione.jpg\" class=\"attachment-large size-large\" alt=\"\" srcset=\"https:\/\/www.hoteldoge.net\/wp-content\/uploads\/2020\/01\/oltremare-riccione.jpg 1000w, https:\/\/www.hoteldoge.net\/wp-content\/uploads\/2020\/01\/oltremare-riccione-300x199.jpg 300w\" sizes=\"auto, (max-width: 1000px) 100vw, 1000px\" \/><\/div><div class=\"w-vwrapper usg_vwrapper_1 align_none valign_top\"><h2 class=\"w-post-elm post_title usg_post_title_1 has_text_color entry-title color_link_inherit\">oltremare-riccione<\/h2><\/div>\t\t<\/div>\n\t\t\t<\/article>\n\t<article class=\"w-grid-item size_1x1 post-1623 attachment type-attachment status-inherit hentry\" data-id=\"1623\">\n\t\t<div class=\"w-grid-item-h\">\n\t\t\t\t\t\t\t<a ref=\"magnificPopupGrid\" href=\"https:\/\/www.hoteldoge.net\/wp-content\/uploads\/2020\/01\/aquafan-riccione.jpg\" class=\"w-grid-item-anchor\" aria-label=\"aquafan-riccione\"><\/a>\n\t\t\t\t\t\t<div class=\"w-post-elm post_image usg_post_image_1 stretched\"><img loading=\"lazy\" decoding=\"async\" width=\"1000\" height=\"667\" src=\"https:\/\/www.hoteldoge.net\/wp-content\/uploads\/2020\/01\/aquafan-riccione.jpg\" class=\"attachment-large size-large\" alt=\"\" srcset=\"https:\/\/www.hoteldoge.net\/wp-content\/uploads\/2020\/01\/aquafan-riccione.jpg 1000w, https:\/\/www.hoteldoge.net\/wp-content\/uploads\/2020\/01\/aquafan-riccione-300x200.jpg 300w\" sizes=\"auto, (max-width: 1000px) 100vw, 1000px\" \/><\/div><div class=\"w-vwrapper usg_vwrapper_1 align_none valign_top\"><h2 class=\"w-post-elm post_title usg_post_title_1 has_text_color entry-title color_link_inherit\">aquafan-riccione<\/h2><\/div>\t\t<\/div>\n\t\t\t<\/article>\n\t<article class=\"w-grid-item size_1x1 post-1618 attachment type-attachment status-inherit hentry\" data-id=\"1618\">\n\t\t<div class=\"w-grid-item-h\">\n\t\t\t\t\t\t\t<a ref=\"magnificPopupGrid\" href=\"https:\/\/www.hoteldoge.net\/wp-content\/uploads\/2020\/01\/italia-in-miniatura.jpg\" class=\"w-grid-item-anchor\" aria-label=\"italia-in-miniatura\"><\/a>\n\t\t\t\t\t\t<div class=\"w-post-elm post_image usg_post_image_1 stretched\"><img loading=\"lazy\" decoding=\"async\" width=\"1000\" height=\"667\" src=\"https:\/\/www.hoteldoge.net\/wp-content\/uploads\/2020\/01\/italia-in-miniatura.jpg\" class=\"attachment-large size-large\" alt=\"\" srcset=\"https:\/\/www.hoteldoge.net\/wp-content\/uploads\/2020\/01\/italia-in-miniatura.jpg 1000w, https:\/\/www.hoteldoge.net\/wp-content\/uploads\/2020\/01\/italia-in-miniatura-300x200.jpg 300w\" sizes=\"auto, (max-width: 1000px) 100vw, 1000px\" \/><\/div><div class=\"w-vwrapper usg_vwrapper_1 align_none valign_top\"><h2 class=\"w-post-elm post_title usg_post_title_1 has_text_color entry-title color_link_inherit\">italia-in-miniatura<\/h2><\/div>\t\t<\/div>\n\t\t\t<\/article>\n<\/div><div class=\"w-grid-preloader\">\t<div class=\"g-preloader type_1\">\n\t\t<div><\/div>\n\t<\/div>\n\t<\/div>\t<div class=\"w-grid-json hidden\" onclick='return {&quot;action&quot;:&quot;us_ajax_grid&quot;,&quot;infinite_scroll&quot;:0,&quot;max_num_pages&quot;:1,&quot;pagination&quot;:&quot;none&quot;,&quot;template_vars&quot;:{&quot;columns&quot;:&quot;2&quot;,&quot;exclude_items&quot;:&quot;none&quot;,&quot;img_size&quot;:&quot;default&quot;,&quot;ignore_items_size&quot;:0,&quot;items_layout&quot;:&quot;portfolio_18&quot;,&quot;items_offset&quot;:&quot;1&quot;,&quot;load_animation&quot;:&quot;none&quot;,&quot;overriding_link&quot;:&quot;%7B%22type%22%3A%22popup_image%22%7D&quot;,&quot;post_id&quot;:0,&quot;query_args&quot;:{&quot;post_type&quot;:[&quot;attachment&quot;],&quot;post__in&quot;:[&quot;1616&quot;,&quot;1621&quot;,&quot;1631&quot;,&quot;1626&quot;],&quot;post_status&quot;:&quot;inherit&quot;,&quot;post_mime_type&quot;:&quot;image&quot;,&quot;posts_per_page&quot;:&quot;10&quot;},&quot;orderby_query_args&quot;:{&quot;orderby&quot;:{&quot;date&quot;:&quot;DESC&quot;}},&quot;type&quot;:&quot;masonry&quot;,&quot;us_grid_post_type&quot;:&quot;attachment&quot;,&quot;us_grid_ajax_index&quot;:1,&quot;us_grid_filter_query_string&quot;:null,&quot;us_grid_index&quot;:1,&quot;page_args&quot;:[],&quot;lang&quot;:&quot;de&quot;}}'><\/div>\n\t<\/div><div class=\"w-separator size_small\"><\/div>[vc_custom_heading text=&#8220;Erm\u00e4\u00dfigungen f\u00fcr Familien&#8220; font_container=&#8220;tag:h1|font_size:30|text_align:left&#8220; google_fonts=&#8220;font_family:Raleway%3A100%2C200%2C300%2Cregular%2C500%2C600%2C700%2C800%2C900|font_style:700%20bold%20regular%3A700%3Anormal&#8220; css=&#8220;%7B%22default%22%3A%7B%22font-size%22%3A%2230%22%7D%7D&#8220;]<div class=\"w-separator size_small\"><\/div><div class=\"wpb_text_column\"><div class=\"wpb_wrapper\"><ul>\n<li>\ud83d\udc68\u200d\ud83d\udc69\u200d\ud83d\udc67\u200d\ud83d\udc66 Preisnachlass f\u00fcr Kinder:<\/li>\n<li>\ud83d\udc76 Kinder 0-2 Jahre <span style=\"color: red; font-weight: bold; font-size: 150%;\">GRATIS<\/span> (ausgenommen von 10.08 bis 23.08)<\/li>\n<li>\ud83e\uddd2 Kinder 3-8 Jahre: <span style=\"color: red; font-weight: bold; font-size: 150%;\">50%<\/span> Rabatt<\/li>\n<li>\ud83d\udc66 Kinder 9-13 Jahre: sconto <span style=\"color: red; font-weight: bold; font-size: 150%;\">30% Rabatt<\/span> sconto<\/li>\n<li>\ud83d\udecf\ufe0f 3\u00b0 Bett <span style=\"color: red; font-weight: bold; font-size: 150%;\">-10%<\/span>, 4\u00b0 Bett, <span style=\"color: red; font-weight: bold; font-size: 150%;\">-20%<\/span><\/li>\n<\/ul>\n<\/div><\/div><div class=\"w-separator size_small\"><\/div><div class=\"w-btn-wrapper align_center\"><a class=\"w-btn us-btn-style_2\" href=\"https:\/\/www.hoteldoge.net\/de\/anfrage\/\"><span class=\"w-btn-label\">Anfrage Erm\u00e4\u00dfigungen f\u00fcr Familien<\/span><\/a><\/div><\/div><\/div><\/div><\/div><\/div><\/section>\n","protected":false},"excerpt":{"rendered":"","protected":false},"author":1,"featured_media":0,"parent":0,"menu_order":0,"comment_status":"closed","ping_status":"closed","template":"","meta":{"footnotes":""},"class_list":["post-1900","page","type-page","status-publish","hentry"],"yoast_head":"<!-- This site is optimized with the Yoast SEO plugin v26.5 - https:\/\/yoast.com\/wordpress\/plugins\/seo\/ -->\n<title>Vergn\u00fcgungsparks Angebote auf Romagna<\/title>\n<meta name=\"description\" content=\"Vergn\u00fcgungsparks Angebote auf Romagna. Wochen All incluisve im Hotel Doge, 3-Sterne-Hotel in Torre Pedrera, Rimini und Eintrittskarten nach Wahl f\u00fcr Mirabilandia\/Aquafan\/Oltremare\/Italia in Miniatur.\" \/>\n<meta name=\"robots\" content=\"index, follow, max-snippet:-1, max-image-preview:large, max-video-preview:-1\" \/>\n<link rel=\"canonical\" href=\"https:\/\/www.hoteldoge.net\/de\/vergnuegungsparks-angebote-auf-romagna\/\" \/>\n<meta property=\"og:locale\" content=\"de_DE\" \/>\n<meta property=\"og:type\" content=\"article\" \/>\n<meta property=\"og:title\" content=\"Vergn\u00fcgungsparks Angebote auf Romagna\" \/>\n<meta property=\"og:description\" content=\"Vergn\u00fcgungsparks Angebote auf Romagna. Wochen All incluisve im Hotel Doge, 3-Sterne-Hotel in Torre Pedrera, Rimini und Eintrittskarten nach Wahl f\u00fcr Mirabilandia\/Aquafan\/Oltremare\/Italia in Miniatur.\" \/>\n<meta property=\"og:url\" content=\"https:\/\/www.hoteldoge.net\/de\/vergnuegungsparks-angebote-auf-romagna\/\" \/>\n<meta property=\"og:site_name\" content=\"Hotel Doge Torre Pedrera\" \/>\n<meta property=\"article:modified_time\" content=\"2025-02-06T11:05:58+00:00\" \/>\n<meta name=\"twitter:card\" content=\"summary_large_image\" \/>\n<meta name=\"twitter:label1\" content=\"Gesch\u00e4tzte Lesezeit\" \/>\n\t<meta name=\"twitter:data1\" content=\"2\u00a0Minuten\" \/>\n<script type=\"application\/ld+json\" class=\"yoast-schema-graph\">{\"@context\":\"https:\/\/schema.org\",\"@graph\":[{\"@type\":\"WebPage\",\"@id\":\"https:\/\/www.hoteldoge.net\/de\/vergnuegungsparks-angebote-auf-romagna\/\",\"url\":\"https:\/\/www.hoteldoge.net\/de\/vergnuegungsparks-angebote-auf-romagna\/\",\"name\":\"Vergn\u00fcgungsparks Angebote auf Romagna\",\"isPartOf\":{\"@id\":\"https:\/\/www.hoteldoge.net\/de\/#website\"},\"datePublished\":\"2020-02-16T16:07:46+00:00\",\"dateModified\":\"2025-02-06T11:05:58+00:00\",\"description\":\"Vergn\u00fcgungsparks Angebote auf Romagna. Wochen All incluisve im Hotel Doge, 3-Sterne-Hotel in Torre Pedrera, Rimini und Eintrittskarten nach Wahl f\u00fcr Mirabilandia\/Aquafan\/Oltremare\/Italia in Miniatur.\",\"breadcrumb\":{\"@id\":\"https:\/\/www.hoteldoge.net\/de\/vergnuegungsparks-angebote-auf-romagna\/#breadcrumb\"},\"inLanguage\":\"de\",\"potentialAction\":[{\"@type\":\"ReadAction\",\"target\":[\"https:\/\/www.hoteldoge.net\/de\/vergnuegungsparks-angebote-auf-romagna\/\"]}]},{\"@type\":\"BreadcrumbList\",\"@id\":\"https:\/\/www.hoteldoge.net\/de\/vergnuegungsparks-angebote-auf-romagna\/#breadcrumb\",\"itemListElement\":[{\"@type\":\"ListItem\",\"position\":1,\"name\":\"Home\",\"item\":\"https:\/\/www.hoteldoge.net\/it\/\"},{\"@type\":\"ListItem\",\"position\":2,\"name\":\"Vergn\u00fcgungsparks Angebote auf Romagna\"}]},{\"@type\":\"WebSite\",\"@id\":\"https:\/\/www.hoteldoge.net\/de\/#website\",\"url\":\"https:\/\/www.hoteldoge.net\/de\/\",\"name\":\"Hotel Doge Torre Pedrera\",\"description\":\"Hotel 3 stelle Torre Pedrera All inclusive con Piscina e Spiaggia\",\"potentialAction\":[{\"@type\":\"SearchAction\",\"target\":{\"@type\":\"EntryPoint\",\"urlTemplate\":\"https:\/\/www.hoteldoge.net\/de\/?s={search_term_string}\"},\"query-input\":{\"@type\":\"PropertyValueSpecification\",\"valueRequired\":true,\"valueName\":\"search_term_string\"}}],\"inLanguage\":\"de\"}]}<\/script>\n<!-- \/ Yoast SEO plugin. -->","yoast_head_json":{"title":"Vergn\u00fcgungsparks Angebote auf Romagna","description":"Vergn\u00fcgungsparks Angebote auf Romagna. Wochen All incluisve im Hotel Doge, 3-Sterne-Hotel in Torre Pedrera, Rimini und Eintrittskarten nach Wahl f\u00fcr Mirabilandia\/Aquafan\/Oltremare\/Italia in Miniatur.","robots":{"index":"index","follow":"follow","max-snippet":"max-snippet:-1","max-image-preview":"max-image-preview:large","max-video-preview":"max-video-preview:-1"},"canonical":"https:\/\/www.hoteldoge.net\/de\/vergnuegungsparks-angebote-auf-romagna\/","og_locale":"de_DE","og_type":"article","og_title":"Vergn\u00fcgungsparks Angebote auf Romagna","og_description":"Vergn\u00fcgungsparks Angebote auf Romagna. Wochen All incluisve im Hotel Doge, 3-Sterne-Hotel in Torre Pedrera, Rimini und Eintrittskarten nach Wahl f\u00fcr Mirabilandia\/Aquafan\/Oltremare\/Italia in Miniatur.","og_url":"https:\/\/www.hoteldoge.net\/de\/vergnuegungsparks-angebote-auf-romagna\/","og_site_name":"Hotel Doge Torre Pedrera","article_modified_time":"2025-02-06T11:05:58+00:00","twitter_card":"summary_large_image","twitter_misc":{"Gesch\u00e4tzte Lesezeit":"2\u00a0Minuten"},"schema":{"@context":"https:\/\/schema.org","@graph":[{"@type":"WebPage","@id":"https:\/\/www.hoteldoge.net\/de\/vergnuegungsparks-angebote-auf-romagna\/","url":"https:\/\/www.hoteldoge.net\/de\/vergnuegungsparks-angebote-auf-romagna\/","name":"Vergn\u00fcgungsparks Angebote auf Romagna","isPartOf":{"@id":"https:\/\/www.hoteldoge.net\/de\/#website"},"datePublished":"2020-02-16T16:07:46+00:00","dateModified":"2025-02-06T11:05:58+00:00","description":"Vergn\u00fcgungsparks Angebote auf Romagna. Wochen All incluisve im Hotel Doge, 3-Sterne-Hotel in Torre Pedrera, Rimini und Eintrittskarten nach Wahl f\u00fcr Mirabilandia\/Aquafan\/Oltremare\/Italia in Miniatur.","breadcrumb":{"@id":"https:\/\/www.hoteldoge.net\/de\/vergnuegungsparks-angebote-auf-romagna\/#breadcrumb"},"inLanguage":"de","potentialAction":[{"@type":"ReadAction","target":["https:\/\/www.hoteldoge.net\/de\/vergnuegungsparks-angebote-auf-romagna\/"]}]},{"@type":"BreadcrumbList","@id":"https:\/\/www.hoteldoge.net\/de\/vergnuegungsparks-angebote-auf-romagna\/#breadcrumb","itemListElement":[{"@type":"ListItem","position":1,"name":"Home","item":"https:\/\/www.hoteldoge.net\/it\/"},{"@type":"ListItem","position":2,"name":"Vergn\u00fcgungsparks Angebote auf Romagna"}]},{"@type":"WebSite","@id":"https:\/\/www.hoteldoge.net\/de\/#website","url":"https:\/\/www.hoteldoge.net\/de\/","name":"Hotel Doge Torre Pedrera","description":"Hotel 3 stelle Torre Pedrera All inclusive con Piscina e Spiaggia","potentialAction":[{"@type":"SearchAction","target":{"@type":"EntryPoint","urlTemplate":"https:\/\/www.hoteldoge.net\/de\/?s={search_term_string}"},"query-input":{"@type":"PropertyValueSpecification","valueRequired":true,"valueName":"search_term_string"}}],"inLanguage":"de"}]}},"_links":{"self":[{"href":"https:\/\/www.hoteldoge.net\/de\/wp-json\/wp\/v2\/pages\/1900","targetHints":{"allow":["GET"]}}],"collection":[{"href":"https:\/\/www.hoteldoge.net\/de\/wp-json\/wp\/v2\/pages"}],"about":[{"href":"https:\/\/www.hoteldoge.net\/de\/wp-json\/wp\/v2\/types\/page"}],"author":[{"embeddable":true,"href":"https:\/\/www.hoteldoge.net\/de\/wp-json\/wp\/v2\/users\/1"}],"replies":[{"embeddable":true,"href":"https:\/\/www.hoteldoge.net\/de\/wp-json\/wp\/v2\/comments?post=1900"}],"version-history":[{"count":8,"href":"https:\/\/www.hoteldoge.net\/de\/wp-json\/wp\/v2\/pages\/1900\/revisions"}],"predecessor-version":[{"id":4410,"href":"https:\/\/www.hoteldoge.net\/de\/wp-json\/wp\/v2\/pages\/1900\/revisions\/4410"}],"wp:attachment":[{"href":"https:\/\/www.hoteldoge.net\/de\/wp-json\/wp\/v2\/media?parent=1900"}],"curies":[{"name":"wp","href":"https:\/\/api.w.org\/{rel}","templated":true}]}}