{"id":1882,"date":"2020-02-16T15:39:48","date_gmt":"2020-02-16T14:39:48","guid":{"rendered":"https:\/\/www.hroyal.it\/?page_id=1882"},"modified":"2025-02-06T12:00:54","modified_gmt":"2025-02-06T11:00:54","slug":"ermaessigungen-kindern-gratis-rimini","status":"publish","type":"page","link":"https:\/\/www.hoteldoge.net\/de\/ermaessigungen-kindern-gratis-rimini\/","title":{"rendered":"Erm\u00e4\u00dfigungen Kindern Gratis Rimini"},"content":{"rendered":"<section class=\"l-section wpb_row us_custom_33fe73d0 height_huge width_full\"><div class=\"l-section-h i-cf\"><div class=\"g-cols vc_row via_flex valign_top type_default stacking_default\"><div class=\"vc_col-sm-12 wpb_column vc_column_container\"><div class=\"vc_column-inner\"><div class=\"wpb_wrapper\">\n\t\t\t<!-- START scontibimbi REVOLUTION SLIDER 6.7.37 --><p class=\"rs-p-wp-fix\"><\/p>\n\t\t\t<rs-module-wrap id=\"rev_slider_12_1_wrapper\" data-source=\"gallery\" style=\"visibility:hidden;background:transparent;padding:0;margin:0px auto;margin-top:0;margin-bottom:0;\">\n\t\t\t\t<rs-module id=\"rev_slider_12_1\" style=\"\" data-version=\"6.7.37\">\n\t\t\t\t\t<rs-slides style=\"overflow: hidden; position: absolute;\">\n\t\t\t\t\t\t<rs-slide style=\"position: absolute;\" data-key=\"rs-22\" data-title=\"Slide\" data-anim=\"ms:1000;r:0;\" data-in=\"o:0;\" data-out=\"a:false;\">\n\t\t\t\t\t\t\t<img decoding=\"async\" src=\"\/\/www.hoteldoge.net\/wp-content\/plugins\/revslider\/sr6\/assets\/assets\/dummy.png\" alt=\"\" title=\"bimbi-scontati\" width=\"1501\" height=\"642\" class=\"rev-slidebg tp-rs-img rs-lazyload\" data-lazyload=\"\/\/www.hoteldoge.net\/wp-content\/uploads\/2019\/12\/bimbi-scontati.jpg\" data-bg=\"p:center bottom;\" data-no-retina>\n<!---->\t\t\t\t\t<\/rs-slide>\n\t\t\t\t\t<\/rs-slides>\n\t\t\t\t<\/rs-module>\n\t\t\t\t<script>\n\t\t\t\t\tsetREVStartSize({c: 'rev_slider_12_1',rl:[1240,1024,778,480],el:[900],gw:[1240],gh:[900],type:'hero',justify:'',layout:'fullwidth',mh:\"0\"});if (window.RS_MODULES!==undefined && window.RS_MODULES.modules!==undefined && window.RS_MODULES.modules[\"revslider121\"]!==undefined) {window.RS_MODULES.modules[\"revslider121\"].once = false;window.revapi12 = undefined;if (window.RS_MODULES.checkMinimal!==undefined) window.RS_MODULES.checkMinimal()}\n\t\t\t\t<\/script>\n\t\t\t<\/rs-module-wrap>\n\t\t\t<!-- END REVOLUTION SLIDER -->\n<\/div><\/div><\/div><\/div><\/div><\/section><section class=\"l-section wpb_row height_medium\"><div class=\"l-section-h i-cf\"><div class=\"g-cols vc_row via_flex valign_middle type_default stacking_default\"><div class=\"vc_col-sm-12 wpb_column vc_column_container\"><div class=\"vc_column-inner\"><div class=\"wpb_wrapper\"><div class=\"wpb_text_column\"><div class=\"wpb_wrapper\"><h1 style=\"text-align: center; font-size: 250%;\">Erm\u00e4\u00dfigungen f\u00fcr Kinder<\/h1>\n<\/div><\/div><div class=\"wpb_text_column\"><div class=\"wpb_wrapper\">\n<table id=\"tablepress-9\" class=\"tablepress tablepress-id-9\">\n<thead>\n<tr class=\"row-1\">\n\t<th class=\"column-1\">Erm\u00e4\u00dfigungen f\u00fcr Kinder <\/th><th class=\"column-2\">im Zimmer mit 2 Erwachsenen<\/th><th class=\"column-3\">im Familienzimmer  (Zimmer mit Verbindungst\u00fcr)<\/th>\n<\/tr>\n<\/thead>\n<tbody class=\"row-striping\">\n<tr class=\"row-2\">\n\t<td class=\"column-1\">Kinder 0-2 Jahre (*)<\/td><td class=\"column-2\"><strong>100% (GRATIS )<\/strong><\/td><td class=\"column-3\">50%<\/td>\n<\/tr>\n<tr class=\"row-3\">\n\t<td class=\"column-1\">Kinder 3-8 Jahre<\/td><td class=\"column-2\">50%<\/td><td class=\"column-3\">25%<\/td>\n<\/tr>\n<tr class=\"row-4\">\n\t<td class=\"column-1\">Kinder 9-13 Jahre<\/td><td class=\"column-2\">30%<\/td><td class=\"column-3\">15%<\/td>\n<\/tr>\n<\/tbody>\n<\/table>\n\n<\/div><\/div><div class=\"wpb_text_column\"><div class=\"wpb_wrapper\"><p>* ausgenommen von 10.08 bis 23.08<\/p>\n<\/div><\/div><div class=\"w-separator size_medium\"><\/div>[vc_custom_heading text=&#8220;Erm\u00e4\u00dfigungen im Familienzimmer&#8220; font_container=&#8220;tag:h2|font_size:20|text_align:left&#8220; google_fonts=&#8220;font_family:Raleway%3A100%2C200%2C300%2Cregular%2C500%2C600%2C700%2C800%2C900|font_style:500%20bold%20regular%3A500%3Anormal&#8220; css=&#8220;%7B%22default%22%3A%7B%22font-size%22%3A%2220%22%7D%7D&#8220;]<div class=\"wpb_text_column\"><div class=\"wpb_wrapper\"><ul>\n<li>Erm\u00e4\u00dfigungen im Familienzimmer (2 Kindern von 3-13 Jahre im Zimmer mit 2 Erwachsenen): : <span style=\"color: #ee6532; font-size: 1.5em; font-weight: bold;\">50%<\/span> Rabatt<\/li>\n<\/ul>\n<\/div><\/div><div class=\"w-separator size_small\"><\/div><div class=\"w-btn-wrapper align_center\"><a class=\"w-btn us-btn-style_2\" href=\"https:\/\/www.hoteldoge.net\/de\/anfrage\/\"><span class=\"w-btn-label\">Anfrage Erm\u00e4\u00dfigungen f\u00fcr Kinder<\/span><\/a><\/div><\/div><\/div><\/div><\/div><\/div><\/section>\n","protected":false},"excerpt":{"rendered":"Erm\u00e4\u00dfigungen f\u00fcr Kinder Erm\u00e4\u00dfigungen f\u00fcr Kinder im Zimmer mit 2 Erwachsenenim Familienzimmer (Zimmer mit Verbindungst\u00fcr) Kinder 0-2 Jahre (*)100% (GRATIS )50% Kinder 3-8 Jahre50%25% Kinder 9-13 Jahre30%15% * ausgenommen von 10.08 bis 23.08 [vc_custom_heading text=\"Erm\u00e4\u00dfigungen im Familienzimmer\" font_container=\"tag:h2|font_size:20|text_align:left\" google_fonts=\"font_family:Raleway%3A100%2C200%2C300%2Cregular%2C500%2C600%2C700%2C800%2C900|font_style:500%20bold%20regular%3A500%3Anormal\" css=\"%7B%22default%22%3A%7B%22font-size%22%3A%2220%22%7D%7D\"] Erm\u00e4\u00dfigungen im Familienzimmer (2 Kindern von 3-13 Jahre im Zimmer mit 2 Erwachsenen): : 50%...","protected":false},"author":1,"featured_media":0,"parent":0,"menu_order":0,"comment_status":"closed","ping_status":"closed","template":"","meta":{"footnotes":""},"class_list":["post-1882","page","type-page","status-publish","hentry"],"yoast_head":"<!-- This site is optimized with the Yoast SEO plugin v26.5 - https:\/\/yoast.com\/wordpress\/plugins\/seo\/ -->\n<title>Erm\u00e4\u00dfigungen Kindern Gratis Rimini<\/title>\n<meta name=\"description\" content=\"Erm\u00e4\u00dfigungen Kindern Gratis in Hotel Doge Rimini.\" \/>\n<meta name=\"robots\" content=\"index, follow, max-snippet:-1, max-image-preview:large, max-video-preview:-1\" \/>\n<link rel=\"canonical\" href=\"https:\/\/www.hoteldoge.net\/de\/ermaessigungen-kindern-gratis-rimini\/\" \/>\n<meta property=\"og:locale\" content=\"de_DE\" \/>\n<meta property=\"og:type\" content=\"article\" \/>\n<meta property=\"og:title\" content=\"Erm\u00e4\u00dfigungen Kindern Gratis Rimini\" \/>\n<meta property=\"og:description\" content=\"Erm\u00e4\u00dfigungen Kindern Gratis in Hotel Doge Rimini.\" \/>\n<meta property=\"og:url\" content=\"https:\/\/www.hoteldoge.net\/de\/ermaessigungen-kindern-gratis-rimini\/\" \/>\n<meta property=\"og:site_name\" content=\"Hotel Doge Torre Pedrera\" \/>\n<meta property=\"article:modified_time\" content=\"2025-02-06T11:00:54+00:00\" \/>\n<meta name=\"twitter:card\" content=\"summary_large_image\" \/>\n<meta name=\"twitter:label1\" content=\"Gesch\u00e4tzte Lesezeit\" \/>\n\t<meta name=\"twitter:data1\" content=\"1\u00a0Minute\" \/>\n<script type=\"application\/ld+json\" class=\"yoast-schema-graph\">{\"@context\":\"https:\/\/schema.org\",\"@graph\":[{\"@type\":\"WebPage\",\"@id\":\"https:\/\/www.hoteldoge.net\/de\/ermaessigungen-kindern-gratis-rimini\/\",\"url\":\"https:\/\/www.hoteldoge.net\/de\/ermaessigungen-kindern-gratis-rimini\/\",\"name\":\"Erm\u00e4\u00dfigungen Kindern Gratis Rimini\",\"isPartOf\":{\"@id\":\"https:\/\/www.hoteldoge.net\/de\/#website\"},\"datePublished\":\"2020-02-16T14:39:48+00:00\",\"dateModified\":\"2025-02-06T11:00:54+00:00\",\"description\":\"Erm\u00e4\u00dfigungen Kindern Gratis in Hotel Doge Rimini.\",\"breadcrumb\":{\"@id\":\"https:\/\/www.hoteldoge.net\/de\/ermaessigungen-kindern-gratis-rimini\/#breadcrumb\"},\"inLanguage\":\"de\",\"potentialAction\":[{\"@type\":\"ReadAction\",\"target\":[\"https:\/\/www.hoteldoge.net\/de\/ermaessigungen-kindern-gratis-rimini\/\"]}]},{\"@type\":\"BreadcrumbList\",\"@id\":\"https:\/\/www.hoteldoge.net\/de\/ermaessigungen-kindern-gratis-rimini\/#breadcrumb\",\"itemListElement\":[{\"@type\":\"ListItem\",\"position\":1,\"name\":\"Home\",\"item\":\"https:\/\/www.hoteldoge.net\/it\/\"},{\"@type\":\"ListItem\",\"position\":2,\"name\":\"Erm\u00e4\u00dfigungen Kindern Gratis Rimini\"}]},{\"@type\":\"WebSite\",\"@id\":\"https:\/\/www.hoteldoge.net\/de\/#website\",\"url\":\"https:\/\/www.hoteldoge.net\/de\/\",\"name\":\"Hotel Doge Torre Pedrera\",\"description\":\"Hotel 3 stelle Torre Pedrera All inclusive con Piscina e Spiaggia\",\"potentialAction\":[{\"@type\":\"SearchAction\",\"target\":{\"@type\":\"EntryPoint\",\"urlTemplate\":\"https:\/\/www.hoteldoge.net\/de\/?s={search_term_string}\"},\"query-input\":{\"@type\":\"PropertyValueSpecification\",\"valueRequired\":true,\"valueName\":\"search_term_string\"}}],\"inLanguage\":\"de\"}]}<\/script>\n<!-- \/ Yoast SEO plugin. -->","yoast_head_json":{"title":"Erm\u00e4\u00dfigungen Kindern Gratis Rimini","description":"Erm\u00e4\u00dfigungen Kindern Gratis in Hotel Doge Rimini.","robots":{"index":"index","follow":"follow","max-snippet":"max-snippet:-1","max-image-preview":"max-image-preview:large","max-video-preview":"max-video-preview:-1"},"canonical":"https:\/\/www.hoteldoge.net\/de\/ermaessigungen-kindern-gratis-rimini\/","og_locale":"de_DE","og_type":"article","og_title":"Erm\u00e4\u00dfigungen Kindern Gratis Rimini","og_description":"Erm\u00e4\u00dfigungen Kindern Gratis in Hotel Doge Rimini.","og_url":"https:\/\/www.hoteldoge.net\/de\/ermaessigungen-kindern-gratis-rimini\/","og_site_name":"Hotel Doge Torre Pedrera","article_modified_time":"2025-02-06T11:00:54+00:00","twitter_card":"summary_large_image","twitter_misc":{"Gesch\u00e4tzte Lesezeit":"1\u00a0Minute"},"schema":{"@context":"https:\/\/schema.org","@graph":[{"@type":"WebPage","@id":"https:\/\/www.hoteldoge.net\/de\/ermaessigungen-kindern-gratis-rimini\/","url":"https:\/\/www.hoteldoge.net\/de\/ermaessigungen-kindern-gratis-rimini\/","name":"Erm\u00e4\u00dfigungen Kindern Gratis Rimini","isPartOf":{"@id":"https:\/\/www.hoteldoge.net\/de\/#website"},"datePublished":"2020-02-16T14:39:48+00:00","dateModified":"2025-02-06T11:00:54+00:00","description":"Erm\u00e4\u00dfigungen Kindern Gratis in Hotel Doge Rimini.","breadcrumb":{"@id":"https:\/\/www.hoteldoge.net\/de\/ermaessigungen-kindern-gratis-rimini\/#breadcrumb"},"inLanguage":"de","potentialAction":[{"@type":"ReadAction","target":["https:\/\/www.hoteldoge.net\/de\/ermaessigungen-kindern-gratis-rimini\/"]}]},{"@type":"BreadcrumbList","@id":"https:\/\/www.hoteldoge.net\/de\/ermaessigungen-kindern-gratis-rimini\/#breadcrumb","itemListElement":[{"@type":"ListItem","position":1,"name":"Home","item":"https:\/\/www.hoteldoge.net\/it\/"},{"@type":"ListItem","position":2,"name":"Erm\u00e4\u00dfigungen Kindern Gratis Rimini"}]},{"@type":"WebSite","@id":"https:\/\/www.hoteldoge.net\/de\/#website","url":"https:\/\/www.hoteldoge.net\/de\/","name":"Hotel Doge Torre Pedrera","description":"Hotel 3 stelle Torre Pedrera All inclusive con Piscina e Spiaggia","potentialAction":[{"@type":"SearchAction","target":{"@type":"EntryPoint","urlTemplate":"https:\/\/www.hoteldoge.net\/de\/?s={search_term_string}"},"query-input":{"@type":"PropertyValueSpecification","valueRequired":true,"valueName":"search_term_string"}}],"inLanguage":"de"}]}},"_links":{"self":[{"href":"https:\/\/www.hoteldoge.net\/de\/wp-json\/wp\/v2\/pages\/1882","targetHints":{"allow":["GET"]}}],"collection":[{"href":"https:\/\/www.hoteldoge.net\/de\/wp-json\/wp\/v2\/pages"}],"about":[{"href":"https:\/\/www.hoteldoge.net\/de\/wp-json\/wp\/v2\/types\/page"}],"author":[{"embeddable":true,"href":"https:\/\/www.hoteldoge.net\/de\/wp-json\/wp\/v2\/users\/1"}],"replies":[{"embeddable":true,"href":"https:\/\/www.hoteldoge.net\/de\/wp-json\/wp\/v2\/comments?post=1882"}],"version-history":[{"count":7,"href":"https:\/\/www.hoteldoge.net\/de\/wp-json\/wp\/v2\/pages\/1882\/revisions"}],"predecessor-version":[{"id":1887,"href":"https:\/\/www.hoteldoge.net\/de\/wp-json\/wp\/v2\/pages\/1882\/revisions\/1887"}],"wp:attachment":[{"href":"https:\/\/www.hoteldoge.net\/de\/wp-json\/wp\/v2\/media?parent=1882"}],"curies":[{"name":"wp","href":"https:\/\/api.w.org\/{rel}","templated":true}]}}