{"id":1868,"date":"2020-02-16T12:45:26","date_gmt":"2020-02-16T11:45:26","guid":{"rendered":"https:\/\/www.hroyal.it\/?page_id=1868"},"modified":"2024-10-23T11:49:41","modified_gmt":"2024-10-23T09:49:41","slug":"preisliste-hotel-rimini-all-inclusive","status":"publish","type":"page","link":"https:\/\/www.hoteldoge.net\/de\/preisliste-hotel-rimini-all-inclusive\/","title":{"rendered":"Preisliste Hotel Rimini All inclusive"},"content":{"rendered":"<section class=\"l-section wpb_row us_custom_33fe73d0 height_huge width_full\"><div class=\"l-section-h i-cf\"><div class=\"g-cols vc_row via_flex valign_top type_default stacking_default\"><div class=\"vc_col-sm-12 wpb_column vc_column_container\"><div class=\"vc_column-inner\"><div class=\"wpb_wrapper\">\n\t\t\t<!-- START prezzi REVOLUTION SLIDER 6.7.37 --><p class=\"rs-p-wp-fix\"><\/p>\n\t\t\t<rs-module-wrap id=\"rev_slider_11_1_wrapper\" data-source=\"gallery\" style=\"visibility:hidden;background:transparent;padding:0;margin:0px auto;margin-top:0;margin-bottom:0;\">\n\t\t\t\t<rs-module id=\"rev_slider_11_1\" style=\"\" data-version=\"6.7.37\">\n\t\t\t\t\t<rs-slides style=\"overflow: hidden; position: absolute;\">\n\t\t\t\t\t\t<rs-slide style=\"position: absolute;\" data-key=\"rs-16\" data-title=\"Slide\" data-thumb=\"\/\/www.hoteldoge.net\/wp-content\/uploads\/2019\/12\/hall4-hoteldoge.jpg\" data-anim=\"ms:1000;r:0;\" data-in=\"o:0;\" data-out=\"a:false;\">\n\t\t\t\t\t\t\t<img decoding=\"async\" src=\"\/\/www.hoteldoge.net\/wp-content\/plugins\/revslider\/sr6\/assets\/assets\/dummy.png\" alt=\"\" title=\"hall4-hoteldoge\" width=\"1920\" height=\"1050\" class=\"rev-slidebg tp-rs-img rs-lazyload\" data-lazyload=\"\/\/www.hoteldoge.net\/wp-content\/uploads\/2019\/12\/hall4-hoteldoge.jpg\" data-bg=\"p:center bottom;\" data-no-retina>\n<!---->\t\t\t\t\t<\/rs-slide>\n\t\t\t\t\t\t<rs-slide style=\"position: absolute;\" data-key=\"rs-32\" data-title=\"Slide\" data-thumb=\"\/\/www.hoteldoge.net\/wp-content\/uploads\/2021\/07\/camera-doge-vista-mare_DSC6992.jpg\" data-anim=\"ms:1000;r:0;\" data-in=\"o:0;\" data-out=\"a:false;\">\n\t\t\t\t\t\t\t<img decoding=\"async\" src=\"\/\/www.hoteldoge.net\/wp-content\/plugins\/revslider\/sr6\/assets\/assets\/dummy.png\" alt=\"\" title=\"camera-doge-vista-mare_DSC6992\" width=\"1920\" height=\"1197\" class=\"rev-slidebg tp-rs-img rs-lazyload\" data-lazyload=\"\/\/www.hoteldoge.net\/wp-content\/uploads\/2021\/07\/camera-doge-vista-mare_DSC6992.jpg\" data-bg=\"p:center bottom;\" data-no-retina>\n<!---->\t\t\t\t\t<\/rs-slide>\n\t\t\t\t\t\t<rs-slide style=\"position: absolute;\" data-key=\"rs-33\" data-title=\"Slide\" data-thumb=\"\/\/www.hoteldoge.net\/wp-content\/uploads\/2021\/07\/lungomare-serale-torre-pedrera-doge_DSC6863.jpg\" data-anim=\"ms:1000;r:0;\" data-in=\"o:0;\" data-out=\"a:false;\">\n\t\t\t\t\t\t\t<img decoding=\"async\" src=\"\/\/www.hoteldoge.net\/wp-content\/plugins\/revslider\/sr6\/assets\/assets\/dummy.png\" alt=\"\" title=\"lungomare-serale-torre-pedrera-doge_DSC6863\" width=\"2400\" height=\"1075\" class=\"rev-slidebg tp-rs-img rs-lazyload\" data-lazyload=\"\/\/www.hoteldoge.net\/wp-content\/uploads\/2021\/07\/lungomare-serale-torre-pedrera-doge_DSC6863.jpg\" data-bg=\"p:center bottom;\" data-no-retina>\n<!---->\t\t\t\t\t<\/rs-slide>\n\t\t\t\t\t\t<rs-slide style=\"position: absolute;\" data-key=\"rs-21\" data-title=\"Slide\" data-thumb=\"\/\/www.hoteldoge.net\/wp-content\/uploads\/2019\/12\/camera-confort-home-1.jpg\" data-anim=\"ms:1000;r:0;\" data-in=\"o:0;\" data-out=\"a:false;\">\n\t\t\t\t\t\t\t<img decoding=\"async\" src=\"\/\/www.hoteldoge.net\/wp-content\/plugins\/revslider\/sr6\/assets\/assets\/dummy.png\" alt=\"\" title=\"camera-confort-home\" width=\"1920\" height=\"1050\" class=\"rev-slidebg tp-rs-img rs-lazyload\" data-lazyload=\"\/\/www.hoteldoge.net\/wp-content\/uploads\/2019\/12\/camera-confort-home-1.jpg\" data-bg=\"p:center bottom;\" data-no-retina>\n<!---->\t\t\t\t\t<\/rs-slide>\n\t\t\t\t\t<\/rs-slides>\n\t\t\t\t<\/rs-module>\n\t\t\t\t<script>\n\t\t\t\t\tsetREVStartSize({c: 'rev_slider_11_1',rl:[1240,1024,778,480],el:[900],gw:[1240],gh:[900],type:'standard',justify:'',layout:'fullwidth',mh:\"0\"});if (window.RS_MODULES!==undefined && window.RS_MODULES.modules!==undefined && window.RS_MODULES.modules[\"revslider111\"]!==undefined) {window.RS_MODULES.modules[\"revslider111\"].once = false;window.revapi11 = undefined;if (window.RS_MODULES.checkMinimal!==undefined) window.RS_MODULES.checkMinimal()}\n\t\t\t\t<\/script>\n\t\t\t<\/rs-module-wrap>\n\t\t\t<!-- END REVOLUTION SLIDER -->\n<\/div><\/div><\/div><\/div><\/div><\/section><section class=\"l-section wpb_row height_medium\"><div class=\"l-section-h i-cf\"><div class=\"g-cols vc_row via_flex valign_middle type_default stacking_default\"><div class=\"vc_col-sm-12 wpb_column vc_column_container\"><div class=\"vc_column-inner\"><div class=\"wpb_wrapper\"><div class=\"wpb_text_column\"><div class=\"wpb_wrapper\"><h1 style=\"text-align: center; font-size: 250%;\">Halbpension All inclusive<\/h1>\n<\/div><\/div><div class=\"ult-spacer spacer-6a06ec472b7e0\" data-id=\"6a06ec472b7e0\" data-height=\"40\" data-height-mobile=\"10\" data-height-tab=\"10\" data-height-tab-portrait=\"10\" data-height-mobile-landscape=\"10\" style=\"clear:both;display:block;\"><\/div><div class=\"wpb_text_column\"><div class=\"wpb_wrapper\"><p><strong>Halbpension All Inclusive<\/strong>, Obengenannte Preise verstehen sich pro Tag pro Person einschliesslich:<\/p>\n<ul>\n<li>\ud83c\udf7d\ufe0f <strong>Halbpension All inclusive<\/strong> (\u00dcbernachtung + Fr\u00fchst\u00fcck + Abendessen)<\/li>\n<li>\ud83c\udf72 <strong>Abendessen<\/strong> mit Men\u00fc nach Wahl und Buffet mit Vorspeisen, Obst und Gem\u00fcse<\/li>\n<li>\ud83e\udd64 <strong>Getr\u00e4nke, uneingeschr\u00e4nkt<\/strong>, zu den Mahlzeiten (Wasser, Wein, Bier, alkoholfreie Getr\u00e4nke)<\/li>\n<li>\ud83e\udd50 Reichhaltigem internationalen Fr\u00fchst\u00fcck bis 10.00<\/li>\n<li>\ud83c\udfd6\ufe0f <strong>1 Sonnenschirm + 2 Strandliegen<\/strong> pro Zimmer am neuen <em>Strand \u201eBela Burdela\u201c<\/em><\/li>\n<li>\ud83d\ude97 Parkplatz, \ud83c\udfca\u200d\u2642\ufe0f Schwimmbad<\/li>\n<li>\ud83d\udcfa TV im Zimmer, \ud83d\udd12 Schliessfach, \u2744\ufe0f Klimaanlage, \ud83d\udcf6 WI-FI<\/li>\n<li>\ud83d\udeab Ausschliesslich sind die Extras im Speisesaal und an der Bar<\/li>\n<li>\ud83c\udff7\ufe0f KURTAXE AUSSCHLIESSLICH (\u20ac 2,50 pro Person pro Tag f\u00fcr die ersten 7 Tage \u2013 Kinder bis 14 Jahre ausschliesslich).<\/li>\n<li>\ud83d\udcc5 Mindestaufenthalt von 4 N\u00e4chten<\/li>\n<\/ul>\n<\/div><\/div><div class=\"w-btn-wrapper align_center\"><a class=\"w-btn us-btn-style_1\" href=\"https:\/\/www.hoteldoge.net\/de\/anfrage\/\"><span class=\"w-btn-label\">Anfrage f\u00fcr Halbpension All Inclusive<\/span><\/a><\/div><div class=\"w-separator size_medium with_line width_50 thick_1 style_solid color_border align_center\"><div class=\"w-separator-h\"><\/div><\/div><div class=\"wpb_text_column\"><div class=\"wpb_wrapper\"><p><strong>Reservierung<\/strong><br \/>\nEine Reservierung gilt als best\u00e4tigt nach \u00dcberweisung einer Anzahlung von \u20ac 300,00, per Bank\u00fcberweisung auf folgendes: DOGE DI BILANCIONI ADRIANO E C SNC, Iban IT 91 Z 02008 24205 000000972292, Swift code UNCRITM1SV9.<\/p>\n<\/div><\/div><div class=\"w-separator size_medium\"><\/div><div class=\"wpb_text_column\"><div class=\"wpb_wrapper\"><p><strong>\ud83d\ude97 Parkplatz<\/strong><\/p>\n<ul>\n<li><strong>Aufenthalte bis zu 3 Tagen<\/strong>: Der Parkplatz kostet 10 Euro pro Tag, je nach Verf\u00fcgbarkeit.<\/li>\n<li><strong>Aufenthalte ab 4 Tagen<\/strong>: Der Parkplatz ist <span style=\"text-decoration: underline;\"><strong>INKLUSIVE<\/strong><\/span>.<\/li>\n<\/ul>\n<p>.<\/p>\n<\/div><\/div><\/div><\/div><\/div><div class=\"vc_col-sm-12 wpb_column vc_column_container\"><div class=\"vc_column-inner\"><div class=\"wpb_wrapper\"><div class=\"g-cols wpb_row via_flex valign_top type_default stacking_default\"><div class=\"vc_col-sm-8 wpb_column vc_column_container\"><div class=\"vc_column-inner\"><div class=\"wpb_wrapper\"><div class=\"w-actionbox color_primary controls_bottom\"><div class=\"w-actionbox-text\"><h2 class=\"w-actionbox-title\">Entdecken Sie die Kinderrabatte<\/h2><\/div><div class=\"w-actionbox-controls\"><a class=\"w-btn us-btn-style_1\" href=\"https:\/\/www.hoteldoge.net\/de\/ermaessigungen-kindern-gratis-rimini\/\"><span class=\"w-btn-label\">KINDERN GRATIS<\/span><\/a><\/div><\/div><\/div><\/div><\/div><div class=\"vc_col-sm-4 wpb_column vc_column_container\"><div class=\"vc_column-inner\"><div class=\"wpb_wrapper\"><div class=\"w-image style_shadow-1 has_ratio align_center\"><div class=\"w-image-h\"><div style=\"padding-bottom:75%\"><\/div><img decoding=\"async\" width=\"1024\" height=\"438\" src=\"https:\/\/www.hoteldoge.net\/wp-content\/uploads\/2019\/12\/bimbi-scontati-1024x438.jpg\" class=\"attachment-large size-large\" alt=\"\" loading=\"lazy\" \/><\/div><\/div><\/div><\/div><\/div><\/div><\/div><\/div><\/div><\/div><\/div><\/section>\n","protected":false},"excerpt":{"rendered":"Halbpension All inclusive Halbpension All Inclusive, Obengenannte Preise verstehen sich pro Tag pro Person einschliesslich: \ud83c\udf7d\ufe0f Halbpension All inclusive (\u00dcbernachtung + Fr\u00fchst\u00fcck + Abendessen) \ud83c\udf72 Abendessen mit Men\u00fc nach Wahl und Buffet mit Vorspeisen, Obst und Gem\u00fcse \ud83e\udd64 Getr\u00e4nke, uneingeschr\u00e4nkt, zu den Mahlzeiten (Wasser, Wein, Bier, alkoholfreie Getr\u00e4nke) \ud83e\udd50 Reichhaltigem internationalen Fr\u00fchst\u00fcck bis 10.00 \ud83c\udfd6\ufe0f...","protected":false},"author":1,"featured_media":0,"parent":0,"menu_order":0,"comment_status":"closed","ping_status":"closed","template":"","meta":{"footnotes":""},"class_list":["post-1868","page","type-page","status-publish","hentry"],"yoast_head":"<!-- This site is optimized with the Yoast SEO plugin v26.5 - https:\/\/yoast.com\/wordpress\/plugins\/seo\/ -->\n<title>Preisliste Hotel Rimini All inclusive<\/title>\n<meta name=\"description\" content=\"Preisliste Hotel Doge Torre Pedrera, All inclusive Hotel in Rimini: Vollpension, Getranke, Parkplatz, Schwimmbad, Sonnenschirm + 2 Liege und Strandtuch am Strand.\" \/>\n<meta name=\"robots\" content=\"index, follow, max-snippet:-1, max-image-preview:large, max-video-preview:-1\" \/>\n<link rel=\"canonical\" href=\"https:\/\/www.hoteldoge.net\/de\/preisliste-hotel-rimini-all-inclusive\/\" \/>\n<meta property=\"og:locale\" content=\"de_DE\" \/>\n<meta property=\"og:type\" content=\"article\" \/>\n<meta property=\"og:title\" content=\"Preisliste Hotel Rimini All inclusive\" \/>\n<meta property=\"og:description\" content=\"Preisliste Hotel Doge Torre Pedrera, All inclusive Hotel in Rimini: Vollpension, Getranke, Parkplatz, Schwimmbad, Sonnenschirm + 2 Liege und Strandtuch am Strand.\" \/>\n<meta property=\"og:url\" content=\"https:\/\/www.hoteldoge.net\/de\/preisliste-hotel-rimini-all-inclusive\/\" \/>\n<meta property=\"og:site_name\" content=\"Hotel Doge Torre Pedrera\" \/>\n<meta property=\"article:modified_time\" content=\"2024-10-23T09:49:41+00:00\" \/>\n<meta name=\"twitter:card\" content=\"summary_large_image\" \/>\n<meta name=\"twitter:label1\" content=\"Gesch\u00e4tzte Lesezeit\" \/>\n\t<meta name=\"twitter:data1\" content=\"2\u00a0Minuten\" \/>\n<script type=\"application\/ld+json\" class=\"yoast-schema-graph\">{\"@context\":\"https:\/\/schema.org\",\"@graph\":[{\"@type\":\"WebPage\",\"@id\":\"https:\/\/www.hoteldoge.net\/de\/preisliste-hotel-rimini-all-inclusive\/\",\"url\":\"https:\/\/www.hoteldoge.net\/de\/preisliste-hotel-rimini-all-inclusive\/\",\"name\":\"Preisliste Hotel Rimini All inclusive\",\"isPartOf\":{\"@id\":\"https:\/\/www.hoteldoge.net\/de\/#website\"},\"datePublished\":\"2020-02-16T11:45:26+00:00\",\"dateModified\":\"2024-10-23T09:49:41+00:00\",\"description\":\"Preisliste Hotel Doge Torre Pedrera, All inclusive Hotel in Rimini: Vollpension, Getranke, Parkplatz, Schwimmbad, Sonnenschirm + 2 Liege und Strandtuch am Strand.\",\"breadcrumb\":{\"@id\":\"https:\/\/www.hoteldoge.net\/de\/preisliste-hotel-rimini-all-inclusive\/#breadcrumb\"},\"inLanguage\":\"de\",\"potentialAction\":[{\"@type\":\"ReadAction\",\"target\":[\"https:\/\/www.hoteldoge.net\/de\/preisliste-hotel-rimini-all-inclusive\/\"]}]},{\"@type\":\"BreadcrumbList\",\"@id\":\"https:\/\/www.hoteldoge.net\/de\/preisliste-hotel-rimini-all-inclusive\/#breadcrumb\",\"itemListElement\":[{\"@type\":\"ListItem\",\"position\":1,\"name\":\"Home\",\"item\":\"https:\/\/www.hoteldoge.net\/it\/\"},{\"@type\":\"ListItem\",\"position\":2,\"name\":\"Preisliste Hotel Rimini All inclusive\"}]},{\"@type\":\"WebSite\",\"@id\":\"https:\/\/www.hoteldoge.net\/de\/#website\",\"url\":\"https:\/\/www.hoteldoge.net\/de\/\",\"name\":\"Hotel Doge Torre Pedrera\",\"description\":\"Hotel 3 stelle Torre Pedrera All inclusive con Piscina e Spiaggia\",\"potentialAction\":[{\"@type\":\"SearchAction\",\"target\":{\"@type\":\"EntryPoint\",\"urlTemplate\":\"https:\/\/www.hoteldoge.net\/de\/?s={search_term_string}\"},\"query-input\":{\"@type\":\"PropertyValueSpecification\",\"valueRequired\":true,\"valueName\":\"search_term_string\"}}],\"inLanguage\":\"de\"}]}<\/script>\n<!-- \/ Yoast SEO plugin. -->","yoast_head_json":{"title":"Preisliste Hotel Rimini All inclusive","description":"Preisliste Hotel Doge Torre Pedrera, All inclusive Hotel in Rimini: Vollpension, Getranke, Parkplatz, Schwimmbad, Sonnenschirm + 2 Liege und Strandtuch am Strand.","robots":{"index":"index","follow":"follow","max-snippet":"max-snippet:-1","max-image-preview":"max-image-preview:large","max-video-preview":"max-video-preview:-1"},"canonical":"https:\/\/www.hoteldoge.net\/de\/preisliste-hotel-rimini-all-inclusive\/","og_locale":"de_DE","og_type":"article","og_title":"Preisliste Hotel Rimini All inclusive","og_description":"Preisliste Hotel Doge Torre Pedrera, All inclusive Hotel in Rimini: Vollpension, Getranke, Parkplatz, Schwimmbad, Sonnenschirm + 2 Liege und Strandtuch am Strand.","og_url":"https:\/\/www.hoteldoge.net\/de\/preisliste-hotel-rimini-all-inclusive\/","og_site_name":"Hotel Doge Torre Pedrera","article_modified_time":"2024-10-23T09:49:41+00:00","twitter_card":"summary_large_image","twitter_misc":{"Gesch\u00e4tzte Lesezeit":"2\u00a0Minuten"},"schema":{"@context":"https:\/\/schema.org","@graph":[{"@type":"WebPage","@id":"https:\/\/www.hoteldoge.net\/de\/preisliste-hotel-rimini-all-inclusive\/","url":"https:\/\/www.hoteldoge.net\/de\/preisliste-hotel-rimini-all-inclusive\/","name":"Preisliste Hotel Rimini All inclusive","isPartOf":{"@id":"https:\/\/www.hoteldoge.net\/de\/#website"},"datePublished":"2020-02-16T11:45:26+00:00","dateModified":"2024-10-23T09:49:41+00:00","description":"Preisliste Hotel Doge Torre Pedrera, All inclusive Hotel in Rimini: Vollpension, Getranke, Parkplatz, Schwimmbad, Sonnenschirm + 2 Liege und Strandtuch am Strand.","breadcrumb":{"@id":"https:\/\/www.hoteldoge.net\/de\/preisliste-hotel-rimini-all-inclusive\/#breadcrumb"},"inLanguage":"de","potentialAction":[{"@type":"ReadAction","target":["https:\/\/www.hoteldoge.net\/de\/preisliste-hotel-rimini-all-inclusive\/"]}]},{"@type":"BreadcrumbList","@id":"https:\/\/www.hoteldoge.net\/de\/preisliste-hotel-rimini-all-inclusive\/#breadcrumb","itemListElement":[{"@type":"ListItem","position":1,"name":"Home","item":"https:\/\/www.hoteldoge.net\/it\/"},{"@type":"ListItem","position":2,"name":"Preisliste Hotel Rimini All inclusive"}]},{"@type":"WebSite","@id":"https:\/\/www.hoteldoge.net\/de\/#website","url":"https:\/\/www.hoteldoge.net\/de\/","name":"Hotel Doge Torre Pedrera","description":"Hotel 3 stelle Torre Pedrera All inclusive con Piscina e Spiaggia","potentialAction":[{"@type":"SearchAction","target":{"@type":"EntryPoint","urlTemplate":"https:\/\/www.hoteldoge.net\/de\/?s={search_term_string}"},"query-input":{"@type":"PropertyValueSpecification","valueRequired":true,"valueName":"search_term_string"}}],"inLanguage":"de"}]}},"_links":{"self":[{"href":"https:\/\/www.hoteldoge.net\/de\/wp-json\/wp\/v2\/pages\/1868","targetHints":{"allow":["GET"]}}],"collection":[{"href":"https:\/\/www.hoteldoge.net\/de\/wp-json\/wp\/v2\/pages"}],"about":[{"href":"https:\/\/www.hoteldoge.net\/de\/wp-json\/wp\/v2\/types\/page"}],"author":[{"embeddable":true,"href":"https:\/\/www.hoteldoge.net\/de\/wp-json\/wp\/v2\/users\/1"}],"replies":[{"embeddable":true,"href":"https:\/\/www.hoteldoge.net\/de\/wp-json\/wp\/v2\/comments?post=1868"}],"version-history":[{"count":34,"href":"https:\/\/www.hoteldoge.net\/de\/wp-json\/wp\/v2\/pages\/1868\/revisions"}],"predecessor-version":[{"id":4309,"href":"https:\/\/www.hoteldoge.net\/de\/wp-json\/wp\/v2\/pages\/1868\/revisions\/4309"}],"wp:attachment":[{"href":"https:\/\/www.hoteldoge.net\/de\/wp-json\/wp\/v2\/media?parent=1868"}],"curies":[{"name":"wp","href":"https:\/\/api.w.org\/{rel}","templated":true}]}}