{"id":1852,"date":"2020-02-16T12:13:52","date_gmt":"2020-02-16T11:13:52","guid":{"rendered":"https:\/\/www.hroyal.it\/?page_id=1852"},"modified":"2025-11-11T11:53:23","modified_gmt":"2025-11-11T10:53:23","slug":"zimmer-adriasea-meerblick","status":"publish","type":"page","link":"https:\/\/www.hoteldoge.net\/de\/zimmer-adriasea-meerblick\/","title":{"rendered":"Zimmer AdriaSea Hotel Rimini, Blick aufs Meer"},"content":{"rendered":"<section class=\"l-section wpb_row us_custom_33fe73d0 height_huge width_full\"><div class=\"l-section-h i-cf\"><div class=\"g-cols vc_row via_flex valign_top type_default stacking_default\"><div class=\"vc_col-sm-12 wpb_column vc_column_container\"><div class=\"vc_column-inner\"><div class=\"wpb_wrapper\">\n\t\t\t<!-- START cameraadriasea REVOLUTION SLIDER 6.7.37 --><p class=\"rs-p-wp-fix\"><\/p>\n\t\t\t<rs-module-wrap id=\"rev_slider_5_1_wrapper\" data-source=\"gallery\" style=\"visibility:hidden;background:transparent;padding:0;margin:0px auto;margin-top:0;margin-bottom:0;\">\n\t\t\t\t<rs-module id=\"rev_slider_5_1\" style=\"\" data-version=\"6.7.37\">\n\t\t\t\t\t<rs-slides style=\"overflow: hidden; position: absolute;\">\n\t\t\t\t\t\t<rs-slide style=\"position: absolute;\" data-key=\"rs-6\" data-title=\"Slide\" data-anim=\"ms:1000;r:0;\" data-in=\"o:0;\" data-out=\"a:false;\">\n\t\t\t\t\t\t\t<img decoding=\"async\" src=\"\/\/www.hoteldoge.net\/wp-content\/plugins\/revslider\/sr6\/assets\/assets\/dummy.png\" alt=\"\" title=\"camera-doge-vista-mare_DSC6992\" width=\"1920\" height=\"1197\" class=\"rev-slidebg tp-rs-img rs-lazyload\" data-lazyload=\"\/\/www.hoteldoge.net\/wp-content\/uploads\/2021\/07\/camera-doge-vista-mare_DSC6992.jpg\" data-bg=\"p:center bottom;\" data-no-retina>\n<!---->\t\t\t\t\t<\/rs-slide>\n\t\t\t\t\t\t<rs-slide style=\"position: absolute;\" data-key=\"rs-29\" data-title=\"Slide\" data-anim=\"ms:1000;r:0;\" data-in=\"o:0;\" data-out=\"a:false;\">\n\t\t\t\t\t\t\t<img decoding=\"async\" src=\"\/\/www.hoteldoge.net\/wp-content\/plugins\/revslider\/sr6\/assets\/assets\/dummy.png\" alt=\"\" title=\"camera-doge-vista-mare_DSC6961\" width=\"1920\" height=\"1280\" class=\"rev-slidebg tp-rs-img rs-lazyload\" data-lazyload=\"\/\/www.hoteldoge.net\/wp-content\/uploads\/2021\/07\/camera-doge-vista-mare_DSC6961-1.jpg\" data-bg=\"p:center bottom;\" data-no-retina>\n<!---->\t\t\t\t\t<\/rs-slide>\n\t\t\t\t\t\t<rs-slide style=\"position: absolute;\" data-key=\"rs-30\" data-title=\"Slide\" data-anim=\"ms:1000;r:0;\" data-in=\"o:0;\" data-out=\"a:false;\">\n\t\t\t\t\t\t\t<img decoding=\"async\" src=\"\/\/www.hoteldoge.net\/wp-content\/plugins\/revslider\/sr6\/assets\/assets\/dummy.png\" alt=\"\" title=\"camera-doge-vista-mare_DSC6975\" width=\"1920\" height=\"1124\" class=\"rev-slidebg tp-rs-img rs-lazyload\" data-lazyload=\"\/\/www.hoteldoge.net\/wp-content\/uploads\/2021\/07\/camera-doge-vista-mare_DSC6975.jpg\" data-bg=\"p:center bottom;\" data-no-retina>\n<!---->\t\t\t\t\t<\/rs-slide>\n\t\t\t\t\t<\/rs-slides>\n\t\t\t\t<\/rs-module>\n\t\t\t\t<script>\n\t\t\t\t\tsetREVStartSize({c: 'rev_slider_5_1',rl:[1240,1024,778,480],el:[900],gw:[1240],gh:[900],type:'standard',justify:'',layout:'fullwidth',mh:\"0\"});if (window.RS_MODULES!==undefined && window.RS_MODULES.modules!==undefined && window.RS_MODULES.modules[\"revslider51\"]!==undefined) {window.RS_MODULES.modules[\"revslider51\"].once = false;window.revapi5 = undefined;if (window.RS_MODULES.checkMinimal!==undefined) window.RS_MODULES.checkMinimal()}\n\t\t\t\t<\/script>\n\t\t\t<\/rs-module-wrap>\n\t\t\t<!-- END REVOLUTION SLIDER -->\n<\/div><\/div><\/div><\/div><\/div><\/section><section class=\"l-section wpb_row height_medium\"><div class=\"l-section-h i-cf\"><div class=\"g-cols vc_row via_flex valign_middle type_default stacking_default\"><div class=\"vc_col-sm-6 wpb_column vc_column_container\"><div class=\"vc_column-inner type_sticky\"><div class=\"wpb_wrapper\"><div class=\"wpb_text_column\"><div class=\"wpb_wrapper\"><h1 style=\"color: #004080; text-align: center;\">\ud83c\udf0a <strong>Zimmer AdriaSea<\/strong><\/h1>\n<\/div><\/div><div class=\"wpb_text_column\"><div class=\"wpb_wrapper\"><p>Spezielle und neue Zimmer mit <strong>spektakul\u00e4rem Panorama<\/strong>. Das Meer k\u00f6nnen Sie fast anfassen, das Brausen der Wellen h\u00f6ren und die Meeresbrise auf dem Gesicht sp\u00fcren.<\/p>\n<p>Der Traum von allen Urlaubern an der Riviera in Romagna ist das Aufwachen und der <strong>Blick auf das Meer von unserem Balkon<\/strong>. Wir haben ein St\u00fcck von diesem Traum in unserem Hotel wiedergestaltet, denn das Sch\u00f6ne an einem Urlaub am Meer ist am Meer zu sein.<\/p>\n<\/div><\/div><div class=\"w-btn-wrapper align_none\"><a class=\"w-btn us-btn-style_1\" href=\"https:\/\/www.hoteldoge.net\/de\/anfrage\/\"><span class=\"w-btn-label\">Anfrage Zimmer AdriaSea<\/span><\/a><\/div><div class=\"w-separator size_medium with_line width_30 thick_1 style_solid color_border align_center\"><div class=\"w-separator-h\"><\/div><\/div><div class=\"wpb_text_column\"><div class=\"wpb_wrapper\"><h3 style=\"color: #004080; text-align: center;\"><strong>\ud83c\udf0a Leistungen Zimmer Adriasea<\/strong><\/h3>\n<ul style=\"list-style: none; padding: 0; margin: 0; font-size: 1.1em; color: #333;\">\n<li>\ud83c\udf05 <strong>Gro\u00dfer Balkon mit Blick auf das Meer<\/strong><\/li>\n<li>\u2744\ufe0f Klimaanlage<\/li>\n<li>\ud83d\udebf Bad mit Dusche<\/li>\n<li>\ud83d\udc87 Haartrockner<\/li>\n<li>\u260e\ufe0f Telefon<\/li>\n<li>\ud83d\udd12 Tresor<\/li>\n<li>\ud83d\udcf6 Kostenloser Internetzugang <strong>WiFi<\/strong><\/li>\n<li>\ud83c\udf04 Panoramablick auf das Meer<\/li>\n<li>\ud83d\udcfa TV LCD 32\u2032<\/li>\n<li>\ud83e\udd42 <strong>Minibar<\/strong><\/li>\n<\/ul>\n<p><strong>\ud83d\udecf\ufe0f Zur Verf\u00fcgung stehen:<\/strong><\/p>\n<ul style=\"list-style: none; padding: 0; margin: 10px 0;\">\n<li>\ud83c\udfe9 Mini Suite<\/li>\n<li>\ud83d\udd17 Miteinander verbundene Zimmer<\/li>\n<\/ul>\n<\/div><\/div><\/div><\/div><\/div><div class=\"vc_col-sm-6 wpb_column vc_column_container\"><div class=\"vc_column-inner\"><div class=\"wpb_wrapper\"><div class=\"w-gallery fit_cover type_grid ratio_1x1 count_8\" style=\"--columns:2;--items-gap:5px;\"><div class=\"w-gallery-list\"><div class=\"w-gallery-item\"><div class=\"w-gallery-item-img\"><img loading=\"lazy\" decoding=\"async\" width=\"1024\" height=\"638\" src=\"https:\/\/www.hoteldoge.net\/wp-content\/uploads\/2021\/07\/camera-doge-vista-mare_DSC6992-1024x638.jpg\" class=\"attachment-large size-large\" alt=\"\" srcset=\"https:\/\/www.hoteldoge.net\/wp-content\/uploads\/2021\/07\/camera-doge-vista-mare_DSC6992-1024x638.jpg 1024w, https:\/\/www.hoteldoge.net\/wp-content\/uploads\/2021\/07\/camera-doge-vista-mare_DSC6992-300x187.jpg 300w, https:\/\/www.hoteldoge.net\/wp-content\/uploads\/2021\/07\/camera-doge-vista-mare_DSC6992-1536x958.jpg 1536w, https:\/\/www.hoteldoge.net\/wp-content\/uploads\/2021\/07\/camera-doge-vista-mare_DSC6992.jpg 1920w\" sizes=\"auto, (max-width: 1024px) 100vw, 1024px\" \/><\/div><\/div><div class=\"w-gallery-item\"><div class=\"w-gallery-item-img\"><img loading=\"lazy\" decoding=\"async\" width=\"681\" height=\"900\" src=\"https:\/\/www.hoteldoge.net\/wp-content\/uploads\/2019\/12\/camera-bagno-verticale.jpg\" class=\"attachment-large size-large\" alt=\"\" srcset=\"https:\/\/www.hoteldoge.net\/wp-content\/uploads\/2019\/12\/camera-bagno-verticale.jpg 681w, https:\/\/www.hoteldoge.net\/wp-content\/uploads\/2019\/12\/camera-bagno-verticale-227x300.jpg 227w\" sizes=\"auto, (max-width: 681px) 100vw, 681px\" \/><\/div><\/div><div class=\"w-gallery-item\"><div class=\"w-gallery-item-img\"><img loading=\"lazy\" decoding=\"async\" width=\"736\" height=\"900\" src=\"https:\/\/www.hoteldoge.net\/wp-content\/uploads\/2019\/12\/camera-particolare-verticale.jpg\" class=\"attachment-large size-large\" alt=\"\" srcset=\"https:\/\/www.hoteldoge.net\/wp-content\/uploads\/2019\/12\/camera-particolare-verticale.jpg 736w, https:\/\/www.hoteldoge.net\/wp-content\/uploads\/2019\/12\/camera-particolare-verticale-245x300.jpg 245w\" sizes=\"auto, (max-width: 736px) 100vw, 736px\" \/><\/div><\/div><div class=\"w-gallery-item\"><div class=\"w-gallery-item-img\"><img loading=\"lazy\" decoding=\"async\" width=\"900\" height=\"540\" src=\"https:\/\/www.hoteldoge.net\/wp-content\/uploads\/2019\/12\/cfm-2-1.jpg\" class=\"attachment-large size-large\" alt=\"\" srcset=\"https:\/\/www.hoteldoge.net\/wp-content\/uploads\/2019\/12\/cfm-2-1.jpg 900w, https:\/\/www.hoteldoge.net\/wp-content\/uploads\/2019\/12\/cfm-2-1-300x180.jpg 300w\" sizes=\"auto, (max-width: 900px) 100vw, 900px\" \/><\/div><\/div><div class=\"w-gallery-item\"><div class=\"w-gallery-item-img\"><img loading=\"lazy\" decoding=\"async\" width=\"900\" height=\"540\" src=\"https:\/\/www.hoteldoge.net\/wp-content\/uploads\/2019\/12\/cfm-1-1.jpg\" class=\"attachment-large size-large\" alt=\"\" srcset=\"https:\/\/www.hoteldoge.net\/wp-content\/uploads\/2019\/12\/cfm-1-1.jpg 900w, https:\/\/www.hoteldoge.net\/wp-content\/uploads\/2019\/12\/cfm-1-1-300x180.jpg 300w\" sizes=\"auto, (max-width: 900px) 100vw, 900px\" \/><\/div><\/div><div class=\"w-gallery-item\"><div class=\"w-gallery-item-img\"><img loading=\"lazy\" decoding=\"async\" width=\"900\" height=\"540\" src=\"https:\/\/www.hoteldoge.net\/wp-content\/uploads\/2019\/12\/cfm-4-1.jpg\" class=\"attachment-large size-large\" alt=\"\" srcset=\"https:\/\/www.hoteldoge.net\/wp-content\/uploads\/2019\/12\/cfm-4-1.jpg 900w, https:\/\/www.hoteldoge.net\/wp-content\/uploads\/2019\/12\/cfm-4-1-300x180.jpg 300w\" sizes=\"auto, (max-width: 900px) 100vw, 900px\" \/><\/div><\/div><div class=\"w-gallery-item\"><div class=\"w-gallery-item-img\"><img loading=\"lazy\" decoding=\"async\" width=\"900\" height=\"510\" src=\"https:\/\/www.hoteldoge.net\/wp-content\/uploads\/2019\/12\/fronte-mare110.jpg\" class=\"attachment-large size-large\" alt=\"\" srcset=\"https:\/\/www.hoteldoge.net\/wp-content\/uploads\/2019\/12\/fronte-mare110.jpg 900w, https:\/\/www.hoteldoge.net\/wp-content\/uploads\/2019\/12\/fronte-mare110-300x170.jpg 300w\" sizes=\"auto, (max-width: 900px) 100vw, 900px\" \/><\/div><\/div><div class=\"w-gallery-item\"><div class=\"w-gallery-item-img\"><img loading=\"lazy\" decoding=\"async\" width=\"900\" height=\"540\" src=\"https:\/\/www.hoteldoge.net\/wp-content\/uploads\/2019\/12\/cfm-3-1.jpg\" class=\"attachment-large size-large\" alt=\"\" srcset=\"https:\/\/www.hoteldoge.net\/wp-content\/uploads\/2019\/12\/cfm-3-1.jpg 900w, https:\/\/www.hoteldoge.net\/wp-content\/uploads\/2019\/12\/cfm-3-1-300x180.jpg 300w\" sizes=\"auto, (max-width: 900px) 100vw, 900px\" \/><\/div><\/div><\/div><\/div><\/div><\/div><\/div><\/div><\/div><\/section>\n","protected":false},"excerpt":{"rendered":"\ud83c\udf0a Zimmer AdriaSea Spezielle und neue Zimmer mit spektakul\u00e4rem Panorama. Das Meer k\u00f6nnen Sie fast anfassen, das Brausen der Wellen h\u00f6ren und die Meeresbrise auf dem Gesicht sp\u00fcren. Der Traum von allen Urlaubern an der Riviera in Romagna ist das Aufwachen und der Blick auf das Meer von unserem Balkon. Wir haben ein St\u00fcck von...","protected":false},"author":1,"featured_media":0,"parent":0,"menu_order":0,"comment_status":"closed","ping_status":"closed","template":"","meta":{"footnotes":""},"class_list":["post-1852","page","type-page","status-publish","hentry"],"yoast_head":"<!-- This site is optimized with the Yoast SEO plugin v26.5 - https:\/\/yoast.com\/wordpress\/plugins\/seo\/ -->\n<title>Zimmer AdriaSea Hotel Rimini, Blick aufs Meer<\/title>\n<meta name=\"description\" content=\"Zimmer AdriaSea, Hotel Doge Torre pedrera Rimini, Zimmer mit Ballon und Blick aufs Meer, TV Lcd 32\u2032, Minibar, Tresor, Haartrockner, Wifi. Mini Suite.\" \/>\n<meta name=\"robots\" content=\"index, follow, max-snippet:-1, max-image-preview:large, max-video-preview:-1\" \/>\n<link rel=\"canonical\" href=\"https:\/\/www.hoteldoge.net\/de\/zimmer-adriasea-meerblick\/\" \/>\n<meta property=\"og:locale\" content=\"de_DE\" \/>\n<meta property=\"og:type\" content=\"article\" \/>\n<meta property=\"og:title\" content=\"Zimmer AdriaSea Hotel Rimini, Blick aufs Meer\" \/>\n<meta property=\"og:description\" content=\"Zimmer AdriaSea, Hotel Doge Torre pedrera Rimini, Zimmer mit Ballon und Blick aufs Meer, TV Lcd 32\u2032, Minibar, Tresor, Haartrockner, Wifi. Mini Suite.\" \/>\n<meta property=\"og:url\" content=\"https:\/\/www.hoteldoge.net\/de\/zimmer-adriasea-meerblick\/\" \/>\n<meta property=\"og:site_name\" content=\"Hotel Doge Torre Pedrera\" \/>\n<meta property=\"article:modified_time\" content=\"2025-11-11T10:53:23+00:00\" \/>\n<meta name=\"twitter:card\" content=\"summary_large_image\" \/>\n<meta name=\"twitter:label1\" content=\"Gesch\u00e4tzte Lesezeit\" \/>\n\t<meta name=\"twitter:data1\" content=\"1\u00a0Minute\" \/>\n<script type=\"application\/ld+json\" class=\"yoast-schema-graph\">{\"@context\":\"https:\/\/schema.org\",\"@graph\":[{\"@type\":\"WebPage\",\"@id\":\"https:\/\/www.hoteldoge.net\/de\/zimmer-adriasea-meerblick\/\",\"url\":\"https:\/\/www.hoteldoge.net\/de\/zimmer-adriasea-meerblick\/\",\"name\":\"Zimmer AdriaSea Hotel Rimini, Blick aufs Meer\",\"isPartOf\":{\"@id\":\"https:\/\/www.hoteldoge.net\/de\/#website\"},\"datePublished\":\"2020-02-16T11:13:52+00:00\",\"dateModified\":\"2025-11-11T10:53:23+00:00\",\"description\":\"Zimmer AdriaSea, Hotel Doge Torre pedrera Rimini, Zimmer mit Ballon und Blick aufs Meer, TV Lcd 32\u2032, Minibar, Tresor, Haartrockner, Wifi. Mini Suite.\",\"breadcrumb\":{\"@id\":\"https:\/\/www.hoteldoge.net\/de\/zimmer-adriasea-meerblick\/#breadcrumb\"},\"inLanguage\":\"de\",\"potentialAction\":[{\"@type\":\"ReadAction\",\"target\":[\"https:\/\/www.hoteldoge.net\/de\/zimmer-adriasea-meerblick\/\"]}]},{\"@type\":\"BreadcrumbList\",\"@id\":\"https:\/\/www.hoteldoge.net\/de\/zimmer-adriasea-meerblick\/#breadcrumb\",\"itemListElement\":[{\"@type\":\"ListItem\",\"position\":1,\"name\":\"Home\",\"item\":\"https:\/\/www.hoteldoge.net\/it\/\"},{\"@type\":\"ListItem\",\"position\":2,\"name\":\"Zimmer AdriaSea Hotel Rimini, Blick aufs Meer\"}]},{\"@type\":\"WebSite\",\"@id\":\"https:\/\/www.hoteldoge.net\/de\/#website\",\"url\":\"https:\/\/www.hoteldoge.net\/de\/\",\"name\":\"Hotel Doge Torre Pedrera\",\"description\":\"Hotel 3 stelle Torre Pedrera All inclusive con Piscina e Spiaggia\",\"potentialAction\":[{\"@type\":\"SearchAction\",\"target\":{\"@type\":\"EntryPoint\",\"urlTemplate\":\"https:\/\/www.hoteldoge.net\/de\/?s={search_term_string}\"},\"query-input\":{\"@type\":\"PropertyValueSpecification\",\"valueRequired\":true,\"valueName\":\"search_term_string\"}}],\"inLanguage\":\"de\"}]}<\/script>\n<!-- \/ Yoast SEO plugin. -->","yoast_head_json":{"title":"Zimmer AdriaSea Hotel Rimini, Blick aufs Meer","description":"Zimmer AdriaSea, Hotel Doge Torre pedrera Rimini, Zimmer mit Ballon und Blick aufs Meer, TV Lcd 32\u2032, Minibar, Tresor, Haartrockner, Wifi. Mini Suite.","robots":{"index":"index","follow":"follow","max-snippet":"max-snippet:-1","max-image-preview":"max-image-preview:large","max-video-preview":"max-video-preview:-1"},"canonical":"https:\/\/www.hoteldoge.net\/de\/zimmer-adriasea-meerblick\/","og_locale":"de_DE","og_type":"article","og_title":"Zimmer AdriaSea Hotel Rimini, Blick aufs Meer","og_description":"Zimmer AdriaSea, Hotel Doge Torre pedrera Rimini, Zimmer mit Ballon und Blick aufs Meer, TV Lcd 32\u2032, Minibar, Tresor, Haartrockner, Wifi. Mini Suite.","og_url":"https:\/\/www.hoteldoge.net\/de\/zimmer-adriasea-meerblick\/","og_site_name":"Hotel Doge Torre Pedrera","article_modified_time":"2025-11-11T10:53:23+00:00","twitter_card":"summary_large_image","twitter_misc":{"Gesch\u00e4tzte Lesezeit":"1\u00a0Minute"},"schema":{"@context":"https:\/\/schema.org","@graph":[{"@type":"WebPage","@id":"https:\/\/www.hoteldoge.net\/de\/zimmer-adriasea-meerblick\/","url":"https:\/\/www.hoteldoge.net\/de\/zimmer-adriasea-meerblick\/","name":"Zimmer AdriaSea Hotel Rimini, Blick aufs Meer","isPartOf":{"@id":"https:\/\/www.hoteldoge.net\/de\/#website"},"datePublished":"2020-02-16T11:13:52+00:00","dateModified":"2025-11-11T10:53:23+00:00","description":"Zimmer AdriaSea, Hotel Doge Torre pedrera Rimini, Zimmer mit Ballon und Blick aufs Meer, TV Lcd 32\u2032, Minibar, Tresor, Haartrockner, Wifi. Mini Suite.","breadcrumb":{"@id":"https:\/\/www.hoteldoge.net\/de\/zimmer-adriasea-meerblick\/#breadcrumb"},"inLanguage":"de","potentialAction":[{"@type":"ReadAction","target":["https:\/\/www.hoteldoge.net\/de\/zimmer-adriasea-meerblick\/"]}]},{"@type":"BreadcrumbList","@id":"https:\/\/www.hoteldoge.net\/de\/zimmer-adriasea-meerblick\/#breadcrumb","itemListElement":[{"@type":"ListItem","position":1,"name":"Home","item":"https:\/\/www.hoteldoge.net\/it\/"},{"@type":"ListItem","position":2,"name":"Zimmer AdriaSea Hotel Rimini, Blick aufs Meer"}]},{"@type":"WebSite","@id":"https:\/\/www.hoteldoge.net\/de\/#website","url":"https:\/\/www.hoteldoge.net\/de\/","name":"Hotel Doge Torre Pedrera","description":"Hotel 3 stelle Torre Pedrera All inclusive con Piscina e Spiaggia","potentialAction":[{"@type":"SearchAction","target":{"@type":"EntryPoint","urlTemplate":"https:\/\/www.hoteldoge.net\/de\/?s={search_term_string}"},"query-input":{"@type":"PropertyValueSpecification","valueRequired":true,"valueName":"search_term_string"}}],"inLanguage":"de"}]}},"_links":{"self":[{"href":"https:\/\/www.hoteldoge.net\/de\/wp-json\/wp\/v2\/pages\/1852","targetHints":{"allow":["GET"]}}],"collection":[{"href":"https:\/\/www.hoteldoge.net\/de\/wp-json\/wp\/v2\/pages"}],"about":[{"href":"https:\/\/www.hoteldoge.net\/de\/wp-json\/wp\/v2\/types\/page"}],"author":[{"embeddable":true,"href":"https:\/\/www.hoteldoge.net\/de\/wp-json\/wp\/v2\/users\/1"}],"replies":[{"embeddable":true,"href":"https:\/\/www.hoteldoge.net\/de\/wp-json\/wp\/v2\/comments?post=1852"}],"version-history":[{"count":6,"href":"https:\/\/www.hoteldoge.net\/de\/wp-json\/wp\/v2\/pages\/1852\/revisions"}],"predecessor-version":[{"id":5249,"href":"https:\/\/www.hoteldoge.net\/de\/wp-json\/wp\/v2\/pages\/1852\/revisions\/5249"}],"wp:attachment":[{"href":"https:\/\/www.hoteldoge.net\/de\/wp-json\/wp\/v2\/media?parent=1852"}],"curies":[{"name":"wp","href":"https:\/\/api.w.org\/{rel}","templated":true}]}}