{"id":1841,"date":"2020-02-16T11:48:10","date_gmt":"2020-02-16T10:48:10","guid":{"rendered":"https:\/\/www.hroyal.it\/?page_id=1841"},"modified":"2025-12-10T16:35:56","modified_gmt":"2025-12-10T15:35:56","slug":"hotel-schwimmbad-torre-pedrera","status":"publish","type":"page","link":"https:\/\/www.hoteldoge.net\/de\/hotel-schwimmbad-torre-pedrera\/","title":{"rendered":"Hotel Torre Pedrera mit gro\u00dfem Schwimmbad"},"content":{"rendered":"<section class=\"l-section wpb_row us_custom_33fe73d0 height_huge width_full\"><div class=\"l-section-h i-cf\"><div class=\"g-cols vc_row via_flex valign_top type_default stacking_default\"><div class=\"vc_col-sm-12 wpb_column vc_column_container\"><div class=\"vc_column-inner\"><div class=\"wpb_wrapper\">\n\t\t\t<!-- START piscina REVOLUTION SLIDER 6.7.37 --><p class=\"rs-p-wp-fix\"><\/p>\n\t\t\t<rs-module-wrap id=\"rev_slider_3_1_wrapper\" data-source=\"gallery\" style=\"visibility:hidden;background:transparent;padding:0;margin:0px auto;margin-top:0;margin-bottom:0;\">\n\t\t\t\t<rs-module id=\"rev_slider_3_1\" style=\"\" data-version=\"6.7.37\">\n\t\t\t\t\t<rs-slides style=\"overflow: hidden; position: absolute;\">\n\t\t\t\t\t\t<rs-slide style=\"position: absolute;\" data-key=\"rs-4\" data-title=\"Slide\" data-anim=\"ms:1000;r:0;\" data-in=\"o:0;\" data-out=\"a:false;\">\n\t\t\t\t\t\t\t<img decoding=\"async\" src=\"\/\/www.hoteldoge.net\/wp-content\/plugins\/revslider\/sr6\/assets\/assets\/dummy.png\" alt=\"\" title=\"doge-pishina\" width=\"1500\" height=\"800\" class=\"rev-slidebg tp-rs-img rs-lazyload\" data-lazyload=\"\/\/www.hoteldoge.net\/wp-content\/uploads\/2019\/12\/doge-pishina.jpg\" data-bg=\"p:center bottom;\" data-no-retina>\n<!---->\t\t\t\t\t<\/rs-slide>\n\t\t\t\t\t<\/rs-slides>\n\t\t\t\t<\/rs-module>\n\t\t\t\t<script>\n\t\t\t\t\tsetREVStartSize({c: 'rev_slider_3_1',rl:[1240,1024,778,480],el:[900],gw:[1240],gh:[900],type:'hero',justify:'',layout:'fullwidth',mh:\"0\"});if (window.RS_MODULES!==undefined && window.RS_MODULES.modules!==undefined && window.RS_MODULES.modules[\"revslider31\"]!==undefined) {window.RS_MODULES.modules[\"revslider31\"].once = false;window.revapi3 = undefined;if (window.RS_MODULES.checkMinimal!==undefined) window.RS_MODULES.checkMinimal()}\n\t\t\t\t<\/script>\n\t\t\t<\/rs-module-wrap>\n\t\t\t<!-- END REVOLUTION SLIDER -->\n<\/div><\/div><\/div><\/div><\/div><\/section><section class=\"l-section wpb_row us_custom_a106749e height_medium\"><div class=\"l-section-h i-cf\"><div class=\"g-cols vc_row via_flex valign_top type_default stacking_default\"><div class=\"vc_col-sm-12 wpb_column vc_column_container\"><div class=\"vc_column-inner\"><div class=\"wpb_wrapper\"><div class=\"wpb_text_column\"><div class=\"wpb_wrapper\"><h1 style=\"text-align: center;\">\ud83c\udfca\u200d\u2640\ufe0f Unser Schwimmbad<\/h1>\n<\/div><\/div><\/div><\/div><\/div><\/div><\/div><\/section><section class=\"l-section wpb_row height_medium\"><div class=\"l-section-h i-cf\"><div class=\"g-cols vc_row via_flex valign_middle type_default stacking_default\"><div class=\"vc_col-sm-6 wpb_column vc_column_container\"><div class=\"vc_column-inner\"><div class=\"wpb_wrapper\"><div class=\"wpb_text_column\"><div class=\"wpb_wrapper\"><p>Das Schwimmbad ist eine sehr gute Alternative f\u00fcr diejenigen, die sich in der Sommerhitze erfrischen und gleichzeitig angenehm relaxen m\u00f6chten. Unser Hotel stellt seinen G\u00e4sten ein <strong>Privatschwimmbad<\/strong> zur Verf\u00fcgung. Hier k\u00f6nnen sich die G\u00e4ste von der Sonne br\u00e4unen lassen, im Freien baden und sich vergn\u00fcgen ohne jedoch einen Sprung ins Meer zu vergessen. Der Strand ist in wenigen Minuten erreichbar.<\/p>\n<p>Das Schwimmbad befindet sich hinter dem Hotel und ist vor dem Blick der \u00d6ffentlichkeit abgeschirmt und garantiert <strong>absolutes Privatleben<\/strong>. Das Schwimmbecken hat ein <strong>Ausma\u00df von 18 x 9 mt<\/strong> und verf\u00fcgt \u00fcber <strong>eine Hydromassage<\/strong>, <strong>Solarium mit Liegen<\/strong>, Sonnenschirme und Automaten f\u00fcr Getr\u00e4nke und Snacks.<\/p>\n<\/div><\/div><\/div><\/div><\/div><div class=\"vc_col-sm-6 wpb_column vc_column_container\"><div class=\"vc_column-inner\"><div class=\"wpb_wrapper\"><div class=\"w-image align_none\"><a ref=\"magnificPopup\" href=\"https:\/\/www.hoteldoge.net\/wp-content\/uploads\/2019\/12\/piscina-hotel-doge2.jpg\" aria-label=\"piscina-hotel-doge2\" class=\"w-image-h\"><img decoding=\"async\" width=\"900\" height=\"675\" src=\"https:\/\/www.hoteldoge.net\/wp-content\/uploads\/2019\/12\/piscina-hotel-doge2.jpg\" class=\"attachment-large size-large\" alt=\"\" loading=\"lazy\" srcset=\"https:\/\/www.hoteldoge.net\/wp-content\/uploads\/2019\/12\/piscina-hotel-doge2.jpg 900w, https:\/\/www.hoteldoge.net\/wp-content\/uploads\/2019\/12\/piscina-hotel-doge2-300x225.jpg 300w\" sizes=\"auto, (max-width: 900px) 100vw, 900px\" \/><\/a><\/div><\/div><\/div><\/div><\/div><\/div><\/section><!-- Row Backgrounds --><div class=\"upb_color\" data-bg-override=\"0\" data-bg-color=\"#e1d7cb\" data-fadeout=\"\" data-fadeout-percentage=\"30\" data-parallax-content=\"\" data-parallax-content-sense=\"30\" data-row-effect-mobile-disable=\"true\" data-img-parallax-mobile-disable=\"true\" data-rtl=\"false\"  data-custom-vc-row=\"\"  data-vc=\"8.6.1\"  data-is_old_vc=\"\"  data-theme-support=\"\"   data-overlay=\"false\" data-overlay-color=\"\" data-overlay-pattern=\"\" data-overlay-pattern-opacity=\"\" data-overlay-pattern-size=\"\"    ><\/div><section class=\"l-section wpb_row height_medium\"><div class=\"l-section-h i-cf\"><div class=\"g-cols vc_row via_flex valign_middle type_default stacking_default\"><div class=\"vc_col-sm-6 wpb_column vc_column_container\"><div class=\"vc_column-inner\"><div class=\"wpb_wrapper\"><div class=\"w-image align_none\"><a ref=\"magnificPopup\" href=\"https:\/\/www.hoteldoge.net\/wp-content\/uploads\/2019\/12\/piscina-hotel-doge3.jpg\" aria-label=\"piscina-hotel-doge3\" class=\"w-image-h\"><img decoding=\"async\" width=\"900\" height=\"675\" src=\"https:\/\/www.hoteldoge.net\/wp-content\/uploads\/2019\/12\/piscina-hotel-doge3.jpg\" class=\"attachment-large size-large\" alt=\"\" loading=\"lazy\" srcset=\"https:\/\/www.hoteldoge.net\/wp-content\/uploads\/2019\/12\/piscina-hotel-doge3.jpg 900w, https:\/\/www.hoteldoge.net\/wp-content\/uploads\/2019\/12\/piscina-hotel-doge3-300x225.jpg 300w\" sizes=\"auto, (max-width: 900px) 100vw, 900px\" \/><\/a><\/div><\/div><\/div><\/div><div class=\"vc_col-sm-6 wpb_column vc_column_container\"><div class=\"vc_column-inner\"><div class=\"wpb_wrapper\"><div class=\"wpb_text_column\"><div class=\"wpb_wrapper\"><ul>\n<li>\ud83c\udfca gross (18\u00d79 m) und verf\u00fcgt<\/li>\n<li>\ud83c\udf1e eine Hydromassage<\/li>\n<li>\ud83e\ude71 Solarium, Sonnenschirme und Liegen<\/li>\n<li>\ud83e\udd64 Automaten f\u00fcr Getr\u00e4nke und Snacks<\/li>\n<\/ul>\n<\/div><\/div><\/div><\/div><\/div><\/div><\/div><\/section><!-- Row Backgrounds --><div class=\"upb_color\" data-bg-override=\"0\" data-bg-color=\"#f5f5f5\" data-fadeout=\"\" data-fadeout-percentage=\"30\" data-parallax-content=\"\" data-parallax-content-sense=\"30\" data-row-effect-mobile-disable=\"true\" data-img-parallax-mobile-disable=\"true\" data-rtl=\"false\"  data-custom-vc-row=\"\"  data-vc=\"8.6.1\"  data-is_old_vc=\"\"  data-theme-support=\"\"   data-overlay=\"false\" data-overlay-color=\"\" data-overlay-pattern=\"\" data-overlay-pattern-opacity=\"\" data-overlay-pattern-size=\"\"    ><\/div>\n","protected":false},"excerpt":{"rendered":"\ud83c\udfca\u200d\u2640\ufe0f Unser Schwimmbad Das Schwimmbad ist eine sehr gute Alternative f\u00fcr diejenigen, die sich in der Sommerhitze erfrischen und gleichzeitig angenehm relaxen m\u00f6chten. Unser Hotel stellt seinen G\u00e4sten ein Privatschwimmbad zur Verf\u00fcgung. Hier k\u00f6nnen sich die G\u00e4ste von der Sonne br\u00e4unen lassen, im Freien baden und sich vergn\u00fcgen ohne jedoch einen Sprung ins Meer zu...","protected":false},"author":1,"featured_media":0,"parent":0,"menu_order":0,"comment_status":"closed","ping_status":"closed","template":"","meta":{"footnotes":""},"class_list":["post-1841","page","type-page","status-publish","hentry"],"yoast_head":"<!-- This site is optimized with the Yoast SEO plugin v26.5 - https:\/\/yoast.com\/wordpress\/plugins\/seo\/ -->\n<title>Hotel Torre Pedrera mit gro\u00dfem Schwimmbad<\/title>\n<meta name=\"description\" content=\"Hotel Torre Pedrera mit gro\u00dfem Schwimmbad. Das Schwimmbad ist gross (18\u00d79 m) und verf\u00fcgt \u00fcber eine Hydromassage, Solarium, Sonnenschirme und Liegen, Automaten f\u00fcr Getr\u00e4nke und Snacks.\" \/>\n<meta name=\"robots\" content=\"index, follow, max-snippet:-1, max-image-preview:large, max-video-preview:-1\" \/>\n<link rel=\"canonical\" href=\"https:\/\/www.hoteldoge.net\/de\/hotel-schwimmbad-torre-pedrera\/\" \/>\n<meta property=\"og:locale\" content=\"de_DE\" \/>\n<meta property=\"og:type\" content=\"article\" \/>\n<meta property=\"og:title\" content=\"Hotel Torre Pedrera mit gro\u00dfem Schwimmbad\" \/>\n<meta property=\"og:description\" content=\"Hotel Torre Pedrera mit gro\u00dfem Schwimmbad. Das Schwimmbad ist gross (18\u00d79 m) und verf\u00fcgt \u00fcber eine Hydromassage, Solarium, Sonnenschirme und Liegen, Automaten f\u00fcr Getr\u00e4nke und Snacks.\" \/>\n<meta property=\"og:url\" content=\"https:\/\/www.hoteldoge.net\/de\/hotel-schwimmbad-torre-pedrera\/\" \/>\n<meta property=\"og:site_name\" content=\"Hotel Doge Torre Pedrera\" \/>\n<meta property=\"article:modified_time\" content=\"2025-12-10T15:35:56+00:00\" \/>\n<meta name=\"twitter:card\" content=\"summary_large_image\" \/>\n<meta name=\"twitter:label1\" content=\"Gesch\u00e4tzte Lesezeit\" \/>\n\t<meta name=\"twitter:data1\" content=\"1\u00a0Minute\" \/>\n<script type=\"application\/ld+json\" class=\"yoast-schema-graph\">{\"@context\":\"https:\/\/schema.org\",\"@graph\":[{\"@type\":\"WebPage\",\"@id\":\"https:\/\/www.hoteldoge.net\/de\/hotel-schwimmbad-torre-pedrera\/\",\"url\":\"https:\/\/www.hoteldoge.net\/de\/hotel-schwimmbad-torre-pedrera\/\",\"name\":\"Hotel Torre Pedrera mit gro\u00dfem Schwimmbad\",\"isPartOf\":{\"@id\":\"https:\/\/www.hoteldoge.net\/de\/#website\"},\"datePublished\":\"2020-02-16T10:48:10+00:00\",\"dateModified\":\"2025-12-10T15:35:56+00:00\",\"description\":\"Hotel Torre Pedrera mit gro\u00dfem Schwimmbad. Das Schwimmbad ist gross (18\u00d79 m) und verf\u00fcgt \u00fcber eine Hydromassage, Solarium, Sonnenschirme und Liegen, Automaten f\u00fcr Getr\u00e4nke und Snacks.\",\"breadcrumb\":{\"@id\":\"https:\/\/www.hoteldoge.net\/de\/hotel-schwimmbad-torre-pedrera\/#breadcrumb\"},\"inLanguage\":\"de\",\"potentialAction\":[{\"@type\":\"ReadAction\",\"target\":[\"https:\/\/www.hoteldoge.net\/de\/hotel-schwimmbad-torre-pedrera\/\"]}]},{\"@type\":\"BreadcrumbList\",\"@id\":\"https:\/\/www.hoteldoge.net\/de\/hotel-schwimmbad-torre-pedrera\/#breadcrumb\",\"itemListElement\":[{\"@type\":\"ListItem\",\"position\":1,\"name\":\"Home\",\"item\":\"https:\/\/www.hoteldoge.net\/it\/\"},{\"@type\":\"ListItem\",\"position\":2,\"name\":\"Hotel Torre Pedrera mit gro\u00dfem Schwimmbad\"}]},{\"@type\":\"WebSite\",\"@id\":\"https:\/\/www.hoteldoge.net\/de\/#website\",\"url\":\"https:\/\/www.hoteldoge.net\/de\/\",\"name\":\"Hotel Doge Torre Pedrera\",\"description\":\"Hotel 3 stelle Torre Pedrera All inclusive con Piscina e Spiaggia\",\"potentialAction\":[{\"@type\":\"SearchAction\",\"target\":{\"@type\":\"EntryPoint\",\"urlTemplate\":\"https:\/\/www.hoteldoge.net\/de\/?s={search_term_string}\"},\"query-input\":{\"@type\":\"PropertyValueSpecification\",\"valueRequired\":true,\"valueName\":\"search_term_string\"}}],\"inLanguage\":\"de\"}]}<\/script>\n<!-- \/ Yoast SEO plugin. -->","yoast_head_json":{"title":"Hotel Torre Pedrera mit gro\u00dfem Schwimmbad","description":"Hotel Torre Pedrera mit gro\u00dfem Schwimmbad. Das Schwimmbad ist gross (18\u00d79 m) und verf\u00fcgt \u00fcber eine Hydromassage, Solarium, Sonnenschirme und Liegen, Automaten f\u00fcr Getr\u00e4nke und Snacks.","robots":{"index":"index","follow":"follow","max-snippet":"max-snippet:-1","max-image-preview":"max-image-preview:large","max-video-preview":"max-video-preview:-1"},"canonical":"https:\/\/www.hoteldoge.net\/de\/hotel-schwimmbad-torre-pedrera\/","og_locale":"de_DE","og_type":"article","og_title":"Hotel Torre Pedrera mit gro\u00dfem Schwimmbad","og_description":"Hotel Torre Pedrera mit gro\u00dfem Schwimmbad. Das Schwimmbad ist gross (18\u00d79 m) und verf\u00fcgt \u00fcber eine Hydromassage, Solarium, Sonnenschirme und Liegen, Automaten f\u00fcr Getr\u00e4nke und Snacks.","og_url":"https:\/\/www.hoteldoge.net\/de\/hotel-schwimmbad-torre-pedrera\/","og_site_name":"Hotel Doge Torre Pedrera","article_modified_time":"2025-12-10T15:35:56+00:00","twitter_card":"summary_large_image","twitter_misc":{"Gesch\u00e4tzte Lesezeit":"1\u00a0Minute"},"schema":{"@context":"https:\/\/schema.org","@graph":[{"@type":"WebPage","@id":"https:\/\/www.hoteldoge.net\/de\/hotel-schwimmbad-torre-pedrera\/","url":"https:\/\/www.hoteldoge.net\/de\/hotel-schwimmbad-torre-pedrera\/","name":"Hotel Torre Pedrera mit gro\u00dfem Schwimmbad","isPartOf":{"@id":"https:\/\/www.hoteldoge.net\/de\/#website"},"datePublished":"2020-02-16T10:48:10+00:00","dateModified":"2025-12-10T15:35:56+00:00","description":"Hotel Torre Pedrera mit gro\u00dfem Schwimmbad. Das Schwimmbad ist gross (18\u00d79 m) und verf\u00fcgt \u00fcber eine Hydromassage, Solarium, Sonnenschirme und Liegen, Automaten f\u00fcr Getr\u00e4nke und Snacks.","breadcrumb":{"@id":"https:\/\/www.hoteldoge.net\/de\/hotel-schwimmbad-torre-pedrera\/#breadcrumb"},"inLanguage":"de","potentialAction":[{"@type":"ReadAction","target":["https:\/\/www.hoteldoge.net\/de\/hotel-schwimmbad-torre-pedrera\/"]}]},{"@type":"BreadcrumbList","@id":"https:\/\/www.hoteldoge.net\/de\/hotel-schwimmbad-torre-pedrera\/#breadcrumb","itemListElement":[{"@type":"ListItem","position":1,"name":"Home","item":"https:\/\/www.hoteldoge.net\/it\/"},{"@type":"ListItem","position":2,"name":"Hotel Torre Pedrera mit gro\u00dfem Schwimmbad"}]},{"@type":"WebSite","@id":"https:\/\/www.hoteldoge.net\/de\/#website","url":"https:\/\/www.hoteldoge.net\/de\/","name":"Hotel Doge Torre Pedrera","description":"Hotel 3 stelle Torre Pedrera All inclusive con Piscina e Spiaggia","potentialAction":[{"@type":"SearchAction","target":{"@type":"EntryPoint","urlTemplate":"https:\/\/www.hoteldoge.net\/de\/?s={search_term_string}"},"query-input":{"@type":"PropertyValueSpecification","valueRequired":true,"valueName":"search_term_string"}}],"inLanguage":"de"}]}},"_links":{"self":[{"href":"https:\/\/www.hoteldoge.net\/de\/wp-json\/wp\/v2\/pages\/1841","targetHints":{"allow":["GET"]}}],"collection":[{"href":"https:\/\/www.hoteldoge.net\/de\/wp-json\/wp\/v2\/pages"}],"about":[{"href":"https:\/\/www.hoteldoge.net\/de\/wp-json\/wp\/v2\/types\/page"}],"author":[{"embeddable":true,"href":"https:\/\/www.hoteldoge.net\/de\/wp-json\/wp\/v2\/users\/1"}],"replies":[{"embeddable":true,"href":"https:\/\/www.hoteldoge.net\/de\/wp-json\/wp\/v2\/comments?post=1841"}],"version-history":[{"count":7,"href":"https:\/\/www.hoteldoge.net\/de\/wp-json\/wp\/v2\/pages\/1841\/revisions"}],"predecessor-version":[{"id":5256,"href":"https:\/\/www.hoteldoge.net\/de\/wp-json\/wp\/v2\/pages\/1841\/revisions\/5256"}],"wp:attachment":[{"href":"https:\/\/www.hoteldoge.net\/de\/wp-json\/wp\/v2\/media?parent=1841"}],"curies":[{"name":"wp","href":"https:\/\/api.w.org\/{rel}","templated":true}]}}